{"id":10652,"date":"1970-01-01T00:00:00","date_gmt":"1970-01-01T00:00:00","guid":{"rendered":"https:\/\/elfsight.com\/de\/?page_id=10652"},"modified":"2025-02-18T14:11:07","modified_gmt":"2025-02-18T14:11:07","slug":"elementor","status":"publish","type":"page","link":"https:\/\/elfsight.com\/de\/tripadvisor-reviews-widget\/elementor\/","title":{"rendered":"Tripadvisor Reviews &#8211; Elementor"},"content":{"rendered":"\n<div class=\"application-platform-content-item-description application-platform-content-item\" id=\"description\" data-nav-section=\"description\"> <h2>Einbetten von Tripadvisor-Bewertungen auf Elementor mit dem Elfsight-Widget<\/h2> <p>Wenn Sie Ihre hohe Bewertung zeigen und Website-Besucher davon \u00fcberzeugen m\u00f6chten Ihre Angebote sind es wert, daf\u00fcr Geld auszugeben. Elfsight Tripadvisor Reviews ist genau das, was Sie brauchen. Mit unserem Tool haben Sie die M\u00f6glichkeit, Nutzerbewertungen von Tripadvisor auf Ihrer Website mit Details zu ihren Autoren darzustellen; Sortieren Sie sie so, dass nur Positives angezeigt wird. F\u00fcgen Sie Bewertungen und eine aktive Schaltfl\u00e4che hinzu, die Benutzer zu Ihrem Tripadvisor-Konto f\u00fchrt, wo sie ihre Bewertung schreiben k\u00f6nnen.<\/p><\/div> <div class=\"application-platform-content-item-features application-platform-content-item\" id=\"features\" data-nav-section=\"features\"> <h2>Hauptfunktionen des Tripadvisor-Bewertungs-Widgets<\/h2> <p>Hier sehen Sie alle Funktionen des Plugins. Sie k\u00f6nnen sie direkt im Editor festlegen und helfen Ihnen dabei, das Widget genau f\u00fcr Ihren Anwendungsfall zu erstellen. <\/p> <ul> <li>Drei vordefinierte Filter: nach Typ, Ausschlie\u00dfen nach und Anzahl der anzuzeigenden Bewertungen; <\/li> <li>4 Arten von Layouts: Liste, Raster, Mauerwerk und Schieberegler; <\/li> <li>Umschaltbarer Header des Widgets; <\/li> <li>Die Schaltfl\u00e4che \u201eBewertungsanfrage\u201c f\u00fchrt Besucher zur Tripadvisor-Seite. <\/li> <li>6 flexible Elemente des Widgets: Name des Autors und Fotos, Empfehlung, Datum der Freigabe, Tripadvisor-Symbol und Sternebewertung; <\/li> <li>Zwei m\u00f6gliche Szenarien nach der Ablehnung einer \u00dcberpr\u00fcfungsanfrage: Offenlegen einer benutzerdefinierten Nachricht oder Ausblenden der Schaltfl\u00e4che. <\/li> <\/ul><p><a href=\"#demo\">Probieren Sie alle anderen Funktionen in der Demo aus<\/a><\/p> <\/div> <div class=\"application-platform-content-item-installation application-platform-content-item\" id=\"installation\" data-nav-section=\"installation\"> <h2> Wie bette ich Tripadvisor-Bewertungen auf meiner Elementor-Website ein? <\/h2> <div class=\"video-container\"><iframe width=\"560\" height=\"315\" src=\"https:\/\/www.youtube.com\/embed\/A-LSqGE2aOM?si=Ylo1mxvZDeqlEv63\" frameborder=\"0\" allow=\"accelerometer; autoplay; clipboard-write; encrypted-media; gyroscope; picture-in-picture; web-share\" allowfullscreen><\/iframe><\/div><p>Um Bewertungen einzubetten, f\u00fchren Sie ein paar schnelle Schritte aus.<\/p> <ol><li><b>Generieren Sie Ihr ma\u00dfgeschneidertes Tripadvisor-Plugin<\/b><br> Erhalten Sie mit unserer kostenlosen Demo ein Plugin mit ausgew\u00e4hltem Aufbau und Funktionsumfang. <\/li><li><b>Besorgen Sie sich den pers\u00f6nlichen Code, um das Plugin hinzuzuf\u00fcgen<\/b><br> Nachdem Sie Ihr Widget konfiguriert haben, erhalten Sie den Installationscode aus dem erscheinenden Fenster von Elfsight Apps. Kopieren Sie den Code. <\/li> <li><b> F\u00fcgen Sie das Plugin in Ihre Elementor-Website ein<\/b><br> W\u00e4hlen Sie die Stelle auf der Seite aus, an der Sie das Plugin einbetten m\u00f6chten, und f\u00fcgen Sie dort den kopierten Code hinzu. Ver\u00f6ffentlichen Sie die \u00c4nderungen. <\/li> <li><b>Die Einbettung ist erfolgreich! <\/b><br> Gehen Sie zu Ihrer Webseite, um Ihr Plugin zu \u00fcberpr\u00fcfen. <\/li> <\/ol><p>Wenn Sie Rat ben\u00f6tigen oder Fragen haben, k\u00f6nnen Sie sich gerne an unseren Kundenservice wenden. Wir helfen Ihnen bei jeder Anfrage weiter.<\/p> <div class=\"faq\" data-component=\"FAQ\"> <div class=\"faq-item\">\r\n\t\t\t\t\t<div class=\"faq-item-question\">\r\n\t\t\t\t\t\t<h3 class=\"faq-item-question-text\">Wie kann ich ohne Programmierkenntnisse Bewertungen f\u00fcr Tripadvisor zu meiner Elementor-Website hinzuf\u00fcgen?<\/h3>\r\n\r\n\t\t\t\t\t\t<div class=\"faq-item-question-icon\"><\/div>\r\n\t\t\t\t\t<\/div>\r\n\r\n\t\t\t\t\t<div class=\"faq-item-answer\">\r\n\t\t\t\t\t\t<div class=\"faq-item-answer-text\"> <p>Elfsight bietet eine SaaS-L\u00f6sung, mit der Sie Erstellen Sie selbst ein Widget \u201eBewertungen f\u00fcr Tripadvisor\u201c und sehen Sie, wie einfach der Vorgang ist: Arbeiten Sie direkt im Online-Editor, um ein Widget \u201eBewertungen f\u00fcr Tripadvisor\u201c zu erstellen, das Sie gerne auf Ihrer Elementor-Website sehen w\u00fcrden. W\u00e4hlen Sie eine der vorgefertigten Vorlagen aus und passen Sie die Bewertungen f\u00fcr Tripadvisor-Einstellungen an, f\u00fcgen Sie Ihre Inhalte hinzu, \u00e4ndern Sie das Layout und die Farben ohne Programmierkenntnisse. Speichern Sie die Bewertungen f\u00fcr Tripadvisor und kopieren Sie den Installationscode, den Sie m\u00fchelos in Ihre Elementor-Website integrieren k\u00f6nnen, ohne eine kostenpflichtige Version kaufen zu m\u00fcssen. Mit unserem intuitiven Editor kann jeder Internetnutzer online Bewertungen f\u00fcr das Tripadvisor-Widget erstellen und es einfach in seine Elementor-Website einbetten. Sie m\u00fcssen weder bezahlen noch Ihre Kartendaten eingeben, um auf den Service zuzugreifen. Sollten bei irgendeinem Schritt Probleme auftreten, wenden Sie sich bitte an unser technisches Support-Team.<\/p> <\/div>\r\n\t\t\t\t\t<\/div>\r\n\t\t\t\t<\/div> <\/div> <\/div>\n","protected":false},"excerpt":{"rendered":"","protected":false},"author":9,"featured_media":0,"parent":1492,"menu_order":0,"comment_status":"closed","ping_status":"closed","template":"templates\/template-application-platform.php","meta":{"publish_to_discourse":"","publish_post_category":"","wpdc_auto_publish_overridden":"","wpdc_topic_tags":"","wpdc_pin_topic":"","wpdc_pin_until":"","discourse_post_id":"","discourse_permalink":"","wpdc_publishing_response":"","wpdc_publishing_error":"","footnotes":""},"class_list":["post-10652","page","type-page","status-publish","hentry"],"yoast_head":"<!-- This site is optimized with the Yoast SEO plugin v25.3.1 - https:\/\/yoast.com\/wordpress\/plugins\/seo\/ -->\n<title>Einbetten des Tripadvisor-Bewertungs-Widgets auf Ihrer Elementor-Website (2026)<\/title>\n<meta name=\"description\" content=\"Erstellen Sie mit Elfsight Ihr Tripadvisor-Bewertungs-Widget und f\u00fcgen Sie es auf der Elementor-Website ein. Wir bieten kostenlosen Kundenservice und andere Boni.\" \/>\n<meta name=\"robots\" content=\"index, follow, max-snippet:-1, max-image-preview:large, max-video-preview:-1\" \/>\n<link rel=\"canonical\" href=\"https:\/\/elfsight.com\/de\/tripadvisor-reviews-widget\/elementor\/\" \/>\n<meta property=\"og:locale\" content=\"de_DE\" \/>\n<meta property=\"og:type\" content=\"article\" \/>\n<meta property=\"og:title\" content=\"Einbetten des Tripadvisor-Bewertungs-Widgets auf Ihrer Elementor-Website (2026)\" \/>\n<meta property=\"og:description\" content=\"Erstellen Sie mit Elfsight Ihr Tripadvisor-Bewertungs-Widget und f\u00fcgen Sie es auf der Elementor-Website ein. Wir bieten kostenlosen Kundenservice und andere Boni.\" \/>\n<meta property=\"og:url\" content=\"https:\/\/elfsight.com\/de\/tripadvisor-reviews-widget\/elementor\/\" \/>\n<meta property=\"og:site_name\" content=\"Elfsight DE\" \/>\n<meta property=\"article:modified_time\" content=\"2025-02-18T14:11:07+00:00\" \/>\n<meta name=\"twitter:card\" content=\"summary_large_image\" \/>\n<meta name=\"twitter:label1\" content=\"Gesch\u00e4tzte Lesezeit\" \/>\n\t<meta name=\"twitter:data1\" content=\"3\u00a0Minuten\" \/>\n<!-- \/ Yoast SEO plugin. -->","yoast_head_json":{"title":"Einbetten des Tripadvisor-Bewertungs-Widgets auf Ihrer Elementor-Website (2026)","description":"Erstellen Sie mit Elfsight Ihr Tripadvisor-Bewertungs-Widget und f\u00fcgen Sie es auf der Elementor-Website ein. Wir bieten kostenlosen Kundenservice und andere Boni.","robots":{"index":"index","follow":"follow","max-snippet":"max-snippet:-1","max-image-preview":"max-image-preview:large","max-video-preview":"max-video-preview:-1"},"canonical":"https:\/\/elfsight.com\/de\/tripadvisor-reviews-widget\/elementor\/","og_locale":"de_DE","og_type":"article","og_title":"Einbetten des Tripadvisor-Bewertungs-Widgets auf Ihrer Elementor-Website (2026)","og_description":"Erstellen Sie mit Elfsight Ihr Tripadvisor-Bewertungs-Widget und f\u00fcgen Sie es auf der Elementor-Website ein. Wir bieten kostenlosen Kundenservice und andere Boni.","og_url":"https:\/\/elfsight.com\/de\/tripadvisor-reviews-widget\/elementor\/","og_site_name":"Elfsight DE","article_modified_time":"2025-02-18T14:11:07+00:00","twitter_card":"summary_large_image","twitter_misc":{"Gesch\u00e4tzte Lesezeit":"3\u00a0Minuten"},"schema":{"@context":"https:\/\/schema.org","@graph":[{"@type":"WebPage","@id":"https:\/\/elfsight.com\/de\/tripadvisor-reviews-widget\/elementor\/","url":"https:\/\/elfsight.com\/de\/tripadvisor-reviews-widget\/elementor\/","name":"Einbetten des Tripadvisor-Bewertungs-Widgets auf Ihrer Elementor-Website (2026)","isPartOf":{"@id":"https:\/\/elfsight.com\/de\/#website"},"datePublished":"1970-01-01T00:00:00+00:00","dateModified":"2025-02-18T14:11:07+00:00","description":"Erstellen Sie mit Elfsight Ihr Tripadvisor-Bewertungs-Widget und f\u00fcgen Sie es auf der Elementor-Website ein. Wir bieten kostenlosen Kundenservice und andere Boni.","breadcrumb":{"@id":"https:\/\/elfsight.com\/de\/tripadvisor-reviews-widget\/elementor\/#breadcrumb"},"inLanguage":"de","potentialAction":[{"@type":"ReadAction","target":["https:\/\/elfsight.com\/de\/tripadvisor-reviews-widget\/elementor\/"]}]},{"@type":"BreadcrumbList","@id":"https:\/\/elfsight.com\/de\/tripadvisor-reviews-widget\/elementor\/#breadcrumb","itemListElement":[{"@type":"ListItem","position":1,"name":"Home","item":"https:\/\/elfsight.com\/de\/"},{"@type":"ListItem","position":2,"name":"Tripadvisor Reviews","item":"https:\/\/elfsight.com\/de\/tripadvisor-reviews-widget\/"},{"@type":"ListItem","position":3,"name":"Tripadvisor Reviews &#8211; Elementor"}]},{"@type":"WebSite","@id":"https:\/\/elfsight.com\/de\/#website","url":"https:\/\/elfsight.com\/de\/","name":"Elfsight DE","description":"Just another Elfsight Sites site","potentialAction":[{"@type":"SearchAction","target":{"@type":"EntryPoint","urlTemplate":"https:\/\/elfsight.com\/de\/?s={search_term_string}"},"query-input":{"@type":"PropertyValueSpecification","valueRequired":true,"valueName":"search_term_string"}}],"inLanguage":"de"}]}},"meta_box":{"industry":"","seo_heading":"","heading":"","description":"","cta_heading":"","cta_description":"","application":"482","h1":"Elementor TridAdvisor-Bewertungen","h1_caption":"F\u00fcgen Sie die Bewertungen Ihrer perfekten Benutzer von Tripadvisor auf Ihrer Website hinzu","application_category":[],"applications_title":"","applications_request_title":"","applications_request_button_text":"","hero_text":"","hero_video":"","hero_video_schema_markup":"","selling_points_title":"","selling_points_caption":"","selling_points":[],"selling_points_cta_text":"","features_title":"","features":"","ed_cta_examples_text":"","ed_cta_examples_hidden":"","ed_cta_demo_text":"","ed_cta_demo_hidden":"","why_caption":"","why_editor_title":"","why_editor_text":"","why_team_title":"","why_team_text":"","why_service_title":"","why_service_text":"","template_catalog_visible":"0","template_catalog_title":"","template_catalog_text":"","template_catalog_categories_visible":"","demo_title":"Erstellen Sie Ihr Tripadvisor-Bewertungs-Widget","demo_caption":"Konfigurieren Sie Ihre Tripadvisor-Bewertungen und f\u00fcgen Sie sie kostenlos zu Ihrer Elementor-Website hinzu!","default_faq_hidden":"","app_template_category":[],"platform":"223","template_public_id":"","codecanyon_url":"","codecanyon_item_id":"","codecanyon_price":"","pricing_caption":"","pricing_elfsight_apps_hide_column":"","pricing_elfsight_apps_url":"","pricing_codecanyon_price_caption":"","integration_category":[],"integration_request_title":"","integration_request_cta":"","integration_platform":"","integrations":[],"platform_category":[],"video_schema_markup":"","price":"ab 0 $ \/ Monat","trial":"","benefits":[{"text":"Kostenlose Installationsunterst\u00fctzung"},{"text":"Effektiver Kundenservice"},{"text":"14-t\u00e4gige Geld-zur\u00fcck-Garantie"},{"text":"Kontinuierliche kostenlose Updates"}],"button_url":"#demo","button_target_blank":"0","button_nofollow":"0","attributes":[{"name":"Installiert","content":"10,000 - 100,000"},{"name":"Reaktionsfreudig","content":"Ja"},{"name":"Kompatible Browser","content":"Firefox, Safari, Opera, Chrome, Edge"}],"tags":[],"tags_disable_links":"0","hide_more_platforms":"0","video_object":"","demo_hide_cta":"0","demo_hide_cloud_options":"0","pricing_title":"","pricing":[{"pricing_icon":"platform","pricing_title":"Elfsight Apps","pricing_title_caption":"Plattformunabh\u00e4ngige Version, die f\u00fcr jede Website geeignet ist","pricing_price":"ab 0 $ \/ Monat","pricing_price_caption":"Beginnen Sie mit einem kostenlosen Plan","pricing_benefits":[{"text":"Unbegrenzte Domains"},{"text":"Professioneller Kundensupport"},{"text":"Kostenloser Installationssupport"},{"text":"Preis f\u00fcr mehrere Apps"}],"pricing_button_text":"Zur Website hinzuf\u00fcgen","pricing_button_url":"#demo"}],"related_apps_title":"","related_apps_hidden":"0","author":"","image":[],"title":"","job":"","social_networks":[]},"_links":{"self":[{"href":"https:\/\/elfsight.com\/de\/wp-json\/wp\/v2\/pages\/10652","targetHints":{"allow":["GET"]}}],"collection":[{"href":"https:\/\/elfsight.com\/de\/wp-json\/wp\/v2\/pages"}],"about":[{"href":"https:\/\/elfsight.com\/de\/wp-json\/wp\/v2\/types\/page"}],"author":[{"embeddable":true,"href":"https:\/\/elfsight.com\/de\/wp-json\/wp\/v2\/users\/9"}],"replies":[{"embeddable":true,"href":"https:\/\/elfsight.com\/de\/wp-json\/wp\/v2\/comments?post=10652"}],"version-history":[{"count":3,"href":"https:\/\/elfsight.com\/de\/wp-json\/wp\/v2\/pages\/10652\/revisions"}],"predecessor-version":[{"id":24347,"href":"https:\/\/elfsight.com\/de\/wp-json\/wp\/v2\/pages\/10652\/revisions\/24347"}],"up":[{"embeddable":true,"href":"https:\/\/elfsight.com\/de\/wp-json\/wp\/v2\/pages\/1492"}],"wp:attachment":[{"href":"https:\/\/elfsight.com\/de\/wp-json\/wp\/v2\/media?parent=10652"}],"curies":[{"name":"wp","href":"https:\/\/api.w.org\/{rel}","templated":true}]}}