{"id":10651,"date":"1970-01-01T00:00:00","date_gmt":"1970-01-01T00:00:00","guid":{"rendered":"https:\/\/elfsight.com\/de\/?page_id=10651"},"modified":"2025-07-10T08:41:13","modified_gmt":"2025-07-10T08:41:13","slug":"iframe","status":"publish","type":"page","link":"https:\/\/elfsight.com\/de\/tripadvisor-reviews-widget\/iframe\/","title":{"rendered":"Tripadvisor Reviews &#8211; iFrame"},"content":{"rendered":"<div class=\"application-platform-content-item-description application-platform-content-item\" id=\"description\" data-nav-section=\"description\"><h2>Einbetten von Tripadvisor-Bewertungen auf iFrame mit dem Elfsight-Widget<\/h2><p>Wenn Sie Ihre hohe Kundenbewertung zeigen und die Website \u00fcberzeugen m\u00f6chten Wenn Sie Ihren Besuchern zeigen, dass Ihre Angebote einen Kauf wert sind, passen die Tripadvisor-Bewertungen von Elfsight perfekt zu Ihnen. Mit unserem Plugin k\u00f6nnen Sie Kundenbewertungen von Tripadvisor ganz einfach auf Ihrer Website mit Informationen zu ihren Autoren darstellen, sie so sortieren, dass nur die besten angezeigt werden, Bewertungen hinzuf\u00fcgen und eine aktive Schaltfl\u00e4che hinzuf\u00fcgen, die Benutzer zu Ihrem Tripadvisor-Konto f\u00fchrt, damit sie dies tun k\u00f6nnen hinterlassen Sie eine neue Bewertung. <\/p> <p><b>Beginnen Sie jetzt damit, die besten Erfahrungsberichte von Tripadvisor zu zeigen und st\u00e4rken Sie das Vertrauen!<\/b><\/p> <\/div><div class=\"application-platform-content-item-features application-platform-content-item\" id=\"features\" data-nav-section=\"features\"><h2>Hauptfunktionen von Tripadvisor-Bewertungs-Widget<\/h2><p>Sehen Sie sich an, was unsere Widgets leisten k\u00f6nnen. Hier ist eine Liste der wichtigsten Funktionen: <\/p> <ul> <li>4 vordefinierte Layouts: Liste, Raster, Mauerwerk und Schieberegler; <\/li> <li>Mit der Schaltfl\u00e4che \u201eBewertungsanfrage\u201c gelangen Besucher auf Ihre Tripadvisor-Seite. <\/li> <li>6 anpassbare Elemente der Benutzeroberfl\u00e4che: Name und Bild des Autors, Empfehlung, Datum, Tripadvisor-Symbol und Sternebewertung; <\/li> <\/ul><p><a href=\"#demo\">Probieren Sie diese und weitere Funktionen in der Demo aus<\/a><\/p><\/div><div class=\"application-platform-content-item-installation application-platform-content-item\" id=\"installation\" data-nav-section=\"installation\"><h2>So f\u00fcgen Sie das Tripadvisor-Bewertungs-Plugin zur iFrame-Website hinzu<\/h2><p>Es ist ganz einfach, das Widget auf Ihrer Website einzurichten und auszuf\u00fchren. F\u00fchren Sie einfach die folgenden Schritte aus:. <\/p> <ol><li><b>Erstellen Sie Ihr ma\u00dfgeschneidertes Tripadvisor-Plugin<\/b><br> Erstellen Sie mit Hilfe unseres kostenlosen Konfigurators ein Plugin mit ausgew\u00e4hltem Aussehen und Funktionen. <\/li><li><b>Holen Sie sich den pers\u00f6nlichen Code zum Einbetten des Plugins<\/b><br> Nachdem Sie Ihr Plugin eingerichtet haben, erhalten Sie den Setup-Code aus der angezeigten Benachrichtigung auf Elfsight Apps. Kopieren Sie den Code. <\/li> <li><b>Integrieren Sie das Plugin in Ihre iFrame-Website<\/b><br> Definieren Sie die Stelle, an der Sie das Plugin integrieren m\u00f6chten, und f\u00fcgen Sie den kopierten Code dort ein. Speichern Sie die \u00c4nderungen. <\/li> <li><b>Sie haben die Einrichtung erfolgreich durchgef\u00fchrt<\/b><br> Gehen Sie zur Website, um Ihre Bewertungen zu \u00fcberpr\u00fcfen.<\/li> <\/ol><p>Wenn Sie Fragen zu Elfsight Tripadvisor haben Wenn Sie Bewertungen haben oder m\u00f6chten, dass wir Ihnen helfen, z\u00f6gern Sie nicht, uns zu schreiben. Unser Kundensupport ist f\u00fcr Sie da! <\/p><div class=\"faq\" data-component=\"FAQ\"> <div class=\"faq-item\">\r\n\t\t\t\t\t<div class=\"faq-item-question\">\r\n\t\t\t\t\t\t<h3 class=\"faq-item-question-text\">Wie kann ich ohne Programmierkenntnisse Bewertungen f\u00fcr Tripadvisor zu meiner iFrame-Website hinzuf\u00fcgen?<\/h3>\r\n\r\n\t\t\t\t\t\t<div class=\"faq-item-question-icon\"><\/div>\r\n\t\t\t\t\t<\/div>\r\n\r\n\t\t\t\t\t<div class=\"faq-item-answer\">\r\n\t\t\t\t\t\t<div class=\"faq-item-answer-text\"> <p>Elfsight bietet eine SaaS-L\u00f6sung, mit der Sie selbst ein Widget f\u00fcr Bewertungen f\u00fcr Tripadvisor erstellen k\u00f6nnen. Sehen Sie, wie das geht Der Vorgang ist ganz einfach: Erstellen Sie direkt im Online-Editor ein Widget \u201eBewertungen f\u00fcr Tripadvisor\u201c, das Sie auf Ihrer iFrame-Website sehen m\u00f6chten. W\u00e4hlen Sie eine der vorgefertigten Vorlagen aus und passen Sie die Bewertungen f\u00fcr Tripadvisor-Einstellungen an, f\u00fcgen Sie Ihre Inhalte hinzu, \u00e4ndern Sie das Layout und die Farben ohne Programmierkenntnisse. Speichern Sie die Bewertungen f\u00fcr Tripadvisor und kopieren Sie den Installationscode, den Sie problemlos in Ihre iFrame-Website einf\u00fcgen k\u00f6nnen, ohne ein kostenpflichtiges Abonnement zu kaufen. Mit unserem intuitiven Editor kann jeder Internetnutzer online Bewertungen f\u00fcr das Tripadvisor-Widget erstellen und es einfach in seine iFrame-Website einbetten. Sie m\u00fcssen weder bezahlen noch Ihre Kartendaten eingeben, um auf den Service zuzugreifen. Sollten bei irgendeinem Schritt Probleme auftreten, wenden Sie sich bitte an unser technisches Support-Team.<\/p> <\/div>\r\n\t\t\t\t\t<\/div>\r\n\t\t\t\t<\/div> <\/div> <\/div>","protected":false},"excerpt":{"rendered":"","protected":false},"author":9,"featured_media":0,"parent":1492,"menu_order":0,"comment_status":"closed","ping_status":"closed","template":"templates\/template-application-platform.php","meta":{"publish_to_discourse":"","publish_post_category":"","wpdc_auto_publish_overridden":"","wpdc_topic_tags":"","wpdc_pin_topic":"","wpdc_pin_until":"","discourse_post_id":"","discourse_permalink":"","wpdc_publishing_response":"","wpdc_publishing_error":"","footnotes":""},"class_list":["post-10651","page","type-page","status-publish","hentry"],"yoast_head":"<!-- This site is optimized with the Yoast SEO plugin v25.3.1 - https:\/\/yoast.com\/wordpress\/plugins\/seo\/ -->\n<title>iFrame Facebook Reviews Plugin f\u00fcr Ihre Website (kostenlos und schnell)<\/title>\n<meta name=\"description\" content=\"Hier haben Sie die M\u00f6glichkeit, das Tripadvisor-Bewertungs-Plugin zu entwerfen und es Ihrer iFrame-Website hinzuzuf\u00fcgen. Erhalten Sie kostenlosen Kundenservice und andere Boni von Elfsight.\" \/>\n<meta name=\"robots\" content=\"index, follow, max-snippet:-1, max-image-preview:large, max-video-preview:-1\" \/>\n<link rel=\"canonical\" href=\"https:\/\/elfsight.com\/de\/tripadvisor-reviews-widget\/iframe\/\" \/>\n<meta property=\"og:locale\" content=\"de_DE\" \/>\n<meta property=\"og:type\" content=\"article\" \/>\n<meta property=\"og:title\" content=\"iFrame Facebook Reviews Plugin f\u00fcr Ihre Website (kostenlos und schnell)\" \/>\n<meta property=\"og:description\" content=\"Hier haben Sie die M\u00f6glichkeit, das Tripadvisor-Bewertungs-Plugin zu entwerfen und es Ihrer iFrame-Website hinzuzuf\u00fcgen. Erhalten Sie kostenlosen Kundenservice und andere Boni von Elfsight.\" \/>\n<meta property=\"og:url\" content=\"https:\/\/elfsight.com\/de\/tripadvisor-reviews-widget\/iframe\/\" \/>\n<meta property=\"og:site_name\" content=\"Elfsight DE\" \/>\n<meta property=\"article:modified_time\" content=\"2025-07-10T08:41:13+00:00\" \/>\n<meta name=\"twitter:card\" content=\"summary_large_image\" \/>\n<meta name=\"twitter:label1\" content=\"Gesch\u00e4tzte Lesezeit\" \/>\n\t<meta name=\"twitter:data1\" content=\"3\u00a0Minuten\" \/>\n<!-- \/ Yoast SEO plugin. -->","yoast_head_json":{"title":"iFrame Facebook Reviews Plugin f\u00fcr Ihre Website (kostenlos und schnell)","description":"Hier haben Sie die M\u00f6glichkeit, das Tripadvisor-Bewertungs-Plugin zu entwerfen und es Ihrer iFrame-Website hinzuzuf\u00fcgen. Erhalten Sie kostenlosen Kundenservice und andere Boni von Elfsight.","robots":{"index":"index","follow":"follow","max-snippet":"max-snippet:-1","max-image-preview":"max-image-preview:large","max-video-preview":"max-video-preview:-1"},"canonical":"https:\/\/elfsight.com\/de\/tripadvisor-reviews-widget\/iframe\/","og_locale":"de_DE","og_type":"article","og_title":"iFrame Facebook Reviews Plugin f\u00fcr Ihre Website (kostenlos und schnell)","og_description":"Hier haben Sie die M\u00f6glichkeit, das Tripadvisor-Bewertungs-Plugin zu entwerfen und es Ihrer iFrame-Website hinzuzuf\u00fcgen. Erhalten Sie kostenlosen Kundenservice und andere Boni von Elfsight.","og_url":"https:\/\/elfsight.com\/de\/tripadvisor-reviews-widget\/iframe\/","og_site_name":"Elfsight DE","article_modified_time":"2025-07-10T08:41:13+00:00","twitter_card":"summary_large_image","twitter_misc":{"Gesch\u00e4tzte Lesezeit":"3\u00a0Minuten"},"schema":{"@context":"https:\/\/schema.org","@graph":[{"@type":"WebPage","@id":"https:\/\/elfsight.com\/de\/tripadvisor-reviews-widget\/iframe\/","url":"https:\/\/elfsight.com\/de\/tripadvisor-reviews-widget\/iframe\/","name":"iFrame Facebook Reviews Plugin f\u00fcr Ihre Website (kostenlos und schnell)","isPartOf":{"@id":"https:\/\/elfsight.com\/de\/#website"},"datePublished":"1970-01-01T00:00:00+00:00","dateModified":"2025-07-10T08:41:13+00:00","description":"Hier haben Sie die M\u00f6glichkeit, das Tripadvisor-Bewertungs-Plugin zu entwerfen und es Ihrer iFrame-Website hinzuzuf\u00fcgen. Erhalten Sie kostenlosen Kundenservice und andere Boni von Elfsight.","breadcrumb":{"@id":"https:\/\/elfsight.com\/de\/tripadvisor-reviews-widget\/iframe\/#breadcrumb"},"inLanguage":"de","potentialAction":[{"@type":"ReadAction","target":["https:\/\/elfsight.com\/de\/tripadvisor-reviews-widget\/iframe\/"]}]},{"@type":"BreadcrumbList","@id":"https:\/\/elfsight.com\/de\/tripadvisor-reviews-widget\/iframe\/#breadcrumb","itemListElement":[{"@type":"ListItem","position":1,"name":"Home","item":"https:\/\/elfsight.com\/de\/"},{"@type":"ListItem","position":2,"name":"Tripadvisor Reviews","item":"https:\/\/elfsight.com\/de\/tripadvisor-reviews-widget\/"},{"@type":"ListItem","position":3,"name":"Tripadvisor Reviews &#8211; iFrame"}]},{"@type":"WebSite","@id":"https:\/\/elfsight.com\/de\/#website","url":"https:\/\/elfsight.com\/de\/","name":"Elfsight DE","description":"Just another Elfsight Sites site","potentialAction":[{"@type":"SearchAction","target":{"@type":"EntryPoint","urlTemplate":"https:\/\/elfsight.com\/de\/?s={search_term_string}"},"query-input":{"@type":"PropertyValueSpecification","valueRequired":true,"valueName":"search_term_string"}}],"inLanguage":"de"}]}},"meta_box":{"industry":"","seo_heading":"","heading":"","description":"","cta_heading":"","cta_description":"","application":"482","h1":"iFrame Tripadvisor-Bewertungen","h1_caption":"Integrieren Sie die besten Eindr\u00fccke Ihrer Kunden von Tripadvisor auf Ihrer Website","application_category":[],"applications_title":"","applications_request_title":"","applications_request_button_text":"","hero_text":"","hero_video":"","hero_video_schema_markup":"","selling_points_title":"","selling_points_caption":"","selling_points":[],"selling_points_cta_text":"","features_title":"","features":"","ed_cta_examples_text":"","ed_cta_examples_hidden":"","ed_cta_demo_text":"","ed_cta_demo_hidden":"","why_caption":"","why_editor_title":"","why_editor_text":"","why_team_title":"","why_team_text":"","why_service_title":"","why_service_text":"","template_catalog_visible":"","template_catalog_title":"","template_catalog_text":"","template_catalog_categories_visible":"","demo_title":"Erstellen Sie Ihr Tripadvisor-Bewertungs-Widget","demo_caption":"Konfigurieren Sie Ihre Tripadvisor-Bewertungen und f\u00fcgen Sie sie kostenlos zu Ihrer iFrame-Website hinzu!","default_faq_hidden":"","app_template_category":[],"platform":"240","template_public_id":"","codecanyon_url":"","codecanyon_item_id":"","codecanyon_price":"","pricing_caption":"","pricing_elfsight_apps_hide_column":"","pricing_elfsight_apps_url":"","pricing_codecanyon_price_caption":"","integration_category":[],"integration_request_title":"","integration_request_cta":"","integration_platform":"","integrations":[],"platform_category":[],"video_schema_markup":"","price":"ab 0 $ \/ Monat","trial":"","benefits":[{"text":"Kostenlose Installationsunterst\u00fctzung"},{"text":"Premium-Support"},{"text":"14-t\u00e4gige R\u00fcckerstattungsgarantie"},{"text":"Regelm\u00e4\u00dfige kostenlose Updates"}],"button_url":"#demo","button_target_blank":"","button_nofollow":"","attributes":[{"name":"Installiert","content":"10,000 - 100,000"},{"name":"Reaktionsfreudig","content":"Ja"},{"name":"Kompatible Browser","content":"Firefox, Safari, Opera, Edge, Chrome"}],"tags":[],"tags_disable_links":"","hide_more_platforms":"","video_object":"","demo_hide_cta":"","demo_hide_cloud_options":"","pricing_title":"","pricing":[{"pricing_icon":"platform","pricing_title":"Elfsight Apps","pricing_title_caption":"Plattform\u00fcbergreifende Version, die auf jeder Website funktioniert","pricing_price":"ab 0 $ \/ Monat","pricing_price_caption":"Beginnen Sie mit einem kostenlosen Plan","pricing_benefits":[{"text":"Unbegrenzte Websites"},{"text":"Premium-Kundensupport"},{"text":"Kostenlose Installationsunterst\u00fctzung"},{"text":"Sonderangebot f\u00fcr mehrere Apps"}],"pricing_button_text":"Zur Website hinzuf\u00fcgen","pricing_button_url":"#demo"}],"related_apps_title":"","related_apps_hidden":"","author":"","image":[],"title":"","job":"","social_networks":[]},"_links":{"self":[{"href":"https:\/\/elfsight.com\/de\/wp-json\/wp\/v2\/pages\/10651","targetHints":{"allow":["GET"]}}],"collection":[{"href":"https:\/\/elfsight.com\/de\/wp-json\/wp\/v2\/pages"}],"about":[{"href":"https:\/\/elfsight.com\/de\/wp-json\/wp\/v2\/types\/page"}],"author":[{"embeddable":true,"href":"https:\/\/elfsight.com\/de\/wp-json\/wp\/v2\/users\/9"}],"replies":[{"embeddable":true,"href":"https:\/\/elfsight.com\/de\/wp-json\/wp\/v2\/comments?post=10651"}],"version-history":[{"count":2,"href":"https:\/\/elfsight.com\/de\/wp-json\/wp\/v2\/pages\/10651\/revisions"}],"predecessor-version":[{"id":22077,"href":"https:\/\/elfsight.com\/de\/wp-json\/wp\/v2\/pages\/10651\/revisions\/22077"}],"up":[{"embeddable":true,"href":"https:\/\/elfsight.com\/de\/wp-json\/wp\/v2\/pages\/1492"}],"wp:attachment":[{"href":"https:\/\/elfsight.com\/de\/wp-json\/wp\/v2\/media?parent=10651"}],"curies":[{"name":"wp","href":"https:\/\/api.w.org\/{rel}","templated":true}]}}