{"id":10650,"date":"1970-01-01T00:00:00","date_gmt":"1970-01-01T00:00:00","guid":{"rendered":"https:\/\/elfsight.com\/de\/?page_id=10650"},"modified":"2025-07-10T08:40:50","modified_gmt":"2025-07-10T08:40:50","slug":"facebook","status":"publish","type":"page","link":"https:\/\/elfsight.com\/de\/tripadvisor-reviews-widget\/facebook\/","title":{"rendered":"Tripadvisor Reviews &#8211; Facebook Page"},"content":{"rendered":"<div class=\"application-platform-content-item-description application-platform-content-item\" id=\"description\" data-nav-section=\"description\"><h2>Beschreibung<\/h2><p>Wenn Sie nach einer M\u00f6glichkeit suchen, Ihre Wertsch\u00e4tzung bei Kunden zum Ausdruck zu bringen und Seitenbesucher \u00fcberzeugen m\u00f6chten Wenn Sie sicher sind, dass Ihre Produkte oder Dienstleistungen den Kauf wert sind, erledigt das Elfsight Tripadvisor-Widget die Aufgabe. Mit unserem Widget k\u00f6nnen Sie ganz einfach Kundenbewertungen des beliebten Dienstes mit Informationen zu deren Autoren auf Ihrer Seite platzieren. Verwenden Sie Filter, um nur gute Bewertungen anzuzeigen, f\u00fcgen Sie Bewertungen hinzu und nutzen Sie eine aktive Schaltfl\u00e4che, die Nutzer auf Ihre Tripadvisor-Seite leitet, wo sie eine neue Bewertung schreiben k\u00f6nnen. <\/p> <p><b>Verbessern Sie die Wahrnehmung Ihrer Marke bei Ihrem Publikum mit hervorragenden Bewertungen von Tripadvisor!<\/b><\/p><\/div> <div class=\"application-platform-content-item-features application-platform-content-item\" id=\"features\" data-nav-section=\"features\"><h2>Funktionen<\/h2><p>Sehen Sie sich alle Funktionen des Widgets in dieser Liste an. Sie sind direkt im Editor verf\u00fcgbar und helfen Ihnen, das Widget passend zu Ihrem Fall zu gestalten.<\/p><ul><li>3 Filtervarianten: nach Typ, Ausschlie\u00dfen nach und Anzahl der anzuzeigenden Bewertungen; <\/li><li>4 Arten von Layouts: Liste, Raster, Mauerwerk und Schieberegler; <\/li><li>Eine Option zum Ein-\/Ausschalten der Kopfzeile des Widgets; <\/li><li>\u00dcber die Schaltfl\u00e4che zum Anfordern einer Bewertung werden Kunden auf Ihre Tripadvisor-Seite weitergeleitet. <\/li><li>Sechs flexible Elemente der Benutzeroberfl\u00e4che: Name des Autors und Bild, Empfehlung, Datum, Tripadvisor-Symbol und Sternebewertung; <\/li><li>Zwei Varianten von Szenarien nach der Ablehnung einer \u00dcberpr\u00fcfungsanfrage: Anzeigen einer benutzerdefinierten Nachricht oder Ausblenden der Schaltfl\u00e4che. <\/li><\/ul><p><a href=\"#demo\">Testen Sie alle anderen Funktionen in der Demo<\/a><\/p><\/div> <div class=\"application-platform-content-item-installation application-platform-content-item\" id=\"installation\" data-nav-section=\"installation\"><h2> So f\u00fcgen Sie die Registerkarte \u201eTripadvisor-Bewertungen\u201c zu Ihrer Facebook-Unternehmensseite hinzu<\/h2><p>Um das Widget zu aktivieren, f\u00fchren Sie die folgenden Schritte aus.<\/p><ul><li><b>Entwerfen Sie Ihr eigenes Tripadvisor-Widget<\/b> <br>Stellen Sie mit Hilfe unseres kostenlosen Konfigurators ein Plugin mit Ihrem bevorzugten Layout und Ihrer bevorzugten Funktionalit\u00e4t zusammen. <\/li><li><b>Holen Sie sich den individuellen Code zum Ver\u00f6ffentlichen des Plugins<\/b><br>Nachdem Sie Ihr Widget erstellt haben, erhalten Sie einen individuellen Code aus dem angezeigten Fenster auf Elfsight Apps. Kopieren Sie den Code zur sp\u00e4teren Verwendung. <\/li><li><b>F\u00fcgen Sie das Tripadvisor-Widget zur Facebook-Seite hinzu<\/b><br> Erstellen Sie Ihren benutzerdefinierten Facebook-Tab. F\u00fcgen Sie den Code, den Sie bei elfsight apps erhalten haben, in die Registerkarte ein. Wenn Sie Probleme haben, lesen Sie einfach unseren Leitfaden unter <a href=\"https:\/\/elfsight.com\/blog\/how-to-add-custom-tab-to-facebook-page\/\" target=\"_blank\" rel=\"noopener noreferrer\">Benutzerdefinierten Facebook-Tab erstellen<\/a><\/li><li><b>Die Integration ist erfolgreich!<\/b><br>Gehen Sie zur Seite, um Ihre Arbeit anzuzeigen.<\/li><\/ul><p>Sie k\u00f6nnen sich gerne an den Kundendienst wenden, wenn Sie Hilfe ben\u00f6tigen oder eine Frage haben. Unsere Spezialisten stehen Ihnen bei allen Anliegen gerne zur Verf\u00fcgung. <\/p><div class=\"faq\" data-component=\"FAQ\"> <div class=\"faq-item\">\r\n\t\t\t\t\t<div class=\"faq-item-question\">\r\n\t\t\t\t\t\t<h3 class=\"faq-item-question-text\">Wie f\u00fcge ich ohne Programmierkenntnisse Bewertungen f\u00fcr Tripadvisor zu meiner Facebook-Seite hinzu?<\/h3>\r\n\r\n\t\t\t\t\t\t<div class=\"faq-item-question-icon\"><\/div>\r\n\t\t\t\t\t<\/div>\r\n\r\n\t\t\t\t\t<div class=\"faq-item-answer\">\r\n\t\t\t\t\t\t<div class=\"faq-item-answer-text\"> <p>Elfsight bietet eine SaaS-L\u00f6sung, mit der Sie selbst ein Widget f\u00fcr Bewertungen f\u00fcr Tripadvisor erstellen k\u00f6nnen. Sehen Sie, wie das geht Der Vorgang ist ganz einfach: Arbeiten Sie direkt im Online-Editor, um ein Widget \u201eBewertungen f\u00fcr Tripadvisor\u201c zu erstellen, das Sie gerne auf Ihrer Facebook-Seite sehen m\u00f6chten. W\u00e4hlen Sie eine der vorgefertigten Vorlagen aus und passen Sie die Bewertungen f\u00fcr Tripadvisor-Einstellungen an, f\u00fcgen Sie Ihre Inhalte hinzu, \u00e4ndern Sie das Layout und die Farben ohne Programmierkenntnisse. Speichern Sie die Bewertungen f\u00fcr Tripadvisor und kopieren Sie den Installationscode, den Sie einfach in Ihre Facebook-Seiten-Website einf\u00fcgen k\u00f6nnen, ohne ein kostenpflichtiges Abonnement zu kaufen. Mit unserem intuitiven Editor kann jeder Internetnutzer online Bewertungen f\u00fcr das Tripadvisor-Widget erstellen und es ganz einfach in seine Facebook-Seite einbetten. Sie m\u00fcssen weder bezahlen noch Ihre Kartendaten eingeben, um auf den Service zuzugreifen. Sollten bei irgendeinem Schritt Probleme auftreten, wenden Sie sich bitte an unser technisches Support-Team.<\/p> <\/div>\r\n\t\t\t\t\t<\/div>\r\n\t\t\t\t<\/div> <\/div> <\/div>","protected":false},"excerpt":{"rendered":"","protected":false},"author":9,"featured_media":0,"parent":1492,"menu_order":0,"comment_status":"closed","ping_status":"closed","template":"templates\/template-application-platform.php","meta":{"publish_to_discourse":"","publish_post_category":"","wpdc_auto_publish_overridden":"","wpdc_topic_tags":"","wpdc_pin_topic":"","wpdc_pin_until":"","discourse_post_id":"","discourse_permalink":"","wpdc_publishing_response":"","wpdc_publishing_error":"","footnotes":""},"class_list":["post-10650","page","type-page","status-publish","hentry"],"yoast_head":"<!-- This site is optimized with the Yoast SEO plugin v25.3.1 - https:\/\/yoast.com\/wordpress\/plugins\/seo\/ -->\n<title>F\u00fcgen Sie die Registerkarte \u201eTripadvisor-Bewertungen\u201c zur Facebook-Unternehmensseite hinzu (2026)<\/title>\n<meta name=\"description\" content=\"Erstellen Sie mit Elfsight Ihre Tripadvisor-Bewertungen und f\u00fcgen Sie sie schnell auf der Facebook-Unternehmensseite hinzu. Wir bieten kostenlosen Kundenservice und weitere Boni.\" \/>\n<meta name=\"robots\" content=\"index, follow, max-snippet:-1, max-image-preview:large, max-video-preview:-1\" \/>\n<link rel=\"canonical\" href=\"https:\/\/elfsight.com\/de\/tripadvisor-reviews-widget\/facebook\/\" \/>\n<meta property=\"og:locale\" content=\"de_DE\" \/>\n<meta property=\"og:type\" content=\"article\" \/>\n<meta property=\"og:title\" content=\"F\u00fcgen Sie die Registerkarte \u201eTripadvisor-Bewertungen\u201c zur Facebook-Unternehmensseite hinzu (2026)\" \/>\n<meta property=\"og:description\" content=\"Erstellen Sie mit Elfsight Ihre Tripadvisor-Bewertungen und f\u00fcgen Sie sie schnell auf der Facebook-Unternehmensseite hinzu. Wir bieten kostenlosen Kundenservice und weitere Boni.\" \/>\n<meta property=\"og:url\" content=\"https:\/\/elfsight.com\/de\/tripadvisor-reviews-widget\/facebook\/\" \/>\n<meta property=\"og:site_name\" content=\"Elfsight DE\" \/>\n<meta property=\"article:modified_time\" content=\"2025-07-10T08:40:50+00:00\" \/>\n<meta name=\"twitter:card\" content=\"summary_large_image\" \/>\n<meta name=\"twitter:label1\" content=\"Gesch\u00e4tzte Lesezeit\" \/>\n\t<meta name=\"twitter:data1\" content=\"3\u00a0Minuten\" \/>\n<!-- \/ Yoast SEO plugin. -->","yoast_head_json":{"title":"F\u00fcgen Sie die Registerkarte \u201eTripadvisor-Bewertungen\u201c zur Facebook-Unternehmensseite hinzu (2026)","description":"Erstellen Sie mit Elfsight Ihre Tripadvisor-Bewertungen und f\u00fcgen Sie sie schnell auf der Facebook-Unternehmensseite hinzu. Wir bieten kostenlosen Kundenservice und weitere Boni.","robots":{"index":"index","follow":"follow","max-snippet":"max-snippet:-1","max-image-preview":"max-image-preview:large","max-video-preview":"max-video-preview:-1"},"canonical":"https:\/\/elfsight.com\/de\/tripadvisor-reviews-widget\/facebook\/","og_locale":"de_DE","og_type":"article","og_title":"F\u00fcgen Sie die Registerkarte \u201eTripadvisor-Bewertungen\u201c zur Facebook-Unternehmensseite hinzu (2026)","og_description":"Erstellen Sie mit Elfsight Ihre Tripadvisor-Bewertungen und f\u00fcgen Sie sie schnell auf der Facebook-Unternehmensseite hinzu. Wir bieten kostenlosen Kundenservice und weitere Boni.","og_url":"https:\/\/elfsight.com\/de\/tripadvisor-reviews-widget\/facebook\/","og_site_name":"Elfsight DE","article_modified_time":"2025-07-10T08:40:50+00:00","twitter_card":"summary_large_image","twitter_misc":{"Gesch\u00e4tzte Lesezeit":"3\u00a0Minuten"},"schema":{"@context":"https:\/\/schema.org","@graph":[{"@type":"WebPage","@id":"https:\/\/elfsight.com\/de\/tripadvisor-reviews-widget\/facebook\/","url":"https:\/\/elfsight.com\/de\/tripadvisor-reviews-widget\/facebook\/","name":"F\u00fcgen Sie die Registerkarte \u201eTripadvisor-Bewertungen\u201c zur Facebook-Unternehmensseite hinzu (2026)","isPartOf":{"@id":"https:\/\/elfsight.com\/de\/#website"},"datePublished":"1970-01-01T00:00:00+00:00","dateModified":"2025-07-10T08:40:50+00:00","description":"Erstellen Sie mit Elfsight Ihre Tripadvisor-Bewertungen und f\u00fcgen Sie sie schnell auf der Facebook-Unternehmensseite hinzu. Wir bieten kostenlosen Kundenservice und weitere Boni.","breadcrumb":{"@id":"https:\/\/elfsight.com\/de\/tripadvisor-reviews-widget\/facebook\/#breadcrumb"},"inLanguage":"de","potentialAction":[{"@type":"ReadAction","target":["https:\/\/elfsight.com\/de\/tripadvisor-reviews-widget\/facebook\/"]}]},{"@type":"BreadcrumbList","@id":"https:\/\/elfsight.com\/de\/tripadvisor-reviews-widget\/facebook\/#breadcrumb","itemListElement":[{"@type":"ListItem","position":1,"name":"Home","item":"https:\/\/elfsight.com\/de\/"},{"@type":"ListItem","position":2,"name":"Tripadvisor Reviews","item":"https:\/\/elfsight.com\/de\/tripadvisor-reviews-widget\/"},{"@type":"ListItem","position":3,"name":"Tripadvisor Reviews &#8211; Facebook Page"}]},{"@type":"WebSite","@id":"https:\/\/elfsight.com\/de\/#website","url":"https:\/\/elfsight.com\/de\/","name":"Elfsight DE","description":"Just another Elfsight Sites site","potentialAction":[{"@type":"SearchAction","target":{"@type":"EntryPoint","urlTemplate":"https:\/\/elfsight.com\/de\/?s={search_term_string}"},"query-input":{"@type":"PropertyValueSpecification","valueRequired":true,"valueName":"search_term_string"}}],"inLanguage":"de"}]}},"meta_box":{"industry":"","seo_heading":"","heading":"","description":"","cta_heading":"","cta_description":"","application":"482","h1":"Tripadvisor-Bewertungen f\u00fcr die Facebook-Seite","h1_caption":"Betten Sie Ihre perfekten Kundenbewertungen von Tripadvisor auf Ihrer Unternehmensseite ein","application_category":[],"applications_title":"","applications_request_title":"","applications_request_button_text":"","hero_text":"","hero_video":"","hero_video_schema_markup":"","selling_points_title":"","selling_points_caption":"","selling_points":[],"selling_points_cta_text":"","features_title":"","features":"","ed_cta_examples_text":"","ed_cta_examples_hidden":"","ed_cta_demo_text":"","ed_cta_demo_hidden":"","why_caption":"","why_editor_title":"","why_editor_text":"","why_team_title":"","why_team_text":"","why_service_title":"","why_service_text":"","template_catalog_visible":"","template_catalog_title":"","template_catalog_text":"","template_catalog_categories_visible":"","demo_title":"Erstellen Sie Ihr Tripadvisor-Bewertungs-Widget","demo_caption":"Konfigurieren Sie Ihre Tripadvisor-Bewertungen und f\u00fcgen Sie sie kostenlos Ihrer Facebook-Seite hinzu!","default_faq_hidden":"","app_template_category":[],"platform":"216","template_public_id":"","codecanyon_url":"","codecanyon_item_id":"","codecanyon_price":"","pricing_caption":"","pricing_elfsight_apps_hide_column":"","pricing_elfsight_apps_url":"","pricing_codecanyon_price_caption":"","integration_category":[],"integration_request_title":"","integration_request_cta":"","integration_platform":"","integrations":[],"platform_category":[],"video_schema_markup":"","price":"ab 0 $ \/ Monat","trial":"","benefits":[{"text":"Kostenlose Installationsunterst\u00fctzung"},{"text":"Professioneller Kundenservice"},{"text":"14-t\u00e4gige R\u00fcckerstattungsgarantie"},{"text":"Kontinuierliche kostenlose Verbesserungen"}],"button_url":"#demo","button_target_blank":"","button_nofollow":"","attributes":[{"name":"Installiert","content":"10,000 - 100,000"},{"name":"Reaktionsfreudig","content":"Ja"},{"name":"Kompatible Browser","content":"Safari, Opera, Chrome, Edge, Firefox"}],"tags":[],"tags_disable_links":"","hide_more_platforms":"","video_object":"","demo_hide_cta":"","demo_hide_cloud_options":"","pricing_title":"","pricing":[{"pricing_icon":"platform","pricing_title":"Elfsight Apps","pricing_title_caption":"Plattformunabh\u00e4ngige digitale L\u00f6sung","pricing_price":"ab 0 $ \/ Monat","pricing_price_caption":"Beginnen Sie mit einem kostenlosen Plan","pricing_benefits":[{"text":"Unbegrenzte Websites"},{"text":"Premium-Kundensupport"},{"text":"Kostenloser Installationsservice"},{"text":"Flexibles Design"}],"pricing_button_text":"Zur Website hinzuf\u00fcgen","pricing_button_url":"#demo"}],"related_apps_title":"","related_apps_hidden":"","author":"","image":[],"title":"","job":"","social_networks":[]},"_links":{"self":[{"href":"https:\/\/elfsight.com\/de\/wp-json\/wp\/v2\/pages\/10650","targetHints":{"allow":["GET"]}}],"collection":[{"href":"https:\/\/elfsight.com\/de\/wp-json\/wp\/v2\/pages"}],"about":[{"href":"https:\/\/elfsight.com\/de\/wp-json\/wp\/v2\/types\/page"}],"author":[{"embeddable":true,"href":"https:\/\/elfsight.com\/de\/wp-json\/wp\/v2\/users\/9"}],"replies":[{"embeddable":true,"href":"https:\/\/elfsight.com\/de\/wp-json\/wp\/v2\/comments?post=10650"}],"version-history":[{"count":2,"href":"https:\/\/elfsight.com\/de\/wp-json\/wp\/v2\/pages\/10650\/revisions"}],"predecessor-version":[{"id":22076,"href":"https:\/\/elfsight.com\/de\/wp-json\/wp\/v2\/pages\/10650\/revisions\/22076"}],"up":[{"embeddable":true,"href":"https:\/\/elfsight.com\/de\/wp-json\/wp\/v2\/pages\/1492"}],"wp:attachment":[{"href":"https:\/\/elfsight.com\/de\/wp-json\/wp\/v2\/media?parent=10650"}],"curies":[{"name":"wp","href":"https:\/\/api.w.org\/{rel}","templated":true}]}}