{"id":10643,"date":"1970-01-01T00:00:00","date_gmt":"1970-01-01T00:00:00","guid":{"rendered":"https:\/\/elfsight.com\/de\/?page_id=10643"},"modified":"2025-07-10T08:40:07","modified_gmt":"2025-07-10T08:40:07","slug":"google-sites","status":"publish","type":"page","link":"https:\/\/elfsight.com\/de\/tripadvisor-reviews-widget\/google-sites\/","title":{"rendered":"Reviews from Tripadvisor &#8211; Google Sites"},"content":{"rendered":"<div class=\"application-platform-content-item-description application-platform-content-item\" id=\"description\" data-nav-section=\"description\"> <h2>Einbetten von Bewertungen von Tripadvisor auf Google Sites mit dem Elfsight-Widget<\/h2> <p>Wenn Sie Ihre hohe Bewertung zeigen und die Website \u00fcberzeugen m\u00f6chten Besucher, die wissen, dass Ihre Angebote einen Kauf wert sind, ist das Elfsight r Reviews Widget die richtige Wahl. Mit unserem Widget k\u00f6nnen Sie Kundenbewertungen von Tripadvisor mit Details zu ihren Autoren auf Ihrer Website platzieren, sie filtern, um nur die besten anzuzeigen, Bewertungen anzeigen und eine aktive Schaltfl\u00e4che verwenden, die Benutzer auf Ihre Tripadvisor-Seite leitet, damit sie eine hinzuf\u00fcgen k\u00f6nnen Neue Bewertung.<\/p> <p><b>Machen Sie Ihre Website mithilfe von Bewertungen von Tripadvisor f\u00fcr E-Commerce-Ziele erfolgreicher<\/b><\/p> <\/div> <div class=\"application-platform-content-item-features application-platform-content-item\" id=\"features\" data-nav-section=\"features\"> <h2>Die grundlegenden Widget-Funktionen bieten<\/h2> <ul> <li>Drei gebrauchsfertige Filter: nach Typ, Ausschlie\u00dfen nach und Anzahl der anzuzeigenden Bewertungen;<\/li> <li>4 verf\u00fcgbare Layouts : Liste, Raster, Mauerwerk und Schieberegler; <\/li> <li>Umschaltbarer Header des Widgets; <\/li> <li>Die aktive Schaltfl\u00e4che zum Ver\u00f6ffentlichen einer Bewertung leitet Benutzer zu Ihrer Tripadvisor-Seite weiter; <\/li> <li>6 anpassbare Elemente der Benutzeroberfl\u00e4che: Name und Foto des Autors, Empfehlung, Datum, Tripadvisor-Symbol und Sternebewertung; <\/li> <li>Zwei Varianten von Szenarios f\u00fcr die Ablehnung einer \u00dcberpr\u00fcfungsanfrage: Offenlegen einer Textnachricht oder Verbergen der Schaltfl\u00e4che. <\/li> <\/ul><p><a href=\"#demo\">Schauen Sie sich einfach diese Demo an, um einen vollst\u00e4ndigen \u00dcberblick zu erhalten<\/a><\/p> <\/div> <div class=\"application-platform-content-item-installation application-platform-content-item\" id=\"installation\" data-nav-section=\"installation\"> <h2>Wie f\u00fcge ich Bewertungen von Tripadvisor zu meiner Google Sites-Website hinzu? <\/h2> <p>Befolgen Sie einfach die nachstehenden Anweisungen, um das Widget zu integrieren. <\/p> <ol><li><b>\u00d6ffnen Sie unsere kostenlose Demo und beginnen Sie mit der Gestaltung Ihres ma\u00dfgeschneiderten Instruments. <\/b><br> Suchen Sie die ausgew\u00e4hlte Schnittstelle und die Spezifikationen des Tools und speichern Sie die Korrekturen. <\/li> <li><b>Kopieren Sie den pers\u00f6nlichen Code, der im Fenster von Elfsight Apps angezeigt wird. <\/b><br> Wenn die Generierung Ihres Widgets abgeschlossen ist, kopieren Sie den exklusiven Code aus dem angezeigten Fenster und bewahren Sie ihn f\u00fcr die zuk\u00fcnftige Verwendung auf. <\/li> <li><b>Erste Schritte mit der Verwendung des Widgets auf Ihrer Google Sites-Webseite. <\/b><br> Platzieren Sie den zuvor gespeicherten Code auf Ihrer Webseite und \u00fcbernehmen Sie die \u00c4nderungen. <\/li> <li><b>Die Installation wurde erfolgreich beendet. <\/b><br> Besuchen Sie Ihre Seite, um die Leistung des Widgets zu \u00fcberpr\u00fcfen. <\/li><\/ol> <div class=\"tip-yellow tip\"><b>Aufgrund der Besonderheiten der Google Sites-Funktion sieht das Widget m\u00f6glicherweise anders aus als die Online-Demo. Wir entschuldigen uns f\u00fcr etwaige Unannehmlichkeiten.<\/b><\/div><p>Sollten Sie auf Probleme sto\u00dfen, scheuen Sie sich nicht, sich an unseren Kundenservice zu wenden. Unsere Spezialisten helfen Ihnen gerne bei allen Fragen rund um das Tool weiter. <\/p> <div class=\"faq\" data-component=\"FAQ\"> <div class=\"faq-item\">\r\n\t\t\t\t\t<div class=\"faq-item-question\">\r\n\t\t\t\t\t\t<h3 class=\"faq-item-question-text\">Wie f\u00fcge ich ohne Programmierkenntnisse Bewertungen f\u00fcr Tripadvisor zu meiner Google Sites-Website hinzu?<\/h3>\r\n\r\n\t\t\t\t\t\t<div class=\"faq-item-question-icon\"><\/div>\r\n\t\t\t\t\t<\/div>\r\n\r\n\t\t\t\t\t<div class=\"faq-item-answer\">\r\n\t\t\t\t\t\t<div class=\"faq-item-answer-text\"> <p>Elfsight bietet eine SaaS-L\u00f6sung, mit der Sie selbst ein Widget f\u00fcr Bewertungen f\u00fcr Tripadvisor erstellen k\u00f6nnen. Sehen Sie, wie das geht Der Vorgang ist ganz einfach: Erstellen Sie direkt im Online-Editor ein Widget \u201eBewertungen f\u00fcr Tripadvisor\u201c, das Sie auf Ihrer Google Sites-Website sehen m\u00f6chten. W\u00e4hlen Sie eine der vorgefertigten Vorlagen aus und passen Sie die Bewertungen f\u00fcr Tripadvisor-Einstellungen an, f\u00fcgen Sie Ihre Inhalte hinzu, \u00e4ndern Sie das Layout und das Farbschema ohne Programmierkenntnisse. Speichern Sie die Bewertungen f\u00fcr Tripadvisor und kopieren Sie den Installationscode, den Sie in Ihre Google Sites-Website einbetten k\u00f6nnen, ohne einen kostenpflichtigen Plan zu kaufen. Mit unserem intuitiven Editor kann jeder Internetnutzer online Bewertungen f\u00fcr das Tripadvisor-Widget erstellen und es einfach in seine Google Sites-Website einbetten. Sie m\u00fcssen weder bezahlen noch Ihre Kartendaten eingeben, um auf den Service zuzugreifen. Sollten bei irgendeinem Schritt Probleme auftreten, wenden Sie sich bitte an unser technisches Support-Team.<\/p> <\/div>\r\n\t\t\t\t\t<\/div>\r\n\t\t\t\t<\/div> <\/div> <\/div>","protected":false},"excerpt":{"rendered":"","protected":false},"author":9,"featured_media":0,"parent":1492,"menu_order":0,"comment_status":"closed","ping_status":"closed","template":"templates\/template-application-platform.php","meta":{"publish_to_discourse":"","publish_post_category":"","wpdc_auto_publish_overridden":"","wpdc_topic_tags":"","wpdc_pin_topic":"","wpdc_pin_until":"","discourse_post_id":"","discourse_permalink":"","wpdc_publishing_response":"","wpdc_publishing_error":"","footnotes":""},"class_list":["post-10643","page","type-page","status-publish","hentry"],"yoast_head":"<!-- This site is optimized with the Yoast SEO plugin v25.3.1 - https:\/\/yoast.com\/wordpress\/plugins\/seo\/ -->\n<title>Bewertungen von Tripadvisor \u2013 Widget \u201eBewertungen\u201c zu Google Sites hinzuf\u00fcgen (2025)<\/title>\n<meta name=\"description\" content=\"Implementieren Sie ein responsives Widget \u201eBewertungen von Tripadvisor\u201c auf Ihrer Google Sites-Website und schaffen Sie volles Vertrauen. Nutzen Sie die Elfsight-Demo, um Ihr einzigartiges Werkzeug zu erstellen.\" \/>\n<meta name=\"robots\" content=\"index, follow, max-snippet:-1, max-image-preview:large, max-video-preview:-1\" \/>\n<link rel=\"canonical\" href=\"https:\/\/elfsight.com\/de\/tripadvisor-reviews-widget\/google-sites\/\" \/>\n<meta property=\"og:locale\" content=\"de_DE\" \/>\n<meta property=\"og:type\" content=\"article\" \/>\n<meta property=\"og:title\" content=\"Bewertungen von Tripadvisor \u2013 Widget \u201eBewertungen\u201c zu Google Sites hinzuf\u00fcgen (2025)\" \/>\n<meta property=\"og:description\" content=\"Implementieren Sie ein responsives Widget \u201eBewertungen von Tripadvisor\u201c auf Ihrer Google Sites-Website und schaffen Sie volles Vertrauen. Nutzen Sie die Elfsight-Demo, um Ihr einzigartiges Werkzeug zu erstellen.\" \/>\n<meta property=\"og:url\" content=\"https:\/\/elfsight.com\/de\/tripadvisor-reviews-widget\/google-sites\/\" \/>\n<meta property=\"og:site_name\" content=\"Elfsight DE\" \/>\n<meta property=\"article:modified_time\" content=\"2025-07-10T08:40:07+00:00\" \/>\n<meta name=\"twitter:card\" content=\"summary_large_image\" \/>\n<meta name=\"twitter:label1\" content=\"Gesch\u00e4tzte Lesezeit\" \/>\n\t<meta name=\"twitter:data1\" content=\"3\u00a0Minuten\" \/>\n<!-- \/ Yoast SEO plugin. -->","yoast_head_json":{"title":"Bewertungen von Tripadvisor \u2013 Widget \u201eBewertungen\u201c zu Google Sites hinzuf\u00fcgen (2025)","description":"Implementieren Sie ein responsives Widget \u201eBewertungen von Tripadvisor\u201c auf Ihrer Google Sites-Website und schaffen Sie volles Vertrauen. Nutzen Sie die Elfsight-Demo, um Ihr einzigartiges Werkzeug zu erstellen.","robots":{"index":"index","follow":"follow","max-snippet":"max-snippet:-1","max-image-preview":"max-image-preview:large","max-video-preview":"max-video-preview:-1"},"canonical":"https:\/\/elfsight.com\/de\/tripadvisor-reviews-widget\/google-sites\/","og_locale":"de_DE","og_type":"article","og_title":"Bewertungen von Tripadvisor \u2013 Widget \u201eBewertungen\u201c zu Google Sites hinzuf\u00fcgen (2025)","og_description":"Implementieren Sie ein responsives Widget \u201eBewertungen von Tripadvisor\u201c auf Ihrer Google Sites-Website und schaffen Sie volles Vertrauen. Nutzen Sie die Elfsight-Demo, um Ihr einzigartiges Werkzeug zu erstellen.","og_url":"https:\/\/elfsight.com\/de\/tripadvisor-reviews-widget\/google-sites\/","og_site_name":"Elfsight DE","article_modified_time":"2025-07-10T08:40:07+00:00","twitter_card":"summary_large_image","twitter_misc":{"Gesch\u00e4tzte Lesezeit":"3\u00a0Minuten"},"schema":{"@context":"https:\/\/schema.org","@graph":[{"@type":"WebPage","@id":"https:\/\/elfsight.com\/de\/tripadvisor-reviews-widget\/google-sites\/","url":"https:\/\/elfsight.com\/de\/tripadvisor-reviews-widget\/google-sites\/","name":"Bewertungen von Tripadvisor \u2013 Widget \u201eBewertungen\u201c zu Google Sites hinzuf\u00fcgen (2025)","isPartOf":{"@id":"https:\/\/elfsight.com\/de\/#website"},"datePublished":"1970-01-01T00:00:00+00:00","dateModified":"2025-07-10T08:40:07+00:00","description":"Implementieren Sie ein responsives Widget \u201eBewertungen von Tripadvisor\u201c auf Ihrer Google Sites-Website und schaffen Sie volles Vertrauen. Nutzen Sie die Elfsight-Demo, um Ihr einzigartiges Werkzeug zu erstellen.","breadcrumb":{"@id":"https:\/\/elfsight.com\/de\/tripadvisor-reviews-widget\/google-sites\/#breadcrumb"},"inLanguage":"de","potentialAction":[{"@type":"ReadAction","target":["https:\/\/elfsight.com\/de\/tripadvisor-reviews-widget\/google-sites\/"]}]},{"@type":"BreadcrumbList","@id":"https:\/\/elfsight.com\/de\/tripadvisor-reviews-widget\/google-sites\/#breadcrumb","itemListElement":[{"@type":"ListItem","position":1,"name":"Home","item":"https:\/\/elfsight.com\/de\/"},{"@type":"ListItem","position":2,"name":"Tripadvisor Reviews","item":"https:\/\/elfsight.com\/de\/tripadvisor-reviews-widget\/"},{"@type":"ListItem","position":3,"name":"Reviews from Tripadvisor &#8211; Google Sites"}]},{"@type":"WebSite","@id":"https:\/\/elfsight.com\/de\/#website","url":"https:\/\/elfsight.com\/de\/","name":"Elfsight DE","description":"Just another Elfsight Sites site","potentialAction":[{"@type":"SearchAction","target":{"@type":"EntryPoint","urlTemplate":"https:\/\/elfsight.com\/de\/?s={search_term_string}"},"query-input":{"@type":"PropertyValueSpecification","valueRequired":true,"valueName":"search_term_string"}}],"inLanguage":"de"}]}},"meta_box":{"industry":"","seo_heading":"","heading":"","description":"","cta_heading":"","cta_description":"","application":"482","h1":"Google Sites-Bewertungen \u00fcber das Tripadvisor-Widget","h1_caption":"Pr\u00e4sentieren Sie Bewertungen aus Ihrem Tripadvisor-Eintrag, um bei potenziellen Kunden m\u00fchelos Vertrauen in Ihre Google Sites aufzubauen.","application_category":[],"applications_title":"","applications_request_title":"","applications_request_button_text":"","hero_text":"","hero_video":"","hero_video_schema_markup":"","selling_points_title":"","selling_points_caption":"","selling_points":[],"selling_points_cta_text":"","features_title":"","features":"","ed_cta_examples_text":"","ed_cta_examples_hidden":"","ed_cta_demo_text":"","ed_cta_demo_hidden":"","why_caption":"","why_editor_title":"","why_editor_text":"","why_team_title":"","why_team_text":"","why_service_title":"","why_service_text":"","template_catalog_visible":"","template_catalog_title":"","template_catalog_text":"","template_catalog_categories_visible":"","demo_title":"Erstellen Sie Ihre Bewertungen \u00fcber das Tripadvisor-Widget","demo_caption":"Konfigurieren Sie Ihre Bewertungen auf Tripadvisor und f\u00fcgen Sie sie kostenlos zu Ihrer Google Sites-Website hinzu!","default_faq_hidden":"","app_template_category":[],"platform":"3000","template_public_id":"","codecanyon_url":"","codecanyon_item_id":"","codecanyon_price":"","pricing_caption":"","pricing_elfsight_apps_hide_column":"","pricing_elfsight_apps_url":"","pricing_codecanyon_price_caption":"","integration_category":[],"integration_request_title":"","integration_request_cta":"","integration_platform":"","integrations":[],"platform_category":[],"video_schema_markup":"","price":"ab 0 $ \/ Monat","trial":"","benefits":[{"text":"Kostenlose Installationshilfe"},{"text":"Professioneller Kundenservice"},{"text":"14-t\u00e4gige R\u00fcckerstattungsgarantie"},{"text":"Laufende kostenlose Updates"}],"button_url":"#demo","button_target_blank":"","button_nofollow":"","attributes":[{"name":"Installiert","content":"10,000 - 100,000"},{"name":"Reaktionsfreudig","content":"Funktioniert mit der mobilen Version der Website"},{"name":"Kompatible Browser","content":"Firefox, Opera, Chrome, Edge, Safari"}],"tags":[],"tags_disable_links":"","hide_more_platforms":"","video_object":"","demo_hide_cta":"","demo_hide_cloud_options":"","pricing_title":"","pricing":[{"pricing_icon":"platform","pricing_title":"Elfsight Apps","pricing_title_caption":"Plattformunabh\u00e4ngige Version, die auf jeder Website funktioniert","pricing_price":"ab 0 $ \/ Monat","pricing_price_caption":"Beginnen Sie mit einem kostenlosen Plan","pricing_benefits":[{"text":"Unbegrenzte Anzahl an Domains"},{"text":"Engagierter Kundensupport"},{"text":"Kostenloser Installationssupport"},{"text":"Sonderangebot f\u00fcr mehrere Apps"}],"pricing_button_text":"Zur Website hinzuf\u00fcgen","pricing_button_url":"#demo"}],"related_apps_title":"","related_apps_hidden":"","author":"","image":[],"title":"","job":"","social_networks":[]},"_links":{"self":[{"href":"https:\/\/elfsight.com\/de\/wp-json\/wp\/v2\/pages\/10643","targetHints":{"allow":["GET"]}}],"collection":[{"href":"https:\/\/elfsight.com\/de\/wp-json\/wp\/v2\/pages"}],"about":[{"href":"https:\/\/elfsight.com\/de\/wp-json\/wp\/v2\/types\/page"}],"author":[{"embeddable":true,"href":"https:\/\/elfsight.com\/de\/wp-json\/wp\/v2\/users\/9"}],"replies":[{"embeddable":true,"href":"https:\/\/elfsight.com\/de\/wp-json\/wp\/v2\/comments?post=10643"}],"version-history":[{"count":2,"href":"https:\/\/elfsight.com\/de\/wp-json\/wp\/v2\/pages\/10643\/revisions"}],"predecessor-version":[{"id":22074,"href":"https:\/\/elfsight.com\/de\/wp-json\/wp\/v2\/pages\/10643\/revisions\/22074"}],"up":[{"embeddable":true,"href":"https:\/\/elfsight.com\/de\/wp-json\/wp\/v2\/pages\/1492"}],"wp:attachment":[{"href":"https:\/\/elfsight.com\/de\/wp-json\/wp\/v2\/media?parent=10643"}],"curies":[{"name":"wp","href":"https:\/\/api.w.org\/{rel}","templated":true}]}}