{"id":10642,"date":"1970-01-01T00:00:00","date_gmt":"1970-01-01T00:00:00","guid":{"rendered":"https:\/\/elfsight.com\/de\/?page_id=10642"},"modified":"2025-07-10T08:40:15","modified_gmt":"2025-07-10T08:40:15","slug":"godaddy","status":"publish","type":"page","link":"https:\/\/elfsight.com\/de\/tripadvisor-reviews-widget\/godaddy\/","title":{"rendered":"TripAdvisor Reviews  &#8211; GoDaddy"},"content":{"rendered":"<div class=\"application-platform-content-item-description application-platform-content-item\" id=\"description\" data-nav-section=\"description\"> <h2>Einbetten von TripAdvisor-Bewertungen auf GoDaddy mit dem Elfsight-Widget<\/h2> <p>Das Elfsight-Bewertungen-Plugin von TripAdvisor ist ein einfaches Tool zum Integrieren von Bewertungen F\u00fcgen Sie Ihr Unternehmen von TripAdvisor in Ihre GoDaddy-Website ein. Dies wird dazu beitragen, das Vertrauen der Website-Besucher in Ihre Marke zu st\u00e4rken. Sie k\u00f6nnen Bewertungen mithilfe von Filtern sortieren, Sternebewertungen, Informationen zu jedem Autor und eine Schaltfl\u00e4che zum Verfassen einer Bewertung anzeigen. Unser TripAdvisor-Bewertungs-Plugin bietet verschiedene Layouts und Bewertungsvorlagen, umschaltbare Oberfl\u00e4chenelemente und einen flexiblen Header. Indem Sie Ihre TripAdvisor-Bewertungen anzeigen, beweisen Sie Ihre hohe Wertsch\u00e4tzung, st\u00e4rken Ihr Vertrauen und ziehen noch mehr Bewertungen an.<\/p> <p><b>Erhalten Sie mehr Bewertungen mithilfe der Call-to-Action-Schaltfl\u00e4che und Links zu Ihrer TripAdvisor-Seite<\/b><\/p> <\/div> <div class=\"application-platform-content-item-features application-platform-content-item\" id=\"features\" data-nav-section=\"features\"> <h2>Dies sind nur einige der umfangreichen Plugin-Funktionen: <\/h2> <ul><li>Navigationssteuerelemente f\u00fcr Pfeile und Drag-and-Drags im Slider-Layout<\/li><li>Eine Option zum Festlegen der Foliengeschwindigkeit und der Autoplay-Geschwindigkeit<\/li><li>Eine Option zum Ein-\/Ausschalten der Elemente der Kopfzeile: Bewertung und Bilder von Rezensenten<\/li><li>Bearbeitbarer Plugin-Titel mit anpassbare Schriftgr\u00f6\u00dfe und -st\u00e4rke<\/li><li>Zwei Szenarien nach abgelehntem Call-to-Action: Anzeige einer Nachricht oder Ausblenden des Formulars<\/li><\/ul><p><a href=\"#demo\">Sie Sie k\u00f6nnen sp\u00fcren, ob das Plugin f\u00fcr Sie geeignet ist, indem Sie die Demo ausprobieren<\/a><\/p> <\/div> <div class=\"application-platform-content-item-installation application-platform-content-item\" id=\"installation\" data-nav-section=\"installation\"> <h2>Wie bette ich Bewertungen von TripAdvisor in meine GoDaddy-Website ein? <\/h2> <p>Befolgen Sie einfach die unten beschriebenen Schritte, um mit der Verwendung des Tools zu beginnen. <\/p> <ol><li><b>F\u00fchren Sie unseren kostenlosen Konfigurator aus und beginnen Sie mit der Erstellung Ihres individuellen Plugins. <\/b><br> W\u00e4hlen Sie das gew\u00fcnschte Aussehen und die gew\u00fcnschten Optionen des Plugins und wenden Sie die Korrekturen an. <\/li> <li><b>Erhalten Sie den eindeutigen Code, der im Fenster von Elfsight Apps angezeigt wird. <\/b><br> Sobald die Einrichtung Ihres Plugins abgeschlossen ist, kopieren Sie den pers\u00f6nlichen Code aus dem erscheinenden Fenster und bewahren Sie ihn f\u00fcr die sp\u00e4tere Verwendung auf. <\/li> <li><b>Geben Sie Informationen zur Verwendung des Tools auf der GoDaddy-Website ein. <\/b><br> Geben Sie den zuvor kopierten Code in Ihre Website ein und \u00fcbernehmen Sie die \u00c4nderungen. <\/li> <li><b>Das Setup ist vollst\u00e4ndig abgeschlossen. <\/b><br> Besuchen Sie Ihre Webseite, um die Arbeit des Plugins zu beobachten. <\/li><\/ol> <p>Wenn Sie Fragen haben oder auf Hindernisse sto\u00dfen, z\u00f6gern Sie nicht, sich an unser Support-Team zu wenden. Unsere Mitarbeiter helfen Ihnen gerne bei allen Problemen, die Sie mit dem Plugin haben. <\/p> <div class=\"faq\" data-component=\"FAQ\"> <div class=\"faq-item\">\r\n\t\t\t\t\t<div class=\"faq-item-question\">\r\n\t\t\t\t\t\t<h3 class=\"faq-item-question-text\">Wie f\u00fcge ich ohne Programmierkenntnisse Bewertungen f\u00fcr Tripadvisor zu meiner GoDaddy-Website hinzu?<\/h3>\r\n\r\n\t\t\t\t\t\t<div class=\"faq-item-question-icon\"><\/div>\r\n\t\t\t\t\t<\/div>\r\n\r\n\t\t\t\t\t<div class=\"faq-item-answer\">\r\n\t\t\t\t\t\t<div class=\"faq-item-answer-text\"> <p>Elfsight bietet eine SaaS-L\u00f6sung, mit der Sie selbst ein Widget f\u00fcr Bewertungen f\u00fcr Tripadvisor erstellen k\u00f6nnen. Sehen Sie, wie einfach es ist Der Vorgang ist: Arbeiten Sie direkt im Online-Editor, um ein Widget \u201eBewertungen f\u00fcr Tripadvisor\u201c zu erstellen, das Sie gerne auf Ihrer GoDaddy-Website sehen m\u00f6chten. W\u00e4hlen Sie eine der vorgefertigten Vorlagen aus und passen Sie die Bewertungen f\u00fcr Tripadvisor-Einstellungen an, f\u00fcgen Sie Ihre Inhalte hinzu, \u00e4ndern Sie das Layout und das Farbschema ohne Programmierkenntnisse. Speichern Sie die Bewertungen f\u00fcr Tripadvisor und kopieren Sie den Installationscode, den Sie einfach in Ihre GoDaddy-Website einf\u00fcgen k\u00f6nnen, ohne einen kostenpflichtigen Plan kaufen zu m\u00fcssen. Mit unserem intuitiven Editor kann jeder Internetnutzer online Bewertungen f\u00fcr das Tripadvisor-Widget erstellen und es einfach in seine GoDaddy-Website einbetten. Sie m\u00fcssen weder bezahlen noch Ihre Kartendaten eingeben, um auf den Service zuzugreifen. Sollten bei irgendeinem Schritt Probleme auftreten, wenden Sie sich bitte an unser technisches Support-Team.<\/p> <\/div>\r\n\t\t\t\t\t<\/div>\r\n\t\t\t\t<\/div> <\/div> <\/div>","protected":false},"excerpt":{"rendered":"","protected":false},"author":9,"featured_media":0,"parent":1492,"menu_order":0,"comment_status":"closed","ping_status":"closed","template":"templates\/template-application-platform.php","meta":{"publish_to_discourse":"","publish_post_category":"","wpdc_auto_publish_overridden":"","wpdc_topic_tags":"","wpdc_pin_topic":"","wpdc_pin_until":"","discourse_post_id":"","discourse_permalink":"","wpdc_publishing_response":"","wpdc_publishing_error":"","footnotes":""},"class_list":["post-10642","page","type-page","status-publish","hentry"],"yoast_head":"<!-- This site is optimized with the Yoast SEO plugin v25.3.1 - https:\/\/yoast.com\/wordpress\/plugins\/seo\/ -->\n<title>Bewertungen von Tripadvisor \u2013 F\u00fcgen Sie das Plugin \u201eBewertungen\u201c zur GoDaddy-Website hinzu!<\/title>\n<meta name=\"description\" content=\"Zeigen Sie auf Ihrer GoDaddy-Website, dass Ihr Unternehmen vertrauensw\u00fcrdig ist, indem Sie das in Ihre Website integrierte Plugin \u201eBewertungen von Tripadvisor\u201c verwenden!\" \/>\n<meta name=\"robots\" content=\"index, follow, max-snippet:-1, max-image-preview:large, max-video-preview:-1\" \/>\n<link rel=\"canonical\" href=\"https:\/\/elfsight.com\/de\/tripadvisor-reviews-widget\/godaddy\/\" \/>\n<meta property=\"og:locale\" content=\"de_DE\" \/>\n<meta property=\"og:type\" content=\"article\" \/>\n<meta property=\"og:title\" content=\"Bewertungen von Tripadvisor \u2013 F\u00fcgen Sie das Plugin \u201eBewertungen\u201c zur GoDaddy-Website hinzu!\" \/>\n<meta property=\"og:description\" content=\"Zeigen Sie auf Ihrer GoDaddy-Website, dass Ihr Unternehmen vertrauensw\u00fcrdig ist, indem Sie das in Ihre Website integrierte Plugin \u201eBewertungen von Tripadvisor\u201c verwenden!\" \/>\n<meta property=\"og:url\" content=\"https:\/\/elfsight.com\/de\/tripadvisor-reviews-widget\/godaddy\/\" \/>\n<meta property=\"og:site_name\" content=\"Elfsight DE\" \/>\n<meta property=\"article:modified_time\" content=\"2025-07-10T08:40:15+00:00\" \/>\n<meta name=\"twitter:card\" content=\"summary_large_image\" \/>\n<meta name=\"twitter:label1\" content=\"Gesch\u00e4tzte Lesezeit\" \/>\n\t<meta name=\"twitter:data1\" content=\"3\u00a0Minuten\" \/>\n<!-- \/ Yoast SEO plugin. -->","yoast_head_json":{"title":"Bewertungen von Tripadvisor \u2013 F\u00fcgen Sie das Plugin \u201eBewertungen\u201c zur GoDaddy-Website hinzu!","description":"Zeigen Sie auf Ihrer GoDaddy-Website, dass Ihr Unternehmen vertrauensw\u00fcrdig ist, indem Sie das in Ihre Website integrierte Plugin \u201eBewertungen von Tripadvisor\u201c verwenden!","robots":{"index":"index","follow":"follow","max-snippet":"max-snippet:-1","max-image-preview":"max-image-preview:large","max-video-preview":"max-video-preview:-1"},"canonical":"https:\/\/elfsight.com\/de\/tripadvisor-reviews-widget\/godaddy\/","og_locale":"de_DE","og_type":"article","og_title":"Bewertungen von Tripadvisor \u2013 F\u00fcgen Sie das Plugin \u201eBewertungen\u201c zur GoDaddy-Website hinzu!","og_description":"Zeigen Sie auf Ihrer GoDaddy-Website, dass Ihr Unternehmen vertrauensw\u00fcrdig ist, indem Sie das in Ihre Website integrierte Plugin \u201eBewertungen von Tripadvisor\u201c verwenden!","og_url":"https:\/\/elfsight.com\/de\/tripadvisor-reviews-widget\/godaddy\/","og_site_name":"Elfsight DE","article_modified_time":"2025-07-10T08:40:15+00:00","twitter_card":"summary_large_image","twitter_misc":{"Gesch\u00e4tzte Lesezeit":"3\u00a0Minuten"},"schema":{"@context":"https:\/\/schema.org","@graph":[{"@type":"WebPage","@id":"https:\/\/elfsight.com\/de\/tripadvisor-reviews-widget\/godaddy\/","url":"https:\/\/elfsight.com\/de\/tripadvisor-reviews-widget\/godaddy\/","name":"Bewertungen von Tripadvisor \u2013 F\u00fcgen Sie das Plugin \u201eBewertungen\u201c zur GoDaddy-Website hinzu!","isPartOf":{"@id":"https:\/\/elfsight.com\/de\/#website"},"datePublished":"1970-01-01T00:00:00+00:00","dateModified":"2025-07-10T08:40:15+00:00","description":"Zeigen Sie auf Ihrer GoDaddy-Website, dass Ihr Unternehmen vertrauensw\u00fcrdig ist, indem Sie das in Ihre Website integrierte Plugin \u201eBewertungen von Tripadvisor\u201c verwenden!","breadcrumb":{"@id":"https:\/\/elfsight.com\/de\/tripadvisor-reviews-widget\/godaddy\/#breadcrumb"},"inLanguage":"de","potentialAction":[{"@type":"ReadAction","target":["https:\/\/elfsight.com\/de\/tripadvisor-reviews-widget\/godaddy\/"]}]},{"@type":"BreadcrumbList","@id":"https:\/\/elfsight.com\/de\/tripadvisor-reviews-widget\/godaddy\/#breadcrumb","itemListElement":[{"@type":"ListItem","position":1,"name":"Home","item":"https:\/\/elfsight.com\/de\/"},{"@type":"ListItem","position":2,"name":"Tripadvisor Reviews","item":"https:\/\/elfsight.com\/de\/tripadvisor-reviews-widget\/"},{"@type":"ListItem","position":3,"name":"TripAdvisor Reviews &#8211; GoDaddy"}]},{"@type":"WebSite","@id":"https:\/\/elfsight.com\/de\/#website","url":"https:\/\/elfsight.com\/de\/","name":"Elfsight DE","description":"Just another Elfsight Sites site","potentialAction":[{"@type":"SearchAction","target":{"@type":"EntryPoint","urlTemplate":"https:\/\/elfsight.com\/de\/?s={search_term_string}"},"query-input":{"@type":"PropertyValueSpecification","valueRequired":true,"valueName":"search_term_string"}}],"inLanguage":"de"}]}},"meta_box":{"industry":"","seo_heading":"","heading":"","description":"","cta_heading":"","cta_description":"","application":"482","h1":"GoDaddy-Plugin f\u00fcr Tripadvisor-Bewertungen","h1_caption":"Die einfachste Methode, Kundenfeedback von Tripadvisor auf Ihrer Website hinzuzuf\u00fcgen","application_category":[],"applications_title":"","applications_request_title":"","applications_request_button_text":"","hero_text":"","hero_video":"","hero_video_schema_markup":"","selling_points_title":"","selling_points_caption":"","selling_points":[],"selling_points_cta_text":"","features_title":"","features":"","ed_cta_examples_text":"","ed_cta_examples_hidden":"","ed_cta_demo_text":"","ed_cta_demo_hidden":"","why_caption":"","why_editor_title":"","why_editor_text":"","why_team_title":"","why_team_text":"","why_service_title":"","why_service_text":"","template_catalog_visible":"","template_catalog_title":"","template_catalog_text":"","template_catalog_categories_visible":"","demo_title":"Erstellen Sie Ihr TripAdvisor-Bewertungen-Plugin","demo_caption":"Konfigurieren Sie Ihre TripAdvisor-Bewertungen und f\u00fcgen Sie sie kostenlos zu Ihrer GoDaddy-Website hinzu!","default_faq_hidden":"","app_template_category":[],"platform":"241","template_public_id":"","codecanyon_url":"","codecanyon_item_id":"","codecanyon_price":"","pricing_caption":"","pricing_elfsight_apps_hide_column":"","pricing_elfsight_apps_url":"","pricing_codecanyon_price_caption":"","integration_category":[],"integration_request_title":"","integration_request_cta":"","integration_platform":"","integrations":[],"platform_category":[],"video_schema_markup":"","price":"ab 0 $ \/ Monat","trial":"","benefits":[{"text":"Kostenlose Installationsunterst\u00fctzung"},{"text":"Erfahrener Kundensupport"},{"text":"14-t\u00e4gige R\u00fcckerstattungsgarantie"},{"text":"Kontinuierliche kostenlose Updates"}],"button_url":"#demo","button_target_blank":"","button_nofollow":"","attributes":[{"name":"Installiert","content":"10,000 - 100,000"},{"name":"Reaktionsfreudig","content":"Ja"},{"name":"Kompatible Browser","content":"IE11, Firefox, Safari, Opera, Chrome, Edge"}],"tags":[],"tags_disable_links":"","hide_more_platforms":"","video_object":"","demo_hide_cta":"","demo_hide_cloud_options":"","pricing_title":"","pricing":[{"pricing_icon":"platform","pricing_title":"Elfsight Apps","pricing_title_caption":"Plattform\u00fcbergreifende L\u00f6sung","pricing_price":"ab 0 $ \/ Monat","pricing_price_caption":"Beginnen Sie mit einem kostenlosen Plan","pricing_benefits":[{"text":"Unbegrenzte Domains"},{"text":"Professionelle Unternehmensunterst\u00fctzung und gut dokumentiert"},{"text":"Kostenloser Installationssupport"},{"text":"Flexibles Design"}],"pricing_button_text":"Zur Website hinzuf\u00fcgen","pricing_button_url":"#demo"}],"related_apps_title":"","related_apps_hidden":"","author":"","image":[],"title":"","job":"","social_networks":[]},"_links":{"self":[{"href":"https:\/\/elfsight.com\/de\/wp-json\/wp\/v2\/pages\/10642","targetHints":{"allow":["GET"]}}],"collection":[{"href":"https:\/\/elfsight.com\/de\/wp-json\/wp\/v2\/pages"}],"about":[{"href":"https:\/\/elfsight.com\/de\/wp-json\/wp\/v2\/types\/page"}],"author":[{"embeddable":true,"href":"https:\/\/elfsight.com\/de\/wp-json\/wp\/v2\/users\/9"}],"replies":[{"embeddable":true,"href":"https:\/\/elfsight.com\/de\/wp-json\/wp\/v2\/comments?post=10642"}],"version-history":[{"count":2,"href":"https:\/\/elfsight.com\/de\/wp-json\/wp\/v2\/pages\/10642\/revisions"}],"predecessor-version":[{"id":22073,"href":"https:\/\/elfsight.com\/de\/wp-json\/wp\/v2\/pages\/10642\/revisions\/22073"}],"up":[{"embeddable":true,"href":"https:\/\/elfsight.com\/de\/wp-json\/wp\/v2\/pages\/1492"}],"wp:attachment":[{"href":"https:\/\/elfsight.com\/de\/wp-json\/wp\/v2\/media?parent=10642"}],"curies":[{"name":"wp","href":"https:\/\/api.w.org\/{rel}","templated":true}]}}