{"id":10641,"date":"1970-01-01T00:00:00","date_gmt":"1970-01-01T00:00:00","guid":{"rendered":"https:\/\/elfsight.com\/de\/?page_id=10641"},"modified":"2025-07-10T13:52:24","modified_gmt":"2025-07-10T13:52:24","slug":"prestashop","status":"publish","type":"page","link":"https:\/\/elfsight.com\/de\/tripadvisor-reviews-widget\/prestashop\/","title":{"rendered":"Tripadvisor Reviews &#8211; PrestaShop"},"content":{"rendered":"<div class=\"application-platform-content-item-description application-platform-content-item\" id=\"description\" data-nav-section=\"description\"> <h2>Beschreibung<\/h2> <p>Tripadvisor-Bewertungen sind ein n\u00fctzliches Instrument, das Ihnen die M\u00f6glichkeit gibt, die Bewertungen Ihrer Waren direkt auf Ihrer Website zu pr\u00e4sentieren Seite aller bekannten Unternehmensbewertungsseiten. Mit unserem Tool haben Sie die M\u00f6glichkeit, Filter zu verwenden, um unerw\u00fcnschte Kommentare auszublenden, Ihre Sterne- und Zahlenbewertung auf Ihrer Seite auf einer Website mit Unternehmensbewertungen offenzulegen, Informationen zu den Erstellern der Bewertungen hinzuzuf\u00fcgen und einen Call-to-Action hinzuzuf\u00fcgen Schaltfl\u00e4che, die Benutzer dazu inspiriert, ihre Meinung zu hinterlassen. Das Tripadvisor-Rezensionstool wird Sie dazu anregen, Ihre herausragenden Social Proofs auf der Webseite zu pr\u00e4sentieren und mehr neue Verk\u00e4ufe zu erzielen. <\/p><p><b>Probieren Sie Tripadvisor-Bewertungen aus, um Ihre E-Commerce-H\u00f6hepunkte leichter zu \u00fcberwinden! <\/b><\/p> <\/div> <div class=\"application-platform-content-item-features application-platform-content-item\" id=\"features\" data-nav-section=\"features\"> <h2>Liste der wertvollsten Funktionen anzeigen: <\/h2> <ul><li>Kundenbewertungen von Tripadvisor hinzuf\u00fcgen<\/li><li>Drei Arten von Filtern: Anzahl der Bewertungen, Ausschlie\u00dfen nach und nach Typ<\/li><li>Vier Arten von Layouts: Schieberegler, Liste, Raster und Mauerwerk<\/li><li>Pfeile und Drag-and-Drags f\u00fcr Navigationstypen Slider-Layout<\/li><li>Foliengeschwindigkeit und Autoplay-Geschwindigkeit festlegen<\/li><li>Paginierungstyp im Slider-Layout ausw\u00e4hlen<\/li><li>CTA-Schaltfl\u00e4che, um Bewertungen neuer Benutzer auf der Tripadvisor-Seite zu erhalten<\/li><li>Drei Bewertungsvorlagen: Spotlight, Classic, Bubble<\/li><li>6 flexible Elemente der Bewertungen: Foto und Empfehlung, Tripadvisor-Symbol, Name des Autors, Sternebewertung und Datum<\/li><li>Eine Option dazu \u00c4ndern Sie die Schriftgr\u00f6\u00dfe des Rezensionstextes<\/li><\/ul><p><a href=\"#demo\">Sie k\u00f6nnen die volle Funktionalit\u00e4t des Widgets in der Demo unten erkunden<\/a><\/p> <\/div> <div class=\"application-platform-content-item-installation application-platform-content-item\" id=\"installation\" data-nav-section=\"installation\"> <h2>Wie bette ich Tripadvisor-Bewertungen in meine PrestaShop-Website ein? <\/h2> <p>Befolgen Sie einfach die unten aufgef\u00fchrten Schritte, um das Tool zu integrieren. <\/p> <ol><li><b>Nutzen Sie unsere kostenlose Demo und beginnen Sie mit der Erstellung Ihres einzigartigen Add-ons. <\/b><br> W\u00e4hlen Sie das bevorzugte Layout und die Spezifikationen des Tools und nehmen Sie die Korrekturen vor. <\/li> <li><b>Kopieren Sie Ihren pers\u00f6nlichen Code, der in der speziellen Form auf Elfsight Apps angezeigt wird. <\/b><br> Sobald die Einrichtung Ihres pers\u00f6nlichen Tools abgeschlossen ist, kopieren Sie den einzelnen Code aus dem angezeigten Popup und speichern Sie ihn zur sp\u00e4teren Verwendung. <\/li> <li><b>Initiieren Sie die Nutzung des Add-ons auf Ihrer PrestaShop-Homepage. <\/b><br> F\u00fcgen Sie den k\u00fcrzlich in Ihrer Homepage gespeicherten Code ein und speichern Sie die \u00c4nderungen. <\/li> <li><b>Die Installation ist vollst\u00e4ndig beendet. <\/b><br> Besuchen Sie Ihre Website, um die Leistung des Widgets zu \u00fcberpr\u00fcfen. <\/li><\/ol> <p>Wenn Sie auf Hindernisse sto\u00dfen, z\u00f6gern Sie nicht, die Hilfe unseres Kundendienstpersonals in Anspruch zu nehmen. Unsere Mitarbeiter werden sich freuen, alle Probleme zu l\u00f6sen, die Sie m\u00f6glicherweise mit dem Widget haben. <\/p> <div class=\"faq\" data-component=\"FAQ\"> <div class=\"faq-item\">\r\n\t\t\t\t\t<div class=\"faq-item-question\">\r\n\t\t\t\t\t\t<h3 class=\"faq-item-question-text\">Wie kann ich ohne Programmierkenntnisse Bewertungen f\u00fcr Tripadvisor zu meiner PrestaShop-Website hinzuf\u00fcgen?<\/h3>\r\n\r\n\t\t\t\t\t\t<div class=\"faq-item-question-icon\"><\/div>\r\n\t\t\t\t\t<\/div>\r\n\r\n\t\t\t\t\t<div class=\"faq-item-answer\">\r\n\t\t\t\t\t\t<div class=\"faq-item-answer-text\"> <p>Elfsight bietet eine SaaS-L\u00f6sung, mit der Sie selbst ein Widget f\u00fcr Bewertungen f\u00fcr Tripadvisor erstellen k\u00f6nnen. Sehen Sie, wie das geht Der Vorgang ist ganz einfach: Erstellen Sie direkt im Online-Editor ein Widget \u201eBewertungen f\u00fcr Tripadvisor\u201c, das Sie gerne auf Ihrer PrestaShop-Website sehen m\u00f6chten. W\u00e4hlen Sie eine der vorgefertigten Vorlagen aus und passen Sie die Bewertungen f\u00fcr Tripadvisor-Einstellungen an, f\u00fcgen Sie Ihre Inhalte hinzu, \u00e4ndern Sie das Layout und die Farben ohne Programmierkenntnisse. Speichern Sie die Bewertungen f\u00fcr Tripadvisor und kopieren Sie den Installationscode, den Sie problemlos in Ihre PrestaShop-Website integrieren k\u00f6nnen, ohne eine kostenpflichtige Version kaufen zu m\u00fcssen. Mit unserem intuitiven Editor kann jeder Internetnutzer online Bewertungen f\u00fcr das Tripadvisor-Widget erstellen und es einfach in seine PrestaShop-Website einbetten. Sie m\u00fcssen weder bezahlen noch Ihre Kartendaten eingeben, um auf den Service zuzugreifen. Sollten bei irgendeinem Schritt Probleme auftreten, wenden Sie sich bitte an unser technisches Support-Team.<\/p> <\/div>\r\n\t\t\t\t\t<\/div>\r\n\t\t\t\t<\/div> <\/div> <\/div>","protected":false},"excerpt":{"rendered":"","protected":false},"author":9,"featured_media":0,"parent":1492,"menu_order":0,"comment_status":"closed","ping_status":"closed","template":"templates\/template-application-platform.php","meta":{"publish_to_discourse":"","publish_post_category":"","wpdc_auto_publish_overridden":"","wpdc_topic_tags":"","wpdc_pin_topic":"","wpdc_pin_until":"","discourse_post_id":"","discourse_permalink":"","wpdc_publishing_response":"","wpdc_publishing_error":"","footnotes":""},"class_list":["post-10641","page","type-page","status-publish","hentry"],"yoast_head":"<!-- This site is optimized with the Yoast SEO plugin v25.3.1 - https:\/\/yoast.com\/wordpress\/plugins\/seo\/ -->\n<title>F\u00fcgen Sie das Tripadvisor-Bewertungen-Add-on zu Ihrer PrestaShop-Website hinzu (2025)<\/title>\n<meta name=\"description\" content=\"Es ist ganz einfach, Ihr Tripadvisor-Bewertungen-Add-on zu erstellen und auf Ihrer PrestaShop-Website zu platzieren. Der Elfsight-Kundensupport ist kostenlos.\" \/>\n<meta name=\"robots\" content=\"index, follow, max-snippet:-1, max-image-preview:large, max-video-preview:-1\" \/>\n<link rel=\"canonical\" href=\"https:\/\/elfsight.com\/de\/tripadvisor-reviews-widget\/prestashop\/\" \/>\n<meta property=\"og:locale\" content=\"de_DE\" \/>\n<meta property=\"og:type\" content=\"article\" \/>\n<meta property=\"og:title\" content=\"F\u00fcgen Sie das Tripadvisor-Bewertungen-Add-on zu Ihrer PrestaShop-Website hinzu (2025)\" \/>\n<meta property=\"og:description\" content=\"Es ist ganz einfach, Ihr Tripadvisor-Bewertungen-Add-on zu erstellen und auf Ihrer PrestaShop-Website zu platzieren. Der Elfsight-Kundensupport ist kostenlos.\" \/>\n<meta property=\"og:url\" content=\"https:\/\/elfsight.com\/de\/tripadvisor-reviews-widget\/prestashop\/\" \/>\n<meta property=\"og:site_name\" content=\"Elfsight DE\" \/>\n<meta property=\"article:modified_time\" content=\"2025-07-10T13:52:24+00:00\" \/>\n<meta name=\"twitter:card\" content=\"summary_large_image\" \/>\n<meta name=\"twitter:label1\" content=\"Gesch\u00e4tzte Lesezeit\" \/>\n\t<meta name=\"twitter:data1\" content=\"3\u00a0Minuten\" \/>\n<!-- \/ Yoast SEO plugin. -->","yoast_head_json":{"title":"F\u00fcgen Sie das Tripadvisor-Bewertungen-Add-on zu Ihrer PrestaShop-Website hinzu (2025)","description":"Es ist ganz einfach, Ihr Tripadvisor-Bewertungen-Add-on zu erstellen und auf Ihrer PrestaShop-Website zu platzieren. Der Elfsight-Kundensupport ist kostenlos.","robots":{"index":"index","follow":"follow","max-snippet":"max-snippet:-1","max-image-preview":"max-image-preview:large","max-video-preview":"max-video-preview:-1"},"canonical":"https:\/\/elfsight.com\/de\/tripadvisor-reviews-widget\/prestashop\/","og_locale":"de_DE","og_type":"article","og_title":"F\u00fcgen Sie das Tripadvisor-Bewertungen-Add-on zu Ihrer PrestaShop-Website hinzu (2025)","og_description":"Es ist ganz einfach, Ihr Tripadvisor-Bewertungen-Add-on zu erstellen und auf Ihrer PrestaShop-Website zu platzieren. Der Elfsight-Kundensupport ist kostenlos.","og_url":"https:\/\/elfsight.com\/de\/tripadvisor-reviews-widget\/prestashop\/","og_site_name":"Elfsight DE","article_modified_time":"2025-07-10T13:52:24+00:00","twitter_card":"summary_large_image","twitter_misc":{"Gesch\u00e4tzte Lesezeit":"3\u00a0Minuten"},"schema":{"@context":"https:\/\/schema.org","@graph":[{"@type":"WebPage","@id":"https:\/\/elfsight.com\/de\/tripadvisor-reviews-widget\/prestashop\/","url":"https:\/\/elfsight.com\/de\/tripadvisor-reviews-widget\/prestashop\/","name":"F\u00fcgen Sie das Tripadvisor-Bewertungen-Add-on zu Ihrer PrestaShop-Website hinzu (2025)","isPartOf":{"@id":"https:\/\/elfsight.com\/de\/#website"},"datePublished":"1970-01-01T00:00:00+00:00","dateModified":"2025-07-10T13:52:24+00:00","description":"Es ist ganz einfach, Ihr Tripadvisor-Bewertungen-Add-on zu erstellen und auf Ihrer PrestaShop-Website zu platzieren. Der Elfsight-Kundensupport ist kostenlos.","breadcrumb":{"@id":"https:\/\/elfsight.com\/de\/tripadvisor-reviews-widget\/prestashop\/#breadcrumb"},"inLanguage":"de","potentialAction":[{"@type":"ReadAction","target":["https:\/\/elfsight.com\/de\/tripadvisor-reviews-widget\/prestashop\/"]}]},{"@type":"BreadcrumbList","@id":"https:\/\/elfsight.com\/de\/tripadvisor-reviews-widget\/prestashop\/#breadcrumb","itemListElement":[{"@type":"ListItem","position":1,"name":"Home","item":"https:\/\/elfsight.com\/de\/"},{"@type":"ListItem","position":2,"name":"Tripadvisor Reviews","item":"https:\/\/elfsight.com\/de\/tripadvisor-reviews-widget\/"},{"@type":"ListItem","position":3,"name":"Tripadvisor Reviews &#8211; PrestaShop"}]},{"@type":"WebSite","@id":"https:\/\/elfsight.com\/de\/#website","url":"https:\/\/elfsight.com\/de\/","name":"Elfsight DE","description":"Just another Elfsight Sites site","potentialAction":[{"@type":"SearchAction","target":{"@type":"EntryPoint","urlTemplate":"https:\/\/elfsight.com\/de\/?s={search_term_string}"},"query-input":{"@type":"PropertyValueSpecification","valueRequired":true,"valueName":"search_term_string"}}],"inLanguage":"de"}]}},"meta_box":{"industry":"","seo_heading":"","heading":"","description":"","cta_heading":"","cta_description":"","application":"482","h1":"PrestaShop Tripadvisor-Bewertungen-Add-on","h1_caption":"Erh\u00f6hen Sie das Vertrauen Ihrer Kunden, indem Sie Tripadvisor-Bewertungen zu Ihrem Unternehmen direkt auf Ihrer Website pr\u00e4sentieren","application_category":[],"applications_title":"","applications_request_title":"","applications_request_button_text":"","hero_text":"","hero_video":"","hero_video_schema_markup":"","selling_points_title":"","selling_points_caption":"","selling_points":[],"selling_points_cta_text":"","features_title":"","features":"","ed_cta_examples_text":"","ed_cta_examples_hidden":"","ed_cta_demo_text":"","ed_cta_demo_hidden":"","why_caption":"","why_editor_title":"","why_editor_text":"","why_team_title":"","why_team_text":"","why_service_title":"","why_service_text":"","template_catalog_visible":"","template_catalog_title":"","template_catalog_text":"","template_catalog_categories_visible":"","demo_title":"Erstellen Sie Ihr Tripadvisor-Bewertungen-Add-on","demo_caption":"Konfigurieren Sie Ihre Tripadvisor-Bewertungen und f\u00fcgen Sie sie kostenlos zu Ihrer PrestaShop-Website hinzu!","default_faq_hidden":"","app_template_category":[],"platform":"3811","template_public_id":"","codecanyon_url":"","codecanyon_item_id":"","codecanyon_price":"","pricing_caption":"","pricing_elfsight_apps_hide_column":"","pricing_elfsight_apps_url":"","pricing_codecanyon_price_caption":"","integration_category":[],"integration_request_title":"","integration_request_cta":"","integration_platform":"","integrations":[],"platform_category":[],"video_schema_markup":"","price":"ab 0 $ \/ Monat","trial":"","benefits":[{"text":"Kostenlose Installationsunterst\u00fctzung"},{"text":"Au\u00dfergew\u00f6hnlicher Kundenservice"},{"text":"14-t\u00e4gige Geld-zur\u00fcck-Garantie"},{"text":"St\u00e4ndige Aktualisierung"}],"button_url":"#demo","button_target_blank":"","button_nofollow":"","attributes":[{"name":"Installiert","content":"10,000 - 100,000"},{"name":"Reaktionsfreudig","content":"Ja"},{"name":"Kompatible Browser","content":"Firefox, Safari, Opera, Chrome, Edge"}],"tags":[],"tags_disable_links":"","hide_more_platforms":"","video_object":"","demo_hide_cta":"","demo_hide_cloud_options":"","pricing_title":"","pricing":[{"pricing_icon":"platform","pricing_title":"Elfsight Apps","pricing_title_caption":"Plattformunabh\u00e4ngige L\u00f6sung","pricing_price":"ab 0 $ \/ Monat","pricing_price_caption":"Beginnen Sie mit einem kostenlosen Plan","pricing_benefits":[{"text":"Unbegrenzte Domains"},{"text":"Premium-Kundensupport"},{"text":"Kostenlose Installationsunterst\u00fctzung"},{"text":"100 % anpassbar"}],"pricing_button_text":"Zur Website hinzuf\u00fcgen","pricing_button_url":"#demo"}],"related_apps_title":"","related_apps_hidden":"","author":"","image":[],"title":"","job":"","social_networks":[]},"_links":{"self":[{"href":"https:\/\/elfsight.com\/de\/wp-json\/wp\/v2\/pages\/10641","targetHints":{"allow":["GET"]}}],"collection":[{"href":"https:\/\/elfsight.com\/de\/wp-json\/wp\/v2\/pages"}],"about":[{"href":"https:\/\/elfsight.com\/de\/wp-json\/wp\/v2\/types\/page"}],"author":[{"embeddable":true,"href":"https:\/\/elfsight.com\/de\/wp-json\/wp\/v2\/users\/9"}],"replies":[{"embeddable":true,"href":"https:\/\/elfsight.com\/de\/wp-json\/wp\/v2\/comments?post=10641"}],"version-history":[{"count":2,"href":"https:\/\/elfsight.com\/de\/wp-json\/wp\/v2\/pages\/10641\/revisions"}],"predecessor-version":[{"id":22072,"href":"https:\/\/elfsight.com\/de\/wp-json\/wp\/v2\/pages\/10641\/revisions\/22072"}],"up":[{"embeddable":true,"href":"https:\/\/elfsight.com\/de\/wp-json\/wp\/v2\/pages\/1492"}],"wp:attachment":[{"href":"https:\/\/elfsight.com\/de\/wp-json\/wp\/v2\/media?parent=10641"}],"curies":[{"name":"wp","href":"https:\/\/api.w.org\/{rel}","templated":true}]}}