{"id":10636,"date":"1970-01-01T00:00:00","date_gmt":"1970-01-01T00:00:00","guid":{"rendered":"https:\/\/elfsight.com\/de\/?page_id=10636"},"modified":"2025-02-18T14:51:25","modified_gmt":"2025-02-18T14:51:25","slug":"jimdo","status":"publish","type":"page","link":"https:\/\/elfsight.com\/de\/tripadvisor-reviews-widget\/jimdo\/","title":{"rendered":"Tripadvisor Reviews &#8211; Jimdo"},"content":{"rendered":"\n<div class=\"application-platform-content-item-description application-platform-content-item\" id=\"description\" data-nav-section=\"description\"><h2>Beschreibung<\/h2> <p>Elfsight Reviews f\u00fcr Tripadvisor f\u00fcr Jimdo ist ein einfaches Instrument, mit dem Sie die Aufmerksamkeit der Benutzer durch die Anzeige verschiedener Bilder erregen k\u00f6nnen. Videos oder die besten Angebote auf Ihrer Website. Sie k\u00f6nnen beliebig viele Folien verwenden, um Ihre Produkte zu pr\u00e4sentieren und Sonderangebote zu kennzeichnen. F\u00fcgen Sie Spezialeffekte hinzu und skalieren Sie die Bild-\/Videogr\u00f6\u00dfe nach Bedarf. Mit unserem Tool k\u00f6nnen Sie einen auff\u00e4lligen Slider erstellen, der die Aufmerksamkeit der Website-Besucher auf sich zieht und daf\u00fcr sorgt, dass sie Ihre Website nicht zu fr\u00fch verlassen. <\/p> <p><b>Mit Tripadvisor-Bewertungen aktives Gesch\u00e4ftswachstum und mehr Umsatz erzielen <\/b><\/p> <\/div> <div class=\"application-platform-content-item-features application-platform-content-item\" id=\"features\" data-nav-section=\"features\"> <h2>Die wesentlichen Widget-Funktionen enthalten <\/h2> <ul><li>F\u00fcgen Sie CTAs hinzu, um Website-Besucher zur Conversion zu f\u00fchren. <\/li><li>Regulieren Sie die Dauer des Folienwechsels. <\/li><li>W\u00e4hlen Sie zwischen zahlreichen Optionen. <\/li><li>Platzieren Sie den Text mithilfe der erweiterten Position an einer beliebigen Stelle auf der Seite. <\/li><li>Passen Sie 5 Inhaltsoptionen an. <\/li><\/ul><p><a href=\"#demo\">Probieren Sie einfach diese Demo aus, um einen vollst\u00e4ndigen \u00dcberblick zu erhalten<\/a><\/p> <\/div> <div class=\"application-platform-content-item-installation application-platform-content-item\" id=\"installation\" data-nav-section=\"installation\"> <h2>Wie bette ich Tripadvisor-Bewertungen auf meiner Jimdo-Seite ein? <\/h2> <p>Befolgen Sie einfach die unten aufgef\u00fchrten Schritte, um das Widget zu aktivieren. <\/p> <ol><li><b>Nutzen Sie unseren kostenlosen Editor und beginnen Sie mit der Erstellung Ihres eigenen Widgets. <\/b><br> W\u00e4hlen Sie das bevorzugte Layout und die Funktionalit\u00e4t des Tools und speichern Sie die \u00c4nderungen. <\/li> <li><b>Erhalten Sie den individuellen Code, der in der Box auf Elfsight Apps angezeigt wird. <\/b><br> Nachdem die Konfiguration Ihres Widgets abgeschlossen ist, kopieren Sie den exklusiven Code im angezeigten Fenster und bewahren Sie ihn f\u00fcr sp\u00e4tere Gelegenheiten auf. <\/li> <li><b>Beginne mit der Nutzung des Tools auf der Jimdo-Website. <\/b><br> Integrieren Sie den Code, den Sie zuvor kopiert haben, in Ihre Website und \u00fcbernehmen Sie die \u00c4nderungen. <\/li> <li><b>Die Einrichtung ist vollst\u00e4ndig abgeschlossen. <\/b><br> Gehen Sie zu Ihrer Webseite, um zu \u00fcberpr\u00fcfen, wie das Widget ausgef\u00fchrt wird. <\/li><\/ol> <p>Z\u00f6gern Sie nicht, unsere Kundendienstmitarbeiter um Hilfe zu bitten, wenn Sie eine Anfrage bearbeiten oder auf Schwierigkeiten sto\u00dfen. Unsere Spezialisten helfen Ihnen gerne bei allen Fragen rund um das Produkt weiter. <\/p> <div class=\"faq\" data-component=\"FAQ\"> <div class=\"faq-item\">\r\n\t\t\t\t\t<div class=\"faq-item-question\">\r\n\t\t\t\t\t\t<h3 class=\"faq-item-question-text\">Wie f\u00fcge ich ohne Programmierkenntnisse Bewertungen f\u00fcr Tripadvisor zu meiner Jimdo-Website hinzu?<\/h3>\r\n\r\n\t\t\t\t\t\t<div class=\"faq-item-question-icon\"><\/div>\r\n\t\t\t\t\t<\/div>\r\n\r\n\t\t\t\t\t<div class=\"faq-item-answer\">\r\n\t\t\t\t\t\t<div class=\"faq-item-answer-text\"> <p>Elfsight bietet eine SaaS-L\u00f6sung, mit der Sie selbst ein Widget f\u00fcr Bewertungen f\u00fcr Tripadvisor erstellen k\u00f6nnen. Sehen Sie, wie einfach es ist Der Prozess ist: Arbeiten Sie direkt im Online-Editor, um ein Widget \u201eBewertungen f\u00fcr Tripadvisor\u201c zu erstellen, das Sie gerne auf Ihrer Jimdo-Website sehen m\u00f6chten. W\u00e4hlen Sie eine der vorgefertigten Vorlagen aus und passen Sie die Bewertungen f\u00fcr Tripadvisor-Einstellungen an, f\u00fcgen Sie Ihre Inhalte hinzu, \u00e4ndern Sie das Layout und die Farben ohne Programmierkenntnisse. Speichern Sie die Bewertungen f\u00fcr Tripadvisor und kopieren Sie den Installationscode, den Sie in Ihre Jimdo-Website einf\u00fcgen k\u00f6nnen, ohne eine kostenpflichtige Version kaufen zu m\u00fcssen. Mit unserem intuitiven Editor kann jeder Internetnutzer online Bewertungen f\u00fcr das Tripadvisor-Widget erstellen und es einfach in seine Jimdo-Website einbetten. Sie m\u00fcssen weder bezahlen noch Ihre Kartendaten eingeben, um auf den Service zuzugreifen. Sollten bei irgendeinem Schritt Probleme auftreten, wenden Sie sich bitte an unser technisches Support-Team.<\/p> <\/div>\r\n\t\t\t\t\t<\/div>\r\n\t\t\t\t<\/div> <\/div> <\/div>\n","protected":false},"excerpt":{"rendered":"","protected":false},"author":9,"featured_media":0,"parent":1492,"menu_order":0,"comment_status":"closed","ping_status":"closed","template":"templates\/template-application-platform.php","meta":{"publish_to_discourse":"","publish_post_category":"","wpdc_auto_publish_overridden":"","wpdc_topic_tags":"","wpdc_pin_topic":"","wpdc_pin_until":"","discourse_post_id":"","discourse_permalink":"","wpdc_publishing_response":"","wpdc_publishing_error":"","footnotes":""},"class_list":["post-10636","page","type-page","status-publish","hentry"],"yoast_head":"<!-- This site is optimized with the Yoast SEO plugin v25.3.1 - https:\/\/yoast.com\/wordpress\/plugins\/seo\/ -->\n<title>F\u00fcgen Sie das Tripadvisor-Bewertungs-Widget zu Ihrer Jimdo-Website hinzu (2025)<\/title>\n<meta name=\"description\" content=\"Es ist ganz einfach, Ihr Tripadvisor-Bewertungs-Widget zu erstellen und es auf Ihrer Jimdo-Website zu platzieren. Der Elfsight-Kundensupport ist kostenlos.\" \/>\n<meta name=\"robots\" content=\"index, follow, max-snippet:-1, max-image-preview:large, max-video-preview:-1\" \/>\n<link rel=\"canonical\" href=\"https:\/\/elfsight.com\/de\/tripadvisor-reviews-widget\/jimdo\/\" \/>\n<meta property=\"og:locale\" content=\"de_DE\" \/>\n<meta property=\"og:type\" content=\"article\" \/>\n<meta property=\"og:title\" content=\"F\u00fcgen Sie das Tripadvisor-Bewertungs-Widget zu Ihrer Jimdo-Website hinzu (2025)\" \/>\n<meta property=\"og:description\" content=\"Es ist ganz einfach, Ihr Tripadvisor-Bewertungs-Widget zu erstellen und es auf Ihrer Jimdo-Website zu platzieren. Der Elfsight-Kundensupport ist kostenlos.\" \/>\n<meta property=\"og:url\" content=\"https:\/\/elfsight.com\/de\/tripadvisor-reviews-widget\/jimdo\/\" \/>\n<meta property=\"og:site_name\" content=\"Elfsight DE\" \/>\n<meta property=\"article:modified_time\" content=\"2025-02-18T14:51:25+00:00\" \/>\n<meta name=\"twitter:card\" content=\"summary_large_image\" \/>\n<meta name=\"twitter:label1\" content=\"Gesch\u00e4tzte Lesezeit\" \/>\n\t<meta name=\"twitter:data1\" content=\"3\u00a0Minuten\" \/>\n<!-- \/ Yoast SEO plugin. -->","yoast_head_json":{"title":"F\u00fcgen Sie das Tripadvisor-Bewertungs-Widget zu Ihrer Jimdo-Website hinzu (2025)","description":"Es ist ganz einfach, Ihr Tripadvisor-Bewertungs-Widget zu erstellen und es auf Ihrer Jimdo-Website zu platzieren. Der Elfsight-Kundensupport ist kostenlos.","robots":{"index":"index","follow":"follow","max-snippet":"max-snippet:-1","max-image-preview":"max-image-preview:large","max-video-preview":"max-video-preview:-1"},"canonical":"https:\/\/elfsight.com\/de\/tripadvisor-reviews-widget\/jimdo\/","og_locale":"de_DE","og_type":"article","og_title":"F\u00fcgen Sie das Tripadvisor-Bewertungs-Widget zu Ihrer Jimdo-Website hinzu (2025)","og_description":"Es ist ganz einfach, Ihr Tripadvisor-Bewertungs-Widget zu erstellen und es auf Ihrer Jimdo-Website zu platzieren. Der Elfsight-Kundensupport ist kostenlos.","og_url":"https:\/\/elfsight.com\/de\/tripadvisor-reviews-widget\/jimdo\/","og_site_name":"Elfsight DE","article_modified_time":"2025-02-18T14:51:25+00:00","twitter_card":"summary_large_image","twitter_misc":{"Gesch\u00e4tzte Lesezeit":"3\u00a0Minuten"},"schema":{"@context":"https:\/\/schema.org","@graph":[{"@type":"WebPage","@id":"https:\/\/elfsight.com\/de\/tripadvisor-reviews-widget\/jimdo\/","url":"https:\/\/elfsight.com\/de\/tripadvisor-reviews-widget\/jimdo\/","name":"F\u00fcgen Sie das Tripadvisor-Bewertungs-Widget zu Ihrer Jimdo-Website hinzu (2025)","isPartOf":{"@id":"https:\/\/elfsight.com\/de\/#website"},"datePublished":"1970-01-01T00:00:00+00:00","dateModified":"2025-02-18T14:51:25+00:00","description":"Es ist ganz einfach, Ihr Tripadvisor-Bewertungs-Widget zu erstellen und es auf Ihrer Jimdo-Website zu platzieren. Der Elfsight-Kundensupport ist kostenlos.","breadcrumb":{"@id":"https:\/\/elfsight.com\/de\/tripadvisor-reviews-widget\/jimdo\/#breadcrumb"},"inLanguage":"de","potentialAction":[{"@type":"ReadAction","target":["https:\/\/elfsight.com\/de\/tripadvisor-reviews-widget\/jimdo\/"]}]},{"@type":"BreadcrumbList","@id":"https:\/\/elfsight.com\/de\/tripadvisor-reviews-widget\/jimdo\/#breadcrumb","itemListElement":[{"@type":"ListItem","position":1,"name":"Home","item":"https:\/\/elfsight.com\/de\/"},{"@type":"ListItem","position":2,"name":"Tripadvisor Reviews","item":"https:\/\/elfsight.com\/de\/tripadvisor-reviews-widget\/"},{"@type":"ListItem","position":3,"name":"Tripadvisor Reviews &#8211; Jimdo"}]},{"@type":"WebSite","@id":"https:\/\/elfsight.com\/de\/#website","url":"https:\/\/elfsight.com\/de\/","name":"Elfsight DE","description":"Just another Elfsight Sites site","potentialAction":[{"@type":"SearchAction","target":{"@type":"EntryPoint","urlTemplate":"https:\/\/elfsight.com\/de\/?s={search_term_string}"},"query-input":{"@type":"PropertyValueSpecification","valueRequired":true,"valueName":"search_term_string"}}],"inLanguage":"de"}]}},"meta_box":{"industry":"","seo_heading":"","heading":"","description":"","cta_heading":"","cta_description":"","application":"482","h1":"Jimdo Tripadvisor-Bewertungs-Widget","h1_caption":"Zeigen Sie Bewertungen an, die Benutzer auf Tripadvisor \u00fcber Sie hinterlassen","application_category":[],"applications_title":"","applications_request_title":"","applications_request_button_text":"","hero_text":"","hero_video":"","hero_video_schema_markup":"","selling_points_title":"","selling_points_caption":"","selling_points":[],"selling_points_cta_text":"","features_title":"","features":"","ed_cta_examples_text":"","ed_cta_examples_hidden":"","ed_cta_demo_text":"","ed_cta_demo_hidden":"","why_caption":"","why_editor_title":"","why_editor_text":"","why_team_title":"","why_team_text":"","why_service_title":"","why_service_text":"","template_catalog_visible":"0","template_catalog_title":"","template_catalog_text":"","template_catalog_categories_visible":"","demo_title":"Erstellen Sie Ihr Tripadvisor-Bewertungs-Widget","demo_caption":"Konfigurieren Sie Ihre Tripadvisor-Bewertungen und f\u00fcgen Sie sie kostenlos zu Ihrer Jimdo-Website hinzu!","default_faq_hidden":"","app_template_category":[],"platform":"239","template_public_id":"","codecanyon_url":"","codecanyon_item_id":"","codecanyon_price":"","pricing_caption":"","pricing_elfsight_apps_hide_column":"","pricing_elfsight_apps_url":"","pricing_codecanyon_price_caption":"","integration_category":[],"integration_request_title":"","integration_request_cta":"","integration_platform":"","integrations":[],"platform_category":[],"video_schema_markup":"","price":"ab 0 $ \/ Monat","trial":"","benefits":[{"text":"Kostenlose Installationsunterst\u00fctzung"},{"text":"Erfahrener Kundensupport"},{"text":"14-t\u00e4gige R\u00fcckerstattungsgarantie"},{"text":"Fortlaufende Entwicklung"}],"button_url":"#demo","button_target_blank":"0","button_nofollow":"0","attributes":[{"name":"Installiert","content":"10,000 - 100,000"},{"name":"Reaktionsfreudig","content":"Ja"},{"name":"Kompatible Browser","content":"Firefox, Safari, Opera, Chrome, Edge"}],"tags":[],"tags_disable_links":"0","hide_more_platforms":"0","video_object":"","demo_hide_cta":"0","demo_hide_cloud_options":"0","pricing_title":"","pricing":[{"pricing_icon":"platform","pricing_title":"Elfsight Apps","pricing_title_caption":"Plattformunabh\u00e4ngige Version, die auf jeder Website funktioniert","pricing_price":"ab 0 $ \/ Monat","pricing_price_caption":"Beginnen Sie mit einem kostenlosen Plan","pricing_benefits":[{"text":"Unbegrenzte Anzahl an Websites"},{"text":"Unternehmensunterst\u00fctzung rund um die Uhr"},{"text":"Kostenlose Installationsunterst\u00fctzung"},{"text":"V\u00f6llig anpassbar"}],"pricing_button_text":"Zur Website hinzuf\u00fcgen","pricing_button_url":"#demo"}],"related_apps_title":"","related_apps_hidden":"0","author":"","image":[],"title":"","job":"","social_networks":[]},"_links":{"self":[{"href":"https:\/\/elfsight.com\/de\/wp-json\/wp\/v2\/pages\/10636","targetHints":{"allow":["GET"]}}],"collection":[{"href":"https:\/\/elfsight.com\/de\/wp-json\/wp\/v2\/pages"}],"about":[{"href":"https:\/\/elfsight.com\/de\/wp-json\/wp\/v2\/types\/page"}],"author":[{"embeddable":true,"href":"https:\/\/elfsight.com\/de\/wp-json\/wp\/v2\/users\/9"}],"replies":[{"embeddable":true,"href":"https:\/\/elfsight.com\/de\/wp-json\/wp\/v2\/comments?post=10636"}],"version-history":[{"count":3,"href":"https:\/\/elfsight.com\/de\/wp-json\/wp\/v2\/pages\/10636\/revisions"}],"predecessor-version":[{"id":24359,"href":"https:\/\/elfsight.com\/de\/wp-json\/wp\/v2\/pages\/10636\/revisions\/24359"}],"up":[{"embeddable":true,"href":"https:\/\/elfsight.com\/de\/wp-json\/wp\/v2\/pages\/1492"}],"wp:attachment":[{"href":"https:\/\/elfsight.com\/de\/wp-json\/wp\/v2\/media?parent=10636"}],"curies":[{"name":"wp","href":"https:\/\/api.w.org\/{rel}","templated":true}]}}