{"id":10626,"date":"1970-01-01T00:00:00","date_gmt":"1970-01-01T00:00:00","guid":{"rendered":"https:\/\/elfsight.com\/de\/?page_id=10626"},"modified":"2025-07-10T08:33:53","modified_gmt":"2025-07-10T08:33:53","slug":"elementor","status":"publish","type":"page","link":"https:\/\/elfsight.com\/de\/tiktok-feed-widget\/elementor\/","title":{"rendered":"TikTok Feed &#8211; Elementor"},"content":{"rendered":"<div class=\"application-platform-content-item-description application-platform-content-item\" id=\"description\" data-nav-section=\"description\"> <h2>TikTok-Feed auf Elementor mit dem Elfsight-Widget einbetten<\/h2> <p>Elfsight TiKTok Feed ist ein exklusives Widget f\u00fcr Elementor, nicht nur zum Verkaufen G\u00fcter, sondern Emotionen und Erlebnisse. Damit k\u00f6nnen Sie individuelle Feeds aus den Inhalten von TikTok gestalten \u2013 und diese direkt auf Ihrer Webseite anzeigen. Entwerfen Sie in wenigen Minuten eine Videogalerie! \u00dcben Sie die absolute Kontrolle \u00fcber einen angezeigten Inhalt aus und entfernen Sie Spam und alle unerw\u00fcnschten Inhalte durch manuelle Moderation. Der vollst\u00e4ndig responsive Online-Konfigurator bietet Ihnen vielf\u00e4ltige Vorlagen zur Auswahl. <\/p> <p><b>Machen Sie Ihre Website mit TikTok-Feed effektiver f\u00fcr Gesch\u00e4ftsziele<\/b><\/p> <\/div> <div class=\"application-platform-content-item-features application-platform-content-item\" id=\"features\" data-nav-section=\"features\"> <h2>Zu den grundlegenden Widget-Funktionen geh\u00f6ren<\/h2> <ul><li>Verstecken Sie die Kopfzeile, damit das Widget minimalistisch aussieht. <\/li><li>Entfernen Sie Spam und unerw\u00fcnschte Inhalte mit dem manuellen Moderationsmodus. <\/li><li>Installieren Sie die Schaltfl\u00e4che \u201eFolgen\u201c im Werkzeug-Feed. <\/li><li>Erlauben Sie, dass Ihre Beitr\u00e4ge in einem Pop-up angezeigt werden. <\/li><\/ul><p><a href=\"#demo\">Die volle Funktionalit\u00e4t des Widgets erfahren Sie in der Demo <\/a><\/p> <\/div> <div class=\"application-platform-content-item- Installation application-platform-content-item\" id=\" Installation\" data-nav-section=\" Installation\"> <h2>Wie f\u00fcge ich TikTok-Feed zu meiner Elementor-Site hinzu? <\/h2> <p>Befolgen Sie einfach die nachstehenden Anweisungen, um das Widget einzuf\u00fcgen. <\/p> <ol><li><b>Nutzen Sie unseren kostenlosen Editor und beginnen Sie mit der Gestaltung Ihres eigenen Widgets. <\/b><br> Bestimmen Sie das gew\u00fcnschte Aussehen und die gew\u00fcnschten Optionen des Plugins und speichern Sie die \u00c4nderungen. <\/li> <li><b>Holen Sie sich den pers\u00f6nlichen Code, der in der speziellen Form auf Elfsight Apps angezeigt wird. <\/b><br> Direkt nachdem die Konfiguration Ihres pers\u00f6nlichen Widgets abgeschlossen ist, kopieren Sie den exklusiven Code in das entstandene Feld und speichern Sie ihn zur weiteren Verwendung. <\/li> <li><b>Beginnen Sie mit der Nutzung des Tools auf Ihrer Elementor-Website. <\/b><br> Platzieren Sie den zuletzt gespeicherten Code auf Ihrer Website und speichern Sie die Korrekturen. <\/li> <li><b>Fertig! Die Integration ist vollst\u00e4ndig abgeschlossen. <\/b><br> Gehen Sie auf Ihre Webseite, um die Funktionsweise des Plugins zu \u00fcberpr\u00fcfen. <\/li><\/ol> <p>Wenn Sie Fragen haben oder auf Schwierigkeiten sto\u00dfen, wenden Sie sich bitte an unser Support-Team. Unsere Spezialisten helfen Ihnen gerne bei allen Problemen rund um das Widget weiter. <\/p> <\/div><div class=\"faq\" data-component=\"FAQ\"><div class=\"faq-item\">\r\n\t\t\t\t\t<div class=\"faq-item-question\">\r\n\t\t\t\t\t\t<h3 class=\"faq-item-question-text\">Gibt es eine Option, TikTok-Feed ohne Codierung zu meiner Elementor-Site hinzuzuf\u00fcgen?<\/h3>\r\n\r\n\t\t\t\t\t\t<div class=\"faq-item-question-icon\"><\/div>\r\n\t\t\t\t\t<\/div>\r\n\r\n\t\t\t\t\t<div class=\"faq-item-answer\">\r\n\t\t\t\t\t\t<div class=\"faq-item-answer-text\"><p>Das Unternehmen Elfsight stellt eine vor SaaS-L\u00f6sung, mit der Benutzer selbst ein TikTok-Feed-Widget erstellen k\u00f6nnen. Pr\u00fcfen Sie, wie einfach es ist:<\/p><ul><li>Gehen Sie zum Online-Editor, um ein TikTok-Feed-Widget zu erstellen, das Sie auf Ihrer Elementor-Website einbetten m\u00f6chten.<\/li><li>W\u00e4hlen Sie eine unserer vorgefertigten Vorlagen aus und \u00e4ndern Sie die TikTok-Feed-Einstellungen, \u00e4ndern Sie das Layout und die Farben, aktualisieren Sie Ihre Inhalte ohne Codierung.<\/li><li>Speichern Sie den TikTok-Feed und kopieren Sie den Installationscode Sie k\u00f6nnen es m\u00fchelos in Ihre Elementor-Website einbinden, ohne eine kostenpflichtige Version kaufen zu m\u00fcssen.<\/li><\/ul><p>Mit unserem benutzerfreundlichen Konfigurator kann jeder Internetnutzer einen TikTok-Feed erstellen und in seine Elementor-Website einbinden. Sie m\u00fcssen weder bezahlen noch Ihre Kartendaten eingeben, um auf unseren Editor zuzugreifen. Wenn Sie auf Probleme jeglicher Art sto\u00dfen, wenden Sie sich bitte an unser Support-Team.<\/p><\/div>\r\n\t\t\t\t\t<\/div>\r\n\t\t\t\t<\/div><\/div>","protected":false},"excerpt":{"rendered":"","protected":false},"author":9,"featured_media":0,"parent":4068,"menu_order":0,"comment_status":"closed","ping_status":"closed","template":"templates\/template-application-platform.php","meta":{"publish_to_discourse":"","publish_post_category":"","wpdc_auto_publish_overridden":"","wpdc_topic_tags":"","wpdc_pin_topic":"","wpdc_pin_until":"","discourse_post_id":"","discourse_permalink":"","wpdc_publishing_response":"","wpdc_publishing_error":"","footnotes":""},"class_list":["post-10626","page","type-page","status-publish","hentry"],"yoast_head":"<!-- This site is optimized with the Yoast SEO plugin v25.3.1 - https:\/\/yoast.com\/wordpress\/plugins\/seo\/ -->\n<title>F\u00fcgen Sie das TikTok-Feed-Widget zur Elementor-Website hinzu (schnell und kostenlos)<\/title>\n<meta name=\"description\" content=\"Betten Sie ein f\u00fcr Mobilger\u00e4te optimiertes Elementor-TikTok-Feed-Widget in Ihre Website ein. Nutzen Sie die praktische Elfsight-Demo und erstellen Sie Ihre atemberaubende TikTok-Erweiterung!\" \/>\n<meta name=\"robots\" content=\"index, follow, max-snippet:-1, max-image-preview:large, max-video-preview:-1\" \/>\n<link rel=\"canonical\" href=\"https:\/\/elfsight.com\/de\/tiktok-feed-widget\/elementor\/\" \/>\n<meta property=\"og:locale\" content=\"de_DE\" \/>\n<meta property=\"og:type\" content=\"article\" \/>\n<meta property=\"og:title\" content=\"F\u00fcgen Sie das TikTok-Feed-Widget zur Elementor-Website hinzu (schnell und kostenlos)\" \/>\n<meta property=\"og:description\" content=\"Betten Sie ein f\u00fcr Mobilger\u00e4te optimiertes Elementor-TikTok-Feed-Widget in Ihre Website ein. Nutzen Sie die praktische Elfsight-Demo und erstellen Sie Ihre atemberaubende TikTok-Erweiterung!\" \/>\n<meta property=\"og:url\" content=\"https:\/\/elfsight.com\/de\/tiktok-feed-widget\/elementor\/\" \/>\n<meta property=\"og:site_name\" content=\"Elfsight DE\" \/>\n<meta property=\"article:modified_time\" content=\"2025-07-10T08:33:53+00:00\" \/>\n<meta name=\"twitter:card\" content=\"summary_large_image\" \/>\n<meta name=\"twitter:label1\" content=\"Gesch\u00e4tzte Lesezeit\" \/>\n\t<meta name=\"twitter:data1\" content=\"3\u00a0Minuten\" \/>\n<!-- \/ Yoast SEO plugin. -->","yoast_head_json":{"title":"F\u00fcgen Sie das TikTok-Feed-Widget zur Elementor-Website hinzu (schnell und kostenlos)","description":"Betten Sie ein f\u00fcr Mobilger\u00e4te optimiertes Elementor-TikTok-Feed-Widget in Ihre Website ein. Nutzen Sie die praktische Elfsight-Demo und erstellen Sie Ihre atemberaubende TikTok-Erweiterung!","robots":{"index":"index","follow":"follow","max-snippet":"max-snippet:-1","max-image-preview":"max-image-preview:large","max-video-preview":"max-video-preview:-1"},"canonical":"https:\/\/elfsight.com\/de\/tiktok-feed-widget\/elementor\/","og_locale":"de_DE","og_type":"article","og_title":"F\u00fcgen Sie das TikTok-Feed-Widget zur Elementor-Website hinzu (schnell und kostenlos)","og_description":"Betten Sie ein f\u00fcr Mobilger\u00e4te optimiertes Elementor-TikTok-Feed-Widget in Ihre Website ein. Nutzen Sie die praktische Elfsight-Demo und erstellen Sie Ihre atemberaubende TikTok-Erweiterung!","og_url":"https:\/\/elfsight.com\/de\/tiktok-feed-widget\/elementor\/","og_site_name":"Elfsight DE","article_modified_time":"2025-07-10T08:33:53+00:00","twitter_card":"summary_large_image","twitter_misc":{"Gesch\u00e4tzte Lesezeit":"3\u00a0Minuten"},"schema":{"@context":"https:\/\/schema.org","@graph":[{"@type":"WebPage","@id":"https:\/\/elfsight.com\/de\/tiktok-feed-widget\/elementor\/","url":"https:\/\/elfsight.com\/de\/tiktok-feed-widget\/elementor\/","name":"F\u00fcgen Sie das TikTok-Feed-Widget zur Elementor-Website hinzu (schnell und kostenlos)","isPartOf":{"@id":"https:\/\/elfsight.com\/de\/#website"},"datePublished":"1970-01-01T00:00:00+00:00","dateModified":"2025-07-10T08:33:53+00:00","description":"Betten Sie ein f\u00fcr Mobilger\u00e4te optimiertes Elementor-TikTok-Feed-Widget in Ihre Website ein. Nutzen Sie die praktische Elfsight-Demo und erstellen Sie Ihre atemberaubende TikTok-Erweiterung!","breadcrumb":{"@id":"https:\/\/elfsight.com\/de\/tiktok-feed-widget\/elementor\/#breadcrumb"},"inLanguage":"de","potentialAction":[{"@type":"ReadAction","target":["https:\/\/elfsight.com\/de\/tiktok-feed-widget\/elementor\/"]}]},{"@type":"BreadcrumbList","@id":"https:\/\/elfsight.com\/de\/tiktok-feed-widget\/elementor\/#breadcrumb","itemListElement":[{"@type":"ListItem","position":1,"name":"Home","item":"https:\/\/elfsight.com\/de\/"},{"@type":"ListItem","position":2,"name":"TikTok Feed","item":"https:\/\/elfsight.com\/de\/tiktok-feed-widget\/"},{"@type":"ListItem","position":3,"name":"TikTok Feed &#8211; Elementor"}]},{"@type":"WebSite","@id":"https:\/\/elfsight.com\/de\/#website","url":"https:\/\/elfsight.com\/de\/","name":"Elfsight DE","description":"Just another Elfsight Sites site","potentialAction":[{"@type":"SearchAction","target":{"@type":"EntryPoint","urlTemplate":"https:\/\/elfsight.com\/de\/?s={search_term_string}"},"query-input":{"@type":"PropertyValueSpecification","valueRequired":true,"valueName":"search_term_string"}}],"inLanguage":"de"}]}},"meta_box":{"industry":"","seo_heading":"","heading":"","description":"","cta_heading":"","cta_description":"","application":"4067","h1":"Elementor TikTok-Feed-Widget","h1_caption":"Pr\u00e4sentieren Sie trendige Tiktok-Videos nach Hashtag oder Konto und f\u00fcgen Sie Ihrer Elementor-Website m\u00fchelos dynamische, ansprechende Inhalte hinzu.","application_category":[],"applications_title":"","applications_request_title":"","applications_request_button_text":"","hero_text":"","hero_video":"","hero_video_schema_markup":"","selling_points_title":"","selling_points_caption":"","selling_points":[],"selling_points_cta_text":"","features_title":"","features":"","ed_cta_examples_text":"","ed_cta_examples_hidden":"","ed_cta_demo_text":"","ed_cta_demo_hidden":"","why_caption":"","why_editor_title":"","why_editor_text":"","why_team_title":"","why_team_text":"","why_service_title":"","why_service_text":"","template_catalog_visible":"","template_catalog_title":"","template_catalog_text":"","template_catalog_categories_visible":"","demo_title":"Erstellen Sie Ihr TikTok-Feed-Widget","demo_caption":"Konfigurieren Sie Ihren TikTok-Feed und f\u00fcgen Sie ihn kostenlos zu Ihrer Elementor-Website hinzu!","default_faq_hidden":"","app_template_category":[],"platform":"223","template_public_id":"","codecanyon_url":"","codecanyon_item_id":"","codecanyon_price":"","pricing_caption":"","pricing_elfsight_apps_hide_column":"","pricing_elfsight_apps_url":"","pricing_codecanyon_price_caption":"","integration_category":[],"integration_request_title":"","integration_request_cta":"","integration_platform":"","integrations":[],"platform_category":[],"video_schema_markup":"","price":"ab 0 $ \/ Monat","trial":"","benefits":[{"text":"Kostenlose Installationsunterst\u00fctzung"},{"text":"Effektiver Kundenservice"},{"text":"14-t\u00e4gige R\u00fcckerstattungsgarantie"},{"text":"Kontinuierliche Updates"}],"button_url":"#demo","button_target_blank":"","button_nofollow":"","attributes":[{"name":"Installiert","content":"10,000 - 100,000"},{"name":"Reaktionsfreudig","content":"Ja"},{"name":"Kompatible Browser","content":"Firefox, Safari, Opera, Chrome, Edge"}],"tags":[],"tags_disable_links":"","hide_more_platforms":"","video_object":"","demo_hide_cta":"","demo_hide_cloud_options":"","pricing_title":"","pricing":[{"pricing_icon":"platform","pricing_title":"Elfsight Apps","pricing_title_caption":"Multiplattform-Software, die auf jeder Website funktioniert","pricing_price":"ab 0 $ \/ Monat","pricing_price_caption":"Beginnen Sie mit einem kostenlosen Plan","pricing_benefits":[{"text":"Unbegrenzte Domains"},{"text":"Support rund um die Uhr und gut dokumentiert"},{"text":"Kostenlose Installationsunterst\u00fctzung"},{"text":"Flexibles Design"}],"pricing_button_text":"Zur Website hinzuf\u00fcgen","pricing_button_url":"#demo"}],"related_apps_title":"","related_apps_hidden":"","author":"","image":[],"title":"","job":"","social_networks":[]},"_links":{"self":[{"href":"https:\/\/elfsight.com\/de\/wp-json\/wp\/v2\/pages\/10626","targetHints":{"allow":["GET"]}}],"collection":[{"href":"https:\/\/elfsight.com\/de\/wp-json\/wp\/v2\/pages"}],"about":[{"href":"https:\/\/elfsight.com\/de\/wp-json\/wp\/v2\/types\/page"}],"author":[{"embeddable":true,"href":"https:\/\/elfsight.com\/de\/wp-json\/wp\/v2\/users\/9"}],"replies":[{"embeddable":true,"href":"https:\/\/elfsight.com\/de\/wp-json\/wp\/v2\/comments?post=10626"}],"version-history":[{"count":2,"href":"https:\/\/elfsight.com\/de\/wp-json\/wp\/v2\/pages\/10626\/revisions"}],"predecessor-version":[{"id":22066,"href":"https:\/\/elfsight.com\/de\/wp-json\/wp\/v2\/pages\/10626\/revisions\/22066"}],"up":[{"embeddable":true,"href":"https:\/\/elfsight.com\/de\/wp-json\/wp\/v2\/pages\/4068"}],"wp:attachment":[{"href":"https:\/\/elfsight.com\/de\/wp-json\/wp\/v2\/media?parent=10626"}],"curies":[{"name":"wp","href":"https:\/\/api.w.org\/{rel}","templated":true}]}}