{"id":10625,"date":"1970-01-01T00:00:00","date_gmt":"1970-01-01T00:00:00","guid":{"rendered":"https:\/\/elfsight.com\/de\/?page_id=10625"},"modified":"2025-07-10T08:34:30","modified_gmt":"2025-07-10T08:34:30","slug":"joomla","status":"publish","type":"page","link":"https:\/\/elfsight.com\/de\/tiktok-feed-widget\/joomla\/","title":{"rendered":"TikTok Feed &#8211; Joomla"},"content":{"rendered":"<div class=\"application-platform-content-item-description application-platform-content-item\" id=\"description\" data-nav-section=\"description\"> <h2>Beschreibung<\/h2> <p>Elfsight TiKTok Feed f\u00fcr Joomla ist eine spezielle Erweiterung f\u00fcr die Vermarktung nicht nur von Dingen, sondern auch von Emotionen und Erfahrungen. Damit k\u00f6nnen Sie einen personalisierten Feed mit Ihren Inhalten von TikTok entwickeln und diesen direkt auf Ihrer Webseite anzeigen. Erstellen Sie mit wenigen Klicks eine Videogalerie! Genie\u00dfen Sie die volle Kontrolle \u00fcber einen aufgedeckten Inhalt und eliminieren Sie Spam und alle unerw\u00fcnschten Inhalte durch manuelle Moderation. Der vollst\u00e4ndig reaktionsf\u00e4hige Online-Konfigurator bietet Ihnen mehrere Vorlagen zur Auswahl. <\/p> <p><b>Erleben Sie mit TikTok Feed ein starkes Gesch\u00e4ftswachstum und steigern Sie den Umsatz <\/b><\/p> <\/div> <div class=\"application-platform-content-item-features application-platform-content-item\" id=\"features\" data-nav-section=\"features\"> <h2>Nachstehend finden Sie die zentralen Funktionen des Erweiterung: <\/h2> <ul><li>Verdecken Sie den Kopfbereich, damit Ihr Werkzeug minimalistisch aussieht. <\/li><li>Beseitigen Sie Spam und unerw\u00fcnschte Inhalte mithilfe des manuellen Moderationsmodus. <\/li><li>Platzieren Sie die Schaltfl\u00e4che \u201eFolgen\u201c auf den Werkzeugkarten. <\/li><li>Lassen Sie Ihre Beitr\u00e4ge in einem Popup-Modus anzeigen. <\/li><\/ul><p><a href=\"#demo\">Entdecken Sie alle Anpassungsoptionen in einer 100 % funktionsf\u00e4higen Demo<\/a><\/p> <\/div> <div class=\"application-platform-content-item-installation application-platform-content-item\" id=\"installation\" data-nav-section=\"installation\"> <h2>Wie f\u00fcge ich einen TikTok-Feed zu meiner Joomla-Website hinzu? <\/h2> <p>Befolgen Sie einfach die unten aufgef\u00fchrten Schritte, um das Tool zu aktivieren. <\/p> <ol><li><b>Verwalten Sie unseren kostenlosen Editor und beginnen Sie mit der Erstellung Ihres eigenen Instruments. <\/b><br> W\u00e4hlen Sie das gew\u00fcnschte Design und die gew\u00fcnschten Parameter der Erweiterung und speichern Sie die \u00c4nderungen. <\/li> <li><b>Erhalten Sie Ihren pers\u00f6nlichen Code, der im speziellen Formular auf Elfsight Apps angezeigt wird. <\/b><br> Kopieren Sie nach Abschluss der Anpassung Ihres pers\u00f6nlichen Tools den pers\u00f6nlichen Code aus dem angezeigten Feld und bewahren Sie ihn zur weiteren Verwendung auf. <\/li> <li><b>Geben Sie die Verwendung des Widgets auf der Joomla-Site ein. <\/b><br> Betten Sie den Code, den Sie zuvor kopiert haben, in Ihre Seite ein und wenden Sie die Verbesserungen an. <\/li> <li><b>Du bist fertig! Die Einbettung ist vollst\u00e4ndig durchgef\u00fchrt. <\/b><br> Besuchen Sie Ihre Website, um die Funktionsweise des Plugins in Aktion zu sehen. <\/li><\/ol> <p>Wenn Sie auf Komplikationen sto\u00dfen, scheuen Sie sich nicht, sich an unser Support-Team zu wenden. Unsere Spezialisten helfen Ihnen gerne bei allen Fragen rund um das Widget weiter. <\/p> <\/div><div class=\"faq\" data-component=\"FAQ\"><div class=\"faq-item\">\r\n\t\t\t\t\t<div class=\"faq-item-question\">\r\n\t\t\t\t\t\t<h3 class=\"faq-item-question-text\">Wie ist es m\u00f6glich, TikTok-Feed zu meinem Joomla hinzuzuf\u00fcgen, ohne Programmiererfahrung zu haben?<\/h3>\r\n\r\n\t\t\t\t\t\t<div class=\"faq-item-question-icon\"><\/div>\r\n\t\t\t\t\t<\/div>\r\n\r\n\t\t\t\t\t<div class=\"faq-item-answer\">\r\n\t\t\t\t\t\t<div class=\"faq-item-answer-text\"><p>Das Unternehmen Elfsight stellt vor Eine L\u00f6sung, mit der Websitebesitzer selbst einen TikTok-Feed-Bereich erstellen k\u00f6nnen. Entdecken Sie die unkomplizierte Anleitung:<\/p><ul><li>Beginnen Sie mit der Arbeit direkt im Online-Editor, um ein TikTok-Feed-Plugin zu erstellen, das Sie auf der Joomla-Website hinzuf\u00fcgen m\u00f6chten .<\/li><li>Entscheiden Sie sich f\u00fcr eine der vorgefertigten Vorlagen und \u00e4ndern Sie die TikTok-Feed-Einstellungen, f\u00fcgen Sie Ihre Inhalte ein, \u00e4ndern Sie das Layout und die Farben ohne Codierung.<\/li><li>Speichern Sie den TikTok-Feed und erhalten Sie den Installationscode , das Sie mit einem kostenlosen Plan m\u00fchelos in die Joomla-Website einf\u00fcgen k\u00f6nnen.<\/li><\/ul><p>Mit dem benutzerfreundlichen Editor kann jeder Webbenutzer ein TikTok-Feed-Widget erstellen und es m\u00fchelos zur Joomla-Website hinzuf\u00fcgen. Sie m\u00fcssen nicht bezahlen oder Ihre Kartendaten eingeben, um den Editor zu betreten. Sollten bei irgendeinem Schritt Probleme auftreten, z\u00f6gern Sie bitte nicht, sich an unsere Support-Mitarbeiter zu wenden.<\/p><\/div>\r\n\t\t\t\t\t<\/div>\r\n\t\t\t\t<\/div><\/div>","protected":false},"excerpt":{"rendered":"","protected":false},"author":9,"featured_media":0,"parent":4068,"menu_order":0,"comment_status":"closed","ping_status":"closed","template":"templates\/template-application-platform.php","meta":{"publish_to_discourse":"","publish_post_category":"","wpdc_auto_publish_overridden":"","wpdc_topic_tags":"","wpdc_pin_topic":"","wpdc_pin_until":"","discourse_post_id":"","discourse_permalink":"","wpdc_publishing_response":"","wpdc_publishing_error":"","footnotes":""},"class_list":["post-10625","page","type-page","status-publish","hentry"],"yoast_head":"<!-- This site is optimized with the Yoast SEO plugin v25.3.1 - https:\/\/yoast.com\/wordpress\/plugins\/seo\/ -->\n<title>F\u00fcgen Sie der Joomla-Website die TikTok-Feed-Erweiterung hinzu (schnell und kostenlos)<\/title>\n<meta name=\"description\" content=\"F\u00fcgen Sie ein responsives Joomla-TikTok-Feed-Widget auf Ihrer Website ein. Nutzen Sie die praktische Elfsight-Demo und erstellen Sie Ihre fantastische TikTok-Erweiterung!\" \/>\n<meta name=\"robots\" content=\"index, follow, max-snippet:-1, max-image-preview:large, max-video-preview:-1\" \/>\n<link rel=\"canonical\" href=\"https:\/\/elfsight.com\/de\/tiktok-feed-widget\/joomla\/\" \/>\n<meta property=\"og:locale\" content=\"de_DE\" \/>\n<meta property=\"og:type\" content=\"article\" \/>\n<meta property=\"og:title\" content=\"F\u00fcgen Sie der Joomla-Website die TikTok-Feed-Erweiterung hinzu (schnell und kostenlos)\" \/>\n<meta property=\"og:description\" content=\"F\u00fcgen Sie ein responsives Joomla-TikTok-Feed-Widget auf Ihrer Website ein. Nutzen Sie die praktische Elfsight-Demo und erstellen Sie Ihre fantastische TikTok-Erweiterung!\" \/>\n<meta property=\"og:url\" content=\"https:\/\/elfsight.com\/de\/tiktok-feed-widget\/joomla\/\" \/>\n<meta property=\"og:site_name\" content=\"Elfsight DE\" \/>\n<meta property=\"article:modified_time\" content=\"2025-07-10T08:34:30+00:00\" \/>\n<meta name=\"twitter:card\" content=\"summary_large_image\" \/>\n<meta name=\"twitter:label1\" content=\"Gesch\u00e4tzte Lesezeit\" \/>\n\t<meta name=\"twitter:data1\" content=\"3\u00a0Minuten\" \/>\n<!-- \/ Yoast SEO plugin. -->","yoast_head_json":{"title":"F\u00fcgen Sie der Joomla-Website die TikTok-Feed-Erweiterung hinzu (schnell und kostenlos)","description":"F\u00fcgen Sie ein responsives Joomla-TikTok-Feed-Widget auf Ihrer Website ein. Nutzen Sie die praktische Elfsight-Demo und erstellen Sie Ihre fantastische TikTok-Erweiterung!","robots":{"index":"index","follow":"follow","max-snippet":"max-snippet:-1","max-image-preview":"max-image-preview:large","max-video-preview":"max-video-preview:-1"},"canonical":"https:\/\/elfsight.com\/de\/tiktok-feed-widget\/joomla\/","og_locale":"de_DE","og_type":"article","og_title":"F\u00fcgen Sie der Joomla-Website die TikTok-Feed-Erweiterung hinzu (schnell und kostenlos)","og_description":"F\u00fcgen Sie ein responsives Joomla-TikTok-Feed-Widget auf Ihrer Website ein. Nutzen Sie die praktische Elfsight-Demo und erstellen Sie Ihre fantastische TikTok-Erweiterung!","og_url":"https:\/\/elfsight.com\/de\/tiktok-feed-widget\/joomla\/","og_site_name":"Elfsight DE","article_modified_time":"2025-07-10T08:34:30+00:00","twitter_card":"summary_large_image","twitter_misc":{"Gesch\u00e4tzte Lesezeit":"3\u00a0Minuten"},"schema":{"@context":"https:\/\/schema.org","@graph":[{"@type":"WebPage","@id":"https:\/\/elfsight.com\/de\/tiktok-feed-widget\/joomla\/","url":"https:\/\/elfsight.com\/de\/tiktok-feed-widget\/joomla\/","name":"F\u00fcgen Sie der Joomla-Website die TikTok-Feed-Erweiterung hinzu (schnell und kostenlos)","isPartOf":{"@id":"https:\/\/elfsight.com\/de\/#website"},"datePublished":"1970-01-01T00:00:00+00:00","dateModified":"2025-07-10T08:34:30+00:00","description":"F\u00fcgen Sie ein responsives Joomla-TikTok-Feed-Widget auf Ihrer Website ein. Nutzen Sie die praktische Elfsight-Demo und erstellen Sie Ihre fantastische TikTok-Erweiterung!","breadcrumb":{"@id":"https:\/\/elfsight.com\/de\/tiktok-feed-widget\/joomla\/#breadcrumb"},"inLanguage":"de","potentialAction":[{"@type":"ReadAction","target":["https:\/\/elfsight.com\/de\/tiktok-feed-widget\/joomla\/"]}]},{"@type":"BreadcrumbList","@id":"https:\/\/elfsight.com\/de\/tiktok-feed-widget\/joomla\/#breadcrumb","itemListElement":[{"@type":"ListItem","position":1,"name":"Home","item":"https:\/\/elfsight.com\/de\/"},{"@type":"ListItem","position":2,"name":"TikTok Feed","item":"https:\/\/elfsight.com\/de\/tiktok-feed-widget\/"},{"@type":"ListItem","position":3,"name":"TikTok Feed &#8211; Joomla"}]},{"@type":"WebSite","@id":"https:\/\/elfsight.com\/de\/#website","url":"https:\/\/elfsight.com\/de\/","name":"Elfsight DE","description":"Just another Elfsight Sites site","potentialAction":[{"@type":"SearchAction","target":{"@type":"EntryPoint","urlTemplate":"https:\/\/elfsight.com\/de\/?s={search_term_string}"},"query-input":{"@type":"PropertyValueSpecification","valueRequired":true,"valueName":"search_term_string"}}],"inLanguage":"de"}]}},"meta_box":{"industry":"","seo_heading":"","heading":"","description":"","cta_heading":"","cta_description":"","application":"4067","h1":"Joomla TikTok Feed-Erweiterung","h1_caption":"Pr\u00e4sentieren Sie angesagte Tiktok-Videos nach Hashtag oder Konto und f\u00fcgen Sie Ihrer Joomla-Website m\u00fchelos dynamische, ansprechende Inhalte hinzu.","application_category":[],"applications_title":"","applications_request_title":"","applications_request_button_text":"","hero_text":"","hero_video":"","hero_video_schema_markup":"","selling_points_title":"","selling_points_caption":"","selling_points":[],"selling_points_cta_text":"","features_title":"","features":"","ed_cta_examples_text":"","ed_cta_examples_hidden":"","ed_cta_demo_text":"","ed_cta_demo_hidden":"","why_caption":"","why_editor_title":"","why_editor_text":"","why_team_title":"","why_team_text":"","why_service_title":"","why_service_text":"","template_catalog_visible":"","template_catalog_title":"","template_catalog_text":"","template_catalog_categories_visible":"","demo_title":"Erstellen Sie Ihr TikTok-Feed-Plugin","demo_caption":"Konfigurieren Sie Ihren TikTok-Feed und f\u00fcgen Sie ihn kostenlos zu Ihrer Joomla-Website hinzu!","default_faq_hidden":"","app_template_category":[],"platform":"259","template_public_id":"","codecanyon_url":"","codecanyon_item_id":"","codecanyon_price":"","pricing_caption":"","pricing_elfsight_apps_hide_column":"","pricing_elfsight_apps_url":"","pricing_codecanyon_price_caption":"","integration_category":[],"integration_request_title":"","integration_request_cta":"","integration_platform":"","integrations":[],"platform_category":[],"video_schema_markup":"","price":"ab 0 $ \/ Monat","trial":"","benefits":[{"text":"Kostenlose Installationshilfe"},{"text":"Kompetenter Kundenservice"},{"text":"14-t\u00e4gige R\u00fcckerstattungsgarantie"},{"text":"Lebenslange kostenlose Updates"}],"button_url":"#demo","button_target_blank":"","button_nofollow":"","attributes":[{"name":"Installiert","content":"10,000 - 100,000"},{"name":"Reaktionsfreudig","content":"Ja"},{"name":"Kompatible Browser","content":"Firefox, Safari, Opera, Chrome, Edge"}],"tags":[],"tags_disable_links":"","hide_more_platforms":"","video_object":"","demo_hide_cta":"","demo_hide_cloud_options":"","pricing_title":"","pricing":[{"pricing_icon":"platform","pricing_title":"Elfsight Apps","pricing_title_caption":"Multiplattform-Version","pricing_price":"ab 0 $ \/ Monat","pricing_price_caption":"Beginnen Sie mit einem kostenlosen Plan","pricing_benefits":[{"text":"Unbegrenzte Websites"},{"text":"Schneller und p\u00fcnktlicher Support und gut dokumentiert"},{"text":"Kostenlose Installationshilfe"},{"text":"Flexibles Design"}],"pricing_button_text":"Zur Website hinzuf\u00fcgen","pricing_button_url":"#demo"}],"related_apps_title":"","related_apps_hidden":"","author":"","image":[],"title":"","job":"","social_networks":[]},"_links":{"self":[{"href":"https:\/\/elfsight.com\/de\/wp-json\/wp\/v2\/pages\/10625","targetHints":{"allow":["GET"]}}],"collection":[{"href":"https:\/\/elfsight.com\/de\/wp-json\/wp\/v2\/pages"}],"about":[{"href":"https:\/\/elfsight.com\/de\/wp-json\/wp\/v2\/types\/page"}],"author":[{"embeddable":true,"href":"https:\/\/elfsight.com\/de\/wp-json\/wp\/v2\/users\/9"}],"replies":[{"embeddable":true,"href":"https:\/\/elfsight.com\/de\/wp-json\/wp\/v2\/comments?post=10625"}],"version-history":[{"count":2,"href":"https:\/\/elfsight.com\/de\/wp-json\/wp\/v2\/pages\/10625\/revisions"}],"predecessor-version":[{"id":22065,"href":"https:\/\/elfsight.com\/de\/wp-json\/wp\/v2\/pages\/10625\/revisions\/22065"}],"up":[{"embeddable":true,"href":"https:\/\/elfsight.com\/de\/wp-json\/wp\/v2\/pages\/4068"}],"wp:attachment":[{"href":"https:\/\/elfsight.com\/de\/wp-json\/wp\/v2\/media?parent=10625"}],"curies":[{"name":"wp","href":"https:\/\/api.w.org\/{rel}","templated":true}]}}