{"id":10618,"date":"1970-01-01T00:00:00","date_gmt":"1970-01-01T00:00:00","guid":{"rendered":"https:\/\/elfsight.com\/de\/?page_id=10618"},"modified":"2025-07-10T08:34:19","modified_gmt":"2025-07-10T08:34:19","slug":"iframe","status":"publish","type":"page","link":"https:\/\/elfsight.com\/de\/tiktok-feed-widget\/iframe\/","title":{"rendered":"TikTok Feed &#8211; iFrame"},"content":{"rendered":"<div class=\"application-platform-content-item-description application-platform-content-item\" id=\"description\" data-nav-section=\"description\"> <h2>TikTok-Feed auf iFrame mit dem Elfsight-Widget einbetten<\/h2> <p>Elfsight TiKTok Feed f\u00fcr iFrame ist ein einzigartiges Widget nicht nur f\u00fcr das Marketing Dinge, sondern Emotionen und Erfahrungen. Damit k\u00f6nnen Sie personalisierte Feeds aus den Inhalten von TikTok erstellen und diese direkt auf Ihrer Internetseite pr\u00e4sentieren. Erstellen Sie in wenigen Minuten eine Videogalerie! \u00dcben Sie die absolute Kontrolle \u00fcber einen aufgedeckten Inhalt aus und eliminieren Sie Spam und alle unerw\u00fcnschten Inhalte durch manuelle Moderation. Der vollst\u00e4ndig responsive Online-Konfigurator bietet Ihnen zahlreiche Vorlagen zur Auswahl. <\/p> <p><b>Machen Sie Ihre Website mithilfe des TikTok-Feeds effizienter f\u00fcr Gesch\u00e4ftsziele<\/b><\/p> <\/div> <div class=\"application-platform-content-item-features application-platform-content-item\" id=\"features\" data-nav-section=\"features\"> <h2>Dies sind nur Einige der leistungsstarken Widget-Funktionen: <\/h2> <ul><li>Verdecken Sie die Kopfzeile, damit Ihr Widget minimalistisch aussieht. <\/li><li>Entfernen Sie Spam und unerw\u00fcnschte Inhalte mithilfe des manuellen Moderationsmodus. <\/li><li>Installieren Sie die Schaltfl\u00e4che \u201eFolgen\u201c im Werkzeug-Feed. <\/li><li>Sorgen Sie daf\u00fcr, dass Ihre Beitr\u00e4ge in einem Popup angezeigt werden. <\/li><\/ul><p><a href=\"#demo\">Probieren Sie alle Anpassungsoptionen in einer voll funktionsf\u00e4higen Demo aus<\/a><\/p> <\/div> <div class=\"application-platform-content-item-installation application-platform-content-item\" id=\"installation\" data-nav-section=\"installation\"> <h2>Wie bette ich den TikTok-Feed in meine iFrame-Website ein? <\/h2> <p>F\u00fchren Sie einfach die folgenden Schritte aus, um mit der Verwendung des Widgets zu beginnen. <\/p> <ol><li><b>Nutzen Sie unseren kostenlosen Editor und beginnen Sie mit der Gestaltung Ihres individuellen Widgets. <\/b><br> Bestimmen Sie die bevorzugte Form und Spezifikationen des Werkzeugs und speichern Sie die \u00c4nderungen. <\/li> <li><b>Kopieren Sie den eindeutigen Code, der in der Box auf Elfsight Apps angezeigt wird. <\/b><br> Kopieren Sie direkt nach Abschluss der Erstellung Ihres Widgets den exklusiven Code im angezeigten Fenster und speichern Sie ihn f\u00fcr die zuk\u00fcnftige Verwendung. <\/li> <li><b>Initiieren Sie den Einsatz des Tools auf Ihrer iFrame-Website. <\/b><br> F\u00fcgen Sie den Code, den Sie k\u00fcrzlich kopiert haben, auf Ihrer Website hinzu und speichern Sie die \u00c4nderungen. <\/li> <li><b>Das Setup wurde erfolgreich abgeschlossen. <\/b><br> Gehen Sie auf Ihre Seite, um zu \u00fcberpr\u00fcfen, wie das Tool funktioniert. <\/li><\/ol> <p>Scheuen Sie sich nicht, sich bei unserem Kundendienst zu bewerben, sofern Sie mit Fragen konfrontiert werden oder auf Schwierigkeiten sto\u00dfen. Unsere Berater l\u00f6sen gerne alle Probleme, die Sie mit dem Produkt haben k\u00f6nnten. <\/p> <\/div><div class=\"faq\" data-component=\"FAQ\"><div class=\"faq-item\">\r\n\t\t\t\t\t<div class=\"faq-item-question\">\r\n\t\t\t\t\t\t<h3 class=\"faq-item-question-text\">Gibt es eine M\u00f6glichkeit, TikTok-Feed ohne Programmierkenntnisse zu meiner iFrame-Site hinzuzuf\u00fcgen?<\/h3>\r\n\r\n\t\t\t\t\t\t<div class=\"faq-item-question-icon\"><\/div>\r\n\t\t\t\t\t<\/div>\r\n\r\n\t\t\t\t\t<div class=\"faq-item-answer\">\r\n\t\t\t\t\t\t<div class=\"faq-item-answer-text\"><p>Das Unternehmen Elfsight liefert Wenn Sie eine L\u00f6sung finden, mit der Sie selbst einen TikTok-Feed-Bereich erstellen k\u00f6nnen, lesen Sie die einfachen Anweisungen:<\/p><ul><li>Beginnen Sie mit der Arbeit im Online-Editor, um einen TikTok-Feed-Bereich einzurichten, der auf der iFrame-Webseite angezeigt werden soll.<\/li><li>W\u00e4hlen Sie eine der vielen vorgefertigten Vorlagen aus und \u00e4ndern Sie die TikTok-Feed-Einstellungen, f\u00fcgen Sie Ihre Inhalte hinzu, \u00e4ndern Sie das Layout und die Farben ohne Programmierkenntnisse.<\/li><li>Speichern Sie den TikTok-Feed und erhalten Sie Code f\u00fcr die Installation. Dies kann ganz einfach in Ihre iFrame-Webseite eingef\u00fcgt werden, ohne dass Sie eine kostenpflichtige Version kaufen m\u00fcssen.<\/li><\/ul><p>Mit unserem benutzerfreundlichen Konfigurator kann jeder Internetnutzer einen TikTok-Feed online erstellen und ihn problemlos in jeden iFrame einbetten Website. Es ist nicht erforderlich, zu bezahlen oder Ihre Kartendaten einzureichen, um auf den Editor zuzugreifen. Wenn Sie auf Probleme jeglicher Art sto\u00dfen, wenden Sie sich bitte an unseren Kundensupport.<\/p><\/div>\r\n\t\t\t\t\t<\/div>\r\n\t\t\t\t<\/div><\/div>","protected":false},"excerpt":{"rendered":"","protected":false},"author":9,"featured_media":0,"parent":4068,"menu_order":0,"comment_status":"closed","ping_status":"closed","template":"templates\/template-application-platform.php","meta":{"publish_to_discourse":"","publish_post_category":"","wpdc_auto_publish_overridden":"","wpdc_topic_tags":"","wpdc_pin_topic":"","wpdc_pin_until":"","discourse_post_id":"","discourse_permalink":"","wpdc_publishing_response":"","wpdc_publishing_error":"","footnotes":""},"class_list":["post-10618","page","type-page","status-publish","hentry"],"yoast_head":"<!-- This site is optimized with the Yoast SEO plugin v25.3.1 - https:\/\/yoast.com\/wordpress\/plugins\/seo\/ -->\n<title>F\u00fcgen Sie das TikTok-Feed-Widget zur iFrame-Website hinzu (schnell und kostenlos)<\/title>\n<meta name=\"description\" content=\"F\u00fcgen Sie Ihrer Website ein f\u00fcr Mobilger\u00e4te optimiertes iFrame-TikTok-Feed-Widget hinzu. Probieren Sie die praktische Demo von Elfsight aus und erstellen Sie Ihr einzigartiges TikTok-Widget.\" \/>\n<meta name=\"robots\" content=\"index, follow, max-snippet:-1, max-image-preview:large, max-video-preview:-1\" \/>\n<link rel=\"canonical\" href=\"https:\/\/elfsight.com\/de\/tiktok-feed-widget\/iframe\/\" \/>\n<meta property=\"og:locale\" content=\"de_DE\" \/>\n<meta property=\"og:type\" content=\"article\" \/>\n<meta property=\"og:title\" content=\"F\u00fcgen Sie das TikTok-Feed-Widget zur iFrame-Website hinzu (schnell und kostenlos)\" \/>\n<meta property=\"og:description\" content=\"F\u00fcgen Sie Ihrer Website ein f\u00fcr Mobilger\u00e4te optimiertes iFrame-TikTok-Feed-Widget hinzu. Probieren Sie die praktische Demo von Elfsight aus und erstellen Sie Ihr einzigartiges TikTok-Widget.\" \/>\n<meta property=\"og:url\" content=\"https:\/\/elfsight.com\/de\/tiktok-feed-widget\/iframe\/\" \/>\n<meta property=\"og:site_name\" content=\"Elfsight DE\" \/>\n<meta property=\"article:modified_time\" content=\"2025-07-10T08:34:19+00:00\" \/>\n<meta name=\"twitter:card\" content=\"summary_large_image\" \/>\n<meta name=\"twitter:label1\" content=\"Gesch\u00e4tzte Lesezeit\" \/>\n\t<meta name=\"twitter:data1\" content=\"3\u00a0Minuten\" \/>\n<!-- \/ Yoast SEO plugin. -->","yoast_head_json":{"title":"F\u00fcgen Sie das TikTok-Feed-Widget zur iFrame-Website hinzu (schnell und kostenlos)","description":"F\u00fcgen Sie Ihrer Website ein f\u00fcr Mobilger\u00e4te optimiertes iFrame-TikTok-Feed-Widget hinzu. Probieren Sie die praktische Demo von Elfsight aus und erstellen Sie Ihr einzigartiges TikTok-Widget.","robots":{"index":"index","follow":"follow","max-snippet":"max-snippet:-1","max-image-preview":"max-image-preview:large","max-video-preview":"max-video-preview:-1"},"canonical":"https:\/\/elfsight.com\/de\/tiktok-feed-widget\/iframe\/","og_locale":"de_DE","og_type":"article","og_title":"F\u00fcgen Sie das TikTok-Feed-Widget zur iFrame-Website hinzu (schnell und kostenlos)","og_description":"F\u00fcgen Sie Ihrer Website ein f\u00fcr Mobilger\u00e4te optimiertes iFrame-TikTok-Feed-Widget hinzu. Probieren Sie die praktische Demo von Elfsight aus und erstellen Sie Ihr einzigartiges TikTok-Widget.","og_url":"https:\/\/elfsight.com\/de\/tiktok-feed-widget\/iframe\/","og_site_name":"Elfsight DE","article_modified_time":"2025-07-10T08:34:19+00:00","twitter_card":"summary_large_image","twitter_misc":{"Gesch\u00e4tzte Lesezeit":"3\u00a0Minuten"},"schema":{"@context":"https:\/\/schema.org","@graph":[{"@type":"WebPage","@id":"https:\/\/elfsight.com\/de\/tiktok-feed-widget\/iframe\/","url":"https:\/\/elfsight.com\/de\/tiktok-feed-widget\/iframe\/","name":"F\u00fcgen Sie das TikTok-Feed-Widget zur iFrame-Website hinzu (schnell und kostenlos)","isPartOf":{"@id":"https:\/\/elfsight.com\/de\/#website"},"datePublished":"1970-01-01T00:00:00+00:00","dateModified":"2025-07-10T08:34:19+00:00","description":"F\u00fcgen Sie Ihrer Website ein f\u00fcr Mobilger\u00e4te optimiertes iFrame-TikTok-Feed-Widget hinzu. Probieren Sie die praktische Demo von Elfsight aus und erstellen Sie Ihr einzigartiges TikTok-Widget.","breadcrumb":{"@id":"https:\/\/elfsight.com\/de\/tiktok-feed-widget\/iframe\/#breadcrumb"},"inLanguage":"de","potentialAction":[{"@type":"ReadAction","target":["https:\/\/elfsight.com\/de\/tiktok-feed-widget\/iframe\/"]}]},{"@type":"BreadcrumbList","@id":"https:\/\/elfsight.com\/de\/tiktok-feed-widget\/iframe\/#breadcrumb","itemListElement":[{"@type":"ListItem","position":1,"name":"Home","item":"https:\/\/elfsight.com\/de\/"},{"@type":"ListItem","position":2,"name":"TikTok Feed","item":"https:\/\/elfsight.com\/de\/tiktok-feed-widget\/"},{"@type":"ListItem","position":3,"name":"TikTok Feed &#8211; iFrame"}]},{"@type":"WebSite","@id":"https:\/\/elfsight.com\/de\/#website","url":"https:\/\/elfsight.com\/de\/","name":"Elfsight DE","description":"Just another Elfsight Sites site","potentialAction":[{"@type":"SearchAction","target":{"@type":"EntryPoint","urlTemplate":"https:\/\/elfsight.com\/de\/?s={search_term_string}"},"query-input":{"@type":"PropertyValueSpecification","valueRequired":true,"valueName":"search_term_string"}}],"inLanguage":"de"}]}},"meta_box":{"industry":"","seo_heading":"","heading":"","description":"","cta_heading":"","cta_description":"","application":"4067","h1":"iFrame TikTok-Feed-Widget","h1_caption":"Pr\u00e4sentieren Sie trendige Tiktok-Videos nach Hashtag oder Konto und f\u00fcgen Sie m\u00fchelos dynamische, ansprechende Inhalte zu Ihrer Website in Ihre iFrame-Website ein.","application_category":[],"applications_title":"","applications_request_title":"","applications_request_button_text":"","hero_text":"","hero_video":"","hero_video_schema_markup":"","selling_points_title":"","selling_points_caption":"","selling_points":[],"selling_points_cta_text":"","features_title":"","features":"","ed_cta_examples_text":"","ed_cta_examples_hidden":"","ed_cta_demo_text":"","ed_cta_demo_hidden":"","why_caption":"","why_editor_title":"","why_editor_text":"","why_team_title":"","why_team_text":"","why_service_title":"","why_service_text":"","template_catalog_visible":"","template_catalog_title":"","template_catalog_text":"","template_catalog_categories_visible":"","demo_title":"Erstellen Sie Ihr TikTok-Feed-Widget","demo_caption":"Konfigurieren Sie Ihren TikTok-Feed und f\u00fcgen Sie ihn kostenlos zu Ihrer iFrame-Website hinzu!","default_faq_hidden":"","app_template_category":[],"platform":"240","template_public_id":"","codecanyon_url":"","codecanyon_item_id":"","codecanyon_price":"","pricing_caption":"","pricing_elfsight_apps_hide_column":"","pricing_elfsight_apps_url":"","pricing_codecanyon_price_caption":"","integration_category":[],"integration_request_title":"","integration_request_cta":"","integration_platform":"","integrations":[],"platform_category":[],"video_schema_markup":"","price":"ab 0 $ \/ Monat","trial":"","benefits":[{"text":"Kostenlose Installationsunterst\u00fctzung"},{"text":"Kompetenter Kundenservice"},{"text":"14-t\u00e4gige R\u00fcckerstattungsgarantie"},{"text":"Zuk\u00fcnftige kostenlose Verbesserungen"}],"button_url":"#demo","button_target_blank":"","button_nofollow":"","attributes":[{"name":"Installiert","content":"10,000 - 100,000"},{"name":"Reaktionsfreudig","content":"Ja"},{"name":"Kompatible Browser","content":"Firefox, Safari, Opera, Chrome, Edge"}],"tags":[],"tags_disable_links":"","hide_more_platforms":"","video_object":"","demo_hide_cta":"","demo_hide_cloud_options":"","pricing_title":"","pricing":[{"pricing_icon":"platform","pricing_title":"Elfsight Apps","pricing_title_caption":"Plattformunabh\u00e4ngige digitale L\u00f6sung, die f\u00fcr jede Website geeignet ist","pricing_price":"ab 0 $ \/ Monat","pricing_price_caption":"Beginnen Sie mit einem kostenlosen Plan","pricing_benefits":[{"text":"Unbegrenzte Domains"},{"text":"Kostenloser Support und gut dokumentiert"},{"text":"Kostenloser Installationsservice"},{"text":"100 % anpassbar"}],"pricing_button_text":"Zur Website hinzuf\u00fcgen","pricing_button_url":"#demo"}],"related_apps_title":"","related_apps_hidden":"","author":"","image":[],"title":"","job":"","social_networks":[]},"_links":{"self":[{"href":"https:\/\/elfsight.com\/de\/wp-json\/wp\/v2\/pages\/10618","targetHints":{"allow":["GET"]}}],"collection":[{"href":"https:\/\/elfsight.com\/de\/wp-json\/wp\/v2\/pages"}],"about":[{"href":"https:\/\/elfsight.com\/de\/wp-json\/wp\/v2\/types\/page"}],"author":[{"embeddable":true,"href":"https:\/\/elfsight.com\/de\/wp-json\/wp\/v2\/users\/9"}],"replies":[{"embeddable":true,"href":"https:\/\/elfsight.com\/de\/wp-json\/wp\/v2\/comments?post=10618"}],"version-history":[{"count":2,"href":"https:\/\/elfsight.com\/de\/wp-json\/wp\/v2\/pages\/10618\/revisions"}],"predecessor-version":[{"id":22062,"href":"https:\/\/elfsight.com\/de\/wp-json\/wp\/v2\/pages\/10618\/revisions\/22062"}],"up":[{"embeddable":true,"href":"https:\/\/elfsight.com\/de\/wp-json\/wp\/v2\/pages\/4068"}],"wp:attachment":[{"href":"https:\/\/elfsight.com\/de\/wp-json\/wp\/v2\/media?parent=10618"}],"curies":[{"name":"wp","href":"https:\/\/api.w.org\/{rel}","templated":true}]}}