{"id":10617,"date":"1970-01-01T00:00:00","date_gmt":"1970-01-01T00:00:00","guid":{"rendered":"https:\/\/elfsight.com\/de\/?page_id=10617"},"modified":"2025-07-10T08:34:46","modified_gmt":"2025-07-10T08:34:46","slug":"magento","status":"publish","type":"page","link":"https:\/\/elfsight.com\/de\/tiktok-feed-widget\/magento\/","title":{"rendered":"TikTok Feed &#8211; Magento"},"content":{"rendered":"<div class=\"application-platform-content-item-description application-platform-content-item\" id=\"description\" data-nav-section=\"description\"> <h2>Beschreibung<\/h2> <p>Elfsight TiKTok Feed f\u00fcr Magento ist eine spezielle Erweiterung f\u00fcr die Vermarktung nicht nur von Waren, sondern auch von Emotionen und Erlebnissen. Damit k\u00f6nnen Sie einen benutzerdefinierten Feed entwickeln, der aus den Inhalten von TikTok besteht \u2013 und ihn direkt auf Ihrer Internetseite pr\u00e4sentieren. Erstellen Sie in 1-2-3 eine Videogalerie! Genie\u00dfen Sie die absolute Kontrolle \u00fcber den gezeigten Inhalt und entfernen Sie Spam und alle unerw\u00fcnschten Inhalte durch manuelle Moderation. Der vollst\u00e4ndig responsive Online-Editor bietet Ihnen verschiedene Vorlagen zur Auswahl. <\/p> <p><b>Betten Sie den TikTok-Feed ein, um Ihre Gesch\u00e4ftsziele schneller zu erreichen! <\/b><\/p> <\/div> <div class=\"application-platform-content-item-features application-platform-content-item\" id=\"features\" data-nav-section=\"features\"> <h2>Zu den grundlegenden Widget-Funktionen geh\u00f6rt<\/h2> <ul><li>Verbergen Sie die Kopfzeile, damit das Tool minimalistisch aussieht. <\/li><li>Entfernen Sie Spam und unerw\u00fcnschte Inhalte mithilfe des manuellen Moderationsmodus. <\/li><li>F\u00fcgen Sie die Schaltfl\u00e4che \u201eFolgen\u201c in den Werkzeugvorschub ein. <\/li><li>Lassen Sie Ihre Beitr\u00e4ge in einem Pop-up erscheinen. <\/li><\/ul><p><a href=\"#demo\">Untersuchen Sie alle Einstellungen in einer voll funktionsf\u00e4higen Demo<\/a><\/p> <\/div> <div class=\"application-platform-content-item-installation application-platform-content-item\" id=\"installation\" data-nav-section=\"installation\"> <h2>Wie kann ich den TikTok-Feed in meine Magento-Website einbetten? <\/h2> <p>Befolgen Sie einfach die folgenden Richtlinien, um die Erweiterung zu integrieren. <\/p> <ol><li><b>Starten Sie unseren kostenlosen Editor und beginnen Sie mit der Erstellung Ihrer ma\u00dfgeschneiderten Erweiterung. <\/b><br> Bestimmen Sie die gew\u00fcnschte Form und Aspekte des Werkzeugs und speichern Sie die Korrekturen. <\/li> <li><b>Erhalten Sie den einzigartigen Code, der in der speziellen Form auf Elfsight Apps angezeigt wird. <\/b><br> Nachdem die Konfiguration Ihrer Erweiterung abgeschlossen ist, kopieren Sie den exklusiven Code im angezeigten Fenster und bewahren Sie ihn f\u00fcr die zuk\u00fcnftige Verwendung auf. <\/li> <li><b>Beginnen Sie mit der Verwendung der Erweiterung auf der Magento-Website. <\/b><br> F\u00fcgen Sie den Code, den Sie zuvor gespeichert haben, in Ihre Website ein und speichern Sie die Verbesserungen. <\/li> <li><b>Du bist fertig! Die Integration ist vollst\u00e4ndig beendet. <\/b><br> Besuchen Sie Ihre Website, um die Leistung der Erweiterung zu \u00fcberpr\u00fcfen. <\/li><\/ol> <p>Sollten Sie auf Probleme sto\u00dfen, z\u00f6gern Sie nicht, sich an unser Support-Team zu wenden. Unsere Mitarbeiter werden sich freuen, alle Schwierigkeiten zu l\u00f6sen, die Sie mit dem Plugin haben k\u00f6nnten. <\/p> <\/div><div class=\"faq\" data-component=\"FAQ\"><div class=\"faq-item\">\r\n\t\t\t\t\t<div class=\"faq-item-question\">\r\n\t\t\t\t\t\t<h3 class=\"faq-item-question-text\">Wie kann ich den TikTok-Feed ohne Codierung in mein Magento einbetten?<\/h3>\r\n\r\n\t\t\t\t\t\t<div class=\"faq-item-question-icon\"><\/div>\r\n\t\t\t\t\t<\/div>\r\n\r\n\t\t\t\t\t<div class=\"faq-item-answer\">\r\n\t\t\t\t\t\t<div class=\"faq-item-answer-text\"><p>Das Unternehmen Elfsight stellt ein L\u00f6sung, mit der Benutzer selbst ein TikTok-Feed-Widget erstellen k\u00f6nnen, erfahren Sie, wie einfach der Prozess ist:<\/p><ul><li>Arbeiten Sie direkt in der Live-Demo, um ein TikTok-Feed-Plugin zu generieren, das Sie gerne auf der Magento-Site sehen w\u00fcrden.<\/li><li>W\u00e4hlen Sie eine der vorgefertigten Vorlagen aus und optimieren Sie die TikTok-Feed-Einstellungen, \u00e4ndern Sie das Layout und das Farbschema und f\u00fcgen Sie Ihre Inhalte ohne Codierung hinzu.<\/li><li>Speichern Sie den TikTok-Feed und laden Sie die Installation herunter Code, den Sie problemlos und kostenlos in Ihre Magento-Website integrieren k\u00f6nnen.<\/li><\/ul><p>Mit dem benutzerfreundlichen Editor kann jeder Internetnutzer online einen TikTok-Feed-Bereich erstellen und ihn einfach in jedes Magento einbetten Website. Sie m\u00fcssen kein kostenpflichtiges Abonnement abschlie\u00dfen oder Ihre Kartendaten angeben, um den Dienst nutzen zu k\u00f6nnen. Wenn Sie auf Probleme jeglicher Art sto\u00dfen, wenden Sie sich bitte an unser technisches Support-Team.<\/p><\/div>\r\n\t\t\t\t\t<\/div>\r\n\t\t\t\t<\/div><\/div>","protected":false},"excerpt":{"rendered":"","protected":false},"author":9,"featured_media":0,"parent":4068,"menu_order":0,"comment_status":"closed","ping_status":"closed","template":"templates\/template-application-platform.php","meta":{"publish_to_discourse":"","publish_post_category":"","wpdc_auto_publish_overridden":"","wpdc_topic_tags":"","wpdc_pin_topic":"","wpdc_pin_until":"","discourse_post_id":"","discourse_permalink":"","wpdc_publishing_response":"","wpdc_publishing_error":"","footnotes":""},"class_list":["post-10617","page","type-page","status-publish","hentry"],"yoast_head":"<!-- This site is optimized with the Yoast SEO plugin v25.3.1 - https:\/\/yoast.com\/wordpress\/plugins\/seo\/ -->\n<title>F\u00fcgen Sie der Magento-Website die TikTok-Feed-Erweiterung hinzu (schnell und kostenlos)<\/title>\n<meta name=\"description\" content=\"F\u00fcgen Sie eine benutzerfreundliche Magento TikTok Feed-Erweiterung auf Ihrer Website ein. Probieren Sie die praktische Demo von Elfsight aus und erstellen Sie Ihre einzigartige TikTok-Erweiterung.\" \/>\n<meta name=\"robots\" content=\"index, follow, max-snippet:-1, max-image-preview:large, max-video-preview:-1\" \/>\n<link rel=\"canonical\" href=\"https:\/\/elfsight.com\/de\/tiktok-feed-widget\/magento\/\" \/>\n<meta property=\"og:locale\" content=\"de_DE\" \/>\n<meta property=\"og:type\" content=\"article\" \/>\n<meta property=\"og:title\" content=\"F\u00fcgen Sie der Magento-Website die TikTok-Feed-Erweiterung hinzu (schnell und kostenlos)\" \/>\n<meta property=\"og:description\" content=\"F\u00fcgen Sie eine benutzerfreundliche Magento TikTok Feed-Erweiterung auf Ihrer Website ein. Probieren Sie die praktische Demo von Elfsight aus und erstellen Sie Ihre einzigartige TikTok-Erweiterung.\" \/>\n<meta property=\"og:url\" content=\"https:\/\/elfsight.com\/de\/tiktok-feed-widget\/magento\/\" \/>\n<meta property=\"og:site_name\" content=\"Elfsight DE\" \/>\n<meta property=\"article:modified_time\" content=\"2025-07-10T08:34:46+00:00\" \/>\n<meta name=\"twitter:card\" content=\"summary_large_image\" \/>\n<meta name=\"twitter:label1\" content=\"Gesch\u00e4tzte Lesezeit\" \/>\n\t<meta name=\"twitter:data1\" content=\"3\u00a0Minuten\" \/>\n<!-- \/ Yoast SEO plugin. -->","yoast_head_json":{"title":"F\u00fcgen Sie der Magento-Website die TikTok-Feed-Erweiterung hinzu (schnell und kostenlos)","description":"F\u00fcgen Sie eine benutzerfreundliche Magento TikTok Feed-Erweiterung auf Ihrer Website ein. Probieren Sie die praktische Demo von Elfsight aus und erstellen Sie Ihre einzigartige TikTok-Erweiterung.","robots":{"index":"index","follow":"follow","max-snippet":"max-snippet:-1","max-image-preview":"max-image-preview:large","max-video-preview":"max-video-preview:-1"},"canonical":"https:\/\/elfsight.com\/de\/tiktok-feed-widget\/magento\/","og_locale":"de_DE","og_type":"article","og_title":"F\u00fcgen Sie der Magento-Website die TikTok-Feed-Erweiterung hinzu (schnell und kostenlos)","og_description":"F\u00fcgen Sie eine benutzerfreundliche Magento TikTok Feed-Erweiterung auf Ihrer Website ein. Probieren Sie die praktische Demo von Elfsight aus und erstellen Sie Ihre einzigartige TikTok-Erweiterung.","og_url":"https:\/\/elfsight.com\/de\/tiktok-feed-widget\/magento\/","og_site_name":"Elfsight DE","article_modified_time":"2025-07-10T08:34:46+00:00","twitter_card":"summary_large_image","twitter_misc":{"Gesch\u00e4tzte Lesezeit":"3\u00a0Minuten"},"schema":{"@context":"https:\/\/schema.org","@graph":[{"@type":"WebPage","@id":"https:\/\/elfsight.com\/de\/tiktok-feed-widget\/magento\/","url":"https:\/\/elfsight.com\/de\/tiktok-feed-widget\/magento\/","name":"F\u00fcgen Sie der Magento-Website die TikTok-Feed-Erweiterung hinzu (schnell und kostenlos)","isPartOf":{"@id":"https:\/\/elfsight.com\/de\/#website"},"datePublished":"1970-01-01T00:00:00+00:00","dateModified":"2025-07-10T08:34:46+00:00","description":"F\u00fcgen Sie eine benutzerfreundliche Magento TikTok Feed-Erweiterung auf Ihrer Website ein. Probieren Sie die praktische Demo von Elfsight aus und erstellen Sie Ihre einzigartige TikTok-Erweiterung.","breadcrumb":{"@id":"https:\/\/elfsight.com\/de\/tiktok-feed-widget\/magento\/#breadcrumb"},"inLanguage":"de","potentialAction":[{"@type":"ReadAction","target":["https:\/\/elfsight.com\/de\/tiktok-feed-widget\/magento\/"]}]},{"@type":"BreadcrumbList","@id":"https:\/\/elfsight.com\/de\/tiktok-feed-widget\/magento\/#breadcrumb","itemListElement":[{"@type":"ListItem","position":1,"name":"Home","item":"https:\/\/elfsight.com\/de\/"},{"@type":"ListItem","position":2,"name":"TikTok Feed","item":"https:\/\/elfsight.com\/de\/tiktok-feed-widget\/"},{"@type":"ListItem","position":3,"name":"TikTok Feed &#8211; Magento"}]},{"@type":"WebSite","@id":"https:\/\/elfsight.com\/de\/#website","url":"https:\/\/elfsight.com\/de\/","name":"Elfsight DE","description":"Just another Elfsight Sites site","potentialAction":[{"@type":"SearchAction","target":{"@type":"EntryPoint","urlTemplate":"https:\/\/elfsight.com\/de\/?s={search_term_string}"},"query-input":{"@type":"PropertyValueSpecification","valueRequired":true,"valueName":"search_term_string"}}],"inLanguage":"de"}]}},"meta_box":{"industry":"","seo_heading":"","heading":"","description":"","cta_heading":"","cta_description":"","application":"4067","h1":"Magento TikTok Feed-Erweiterung","h1_caption":"Pr\u00e4sentieren Sie trendige Tiktok-Videos nach Hashtag oder Konto und f\u00fcgen Sie Ihrer Magento-Website m\u00fchelos dynamische, ansprechende Inhalte hinzu.","application_category":[],"applications_title":"","applications_request_title":"","applications_request_button_text":"","hero_text":"","hero_video":"","hero_video_schema_markup":"","selling_points_title":"","selling_points_caption":"","selling_points":[],"selling_points_cta_text":"","features_title":"","features":"","ed_cta_examples_text":"","ed_cta_examples_hidden":"","ed_cta_demo_text":"","ed_cta_demo_hidden":"","why_caption":"","why_editor_title":"","why_editor_text":"","why_team_title":"","why_team_text":"","why_service_title":"","why_service_text":"","template_catalog_visible":"","template_catalog_title":"","template_catalog_text":"","template_catalog_categories_visible":"","demo_title":"Erstellen Sie Ihre TikTok-Feed-Erweiterung","demo_caption":"Konfigurieren Sie Ihren TikTok-Feed und f\u00fcgen Sie ihn kostenlos zu Ihrer Magento-Website hinzu!","default_faq_hidden":"","app_template_category":[],"platform":"256","template_public_id":"","codecanyon_url":"","codecanyon_item_id":"","codecanyon_price":"","pricing_caption":"","pricing_elfsight_apps_hide_column":"","pricing_elfsight_apps_url":"","pricing_codecanyon_price_caption":"","integration_category":[],"integration_request_title":"","integration_request_cta":"","integration_platform":"","integrations":[],"platform_category":[],"video_schema_markup":"","price":"ab 0 $ \/ Monat","trial":"","benefits":[{"text":"Kostenlose Installationsunterst\u00fctzung"},{"text":"Au\u00dfergew\u00f6hnlicher Support"},{"text":"14-t\u00e4gige Geld-zur\u00fcck-Garantie"},{"text":"Regelm\u00e4\u00dfige Verbesserungen"}],"button_url":"#demo","button_target_blank":"","button_nofollow":"","attributes":[{"name":"Installiert","content":"10,000 - 100,000"},{"name":"Reaktionsfreudig","content":"Ja"},{"name":"Kompatible Browser","content":"Firefox, Safari, Opera, Chrome, Edge"}],"tags":[],"tags_disable_links":"","hide_more_platforms":"","video_object":"","demo_hide_cta":"","demo_hide_cloud_options":"","pricing_title":"","pricing":[{"pricing_icon":"platform","pricing_title":"Elfsight Apps","pricing_title_caption":"Multiplattform-Version, die auf jeder Website funktioniert","pricing_price":"ab 0 $ \/ Monat","pricing_price_caption":"Beginnen Sie mit einem kostenlosen Plan","pricing_benefits":[{"text":"Unbegrenzte Websites"},{"text":"Engagierter Kundensupport und gut dokumentiert"},{"text":"Kostenlose Installationsunterst\u00fctzung"},{"text":"Flexibles Design"}],"pricing_button_text":"Zur Website hinzuf\u00fcgen","pricing_button_url":"#demo"}],"related_apps_title":"","related_apps_hidden":"","author":"","image":[],"title":"","job":"","social_networks":[]},"_links":{"self":[{"href":"https:\/\/elfsight.com\/de\/wp-json\/wp\/v2\/pages\/10617","targetHints":{"allow":["GET"]}}],"collection":[{"href":"https:\/\/elfsight.com\/de\/wp-json\/wp\/v2\/pages"}],"about":[{"href":"https:\/\/elfsight.com\/de\/wp-json\/wp\/v2\/types\/page"}],"author":[{"embeddable":true,"href":"https:\/\/elfsight.com\/de\/wp-json\/wp\/v2\/users\/9"}],"replies":[{"embeddable":true,"href":"https:\/\/elfsight.com\/de\/wp-json\/wp\/v2\/comments?post=10617"}],"version-history":[{"count":2,"href":"https:\/\/elfsight.com\/de\/wp-json\/wp\/v2\/pages\/10617\/revisions"}],"predecessor-version":[{"id":22061,"href":"https:\/\/elfsight.com\/de\/wp-json\/wp\/v2\/pages\/10617\/revisions\/22061"}],"up":[{"embeddable":true,"href":"https:\/\/elfsight.com\/de\/wp-json\/wp\/v2\/pages\/4068"}],"wp:attachment":[{"href":"https:\/\/elfsight.com\/de\/wp-json\/wp\/v2\/media?parent=10617"}],"curies":[{"name":"wp","href":"https:\/\/api.w.org\/{rel}","templated":true}]}}