{"id":10612,"date":"1970-01-01T00:00:00","date_gmt":"1970-01-01T00:00:00","guid":{"rendered":"https:\/\/elfsight.com\/de\/?page_id=10612"},"modified":"2025-07-10T08:34:15","modified_gmt":"2025-07-10T08:34:15","slug":"html","status":"publish","type":"page","link":"https:\/\/elfsight.com\/de\/tiktok-feed-widget\/html\/","title":{"rendered":"TikTok Feed &#8211; HTML"},"content":{"rendered":"<div class=\"application-platform-content-item-description application-platform-content-item\" id=\"description\" data-nav-section=\"description\"> <h2>Beschreibung<\/h2> <p>Elfsight TiKTok Feed f\u00fcr HTML ist ein exklusives Widget zur F\u00f6rderung nicht nur von Dingen, sondern auch von Emotionen und Erfahrungen. Damit k\u00f6nnen Sie aus den Inhalten von TikTok einen individuellen Feed erstellen und diesen direkt auf Ihrer Internetseite pr\u00e4sentieren. Entwerfen Sie mit wenigen Klicks eine Videogalerie! \u00dcbernehmen Sie die vollst\u00e4ndige Kontrolle \u00fcber einen angezeigten Inhalt und eliminieren Sie Spam und alle unerw\u00fcnschten Inhalte durch manuelle Moderation. Der vollst\u00e4ndig responsive Online-Konfigurator bietet Ihnen verschiedene Vorlagen zur Auswahl. <\/p> <p><b>Mit TikTok Feed sehen Sie eine starke Gesch\u00e4ftsentwicklung und steigern den Umsatz <\/b><\/p> <\/div> <div class=\"application-platform-content-item-features application-platform-content-item\" id=\"features\" data-nav-section=\"features\"> <h2>Die beliebtesten Widget-Funktionen im Angebot <\/h2> <ul><li>Versehen Sie den Kopfbereich mit einer Haube, damit Ihr Werkzeug minimalistisch aussieht. <\/li><li>Entfernen Sie Spam und unerw\u00fcnschte Inhalte durch manuelle Moderation. <\/li><li>Installieren Sie die Schaltfl\u00e4che \u201eFolgen\u201c auf den Widget-Karten. <\/li><li>Erlauben Sie, dass Ihre Beitr\u00e4ge in einem Popup angezeigt werden. <\/li><\/ul><p><a href=\"#demo\">Sie k\u00f6nnen sp\u00fcren, was das Widget bietet, indem Sie die Demo ausprobieren<\/a><\/p> <\/div> <div class=\"application-platform-content-item-installation application-platform-content-item\" id=\"installation\" data-nav-section=\"installation\"> <h2>Wie f\u00fcge ich einen TikTok-Feed in meine HTML-Website ein? <\/h2> <p>Befolgen Sie einfach die nachstehenden Anweisungen, um das Widget einzuf\u00fcgen. <\/p> <ol><li><b>Nutzen Sie unsere kostenlose Demo und beginnen Sie mit der Gestaltung Ihres personalisierten Widgets. <\/b><br> Bestimmen Sie das bevorzugte Layout und die Parameter des Widgets und speichern Sie die \u00c4nderungen. <\/li> <li><b>Kopieren Sie den eindeutigen Code, der im Fenster von Elfsight Apps angezeigt wird. <\/b><br> Nachdem die Einrichtung Ihres pers\u00f6nlichen Widgets abgeschlossen ist, kopieren Sie den exklusiven Code aus dem angezeigten Popup und speichern Sie ihn f\u00fcr die zuk\u00fcnftige Verwendung. <\/li> <li><b>Initiieren Sie die Verwendung des Widgets auf Ihrer HTML-Website. <\/b><br> Betten Sie den Code, den Sie k\u00fcrzlich gespeichert haben, in Ihre Website ein und speichern Sie die \u00c4nderungen. <\/li> <li><b>Die Installation ist vollst\u00e4ndig abgeschlossen. <\/b><br> Besuchen Sie Ihre Website, um zu sehen, wie das Widget funktioniert. <\/li><\/ol> <p>Sollten Sie auf Komplikationen sto\u00dfen, z\u00f6gern Sie nicht, sich an unsere Kundendienstmitarbeiter zu wenden. Unsere Mitarbeiter l\u00f6sen gerne alle Schwierigkeiten, die Sie mit dem Tool haben k\u00f6nnten. <\/p> <\/div><div class=\"faq\" data-component=\"FAQ\"><div class=\"faq-item\">\r\n\t\t\t\t\t<div class=\"faq-item-question\">\r\n\t\t\t\t\t\t<h3 class=\"faq-item-question-text\">Wie kann ich ohne Programmierkenntnisse TikTok-Feeds zu meiner HTML-Homepage hinzuf\u00fcgen?<\/h3>\r\n\r\n\t\t\t\t\t\t<div class=\"faq-item-question-icon\"><\/div>\r\n\t\t\t\t\t<\/div>\r\n\r\n\t\t\t\t\t<div class=\"faq-item-answer\">\r\n\t\t\t\t\t\t<div class=\"faq-item-answer-text\"><p>Elfsight-Unternehmen stellt eine Cloud-L\u00f6sung vor, mit der Benutzer selbst ein TikTok-Feed-Plugin erstellen k\u00f6nnen. Entdecken Sie, wie einfach es ist:<\/p><ul><li>Beginnen Sie direkt in der Live-Demo mit der Erstellung eines TikTok-Feed-Widgets, das im HTML-Format angezeigt werden soll Website.<\/li><li>W\u00e4hlen Sie eine der vorgefertigten Vorlagen aus und passen Sie die TikTok-Feed-Einstellungen an, \u00e4ndern Sie das Layout und die Farbe der Elemente und f\u00fcgen Sie Ihre Inhalte ohne Programmierkenntnisse ein.<\/li><li>Klicken Sie hier Speichern Sie die von Ihnen vorgenommenen Einstellungen im TikTok-Feed und kopieren Sie den Installationscode des Plugins, der problemlos in Ihre HTML-Webseite eingef\u00fcgt werden kann, ohne dass Sie eine kostenpflichtige Version kaufen m\u00fcssen.<\/li><\/ul><p>Mit dem intuitiven Konfigurator Jeder Internetnutzer kann einen TikTok-Feed erstellen und problemlos in die HTML-Webseite einbinden. Sie sollten nicht bezahlen oder Ihre Kartendaten eingeben, um unseren Service in Anspruch zu nehmen. Wenn Sie auf Probleme jeglicher Art sto\u00dfen, wenden Sie sich bitte an unser Support-Team.<\/p><\/div>\r\n\t\t\t\t\t<\/div>\r\n\t\t\t\t<\/div><\/div>","protected":false},"excerpt":{"rendered":"","protected":false},"author":9,"featured_media":0,"parent":4068,"menu_order":0,"comment_status":"closed","ping_status":"closed","template":"templates\/template-application-platform.php","meta":{"publish_to_discourse":"","publish_post_category":"","wpdc_auto_publish_overridden":"","wpdc_topic_tags":"","wpdc_pin_topic":"","wpdc_pin_until":"","discourse_post_id":"","discourse_permalink":"","wpdc_publishing_response":"","wpdc_publishing_error":"","footnotes":""},"class_list":["post-10612","page","type-page","status-publish","hentry"],"yoast_head":"<!-- This site is optimized with the Yoast SEO plugin v25.3.1 - https:\/\/yoast.com\/wordpress\/plugins\/seo\/ -->\n<title>F\u00fcgen Sie das TikTok-Feed-Widget zur HTML-Website hinzu (schnell und kostenlos)<\/title>\n<meta name=\"description\" content=\"F\u00fcgen Sie Ihrer Website ein mobilfreundliches HTML-TikTok-Feed-Widget hinzu. Nutzen Sie die praktische Elfsight-Demo und \u00e4ndern Sie Ihr einzigartiges TikTok-Widget in wenigen Minuten\" \/>\n<meta name=\"robots\" content=\"index, follow, max-snippet:-1, max-image-preview:large, max-video-preview:-1\" \/>\n<link rel=\"canonical\" href=\"https:\/\/elfsight.com\/de\/tiktok-feed-widget\/html\/\" \/>\n<meta property=\"og:locale\" content=\"de_DE\" \/>\n<meta property=\"og:type\" content=\"article\" \/>\n<meta property=\"og:title\" content=\"F\u00fcgen Sie das TikTok-Feed-Widget zur HTML-Website hinzu (schnell und kostenlos)\" \/>\n<meta property=\"og:description\" content=\"F\u00fcgen Sie Ihrer Website ein mobilfreundliches HTML-TikTok-Feed-Widget hinzu. Nutzen Sie die praktische Elfsight-Demo und \u00e4ndern Sie Ihr einzigartiges TikTok-Widget in wenigen Minuten\" \/>\n<meta property=\"og:url\" content=\"https:\/\/elfsight.com\/de\/tiktok-feed-widget\/html\/\" \/>\n<meta property=\"og:site_name\" content=\"Elfsight DE\" \/>\n<meta property=\"article:modified_time\" content=\"2025-07-10T08:34:15+00:00\" \/>\n<meta name=\"twitter:card\" content=\"summary_large_image\" \/>\n<meta name=\"twitter:label1\" content=\"Gesch\u00e4tzte Lesezeit\" \/>\n\t<meta name=\"twitter:data1\" content=\"3\u00a0Minuten\" \/>\n<!-- \/ Yoast SEO plugin. -->","yoast_head_json":{"title":"F\u00fcgen Sie das TikTok-Feed-Widget zur HTML-Website hinzu (schnell und kostenlos)","description":"F\u00fcgen Sie Ihrer Website ein mobilfreundliches HTML-TikTok-Feed-Widget hinzu. Nutzen Sie die praktische Elfsight-Demo und \u00e4ndern Sie Ihr einzigartiges TikTok-Widget in wenigen Minuten","robots":{"index":"index","follow":"follow","max-snippet":"max-snippet:-1","max-image-preview":"max-image-preview:large","max-video-preview":"max-video-preview:-1"},"canonical":"https:\/\/elfsight.com\/de\/tiktok-feed-widget\/html\/","og_locale":"de_DE","og_type":"article","og_title":"F\u00fcgen Sie das TikTok-Feed-Widget zur HTML-Website hinzu (schnell und kostenlos)","og_description":"F\u00fcgen Sie Ihrer Website ein mobilfreundliches HTML-TikTok-Feed-Widget hinzu. Nutzen Sie die praktische Elfsight-Demo und \u00e4ndern Sie Ihr einzigartiges TikTok-Widget in wenigen Minuten","og_url":"https:\/\/elfsight.com\/de\/tiktok-feed-widget\/html\/","og_site_name":"Elfsight DE","article_modified_time":"2025-07-10T08:34:15+00:00","twitter_card":"summary_large_image","twitter_misc":{"Gesch\u00e4tzte Lesezeit":"3\u00a0Minuten"},"schema":{"@context":"https:\/\/schema.org","@graph":[{"@type":"WebPage","@id":"https:\/\/elfsight.com\/de\/tiktok-feed-widget\/html\/","url":"https:\/\/elfsight.com\/de\/tiktok-feed-widget\/html\/","name":"F\u00fcgen Sie das TikTok-Feed-Widget zur HTML-Website hinzu (schnell und kostenlos)","isPartOf":{"@id":"https:\/\/elfsight.com\/de\/#website"},"datePublished":"1970-01-01T00:00:00+00:00","dateModified":"2025-07-10T08:34:15+00:00","description":"F\u00fcgen Sie Ihrer Website ein mobilfreundliches HTML-TikTok-Feed-Widget hinzu. Nutzen Sie die praktische Elfsight-Demo und \u00e4ndern Sie Ihr einzigartiges TikTok-Widget in wenigen Minuten","breadcrumb":{"@id":"https:\/\/elfsight.com\/de\/tiktok-feed-widget\/html\/#breadcrumb"},"inLanguage":"de","potentialAction":[{"@type":"ReadAction","target":["https:\/\/elfsight.com\/de\/tiktok-feed-widget\/html\/"]}]},{"@type":"BreadcrumbList","@id":"https:\/\/elfsight.com\/de\/tiktok-feed-widget\/html\/#breadcrumb","itemListElement":[{"@type":"ListItem","position":1,"name":"Home","item":"https:\/\/elfsight.com\/de\/"},{"@type":"ListItem","position":2,"name":"TikTok Feed","item":"https:\/\/elfsight.com\/de\/tiktok-feed-widget\/"},{"@type":"ListItem","position":3,"name":"TikTok Feed &#8211; HTML"}]},{"@type":"WebSite","@id":"https:\/\/elfsight.com\/de\/#website","url":"https:\/\/elfsight.com\/de\/","name":"Elfsight DE","description":"Just another Elfsight Sites site","potentialAction":[{"@type":"SearchAction","target":{"@type":"EntryPoint","urlTemplate":"https:\/\/elfsight.com\/de\/?s={search_term_string}"},"query-input":{"@type":"PropertyValueSpecification","valueRequired":true,"valueName":"search_term_string"}}],"inLanguage":"de"}]}},"meta_box":{"industry":"","seo_heading":"","heading":"","description":"","cta_heading":"","cta_description":"","application":"4067","h1":"HTML-TikTok-Feed-Widget","h1_caption":"Pr\u00e4sentieren Sie angesagte Tiktok-Videos nach Hashtag oder Konto und f\u00fcgen Sie m\u00fchelos dynamische, ansprechende Inhalte zu Ihrer Website in Ihre HTML-Website ein.","application_category":[],"applications_title":"","applications_request_title":"","applications_request_button_text":"","hero_text":"","hero_video":"","hero_video_schema_markup":"","selling_points_title":"","selling_points_caption":"","selling_points":[],"selling_points_cta_text":"","features_title":"","features":"","ed_cta_examples_text":"","ed_cta_examples_hidden":"","ed_cta_demo_text":"","ed_cta_demo_hidden":"","why_caption":"","why_editor_title":"","why_editor_text":"","why_team_title":"","why_team_text":"","why_service_title":"","why_service_text":"","template_catalog_visible":"","template_catalog_title":"","template_catalog_text":"","template_catalog_categories_visible":"","demo_title":"Erstellen Sie Ihr TikTok-Feed-Widget","demo_caption":"Konfigurieren Sie Ihren TikTok-Feed und f\u00fcgen Sie ihn kostenlos zu Ihrer HTML-Website hinzu!","default_faq_hidden":"","app_template_category":[],"platform":"260","template_public_id":"","codecanyon_url":"","codecanyon_item_id":"","codecanyon_price":"","pricing_caption":"","pricing_elfsight_apps_hide_column":"","pricing_elfsight_apps_url":"","pricing_codecanyon_price_caption":"","integration_category":[],"integration_request_title":"","integration_request_cta":"","integration_platform":"","integrations":[],"platform_category":[],"video_schema_markup":"","price":"ab 0 $ \/ Monat","trial":"","benefits":[{"text":"Kostenlose Installationshilfe"},{"text":"Premium-Support"},{"text":"14-t\u00e4gige Geld-zur\u00fcck-Garantie"},{"text":"Fortlaufende Entwicklung"}],"button_url":"#demo","button_target_blank":"","button_nofollow":"","attributes":[{"name":"Installiert","content":"10,000 - 100,000"},{"name":"Reaktionsfreudig","content":"Ja"},{"name":"Kompatible Browser","content":"Firefox, Safari, Opera, Chrome, Edge"}],"tags":[],"tags_disable_links":"","hide_more_platforms":"","video_object":"","demo_hide_cta":"","demo_hide_cloud_options":"","pricing_title":"","pricing":[{"pricing_icon":"platform","pricing_title":"Elfsight Apps","pricing_title_caption":"Plattform\u00fcbergreifende L\u00f6sung, die auf jeder Website funktioniert","pricing_price":"ab 0 $ \/ Monat","pricing_price_caption":"Beginnen Sie mit einem kostenlosen Plan","pricing_benefits":[{"text":"Unbegrenzte Websites"},{"text":"Engagierter Kundensupport"},{"text":"Kostenlose Installationsunterst\u00fctzung"},{"text":"Vollst\u00e4ndig anpassbar"}],"pricing_button_text":"Zur Website hinzuf\u00fcgen","pricing_button_url":"#demo"}],"related_apps_title":"","related_apps_hidden":"","author":"","image":[],"title":"","job":"","social_networks":[]},"_links":{"self":[{"href":"https:\/\/elfsight.com\/de\/wp-json\/wp\/v2\/pages\/10612","targetHints":{"allow":["GET"]}}],"collection":[{"href":"https:\/\/elfsight.com\/de\/wp-json\/wp\/v2\/pages"}],"about":[{"href":"https:\/\/elfsight.com\/de\/wp-json\/wp\/v2\/types\/page"}],"author":[{"embeddable":true,"href":"https:\/\/elfsight.com\/de\/wp-json\/wp\/v2\/users\/9"}],"replies":[{"embeddable":true,"href":"https:\/\/elfsight.com\/de\/wp-json\/wp\/v2\/comments?post=10612"}],"version-history":[{"count":2,"href":"https:\/\/elfsight.com\/de\/wp-json\/wp\/v2\/pages\/10612\/revisions"}],"predecessor-version":[{"id":22060,"href":"https:\/\/elfsight.com\/de\/wp-json\/wp\/v2\/pages\/10612\/revisions\/22060"}],"up":[{"embeddable":true,"href":"https:\/\/elfsight.com\/de\/wp-json\/wp\/v2\/pages\/4068"}],"wp:attachment":[{"href":"https:\/\/elfsight.com\/de\/wp-json\/wp\/v2\/media?parent=10612"}],"curies":[{"name":"wp","href":"https:\/\/api.w.org\/{rel}","templated":true}]}}