{"id":10604,"date":"1970-01-01T00:00:00","date_gmt":"1970-01-01T00:00:00","guid":{"rendered":"https:\/\/elfsight.com\/de\/?page_id=10604"},"modified":"2025-07-10T08:35:11","modified_gmt":"2025-07-10T08:35:11","slug":"squarespace","status":"publish","type":"page","link":"https:\/\/elfsight.com\/de\/tiktok-feed-widget\/squarespace\/","title":{"rendered":"TikTok Feed &#8211; Squarespace"},"content":{"rendered":"<div class=\"application-platform-content-item-description application-platform-content-item\" id=\"description\" data-nav-section=\"description\"> <h2>TikTok-Feed auf der Plattform mit dem Elfsight-Widget einbetten<\/h2> <p>Elfsight TiKTok Feed f\u00fcr Squarespace ist ein Plugin f\u00fcr die Vermarktung nicht nur von Artikeln , sondern Emotionen und Erfahrungen. Damit k\u00f6nnen Sie einen benutzerdefinierten Feed entwerfen, der aus den Inhalten von TikTok besteht \u2013 und ihn direkt auf Ihrer Website platzieren. Erstellen Sie in 1-2-3 eine Videogalerie! Genie\u00dfen Sie die absolute Kontrolle \u00fcber den gezeigten Inhalt und entfernen Sie Spam und alle unerw\u00fcnschten Inhalte durch manuelle Moderation. Der vollst\u00e4ndig responsive Online-Editor bietet Ihnen zahlreiche Vorlagen zur Auswahl. <\/p> <p><b>Machen Sie Ihre Website mithilfe des TikTok-Feeds effektiver f\u00fcr Gesch\u00e4ftsaufgaben<\/b><\/p> <\/div> <div class=\"application-platform-content-item-features application-platform-content-item\" id=\"features\" data-nav-section=\"features\"> <h2>Hier ist die Liste Eines der besten Features: <\/h2> <ul><li>Verstecken Sie den Header, damit Ihr Plugin minimalistisch aussieht. <\/li><li>Entfernen Sie Spam und unerw\u00fcnschte Inhalte durch manuelle Moderation. <\/li><li>Platzieren Sie die Schaltfl\u00e4che \u201eFolgen\u201c auf den Toolbeitr\u00e4gen. <\/li><li>Erlauben Sie, dass Ihre Beitr\u00e4ge in einem Pop-up angezeigt werden. <\/li><\/ul><p><a href=\"#demo\">Sehen Sie sich einfach diese Demo an, um die Funktionalit\u00e4t des Widgets zu verstehen<\/a><\/p> <\/div> <div class=\"application-platform-content-item-installation application-platform-content-item\" id=\"installation\" data-nav-section=\"installation\"> <h2>Wie bette ich den TikTok-Feed auf meiner Squarespace-Website ein? <\/h2> <p>Befolgen Sie einfach die folgenden Richtlinien, um mit der Arbeit mit dem Plugin zu beginnen. <\/p> <ol><li><b>Nutzen Sie unsere kostenlose Demo und beginnen Sie mit der Entwicklung Ihres eigenen Plugins. <\/b><br> Bestimmen Sie das passende Aussehen und die passenden Aspekte des Widgets und wenden Sie die \u00c4nderungen an. <\/li> <li><b>Erhalten Sie Ihren pers\u00f6nlichen Code, der im Fenster von Elfsight Apps angezeigt wird. <\/b><br> Sobald die Einrichtung Ihres Widgets abgeschlossen ist, kopieren Sie den exklusiven Code aus dem angezeigten Feld und speichern Sie ihn f\u00fcr einen sp\u00e4teren Anlass. <\/li> <li><b>Geben Sie an, das Plugin auf Ihrer Squarespace-Site zu verwenden. <\/b><br> F\u00fcgen Sie den k\u00fcrzlich gespeicherten Code in Ihre Seite ein und speichern Sie die Anpassungen. <\/li> <li><b>Du bist fertig! Die Integration ist erfolgreich abgeschlossen. <\/b><br> Besuchen Sie Ihre Website, um zu sehen, wie das Tool ausgef\u00fchrt wird. <\/li><\/ol> <p>Wenn Sie Fragen haben oder auf Schwierigkeiten sto\u00dfen, k\u00f6nnen Sie sich gerne an unser Support-Team wenden. Unsere Berater helfen Ihnen gerne bei allen Problemen, die Sie mit dem Plugin haben k\u00f6nnten. <\/p> <\/div><div class=\"faq\" data-component=\"FAQ\"><div class=\"faq-item\">\r\n\t\t\t\t\t<div class=\"faq-item-question\">\r\n\t\t\t\t\t\t<h3 class=\"faq-item-question-text\">Wie ist es m\u00f6glich, den TikTok-Feed ohne Programmierkenntnisse in meinen Squarespace einzubetten?<\/h3>\r\n\r\n\t\t\t\t\t\t<div class=\"faq-item-question-icon\"><\/div>\r\n\t\t\t\t\t<\/div>\r\n\r\n\t\t\t\t\t<div class=\"faq-item-answer\">\r\n\t\t\t\t\t\t<div class=\"faq-item-answer-text\"><p>Elfsight-Unternehmen bietet eine L\u00f6sung, mit der Sie selbst ein TikTok-Feed-Plugin erstellen k\u00f6nnen. \u00dcberpr\u00fcfen Sie, wie einfach der Vorgang ist:<\/p><ul><li>Gehen Sie zum Live-Editor, um einen TikTok-Feed-Bereich zu erstellen, den Sie in Ihren Squarespace einbetten m\u00f6chten. <\/li><li>W\u00e4hlen Sie eine der vielen vorgefertigten Vorlagen und optimieren Sie die TikTok-Feed-Einstellungen, aktualisieren Sie Ihre Inhalte, \u00e4ndern Sie das Layout und Farbschema ohne Codierung.<\/li><li>Klicken Sie, um den TikTok-Feed zu speichern und Holen Sie sich den Plugin-Code zum Einbetten, der in die Squarespace-Webseite eingebunden werden kann, ohne dass Sie einen kostenpflichtigen Plan kaufen m\u00fcssen.<\/li><\/ul><p>Mit dem benutzerfreundlichen Editor kann jeder Webbenutzer einen TikTok-Feed erstellen Widget und betten Sie es in die Squarespace-Website ein. Es ist nicht erforderlich, zu bezahlen oder Ihre Kartendaten anzugeben, um den Service in Anspruch zu nehmen. Sollten Sie bei irgendeinem Schritt auf Hindernisse sto\u00dfen, wenden Sie sich bitte an unseren Kundensupport.<\/p><\/div>\r\n\t\t\t\t\t<\/div>\r\n\t\t\t\t<\/div><\/div>","protected":false},"excerpt":{"rendered":"","protected":false},"author":9,"featured_media":0,"parent":4068,"menu_order":0,"comment_status":"closed","ping_status":"closed","template":"templates\/template-application-platform.php","meta":{"publish_to_discourse":"","publish_post_category":"","wpdc_auto_publish_overridden":"","wpdc_topic_tags":"","wpdc_pin_topic":"","wpdc_pin_until":"","discourse_post_id":"","discourse_permalink":"","wpdc_publishing_response":"","wpdc_publishing_error":"","footnotes":""},"class_list":["post-10604","page","type-page","status-publish","hentry"],"yoast_head":"<!-- This site is optimized with the Yoast SEO plugin v25.3.1 - https:\/\/yoast.com\/wordpress\/plugins\/seo\/ -->\n<title>F\u00fcgen Sie das TikTok-Feed-Plugin zur Squarespace-Website hinzu (schnell und kostenlos)<\/title>\n<meta name=\"description\" content=\"Betten Sie ein einfach zu verwaltendes Squarespace-TikTok-Feed-Plugin in Ihre Website ein. Probieren Sie die praktische Elfsight-Demo aus und \u00e4ndern Sie Ihr wundersch\u00f6nes TikTok-Widget.\" \/>\n<meta name=\"robots\" content=\"index, follow, max-snippet:-1, max-image-preview:large, max-video-preview:-1\" \/>\n<link rel=\"canonical\" href=\"https:\/\/elfsight.com\/de\/tiktok-feed-widget\/squarespace\/\" \/>\n<meta property=\"og:locale\" content=\"de_DE\" \/>\n<meta property=\"og:type\" content=\"article\" \/>\n<meta property=\"og:title\" content=\"F\u00fcgen Sie das TikTok-Feed-Plugin zur Squarespace-Website hinzu (schnell und kostenlos)\" \/>\n<meta property=\"og:description\" content=\"Betten Sie ein einfach zu verwaltendes Squarespace-TikTok-Feed-Plugin in Ihre Website ein. Probieren Sie die praktische Elfsight-Demo aus und \u00e4ndern Sie Ihr wundersch\u00f6nes TikTok-Widget.\" \/>\n<meta property=\"og:url\" content=\"https:\/\/elfsight.com\/de\/tiktok-feed-widget\/squarespace\/\" \/>\n<meta property=\"og:site_name\" content=\"Elfsight DE\" \/>\n<meta property=\"article:modified_time\" content=\"2025-07-10T08:35:11+00:00\" \/>\n<meta name=\"twitter:card\" content=\"summary_large_image\" \/>\n<meta name=\"twitter:label1\" content=\"Gesch\u00e4tzte Lesezeit\" \/>\n\t<meta name=\"twitter:data1\" content=\"3\u00a0Minuten\" \/>\n<!-- \/ Yoast SEO plugin. -->","yoast_head_json":{"title":"F\u00fcgen Sie das TikTok-Feed-Plugin zur Squarespace-Website hinzu (schnell und kostenlos)","description":"Betten Sie ein einfach zu verwaltendes Squarespace-TikTok-Feed-Plugin in Ihre Website ein. Probieren Sie die praktische Elfsight-Demo aus und \u00e4ndern Sie Ihr wundersch\u00f6nes TikTok-Widget.","robots":{"index":"index","follow":"follow","max-snippet":"max-snippet:-1","max-image-preview":"max-image-preview:large","max-video-preview":"max-video-preview:-1"},"canonical":"https:\/\/elfsight.com\/de\/tiktok-feed-widget\/squarespace\/","og_locale":"de_DE","og_type":"article","og_title":"F\u00fcgen Sie das TikTok-Feed-Plugin zur Squarespace-Website hinzu (schnell und kostenlos)","og_description":"Betten Sie ein einfach zu verwaltendes Squarespace-TikTok-Feed-Plugin in Ihre Website ein. Probieren Sie die praktische Elfsight-Demo aus und \u00e4ndern Sie Ihr wundersch\u00f6nes TikTok-Widget.","og_url":"https:\/\/elfsight.com\/de\/tiktok-feed-widget\/squarespace\/","og_site_name":"Elfsight DE","article_modified_time":"2025-07-10T08:35:11+00:00","twitter_card":"summary_large_image","twitter_misc":{"Gesch\u00e4tzte Lesezeit":"3\u00a0Minuten"},"schema":{"@context":"https:\/\/schema.org","@graph":[{"@type":"WebPage","@id":"https:\/\/elfsight.com\/de\/tiktok-feed-widget\/squarespace\/","url":"https:\/\/elfsight.com\/de\/tiktok-feed-widget\/squarespace\/","name":"F\u00fcgen Sie das TikTok-Feed-Plugin zur Squarespace-Website hinzu (schnell und kostenlos)","isPartOf":{"@id":"https:\/\/elfsight.com\/de\/#website"},"datePublished":"1970-01-01T00:00:00+00:00","dateModified":"2025-07-10T08:35:11+00:00","description":"Betten Sie ein einfach zu verwaltendes Squarespace-TikTok-Feed-Plugin in Ihre Website ein. Probieren Sie die praktische Elfsight-Demo aus und \u00e4ndern Sie Ihr wundersch\u00f6nes TikTok-Widget.","breadcrumb":{"@id":"https:\/\/elfsight.com\/de\/tiktok-feed-widget\/squarespace\/#breadcrumb"},"inLanguage":"de","potentialAction":[{"@type":"ReadAction","target":["https:\/\/elfsight.com\/de\/tiktok-feed-widget\/squarespace\/"]}]},{"@type":"BreadcrumbList","@id":"https:\/\/elfsight.com\/de\/tiktok-feed-widget\/squarespace\/#breadcrumb","itemListElement":[{"@type":"ListItem","position":1,"name":"Home","item":"https:\/\/elfsight.com\/de\/"},{"@type":"ListItem","position":2,"name":"TikTok Feed","item":"https:\/\/elfsight.com\/de\/tiktok-feed-widget\/"},{"@type":"ListItem","position":3,"name":"TikTok Feed &#8211; Squarespace"}]},{"@type":"WebSite","@id":"https:\/\/elfsight.com\/de\/#website","url":"https:\/\/elfsight.com\/de\/","name":"Elfsight DE","description":"Just another Elfsight Sites site","potentialAction":[{"@type":"SearchAction","target":{"@type":"EntryPoint","urlTemplate":"https:\/\/elfsight.com\/de\/?s={search_term_string}"},"query-input":{"@type":"PropertyValueSpecification","valueRequired":true,"valueName":"search_term_string"}}],"inLanguage":"de"}]}},"meta_box":{"industry":"","seo_heading":"","heading":"","description":"","cta_heading":"","cta_description":"","application":"4067","h1":"Squarespace TikTok-Feed-Plugin","h1_caption":"Pr\u00e4sentieren Sie angesagte Tiktok-Videos nach Hashtag oder Konto und f\u00fcgen Sie m\u00fchelos dynamische, ansprechende Inhalte zu Ihrer Website in Ihre Squarespace-Website ein.","application_category":[],"applications_title":"","applications_request_title":"","applications_request_button_text":"","hero_text":"","hero_video":"","hero_video_schema_markup":"","selling_points_title":"","selling_points_caption":"","selling_points":[],"selling_points_cta_text":"","features_title":"","features":"","ed_cta_examples_text":"","ed_cta_examples_hidden":"","ed_cta_demo_text":"","ed_cta_demo_hidden":"","why_caption":"","why_editor_title":"","why_editor_text":"","why_team_title":"","why_team_text":"","why_service_title":"","why_service_text":"","template_catalog_visible":"","template_catalog_title":"","template_catalog_text":"","template_catalog_categories_visible":"","demo_title":"Erstellen Sie Ihr TikTok-Feed-Plugin","demo_caption":"Konfigurieren Sie Ihren TikTok-Feed und f\u00fcgen Sie ihn kostenlos zu Ihrer Squarespace-Website hinzu!","default_faq_hidden":"","app_template_category":[],"platform":"252","template_public_id":"","codecanyon_url":"","codecanyon_item_id":"","codecanyon_price":"","pricing_caption":"","pricing_elfsight_apps_hide_column":"","pricing_elfsight_apps_url":"","pricing_codecanyon_price_caption":"","integration_category":[],"integration_request_title":"","integration_request_cta":"","integration_platform":"","integrations":[],"platform_category":[],"video_schema_markup":"","price":"ab 0 $ \/ Monat","trial":"","benefits":[{"text":"Kostenlose Installationsunterst\u00fctzung"},{"text":"Premium-Support"},{"text":"14-t\u00e4gige R\u00fcckerstattungsgarantie"},{"text":"St\u00e4ndige Aktualisierung"}],"button_url":"#demo","button_target_blank":"","button_nofollow":"","attributes":[{"name":"Installiert","content":"10,000 - 100,000"},{"name":"Reaktionsfreudig","content":"Ja"},{"name":"Kompatible Browser","content":"Firefox, Safari, Opera, Chrome, Edge"}],"tags":[],"tags_disable_links":"","hide_more_platforms":"","video_object":"","demo_hide_cta":"","demo_hide_cloud_options":"","pricing_title":"","pricing":[{"pricing_icon":"platform","pricing_title":"Elfsight Apps","pricing_title_caption":"Plattformunabh\u00e4ngige digitale L\u00f6sung, die f\u00fcr jede Website geeignet ist","pricing_price":"ab 0 $ \/ Monat","pricing_price_caption":"Beginnen Sie mit einem kostenlosen Plan","pricing_benefits":[{"text":"Unbegrenzte Domains"},{"text":"Kundensupport rund um die Uhr"},{"text":"Kostenlose Installationshilfe"},{"text":"Flexibles Design"}],"pricing_button_text":"Zur Website hinzuf\u00fcgen","pricing_button_url":"#demo"}],"related_apps_title":"","related_apps_hidden":"","author":"","image":[],"title":"","job":"","social_networks":[]},"_links":{"self":[{"href":"https:\/\/elfsight.com\/de\/wp-json\/wp\/v2\/pages\/10604","targetHints":{"allow":["GET"]}}],"collection":[{"href":"https:\/\/elfsight.com\/de\/wp-json\/wp\/v2\/pages"}],"about":[{"href":"https:\/\/elfsight.com\/de\/wp-json\/wp\/v2\/types\/page"}],"author":[{"embeddable":true,"href":"https:\/\/elfsight.com\/de\/wp-json\/wp\/v2\/users\/9"}],"replies":[{"embeddable":true,"href":"https:\/\/elfsight.com\/de\/wp-json\/wp\/v2\/comments?post=10604"}],"version-history":[{"count":2,"href":"https:\/\/elfsight.com\/de\/wp-json\/wp\/v2\/pages\/10604\/revisions"}],"predecessor-version":[{"id":22056,"href":"https:\/\/elfsight.com\/de\/wp-json\/wp\/v2\/pages\/10604\/revisions\/22056"}],"up":[{"embeddable":true,"href":"https:\/\/elfsight.com\/de\/wp-json\/wp\/v2\/pages\/4068"}],"wp:attachment":[{"href":"https:\/\/elfsight.com\/de\/wp-json\/wp\/v2\/media?parent=10604"}],"curies":[{"name":"wp","href":"https:\/\/api.w.org\/{rel}","templated":true}]}}