{"id":10603,"date":"1970-01-01T00:00:00","date_gmt":"1970-01-01T00:00:00","guid":{"rendered":"https:\/\/elfsight.com\/de\/?page_id=10603"},"modified":"2025-07-10T08:35:16","modified_gmt":"2025-07-10T08:35:16","slug":"webflow","status":"publish","type":"page","link":"https:\/\/elfsight.com\/de\/tiktok-feed-widget\/webflow\/","title":{"rendered":"TikTok Feed &#8211; Webflow"},"content":{"rendered":"<div class=\"application-platform-content-item-description application-platform-content-item\" id=\"description\" data-nav-section=\"description\"> <h2>TikTok-Feed in Webflow mit dem Elfsight-Widget einbetten<\/h2> <p>Elfsight TiKTok Feed f\u00fcr Webflow ist ein spezielles Widget nicht nur f\u00fcr Marketingzwecke Gegenst\u00e4nde, sondern Emotionen und Erfahrungen. Damit k\u00f6nnen Sie einen individuellen Feed aus den Inhalten von TikTok erstellen und ihn direkt auf Ihrer Seite platzieren. Erstellen Sie in 1-2-3 eine Videogalerie! Genie\u00dfen Sie die vollst\u00e4ndige Kontrolle \u00fcber den pr\u00e4sentierten Inhalt und entfernen Sie Spam und unerw\u00fcnschte Inhalte mithilfe der manuellen Moderation. Der vollst\u00e4ndig reaktionsf\u00e4hige Online-Editor bietet Ihnen zahlreiche Vorlagen zur Auswahl. <\/p> <p><b>Holen Sie sich das Beste aus dem TikTok-Feed, um Ihre Gesch\u00e4ftsziele schneller zu erreichen! <\/b><\/p> <\/div> <div class=\"application-platform-content-item-features application-platform-content-item\" id=\"features\" data-nav-section=\"features\"> <h2>Wir bieten wertvolle und schnelle Funktionen, sehen Sie sich einige davon an: <\/h2> <ul><li>Verbergen Sie den zu erstellenden Header Ihr Werkzeug sieht minimalistisch aus. <\/li><li>Beseitigen Sie Spam und unerw\u00fcnschte Inhalte durch manuelle Moderation. <\/li><li>F\u00fcgen Sie die Schaltfl\u00e4che \u201eFolgen\u201c in den Werkzeugvorschub ein. <\/li><li>Lassen Sie Ihre Beitr\u00e4ge in einem Popup-Modus anzeigen. <\/li><\/ul><p><a href=\"#demo\">Schauen Sie sich einfach diese Demo an, um zu sehen, was das Widget wert ist<\/a><\/p> <\/div> <div class=\"application-platform-content-item-installation application-platform-content-item\" id=\"installation\" data-nav-section=\"installation\"> <h2>Wie kann ich TikTok-Feed zu meiner Webflow-Website hinzuf\u00fcgen? <\/h2> <p>F\u00fchren Sie einfach die unten beschriebenen Schritte aus, um mit der Verwendung des Tools zu beginnen. <\/p> <ol><li><b>Nutzen Sie unsere kostenlose Demo und beginnen Sie mit der Entwicklung Ihres einzigartigen Instruments. <\/b><br> Finden Sie die gew\u00fcnschte Form und die funktionalen Merkmale des Plugins und wenden Sie die \u00c4nderungen an. <\/li> <li><b>Kopieren Sie den einzelnen Code, der im speziellen Formular auf Elfsight Apps angezeigt wird. <\/b><br> Wenn die Erstellung Ihres Tools abgeschlossen ist, kopieren Sie den pers\u00f6nlichen Code aus der angezeigten Box und bewahren Sie ihn f\u00fcr eine sp\u00e4tere Verwendung auf. <\/li> <li><b>Geben Sie Informationen zur Verwendung des Tools auf der Webflow-Homepage ein. <\/b><br> Platzieren Sie den zuvor gespeicherten Code auf Ihrer Website und speichern Sie die Verbesserungen. <\/li> <li><b>Die Installation ist vollst\u00e4ndig durchgef\u00fchrt. <\/b><br> Besuchen Sie Ihre Webseite, um in Aktion zu sehen, wie das Tool funktioniert. <\/li><\/ol> <p>Wenn Sie Fragen haben oder auf Schwierigkeiten sto\u00dfen, z\u00f6gern Sie nicht, sich an unser Support-Team zu wenden. Unsere Spezialisten helfen Ihnen gerne bei allen Fragen rund um das Plugin weiter. <\/p> <\/div><div class=\"faq\" data-component=\"FAQ\"><div class=\"faq-item\">\r\n\t\t\t\t\t<div class=\"faq-item-question\">\r\n\t\t\t\t\t\t<h3 class=\"faq-item-question-text\">Gibt es eine Methode zum Hinzuf\u00fcgen von TikTok-Feeds zu meiner Webflow-Site ohne Codierung?<\/h3>\r\n\r\n\t\t\t\t\t\t<div class=\"faq-item-question-icon\"><\/div>\r\n\t\t\t\t\t<\/div>\r\n\r\n\t\t\t\t\t<div class=\"faq-item-answer\">\r\n\t\t\t\t\t\t<div class=\"faq-item-answer-text\"><p>Das Unternehmen Elfsight stellt eine vor L\u00f6sung, mit der Websitebesitzer selbst eine TikTok-Feed-App erstellen k\u00f6nnen, erfahren Sie die einfachen Anweisungen:<\/p><ul><li>Arbeiten Sie direkt in der Online-Demo, um eine TikTok-Feed-App zu erstellen, die Sie auf Ihrer Webflow-Homepage integrieren m\u00f6chten.<\/li><li>Klicken Sie auf eine der vorgefertigten Vorlagen und \u00e4ndern Sie die TikTok-Feed-Einstellungen, \u00e4ndern Sie das Layout und das Farbschema, aktualisieren Sie Ihre Inhalte ohne Programmiererfahrung.<\/li><li>Klicken Sie, um den TikTok-Feed zu speichern und holen Sie sich den Installationscode, der einfach in jede Webflow-Website eingef\u00fcgt werden kann, ohne einen kostenpflichtigen Plan zu kaufen.<\/li><\/ul><p>Mit dem unkomplizierten Konfigurator kann jeder Webbenutzer einen TikTok-Feed erstellen und ihn einfach in jeden Webflow einbinden Website. Sie sollten kein kostenpflichtiges Abonnement abschlie\u00dfen oder Ihre Kartendaten offenlegen, um den Elfsight-Dienst zu nutzen. Sollten bei irgendeinem Schritt Probleme auftreten, sprechen Sie bitte mit unserem Support-Personal.<\/p><\/div>\r\n\t\t\t\t\t<\/div>\r\n\t\t\t\t<\/div><\/div>","protected":false},"excerpt":{"rendered":"","protected":false},"author":9,"featured_media":0,"parent":4068,"menu_order":0,"comment_status":"closed","ping_status":"closed","template":"templates\/template-application-platform.php","meta":{"publish_to_discourse":"","publish_post_category":"","wpdc_auto_publish_overridden":"","wpdc_topic_tags":"","wpdc_pin_topic":"","wpdc_pin_until":"","discourse_post_id":"","discourse_permalink":"","wpdc_publishing_response":"","wpdc_publishing_error":"","footnotes":""},"class_list":["post-10603","page","type-page","status-publish","hentry"],"yoast_head":"<!-- This site is optimized with the Yoast SEO plugin v25.3.1 - https:\/\/yoast.com\/wordpress\/plugins\/seo\/ -->\n<title>F\u00fcgen Sie das TikTok-Feed-Widget zur Webflow-Website hinzu (schnell und kostenlos)<\/title>\n<meta name=\"description\" content=\"Integrieren Sie ein benutzerfreundliches Webflow-TikTok-Feed-Widget in Ihre Website. Probieren Sie die praktische Elfsight-Demo aus und \u00e4ndern Sie Ihr wundersch\u00f6nes TikTok-Widget.\" \/>\n<meta name=\"robots\" content=\"index, follow, max-snippet:-1, max-image-preview:large, max-video-preview:-1\" \/>\n<link rel=\"canonical\" href=\"https:\/\/elfsight.com\/de\/tiktok-feed-widget\/webflow\/\" \/>\n<meta property=\"og:locale\" content=\"de_DE\" \/>\n<meta property=\"og:type\" content=\"article\" \/>\n<meta property=\"og:title\" content=\"F\u00fcgen Sie das TikTok-Feed-Widget zur Webflow-Website hinzu (schnell und kostenlos)\" \/>\n<meta property=\"og:description\" content=\"Integrieren Sie ein benutzerfreundliches Webflow-TikTok-Feed-Widget in Ihre Website. Probieren Sie die praktische Elfsight-Demo aus und \u00e4ndern Sie Ihr wundersch\u00f6nes TikTok-Widget.\" \/>\n<meta property=\"og:url\" content=\"https:\/\/elfsight.com\/de\/tiktok-feed-widget\/webflow\/\" \/>\n<meta property=\"og:site_name\" content=\"Elfsight DE\" \/>\n<meta property=\"article:modified_time\" content=\"2025-07-10T08:35:16+00:00\" \/>\n<meta name=\"twitter:card\" content=\"summary_large_image\" \/>\n<meta name=\"twitter:label1\" content=\"Gesch\u00e4tzte Lesezeit\" \/>\n\t<meta name=\"twitter:data1\" content=\"3\u00a0Minuten\" \/>\n<!-- \/ Yoast SEO plugin. -->","yoast_head_json":{"title":"F\u00fcgen Sie das TikTok-Feed-Widget zur Webflow-Website hinzu (schnell und kostenlos)","description":"Integrieren Sie ein benutzerfreundliches Webflow-TikTok-Feed-Widget in Ihre Website. Probieren Sie die praktische Elfsight-Demo aus und \u00e4ndern Sie Ihr wundersch\u00f6nes TikTok-Widget.","robots":{"index":"index","follow":"follow","max-snippet":"max-snippet:-1","max-image-preview":"max-image-preview:large","max-video-preview":"max-video-preview:-1"},"canonical":"https:\/\/elfsight.com\/de\/tiktok-feed-widget\/webflow\/","og_locale":"de_DE","og_type":"article","og_title":"F\u00fcgen Sie das TikTok-Feed-Widget zur Webflow-Website hinzu (schnell und kostenlos)","og_description":"Integrieren Sie ein benutzerfreundliches Webflow-TikTok-Feed-Widget in Ihre Website. Probieren Sie die praktische Elfsight-Demo aus und \u00e4ndern Sie Ihr wundersch\u00f6nes TikTok-Widget.","og_url":"https:\/\/elfsight.com\/de\/tiktok-feed-widget\/webflow\/","og_site_name":"Elfsight DE","article_modified_time":"2025-07-10T08:35:16+00:00","twitter_card":"summary_large_image","twitter_misc":{"Gesch\u00e4tzte Lesezeit":"3\u00a0Minuten"},"schema":{"@context":"https:\/\/schema.org","@graph":[{"@type":"WebPage","@id":"https:\/\/elfsight.com\/de\/tiktok-feed-widget\/webflow\/","url":"https:\/\/elfsight.com\/de\/tiktok-feed-widget\/webflow\/","name":"F\u00fcgen Sie das TikTok-Feed-Widget zur Webflow-Website hinzu (schnell und kostenlos)","isPartOf":{"@id":"https:\/\/elfsight.com\/de\/#website"},"datePublished":"1970-01-01T00:00:00+00:00","dateModified":"2025-07-10T08:35:16+00:00","description":"Integrieren Sie ein benutzerfreundliches Webflow-TikTok-Feed-Widget in Ihre Website. Probieren Sie die praktische Elfsight-Demo aus und \u00e4ndern Sie Ihr wundersch\u00f6nes TikTok-Widget.","breadcrumb":{"@id":"https:\/\/elfsight.com\/de\/tiktok-feed-widget\/webflow\/#breadcrumb"},"inLanguage":"de","potentialAction":[{"@type":"ReadAction","target":["https:\/\/elfsight.com\/de\/tiktok-feed-widget\/webflow\/"]}]},{"@type":"BreadcrumbList","@id":"https:\/\/elfsight.com\/de\/tiktok-feed-widget\/webflow\/#breadcrumb","itemListElement":[{"@type":"ListItem","position":1,"name":"Home","item":"https:\/\/elfsight.com\/de\/"},{"@type":"ListItem","position":2,"name":"TikTok Feed","item":"https:\/\/elfsight.com\/de\/tiktok-feed-widget\/"},{"@type":"ListItem","position":3,"name":"TikTok Feed &#8211; Webflow"}]},{"@type":"WebSite","@id":"https:\/\/elfsight.com\/de\/#website","url":"https:\/\/elfsight.com\/de\/","name":"Elfsight DE","description":"Just another Elfsight Sites site","potentialAction":[{"@type":"SearchAction","target":{"@type":"EntryPoint","urlTemplate":"https:\/\/elfsight.com\/de\/?s={search_term_string}"},"query-input":{"@type":"PropertyValueSpecification","valueRequired":true,"valueName":"search_term_string"}}],"inLanguage":"de"}]}},"meta_box":{"industry":"","seo_heading":"","heading":"","description":"","cta_heading":"","cta_description":"","application":"4067","h1":"Webflow TikTok-Feed-Widget","h1_caption":"Pr\u00e4sentieren Sie angesagte Tiktok-Videos nach Hashtag oder Konto und f\u00fcgen Sie Ihrer Webflow-Website m\u00fchelos dynamische, ansprechende Inhalte hinzu.","application_category":[],"applications_title":"","applications_request_title":"","applications_request_button_text":"","hero_text":"","hero_video":"","hero_video_schema_markup":"","selling_points_title":"","selling_points_caption":"","selling_points":[],"selling_points_cta_text":"","features_title":"","features":"","ed_cta_examples_text":"","ed_cta_examples_hidden":"","ed_cta_demo_text":"","ed_cta_demo_hidden":"","why_caption":"","why_editor_title":"","why_editor_text":"","why_team_title":"","why_team_text":"","why_service_title":"","why_service_text":"","template_catalog_visible":"","template_catalog_title":"","template_catalog_text":"","template_catalog_categories_visible":"","demo_title":"Erstellen Sie Ihr TikTok-Feed-Widget","demo_caption":"Konfigurieren Sie Ihren TikTok-Feed und f\u00fcgen Sie ihn kostenlos zu Ihrer Webflow-Website hinzu!","default_faq_hidden":"","app_template_category":[],"platform":"250","template_public_id":"","codecanyon_url":"","codecanyon_item_id":"","codecanyon_price":"","pricing_caption":"","pricing_elfsight_apps_hide_column":"","pricing_elfsight_apps_url":"","pricing_codecanyon_price_caption":"","integration_category":[],"integration_request_title":"","integration_request_cta":"","integration_platform":"","integrations":[],"platform_category":[],"video_schema_markup":"","price":"ab 0 $ \/ Monat","trial":"","benefits":[{"text":"Kostenloser Installationsservice"},{"text":"Au\u00dfergew\u00f6hnlicher Support"},{"text":"14-t\u00e4gige Geld-zur\u00fcck-Garantie"},{"text":"Lebenslange kostenlose Updates"}],"button_url":"#demo","button_target_blank":"","button_nofollow":"","attributes":[{"name":"Installiert","content":"10,000 - 100,000"},{"name":"Reaktionsfreudig","content":"Ja"},{"name":"Kompatible Browser","content":"Firefox, Safari, Opera, Chrome, Edge"}],"tags":[],"tags_disable_links":"","hide_more_platforms":"","video_object":"","demo_hide_cta":"","demo_hide_cloud_options":"","pricing_title":"","pricing":[{"pricing_icon":"platform","pricing_title":"Elfsight Apps","pricing_title_caption":"Plattform\u00fcbergreifende Version, die f\u00fcr jede Website geeignet ist","pricing_price":"ab 0 $ \/ Monat","pricing_price_caption":"Beginnen Sie mit einem kostenlosen Plan","pricing_benefits":[{"text":"Unbegrenzte Domains"},{"text":"Schneller und p\u00fcnktlicher Support"},{"text":"Kostenlose Installationshilfe"},{"text":"100 % anpassbar"}],"pricing_button_text":"Zur Website hinzuf\u00fcgen","pricing_button_url":"#demo"}],"related_apps_title":"","related_apps_hidden":"","author":"","image":[],"title":"","job":"","social_networks":[]},"_links":{"self":[{"href":"https:\/\/elfsight.com\/de\/wp-json\/wp\/v2\/pages\/10603","targetHints":{"allow":["GET"]}}],"collection":[{"href":"https:\/\/elfsight.com\/de\/wp-json\/wp\/v2\/pages"}],"about":[{"href":"https:\/\/elfsight.com\/de\/wp-json\/wp\/v2\/types\/page"}],"author":[{"embeddable":true,"href":"https:\/\/elfsight.com\/de\/wp-json\/wp\/v2\/users\/9"}],"replies":[{"embeddable":true,"href":"https:\/\/elfsight.com\/de\/wp-json\/wp\/v2\/comments?post=10603"}],"version-history":[{"count":2,"href":"https:\/\/elfsight.com\/de\/wp-json\/wp\/v2\/pages\/10603\/revisions"}],"predecessor-version":[{"id":22055,"href":"https:\/\/elfsight.com\/de\/wp-json\/wp\/v2\/pages\/10603\/revisions\/22055"}],"up":[{"embeddable":true,"href":"https:\/\/elfsight.com\/de\/wp-json\/wp\/v2\/pages\/4068"}],"wp:attachment":[{"href":"https:\/\/elfsight.com\/de\/wp-json\/wp\/v2\/media?parent=10603"}],"curies":[{"name":"wp","href":"https:\/\/api.w.org\/{rel}","templated":true}]}}