{"id":10602,"date":"1970-01-01T00:00:00","date_gmt":"1970-01-01T00:00:00","guid":{"rendered":"https:\/\/elfsight.com\/de\/?page_id=10602"},"modified":"2025-07-10T08:35:21","modified_gmt":"2025-07-10T08:35:21","slug":"webnode","status":"publish","type":"page","link":"https:\/\/elfsight.com\/de\/tiktok-feed-widget\/webnode\/","title":{"rendered":"TikTok Feed &#8211; Webnode"},"content":{"rendered":"<div class=\"application-platform-content-item-description application-platform-content-item\" id=\"description\" data-nav-section=\"description\"> <h2>Beschreibung<\/h2> <p>Elfsight TiKTok Feed f\u00fcr Webnode ist ein spezielles Widget f\u00fcr die Vermarktung nicht nur von Dingen, sondern auch von Emotionen und Erfahrungen. Mithilfe dieser Funktion k\u00f6nnen Sie einen personalisierten Feed aus Ihren TikTok-Inhalten erstellen und ihn direkt auf Ihrer Website pr\u00e4sentieren. Entwerfen Sie in wenigen Minuten eine Videogalerie! \u00dcben Sie die absolute Kontrolle \u00fcber den pr\u00e4sentierten Inhalt aus und entfernen Sie Spam und alle unerw\u00fcnschten Inhalte durch manuelle Moderation. Der vollst\u00e4ndig responsive Online-Konfigurator bietet Ihnen verschiedene Vorlagen zur Auswahl. <\/p> <p><b>Integrieren Sie den TikTok-Feed, um Ihren Umsatz zu steigern! <\/b><\/p> <\/div> <div class=\"application-platform-content-item-features application-platform-content-item\" id=\"features\" data-nav-section=\"features\"> <h2>Dies sind nur einige der umfangreichen Widget-Funktionen: <\/h2> <ul><li>Verdecken Sie den Kopfbereich, um Ihren zu gestalten Das Widget sieht minimalistisch aus. <\/li><li>Entfernen Sie Spam und unerw\u00fcnschte Inhalte mit dem manuellen Moderationsmodus. <\/li><li>Legen Sie die Schaltfl\u00e4che \u201eFolgen\u201c auf den Werkzeugkarten fest. <\/li><li>Erlauben Sie, dass Ihre Beitr\u00e4ge in einem Pop-up angezeigt werden. <\/li><\/ul><p><a href=\"#demo\">Sie k\u00f6nnen die vollst\u00e4ndigen Funktionen des Widgets in der Demo unten testen<\/a><\/p> <\/div> <div class=\"application-platform-content-item- Installation application-platform-content-item\" id=\" Installation\" data-nav-section=\" Installation\"> <h2>Wie bette ich den TikTok-Feed in meine Webnode-Site ein? <\/h2> <p>Befolgen Sie einfach die folgenden Richtlinien, um das Tool zu aktivieren. <\/p> <ol><li><b>Starten Sie unseren kostenlosen Editor und beginnen Sie mit der Gestaltung Ihres benutzerdefinierten Widgets. <\/b><br> Bestimmen Sie das ausgew\u00e4hlte Layout und die Funktionsmerkmale des Tools und speichern Sie die \u00c4nderungen. <\/li> <li><b>Kopieren Sie den eindeutigen Code, der im Fenster von Elfsight Apps angezeigt wird. <\/b><br> Kopieren Sie unmittelbar nach Abschluss der Konfiguration Ihres Tools den pers\u00f6nlichen Code aus dem angezeigten Popup und bewahren Sie ihn f\u00fcr die zuk\u00fcnftige Verwendung auf. <\/li> <li><b>Geben Sie die Verwendung des Widgets auf der Webnode-Website ein. <\/b><br> F\u00fcgen Sie den Code, den Sie k\u00fcrzlich kopiert haben, in Ihre Website ein und \u00fcbernehmen Sie die Anpassungen. <\/li> <li><b>Die Installation ist vollst\u00e4ndig abgeschlossen. <\/b><br> Besuchen Sie Ihre Website, um einen Blick auf die Funktionsweise des Tools zu werfen. <\/li><\/ol> <p>Sollten Sie auf Schwierigkeiten sto\u00dfen, wenden Sie sich bitte an unseren Kundendienst. Unsere Berater helfen Ihnen gerne bei allen Problemen, die Sie mit dem Widget haben. <\/p> <\/div><div class=\"faq\" data-component=\"FAQ\"><div class=\"faq-item\">\r\n\t\t\t\t\t<div class=\"faq-item-question\">\r\n\t\t\t\t\t\t<h3 class=\"faq-item-question-text\">Wie kann ich TikTok-Feed ohne Programmierkenntnisse zu meiner Webnode-Webseite hinzuf\u00fcgen?<\/h3>\r\n\r\n\t\t\t\t\t\t<div class=\"faq-item-question-icon\"><\/div>\r\n\t\t\t\t\t<\/div>\r\n\r\n\t\t\t\t\t<div class=\"faq-item-answer\">\r\n\t\t\t\t\t\t<div class=\"faq-item-answer-text\"><p>Das Unternehmen Elfsight liefert eine Cloud-L\u00f6sung, mit der Benutzer selbst ein TikTok-Feed-Widget erstellen k\u00f6nnen. Finden Sie heraus, wie einfach es ist:<\/p><ul><li>Gehen Sie zum Live-Editor, um ein TikTok-Feed-Plugin zu erstellen, das Sie auf der Webnode-Site einbinden m\u00f6chten.<\/li><li>W\u00e4hlen Sie eine unserer vorgefertigten Vorlagen und optimieren Sie die TikTok-Feed-Einstellungen, aktualisieren Sie Ihre Inhalte, \u00e4ndern Sie das Layout und das Farbschema ohne Programmierkenntnisse.<\/li><li>Speichern Sie die Einstellungen, die Sie in TikTok vorgenommen haben Geben Sie Code f\u00fcr die Installation ein und erhalten Sie ihn, den Sie im Rahmen eines kostenlosen Plans m\u00fchelos in die Webnode-Homepage einf\u00fcgen k\u00f6nnen.<\/li><\/ul><p>Mit unserem intuitiven Editor kann jeder Internetnutzer das TikTok-Feed-Plugin online erstellen und einfach in sein Plugin einf\u00fcgen Webnode-Homepage. Sie m\u00fcssen weder bezahlen noch Ihre Kartendaten eingeben, um auf den Editor zuzugreifen. Wenn Sie auf Probleme jeglicher Art sto\u00dfen, z\u00f6gern Sie nicht, sich an unser technisches Support-Team zu wenden.<\/p><\/div>\r\n\t\t\t\t\t<\/div>\r\n\t\t\t\t<\/div><\/div>","protected":false},"excerpt":{"rendered":"","protected":false},"author":9,"featured_media":0,"parent":4068,"menu_order":0,"comment_status":"closed","ping_status":"closed","template":"templates\/template-application-platform.php","meta":{"publish_to_discourse":"","publish_post_category":"","wpdc_auto_publish_overridden":"","wpdc_topic_tags":"","wpdc_pin_topic":"","wpdc_pin_until":"","discourse_post_id":"","discourse_permalink":"","wpdc_publishing_response":"","wpdc_publishing_error":"","footnotes":""},"class_list":["post-10602","page","type-page","status-publish","hentry"],"yoast_head":"<!-- This site is optimized with the Yoast SEO plugin v25.3.1 - https:\/\/yoast.com\/wordpress\/plugins\/seo\/ -->\n<title>F\u00fcgen Sie das TikTok-Feed-Widget zur Webnode-Website hinzu (schnell und kostenlos)<\/title>\n<meta name=\"description\" content=\"Implementieren Sie ein benutzerfreundliches Webnode TikTok Feed-Widget auf Ihrer Website. Nutzen Sie die praktische Elfsight-Demo und erstellen Sie Ihr fantastisches TikTok-Widget.\" \/>\n<meta name=\"robots\" content=\"index, follow, max-snippet:-1, max-image-preview:large, max-video-preview:-1\" \/>\n<link rel=\"canonical\" href=\"https:\/\/elfsight.com\/de\/tiktok-feed-widget\/webnode\/\" \/>\n<meta property=\"og:locale\" content=\"de_DE\" \/>\n<meta property=\"og:type\" content=\"article\" \/>\n<meta property=\"og:title\" content=\"F\u00fcgen Sie das TikTok-Feed-Widget zur Webnode-Website hinzu (schnell und kostenlos)\" \/>\n<meta property=\"og:description\" content=\"Implementieren Sie ein benutzerfreundliches Webnode TikTok Feed-Widget auf Ihrer Website. Nutzen Sie die praktische Elfsight-Demo und erstellen Sie Ihr fantastisches TikTok-Widget.\" \/>\n<meta property=\"og:url\" content=\"https:\/\/elfsight.com\/de\/tiktok-feed-widget\/webnode\/\" \/>\n<meta property=\"og:site_name\" content=\"Elfsight DE\" \/>\n<meta property=\"article:modified_time\" content=\"2025-07-10T08:35:21+00:00\" \/>\n<meta name=\"twitter:card\" content=\"summary_large_image\" \/>\n<meta name=\"twitter:label1\" content=\"Gesch\u00e4tzte Lesezeit\" \/>\n\t<meta name=\"twitter:data1\" content=\"3\u00a0Minuten\" \/>\n<!-- \/ Yoast SEO plugin. -->","yoast_head_json":{"title":"F\u00fcgen Sie das TikTok-Feed-Widget zur Webnode-Website hinzu (schnell und kostenlos)","description":"Implementieren Sie ein benutzerfreundliches Webnode TikTok Feed-Widget auf Ihrer Website. Nutzen Sie die praktische Elfsight-Demo und erstellen Sie Ihr fantastisches TikTok-Widget.","robots":{"index":"index","follow":"follow","max-snippet":"max-snippet:-1","max-image-preview":"max-image-preview:large","max-video-preview":"max-video-preview:-1"},"canonical":"https:\/\/elfsight.com\/de\/tiktok-feed-widget\/webnode\/","og_locale":"de_DE","og_type":"article","og_title":"F\u00fcgen Sie das TikTok-Feed-Widget zur Webnode-Website hinzu (schnell und kostenlos)","og_description":"Implementieren Sie ein benutzerfreundliches Webnode TikTok Feed-Widget auf Ihrer Website. Nutzen Sie die praktische Elfsight-Demo und erstellen Sie Ihr fantastisches TikTok-Widget.","og_url":"https:\/\/elfsight.com\/de\/tiktok-feed-widget\/webnode\/","og_site_name":"Elfsight DE","article_modified_time":"2025-07-10T08:35:21+00:00","twitter_card":"summary_large_image","twitter_misc":{"Gesch\u00e4tzte Lesezeit":"3\u00a0Minuten"},"schema":{"@context":"https:\/\/schema.org","@graph":[{"@type":"WebPage","@id":"https:\/\/elfsight.com\/de\/tiktok-feed-widget\/webnode\/","url":"https:\/\/elfsight.com\/de\/tiktok-feed-widget\/webnode\/","name":"F\u00fcgen Sie das TikTok-Feed-Widget zur Webnode-Website hinzu (schnell und kostenlos)","isPartOf":{"@id":"https:\/\/elfsight.com\/de\/#website"},"datePublished":"1970-01-01T00:00:00+00:00","dateModified":"2025-07-10T08:35:21+00:00","description":"Implementieren Sie ein benutzerfreundliches Webnode TikTok Feed-Widget auf Ihrer Website. Nutzen Sie die praktische Elfsight-Demo und erstellen Sie Ihr fantastisches TikTok-Widget.","breadcrumb":{"@id":"https:\/\/elfsight.com\/de\/tiktok-feed-widget\/webnode\/#breadcrumb"},"inLanguage":"de","potentialAction":[{"@type":"ReadAction","target":["https:\/\/elfsight.com\/de\/tiktok-feed-widget\/webnode\/"]}]},{"@type":"BreadcrumbList","@id":"https:\/\/elfsight.com\/de\/tiktok-feed-widget\/webnode\/#breadcrumb","itemListElement":[{"@type":"ListItem","position":1,"name":"Home","item":"https:\/\/elfsight.com\/de\/"},{"@type":"ListItem","position":2,"name":"TikTok Feed","item":"https:\/\/elfsight.com\/de\/tiktok-feed-widget\/"},{"@type":"ListItem","position":3,"name":"TikTok Feed &#8211; Webnode"}]},{"@type":"WebSite","@id":"https:\/\/elfsight.com\/de\/#website","url":"https:\/\/elfsight.com\/de\/","name":"Elfsight DE","description":"Just another Elfsight Sites site","potentialAction":[{"@type":"SearchAction","target":{"@type":"EntryPoint","urlTemplate":"https:\/\/elfsight.com\/de\/?s={search_term_string}"},"query-input":{"@type":"PropertyValueSpecification","valueRequired":true,"valueName":"search_term_string"}}],"inLanguage":"de"}]}},"meta_box":{"industry":"","seo_heading":"","heading":"","description":"","cta_heading":"","cta_description":"","application":"4067","h1":"Webnode TikTok-Feed-Widget","h1_caption":"Pr\u00e4sentieren Sie angesagte Tiktok-Videos nach Hashtag oder Konto und f\u00fcgen Sie Ihrer Webnode-Website m\u00fchelos dynamische, ansprechende Inhalte hinzu.","application_category":[],"applications_title":"","applications_request_title":"","applications_request_button_text":"","hero_text":"","hero_video":"","hero_video_schema_markup":"","selling_points_title":"","selling_points_caption":"","selling_points":[],"selling_points_cta_text":"","features_title":"","features":"","ed_cta_examples_text":"","ed_cta_examples_hidden":"","ed_cta_demo_text":"","ed_cta_demo_hidden":"","why_caption":"","why_editor_title":"","why_editor_text":"","why_team_title":"","why_team_text":"","why_service_title":"","why_service_text":"","template_catalog_visible":"","template_catalog_title":"","template_catalog_text":"","template_catalog_categories_visible":"","demo_title":"Erstellen Sie Ihr TikTok-Feed-Widget","demo_caption":"Konfigurieren Sie Ihren TikTok-Feed und f\u00fcgen Sie ihn kostenlos zu Ihrer Webnode-Website hinzu!","default_faq_hidden":"","app_template_category":[],"platform":"248","template_public_id":"","codecanyon_url":"","codecanyon_item_id":"","codecanyon_price":"","pricing_caption":"","pricing_elfsight_apps_hide_column":"","pricing_elfsight_apps_url":"","pricing_codecanyon_price_caption":"","integration_category":[],"integration_request_title":"","integration_request_cta":"","integration_platform":"","integrations":[],"platform_category":[],"video_schema_markup":"","price":"ab 0 $ \/ Monat","trial":"","benefits":[{"text":"Kostenloser Installationsservice"},{"text":"Effektiver Kundenservice"},{"text":"14-t\u00e4gige Geld-zur\u00fcck-Garantie"},{"text":"Kontinuierliche kostenlose Updates"}],"button_url":"#demo","button_target_blank":"","button_nofollow":"","attributes":[{"name":"Installiert","content":"10,000 - 100,000"},{"name":"Reaktionsfreudig","content":"Ja"},{"name":"Kompatible Browser","content":"Firefox, Safari, Opera, Chrome, Edge"}],"tags":[],"tags_disable_links":"","hide_more_platforms":"","video_object":"","demo_hide_cta":"","demo_hide_cloud_options":"","pricing_title":"","pricing":[{"pricing_icon":"platform","pricing_title":"Elfsight Apps","pricing_title_caption":"Plattform\u00fcbergreifende L\u00f6sung, die auf jeder Website funktioniert","pricing_price":"ab 0 $ \/ Monat","pricing_price_caption":"Beginnen Sie mit einem kostenlosen Plan","pricing_benefits":[{"text":"Unbegrenzte Websites"},{"text":"Kostenloser und p\u00fcnktlicher Support"},{"text":"Kostenlose Installationsunterst\u00fctzung"},{"text":"Flexibles Design"}],"pricing_button_text":"Zur Website hinzuf\u00fcgen","pricing_button_url":"#demo"}],"related_apps_title":"","related_apps_hidden":"","author":"","image":[],"title":"","job":"","social_networks":[]},"_links":{"self":[{"href":"https:\/\/elfsight.com\/de\/wp-json\/wp\/v2\/pages\/10602","targetHints":{"allow":["GET"]}}],"collection":[{"href":"https:\/\/elfsight.com\/de\/wp-json\/wp\/v2\/pages"}],"about":[{"href":"https:\/\/elfsight.com\/de\/wp-json\/wp\/v2\/types\/page"}],"author":[{"embeddable":true,"href":"https:\/\/elfsight.com\/de\/wp-json\/wp\/v2\/users\/9"}],"replies":[{"embeddable":true,"href":"https:\/\/elfsight.com\/de\/wp-json\/wp\/v2\/comments?post=10602"}],"version-history":[{"count":2,"href":"https:\/\/elfsight.com\/de\/wp-json\/wp\/v2\/pages\/10602\/revisions"}],"predecessor-version":[{"id":22054,"href":"https:\/\/elfsight.com\/de\/wp-json\/wp\/v2\/pages\/10602\/revisions\/22054"}],"up":[{"embeddable":true,"href":"https:\/\/elfsight.com\/de\/wp-json\/wp\/v2\/pages\/4068"}],"wp:attachment":[{"href":"https:\/\/elfsight.com\/de\/wp-json\/wp\/v2\/media?parent=10602"}],"curies":[{"name":"wp","href":"https:\/\/api.w.org\/{rel}","templated":true}]}}