{"id":10594,"date":"1970-01-01T00:00:00","date_gmt":"1970-01-01T00:00:00","guid":{"rendered":"https:\/\/elfsight.com\/de\/?page_id=10594"},"modified":"2025-02-13T15:57:07","modified_gmt":"2025-02-13T15:57:07","slug":"woocommerce","status":"publish","type":"page","link":"https:\/\/elfsight.com\/de\/tiktok-feed-widget\/woocommerce\/","title":{"rendered":"TikTok Feed &#8211; WooCommerce"},"content":{"rendered":"\n<div class=\"application-platform-content-item-description application-platform-content-item\" id=\"description\" data-nav-section=\"description\"> <h2>Beschreibung<\/h2> <p>Elfsight TiKTok Feed f\u00fcr WooCommerce ist ein spezielles Plugin f\u00fcr die Vermarktung nicht nur von Dingen, sondern auch von Emotionen und Erfahrungen. Damit k\u00f6nnen Sie einen benutzerdefinierten Feed erstellen, der aus Ihren Inhalten von TikTok besteht \u2013 und ihn direkt auf Ihrer Website anzeigen. Erstellen Sie mit wenigen Klicks eine Videogalerie! Genie\u00dfen Sie die volle Kontrolle \u00fcber einen aufgedeckten Inhalt und eliminieren Sie Spam und alle unerw\u00fcnschten Inhalte mithilfe der manuellen Moderation. Der vollst\u00e4ndig reaktionsf\u00e4hige Online-Editor bietet Ihnen mehrere Vorlagen zur Auswahl. <\/p> <p><b>Machen Sie Ihre Website mit TikTok-Feed erfolgreicher f\u00fcr E-Commerce-Ziele<\/b><\/p> <\/div> <div class=\"application-platform-content-item-features application-platform-content-item\" id=\"features\" data-nav-section=\"features\"> <h2>Die wesentlichen Widget-Funktionen Angebot<\/h2> <ul><li>Verstecken Sie die Kopfzeile, damit Ihr Widget minimalistisch aussieht. <\/li><li>Entfernen Sie Spam und unerw\u00fcnschte Inhalte mithilfe des manuellen Moderationsmodus. <\/li><li>Legen Sie die Schaltfl\u00e4che \u201eFolgen\u201c auf den Werkzeugkarten fest. <\/li><li>Lassen Sie Ihre Beitr\u00e4ge in einem Pop-up anzeigen. <\/li><\/ul><p><a href=\"#demo\">Sie k\u00f6nnen die volle Funktionalit\u00e4t des Plugins in der Demo gleich hier erkunden<\/a><\/p> <\/div> <div class=\"application-platform-content-item-\u201eInstallation\u201c application-platform-content-item\" id=\"\u201eInstallation\u201c\" data-nav-section=\"\u201eInstallation\u201c\"> <h2>Wie kann ich einen TikTok-Feed auf meiner WooCommerce-Website hinzuf\u00fcgen? <\/h2> <p>F\u00fchren Sie einfach die folgenden Richtlinien aus, um das Plugin einzuf\u00fcgen. <\/p> <ol><li><b>F\u00fchren Sie unsere kostenlose Demo durch und beginnen Sie mit der Erstellung Ihres ma\u00dfgeschneiderten Plugins. <\/b><br> W\u00e4hlen Sie das benutzerdefinierte Design und die Funktionalit\u00e4t des Widgets und speichern Sie die Korrekturen. <\/li> <li><b>Erhalten Sie Ihren einzigartigen Code, der in der speziellen Form auf Elfsight Apps angezeigt wird. <\/b><br> Sobald die Konfiguration Ihres Plugins abgeschlossen ist, kopieren Sie den pers\u00f6nlichen Code im erscheinenden Fenster und speichern Sie ihn zur weiteren Verwendung. <\/li> <li><b>Beginnen Sie mit der Anwendung des Plugins auf Ihrer WooCommerce-Site. <\/b><br> Geben Sie den zuvor gespeicherten Code auf Ihrer Webseite ein und speichern Sie die \u00c4nderungen. <\/li> <li><b>Du bist fertig! Die Einbettung wurde erfolgreich beendet. <\/b><br> Besuchen Sie Ihre Website, um zu \u00fcberpr\u00fcfen, wie das Plugin funktioniert. <\/li><\/ol> <p>Wenn Sie Fragen haben oder auf Probleme sto\u00dfen, z\u00f6gern Sie nicht, sich an unser Kundendienstteam zu wenden. Unsere Berater sind bestrebt, alle Schwierigkeiten zu l\u00f6sen, die Sie m\u00f6glicherweise mit dem Tool haben. <\/p> <\/div><div class=\"faq\" data-component=\"FAQ\"><div class=\"faq-item\">\r\n\t\t\t\t\t<div class=\"faq-item-question\">\r\n\t\t\t\t\t\t<h3 class=\"faq-item-question-text\">Gibt es eine Option zum Einbetten des TikTok-Feeds in meine WooCommerce-Webseite ohne Programmierkenntnisse?<\/h3>\r\n\r\n\t\t\t\t\t\t<div class=\"faq-item-question-icon\"><\/div>\r\n\t\t\t\t\t<\/div>\r\n\r\n\t\t\t\t\t<div class=\"faq-item-answer\">\r\n\t\t\t\t\t\t<div class=\"faq-item-answer-text\"><p>Elfsight Das Unternehmen liefert eine L\u00f6sung, mit der Benutzer selbst eine TikTok-Feed-App erstellen k\u00f6nnen. Sehen Sie, wie unkompliziert der Prozess ist:<\/p><ul><li>Gehen Sie zur Online-Demo, um einen TikTok-Feed-Bereich einzurichten, den Sie gerne in Ihrem WooCommerce sehen w\u00fcrden Webseite.<\/li><li>Klicken Sie auf eine unserer vorgefertigten Vorlagen und \u00e4ndern Sie die TikTok-Feed-Einstellungen, \u00e4ndern Sie das Layout und die Farbe der Elemente, f\u00fcgen Sie Ihre Inhalte ohne Programmierkenntnisse hinzu.<\/li><li>Klicken Sie um die von Ihnen vorgenommenen Einstellungen im TikTok-Feed zu speichern und den Code f\u00fcr die Installation zu kopieren, der einfach und kostenlos in die WooCommerce-Site eingebettet werden kann.<\/li><\/ul><p>Verwenden Sie den benutzerfreundlichen Editor in jedem Internet Der Benutzer kann einen TikTok-Feed online erstellen und m\u00fchelos in die WooCommerce-Webseite einbetten. Sie m\u00fcssen weder bezahlen noch Ihre Kartendaten eingeben, um auf unseren Service zuzugreifen. Sollten Sie bei irgendeinem Schritt auf Hindernisse sto\u00dfen, wenden Sie sich bitte an unseren Kundensupport.<\/p><\/div>\r\n\t\t\t\t\t<\/div>\r\n\t\t\t\t<\/div><\/div>\n","protected":false},"excerpt":{"rendered":"","protected":false},"author":9,"featured_media":0,"parent":4068,"menu_order":0,"comment_status":"closed","ping_status":"closed","template":"templates\/template-application-platform.php","meta":{"publish_to_discourse":"","publish_post_category":"","wpdc_auto_publish_overridden":"","wpdc_topic_tags":"","wpdc_pin_topic":"","wpdc_pin_until":"","discourse_post_id":"","discourse_permalink":"","wpdc_publishing_response":"","wpdc_publishing_error":"","footnotes":""},"class_list":["post-10594","page","type-page","status-publish","hentry"],"yoast_head":"<!-- This site is optimized with the Yoast SEO plugin v25.3.1 - https:\/\/yoast.com\/wordpress\/plugins\/seo\/ -->\n<title>F\u00fcgen Sie die TikTok-Feed-App zur WooCommerce-Website hinzu (schnell und kostenlos)<\/title>\n<meta name=\"description\" content=\"Integrieren Sie ein responsives WooCommerce-TikTok-Feed-Plugin in Ihre Website. Probieren Sie die praktische Elfsight-Demo aus und erstellen Sie Ihre wundersch\u00f6ne TikTok-App.\" \/>\n<meta name=\"robots\" content=\"index, follow, max-snippet:-1, max-image-preview:large, max-video-preview:-1\" \/>\n<link rel=\"canonical\" href=\"https:\/\/elfsight.com\/de\/tiktok-feed-widget\/woocommerce\/\" \/>\n<meta property=\"og:locale\" content=\"de_DE\" \/>\n<meta property=\"og:type\" content=\"article\" \/>\n<meta property=\"og:title\" content=\"F\u00fcgen Sie die TikTok-Feed-App zur WooCommerce-Website hinzu (schnell und kostenlos)\" \/>\n<meta property=\"og:description\" content=\"Integrieren Sie ein responsives WooCommerce-TikTok-Feed-Plugin in Ihre Website. Probieren Sie die praktische Elfsight-Demo aus und erstellen Sie Ihre wundersch\u00f6ne TikTok-App.\" \/>\n<meta property=\"og:url\" content=\"https:\/\/elfsight.com\/de\/tiktok-feed-widget\/woocommerce\/\" \/>\n<meta property=\"og:site_name\" content=\"Elfsight DE\" \/>\n<meta property=\"article:modified_time\" content=\"2025-02-13T15:57:07+00:00\" \/>\n<meta name=\"twitter:card\" content=\"summary_large_image\" \/>\n<meta name=\"twitter:label1\" content=\"Gesch\u00e4tzte Lesezeit\" \/>\n\t<meta name=\"twitter:data1\" content=\"3\u00a0Minuten\" \/>\n<!-- \/ Yoast SEO plugin. -->","yoast_head_json":{"title":"F\u00fcgen Sie die TikTok-Feed-App zur WooCommerce-Website hinzu (schnell und kostenlos)","description":"Integrieren Sie ein responsives WooCommerce-TikTok-Feed-Plugin in Ihre Website. Probieren Sie die praktische Elfsight-Demo aus und erstellen Sie Ihre wundersch\u00f6ne TikTok-App.","robots":{"index":"index","follow":"follow","max-snippet":"max-snippet:-1","max-image-preview":"max-image-preview:large","max-video-preview":"max-video-preview:-1"},"canonical":"https:\/\/elfsight.com\/de\/tiktok-feed-widget\/woocommerce\/","og_locale":"de_DE","og_type":"article","og_title":"F\u00fcgen Sie die TikTok-Feed-App zur WooCommerce-Website hinzu (schnell und kostenlos)","og_description":"Integrieren Sie ein responsives WooCommerce-TikTok-Feed-Plugin in Ihre Website. Probieren Sie die praktische Elfsight-Demo aus und erstellen Sie Ihre wundersch\u00f6ne TikTok-App.","og_url":"https:\/\/elfsight.com\/de\/tiktok-feed-widget\/woocommerce\/","og_site_name":"Elfsight DE","article_modified_time":"2025-02-13T15:57:07+00:00","twitter_card":"summary_large_image","twitter_misc":{"Gesch\u00e4tzte Lesezeit":"3\u00a0Minuten"},"schema":{"@context":"https:\/\/schema.org","@graph":[{"@type":"WebPage","@id":"https:\/\/elfsight.com\/de\/tiktok-feed-widget\/woocommerce\/","url":"https:\/\/elfsight.com\/de\/tiktok-feed-widget\/woocommerce\/","name":"F\u00fcgen Sie die TikTok-Feed-App zur WooCommerce-Website hinzu (schnell und kostenlos)","isPartOf":{"@id":"https:\/\/elfsight.com\/de\/#website"},"datePublished":"1970-01-01T00:00:00+00:00","dateModified":"2025-02-13T15:57:07+00:00","description":"Integrieren Sie ein responsives WooCommerce-TikTok-Feed-Plugin in Ihre Website. Probieren Sie die praktische Elfsight-Demo aus und erstellen Sie Ihre wundersch\u00f6ne TikTok-App.","breadcrumb":{"@id":"https:\/\/elfsight.com\/de\/tiktok-feed-widget\/woocommerce\/#breadcrumb"},"inLanguage":"de","potentialAction":[{"@type":"ReadAction","target":["https:\/\/elfsight.com\/de\/tiktok-feed-widget\/woocommerce\/"]}]},{"@type":"BreadcrumbList","@id":"https:\/\/elfsight.com\/de\/tiktok-feed-widget\/woocommerce\/#breadcrumb","itemListElement":[{"@type":"ListItem","position":1,"name":"Home","item":"https:\/\/elfsight.com\/de\/"},{"@type":"ListItem","position":2,"name":"TikTok Feed","item":"https:\/\/elfsight.com\/de\/tiktok-feed-widget\/"},{"@type":"ListItem","position":3,"name":"TikTok Feed &#8211; WooCommerce"}]},{"@type":"WebSite","@id":"https:\/\/elfsight.com\/de\/#website","url":"https:\/\/elfsight.com\/de\/","name":"Elfsight DE","description":"Just another Elfsight Sites site","potentialAction":[{"@type":"SearchAction","target":{"@type":"EntryPoint","urlTemplate":"https:\/\/elfsight.com\/de\/?s={search_term_string}"},"query-input":{"@type":"PropertyValueSpecification","valueRequired":true,"valueName":"search_term_string"}}],"inLanguage":"de"}]}},"meta_box":{"industry":"","seo_heading":"","heading":"","description":"","cta_heading":"","cta_description":"","application":"4067","h1":"WooCommerce TikTok Feed-Plugin","h1_caption":"Pr\u00e4sentieren Sie trendige Tiktok-Videos nach Hashtag oder Konto und f\u00fcgen Sie Ihrer WooCommerce-Website m\u00fchelos dynamische, ansprechende Inhalte hinzu.","application_category":[],"applications_title":"","applications_request_title":"","applications_request_button_text":"","hero_text":"","hero_video":"","hero_video_schema_markup":"","selling_points_title":"","selling_points_caption":"","selling_points":[],"selling_points_cta_text":"","features_title":"","features":"","ed_cta_examples_text":"","ed_cta_examples_hidden":"","ed_cta_demo_text":"","ed_cta_demo_hidden":"","why_caption":"","why_editor_title":"","why_editor_text":"","why_team_title":"","why_team_text":"","why_service_title":"","why_service_text":"","template_catalog_visible":"0","template_catalog_title":"","template_catalog_text":"","template_catalog_categories_visible":"","demo_title":"Erstellen Sie Ihre TikTok-Feed-App","demo_caption":"Konfigurieren Sie Ihren TikTok-Feed und f\u00fcgen Sie ihn kostenlos zu Ihrer WooCommerce-Website hinzu!","default_faq_hidden":"","app_template_category":[],"platform":"200","template_public_id":"","codecanyon_url":"","codecanyon_item_id":"","codecanyon_price":"","pricing_caption":"","pricing_elfsight_apps_hide_column":"","pricing_elfsight_apps_url":"","pricing_codecanyon_price_caption":"","integration_category":[],"integration_request_title":"","integration_request_cta":"","integration_platform":"","integrations":[],"platform_category":[],"video_schema_markup":"","price":"ab 0 $ \/ Monat","trial":"","benefits":[{"text":"Kostenlose Installationshilfe"},{"text":"Kompetenter Kundenservice"},{"text":"14-t\u00e4gige Geld-zur\u00fcck-Garantie"},{"text":"St\u00e4ndige Aktualisierung"}],"button_url":"#demo","button_target_blank":"0","button_nofollow":"0","attributes":[{"name":"Installiert","content":"10,000 - 100,000"},{"name":"Reaktionsfreudig","content":"Ja"},{"name":"Kompatible Browser","content":"Firefox, Safari, Opera, Chrome, Edge"}],"tags":[],"tags_disable_links":"0","hide_more_platforms":"0","video_object":"","demo_hide_cta":"0","demo_hide_cloud_options":"0","pricing_title":"","pricing":[{"pricing_icon":"platform","pricing_title":"Elfsight Apps","pricing_title_caption":"Plattform\u00fcbergreifende Version","pricing_price":"ab 0 $ \/ Monat","pricing_price_caption":"Beginnen Sie mit einem kostenlosen Plan","pricing_benefits":[{"text":"Unbegrenzte Websites"},{"text":"Schneller Kundensupport und gut dokumentiert"},{"text":"Kostenlose Installationsunterst\u00fctzung"},{"text":"100 % anpassbar"}],"pricing_button_text":"Zur Website hinzuf\u00fcgen","pricing_button_url":"#demo"}],"related_apps_title":"","related_apps_hidden":"0","author":"","image":[],"title":"","job":"","social_networks":[]},"_links":{"self":[{"href":"https:\/\/elfsight.com\/de\/wp-json\/wp\/v2\/pages\/10594","targetHints":{"allow":["GET"]}}],"collection":[{"href":"https:\/\/elfsight.com\/de\/wp-json\/wp\/v2\/pages"}],"about":[{"href":"https:\/\/elfsight.com\/de\/wp-json\/wp\/v2\/types\/page"}],"author":[{"embeddable":true,"href":"https:\/\/elfsight.com\/de\/wp-json\/wp\/v2\/users\/9"}],"replies":[{"embeddable":true,"href":"https:\/\/elfsight.com\/de\/wp-json\/wp\/v2\/comments?post=10594"}],"version-history":[{"count":3,"href":"https:\/\/elfsight.com\/de\/wp-json\/wp\/v2\/pages\/10594\/revisions"}],"predecessor-version":[{"id":24111,"href":"https:\/\/elfsight.com\/de\/wp-json\/wp\/v2\/pages\/10594\/revisions\/24111"}],"up":[{"embeddable":true,"href":"https:\/\/elfsight.com\/de\/wp-json\/wp\/v2\/pages\/4068"}],"wp:attachment":[{"href":"https:\/\/elfsight.com\/de\/wp-json\/wp\/v2\/media?parent=10594"}],"curies":[{"name":"wp","href":"https:\/\/api.w.org\/{rel}","templated":true}]}}