{"id":1059,"date":"2020-06-11T08:49:25","date_gmt":"2020-06-11T08:49:25","guid":{"rendered":"https:\/\/elfsight.com\/de\/?page_id=1059"},"modified":"2024-07-18T12:54:15","modified_gmt":"2024-07-18T12:54:15","slug":"examples","status":"publish","type":"page","link":"https:\/\/elfsight.com\/de\/photo-gallery-widget\/examples\/","title":{"rendered":"Photo Gallery &#8211; Examples"},"content":{"rendered":"\n<div class=\"application-examples-item application-examples-item-loading\">\n                            <div class=\"col-row\">\n                                <div class=\"col-6 col-m-8 col-s-12\"><h3 class=\"application-examples-item-title\">Beispiel 1. Reisender<\/h3><div class=\"application-examples-item-description\">Entwerfen Sie eine faszinierende und genaue Bildergalerie mit Ihren Reisebildern. Das Layout erm\u00f6glicht es Benutzern, durch ein bestimmtes Bild aus der folgenden Variante zu gleiten oder es auszuw\u00e4hlen. F\u00fcgen Sie eing\u00e4ngige Popup-Titel, eine kurze Beschreibung des wunderbaren Abenteuers oder malerische Orte hinzu und passen Sie den Hintergrundtyp an, der f\u00fcr Ihr Web-Farbthema geeignet ist. Sagen Sie Ihrem Publikum, wie gro\u00dfartig Reisen sein kann.<\/div><\/div>\n                <\/div>\n\n                <div class=\"application-examples-item-iframe-container browser-frame\">\n                    <div class=\"application-examples-item-iframe-wrapper\">\n                        <iframe class=\"application-examples-item-iframe application-examples-item-iframe-fixed-height\" data-src=\"https:\/\/sandbox.elfsightcdn.com\/?widget_id=aa2d9bba-295c-475f-aa2e-f2e4e865b651\" width=\"100%\" height=\"800\" allow=\"autoplay; fullscreen\"><\/iframe>\n                    <\/div>\n\n                    <div class=\"application-examples-item-loader\"><\/div>\n                <\/div>\n            <\/div>\n\n<div class=\"application-examples-item application-examples-item-loading\">\n                            <div class=\"col-row\">\n                                <div class=\"col-6 col-m-8 col-s-12\"><h3 class=\"application-examples-item-title\">Beispiel 2. Produktverk\u00e4ufer<\/h3><div class=\"application-examples-item-description\">Wie k\u00f6nnen Sie alle Details Ihrer hochwertigen Produkte in Ihrem Online-Shop ohne Codierung anzeigen? Dieses Widget hilft Ihren potenziellen K\u00e4ufern zu sehen, wie fabelhaft Ihre Waren aus allen Perspektiven sind. Ein ideales Layout mit vertikalen Miniaturansichten - ein Kunde klickt einfach darauf, um eine gr\u00f6\u00dfere Version jedes Bildes anzuzeigen.<\/div><\/div>\n                <\/div>\n\n                <div class=\"application-examples-item-iframe-container browser-frame\">\n                    <div class=\"application-examples-item-iframe-wrapper\">\n                        <iframe class=\"application-examples-item-iframe application-examples-item-iframe-fixed-height\" data-src=\"https:\/\/sandbox.elfsightcdn.com\/?widget_id=251e1a93-953a-4570-ab98-1d6ce10299be\" width=\"100%\" height=\"800\" allow=\"autoplay; fullscreen\"><\/iframe>\n                    <\/div>\n\n                    <div class=\"application-examples-item-loader\"><\/div>\n                <\/div>\n            <\/div>\n\n<div class=\"application-examples-item application-examples-item-loading\">\n                            <div class=\"col-row\">\n                                <div class=\"col-6 col-m-8 col-s-12\"><h3 class=\"application-examples-item-title\">Beispiel 3. Fotos<\/h3><div class=\"application-examples-item-description\">Die beste Wahl, um Ihre gro\u00dfartigen Arbeiten zu demonstrieren, egal ob Sie ein Top-Maskenbildner, ein Fotograf, ein Modedesigner oder ein talentiertes Model sind. Ein horizontaler Schieberegler speichert Ihre Fotoqualit\u00e4t und passt perfekt auf alle Mobilger\u00e4te. F\u00fcgen Sie einen ordentlichen Titel und eine kurze Beschreibung hinzu - Ihre Kunden sch\u00e4tzen die Exzellenz Ihres Portfolios auf jeden Fall sowohl an den Miniaturansichten der Schieberegler als auch im Popup-Bild. Genie\u00dfen Sie die Einfachheit und die edle Leistung.<\/div><\/div>\n                <\/div>\n\n                <div class=\"application-examples-item-iframe-container browser-frame\">\n                    <div class=\"application-examples-item-iframe-wrapper\">\n                        <iframe class=\"application-examples-item-iframe application-examples-item-iframe-fixed-height\" data-src=\"https:\/\/widget.elfsig.ht\/0161f56b-e54d-4143-8939-7206e9e9d83a\" width=\"100%\" height=\"800\" allow=\"autoplay; fullscreen\"><\/iframe>\n                    <\/div>\n\n                    <div class=\"application-examples-item-loader\"><\/div>\n                <\/div>\n            <\/div>\n\n<div class=\"application-examples-item application-examples-item-loading\">\n                            <div class=\"col-row\">\n                                <div class=\"col-6 col-m-8 col-s-12\"><h3 class=\"application-examples-item-title\">Beispiel 4. Hochzeitsfotograf<\/h3><div class=\"application-examples-item-description\">Wie erstelle ich eine perfekte Bildergalerie f\u00fcr Ihre Fotogallerie Website? Das vertikale Photo mosaik layout erm\u00f6glicht das Hinzuf\u00fcgen von Fotos unterschiedlicher Gr\u00f6\u00dfe in beliebiger Reihenfolge. Die Bilder werden in einem Raster von zwei in Zeile angezeigt und schreiten auf der weichen beige Farbe, mit der Hochzeit verbunden. Helfen Sie Ihrem Publikum, die besondere Stimmung des romantischsten Moments eines Lebens einzufangen.<\/div><\/div>\n                <\/div>\n\n                <div class=\"application-examples-item-iframe-container browser-frame\">\n                    <div class=\"application-examples-item-iframe-wrapper\">\n                        <iframe class=\"application-examples-item-iframe application-examples-item-iframe-fixed-height\" data-src=\"https:\/\/widget.elfsig.ht\/5673986a-6700-4632-acf2-d8a274f5a70a\" width=\"100%\" height=\"800\" allow=\"autoplay; fullscreen\"><\/iframe>\n                    <\/div>\n\n                    <div class=\"application-examples-item-loader\"><\/div>\n                <\/div>\n            <\/div>\n\n<div class=\"application-examples-item application-examples-item-loading\">\n                            <div class=\"col-row\">\n                                <div class=\"col-6 col-m-8 col-s-12\"><h3 class=\"application-examples-item-title\">Beispiel 5. Gestaltung Innenr\u00e4ume<\/h3><div class=\"application-examples-item-description\">Bewerben Sie Ihr erstaunliches Innendesign mithilfe eines reaktionsschnellen und mobilfreundlichen Widgets. Der Slider mit Paginierung ist eine einfache L\u00f6sung f\u00fcr eine erstaunliche Vorschau auf die Vielzahl der von Ihnen ausgef\u00fchrten Arbeiten. F\u00fcgen Sie jeder Seite eine Fotogalerie hinzu und gewinnen Sie mehr potenzielle Kunden, die ohne Zweifel Ihrer Kompetenz vertrauen.<\/div><\/div>\n                <\/div>\n\n                <div class=\"application-examples-item-iframe-container browser-frame\">\n                    <div class=\"application-examples-item-iframe-wrapper\">\n                        <iframe class=\"application-examples-item-iframe application-examples-item-iframe-fixed-height\" data-src=\"https:\/\/widget.elfsig.ht\/ac124bb3-2d86-41bd-9ca3-49c8d6331722\" width=\"100%\" height=\"800\" allow=\"autoplay; fullscreen\"><\/iframe>\n                    <\/div>\n\n                    <div class=\"application-examples-item-loader\"><\/div>\n                <\/div>\n            <\/div>\n\n<div class=\"application-cta-create\">\n                    <div class=\"application-cta-create-bg\">\n                        <div class=\"application-cta-create-bg-left\"><\/div>\n\n                        <div class=\"application-cta-create-bg-right\">\n                            <img decoding=\"async\" src=\"https:\/\/elfsight.com\/de\/wp-content\/themes\/elfsight\/frontend\/assets\/img\/application-cta-create.jpg\" alt=\"Beginnen Sie mit der Erstellung Ihres Widgets\">\n                        <\/div>\n                    <\/div>\n\n                    <div class=\"application-cta-create-content inner\">\n                        <div class=\"application-cta-create-content-inner\">\n                            <div class=\"application-cta-create-content-icon\">\n                                <svg viewBox=\"0 0 25 25\" width=\"100%\" height=\"100%\">\n                                    <use xlink:href=\"#icon-settings\"><\/use>\n                                <\/svg>\n                            <\/div>\n\n                            <div class=\"application-cta-create-content-title\">Beginnen Sie mit der Erstellung Ihres Widgets<\/div>\n\n                            <div class=\"application-cta-create-content-text\">Schnell. Einfach. Keine Codierung.<\/div>\n\n                            <a class=\"application-cta-create-content-button button-48 button-has-right-icon button-black button\" href=\"\">\n                                <span class=\"button-label\">Widget erstellen<\/span>\n\n                                <svg class=\"button-icon\">\n                                    <use xlink:href=\"#icon-arrow-link\"><\/use>\n                                <\/svg>\n                            <\/a>\n                        <\/div>\n                    <\/div>\n                <\/div>\n\n<div class=\"application-examples-item application-examples-item-loading\">\n                            <div class=\"col-row\">\n                                <div class=\"col-6 col-m-8 col-s-12\"><h3 class=\"application-examples-item-title\">Beispiel 6. Produktmanager<\/h3><div class=\"application-examples-item-description\">Dies ist eine gro\u00dfartige M\u00f6glichkeit, Ihre Waren auf lebendige und dynamische Weise anzubieten. Die gleiche Gr\u00f6\u00dfe, eine lebendige quadratische Form und Farbe, das Fehlen der Rinne schafft eine k\u00fcnstlerische Einheit. Sie k\u00f6nnen Kunden absolut unterschiedliche Produkte oder sch\u00f6n komponierte Collagen mit einem Thema anbieten. Was w\u00fcrdest du w\u00e4hlen? Jede Variante kann Ihre Webseite Besucher zu K\u00e4ufern drehen und fahren Sie Ihren Umsatz wie nie zuvor.<\/div><\/div>\n                <\/div>\n\n                <div class=\"application-examples-item-iframe-container browser-frame\">\n                    <div class=\"application-examples-item-iframe-wrapper\">\n                        <iframe class=\"application-examples-item-iframe application-examples-item-iframe-fixed-height\" data-src=\"https:\/\/widget.elfsig.ht\/20f0bdf4-9907-40fd-8d15-ffc54a1b8050\" width=\"100%\" height=\"800\" allow=\"autoplay; fullscreen\"><\/iframe>\n                    <\/div>\n\n                    <div class=\"application-examples-item-loader\"><\/div>\n                <\/div>\n            <\/div>\n","protected":false},"excerpt":{"rendered":"","protected":false},"author":11,"featured_media":0,"parent":1042,"menu_order":0,"comment_status":"closed","ping_status":"closed","template":"templates\/template-application-examples.php","meta":{"publish_to_discourse":"","publish_post_category":"","wpdc_auto_publish_overridden":"","wpdc_topic_tags":"","wpdc_pin_topic":"","wpdc_pin_until":"","discourse_post_id":"","discourse_permalink":"","wpdc_publishing_response":"","wpdc_publishing_error":"","footnotes":""},"class_list":["post-1059","page","type-page","status-publish","hentry"],"yoast_head":"<!-- This site is optimized with the Yoast SEO plugin v25.3.1 - https:\/\/yoast.com\/wordpress\/plugins\/seo\/ -->\n<title>Die besten Beispiele f\u00fcr Fotogalerie-Widgets auf einer Website (TOP 6)<\/title>\n<meta name=\"description\" content=\"Erfahren Sie, wie Sie die Bildergalerie in Ihre Website einbinden. Beste Vorlagen, um das perfekte Widget zu erstellen. Top Beispiele f\u00fcr Fotogalerien\" \/>\n<meta name=\"robots\" content=\"index, follow, max-snippet:-1, max-image-preview:large, max-video-preview:-1\" \/>\n<link rel=\"canonical\" href=\"https:\/\/elfsight.com\/de\/photo-gallery-widget\/examples\/\" \/>\n<meta property=\"og:locale\" content=\"de_DE\" \/>\n<meta property=\"og:type\" content=\"article\" \/>\n<meta property=\"og:title\" content=\"Die besten Beispiele f\u00fcr Fotogalerie-Widgets auf einer Website (TOP 6)\" \/>\n<meta property=\"og:description\" content=\"Erfahren Sie, wie Sie die Bildergalerie in Ihre Website einbinden. Beste Vorlagen, um das perfekte Widget zu erstellen. Top Beispiele f\u00fcr Fotogalerien\" \/>\n<meta property=\"og:url\" content=\"https:\/\/elfsight.com\/de\/photo-gallery-widget\/examples\/\" \/>\n<meta property=\"og:site_name\" content=\"Elfsight DE\" \/>\n<meta property=\"article:modified_time\" content=\"2024-07-18T12:54:15+00:00\" \/>\n<meta name=\"twitter:card\" content=\"summary_large_image\" \/>\n<meta name=\"twitter:label1\" content=\"Gesch\u00e4tzte Lesezeit\" \/>\n\t<meta name=\"twitter:data1\" content=\"3\u00a0Minuten\" \/>\n<!-- \/ Yoast SEO plugin. -->","yoast_head_json":{"title":"Die besten Beispiele f\u00fcr Fotogalerie-Widgets auf einer Website (TOP 6)","description":"Erfahren Sie, wie Sie die Bildergalerie in Ihre Website einbinden. Beste Vorlagen, um das perfekte Widget zu erstellen. Top Beispiele f\u00fcr Fotogalerien","robots":{"index":"index","follow":"follow","max-snippet":"max-snippet:-1","max-image-preview":"max-image-preview:large","max-video-preview":"max-video-preview:-1"},"canonical":"https:\/\/elfsight.com\/de\/photo-gallery-widget\/examples\/","og_locale":"de_DE","og_type":"article","og_title":"Die besten Beispiele f\u00fcr Fotogalerie-Widgets auf einer Website (TOP 6)","og_description":"Erfahren Sie, wie Sie die Bildergalerie in Ihre Website einbinden. Beste Vorlagen, um das perfekte Widget zu erstellen. Top Beispiele f\u00fcr Fotogalerien","og_url":"https:\/\/elfsight.com\/de\/photo-gallery-widget\/examples\/","og_site_name":"Elfsight DE","article_modified_time":"2024-07-18T12:54:15+00:00","twitter_card":"summary_large_image","twitter_misc":{"Gesch\u00e4tzte Lesezeit":"3\u00a0Minuten"},"schema":{"@context":"https:\/\/schema.org","@graph":[{"@type":"WebPage","@id":"https:\/\/elfsight.com\/de\/photo-gallery-widget\/examples\/","url":"https:\/\/elfsight.com\/de\/photo-gallery-widget\/examples\/","name":"Die besten Beispiele f\u00fcr Fotogalerie-Widgets auf einer Website (TOP 6)","isPartOf":{"@id":"https:\/\/elfsight.com\/de\/#website"},"datePublished":"2020-06-11T08:49:25+00:00","dateModified":"2024-07-18T12:54:15+00:00","description":"Erfahren Sie, wie Sie die Bildergalerie in Ihre Website einbinden. Beste Vorlagen, um das perfekte Widget zu erstellen. Top Beispiele f\u00fcr Fotogalerien","breadcrumb":{"@id":"https:\/\/elfsight.com\/de\/photo-gallery-widget\/examples\/#breadcrumb"},"inLanguage":"de","potentialAction":[{"@type":"ReadAction","target":["https:\/\/elfsight.com\/de\/photo-gallery-widget\/examples\/"]}]},{"@type":"BreadcrumbList","@id":"https:\/\/elfsight.com\/de\/photo-gallery-widget\/examples\/#breadcrumb","itemListElement":[{"@type":"ListItem","position":1,"name":"Home","item":"https:\/\/elfsight.com\/de\/"},{"@type":"ListItem","position":2,"name":"Photo Gallery","item":"https:\/\/elfsight.com\/de\/photo-gallery-widget\/"},{"@type":"ListItem","position":3,"name":"Photo Gallery &#8211; Examples"}]},{"@type":"WebSite","@id":"https:\/\/elfsight.com\/de\/#website","url":"https:\/\/elfsight.com\/de\/","name":"Elfsight DE","description":"Just another Elfsight Sites site","potentialAction":[{"@type":"SearchAction","target":{"@type":"EntryPoint","urlTemplate":"https:\/\/elfsight.com\/de\/?s={search_term_string}"},"query-input":{"@type":"PropertyValueSpecification","valueRequired":true,"valueName":"search_term_string"}}],"inLanguage":"de"}]}},"meta_box":{"industry":"","seo_heading":"","heading":"","description":"","cta_heading":"","cta_description":"","application":"503","h1":"Beispiele f\u00fcr das Fotogalerie Plugin","h1_caption":"","application_category":[],"applications_title":"","applications_request_title":"","applications_request_button_text":"","hero_text":"","hero_video":"","hero_video_schema_markup":"","selling_points_title":"","selling_points_caption":"","selling_points":[],"selling_points_cta_text":"","features_title":"","features":"","ed_cta_examples_text":"","ed_cta_examples_hidden":"","ed_cta_demo_text":"","ed_cta_demo_hidden":"","why_caption":"","why_editor_title":"","why_editor_text":"","why_team_title":"","why_team_text":"","why_service_title":"","why_service_text":"","template_catalog_visible":"","template_catalog_title":"","template_catalog_text":"","template_catalog_categories_visible":"","demo_title":"","demo_caption":"","default_faq_hidden":"","app_template_category":[],"platform":"","template_public_id":"","codecanyon_url":"","codecanyon_item_id":"","codecanyon_price":"","pricing_caption":"","pricing_elfsight_apps_hide_column":"","pricing_elfsight_apps_url":"","pricing_codecanyon_price_caption":"","integration_category":[],"integration_request_title":"","integration_request_cta":"","integration_platform":"","integrations":[],"platform_category":[],"video_schema_markup":"","price":"","trial":"","benefits":[],"button_url":"","button_target_blank":"","button_nofollow":"","attributes":[],"tags":[],"tags_disable_links":"","hide_more_platforms":"","video_object":"","demo_hide_cta":"","demo_hide_cloud_options":"","pricing_title":"","pricing":[],"related_apps_title":"","related_apps_hidden":"","author":"","image":[],"title":"","job":"","social_networks":[]},"_links":{"self":[{"href":"https:\/\/elfsight.com\/de\/wp-json\/wp\/v2\/pages\/1059","targetHints":{"allow":["GET"]}}],"collection":[{"href":"https:\/\/elfsight.com\/de\/wp-json\/wp\/v2\/pages"}],"about":[{"href":"https:\/\/elfsight.com\/de\/wp-json\/wp\/v2\/types\/page"}],"author":[{"embeddable":true,"href":"https:\/\/elfsight.com\/de\/wp-json\/wp\/v2\/users\/11"}],"replies":[{"embeddable":true,"href":"https:\/\/elfsight.com\/de\/wp-json\/wp\/v2\/comments?post=1059"}],"version-history":[{"count":4,"href":"https:\/\/elfsight.com\/de\/wp-json\/wp\/v2\/pages\/1059\/revisions"}],"predecessor-version":[{"id":22354,"href":"https:\/\/elfsight.com\/de\/wp-json\/wp\/v2\/pages\/1059\/revisions\/22354"}],"up":[{"embeddable":true,"href":"https:\/\/elfsight.com\/de\/wp-json\/wp\/v2\/pages\/1042"}],"wp:attachment":[{"href":"https:\/\/elfsight.com\/de\/wp-json\/wp\/v2\/media?parent=1059"}],"curies":[{"name":"wp","href":"https:\/\/api.w.org\/{rel}","templated":true}]}}