{"id":10588,"date":"1970-01-01T00:00:00","date_gmt":"1970-01-01T00:00:00","guid":{"rendered":"https:\/\/elfsight.com\/de\/?page_id=10588"},"modified":"2025-07-10T08:34:04","modified_gmt":"2025-07-10T08:34:04","slug":"godaddy","status":"publish","type":"page","link":"https:\/\/elfsight.com\/de\/tiktok-feed-widget\/godaddy\/","title":{"rendered":"TikTok Feed &#8211; GoDaddy"},"content":{"rendered":"<div class=\"application-platform-content-item-description application-platform-content-item\" id=\"description\" data-nav-section=\"description\"> <h2>TikTok-Feed auf GoDaddy mit dem Elfsight-Widget einbetten<\/h2> <p>Elfsight TiKTok Feed ist ein spezielles Plugin, um nicht nur Dinge zu bewerben, sondern Emotionen und Erfahrungen. Damit k\u00f6nnen Sie einen individuellen Feed aus Ihren TikTok-Inhalten erstellen und diesen direkt auf Ihrer Website anzeigen. Erstellen Sie in wenigen Minuten eine Videogalerie! \u00dcben Sie die vollst\u00e4ndige Kontrolle \u00fcber einen aufgedeckten Inhalt aus und beseitigen Sie Spam und alle unerw\u00fcnschten Inhalte durch manuelle Moderation. Der vollst\u00e4ndig reaktionsf\u00e4hige Online-Konfigurator bietet Ihnen viele Vorlagen zur Auswahl. <\/p> <p><b>Mit TikTok Feed sehen Sie eine starke Gesch\u00e4ftsentwicklung und bessere Verk\u00e4ufe <\/b><\/p> <\/div> <div class=\"application-platform-content-item-features application-platform-content-item\" id=\"features\" data-nav-section=\"features\"> <h2>Sehen Sie sich die Liste der an leistungsst\u00e4rkste Funktionen: <\/h2> <ul><li>Verstecken Sie die Kopfzeile, damit Ihr Tool minimalistisch aussieht. <\/li><li>Beseitigen Sie Spam und unerw\u00fcnschte Inhalte durch manuelle Moderation. <\/li><li>Platzieren Sie die Schaltfl\u00e4che \u201eFolgen\u201c im Werkzeugvorschub. <\/li><li>Lassen Sie Ihre Beitr\u00e4ge in einem Pop-up erscheinen. <\/li><\/ul><p><a href=\"#demo\">Was das Plugin wert ist, k\u00f6nnen Sie anhand der Demo sehen<\/a><\/p> <\/div> <div class=\"application-platform-content-item-installation application-platform-content-item\" id=\"installation\" data-nav-section=\"installation\"> <h2>Wie kann ich einen TikTok-Feed zu meiner GoDaddy-Website hinzuf\u00fcgen? <\/h2> <p>Befolgen Sie einfach die unten aufgef\u00fchrten Schritte, um das Tool zu integrieren. <\/p> <ol><li><b>Nutzen Sie unseren kostenlosen Konfigurator und beginnen Sie mit der Erstellung Ihres individuellen Instruments. <\/b><br> Bestimmen Sie die ausgew\u00e4hlte Schnittstelle und die Eigenschaften des Tools und wenden Sie die Korrekturen an. <\/li> <li><b>Erhalten Sie den eindeutigen Code, der im Fenster von Elfsight Apps angezeigt wird. <\/b><br> Sobald die Einrichtung Ihres Plugins abgeschlossen ist, kopieren Sie den einzelnen Code aus dem angezeigten Feld und bewahren Sie ihn f\u00fcr zuk\u00fcnftige Zwecke auf. <\/li> <li><b>Geben Sie Informationen zur Verwendung des Tools auf der GoDaddy-Homepage ein. <\/b><br> Platzieren Sie den Code, den Sie zuvor gespeichert haben, auf Ihrer Seite und \u00fcbernehmen Sie die \u00c4nderungen. <\/li> <li><b>Das Setup ist vollst\u00e4ndig beendet. <\/b><br> Besuchen Sie Ihre Seite, um zu sehen, wie das Plugin funktioniert. <\/li><\/ol> <p>Falls Sie auf Schwierigkeiten sto\u00dfen, z\u00f6gern Sie nicht, unseren Support-Mitarbeitern zu schreiben. Unsere Berater helfen Ihnen gerne bei allen Schwierigkeiten, die Sie mit dem Plugin haben k\u00f6nnten. <\/p> <\/div><div class=\"faq\" data-component=\"FAQ\"><div class=\"faq-item\">\r\n\t\t\t\t\t<div class=\"faq-item-question\">\r\n\t\t\t\t\t\t<h3 class=\"faq-item-question-text\">Gibt es eine M\u00f6glichkeit, TikTok-Feed ohne Programmierkenntnisse zu meiner GoDaddy-Homepage hinzuzuf\u00fcgen?<\/h3>\r\n\r\n\t\t\t\t\t\t<div class=\"faq-item-question-icon\"><\/div>\r\n\t\t\t\t\t<\/div>\r\n\r\n\t\t\t\t\t<div class=\"faq-item-answer\">\r\n\t\t\t\t\t\t<div class=\"faq-item-answer-text\"><p>Das Unternehmen Elfsight bietet diese M\u00f6glichkeit Eine L\u00f6sung, mit der Sie selbst eine TikTok-Feed-App erstellen k\u00f6nnen. Sehen Sie, wie einfach das ist:<\/p><ul><li>Beginnen Sie mit der Arbeit im Online-Editor, um ein TikTok-Feed-Plugin zu erstellen, das Sie in Ihren GoDaddy integrieren m\u00f6chten.<\/li><li>W\u00e4hlen Sie eine der vorgefertigten Vorlagen und \u00e4ndern Sie die TikTok-Feed-Einstellungen, aktualisieren Sie Ihre Inhalte, \u00e4ndern Sie das Layout und die Farben ohne Programmierkenntnisse.<\/li><li>Speichern Sie den TikTok-Feed und erhalten Sie den Installationscode des Widgets , die Sie einfach kostenlos in jede GoDaddy-Website einbinden k\u00f6nnen.<\/li><\/ul><p>Mit unserem benutzerfreundlichen Konfigurator kann jeder Internetnutzer eine TikTok-Feed-App erstellen und diese in seine GoDaddy-Homepage einbinden. Sie d\u00fcrfen kein kostenpflichtiges Abonnement abschlie\u00dfen oder Ihre Kartendaten offenlegen, um auf den Dienst zuzugreifen. Sollten Sie bei irgendeinem Schritt auf Hindernisse sto\u00dfen, wenden Sie sich bitte an unseren Kundensupport.<\/p><\/div>\r\n\t\t\t\t\t<\/div>\r\n\t\t\t\t<\/div><\/div>","protected":false},"excerpt":{"rendered":"","protected":false},"author":9,"featured_media":0,"parent":4068,"menu_order":0,"comment_status":"closed","ping_status":"closed","template":"templates\/template-application-platform.php","meta":{"publish_to_discourse":"","publish_post_category":"","wpdc_auto_publish_overridden":"","wpdc_topic_tags":"","wpdc_pin_topic":"","wpdc_pin_until":"","discourse_post_id":"","discourse_permalink":"","wpdc_publishing_response":"","wpdc_publishing_error":"","footnotes":""},"class_list":["post-10588","page","type-page","status-publish","hentry"],"yoast_head":"<!-- This site is optimized with the Yoast SEO plugin v25.3.1 - https:\/\/yoast.com\/wordpress\/plugins\/seo\/ -->\n<title>TikTok-Feed \u2013 F\u00fcgen Sie das TikTok-Feed-Plugin zur GoDaddy-Website hinzu!<\/title>\n<meta name=\"description\" content=\"Betten Sie ein responsives GoDaddy-TikTok-Feed-Plugin auf Ihrer GoDaddy-Website ein. Probieren Sie die Elfsight-Demo aus und erstellen Sie mit wenigen Klicks Ihre stilvolle TikTok-App\" \/>\n<meta name=\"robots\" content=\"index, follow, max-snippet:-1, max-image-preview:large, max-video-preview:-1\" \/>\n<link rel=\"canonical\" href=\"https:\/\/elfsight.com\/de\/tiktok-feed-widget\/godaddy\/\" \/>\n<meta property=\"og:locale\" content=\"de_DE\" \/>\n<meta property=\"og:type\" content=\"article\" \/>\n<meta property=\"og:title\" content=\"TikTok-Feed \u2013 F\u00fcgen Sie das TikTok-Feed-Plugin zur GoDaddy-Website hinzu!\" \/>\n<meta property=\"og:description\" content=\"Betten Sie ein responsives GoDaddy-TikTok-Feed-Plugin auf Ihrer GoDaddy-Website ein. Probieren Sie die Elfsight-Demo aus und erstellen Sie mit wenigen Klicks Ihre stilvolle TikTok-App\" \/>\n<meta property=\"og:url\" content=\"https:\/\/elfsight.com\/de\/tiktok-feed-widget\/godaddy\/\" \/>\n<meta property=\"og:site_name\" content=\"Elfsight DE\" \/>\n<meta property=\"article:modified_time\" content=\"2025-07-10T08:34:04+00:00\" \/>\n<meta name=\"twitter:card\" content=\"summary_large_image\" \/>\n<meta name=\"twitter:label1\" content=\"Gesch\u00e4tzte Lesezeit\" \/>\n\t<meta name=\"twitter:data1\" content=\"3\u00a0Minuten\" \/>\n<!-- \/ Yoast SEO plugin. -->","yoast_head_json":{"title":"TikTok-Feed \u2013 F\u00fcgen Sie das TikTok-Feed-Plugin zur GoDaddy-Website hinzu!","description":"Betten Sie ein responsives GoDaddy-TikTok-Feed-Plugin auf Ihrer GoDaddy-Website ein. Probieren Sie die Elfsight-Demo aus und erstellen Sie mit wenigen Klicks Ihre stilvolle TikTok-App","robots":{"index":"index","follow":"follow","max-snippet":"max-snippet:-1","max-image-preview":"max-image-preview:large","max-video-preview":"max-video-preview:-1"},"canonical":"https:\/\/elfsight.com\/de\/tiktok-feed-widget\/godaddy\/","og_locale":"de_DE","og_type":"article","og_title":"TikTok-Feed \u2013 F\u00fcgen Sie das TikTok-Feed-Plugin zur GoDaddy-Website hinzu!","og_description":"Betten Sie ein responsives GoDaddy-TikTok-Feed-Plugin auf Ihrer GoDaddy-Website ein. Probieren Sie die Elfsight-Demo aus und erstellen Sie mit wenigen Klicks Ihre stilvolle TikTok-App","og_url":"https:\/\/elfsight.com\/de\/tiktok-feed-widget\/godaddy\/","og_site_name":"Elfsight DE","article_modified_time":"2025-07-10T08:34:04+00:00","twitter_card":"summary_large_image","twitter_misc":{"Gesch\u00e4tzte Lesezeit":"3\u00a0Minuten"},"schema":{"@context":"https:\/\/schema.org","@graph":[{"@type":"WebPage","@id":"https:\/\/elfsight.com\/de\/tiktok-feed-widget\/godaddy\/","url":"https:\/\/elfsight.com\/de\/tiktok-feed-widget\/godaddy\/","name":"TikTok-Feed \u2013 F\u00fcgen Sie das TikTok-Feed-Plugin zur GoDaddy-Website hinzu!","isPartOf":{"@id":"https:\/\/elfsight.com\/de\/#website"},"datePublished":"1970-01-01T00:00:00+00:00","dateModified":"2025-07-10T08:34:04+00:00","description":"Betten Sie ein responsives GoDaddy-TikTok-Feed-Plugin auf Ihrer GoDaddy-Website ein. Probieren Sie die Elfsight-Demo aus und erstellen Sie mit wenigen Klicks Ihre stilvolle TikTok-App","breadcrumb":{"@id":"https:\/\/elfsight.com\/de\/tiktok-feed-widget\/godaddy\/#breadcrumb"},"inLanguage":"de","potentialAction":[{"@type":"ReadAction","target":["https:\/\/elfsight.com\/de\/tiktok-feed-widget\/godaddy\/"]}]},{"@type":"BreadcrumbList","@id":"https:\/\/elfsight.com\/de\/tiktok-feed-widget\/godaddy\/#breadcrumb","itemListElement":[{"@type":"ListItem","position":1,"name":"Home","item":"https:\/\/elfsight.com\/de\/"},{"@type":"ListItem","position":2,"name":"TikTok Feed","item":"https:\/\/elfsight.com\/de\/tiktok-feed-widget\/"},{"@type":"ListItem","position":3,"name":"TikTok Feed &#8211; GoDaddy"}]},{"@type":"WebSite","@id":"https:\/\/elfsight.com\/de\/#website","url":"https:\/\/elfsight.com\/de\/","name":"Elfsight DE","description":"Just another Elfsight Sites site","potentialAction":[{"@type":"SearchAction","target":{"@type":"EntryPoint","urlTemplate":"https:\/\/elfsight.com\/de\/?s={search_term_string}"},"query-input":{"@type":"PropertyValueSpecification","valueRequired":true,"valueName":"search_term_string"}}],"inLanguage":"de"}]}},"meta_box":{"industry":"","seo_heading":"","heading":"","description":"","cta_heading":"","cta_description":"","application":"4067","h1":"GoDaddy TikTok-Feed-Plugin","h1_caption":"Pr\u00e4sentieren Sie trendige Tiktok-Videos nach Hashtag oder Konto und f\u00fcgen Sie m\u00fchelos dynamische, ansprechende Inhalte zu Ihrer Website in Ihre GoDaddy-Website ein.","application_category":[],"applications_title":"","applications_request_title":"","applications_request_button_text":"","hero_text":"","hero_video":"","hero_video_schema_markup":"","selling_points_title":"","selling_points_caption":"","selling_points":[],"selling_points_cta_text":"","features_title":"","features":"","ed_cta_examples_text":"","ed_cta_examples_hidden":"","ed_cta_demo_text":"","ed_cta_demo_hidden":"","why_caption":"","why_editor_title":"","why_editor_text":"","why_team_title":"","why_team_text":"","why_service_title":"","why_service_text":"","template_catalog_visible":"","template_catalog_title":"","template_catalog_text":"","template_catalog_categories_visible":"","demo_title":"Erstellen Sie Ihr TikTok-Feed-Plugin","demo_caption":"Konfigurieren Sie Ihren TikTok-Feed und f\u00fcgen Sie ihn kostenlos zu Ihrer GoDaddy-Website hinzu!","default_faq_hidden":"","app_template_category":[],"platform":"241","template_public_id":"","codecanyon_url":"","codecanyon_item_id":"","codecanyon_price":"","pricing_caption":"","pricing_elfsight_apps_hide_column":"","pricing_elfsight_apps_url":"","pricing_codecanyon_price_caption":"","integration_category":[],"integration_request_title":"","integration_request_cta":"","integration_platform":"","integrations":[],"platform_category":[],"video_schema_markup":"","price":"ab 0 $ \/ Monat","trial":"","benefits":[{"text":"Kostenlose Installationsunterst\u00fctzung"},{"text":"Kompetenter Kundenservice"},{"text":"14-t\u00e4gige R\u00fcckerstattungsgarantie"},{"text":"Kontinuierliche kostenlose Updates"}],"button_url":"#demo","button_target_blank":"","button_nofollow":"","attributes":[{"name":"Installiert","content":"10,000 - 100,000"},{"name":"Reaktionsfreudig","content":"Ja"},{"name":"Kompatible Browser","content":"IE11, Firefox, Safari, Opera, Chrome, Edge"}],"tags":[],"tags_disable_links":"","hide_more_platforms":"","video_object":"","demo_hide_cta":"","demo_hide_cloud_options":"","pricing_title":"","pricing":[{"pricing_icon":"platform","pricing_title":"Elfsight Apps","pricing_title_caption":"Multiplattform-Software","pricing_price":"ab 0 $ \/ Monat","pricing_price_caption":"Beginnen Sie mit einem kostenlosen Plan","pricing_benefits":[{"text":"Unbegrenzte Domains"},{"text":"Erstklassiger und p\u00fcnktlicher Support und gut dokumentiert"},{"text":"Kostenlose Installationsunterst\u00fctzung"},{"text":"Vollst\u00e4ndig anpassbar"}],"pricing_button_text":"Zur Website hinzuf\u00fcgen","pricing_button_url":"#demo"}],"related_apps_title":"","related_apps_hidden":"","author":"","image":[],"title":"","job":"","social_networks":[]},"_links":{"self":[{"href":"https:\/\/elfsight.com\/de\/wp-json\/wp\/v2\/pages\/10588","targetHints":{"allow":["GET"]}}],"collection":[{"href":"https:\/\/elfsight.com\/de\/wp-json\/wp\/v2\/pages"}],"about":[{"href":"https:\/\/elfsight.com\/de\/wp-json\/wp\/v2\/types\/page"}],"author":[{"embeddable":true,"href":"https:\/\/elfsight.com\/de\/wp-json\/wp\/v2\/users\/9"}],"replies":[{"embeddable":true,"href":"https:\/\/elfsight.com\/de\/wp-json\/wp\/v2\/comments?post=10588"}],"version-history":[{"count":2,"href":"https:\/\/elfsight.com\/de\/wp-json\/wp\/v2\/pages\/10588\/revisions"}],"predecessor-version":[{"id":22050,"href":"https:\/\/elfsight.com\/de\/wp-json\/wp\/v2\/pages\/10588\/revisions\/22050"}],"up":[{"embeddable":true,"href":"https:\/\/elfsight.com\/de\/wp-json\/wp\/v2\/pages\/4068"}],"wp:attachment":[{"href":"https:\/\/elfsight.com\/de\/wp-json\/wp\/v2\/media?parent=10588"}],"curies":[{"name":"wp","href":"https:\/\/api.w.org\/{rel}","templated":true}]}}