{"id":10586,"date":"1970-01-01T00:00:00","date_gmt":"1970-01-01T00:00:00","guid":{"rendered":"https:\/\/elfsight.com\/de\/?page_id=10586"},"modified":"2025-07-10T08:34:24","modified_gmt":"2025-07-10T08:34:24","slug":"jimdo","status":"publish","type":"page","link":"https:\/\/elfsight.com\/de\/tiktok-feed-widget\/jimdo\/","title":{"rendered":"TikTok Feed &#8211; Jimdo"},"content":{"rendered":"<div class=\"application-platform-content-item-description application-platform-content-item\" id=\"description\" data-nav-section=\"description\"><h2>Beschreibung<\/h2> <p>Elfsight TikTok Feed f\u00fcr Jimdo ist ein Widget, dessen Ziel es ist, Sie bei allen aktuellen Anforderungen beim Erhalten von Eindr\u00fccken zu unterst\u00fctzen und Anfragen von Besuchern Ihrer Website. Zeigen Sie die zum Ausf\u00fcllen erforderlichen Elemente an, w\u00e4hlen Sie die richtige Vorlage aus und personalisieren Sie die Benutzeroberfl\u00e4che, um Ihre Benutzer noch mehr dazu zu inspirieren, Fragen zu den von Ihrem Unternehmen angebotenen Dienstleistungen zu stellen. Der Tumblr-Feed ist so konzipiert, dass er alle Ihre Anforderungen erf\u00fcllt, Feedback zu sammeln und mit Ihrer Kundschaft in Kontakt zu bleiben.<\/p><p><b>Testen Sie TikTok, um Ihre E-Commerce-Herausforderungen schneller zu meistern! <\/b><\/p> <\/div> <div class=\"application-platform-content-item-features application-platform-content-item\" id=\"features\" data-nav-section=\"features\"> <h2>Entdecken Sie die Liste der n\u00fctzlichsten Funktionen: <\/h2> <ul><li>Automatische Filteroptionen und manueller Moderationsmodus<\/li><li>Automatischer Moderationsmodus f\u00fcr kontinuierliches Hochladen von Inhalten<\/li><li>F\u00fcnf vordefinierte Beitragsvorlagen mit verschiedenen Foto-, Autorenbild- und Textpositionen<\/li><li>Videobeitr\u00e4ge werden automatisch in einem Popup-Modus abgespielt <\/li><li>Lassen Sie Ihre Beitr\u00e4ge in einem Pop-up anzeigen. <\/li><li>Zwei Varianten der Darstellung von Pop-up-Beitr\u00e4gen: Slider und Feed<\/li><\/ul><p><a href=\"#demo\">Sie k\u00f6nnen mithilfe der Demo \u00fcberpr\u00fcfen, was das Widget bietet<\/a><\/p> <\/div> <div class=\"application-platform-content-item-installation application-platform-content-item\" id=\"installation\" data-nav-section=\"installation\"> <h2>Wie bette ich den TikTok-Feed auf einem Jimdo ein? Website? <\/h2> <p>F\u00fchren Sie einfach die unten aufgef\u00fchrten Schritte aus, um mit der Arbeit mit dem Widget zu beginnen. <\/p> <ol><li><b>Nutzen Sie unseren kostenlosen Konfigurator und beginnen Sie mit der Gestaltung Ihres individuellen Widgets. <\/b><br> Finden Sie das gew\u00fcnschte Aussehen und die gew\u00fcnschte Funktionalit\u00e4t des Widgets und speichern Sie die \u00c4nderungen. <\/li> <li><b>Kopieren Sie den eindeutigen Code, der in der Box auf Elfsight Apps angezeigt wird. <\/b><br> Wenn die Erstellung Ihres Widgets abgeschlossen ist, kopieren Sie den einzelnen Code im Fenster und speichern Sie ihn zur weiteren Verwendung. <\/li> <li><b>Beginne mit der Nutzung des Widgets auf der Jimdo-Webseite. <\/b><br> F\u00fcgen Sie den k\u00fcrzlich kopierten Code in Ihre Website ein und \u00fcbernehmen Sie die \u00c4nderungen. <\/li> <li><b>Das Setup wurde erfolgreich beendet. <\/b><br> Besuchen Sie Ihre Website, um einen Blick auf die Funktionsweise des Widgets zu werfen. <\/li><\/ol> <p>Wenn Sie Fragen haben oder auf Schwierigkeiten sto\u00dfen, z\u00f6gern Sie nicht, sich an unser Support-Team zu wenden. Unsere Mitarbeiter helfen Ihnen gerne bei allen Problemen, die Sie mit dem Widget haben. <\/p> <\/div><div class=\"faq\" data-component=\"FAQ\"><div class=\"faq-item\">\r\n\t\t\t\t\t<div class=\"faq-item-question\">\r\n\t\t\t\t\t\t<h3 class=\"faq-item-question-text\">Wie kann ich den TikTok-Feed ohne Programmierkenntnisse in meine Jimdo-Webseite einbetten?<\/h3>\r\n\r\n\t\t\t\t\t\t<div class=\"faq-item-question-icon\"><\/div>\r\n\t\t\t\t\t<\/div>\r\n\r\n\t\t\t\t\t<div class=\"faq-item-answer\">\r\n\t\t\t\t\t\t<div class=\"faq-item-answer-text\"><p>Elfsight Das Unternehmen bietet eine SaaS-L\u00f6sung an, mit der Sie selbst einen TikTok-Feed-Bereich erstellen k\u00f6nnen. Finden Sie heraus, wie einfach es ist:<\/p><ul><li>Gehen Sie zur Live-Demo, um einen TikTok-Feed-Bereich zu erstellen, der auf Jimdo angezeigt werden soll .<\/li><li>Entscheiden Sie sich f\u00fcr eine unserer vorgefertigten Vorlagen und \u00e4ndern Sie die TikTok-Feed-Einstellungen, \u00e4ndern Sie das Layout und das Farbschema und f\u00fcgen Sie Ihre Inhalte ohne Programmierkenntnisse hinzu.<\/li><li>Klicken Sie zum Speichern TikTok-Feed und erhalten Sie den Installationscode des Widgets, den Sie einfach in die Jimdo-Webseite einf\u00fcgen k\u00f6nnen, ohne einen kostenpflichtigen Plan zu kaufen.<\/li><\/ul><p>Mit unserem unkomplizierten Konfigurator kann jeder Internetnutzer einen TikTok-Feed erstellen und in jeden integrieren Jimdo-Website. Sie m\u00fcssen weder bezahlen noch Ihre Kartendaten \u00fcbermitteln, um auf unseren Editor zuzugreifen. Wenn Sie bei irgendeinem Schritt auf Probleme sto\u00dfen, z\u00f6gern Sie nicht, sich an unsere Support-Mitarbeiter zu wenden.<\/p><\/div>\r\n\t\t\t\t\t<\/div>\r\n\t\t\t\t<\/div><\/div>","protected":false},"excerpt":{"rendered":"","protected":false},"author":9,"featured_media":0,"parent":4068,"menu_order":0,"comment_status":"closed","ping_status":"closed","template":"templates\/template-application-platform.php","meta":{"publish_to_discourse":"","publish_post_category":"","wpdc_auto_publish_overridden":"","wpdc_topic_tags":"","wpdc_pin_topic":"","wpdc_pin_until":"","discourse_post_id":"","discourse_permalink":"","wpdc_publishing_response":"","wpdc_publishing_error":"","footnotes":""},"class_list":["post-10586","page","type-page","status-publish","hentry"],"yoast_head":"<!-- This site is optimized with the Yoast SEO plugin v25.3.1 - https:\/\/yoast.com\/wordpress\/plugins\/seo\/ -->\n<title>F\u00fcgen Sie das TikTok-Feed-Widget zur Jimdo-Website hinzu (schnell und kostenlos)<\/title>\n<meta name=\"description\" content=\"Betten Sie ein einfach zu verwaltendes Jimdo TikTok Feed-Widget in Ihre Website ein. Probieren Sie die praktische Elfsight-Demo aus und \u00e4ndern Sie Ihr wundersch\u00f6nes TikTok-Widget.\" \/>\n<meta name=\"robots\" content=\"index, follow, max-snippet:-1, max-image-preview:large, max-video-preview:-1\" \/>\n<link rel=\"canonical\" href=\"https:\/\/elfsight.com\/de\/tiktok-feed-widget\/jimdo\/\" \/>\n<meta property=\"og:locale\" content=\"de_DE\" \/>\n<meta property=\"og:type\" content=\"article\" \/>\n<meta property=\"og:title\" content=\"F\u00fcgen Sie das TikTok-Feed-Widget zur Jimdo-Website hinzu (schnell und kostenlos)\" \/>\n<meta property=\"og:description\" content=\"Betten Sie ein einfach zu verwaltendes Jimdo TikTok Feed-Widget in Ihre Website ein. Probieren Sie die praktische Elfsight-Demo aus und \u00e4ndern Sie Ihr wundersch\u00f6nes TikTok-Widget.\" \/>\n<meta property=\"og:url\" content=\"https:\/\/elfsight.com\/de\/tiktok-feed-widget\/jimdo\/\" \/>\n<meta property=\"og:site_name\" content=\"Elfsight DE\" \/>\n<meta property=\"article:modified_time\" content=\"2025-07-10T08:34:24+00:00\" \/>\n<meta name=\"twitter:card\" content=\"summary_large_image\" \/>\n<meta name=\"twitter:label1\" content=\"Gesch\u00e4tzte Lesezeit\" \/>\n\t<meta name=\"twitter:data1\" content=\"3\u00a0Minuten\" \/>\n<!-- \/ Yoast SEO plugin. -->","yoast_head_json":{"title":"F\u00fcgen Sie das TikTok-Feed-Widget zur Jimdo-Website hinzu (schnell und kostenlos)","description":"Betten Sie ein einfach zu verwaltendes Jimdo TikTok Feed-Widget in Ihre Website ein. Probieren Sie die praktische Elfsight-Demo aus und \u00e4ndern Sie Ihr wundersch\u00f6nes TikTok-Widget.","robots":{"index":"index","follow":"follow","max-snippet":"max-snippet:-1","max-image-preview":"max-image-preview:large","max-video-preview":"max-video-preview:-1"},"canonical":"https:\/\/elfsight.com\/de\/tiktok-feed-widget\/jimdo\/","og_locale":"de_DE","og_type":"article","og_title":"F\u00fcgen Sie das TikTok-Feed-Widget zur Jimdo-Website hinzu (schnell und kostenlos)","og_description":"Betten Sie ein einfach zu verwaltendes Jimdo TikTok Feed-Widget in Ihre Website ein. Probieren Sie die praktische Elfsight-Demo aus und \u00e4ndern Sie Ihr wundersch\u00f6nes TikTok-Widget.","og_url":"https:\/\/elfsight.com\/de\/tiktok-feed-widget\/jimdo\/","og_site_name":"Elfsight DE","article_modified_time":"2025-07-10T08:34:24+00:00","twitter_card":"summary_large_image","twitter_misc":{"Gesch\u00e4tzte Lesezeit":"3\u00a0Minuten"},"schema":{"@context":"https:\/\/schema.org","@graph":[{"@type":"WebPage","@id":"https:\/\/elfsight.com\/de\/tiktok-feed-widget\/jimdo\/","url":"https:\/\/elfsight.com\/de\/tiktok-feed-widget\/jimdo\/","name":"F\u00fcgen Sie das TikTok-Feed-Widget zur Jimdo-Website hinzu (schnell und kostenlos)","isPartOf":{"@id":"https:\/\/elfsight.com\/de\/#website"},"datePublished":"1970-01-01T00:00:00+00:00","dateModified":"2025-07-10T08:34:24+00:00","description":"Betten Sie ein einfach zu verwaltendes Jimdo TikTok Feed-Widget in Ihre Website ein. Probieren Sie die praktische Elfsight-Demo aus und \u00e4ndern Sie Ihr wundersch\u00f6nes TikTok-Widget.","breadcrumb":{"@id":"https:\/\/elfsight.com\/de\/tiktok-feed-widget\/jimdo\/#breadcrumb"},"inLanguage":"de","potentialAction":[{"@type":"ReadAction","target":["https:\/\/elfsight.com\/de\/tiktok-feed-widget\/jimdo\/"]}]},{"@type":"BreadcrumbList","@id":"https:\/\/elfsight.com\/de\/tiktok-feed-widget\/jimdo\/#breadcrumb","itemListElement":[{"@type":"ListItem","position":1,"name":"Home","item":"https:\/\/elfsight.com\/de\/"},{"@type":"ListItem","position":2,"name":"TikTok Feed","item":"https:\/\/elfsight.com\/de\/tiktok-feed-widget\/"},{"@type":"ListItem","position":3,"name":"TikTok Feed &#8211; Jimdo"}]},{"@type":"WebSite","@id":"https:\/\/elfsight.com\/de\/#website","url":"https:\/\/elfsight.com\/de\/","name":"Elfsight DE","description":"Just another Elfsight Sites site","potentialAction":[{"@type":"SearchAction","target":{"@type":"EntryPoint","urlTemplate":"https:\/\/elfsight.com\/de\/?s={search_term_string}"},"query-input":{"@type":"PropertyValueSpecification","valueRequired":true,"valueName":"search_term_string"}}],"inLanguage":"de"}]}},"meta_box":{"industry":"","seo_heading":"","heading":"","description":"","cta_heading":"","cta_description":"","application":"4067","h1":"Jimdo TikTok-Feed-Widget","h1_caption":"Pr\u00e4sentieren Sie angesagte Tiktok-Videos nach Hashtag oder Konto und f\u00fcgen Sie Ihrer Jimdo-Website m\u00fchelos dynamische, ansprechende Inhalte hinzu.","application_category":[],"applications_title":"","applications_request_title":"","applications_request_button_text":"","hero_text":"","hero_video":"","hero_video_schema_markup":"","selling_points_title":"","selling_points_caption":"","selling_points":[],"selling_points_cta_text":"","features_title":"","features":"","ed_cta_examples_text":"","ed_cta_examples_hidden":"","ed_cta_demo_text":"","ed_cta_demo_hidden":"","why_caption":"","why_editor_title":"","why_editor_text":"","why_team_title":"","why_team_text":"","why_service_title":"","why_service_text":"","template_catalog_visible":"","template_catalog_title":"","template_catalog_text":"","template_catalog_categories_visible":"","demo_title":"Erstellen Sie Ihr TikTok-Feed-Widget","demo_caption":"Konfigurieren Sie Ihren TikTok-Feed und f\u00fcgen Sie ihn kostenlos zu Ihrer Jimdo-Website hinzu!","default_faq_hidden":"","app_template_category":[],"platform":"239","template_public_id":"","codecanyon_url":"","codecanyon_item_id":"","codecanyon_price":"","pricing_caption":"","pricing_elfsight_apps_hide_column":"","pricing_elfsight_apps_url":"","pricing_codecanyon_price_caption":"","integration_category":[],"integration_request_title":"","integration_request_cta":"","integration_platform":"","integrations":[],"platform_category":[],"video_schema_markup":"","price":"ab 0 $ \/ Monat","trial":"","benefits":[{"text":"Kostenlose Installationsunterst\u00fctzung"},{"text":"Au\u00dfergew\u00f6hnliche Unterst\u00fctzung"},{"text":"14-t\u00e4gige Geld-zur\u00fcck-Garantie"},{"text":"Lebenslange kostenlose Verbesserungen"}],"button_url":"#demo","button_target_blank":"","button_nofollow":"","attributes":[{"name":"Installiert","content":"10,000 - 100,000"},{"name":"Reaktionsfreudig","content":"Ja"},{"name":"Kompatible Browser","content":"Firefox, Safari, Opera, Chrome, Edge"}],"tags":[],"tags_disable_links":"","hide_more_platforms":"","video_object":"","demo_hide_cta":"","demo_hide_cloud_options":"","pricing_title":"","pricing":[{"pricing_icon":"platform","pricing_title":"Elfsight Apps","pricing_title_caption":"Plattform\u00fcbergreifende Software","pricing_price":"ab 0 $ \/ Monat","pricing_price_caption":"Beginnen Sie mit einem kostenlosen Plan","pricing_benefits":[{"text":"Unbegrenzte Anzahl an Domains"},{"text":"Professionelle und p\u00fcnktliche Unterst\u00fctzung"},{"text":"Kostenlose Installationshilfe"},{"text":"Vollst\u00e4ndig anpassbar"}],"pricing_button_text":"Zur Website hinzuf\u00fcgen","pricing_button_url":"#demo"}],"related_apps_title":"","related_apps_hidden":"","author":"","image":[],"title":"","job":"","social_networks":[]},"_links":{"self":[{"href":"https:\/\/elfsight.com\/de\/wp-json\/wp\/v2\/pages\/10586","targetHints":{"allow":["GET"]}}],"collection":[{"href":"https:\/\/elfsight.com\/de\/wp-json\/wp\/v2\/pages"}],"about":[{"href":"https:\/\/elfsight.com\/de\/wp-json\/wp\/v2\/types\/page"}],"author":[{"embeddable":true,"href":"https:\/\/elfsight.com\/de\/wp-json\/wp\/v2\/users\/9"}],"replies":[{"embeddable":true,"href":"https:\/\/elfsight.com\/de\/wp-json\/wp\/v2\/comments?post=10586"}],"version-history":[{"count":2,"href":"https:\/\/elfsight.com\/de\/wp-json\/wp\/v2\/pages\/10586\/revisions"}],"predecessor-version":[{"id":22048,"href":"https:\/\/elfsight.com\/de\/wp-json\/wp\/v2\/pages\/10586\/revisions\/22048"}],"up":[{"embeddable":true,"href":"https:\/\/elfsight.com\/de\/wp-json\/wp\/v2\/pages\/4068"}],"wp:attachment":[{"href":"https:\/\/elfsight.com\/de\/wp-json\/wp\/v2\/media?parent=10586"}],"curies":[{"name":"wp","href":"https:\/\/api.w.org\/{rel}","templated":true}]}}