{"id":10530,"date":"1970-01-01T00:00:00","date_gmt":"1970-01-01T00:00:00","guid":{"rendered":"https:\/\/elfsight.com\/de\/?page_id=10530"},"modified":"2025-02-19T09:56:41","modified_gmt":"2025-02-19T09:56:41","slug":"bigcommerce","status":"publish","type":"page","link":"https:\/\/elfsight.com\/de\/telegram-chat-widget\/bigcommerce\/","title":{"rendered":"Telegram Chat &#8211; BigCommerce"},"content":{"rendered":"\n<div class=\"application-platform-content-item-description application-platform-content-item\" id=\"description\" data-nav-section=\"description\"><h2>Beschreibung<\/h2><p>Die von Elfsight erstellte Telegram-App ist ein einfaches Tool f\u00fcr Ihre Webseite, das es Menschen erm\u00f6glicht, Sie zu erreichen und zu empfangen Antworten auf ihre Fragen. Jetzt sind Sie im beliebten Messenger \u00fcberall und jederzeit online f\u00fcr Ihre Kunden erreichbar. F\u00fcgen Sie den Telegram-Chat zu Ihrer Seite hinzu und dieser kann auf den wichtigsten Seiten oder f\u00fcr bestimmte Kundentypen angezeigt werden, Start-Chat-Ausl\u00f6ser erstellen, Ihre einzigartige Willkommensnachricht anzeigen, Symbole \u00e4ndern und vieles mehr. Durch die Einbettung des Telegram-Messengers in die Webseite sind Sie f\u00fcr Ihre Besucher jederzeit und von jedem Ort aus erreichbar.<\/p><p><b>Dies ist eine der praktischsten M\u00f6glichkeiten f\u00fcr Menschen, Sie anzusprechen und ihre Fragen zu stellen gel\u00f6st!<\/b><\/p><\/div><div class=\"application-platform-content-item-features application-platform-content-item\" id=\"features\" data-nav-section=\"features\"><h2>Funktionen<\/h2><p>\u00dcberpr\u00fcfen Sie alle funktionalen Merkmale des Telegram-Chats. Sie sind direkt im Editor verf\u00fcgbar und helfen Ihnen bei der Erstellung des Widgets, das Ihren Anforderungen entspricht.<\/p><ul><li>F\u00fcgen Sie den Telegram-Messenger auf Ihrer Website hinzu, um mit Benutzern zu chatten.<li>Drei Arten von Chat-Positionen: schwebend Blase, Blase einbetten und Chatfenster einbetten;<\/li><li>Eine Bibliothek mit Blasensymbolen zur Auswahl;<\/li><li>Option zum Bearbeiten von Blasentext;<\/li><li>Chat-Kopfzeile mit Seitenbild, Name und Bildunterschrift.<\/li><\/ul><p><a href=\"#demo\">\u00dcberpr\u00fcfen Sie alle anderen Funktionen in der Demo<\/a><\/p><\/div><div class=\"application-platform-content-item-installation application-platform-content-item\" id=\"installation\" data-nav-section=\"installation\"><h2>Wie bette ich die Telegram-Chat-Box auf meiner BigCommerce-Site ein?<\/h2><div class=\"video-container\"><iframe width=\"560\" height=\"315\" src=\"https:\/\/www.youtube.com\/embed\/8TrJ32HZsYc?si=DsX8Ns-5nbR4k6C5\" frameborder=\"0\" allow=\"accelerometer; autoplay; clipboard-write; encrypted-media; gyroscope; picture-in-picture; web-share\" allowfullscreen><\/iframe><\/div><p>Befolgen Sie einfach die folgenden Richtlinien, um die App bei BigCommerce einzuf\u00fcgen.<\/p> <ol> <li><b>F\u00fchren Sie unseren kostenlosen Editor aus und beginnen Sie mit der Erstellung Ihres eigenen Widgets. <\/b><br> W\u00e4hlen Sie die bevorzugte Form und die gew\u00fcnschten Funktionsmerkmale des Widgets und speichern Sie die \u00c4nderungen. <\/li> <li><b>Erhalten Sie den individuellen Code, der in der Box auf Elfsight Apps angezeigt wird. <\/b><br> Wenn die Konfiguration Ihres Telegram-Widgets abgeschlossen ist, kopieren Sie den individuellen Code aus dem angezeigten Feld und bewahren Sie ihn zur sp\u00e4teren Verwendung auf. <\/li> <li><b>Geben Sie die Verwendung des Widgets auf Ihrer BigCommerce-Website ein. <\/b><br> Implementieren Sie den zuvor gespeicherten Code in Ihre Website und speichern Sie die Anpassungen. <\/li> <li><b>Das Setup wurde erfolgreich abgeschlossen. <\/b><br> Besuchen Sie Ihre Website, um die Funktion des Tools zu \u00fcberpr\u00fcfen. <\/li><\/ol><p>Z\u00f6gern Sie nicht, sich an unseren Support zu wenden, falls Sie Hilfe ben\u00f6tigen oder eine Frage haben. Wir helfen Ihnen bei jeder Anfrage.<\/p><div class=\"faq\" data-component=\"FAQ\"> <div class=\"faq-item\">\r\n\t\t\t\t\t<div class=\"faq-item-question\">\r\n\t\t\t\t\t\t<h3 class=\"faq-item-question-text\">Wie f\u00fcge ich Telegram-Chat ohne Programmierkenntnisse zu meiner BigCommerce-Website hinzu?<\/h3>\r\n\r\n\t\t\t\t\t\t<div class=\"faq-item-question-icon\"><\/div>\r\n\t\t\t\t\t<\/div>\r\n\r\n\t\t\t\t\t<div class=\"faq-item-answer\">\r\n\t\t\t\t\t\t<div class=\"faq-item-answer-text\"> <p>Elfsight bietet eine SaaS-L\u00f6sung, mit der Sie einen erstellen k\u00f6nnen Erstellen Sie selbst ein Telegram-Chat-Widget und sehen Sie, wie einfach der Vorgang ist: Arbeiten Sie direkt im Online-Editor, um ein Telegram-Chat-Widget zu erstellen, das Sie gerne auf Ihrer BigCommerce-Website sehen w\u00fcrden. W\u00e4hlen Sie eine der vorgefertigten Vorlagen aus und passen Sie die Telegram-Chat-Einstellungen an, f\u00fcgen Sie Ihre Inhalte hinzu, \u00e4ndern Sie das Layout und die Farben ohne Programmierkenntnisse. Speichern Sie den Telegram-Chat und kopieren Sie seinen Installationscode, den Sie ganz einfach in Ihre BigCommerce-Website einf\u00fcgen k\u00f6nnen, ohne eine kostenpflichtige Version kaufen zu m\u00fcssen. Mit unserem intuitiven Editor kann jeder Internetnutzer online ein Telegram-Chat-Widget erstellen und es einfach in seine BigCommerce-Website einbetten. Sie m\u00fcssen weder bezahlen noch Ihre Kartendaten eingeben, um auf den Service zuzugreifen. Sollten bei irgendeinem Schritt Probleme auftreten, wenden Sie sich bitte an unser technisches Support-Team.<\/p> <\/div>\r\n\t\t\t\t\t<\/div>\r\n\t\t\t\t<\/div> <\/div> <\/div>\n\n\n\n<p><\/p>\n","protected":false},"excerpt":{"rendered":"","protected":false},"author":9,"featured_media":0,"parent":2430,"menu_order":0,"comment_status":"closed","ping_status":"closed","template":"templates\/template-application-platform.php","meta":{"publish_to_discourse":"","publish_post_category":"","wpdc_auto_publish_overridden":"","wpdc_topic_tags":"","wpdc_pin_topic":"","wpdc_pin_until":"","discourse_post_id":"","discourse_permalink":"","wpdc_publishing_response":"","wpdc_publishing_error":"","footnotes":""},"class_list":["post-10530","page","type-page","status-publish","hentry"],"yoast_head":"<!-- This site is optimized with the Yoast SEO plugin v25.3.1 - https:\/\/yoast.com\/wordpress\/plugins\/seo\/ -->\n<title>Telegram-Chat-Box zur BigCommerce-Website hinzuf\u00fcgen (kostenlos und schnell)<\/title>\n<meta name=\"description\" content=\"Es ist ganz einfach, Ihre Telegram-Chat-Box-App zu erstellen und sie auf Ihrer BigCommerce-Website hinzuzuf\u00fcgen. Der Elfsight-Kundensupport ist kostenlos.\" \/>\n<meta name=\"robots\" content=\"index, follow, max-snippet:-1, max-image-preview:large, max-video-preview:-1\" \/>\n<link rel=\"canonical\" href=\"https:\/\/elfsight.com\/de\/telegram-chat-widget\/bigcommerce\/\" \/>\n<meta property=\"og:locale\" content=\"de_DE\" \/>\n<meta property=\"og:type\" content=\"article\" \/>\n<meta property=\"og:title\" content=\"Telegram-Chat-Box zur BigCommerce-Website hinzuf\u00fcgen (kostenlos und schnell)\" \/>\n<meta property=\"og:description\" content=\"Es ist ganz einfach, Ihre Telegram-Chat-Box-App zu erstellen und sie auf Ihrer BigCommerce-Website hinzuzuf\u00fcgen. Der Elfsight-Kundensupport ist kostenlos.\" \/>\n<meta property=\"og:url\" content=\"https:\/\/elfsight.com\/de\/telegram-chat-widget\/bigcommerce\/\" \/>\n<meta property=\"og:site_name\" content=\"Elfsight DE\" \/>\n<meta property=\"article:modified_time\" content=\"2025-02-19T09:56:41+00:00\" \/>\n<meta name=\"twitter:card\" content=\"summary_large_image\" \/>\n<meta name=\"twitter:label1\" content=\"Gesch\u00e4tzte Lesezeit\" \/>\n\t<meta name=\"twitter:data1\" content=\"3\u00a0Minuten\" \/>\n<!-- \/ Yoast SEO plugin. -->","yoast_head_json":{"title":"Telegram-Chat-Box zur BigCommerce-Website hinzuf\u00fcgen (kostenlos und schnell)","description":"Es ist ganz einfach, Ihre Telegram-Chat-Box-App zu erstellen und sie auf Ihrer BigCommerce-Website hinzuzuf\u00fcgen. Der Elfsight-Kundensupport ist kostenlos.","robots":{"index":"index","follow":"follow","max-snippet":"max-snippet:-1","max-image-preview":"max-image-preview:large","max-video-preview":"max-video-preview:-1"},"canonical":"https:\/\/elfsight.com\/de\/telegram-chat-widget\/bigcommerce\/","og_locale":"de_DE","og_type":"article","og_title":"Telegram-Chat-Box zur BigCommerce-Website hinzuf\u00fcgen (kostenlos und schnell)","og_description":"Es ist ganz einfach, Ihre Telegram-Chat-Box-App zu erstellen und sie auf Ihrer BigCommerce-Website hinzuzuf\u00fcgen. Der Elfsight-Kundensupport ist kostenlos.","og_url":"https:\/\/elfsight.com\/de\/telegram-chat-widget\/bigcommerce\/","og_site_name":"Elfsight DE","article_modified_time":"2025-02-19T09:56:41+00:00","twitter_card":"summary_large_image","twitter_misc":{"Gesch\u00e4tzte Lesezeit":"3\u00a0Minuten"},"schema":{"@context":"https:\/\/schema.org","@graph":[{"@type":"WebPage","@id":"https:\/\/elfsight.com\/de\/telegram-chat-widget\/bigcommerce\/","url":"https:\/\/elfsight.com\/de\/telegram-chat-widget\/bigcommerce\/","name":"Telegram-Chat-Box zur BigCommerce-Website hinzuf\u00fcgen (kostenlos und schnell)","isPartOf":{"@id":"https:\/\/elfsight.com\/de\/#website"},"datePublished":"1970-01-01T00:00:00+00:00","dateModified":"2025-02-19T09:56:41+00:00","description":"Es ist ganz einfach, Ihre Telegram-Chat-Box-App zu erstellen und sie auf Ihrer BigCommerce-Website hinzuzuf\u00fcgen. Der Elfsight-Kundensupport ist kostenlos.","breadcrumb":{"@id":"https:\/\/elfsight.com\/de\/telegram-chat-widget\/bigcommerce\/#breadcrumb"},"inLanguage":"de","potentialAction":[{"@type":"ReadAction","target":["https:\/\/elfsight.com\/de\/telegram-chat-widget\/bigcommerce\/"]}]},{"@type":"BreadcrumbList","@id":"https:\/\/elfsight.com\/de\/telegram-chat-widget\/bigcommerce\/#breadcrumb","itemListElement":[{"@type":"ListItem","position":1,"name":"Home","item":"https:\/\/elfsight.com\/de\/"},{"@type":"ListItem","position":2,"name":"Telegram Chat","item":"https:\/\/elfsight.com\/de\/telegram-chat-widget\/"},{"@type":"ListItem","position":3,"name":"Telegram Chat &#8211; BigCommerce"}]},{"@type":"WebSite","@id":"https:\/\/elfsight.com\/de\/#website","url":"https:\/\/elfsight.com\/de\/","name":"Elfsight DE","description":"Just another Elfsight Sites site","potentialAction":[{"@type":"SearchAction","target":{"@type":"EntryPoint","urlTemplate":"https:\/\/elfsight.com\/de\/?s={search_term_string}"},"query-input":{"@type":"PropertyValueSpecification","valueRequired":true,"valueName":"search_term_string"}}],"inLanguage":"de"}]}},"meta_box":{"industry":"","seo_heading":"","heading":"","description":"","cta_heading":"","cta_description":"","application":"497","h1":"BigCommerce-Telegramm-Chat","h1_caption":"Erm\u00f6glichen Sie Benutzern, direkt von Ihrer Website aus per Telegramm mit Ihnen zu chatten und bieten Sie so m\u00fchelos einen weiteren schnellen und bequemen Supportkanal zu Ihrer BigCommerce-Website an.","application_category":[],"applications_title":"","applications_request_title":"","applications_request_button_text":"","hero_text":"","hero_video":"","hero_video_schema_markup":"","selling_points_title":"","selling_points_caption":"","selling_points":[],"selling_points_cta_text":"","features_title":"","features":"","ed_cta_examples_text":"","ed_cta_examples_hidden":"","ed_cta_demo_text":"","ed_cta_demo_hidden":"","why_caption":"","why_editor_title":"","why_editor_text":"","why_team_title":"","why_team_text":"","why_service_title":"","why_service_text":"","template_catalog_visible":"0","template_catalog_title":"","template_catalog_text":"","template_catalog_categories_visible":"","demo_title":"Erstellen Sie Ihre Telegram-Chat-App","demo_caption":"Konfigurieren Sie Ihren Telegram-Chat und f\u00fcgen Sie ihn kostenlos zu Ihrer BigCommerce-Website hinzu!","default_faq_hidden":"","app_template_category":[],"platform":"268","template_public_id":"","codecanyon_url":"","codecanyon_item_id":"","codecanyon_price":"","pricing_caption":"","pricing_elfsight_apps_hide_column":"","pricing_elfsight_apps_url":"","pricing_codecanyon_price_caption":"","integration_category":[],"integration_request_title":"","integration_request_cta":"","integration_platform":"","integrations":[],"platform_category":[],"video_schema_markup":"","price":"ab 0 $ \/ Monat","trial":"","benefits":[{"text":"Kostenlose Installationshilfe"},{"text":"Kompetenter Kundenservice"},{"text":"14-t\u00e4gige R\u00fcckerstattungsgarantie"},{"text":"Fortlaufende Entwicklung"}],"button_url":"#demo","button_target_blank":"0","button_nofollow":"0","attributes":[{"name":"Installiert","content":"10,000 - 100,000"},{"name":"Reaktionsfreudig","content":"Ja"},{"name":"Kompatible Browser","content":"Firefox, Safari, Opera, Chrome, Edge"}],"tags":[],"tags_disable_links":"0","hide_more_platforms":"0","video_object":"","demo_hide_cta":"0","demo_hide_cloud_options":"0","pricing_title":"","pricing":[{"pricing_icon":"platform","pricing_title":"Elfsight Apps","pricing_title_caption":"Multiplattform-Version, die auf jeder Site funktioniert","pricing_price":"ab 0 $ \/ Monat","pricing_price_caption":"Beginnen Sie mit einem kostenlosen Plan","pricing_benefits":[{"text":"Unbegrenzte Domains"},{"text":"24\/7 und p\u00fcnktlicher Support und gut dokumentiert"},{"text":"Kostenlose Installationsunterst\u00fctzung"},{"text":"100 % anpassbar"}],"pricing_button_text":"Zur Website hinzuf\u00fcgen","pricing_button_url":"#demo"}],"related_apps_title":"","related_apps_hidden":"0","author":"","image":[],"title":"","job":"","social_networks":[]},"_links":{"self":[{"href":"https:\/\/elfsight.com\/de\/wp-json\/wp\/v2\/pages\/10530","targetHints":{"allow":["GET"]}}],"collection":[{"href":"https:\/\/elfsight.com\/de\/wp-json\/wp\/v2\/pages"}],"about":[{"href":"https:\/\/elfsight.com\/de\/wp-json\/wp\/v2\/types\/page"}],"author":[{"embeddable":true,"href":"https:\/\/elfsight.com\/de\/wp-json\/wp\/v2\/users\/9"}],"replies":[{"embeddable":true,"href":"https:\/\/elfsight.com\/de\/wp-json\/wp\/v2\/comments?post=10530"}],"version-history":[{"count":3,"href":"https:\/\/elfsight.com\/de\/wp-json\/wp\/v2\/pages\/10530\/revisions"}],"predecessor-version":[{"id":24412,"href":"https:\/\/elfsight.com\/de\/wp-json\/wp\/v2\/pages\/10530\/revisions\/24412"}],"up":[{"embeddable":true,"href":"https:\/\/elfsight.com\/de\/wp-json\/wp\/v2\/pages\/2430"}],"wp:attachment":[{"href":"https:\/\/elfsight.com\/de\/wp-json\/wp\/v2\/media?parent=10530"}],"curies":[{"name":"wp","href":"https:\/\/api.w.org\/{rel}","templated":true}]}}