{"id":10523,"date":"1970-01-01T00:00:00","date_gmt":"1970-01-01T00:00:00","guid":{"rendered":"https:\/\/elfsight.com\/de\/?page_id=10523"},"modified":"2025-02-19T10:02:24","modified_gmt":"2025-02-19T10:02:24","slug":"elementor","status":"publish","type":"page","link":"https:\/\/elfsight.com\/de\/telegram-chat-widget\/elementor\/","title":{"rendered":"Telegram Chat &#8211; Elementor"},"content":{"rendered":"\n<div class=\"application-platform-content-item-description application-platform-content-item\" id=\"description\" data-nav-section=\"description\"><h2>Telegram-Chat auf Elementor mit dem Elfsight-Widget einbetten<\/h2><p>Das von Elfsight erstellte Telegram-Widget ist eine reibungslose und schnelle Variante f\u00fcr Sie Bitten Sie die Zielgruppe der Website, mit Ihnen in Kontakt zu treten und ihre Fragen zu beantworten. Jetzt sind Sie f\u00fcr Ihre Kunden online in einem der beliebtesten Messenger erreichbar, egal wo Sie sind. Integrieren Sie den Telegram-Chat auf Ihrer Webseite und lassen Sie ihn auf ausgew\u00e4hlten Seiten oder f\u00fcr ausgew\u00e4hlte Kategorien von Zuschauern erscheinen, weisen Sie Start-Chat-Ausl\u00f6ser zu, erstellen Sie Ihre eigene Willkommensnachricht, legen Sie Symbole fest und tun Sie mehr. Mit Hilfe des Telegram-Messengers, der auf der Webseite funktioniert, werden Sie von Ihrem Publikum jederzeit und unabh\u00e4ngig von Ihrem Aufenthaltsort gepostet.<\/p><p><b>Dies ist eine der bequemsten M\u00f6glichkeiten f\u00fcr Menschen Wenden Sie sich an Sie und lassen Sie ihre Probleme l\u00f6sen!<\/b><\/p><\/div><div class=\"application-platform-content-item-features application-platform-content-item\" id=\"features\" data-nav-section=\"features\"><h2>Hauptfunktionen des Telegram-Chat-Widgets<\/h2><p>\u00dcberpr\u00fcfen Sie eine Liste aller die Funktionen von Telegram Chat. Sie k\u00f6nnen sie direkt im Editor verwalten und sie helfen Ihnen dabei, das Widget entsprechend Ihren Anforderungen zu erstellen.<\/p><ul><li>Betten Sie den Telegram-Messenger in Ihre Website ein, um Gespr\u00e4che mit Benutzern zu f\u00fchren<\/li><li>Drei Arten der Chat-Position: schwebende Blase, eingebettete Blase und eingebettetes Chat-Fenster;<\/li><li>Eine Sammlung von Blasensymbolen zur Auswahl;<\/li><li>Option zum Bearbeiten des Blasentextes;<\/li> <li>Chat-Header mit Seitenbild, Name und Bildunterschrift.<\/li><\/ul><p><a href=\"#demo\">Testen Sie alle anderen Funktionen in der Demo<\/a><\/p><\/div><div class=\"application-platform-content-item-installation application-platform-content-item\" id=\"installation\" data-nav-section=\"installation\"><h2>Wie kann ich die Telegram-Chatbox auf Elementor einbetten?<\/h2><div class=\"video-container\"><iframe width=\"560\" height=\"315\" src=\"https:\/\/www.youtube.com\/embed\/9LWI5_VSDkY?si=3i1V07GdNDjunaFj\" frameborder=\"0\" allow=\"accelerometer; autoplay; clipboard-write; encrypted-media; gyroscope; picture-in-picture; web-share\" allowfullscreen><\/iframe><\/div><p>Um mit der Verwendung des Widgets zu beginnen, f\u00fchren Sie einfach ein paar schnelle Schritte aus .<\/p><ol><li><b>Entwerfen Sie Ihr individuelles Telegram-Widget<\/b><br>Formen Sie mit unserem kostenlosen Konfigurator ein Plugin mit einem ausgew\u00e4hlten Layout und funktionalen Merkmalen.<\/li><li><b>Erhalten Sie den individuellen Code zur Integration des Widgets<\/b><br>Nachdem Sie Ihr Widget erstellt haben, erhalten Sie Ihren Installationscode \u00fcber die angezeigte Benachrichtigung auf Elfsight Apps. Kopieren Sie es zur sp\u00e4teren Verwendung.<\/li><li><b>F\u00fcgen Sie das Widget auf Ihrer Elementor-Site hinzu<\/b><br>W\u00e4hlen Sie den Ort aus, an dem Sie das Plugin anzeigen m\u00f6chten, und f\u00fcgen Sie den gespeicherten Code dort ein. Speichern Sie die \u00c4nderungen.<\/li><li><b>Die Integration ist erfolgreich!<\/b><br>Betreten Sie Ihre Website, um einen Blick auf Ihre Arbeit zu werfen.<\/li><\/ol><p>Feel Wenn Sie Hilfe ben\u00f6tigen oder Fragen haben, k\u00f6nnen Sie sich jederzeit an unseren Support wenden. Wir helfen Ihnen bei jeder Anfrage.<\/p><div class=\"faq\" data-component=\"FAQ\"> <div class=\"faq-item\">\r\n\t\t\t\t\t<div class=\"faq-item-question\">\r\n\t\t\t\t\t\t<h3 class=\"faq-item-question-text\">Wie kann ich ohne Programmierkenntnisse Telegram-Chat zu meiner Elementor-Website hinzuf\u00fcgen?<\/h3>\r\n\r\n\t\t\t\t\t\t<div class=\"faq-item-question-icon\"><\/div>\r\n\t\t\t\t\t<\/div>\r\n\r\n\t\t\t\t\t<div class=\"faq-item-answer\">\r\n\t\t\t\t\t\t<div class=\"faq-item-answer-text\"> <p>Elfsight bietet eine SaaS-L\u00f6sung, mit der Sie erstellen k\u00f6nnen Wenn Sie selbst ein Telegram-Chat-Widget erstellen, sehen Sie, wie einfach der Vorgang ist: Arbeiten Sie direkt im Online-Editor, um ein Telegram-Chat-Widget zu erstellen, das Sie gerne auf Ihrer Elementor-Website sehen w\u00fcrden. W\u00e4hlen Sie eine der vorgefertigten Vorlagen aus und passen Sie die Telegram-Chat-Einstellungen an, f\u00fcgen Sie Ihre Inhalte hinzu, \u00e4ndern Sie das Layout und die Farben ohne Programmierkenntnisse. Speichern Sie den Telegram-Chat und kopieren Sie seinen Installationscode, den Sie ganz einfach in Ihre Elementor-Website einf\u00fcgen k\u00f6nnen, ohne einen kostenpflichtigen Plan zu kaufen. Mit unserem intuitiven Editor kann jeder Internetnutzer online ein Telegram-Chat-Widget erstellen und es einfach in seine Elementor-Website einbetten. Sie m\u00fcssen weder bezahlen noch Ihre Kartendaten eingeben, um auf den Service zuzugreifen. Sollten bei irgendeinem Schritt Probleme auftreten, wenden Sie sich bitte an unser technisches Support-Team.<\/p> <\/div>\r\n\t\t\t\t\t<\/div>\r\n\t\t\t\t<\/div> <\/div> <\/div>\n","protected":false},"excerpt":{"rendered":"","protected":false},"author":9,"featured_media":0,"parent":2430,"menu_order":0,"comment_status":"closed","ping_status":"closed","template":"templates\/template-application-platform.php","meta":{"publish_to_discourse":"","publish_post_category":"","wpdc_auto_publish_overridden":"","wpdc_topic_tags":"","wpdc_pin_topic":"","wpdc_pin_until":"","discourse_post_id":"","discourse_permalink":"","wpdc_publishing_response":"","wpdc_publishing_error":"","footnotes":""},"class_list":["post-10523","page","type-page","status-publish","hentry"],"yoast_head":"<!-- This site is optimized with the Yoast SEO plugin v25.3.1 - https:\/\/yoast.com\/wordpress\/plugins\/seo\/ -->\n<title>Telegram-Chatbox zur Elementor-Website hinzuf\u00fcgen (kostenlos und schnell)<\/title>\n<meta name=\"description\" content=\"Hier haben Sie die M\u00f6glichkeit, ein Telegram-Chatbox-Widget zu erstellen und es Ihrer Elementor-Site hinzuzuf\u00fcgen. Sie profitieren von kostenlosem Kundensupport und anderen Vorteilen von Elfsight.\" \/>\n<meta name=\"robots\" content=\"index, follow, max-snippet:-1, max-image-preview:large, max-video-preview:-1\" \/>\n<link rel=\"canonical\" href=\"https:\/\/elfsight.com\/de\/telegram-chat-widget\/elementor\/\" \/>\n<meta property=\"og:locale\" content=\"de_DE\" \/>\n<meta property=\"og:type\" content=\"article\" \/>\n<meta property=\"og:title\" content=\"Telegram-Chatbox zur Elementor-Website hinzuf\u00fcgen (kostenlos und schnell)\" \/>\n<meta property=\"og:description\" content=\"Hier haben Sie die M\u00f6glichkeit, ein Telegram-Chatbox-Widget zu erstellen und es Ihrer Elementor-Site hinzuzuf\u00fcgen. Sie profitieren von kostenlosem Kundensupport und anderen Vorteilen von Elfsight.\" \/>\n<meta property=\"og:url\" content=\"https:\/\/elfsight.com\/de\/telegram-chat-widget\/elementor\/\" \/>\n<meta property=\"og:site_name\" content=\"Elfsight DE\" \/>\n<meta property=\"article:modified_time\" content=\"2025-02-19T10:02:24+00:00\" \/>\n<meta name=\"twitter:card\" content=\"summary_large_image\" \/>\n<meta name=\"twitter:label1\" content=\"Gesch\u00e4tzte Lesezeit\" \/>\n\t<meta name=\"twitter:data1\" content=\"3\u00a0Minuten\" \/>\n<!-- \/ Yoast SEO plugin. -->","yoast_head_json":{"title":"Telegram-Chatbox zur Elementor-Website hinzuf\u00fcgen (kostenlos und schnell)","description":"Hier haben Sie die M\u00f6glichkeit, ein Telegram-Chatbox-Widget zu erstellen und es Ihrer Elementor-Site hinzuzuf\u00fcgen. Sie profitieren von kostenlosem Kundensupport und anderen Vorteilen von Elfsight.","robots":{"index":"index","follow":"follow","max-snippet":"max-snippet:-1","max-image-preview":"max-image-preview:large","max-video-preview":"max-video-preview:-1"},"canonical":"https:\/\/elfsight.com\/de\/telegram-chat-widget\/elementor\/","og_locale":"de_DE","og_type":"article","og_title":"Telegram-Chatbox zur Elementor-Website hinzuf\u00fcgen (kostenlos und schnell)","og_description":"Hier haben Sie die M\u00f6glichkeit, ein Telegram-Chatbox-Widget zu erstellen und es Ihrer Elementor-Site hinzuzuf\u00fcgen. Sie profitieren von kostenlosem Kundensupport und anderen Vorteilen von Elfsight.","og_url":"https:\/\/elfsight.com\/de\/telegram-chat-widget\/elementor\/","og_site_name":"Elfsight DE","article_modified_time":"2025-02-19T10:02:24+00:00","twitter_card":"summary_large_image","twitter_misc":{"Gesch\u00e4tzte Lesezeit":"3\u00a0Minuten"},"schema":{"@context":"https:\/\/schema.org","@graph":[{"@type":"WebPage","@id":"https:\/\/elfsight.com\/de\/telegram-chat-widget\/elementor\/","url":"https:\/\/elfsight.com\/de\/telegram-chat-widget\/elementor\/","name":"Telegram-Chatbox zur Elementor-Website hinzuf\u00fcgen (kostenlos und schnell)","isPartOf":{"@id":"https:\/\/elfsight.com\/de\/#website"},"datePublished":"1970-01-01T00:00:00+00:00","dateModified":"2025-02-19T10:02:24+00:00","description":"Hier haben Sie die M\u00f6glichkeit, ein Telegram-Chatbox-Widget zu erstellen und es Ihrer Elementor-Site hinzuzuf\u00fcgen. Sie profitieren von kostenlosem Kundensupport und anderen Vorteilen von Elfsight.","breadcrumb":{"@id":"https:\/\/elfsight.com\/de\/telegram-chat-widget\/elementor\/#breadcrumb"},"inLanguage":"de","potentialAction":[{"@type":"ReadAction","target":["https:\/\/elfsight.com\/de\/telegram-chat-widget\/elementor\/"]}]},{"@type":"BreadcrumbList","@id":"https:\/\/elfsight.com\/de\/telegram-chat-widget\/elementor\/#breadcrumb","itemListElement":[{"@type":"ListItem","position":1,"name":"Home","item":"https:\/\/elfsight.com\/de\/"},{"@type":"ListItem","position":2,"name":"Telegram Chat","item":"https:\/\/elfsight.com\/de\/telegram-chat-widget\/"},{"@type":"ListItem","position":3,"name":"Telegram Chat &#8211; Elementor"}]},{"@type":"WebSite","@id":"https:\/\/elfsight.com\/de\/#website","url":"https:\/\/elfsight.com\/de\/","name":"Elfsight DE","description":"Just another Elfsight Sites site","potentialAction":[{"@type":"SearchAction","target":{"@type":"EntryPoint","urlTemplate":"https:\/\/elfsight.com\/de\/?s={search_term_string}"},"query-input":{"@type":"PropertyValueSpecification","valueRequired":true,"valueName":"search_term_string"}}],"inLanguage":"de"}]}},"meta_box":{"industry":"","seo_heading":"","heading":"","description":"","cta_heading":"","cta_description":"","application":"497","h1":"Elementor-Telegram-Chat","h1_caption":"Erm\u00f6glichen Sie Benutzern, direkt von Ihrer Website aus per Telegramm mit Ihnen zu chatten, und bieten Sie so m\u00fchelos einen weiteren schnellen und bequemen Supportkanal zu Ihrer Elementor-Website.","application_category":[],"applications_title":"","applications_request_title":"","applications_request_button_text":"","hero_text":"","hero_video":"","hero_video_schema_markup":"","selling_points_title":"","selling_points_caption":"","selling_points":[],"selling_points_cta_text":"","features_title":"","features":"","ed_cta_examples_text":"","ed_cta_examples_hidden":"","ed_cta_demo_text":"","ed_cta_demo_hidden":"","why_caption":"","why_editor_title":"","why_editor_text":"","why_team_title":"","why_team_text":"","why_service_title":"","why_service_text":"","template_catalog_visible":"0","template_catalog_title":"","template_catalog_text":"","template_catalog_categories_visible":"","demo_title":"Erstellen Sie Ihr Telegram-Chat-Widget","demo_caption":"Konfigurieren Sie Ihren Telegram-Chat und f\u00fcgen Sie ihn kostenlos zu Ihrer Elementor-Website hinzu!","default_faq_hidden":"","app_template_category":[],"platform":"223","template_public_id":"","codecanyon_url":"","codecanyon_item_id":"","codecanyon_price":"","pricing_caption":"","pricing_elfsight_apps_hide_column":"","pricing_elfsight_apps_url":"","pricing_codecanyon_price_caption":"","integration_category":[],"integration_request_title":"","integration_request_cta":"","integration_platform":"","integrations":[],"platform_category":[],"video_schema_markup":"","price":"ab 0 $ \/ Monat","trial":"","benefits":[{"text":"Kostenlose Installationshilfe"},{"text":"Kompetenter Kundenservice"},{"text":"14-t\u00e4gige R\u00fcckerstattungsgarantie"},{"text":"Lebenslange kostenlose Updates"}],"button_url":"#demo","button_target_blank":"0","button_nofollow":"0","attributes":[{"name":"Installiert","content":"10,000 - 100,000"},{"name":"Reaktionsfreudig","content":"Ja"},{"name":"Kompatible Browser","content":"Firefox, Safari, Opera, Chrome, Edge"}],"tags":[],"tags_disable_links":"0","hide_more_platforms":"0","video_object":"","demo_hide_cta":"0","demo_hide_cloud_options":"0","pricing_title":"","pricing":[{"pricing_icon":"platform","pricing_title":"Elfsight Apps","pricing_title_caption":"Plattformunabh\u00e4ngige Version","pricing_price":"ab 0 $ \/ Monat","pricing_price_caption":"Beginnen Sie mit einem kostenlosen Plan","pricing_benefits":[{"text":"Unbegrenzte Domains"},{"text":"Kostenloser Support"},{"text":"Kostenlose Installationsunterst\u00fctzung"},{"text":"Sonderangebot f\u00fcr mehrere Apps"}],"pricing_button_text":"Zur Website hinzuf\u00fcgen","pricing_button_url":"#demo"}],"related_apps_title":"","related_apps_hidden":"0","author":"","image":[],"title":"","job":"","social_networks":[]},"_links":{"self":[{"href":"https:\/\/elfsight.com\/de\/wp-json\/wp\/v2\/pages\/10523","targetHints":{"allow":["GET"]}}],"collection":[{"href":"https:\/\/elfsight.com\/de\/wp-json\/wp\/v2\/pages"}],"about":[{"href":"https:\/\/elfsight.com\/de\/wp-json\/wp\/v2\/types\/page"}],"author":[{"embeddable":true,"href":"https:\/\/elfsight.com\/de\/wp-json\/wp\/v2\/users\/9"}],"replies":[{"embeddable":true,"href":"https:\/\/elfsight.com\/de\/wp-json\/wp\/v2\/comments?post=10523"}],"version-history":[{"count":3,"href":"https:\/\/elfsight.com\/de\/wp-json\/wp\/v2\/pages\/10523\/revisions"}],"predecessor-version":[{"id":24416,"href":"https:\/\/elfsight.com\/de\/wp-json\/wp\/v2\/pages\/10523\/revisions\/24416"}],"up":[{"embeddable":true,"href":"https:\/\/elfsight.com\/de\/wp-json\/wp\/v2\/pages\/2430"}],"wp:attachment":[{"href":"https:\/\/elfsight.com\/de\/wp-json\/wp\/v2\/media?parent=10523"}],"curies":[{"name":"wp","href":"https:\/\/api.w.org\/{rel}","templated":true}]}}