{"id":10521,"date":"1970-01-01T00:00:00","date_gmt":"1970-01-01T00:00:00","guid":{"rendered":"https:\/\/elfsight.com\/de\/?page_id=10521"},"modified":"2025-07-10T08:31:46","modified_gmt":"2025-07-10T08:31:46","slug":"jquery","status":"publish","type":"page","link":"https:\/\/elfsight.com\/de\/telegram-chat-widget\/jquery\/","title":{"rendered":"Telegram Chat &#8211; jQuery"},"content":{"rendered":"<div class=\"application-platform-content-item-description application-platform-content-item\" id=\"description\" data-nav-section=\"description\"><h2>Beschreibung<\/h2><p>Das von Elfsight erstellte Telegram-Plugin ist eine einfache M\u00f6glichkeit f\u00fcr die Besucher Ihrer Website, mit Ihnen zu kommunizieren und Antworten auf Ihre Fragen zu erhalten ihre Fragen und W\u00fcnsche. Sie k\u00f6nnen im beliebtesten Messenger f\u00fcr Besucher erreichbar bleiben, wo immer Sie sind. Richten Sie den Telegram-Chat in Ihrem Shop ein und stellen Sie ihn so ein, dass er auf ausgew\u00e4hlten Seiten oder f\u00fcr ausgew\u00e4hlte Benutzergruppen angezeigt wird, aktivieren Sie Start-Chat-Trigger, geben Sie Ihre individuelle Willkommensnachricht ein, richten Sie Symbole aus und nehmen Sie andere Anpassungen vor. Wenn Sie den Telegram-Messenger auf Ihrer Website verwenden, bleiben Sie jederzeit und unabh\u00e4ngig davon, wo Sie sich befinden, dar\u00fcber informiert, dass Sie Ihre Leute sind.<\/p><p><b>Dies ist eine der einfachsten M\u00f6glichkeiten, Leute anzusprechen Sie und lassen ihre Fragen kl\u00e4ren!<\/b><\/p><\/div><div class=\"application-platform-content-item-features application-platform-content-item\" id=\"features\" data-nav-section=\"features\"><h2>Funktionen<\/h2><p>Sehen Sie sich alle Funktionen von Telegram Chat an. Sie k\u00f6nnen sie direkt im Editor verwalten und sie helfen Ihnen dabei, das Widget speziell an Ihre Bed\u00fcrfnisse anzupassen.<\/p><ul><li>Integrieren Sie den Telegram-Messenger auf Ihrer Seite, um mit Benutzern zu chatten<li>3 Arten von Chat-Positionen: schwebende Blase, eingebettete Blase und eingebettetes Chat-Fenster;<\/li><li>Eine Sammlung von Blasensymbolen zur Auswahl;<\/li><li>Bearbeitbarer Blasentext;<\/li><li>Flexibler Chat-Header mit Seite Bild, Name und Bildunterschrift.<\/li><\/ul><p><a href=\"#demo\">Sie k\u00f6nnen alle Funktionsmerkmale des Widgets direkt in der Demo ausprobieren<\/a><\/p><\/div> <div class=\"application-platform-content-item-installation application-platform-content-item\" id=\"installation\" data-nav-section=\"installation\"><h2>Wie integriere ich die Telegram-Chat-Box in die jQuery-Website?<\/h2><p>Um das Widget einzuf\u00fchren, f\u00fchren Sie einfach mehrere schnelle Schritte aus.<\/p><ol><li><b>Erstellen Sie Ihr pers\u00f6nliches Telegram-Plugin<\/b><br>Generieren Sie mit unserer kostenlosen Demo ein Plugin mit einer benutzerdefinierten Oberfl\u00e4che und Funktionen.<\/li><li><b>Erhalten Sie den pers\u00f6nlichen Code, um das Widget anzuzeigen<\/b> <br>Nachdem Sie Ihr Widget eingerichtet haben, erhalten Sie Ihren pers\u00f6nlichen Code aus der angezeigten Benachrichtigung auf Elfsight Apps. Kopieren Sie diesen Code.<\/li><li><b>Integieren Sie das Widget auf Ihrer jQuery-Website<\/b><br>W\u00e4hlen Sie die Stelle aus, an der Sie das Plugin einbetten m\u00f6chten, und f\u00fcgen Sie dort den kopierten Code hinzu. Ver\u00f6ffentlichen Sie die Ergebnisse.<\/li><li><b>Die Einbettung ist erfolgreich!<\/b><br>Besuchen Sie die Website, um Ihr Widget anzuzeigen.<\/li><\/ol><p>Denken Sie nicht Bitte wenden Sie sich zweimal an den Kundensupport, wenn Sie Rat ben\u00f6tigen oder Fragen haben. Unsere Spezialisten helfen Ihnen bei jeder Anfrage weiter.<\/p><div class=\"faq\" data-component=\"FAQ\"> <div class=\"faq-item\">\r\n\t\t\t\t\t<div class=\"faq-item-question\">\r\n\t\t\t\t\t\t<h3 class=\"faq-item-question-text\">Wie kann ich ohne Programmierkenntnisse Telegram-Chat zu meiner jQuery-Website hinzuf\u00fcgen?<\/h3>\r\n\r\n\t\t\t\t\t\t<div class=\"faq-item-question-icon\"><\/div>\r\n\t\t\t\t\t<\/div>\r\n\r\n\t\t\t\t\t<div class=\"faq-item-answer\">\r\n\t\t\t\t\t\t<div class=\"faq-item-answer-text\"> <p>Elfsight bietet eine SaaS-L\u00f6sung, mit der Sie Erstellen Sie selbst ein Telegram-Chat-Widget und sehen Sie, wie einfach der Vorgang ist: Arbeiten Sie direkt im Online-Editor, um ein Telegram-Chat-Widget zu erstellen, das Sie gerne auf Ihrer jQuery-Website sehen w\u00fcrden. W\u00e4hlen Sie eine der vorgefertigten Vorlagen aus und passen Sie die Telegram-Chat-Einstellungen an, f\u00fcgen Sie Ihre Inhalte hinzu, \u00e4ndern Sie das Layout und die Farben ohne Programmierkenntnisse. Speichern Sie den Telegram-Chat und kopieren Sie seinen Installationscode, den Sie problemlos in Ihre jQuery-Website einf\u00fcgen k\u00f6nnen, ohne eine kostenpflichtige Version kaufen zu m\u00fcssen. Mit unserem intuitiven Editor kann jeder Internetnutzer online ein Telegram-Chat-Widget erstellen und es einfach in seine jQuery-Website einbetten. Sie m\u00fcssen weder bezahlen noch Ihre Kartendaten eingeben, um auf den Service zuzugreifen. Sollten bei irgendeinem Schritt Probleme auftreten, wenden Sie sich bitte an unser technisches Support-Team.<\/p> <\/div>\r\n\t\t\t\t\t<\/div>\r\n\t\t\t\t<\/div> <\/div> <\/div>","protected":false},"excerpt":{"rendered":"","protected":false},"author":9,"featured_media":0,"parent":2430,"menu_order":0,"comment_status":"closed","ping_status":"closed","template":"templates\/template-application-platform.php","meta":{"publish_to_discourse":"","publish_post_category":"","wpdc_auto_publish_overridden":"","wpdc_topic_tags":"","wpdc_pin_topic":"","wpdc_pin_until":"","discourse_post_id":"","discourse_permalink":"","wpdc_publishing_response":"","wpdc_publishing_error":"","footnotes":""},"class_list":["post-10521","page","type-page","status-publish","hentry"],"yoast_head":"<!-- This site is optimized with the Yoast SEO plugin v25.3.1 - https:\/\/yoast.com\/wordpress\/plugins\/seo\/ -->\n<title>Telegram-Chat-Box zur jQuery-Website hinzuf\u00fcgen (kostenlos und schnell)<\/title>\n<meta name=\"description\" content=\"Erstellen Sie mit Elfsight Ihre Telegram-Chat-Box und ver\u00f6ffentlichen Sie sie schnell und einfach auf Ihrer jQuery-Website. Wir bieten kostenlosen Kundensupport und weitere Boni.\" \/>\n<meta name=\"robots\" content=\"index, follow, max-snippet:-1, max-image-preview:large, max-video-preview:-1\" \/>\n<link rel=\"canonical\" href=\"https:\/\/elfsight.com\/de\/telegram-chat-widget\/jquery\/\" \/>\n<meta property=\"og:locale\" content=\"de_DE\" \/>\n<meta property=\"og:type\" content=\"article\" \/>\n<meta property=\"og:title\" content=\"Telegram-Chat-Box zur jQuery-Website hinzuf\u00fcgen (kostenlos und schnell)\" \/>\n<meta property=\"og:description\" content=\"Erstellen Sie mit Elfsight Ihre Telegram-Chat-Box und ver\u00f6ffentlichen Sie sie schnell und einfach auf Ihrer jQuery-Website. Wir bieten kostenlosen Kundensupport und weitere Boni.\" \/>\n<meta property=\"og:url\" content=\"https:\/\/elfsight.com\/de\/telegram-chat-widget\/jquery\/\" \/>\n<meta property=\"og:site_name\" content=\"Elfsight DE\" \/>\n<meta property=\"article:modified_time\" content=\"2025-07-10T08:31:46+00:00\" \/>\n<meta name=\"twitter:card\" content=\"summary_large_image\" \/>\n<meta name=\"twitter:label1\" content=\"Gesch\u00e4tzte Lesezeit\" \/>\n\t<meta name=\"twitter:data1\" content=\"3\u00a0Minuten\" \/>\n<!-- \/ Yoast SEO plugin. -->","yoast_head_json":{"title":"Telegram-Chat-Box zur jQuery-Website hinzuf\u00fcgen (kostenlos und schnell)","description":"Erstellen Sie mit Elfsight Ihre Telegram-Chat-Box und ver\u00f6ffentlichen Sie sie schnell und einfach auf Ihrer jQuery-Website. Wir bieten kostenlosen Kundensupport und weitere Boni.","robots":{"index":"index","follow":"follow","max-snippet":"max-snippet:-1","max-image-preview":"max-image-preview:large","max-video-preview":"max-video-preview:-1"},"canonical":"https:\/\/elfsight.com\/de\/telegram-chat-widget\/jquery\/","og_locale":"de_DE","og_type":"article","og_title":"Telegram-Chat-Box zur jQuery-Website hinzuf\u00fcgen (kostenlos und schnell)","og_description":"Erstellen Sie mit Elfsight Ihre Telegram-Chat-Box und ver\u00f6ffentlichen Sie sie schnell und einfach auf Ihrer jQuery-Website. Wir bieten kostenlosen Kundensupport und weitere Boni.","og_url":"https:\/\/elfsight.com\/de\/telegram-chat-widget\/jquery\/","og_site_name":"Elfsight DE","article_modified_time":"2025-07-10T08:31:46+00:00","twitter_card":"summary_large_image","twitter_misc":{"Gesch\u00e4tzte Lesezeit":"3\u00a0Minuten"},"schema":{"@context":"https:\/\/schema.org","@graph":[{"@type":"WebPage","@id":"https:\/\/elfsight.com\/de\/telegram-chat-widget\/jquery\/","url":"https:\/\/elfsight.com\/de\/telegram-chat-widget\/jquery\/","name":"Telegram-Chat-Box zur jQuery-Website hinzuf\u00fcgen (kostenlos und schnell)","isPartOf":{"@id":"https:\/\/elfsight.com\/de\/#website"},"datePublished":"1970-01-01T00:00:00+00:00","dateModified":"2025-07-10T08:31:46+00:00","description":"Erstellen Sie mit Elfsight Ihre Telegram-Chat-Box und ver\u00f6ffentlichen Sie sie schnell und einfach auf Ihrer jQuery-Website. Wir bieten kostenlosen Kundensupport und weitere Boni.","breadcrumb":{"@id":"https:\/\/elfsight.com\/de\/telegram-chat-widget\/jquery\/#breadcrumb"},"inLanguage":"de","potentialAction":[{"@type":"ReadAction","target":["https:\/\/elfsight.com\/de\/telegram-chat-widget\/jquery\/"]}]},{"@type":"BreadcrumbList","@id":"https:\/\/elfsight.com\/de\/telegram-chat-widget\/jquery\/#breadcrumb","itemListElement":[{"@type":"ListItem","position":1,"name":"Home","item":"https:\/\/elfsight.com\/de\/"},{"@type":"ListItem","position":2,"name":"Telegram Chat","item":"https:\/\/elfsight.com\/de\/telegram-chat-widget\/"},{"@type":"ListItem","position":3,"name":"Telegram Chat &#8211; jQuery"}]},{"@type":"WebSite","@id":"https:\/\/elfsight.com\/de\/#website","url":"https:\/\/elfsight.com\/de\/","name":"Elfsight DE","description":"Just another Elfsight Sites site","potentialAction":[{"@type":"SearchAction","target":{"@type":"EntryPoint","urlTemplate":"https:\/\/elfsight.com\/de\/?s={search_term_string}"},"query-input":{"@type":"PropertyValueSpecification","valueRequired":true,"valueName":"search_term_string"}}],"inLanguage":"de"}]}},"meta_box":{"industry":"","seo_heading":"","heading":"","description":"","cta_heading":"","cta_description":"","application":"497","h1":"jQuery-Telegram-Chat","h1_caption":"Erm\u00f6glichen Sie Benutzern, direkt von Ihrer Website aus per Telegramm mit Ihnen zu chatten, und bieten Sie so m\u00fchelos einen weiteren schnellen und bequemen Supportkanal zu Ihrer jQuery-Website.","application_category":[],"applications_title":"","applications_request_title":"","applications_request_button_text":"","hero_text":"","hero_video":"","hero_video_schema_markup":"","selling_points_title":"","selling_points_caption":"","selling_points":[],"selling_points_cta_text":"","features_title":"","features":"","ed_cta_examples_text":"","ed_cta_examples_hidden":"","ed_cta_demo_text":"","ed_cta_demo_hidden":"","why_caption":"","why_editor_title":"","why_editor_text":"","why_team_title":"","why_team_text":"","why_service_title":"","why_service_text":"","template_catalog_visible":"","template_catalog_title":"","template_catalog_text":"","template_catalog_categories_visible":"","demo_title":"Erstellen Sie Ihr Telegram-Chat-Plugin","demo_caption":"Konfigurieren Sie Ihren Telegram-Chat und f\u00fcgen Sie ihn kostenlos zu Ihrer jQuery-Website hinzu!","default_faq_hidden":"","app_template_category":[],"platform":"258","template_public_id":"","codecanyon_url":"","codecanyon_item_id":"","codecanyon_price":"","pricing_caption":"","pricing_elfsight_apps_hide_column":"","pricing_elfsight_apps_url":"","pricing_codecanyon_price_caption":"","integration_category":[],"integration_request_title":"","integration_request_cta":"","integration_platform":"","integrations":[],"platform_category":[],"video_schema_markup":"","price":"ab 0 $ \/ Monat","trial":"","benefits":[{"text":"Kostenlose Installationsunterst\u00fctzung"},{"text":"Kompetenter Kundenservice"},{"text":"14-t\u00e4gige Geld-zur\u00fcck-Garantie"},{"text":"Regelm\u00e4\u00dfige kostenlose Verbesserungen"}],"button_url":"#demo","button_target_blank":"","button_nofollow":"","attributes":[{"name":"Installiert","content":"10,000 - 100,000"},{"name":"Reaktionsfreudig","content":"Ja"},{"name":"Kompatible Browser","content":"Firefox, Safari, Opera, Chrome, Edge"}],"tags":[],"tags_disable_links":"","hide_more_platforms":"","video_object":"","demo_hide_cta":"","demo_hide_cloud_options":"","pricing_title":"","pricing":[{"pricing_icon":"platform","pricing_title":"Elfsight Apps","pricing_title_caption":"Plattform\u00fcbergreifende Version, die f\u00fcr jede Website geeignet ist","pricing_price":"ab 0 $ \/ Monat","pricing_price_caption":"Beginnen Sie mit einem kostenlosen Plan","pricing_benefits":[{"text":"Unbegrenzte Domains"},{"text":"Kostenloser Support und gut dokumentiert"},{"text":"Kostenlose Installationshilfe"},{"text":"Flexibles Design"}],"pricing_button_text":"Zur Website hinzuf\u00fcgen","pricing_button_url":"#demo"}],"related_apps_title":"","related_apps_hidden":"","author":"","image":[],"title":"","job":"","social_networks":[]},"_links":{"self":[{"href":"https:\/\/elfsight.com\/de\/wp-json\/wp\/v2\/pages\/10521","targetHints":{"allow":["GET"]}}],"collection":[{"href":"https:\/\/elfsight.com\/de\/wp-json\/wp\/v2\/pages"}],"about":[{"href":"https:\/\/elfsight.com\/de\/wp-json\/wp\/v2\/types\/page"}],"author":[{"embeddable":true,"href":"https:\/\/elfsight.com\/de\/wp-json\/wp\/v2\/users\/9"}],"replies":[{"embeddable":true,"href":"https:\/\/elfsight.com\/de\/wp-json\/wp\/v2\/comments?post=10521"}],"version-history":[{"count":1,"href":"https:\/\/elfsight.com\/de\/wp-json\/wp\/v2\/pages\/10521\/revisions"}],"predecessor-version":[{"id":10525,"href":"https:\/\/elfsight.com\/de\/wp-json\/wp\/v2\/pages\/10521\/revisions\/10525"}],"up":[{"embeddable":true,"href":"https:\/\/elfsight.com\/de\/wp-json\/wp\/v2\/pages\/2430"}],"wp:attachment":[{"href":"https:\/\/elfsight.com\/de\/wp-json\/wp\/v2\/media?parent=10521"}],"curies":[{"name":"wp","href":"https:\/\/api.w.org\/{rel}","templated":true}]}}