{"id":10508,"date":"1970-01-01T00:00:00","date_gmt":"1970-01-01T00:00:00","guid":{"rendered":"https:\/\/elfsight.com\/de\/?page_id=10508"},"modified":"2025-07-10T08:32:09","modified_gmt":"2025-07-10T08:32:09","slug":"opencart","status":"publish","type":"page","link":"https:\/\/elfsight.com\/de\/telegram-chat-widget\/opencart\/","title":{"rendered":"Telegram Chat &#8211; OpenCart"},"content":{"rendered":"<div class=\"application-platform-content-item-description application-platform-content-item\" id=\"description\" data-nav-section=\"description\"><h2>Beschreibung<\/h2><p>Die von Elfsight erstellte Telegram-Erweiterung ist die einfachste M\u00f6glichkeit f\u00fcr Ihr Webseitenpublikum, mit Ihnen zu kommunizieren und Antworten zu erhalten auf ihre Fragen und W\u00fcnsche. Seien Sie f\u00fcr Ihre Besucher in einem der beliebtesten Messenger erreichbar, egal wo Sie sind. F\u00fcgen Sie den Telegram-Chat in den Shop ein und lassen Sie ihn auf ausgew\u00e4hlten Seiten oder f\u00fcr bestimmte Kundengruppen erscheinen, richten Sie Start-Chat-Ausl\u00f6ser ein, f\u00fcgen Sie Ihre eigene Begr\u00fc\u00dfungsnachricht ein, \u00e4ndern Sie Symbole und vieles mehr. Wenn der Telegram-Messenger auf der Website installiert ist, sind Sie f\u00fcr Ihre Zuschauer jederzeit und von jedem Ort aus erreichbar.<\/p><p><b>Dies ist eine der einfachsten M\u00f6glichkeiten f\u00fcr Menschen, Sie anzusprechen und ihre Probleme zu l\u00f6sen!<\/b><\/p><\/div><div class=\"application-platform-content-item-features application-platform-content-item\" id=\"features\" data-nav-section=\"features\"><h2>Funktionen<\/h2><p>\u00dcberpr\u00fcfen Sie alle funktionalen Merkmale von Telegram Chat. Sie k\u00f6nnen sie direkt im Editor festlegen und sie helfen Ihnen dabei, das Widget richtig f\u00fcr Ihre Bed\u00fcrfnisse zu konfigurieren.<\/p><ul><li>Integrieren Sie den Telegram-Messenger auf Ihrer Website, um mit Benutzern zu chatten<li>Drei Arten von Chat-Positionen: schwebende Blase, eingebettete Blase und eingebettetes Chat-Fenster;<\/li><li>Eine Sammlung von Blasensymbolen zur Auswahl;<\/li><li>Bearbeitbarer Blasentext;<\/li><li>Chat-Kopfzeile mit Seitenbild, Name und Bildunterschrift.<\/li><\/ul><p><a href=\"#demo\">\u00dcberpr\u00fcfen Sie alle anderen Funktionen in der Demo<\/a><\/p><\/div><div class=\"application-platform-content-item-installation  application-platform-content-item\" id=\"installation \" data-nav-section=\"installation \"><h2>Wie f\u00fcge ich die Telegram-Chat-Box zu OpenCart hinzu?<\/h2><p>Um ein Widget hinzuzuf\u00fcgen, folgen Sie einfach den untenstehenden Richtlinien.<\/p><ol><li><b>F\u00fchren Sie unseren kostenlosen Konfigurator aus und beginnen Sie Erstellen Sie Ihre personalisierte Telegram-Erweiterung. <\/b><br> Bestimmen Sie das bevorzugte Aussehen und die bevorzugten Funktionen der Erweiterung und nehmen Sie alle Korrekturen vor. <\/li> <li><b>Kopieren Sie Ihren einzigartigen Code, der im speziellen Formular auf Elfsight Apps angezeigt wird. <\/b><br> Wenn die Erstellung Ihrer pers\u00f6nlichen Erweiterung abgeschlossen ist, kopieren Sie Ihren Code aus dem angezeigten Fenster und bewahren Sie ihn f\u00fcr die zuk\u00fcnftige Verwendung auf. <\/li> <li><b>Initiieren Sie die Nutzung der Erweiterung auf Ihrer OpenCart-Website. <\/b><br> Integrieren Sie den zuvor gespeicherten Code in Ihre Website und \u00fcbernehmen Sie die \u00c4nderungen. <\/li> <li><b>Die Installation ist vollst\u00e4ndig beendet. <\/b><br> Besuchen Sie Ihre Webseite, um die Leistung der Erweiterung zu \u00fcberpr\u00fcfen. <\/li><\/ol><p>Nehmen Sie sich eine Minute Zeit, um den Kundendienst von Elfsight zu erreichen, wenn Sie Hilfe ben\u00f6tigen oder Fragen haben. Unsere Spezialisten helfen Ihnen gerne bei jeder Anfrage weiter.<\/p><div class=\"faq\" data-component=\"FAQ\"> <div class=\"faq-item\">\r\n\t\t\t\t\t<div class=\"faq-item-question\">\r\n\t\t\t\t\t\t<h3 class=\"faq-item-question-text\">Wie kann ich ohne Programmierkenntnisse Telegram-Chat zu meiner OpenCart-Website hinzuf\u00fcgen?<\/h3>\r\n\r\n\t\t\t\t\t\t<div class=\"faq-item-question-icon\"><\/div>\r\n\t\t\t\t\t<\/div>\r\n\r\n\t\t\t\t\t<div class=\"faq-item-answer\">\r\n\t\t\t\t\t\t<div class=\"faq-item-answer-text\"> <p>Elfsight bietet eine SaaS-L\u00f6sung, mit der Sie Erstellen Sie selbst ein Telegram-Chat-Widget und sehen Sie, wie einfach der Vorgang ist: Arbeiten Sie direkt im Online-Editor, um ein Telegram-Chat-Widget zu erstellen, das Sie gerne auf Ihrer OpenCart-Website sehen w\u00fcrden. W\u00e4hlen Sie eine der vorgefertigten Vorlagen aus und passen Sie die Telegram-Chat-Einstellungen an, f\u00fcgen Sie Ihre Inhalte hinzu, \u00e4ndern Sie das Layout und die Farben ohne Programmierkenntnisse. Speichern Sie den Telegram-Chat und kopieren Sie seinen Installationscode, den Sie problemlos in Ihre OpenCart-Website integrieren k\u00f6nnen, ohne einen kostenpflichtigen Plan zu kaufen. Mit unserem intuitiven Editor kann jeder Internetnutzer online ein Telegram-Chat-Widget erstellen und es einfach in seine OpenCart-Website einbetten. Sie m\u00fcssen weder bezahlen noch Ihre Kartendaten eingeben, um auf den Service zuzugreifen. Sollten bei irgendeinem Schritt Probleme auftreten, wenden Sie sich bitte an unser technisches Support-Team.<\/p> <\/div>\r\n\t\t\t\t\t<\/div>\r\n\t\t\t\t<\/div> <\/div> <\/div>","protected":false},"excerpt":{"rendered":"","protected":false},"author":9,"featured_media":0,"parent":2430,"menu_order":0,"comment_status":"closed","ping_status":"closed","template":"templates\/template-application-platform.php","meta":{"publish_to_discourse":"","publish_post_category":"","wpdc_auto_publish_overridden":"","wpdc_topic_tags":"","wpdc_pin_topic":"","wpdc_pin_until":"","discourse_post_id":"","discourse_permalink":"","wpdc_publishing_response":"","wpdc_publishing_error":"","footnotes":""},"class_list":["post-10508","page","type-page","status-publish","hentry"],"yoast_head":"<!-- This site is optimized with the Yoast SEO plugin v25.3.1 - https:\/\/yoast.com\/wordpress\/plugins\/seo\/ -->\n<title>Telegram-Chat-Box zur OpenCart-Website hinzuf\u00fcgen (kostenlos und schnell)<\/title>\n<meta name=\"description\" content=\"Erstellen Sie mit Elfsight Ihre Telegram-Chat-Box und f\u00fcgen Sie sie schnell auf der OpenCart-Website hinzu. Wir bieten kostenlosen Kundenservice und weitere Boni\" \/>\n<meta name=\"robots\" content=\"index, follow, max-snippet:-1, max-image-preview:large, max-video-preview:-1\" \/>\n<link rel=\"canonical\" href=\"https:\/\/elfsight.com\/de\/telegram-chat-widget\/opencart\/\" \/>\n<meta property=\"og:locale\" content=\"de_DE\" \/>\n<meta property=\"og:type\" content=\"article\" \/>\n<meta property=\"og:title\" content=\"Telegram-Chat-Box zur OpenCart-Website hinzuf\u00fcgen (kostenlos und schnell)\" \/>\n<meta property=\"og:description\" content=\"Erstellen Sie mit Elfsight Ihre Telegram-Chat-Box und f\u00fcgen Sie sie schnell auf der OpenCart-Website hinzu. Wir bieten kostenlosen Kundenservice und weitere Boni\" \/>\n<meta property=\"og:url\" content=\"https:\/\/elfsight.com\/de\/telegram-chat-widget\/opencart\/\" \/>\n<meta property=\"og:site_name\" content=\"Elfsight DE\" \/>\n<meta property=\"article:modified_time\" content=\"2025-07-10T08:32:09+00:00\" \/>\n<meta name=\"twitter:card\" content=\"summary_large_image\" \/>\n<meta name=\"twitter:label1\" content=\"Gesch\u00e4tzte Lesezeit\" \/>\n\t<meta name=\"twitter:data1\" content=\"3\u00a0Minuten\" \/>\n<!-- \/ Yoast SEO plugin. -->","yoast_head_json":{"title":"Telegram-Chat-Box zur OpenCart-Website hinzuf\u00fcgen (kostenlos und schnell)","description":"Erstellen Sie mit Elfsight Ihre Telegram-Chat-Box und f\u00fcgen Sie sie schnell auf der OpenCart-Website hinzu. Wir bieten kostenlosen Kundenservice und weitere Boni","robots":{"index":"index","follow":"follow","max-snippet":"max-snippet:-1","max-image-preview":"max-image-preview:large","max-video-preview":"max-video-preview:-1"},"canonical":"https:\/\/elfsight.com\/de\/telegram-chat-widget\/opencart\/","og_locale":"de_DE","og_type":"article","og_title":"Telegram-Chat-Box zur OpenCart-Website hinzuf\u00fcgen (kostenlos und schnell)","og_description":"Erstellen Sie mit Elfsight Ihre Telegram-Chat-Box und f\u00fcgen Sie sie schnell auf der OpenCart-Website hinzu. Wir bieten kostenlosen Kundenservice und weitere Boni","og_url":"https:\/\/elfsight.com\/de\/telegram-chat-widget\/opencart\/","og_site_name":"Elfsight DE","article_modified_time":"2025-07-10T08:32:09+00:00","twitter_card":"summary_large_image","twitter_misc":{"Gesch\u00e4tzte Lesezeit":"3\u00a0Minuten"},"schema":{"@context":"https:\/\/schema.org","@graph":[{"@type":"WebPage","@id":"https:\/\/elfsight.com\/de\/telegram-chat-widget\/opencart\/","url":"https:\/\/elfsight.com\/de\/telegram-chat-widget\/opencart\/","name":"Telegram-Chat-Box zur OpenCart-Website hinzuf\u00fcgen (kostenlos und schnell)","isPartOf":{"@id":"https:\/\/elfsight.com\/de\/#website"},"datePublished":"1970-01-01T00:00:00+00:00","dateModified":"2025-07-10T08:32:09+00:00","description":"Erstellen Sie mit Elfsight Ihre Telegram-Chat-Box und f\u00fcgen Sie sie schnell auf der OpenCart-Website hinzu. Wir bieten kostenlosen Kundenservice und weitere Boni","breadcrumb":{"@id":"https:\/\/elfsight.com\/de\/telegram-chat-widget\/opencart\/#breadcrumb"},"inLanguage":"de","potentialAction":[{"@type":"ReadAction","target":["https:\/\/elfsight.com\/de\/telegram-chat-widget\/opencart\/"]}]},{"@type":"BreadcrumbList","@id":"https:\/\/elfsight.com\/de\/telegram-chat-widget\/opencart\/#breadcrumb","itemListElement":[{"@type":"ListItem","position":1,"name":"Home","item":"https:\/\/elfsight.com\/de\/"},{"@type":"ListItem","position":2,"name":"Telegram Chat","item":"https:\/\/elfsight.com\/de\/telegram-chat-widget\/"},{"@type":"ListItem","position":3,"name":"Telegram Chat &#8211; OpenCart"}]},{"@type":"WebSite","@id":"https:\/\/elfsight.com\/de\/#website","url":"https:\/\/elfsight.com\/de\/","name":"Elfsight DE","description":"Just another Elfsight Sites site","potentialAction":[{"@type":"SearchAction","target":{"@type":"EntryPoint","urlTemplate":"https:\/\/elfsight.com\/de\/?s={search_term_string}"},"query-input":{"@type":"PropertyValueSpecification","valueRequired":true,"valueName":"search_term_string"}}],"inLanguage":"de"}]}},"meta_box":{"industry":"","seo_heading":"","heading":"","description":"","cta_heading":"","cta_description":"","application":"497","h1":"OpenCart-Telegramm-Chat","h1_caption":"Erm\u00f6glichen Sie Benutzern, direkt von Ihrer Website aus per Telegramm mit Ihnen zu chatten, und bieten Sie so m\u00fchelos einen weiteren schnellen und bequemen Supportkanal zu Ihrer Opencart-Website.","application_category":[],"applications_title":"","applications_request_title":"","applications_request_button_text":"","hero_text":"","hero_video":"","hero_video_schema_markup":"","selling_points_title":"","selling_points_caption":"","selling_points":[],"selling_points_cta_text":"","features_title":"","features":"","ed_cta_examples_text":"","ed_cta_examples_hidden":"","ed_cta_demo_text":"","ed_cta_demo_hidden":"","why_caption":"","why_editor_title":"","why_editor_text":"","why_team_title":"","why_team_text":"","why_service_title":"","why_service_text":"","template_catalog_visible":"","template_catalog_title":"","template_catalog_text":"","template_catalog_categories_visible":"","demo_title":"Erstellen Sie Ihre Telegram-Chat-Erweiterung","demo_caption":"Konfigurieren Sie Ihren Telegram-Chat und f\u00fcgen Sie ihn kostenlos zu Ihrer OpenCart-Website hinzu!","default_faq_hidden":"","app_template_category":[],"platform":"254","template_public_id":"","codecanyon_url":"","codecanyon_item_id":"","codecanyon_price":"","pricing_caption":"","pricing_elfsight_apps_hide_column":"","pricing_elfsight_apps_url":"","pricing_codecanyon_price_caption":"","integration_category":[],"integration_request_title":"","integration_request_cta":"","integration_platform":"","integrations":[],"platform_category":[],"video_schema_markup":"","price":"ab 0 $ \/ Monat","trial":"","benefits":[{"text":"Kostenloser Installationsservice"},{"text":"Premium-Support"},{"text":"14-t\u00e4gige R\u00fcckerstattungsgarantie"},{"text":"Regelm\u00e4\u00dfige Verbesserungen"}],"button_url":"#demo","button_target_blank":"","button_nofollow":"","attributes":[{"name":"Installiert","content":"10,000 - 100,000"},{"name":"Reaktionsfreudig","content":"Ja"},{"name":"Kompatible Browser","content":"Opera, Chrome, Edge, Firefox, Safari"}],"tags":[],"tags_disable_links":"","hide_more_platforms":"","video_object":"","demo_hide_cta":"","demo_hide_cloud_options":"","pricing_title":"","pricing":[{"pricing_icon":"platform","pricing_title":"Elfsight Apps","pricing_title_caption":"Plattformunabh\u00e4ngige Software, die zu jeder Website passt","pricing_price":"ab 0 $ \/ Monat","pricing_price_caption":"Beginnen Sie mit einem kostenlosen Plan","pricing_benefits":[{"text":"Unbegrenzte Domains"},{"text":"Kostenloser Kundensupport"},{"text":"Kostenloser Installationssupport"},{"text":"Vollst\u00e4ndig anpassbar"}],"pricing_button_text":"Zur Website hinzuf\u00fcgen","pricing_button_url":"#demo"}],"related_apps_title":"","related_apps_hidden":"","author":"","image":[],"title":"","job":"","social_networks":[]},"_links":{"self":[{"href":"https:\/\/elfsight.com\/de\/wp-json\/wp\/v2\/pages\/10508","targetHints":{"allow":["GET"]}}],"collection":[{"href":"https:\/\/elfsight.com\/de\/wp-json\/wp\/v2\/pages"}],"about":[{"href":"https:\/\/elfsight.com\/de\/wp-json\/wp\/v2\/types\/page"}],"author":[{"embeddable":true,"href":"https:\/\/elfsight.com\/de\/wp-json\/wp\/v2\/users\/9"}],"replies":[{"embeddable":true,"href":"https:\/\/elfsight.com\/de\/wp-json\/wp\/v2\/comments?post=10508"}],"version-history":[{"count":1,"href":"https:\/\/elfsight.com\/de\/wp-json\/wp\/v2\/pages\/10508\/revisions"}],"predecessor-version":[{"id":10512,"href":"https:\/\/elfsight.com\/de\/wp-json\/wp\/v2\/pages\/10508\/revisions\/10512"}],"up":[{"embeddable":true,"href":"https:\/\/elfsight.com\/de\/wp-json\/wp\/v2\/pages\/2430"}],"wp:attachment":[{"href":"https:\/\/elfsight.com\/de\/wp-json\/wp\/v2\/media?parent=10508"}],"curies":[{"name":"wp","href":"https:\/\/api.w.org\/{rel}","templated":true}]}}