{"id":10506,"date":"1970-01-01T00:00:00","date_gmt":"1970-01-01T00:00:00","guid":{"rendered":"https:\/\/elfsight.com\/de\/?page_id=10506"},"modified":"2025-02-19T10:24:46","modified_gmt":"2025-02-19T10:24:46","slug":"squarespace","status":"publish","type":"page","link":"https:\/\/elfsight.com\/de\/telegram-chat-widget\/squarespace\/","title":{"rendered":"Telegram Chat &#8211; Squarespace"},"content":{"rendered":"\n<div class=\"application-platform-content-item-description application-platform-content-item\" id=\"description\" data-nav-section=\"description\"><h2>Telegram-Chat auf Squarespace mit dem Elfsight-Widget einbetten<\/h2><p>Das von Elfsight erstellte Telegram-Plugin ist eine nahtlose M\u00f6glichkeit f\u00fcr Ihre Webseite Zuschauer k\u00f6nnen sich mit Ihnen in Verbindung setzen und ihre Fragen beantworten lassen. Seien Sie im beliebten Messenger jederzeit online f\u00fcr Ihre Nutzer erreichbar. Integrieren Sie den Telegram-Chat im Shop und lassen Sie ihn auf bestimmten Seiten oder f\u00fcr bestimmte Besuchergruppen erscheinen, legen Sie Start-Chat-Trigger fest, f\u00fcgen Sie Ihre pers\u00f6nliche Willkommensnachricht ein, richten Sie Symbole aus und vieles mehr. Mit dem Telegram-Messenger auf der Website bleiben Sie f\u00fcr Ihre Benutzer jederzeit und von \u00fcberall auf dem Laufenden.<\/p><p><b>Dies ist eine der einfachsten M\u00f6glichkeiten f\u00fcr Menschen, Sie anzusprechen und ihre Fragen zu kl\u00e4ren!<\/b><\/p><\/div><div class=\"application-platform-content-item-features application-platform-content-item\" id=\"features\" data-nav-section=\"features\"><h2>Hauptfunktionen des Telegram-Chat-Widgets<\/h2><p>Sehen Sie sich alle Funktionsmerkmale von Telegram Chat an. Sie k\u00f6nnen sie direkt im Editor anpassen und sie helfen Ihnen dabei, das f\u00fcr Ihren Fall am besten geeignete Widget zu konfigurieren.<\/p><ul><li>F\u00fcgen Sie den Telegram-Messenger auf Ihrer Website hinzu, um mit Benutzern zu chatten<\/li><li>3 Varianten der Chat-Position: schwebende Blase, eingebettete Blase und eingebettetes Chat-Fenster;<\/li><li>Eine Bibliothek mit Blasensymbolen zur Auswahl;<\/li><li>Bearbeitbarer Blasentext;<\/li><li>Flexibler Chat-Header mit Seitenbild, Name und Bildunterschrift.<\/li><\/ul><p><a href=\"#demo\">Testen Sie alle anderen Funktionen in der Demo<\/a><\/p><\/div><div class=\"application-platform-content-item-installation application-platform-content-item\" id=\"installation\" data-nav-section=\"installation\"><h2>Wie kann ich die Telegram-Chatbox auf meiner Squarespace-Website einbetten?<\/h2><div class=\"video-container\"><iframe width=\"560\" height=\"315\" src=\"https:\/\/www.youtube.com\/embed\/FD5XigigTMo?si=ozXZimCrcjDYVo-k\" frameborder=\"0\" allow=\"accelerometer; autoplay; clipboard-write; encrypted-media; gyroscope; picture-in-picture; web-share\" allowfullscreen><\/iframe><\/div><p>F\u00fchren Sie diese kurzen Schritte aus, um ein Plugin hinzuzuf\u00fcgen.<\/p><ol><li><b>Erstellen Sie Ihr ma\u00dfgeschneidertes Telegram-Widget<\/b><br>Richten Sie in unserem kostenlosen Editor ein Plugin mit einem bevorzugten Layout und einer bevorzugten Funktionalit\u00e4t ein.<\/li><li><b>Erhalten Sie den pers\u00f6nlichen Code, um das Widget anzuzeigen.<\/b><br>Nachdem Sie Ihr Widget angepasst haben, erhalten Sie den individuellen Code aus der erscheinenden Benachrichtigung auf Elfsight Apps. Kopieren Sie es.<\/li><li><b>Ver\u00f6ffentlichen Sie das Widget auf Ihrer Squarespace-Website<\/b><br>Gehen Sie zu der Stelle, an der Sie das Plugin einbetten m\u00f6chten, und f\u00fcgen Sie dort den gespeicherten Code ein. Speichern Sie die \u00c4nderungen.<\/li><li><b>Die Einrichtung ist abgeschlossen.<\/b><br>Gehen Sie in Ihren Shop, um sich Ihre Arbeit anzusehen.<\/li><\/ol><p>Machen Sie einen Nehmen Sie sich eine Minute Zeit, um sich an unseren Kundensupport zu wenden, falls Sie Rat ben\u00f6tigen oder Probleme haben. Wir helfen Ihnen gerne bei jeder Anfrage weiter.<\/p><div class=\"faq\" data-component=\"FAQ\"> <div class=\"faq-item\">\r\n\t\t\t\t\t<div class=\"faq-item-question\">\r\n\t\t\t\t\t\t<h3 class=\"faq-item-question-text\">Wie f\u00fcge ich Telegram-Chat ohne Programmierkenntnisse zu meiner Squarespace-Website hinzu?<\/h3>\r\n\r\n\t\t\t\t\t\t<div class=\"faq-item-question-icon\"><\/div>\r\n\t\t\t\t\t<\/div>\r\n\r\n\t\t\t\t\t<div class=\"faq-item-answer\">\r\n\t\t\t\t\t\t<div class=\"faq-item-answer-text\"> <p>Elfsight bietet eine SaaS-L\u00f6sung, mit der Sie einen erstellen k\u00f6nnen Erstellen Sie selbst ein Telegram-Chat-Widget und sehen Sie, wie einfach der Vorgang ist: Arbeiten Sie direkt im Online-Editor, um ein Telegram-Chat-Widget zu erstellen, das Sie gerne auf Ihrer Squarespace-Website sehen w\u00fcrden. W\u00e4hlen Sie eine der vorgefertigten Vorlagen aus und passen Sie die Telegram-Chat-Einstellungen an, f\u00fcgen Sie Ihre Inhalte hinzu, \u00e4ndern Sie das Layout und die Farben ohne Programmierkenntnisse. Speichern Sie den Telegram-Chat und kopieren Sie seinen Installationscode, den Sie ganz einfach in Ihre Squarespace-Website einbinden k\u00f6nnen, ohne eine kostenpflichtige Version zu kaufen. Mit unserem intuitiven Editor kann jeder Internetnutzer online ein Telegram-Chat-Widget erstellen und es einfach in seine Squarespace-Website einbetten. Sie m\u00fcssen weder bezahlen noch Ihre Kartendaten eingeben, um auf den Service zuzugreifen. Sollten bei irgendeinem Schritt Probleme auftreten, wenden Sie sich bitte an unser technisches Support-Team.<\/p> <\/div>\r\n\t\t\t\t\t<\/div>\r\n\t\t\t\t<\/div> <\/div> <\/div>\n","protected":false},"excerpt":{"rendered":"","protected":false},"author":9,"featured_media":0,"parent":2430,"menu_order":0,"comment_status":"closed","ping_status":"closed","template":"templates\/template-application-platform.php","meta":{"publish_to_discourse":"","publish_post_category":"","wpdc_auto_publish_overridden":"","wpdc_topic_tags":"","wpdc_pin_topic":"","wpdc_pin_until":"","discourse_post_id":"","discourse_permalink":"","wpdc_publishing_response":"","wpdc_publishing_error":"","footnotes":""},"class_list":["post-10506","page","type-page","status-publish","hentry"],"yoast_head":"<!-- This site is optimized with the Yoast SEO plugin v25.3.1 - https:\/\/yoast.com\/wordpress\/plugins\/seo\/ -->\n<title>Telegram-Chat-Box zur Squarespace-Website hinzuf\u00fcgen (kostenlos und schnell)<\/title>\n<meta name=\"description\" content=\"Erstellen Sie mit Elfsight Ihre Telegram-Chat-Box und platzieren Sie sie schnell und einfach auf der Squarespace-Website. Wir bieten kostenlosen Kundenservice und weitere Boni.\" \/>\n<meta name=\"robots\" content=\"index, follow, max-snippet:-1, max-image-preview:large, max-video-preview:-1\" \/>\n<link rel=\"canonical\" href=\"https:\/\/elfsight.com\/de\/telegram-chat-widget\/squarespace\/\" \/>\n<meta property=\"og:locale\" content=\"de_DE\" \/>\n<meta property=\"og:type\" content=\"article\" \/>\n<meta property=\"og:title\" content=\"Telegram-Chat-Box zur Squarespace-Website hinzuf\u00fcgen (kostenlos und schnell)\" \/>\n<meta property=\"og:description\" content=\"Erstellen Sie mit Elfsight Ihre Telegram-Chat-Box und platzieren Sie sie schnell und einfach auf der Squarespace-Website. Wir bieten kostenlosen Kundenservice und weitere Boni.\" \/>\n<meta property=\"og:url\" content=\"https:\/\/elfsight.com\/de\/telegram-chat-widget\/squarespace\/\" \/>\n<meta property=\"og:site_name\" content=\"Elfsight DE\" \/>\n<meta property=\"article:modified_time\" content=\"2025-02-19T10:24:46+00:00\" \/>\n<meta name=\"twitter:card\" content=\"summary_large_image\" \/>\n<meta name=\"twitter:label1\" content=\"Gesch\u00e4tzte Lesezeit\" \/>\n\t<meta name=\"twitter:data1\" content=\"3\u00a0Minuten\" \/>\n<!-- \/ Yoast SEO plugin. -->","yoast_head_json":{"title":"Telegram-Chat-Box zur Squarespace-Website hinzuf\u00fcgen (kostenlos und schnell)","description":"Erstellen Sie mit Elfsight Ihre Telegram-Chat-Box und platzieren Sie sie schnell und einfach auf der Squarespace-Website. Wir bieten kostenlosen Kundenservice und weitere Boni.","robots":{"index":"index","follow":"follow","max-snippet":"max-snippet:-1","max-image-preview":"max-image-preview:large","max-video-preview":"max-video-preview:-1"},"canonical":"https:\/\/elfsight.com\/de\/telegram-chat-widget\/squarespace\/","og_locale":"de_DE","og_type":"article","og_title":"Telegram-Chat-Box zur Squarespace-Website hinzuf\u00fcgen (kostenlos und schnell)","og_description":"Erstellen Sie mit Elfsight Ihre Telegram-Chat-Box und platzieren Sie sie schnell und einfach auf der Squarespace-Website. Wir bieten kostenlosen Kundenservice und weitere Boni.","og_url":"https:\/\/elfsight.com\/de\/telegram-chat-widget\/squarespace\/","og_site_name":"Elfsight DE","article_modified_time":"2025-02-19T10:24:46+00:00","twitter_card":"summary_large_image","twitter_misc":{"Gesch\u00e4tzte Lesezeit":"3\u00a0Minuten"},"schema":{"@context":"https:\/\/schema.org","@graph":[{"@type":"WebPage","@id":"https:\/\/elfsight.com\/de\/telegram-chat-widget\/squarespace\/","url":"https:\/\/elfsight.com\/de\/telegram-chat-widget\/squarespace\/","name":"Telegram-Chat-Box zur Squarespace-Website hinzuf\u00fcgen (kostenlos und schnell)","isPartOf":{"@id":"https:\/\/elfsight.com\/de\/#website"},"datePublished":"1970-01-01T00:00:00+00:00","dateModified":"2025-02-19T10:24:46+00:00","description":"Erstellen Sie mit Elfsight Ihre Telegram-Chat-Box und platzieren Sie sie schnell und einfach auf der Squarespace-Website. Wir bieten kostenlosen Kundenservice und weitere Boni.","breadcrumb":{"@id":"https:\/\/elfsight.com\/de\/telegram-chat-widget\/squarespace\/#breadcrumb"},"inLanguage":"de","potentialAction":[{"@type":"ReadAction","target":["https:\/\/elfsight.com\/de\/telegram-chat-widget\/squarespace\/"]}]},{"@type":"BreadcrumbList","@id":"https:\/\/elfsight.com\/de\/telegram-chat-widget\/squarespace\/#breadcrumb","itemListElement":[{"@type":"ListItem","position":1,"name":"Home","item":"https:\/\/elfsight.com\/de\/"},{"@type":"ListItem","position":2,"name":"Telegram Chat","item":"https:\/\/elfsight.com\/de\/telegram-chat-widget\/"},{"@type":"ListItem","position":3,"name":"Telegram Chat &#8211; Squarespace"}]},{"@type":"WebSite","@id":"https:\/\/elfsight.com\/de\/#website","url":"https:\/\/elfsight.com\/de\/","name":"Elfsight DE","description":"Just another Elfsight Sites site","potentialAction":[{"@type":"SearchAction","target":{"@type":"EntryPoint","urlTemplate":"https:\/\/elfsight.com\/de\/?s={search_term_string}"},"query-input":{"@type":"PropertyValueSpecification","valueRequired":true,"valueName":"search_term_string"}}],"inLanguage":"de"}]}},"meta_box":{"industry":"","seo_heading":"","heading":"","description":"","cta_heading":"","cta_description":"","application":"497","h1":"Squarespace Telegram-Chat","h1_caption":"Erm\u00f6glichen Sie Benutzern, direkt von Ihrer Website aus per Telegramm mit Ihnen zu chatten, und bieten Sie so m\u00fchelos einen weiteren schnellen und bequemen Supportkanal zu Ihrer Squarespace-Website.","application_category":[],"applications_title":"","applications_request_title":"","applications_request_button_text":"","hero_text":"","hero_video":"","hero_video_schema_markup":"","selling_points_title":"","selling_points_caption":"","selling_points":[],"selling_points_cta_text":"","features_title":"","features":"","ed_cta_examples_text":"","ed_cta_examples_hidden":"","ed_cta_demo_text":"","ed_cta_demo_hidden":"","why_caption":"","why_editor_title":"","why_editor_text":"","why_team_title":"","why_team_text":"","why_service_title":"","why_service_text":"","template_catalog_visible":"0","template_catalog_title":"","template_catalog_text":"","template_catalog_categories_visible":"","demo_title":"Erstellen Sie Ihr Telegram-Chat-Plugin","demo_caption":"Konfigurieren Sie Ihren Telegram-Chat und f\u00fcgen Sie ihn kostenlos zu Ihrer Squarespace-Website hinzu!","default_faq_hidden":"","app_template_category":[],"platform":"252","template_public_id":"","codecanyon_url":"","codecanyon_item_id":"","codecanyon_price":"","pricing_caption":"","pricing_elfsight_apps_hide_column":"","pricing_elfsight_apps_url":"","pricing_codecanyon_price_caption":"","integration_category":[],"integration_request_title":"","integration_request_cta":"","integration_platform":"","integrations":[],"platform_category":[],"video_schema_markup":"","price":"ab 0 $ \/ Monat","trial":"","benefits":[{"text":"Kostenloser Installationsservice"},{"text":"Kompetenter Kundenservice"},{"text":"14-t\u00e4gige Geld-zur\u00fcck-Garantie"},{"text":"Zuk\u00fcnftige Updates"}],"button_url":"#demo","button_target_blank":"0","button_nofollow":"0","attributes":[{"name":"Installiert","content":"10,000 - 100,000"},{"name":"Reaktionsfreudig","content":"Ja"},{"name":"Kompatible Browser","content":"Firefox, Safari, Opera, Chrome, Edge"}],"tags":[],"tags_disable_links":"0","hide_more_platforms":"0","video_object":"","demo_hide_cta":"0","demo_hide_cloud_options":"0","pricing_title":"","pricing":[{"pricing_icon":"platform","pricing_title":"Elfsight Apps","pricing_title_caption":"Plattformunabh\u00e4ngige digitale L\u00f6sung, die auf jeder Website funktioniert","pricing_price":"ab 0 $ \/ Monat","pricing_price_caption":"Beginnen Sie mit einem kostenlosen Plan","pricing_benefits":[{"text":"Unbegrenzte Websites"},{"text":"Kostenloser Unternehmenssupport und gut dokumentiert"},{"text":"Kostenlose Installationsunterst\u00fctzung"},{"text":"100 % anpassbar"}],"pricing_button_text":"Zur Website hinzuf\u00fcgen","pricing_button_url":"#demo"}],"related_apps_title":"","related_apps_hidden":"0","author":"","image":[],"title":"","job":"","social_networks":[]},"_links":{"self":[{"href":"https:\/\/elfsight.com\/de\/wp-json\/wp\/v2\/pages\/10506","targetHints":{"allow":["GET"]}}],"collection":[{"href":"https:\/\/elfsight.com\/de\/wp-json\/wp\/v2\/pages"}],"about":[{"href":"https:\/\/elfsight.com\/de\/wp-json\/wp\/v2\/types\/page"}],"author":[{"embeddable":true,"href":"https:\/\/elfsight.com\/de\/wp-json\/wp\/v2\/users\/9"}],"replies":[{"embeddable":true,"href":"https:\/\/elfsight.com\/de\/wp-json\/wp\/v2\/comments?post=10506"}],"version-history":[{"count":3,"href":"https:\/\/elfsight.com\/de\/wp-json\/wp\/v2\/pages\/10506\/revisions"}],"predecessor-version":[{"id":24422,"href":"https:\/\/elfsight.com\/de\/wp-json\/wp\/v2\/pages\/10506\/revisions\/24422"}],"up":[{"embeddable":true,"href":"https:\/\/elfsight.com\/de\/wp-json\/wp\/v2\/pages\/2430"}],"wp:attachment":[{"href":"https:\/\/elfsight.com\/de\/wp-json\/wp\/v2\/media?parent=10506"}],"curies":[{"name":"wp","href":"https:\/\/api.w.org\/{rel}","templated":true}]}}