{"id":10476,"date":"1970-01-01T00:00:00","date_gmt":"1970-01-01T00:00:00","guid":{"rendered":"https:\/\/elfsight.com\/de\/?page_id=10476"},"modified":"2025-02-24T17:42:56","modified_gmt":"2025-02-24T17:42:56","slug":"bigcommerce","status":"publish","type":"page","link":"https:\/\/elfsight.com\/de\/team-showcase-widget\/bigcommerce\/","title":{"rendered":"Team Showcase &#8211; BigCommerce"},"content":{"rendered":"\n<div class=\"application-platform-content-item-description application-platform-content-item\" id=\"description\" data-nav-section=\"description\"> <h2>Beschreibung<\/h2> <p>Elfsight Team Showcase ist die auff\u00e4lligste M\u00f6glichkeit, Ihre Crewmitglieder auf Ihrer Website zu pr\u00e4sentieren. Das Widget hilft dabei, die Fotos und Hintergr\u00fcnde jeder Art von Team bekannt zu geben: Gesch\u00e4ftspartner, Sportlerclub, Professorenpersonal, Firmenstruktur und mehr. Laden Sie ein Foto hoch, f\u00fcgen Sie Kontaktinformationen und einen detaillierten Text zu jeder Person hinzu. Besucher haben dank aktiver Links oder sozialer Symbole die M\u00f6glichkeit, nahtlos mit ihnen in Kontakt zu treten. Es steht Ihnen frei, Kategorien zu erstellen und das Format Ihres Unternehmens darzustellen, ein Layout, Farben und andere Merkmale auszuw\u00e4hlen. Steigern Sie die Glaubw\u00fcrdigkeit Ihres Unternehmens, indem Sie sein menschliches Gesicht zeigen!<\/p><div class=\"faq\" data-component=\"FAQ\"> <div class=\"faq-item\">\r\n\t\t\t\t\t<div class=\"faq-item-question\">\r\n\t\t\t\t\t\t<h3 class=\"faq-item-question-text\">Wo kann ich dieses Plugin anzeigen?<\/h3>\r\n\r\n\t\t\t\t\t\t<div class=\"faq-item-question-icon\"><\/div>\r\n\t\t\t\t\t<\/div>\r\n\r\n\t\t\t\t\t<div class=\"faq-item-answer\">\r\n\t\t\t\t\t\t<div class=\"faq-item-answer-text\"> <p>F\u00fcgen Sie Ihr Team-Portfolio auf jeder einzelnen Seite Ihrer Website hinzu, wo Sie halte es f\u00fcr geeignet. Das Widget kann als eines der Elemente des Inhaltsbereichs verwendet werden oder Sie m\u00f6chten es so einstellen, dass es die gesamte Seite ausf\u00fcllt. Auf diese Weise k\u00f6nnen Sie Ihre \u201e\u00dcber uns\u201c-Seite mit nur einem Widget erstellen.<\/p><\/div>\r\n\t\t\t\t\t<\/div>\r\n\t\t\t\t<\/div> <div class=\"faq-item\">\r\n\t\t\t\t\t<div class=\"faq-item-question\">\r\n\t\t\t\t\t\t<h3 class=\"faq-item-question-text\">Wie w\u00fcrde ich davon profitieren?<\/h3>\r\n\r\n\t\t\t\t\t\t<div class=\"faq-item-question-icon\"><\/div>\r\n\t\t\t\t\t<\/div>\r\n\r\n\t\t\t\t\t<div class=\"faq-item-answer\">\r\n\t\t\t\t\t\t<div class=\"faq-item-answer-text\"> <p>Zeigt die tats\u00e4chlichen Personen, die daran beteiligt sind Das Unternehmen erh\u00f6ht seine Transparenz und erh\u00f6ht die wahrgenommene Vertrauensw\u00fcrdigkeit. Dies gibt den Benutzern die Gewissheit, dass Ihr Unternehmen ein zuverl\u00e4ssiger Partner ist und m\u00f6glicherweise zu mehr Leads und neuen Kunden f\u00fchrt. Dar\u00fcber hinaus ist es einfacher, Ihre Teammitglieder anzusprechen, da die Kontaktinformationen f\u00fcr jede Person hinzugef\u00fcgt werden. <\/p><\/div>\r\n\t\t\t\t\t<\/div>\r\n\t\t\t\t<\/div> <div class=\"faq-item\">\r\n\t\t\t\t\t<div class=\"faq-item-question\">\r\n\t\t\t\t\t\t<h3 class=\"faq-item-question-text\">Was brauche ich, um Team Showcase auf meiner BigCommerce-Site zu haben?<\/h3>\r\n\r\n\t\t\t\t\t\t<div class=\"faq-item-question-icon\"><\/div>\r\n\t\t\t\t\t<\/div>\r\n\r\n\t\t\t\t\t<div class=\"faq-item-answer\">\r\n\t\t\t\t\t\t<div class=\"faq-item-answer-text\"> <p>Es dauert nur zwei Minuten, bis das Widget betriebsbereit ist. Die Installation ist wirklich schnell, kostenlos und erfordert keine Programmierung. <\/p> <p>Das Widget kann \u00fcber unseren Service oder auf dem Marktplatz eingebettet werden. Sie k\u00f6nnen mehr \u00fcber diese Varianten lesen und entscheiden, welche Ihnen zusteht. <\/p> <\/div>\r\n\t\t\t\t\t<\/div>\r\n\t\t\t\t<\/div> <\/div> <\/div> <div class=\"application-platform-content-item-features application-platform-content-item\" id=\"features\" data-nav-section=\"features\"> <h2>Funktionen<\/h2> <p>Um ein klares Verst\u00e4ndnis daf\u00fcr zu entwickeln, wie Team Showcase funktioniert, lesen Sie die Liste seiner Hauptfunktionen. Sie machen unser Widget f\u00fcr Ihr Unternehmen unglaublich effektiv: <\/p> <ul><li>Aktive Symbole f\u00fcr soziale Medien und Links zur Website und E-Mail-Adresse; <\/li><li>Standortadresse einer Person, die beim Klicken auf Google Maps angezeigt wird; <\/li><li>Popup enth\u00fcllt mehr Biografie \u00fcber eine Person; <\/li><li>2 Optionen zum Anzeigen von Gruppen: in einer Gesamtliste oder mit Men\u00fc; <\/li><li>4 Layoutvarianten zur Auswahl: Raster, Karten, Galerie oder Liste. <\/li><\/ul><p><a href=\"#demo\">Alle Funktionen in der Live-Demo kennenlernen<\/a><\/p> <\/div> <div class=\"application-platform-content-item-installation application-platform-content-item\" id=\"installation\" data-nav-section=\"installation\"> <h2>Suchen Erfahren Sie, wie Sie das Team Showcase-Widget in Ihre BigCommerce-Website einbetten<\/h2><div class=\"video-container\"><iframe width=\"560\" height=\"315\" src=\"https:\/\/www.youtube.com\/embed\/XwSoURpeOqw?si=EagMU5qyNjlpGVAx\" frameborder=\"0\" allow=\"accelerometer; autoplay; clipboard-write; encrypted-media; gyroscope; picture-in-picture; web-share\" allowfullscreen><\/iframe><\/div> <p>F\u00fchren Sie einfach die unten beschriebenen Schritte aus, um die App in BigCommerce einzubetten.<\/p> <ol><li><b>\u00d6ffnen Sie unseren kostenlosen Konfigurator und beginnen Sie mit der Erstellung Ihres individuellen Widgets. <\/b><br> W\u00e4hlen Sie das bevorzugte Layout und die Optionen der App und \u00fcbernehmen Sie die \u00c4nderungen. <\/li> <li><b>Kopieren Sie Ihren individuellen Code, der im Fenster von Elfsight Apps angezeigt wird. <\/b><br> Sobald die Einrichtung Ihres pers\u00f6nlichen Team Showcase-Widgets abgeschlossen ist, kopieren Sie den exklusiven Code aus der angezeigten Box und speichern Sie ihn f\u00fcr die weitere Verwendung. <\/li> <li><b>Beginnen Sie mit der Nutzung der App auf Ihrer BigCommerce-Website. <\/b><br> Geben Sie den k\u00fcrzlich kopierten Code auf Ihrer Website ein und \u00fcbernehmen Sie die Anpassungen. <\/li> <li><b>Du bist fertig! Die Einbettung wurde erfolgreich durchgef\u00fchrt. <\/b><br> Besuchen Sie Ihre Website, um die Funktionsweise des Widgets zu beobachten. <\/li><\/ol><p>Zweifeln Sie immer noch an etwas? Oder haben Sie Fragen? Mit nur einer einzigen Anfrage an unseren Kundensupport k\u00f6nnen alle Fragen gekl\u00e4rt werden. <\/p> <\/div>\n","protected":false},"excerpt":{"rendered":"","protected":false},"author":9,"featured_media":0,"parent":1952,"menu_order":0,"comment_status":"closed","ping_status":"closed","template":"templates\/template-application-platform.php","meta":{"publish_to_discourse":"","publish_post_category":"","wpdc_auto_publish_overridden":"","wpdc_topic_tags":"","wpdc_pin_topic":"","wpdc_pin_until":"","discourse_post_id":"","discourse_permalink":"","wpdc_publishing_response":"","wpdc_publishing_error":"","footnotes":""},"class_list":["post-10476","page","type-page","status-publish","hentry"],"yoast_head":"<!-- This site is optimized with the Yoast SEO plugin v25.3.1 - https:\/\/yoast.com\/wordpress\/plugins\/seo\/ -->\n<title>Team Showcase-App zur BigCommerce-Website hinzuf\u00fcgen (2025)<\/title>\n<meta name=\"description\" content=\"Es ist ganz einfach, Ihre Team Showcase-App zu erstellen und auf der BigCommerce-Website zu platzieren. Der Elfsight-Kundendienst ist kostenlos.\" \/>\n<meta name=\"robots\" content=\"index, follow, max-snippet:-1, max-image-preview:large, max-video-preview:-1\" \/>\n<link rel=\"canonical\" href=\"https:\/\/elfsight.com\/de\/team-showcase-widget\/bigcommerce\/\" \/>\n<meta property=\"og:locale\" content=\"de_DE\" \/>\n<meta property=\"og:type\" content=\"article\" \/>\n<meta property=\"og:title\" content=\"Team Showcase-App zur BigCommerce-Website hinzuf\u00fcgen (2025)\" \/>\n<meta property=\"og:description\" content=\"Es ist ganz einfach, Ihre Team Showcase-App zu erstellen und auf der BigCommerce-Website zu platzieren. Der Elfsight-Kundendienst ist kostenlos.\" \/>\n<meta property=\"og:url\" content=\"https:\/\/elfsight.com\/de\/team-showcase-widget\/bigcommerce\/\" \/>\n<meta property=\"og:site_name\" content=\"Elfsight DE\" \/>\n<meta property=\"article:modified_time\" content=\"2025-02-24T17:42:56+00:00\" \/>\n<meta name=\"twitter:card\" content=\"summary_large_image\" \/>\n<meta name=\"twitter:label1\" content=\"Gesch\u00e4tzte Lesezeit\" \/>\n\t<meta name=\"twitter:data1\" content=\"3\u00a0Minuten\" \/>\n<!-- \/ Yoast SEO plugin. -->","yoast_head_json":{"title":"Team Showcase-App zur BigCommerce-Website hinzuf\u00fcgen (2025)","description":"Es ist ganz einfach, Ihre Team Showcase-App zu erstellen und auf der BigCommerce-Website zu platzieren. Der Elfsight-Kundendienst ist kostenlos.","robots":{"index":"index","follow":"follow","max-snippet":"max-snippet:-1","max-image-preview":"max-image-preview:large","max-video-preview":"max-video-preview:-1"},"canonical":"https:\/\/elfsight.com\/de\/team-showcase-widget\/bigcommerce\/","og_locale":"de_DE","og_type":"article","og_title":"Team Showcase-App zur BigCommerce-Website hinzuf\u00fcgen (2025)","og_description":"Es ist ganz einfach, Ihre Team Showcase-App zu erstellen und auf der BigCommerce-Website zu platzieren. Der Elfsight-Kundendienst ist kostenlos.","og_url":"https:\/\/elfsight.com\/de\/team-showcase-widget\/bigcommerce\/","og_site_name":"Elfsight DE","article_modified_time":"2025-02-24T17:42:56+00:00","twitter_card":"summary_large_image","twitter_misc":{"Gesch\u00e4tzte Lesezeit":"3\u00a0Minuten"},"schema":{"@context":"https:\/\/schema.org","@graph":[{"@type":"WebPage","@id":"https:\/\/elfsight.com\/de\/team-showcase-widget\/bigcommerce\/","url":"https:\/\/elfsight.com\/de\/team-showcase-widget\/bigcommerce\/","name":"Team Showcase-App zur BigCommerce-Website hinzuf\u00fcgen (2025)","isPartOf":{"@id":"https:\/\/elfsight.com\/de\/#website"},"datePublished":"1970-01-01T00:00:00+00:00","dateModified":"2025-02-24T17:42:56+00:00","description":"Es ist ganz einfach, Ihre Team Showcase-App zu erstellen und auf der BigCommerce-Website zu platzieren. Der Elfsight-Kundendienst ist kostenlos.","breadcrumb":{"@id":"https:\/\/elfsight.com\/de\/team-showcase-widget\/bigcommerce\/#breadcrumb"},"inLanguage":"de","potentialAction":[{"@type":"ReadAction","target":["https:\/\/elfsight.com\/de\/team-showcase-widget\/bigcommerce\/"]}]},{"@type":"BreadcrumbList","@id":"https:\/\/elfsight.com\/de\/team-showcase-widget\/bigcommerce\/#breadcrumb","itemListElement":[{"@type":"ListItem","position":1,"name":"Home","item":"https:\/\/elfsight.com\/de\/"},{"@type":"ListItem","position":2,"name":"Team Showcase","item":"https:\/\/elfsight.com\/de\/team-showcase-widget\/"},{"@type":"ListItem","position":3,"name":"Team Showcase &#8211; BigCommerce"}]},{"@type":"WebSite","@id":"https:\/\/elfsight.com\/de\/#website","url":"https:\/\/elfsight.com\/de\/","name":"Elfsight DE","description":"Just another Elfsight Sites site","potentialAction":[{"@type":"SearchAction","target":{"@type":"EntryPoint","urlTemplate":"https:\/\/elfsight.com\/de\/?s={search_term_string}"},"query-input":{"@type":"PropertyValueSpecification","valueRequired":true,"valueName":"search_term_string"}}],"inLanguage":"de"}]}},"meta_box":{"industry":"","seo_heading":"","heading":"","description":"","cta_heading":"","cta_description":"","application":"481","h1":"BigCommerce Team Showcase-App","h1_caption":"Stellen Sie Ihre Teammitglieder auf professionelle und optisch ansprechende Weise vor und bauen Sie m\u00fchelos Vertrauen und Verbindung zu Ihrem Publikum auf Ihrer BigCommerce-Website auf.","application_category":[],"applications_title":"","applications_request_title":"","applications_request_button_text":"","hero_text":"","hero_video":"","hero_video_schema_markup":"","selling_points_title":"","selling_points_caption":"","selling_points":[],"selling_points_cta_text":"","features_title":"","features":"","ed_cta_examples_text":"","ed_cta_examples_hidden":"","ed_cta_demo_text":"","ed_cta_demo_hidden":"","why_caption":"","why_editor_title":"","why_editor_text":"","why_team_title":"","why_team_text":"","why_service_title":"","why_service_text":"","template_catalog_visible":"0","template_catalog_title":"","template_catalog_text":"","template_catalog_categories_visible":"","demo_title":"Erstellen Sie Ihre Team Showcase-App","demo_caption":"Konfigurieren Sie Ihr Team Showcase und f\u00fcgen Sie es kostenlos Ihrer BigCommerce-Website hinzu!","default_faq_hidden":"","app_template_category":[],"platform":"268","template_public_id":"","codecanyon_url":"","codecanyon_item_id":"","codecanyon_price":"","pricing_caption":"","pricing_elfsight_apps_hide_column":"","pricing_elfsight_apps_url":"","pricing_codecanyon_price_caption":"","integration_category":[],"integration_request_title":"","integration_request_cta":"","integration_platform":"","integrations":[],"platform_category":[],"video_schema_markup":"","price":"ab 0 $ \/ Monat","trial":"","benefits":[{"text":"Kostenloser Installationsservice"},{"text":"Au\u00dfergew\u00f6hnlicher Support"},{"text":"14-t\u00e4gige R\u00fcckerstattungsgarantie"},{"text":"St\u00e4ndige Aktualisierung"}],"button_url":"#demo","button_target_blank":"0","button_nofollow":"0","attributes":[{"name":"Installiert","content":"10,000 - 100,000"},{"name":"Reaktionsfreudig","content":"Ja"},{"name":"Kompatible Browser","content":"Firefox, Safari, Opera, Chrome, Edge"}],"tags":[],"tags_disable_links":"0","hide_more_platforms":"0","video_object":"","demo_hide_cta":"0","demo_hide_cloud_options":"0","pricing_title":"","pricing":[{"pricing_icon":"platform","pricing_title":"Elfsight Apps","pricing_title_caption":"Multiplattform-Software","pricing_price":"ab 0 $ \/ Monat","pricing_price_caption":"Beginnen Sie mit einem kostenlosen Plan","pricing_benefits":[{"text":"Unbegrenzte Domains"},{"text":"Schneller Kundensupport"},{"text":"Kostenlose Installationshilfe"},{"text":"Flexibles Design"}],"pricing_button_text":"Zur Website hinzuf\u00fcgen","pricing_button_url":"#demo"}],"related_apps_title":"","related_apps_hidden":"0","author":"","image":[],"title":"","job":"","social_networks":[]},"_links":{"self":[{"href":"https:\/\/elfsight.com\/de\/wp-json\/wp\/v2\/pages\/10476","targetHints":{"allow":["GET"]}}],"collection":[{"href":"https:\/\/elfsight.com\/de\/wp-json\/wp\/v2\/pages"}],"about":[{"href":"https:\/\/elfsight.com\/de\/wp-json\/wp\/v2\/types\/page"}],"author":[{"embeddable":true,"href":"https:\/\/elfsight.com\/de\/wp-json\/wp\/v2\/users\/9"}],"replies":[{"embeddable":true,"href":"https:\/\/elfsight.com\/de\/wp-json\/wp\/v2\/comments?post=10476"}],"version-history":[{"count":3,"href":"https:\/\/elfsight.com\/de\/wp-json\/wp\/v2\/pages\/10476\/revisions"}],"predecessor-version":[{"id":24861,"href":"https:\/\/elfsight.com\/de\/wp-json\/wp\/v2\/pages\/10476\/revisions\/24861"}],"up":[{"embeddable":true,"href":"https:\/\/elfsight.com\/de\/wp-json\/wp\/v2\/pages\/1952"}],"wp:attachment":[{"href":"https:\/\/elfsight.com\/de\/wp-json\/wp\/v2\/media?parent=10476"}],"curies":[{"name":"wp","href":"https:\/\/api.w.org\/{rel}","templated":true}]}}