{"id":10474,"date":"1970-01-01T00:00:00","date_gmt":"1970-01-01T00:00:00","guid":{"rendered":"https:\/\/elfsight.com\/de\/?page_id=10474"},"modified":"2025-02-24T17:44:31","modified_gmt":"2025-02-24T17:44:31","slug":"blogger","status":"publish","type":"page","link":"https:\/\/elfsight.com\/de\/team-showcase-widget\/blogger\/","title":{"rendered":"Team Showcase &#8211; Blogger"},"content":{"rendered":"\n<div class=\"application-platform-content-item-description application-platform-content-item\" id=\"description\" data-nav-section=\"description\"> <h2>Beschreibung<\/h2> <p>Elfsight Team Showcase ist das bequemste Tool, um Ihre Teammitglieder auf der Website anzuzeigen. Unser Widget hilft dabei, Fotos und Hintergr\u00fcnde jeder Art von Team bereitzustellen: Gesch\u00e4ftspartner, Sportmannschaftsmitglieder, akademisches Personal, Firmenangestellte und andere. Ein Bild vorf\u00fchren; Ver\u00f6ffentlichen Sie Kontaktdaten und einen aussagekr\u00e4ftigen Text zu jedem Teammitglied. Website-Besucher haben die M\u00f6glichkeit, sie mithilfe aktiver Links und Social-Media-Symbole mit einem Klick zu erreichen. Es steht Ihnen frei, Kategorien festzulegen und die in Ihrem Unternehmen vertretenen Abteilungen darzustellen, ein Layout, Farben und andere Merkmale zu w\u00e4hlen. St\u00e4rken Sie die Vertrauensw\u00fcrdigkeit Ihres Unternehmens, indem Sie sein menschliches Image zeigen! <\/p><div class=\"faq\" data-component=\"FAQ\"> <div class=\"faq-item\">\r\n\t\t\t\t\t<div class=\"faq-item-question\">\r\n\t\t\t\t\t\t<h3 class=\"faq-item-question-text\">Wo kann ich das Widget einbetten<\/h3>\r\n\r\n\t\t\t\t\t\t<div class=\"faq-item-question-icon\"><\/div>\r\n\t\t\t\t\t<\/div>\r\n\r\n\t\t\t\t\t<div class=\"faq-item-answer\">\r\n\t\t\t\t\t\t<div class=\"faq-item-answer-text\"> <p>F\u00fcgen Sie Ihre Teampr\u00e4sentation auf einer beliebigen Seite der Website ein, wo sie Ihrer Meinung nach passt. Dies kann ein Teil der Inhaltszone oder eine ganze Seite sein. Beispielsweise k\u00f6nnen Sie Ihre Seite \u201e\u00dcber uns\u201c mithilfe eines einzigen Widgets zusammenstellen. <\/p><\/div>\r\n\t\t\t\t\t<\/div>\r\n\t\t\t\t<\/div> <div class=\"faq-item\">\r\n\t\t\t\t\t<div class=\"faq-item-question\">\r\n\t\t\t\t\t\t<h3 class=\"faq-item-question-text\">Wie profitiere ich von diesem Plugin? <\/h3>\r\n\r\n\t\t\t\t\t\t<div class=\"faq-item-question-icon\"><\/div>\r\n\t\t\t\t\t<\/div>\r\n\r\n\t\t\t\t\t<div class=\"faq-item-answer\">\r\n\t\t\t\t\t\t<div class=\"faq-item-answer-text\"> <p>Das Zeigen der echten Menschen, die hinter Ihrem Unternehmen stehen, erh\u00f6ht die Transparenz und steigert die wahrgenommene Vertrauensw\u00fcrdigkeit des Unternehmens Unternehmen. Dies gibt den Leuten die Gewissheit, dass Sie ein solider Partner sind, und kann zu mehr Leads und neuen Kunden f\u00fchren. Dar\u00fcber hinaus k\u00f6nnen Ihre Teammitglieder dank der Kontaktdaten, die Sie f\u00fcr jede Person hinzuf\u00fcgen, schneller Kontakt aufnehmen. <\/p><\/div>\r\n\t\t\t\t\t<\/div>\r\n\t\t\t\t<\/div> <div class=\"faq-item\">\r\n\t\t\t\t\t<div class=\"faq-item-question\">\r\n\t\t\t\t\t\t<h3 class=\"faq-item-question-text\">Wie bette ich Team Showcase auf meiner Blogger-Website ein? <\/h3>\r\n\r\n\t\t\t\t\t\t<div class=\"faq-item-question-icon\"><\/div>\r\n\t\t\t\t\t<\/div>\r\n\r\n\t\t\t\t\t<div class=\"faq-item-answer\">\r\n\t\t\t\t\t\t<div class=\"faq-item-answer-text\"> <p>Das Einbetten des Widgets dauert nur eine Minute. Es ist sehr schnell, kostenlos und ohne Programmierung. <\/p> <p>Sie k\u00f6nnen das Widget \u00fcber unseren Service in Ihre Website einf\u00fcgen. F\u00fchren Sie einfach eine kurze Anleitung unten auf dieser Seite aus. <\/p> <\/div>\r\n\t\t\t\t\t<\/div>\r\n\t\t\t\t<\/div> <\/div> <\/div> <div class=\"application-platform-content-item-features application-platform-content-item\" id=\"features\" data-nav-section=\"features\"> <h2>Funktionen<\/h2> <p>Um eine klarere Vorstellung von Team Showcase zu erhalten, sehen Sie sich die Liste der wesentlichen Elemente an welche Funktionen es ausf\u00fchrt. Sie machen unser Widget f\u00fcr Sie maximal effektiv: <\/p> <ul><li>Aktive Symbole sozialer Medien und Links zur Website und E-Mail-Adresse; <\/li><li>Der Standort einer Person wird auf Google Maps angezeigt, wenn darauf geklickt wird. <\/li><li>Popup zeigt mehr Biografie einer Person; <\/li><li>Zwei Optionen zum Anzeigen von Gruppen: in einer Gesamtliste oder gefiltert nach Men\u00fc; <\/li><li>4 Layoutoptionen: Raster, Karten, Galerie oder Liste. <\/li><\/ul><p><a href=\"#demo\">Erfahren Sie eine vollst\u00e4ndige Liste der Funktionen in unserer Live-Demo<\/a><\/p> <\/div> <div class=\"application-platform-content-item-installation  application-platform-content-item\" id=\"installation \" data-nav-section=\"installation \"> <h2>Sehen Sie, wie Sie das Team-Widget auf Ihrer Blogger-Site platzieren. Es ist unglaublich einfach. <\/h2> <div class=\"video-container\"><iframe width=\"560\" height=\"315\" src=\"https:\/\/www.youtube.com\/embed\/k1KEwnSc-DI?si=SMGbKgcFCyvW0Dd5\" frameborder=\"0\" allow=\"accelerometer; autoplay; clipboard-write; encrypted-media; gyroscope; picture-in-picture; web-share\" allowfullscreen><\/iframe><\/div><p> Ein paar einfache Schritte sind das Einzige, was Sie tun m\u00fcssen. <\/p> <ol><li><b>Entwerfen Sie Ihr ma\u00dfgeschneidertes Team Showcase-Plugin<\/b><br> Verwalten Sie die Optionen unseres kostenlosen Editors und richten Sie ein Plugin ein. W\u00e4hlen Sie Design und funktionale Merkmale. <\/li><li><b>Erhalten Sie den individuellen Code zur Installation des Plugins<\/b><br> Nachdem Sie Ihr Widget eingerichtet haben, erhalten Sie Ihren pers\u00f6nlichen Code aus dem erscheinenden Fenster auf Elfsight Apps. Kopieren Sie den Code f\u00fcr die zuk\u00fcnftige Verwendung. <\/li> <li><b>Ver\u00f6ffentlichen Sie das Plugin auf Ihrer Blogger-Website<\/b><br> W\u00e4hlen Sie den Ort aus, an dem Sie das Plugin integrieren m\u00f6chten, und f\u00fcgen Sie den kopierten Code dort ein. Speichern Sie die Ergebnisse. <\/li> <li><b>Die Einrichtung ist abgeschlossen<\/b><br> Gehen Sie zur Webseite, um Ihr Team anzuzeigen. <\/li> <\/ol><p>Haben Sie immer noch etwas, das Sie unsicher macht? Oder haben Sie Fragen? Mit nur einer einzigen Anfrage an unseren Kundendienst l\u00e4sst sich jedes Problem l\u00f6sen. <\/p> <\/div>\n","protected":false},"excerpt":{"rendered":"","protected":false},"author":9,"featured_media":0,"parent":1952,"menu_order":0,"comment_status":"closed","ping_status":"closed","template":"templates\/template-application-platform.php","meta":{"publish_to_discourse":"","publish_post_category":"","wpdc_auto_publish_overridden":"","wpdc_topic_tags":"","wpdc_pin_topic":"","wpdc_pin_until":"","discourse_post_id":"","discourse_permalink":"","wpdc_publishing_response":"","wpdc_publishing_error":"","footnotes":""},"class_list":["post-10474","page","type-page","status-publish","hentry"],"yoast_head":"<!-- This site is optimized with the Yoast SEO plugin v25.3.1 - https:\/\/yoast.com\/wordpress\/plugins\/seo\/ -->\n<title>Team Showcase-Widget zur Blogger-Website hinzuf\u00fcgen (schnell und kostenlos)<\/title>\n<meta name=\"description\" content=\"Es ist ein Kinderspiel, Ihr Team Showcase-Widget zu erstellen und es auf der Blogger-Webseite zu platzieren. Der Kundendienst von Elfsight ist schnell und kostenlos.\" \/>\n<meta name=\"robots\" content=\"index, follow, max-snippet:-1, max-image-preview:large, max-video-preview:-1\" \/>\n<link rel=\"canonical\" href=\"https:\/\/elfsight.com\/de\/team-showcase-widget\/blogger\/\" \/>\n<meta property=\"og:locale\" content=\"de_DE\" \/>\n<meta property=\"og:type\" content=\"article\" \/>\n<meta property=\"og:title\" content=\"Team Showcase-Widget zur Blogger-Website hinzuf\u00fcgen (schnell und kostenlos)\" \/>\n<meta property=\"og:description\" content=\"Es ist ein Kinderspiel, Ihr Team Showcase-Widget zu erstellen und es auf der Blogger-Webseite zu platzieren. Der Kundendienst von Elfsight ist schnell und kostenlos.\" \/>\n<meta property=\"og:url\" content=\"https:\/\/elfsight.com\/de\/team-showcase-widget\/blogger\/\" \/>\n<meta property=\"og:site_name\" content=\"Elfsight DE\" \/>\n<meta property=\"article:modified_time\" content=\"2025-02-24T17:44:31+00:00\" \/>\n<meta name=\"twitter:card\" content=\"summary_large_image\" \/>\n<meta name=\"twitter:label1\" content=\"Gesch\u00e4tzte Lesezeit\" \/>\n\t<meta name=\"twitter:data1\" content=\"3\u00a0Minuten\" \/>\n<!-- \/ Yoast SEO plugin. -->","yoast_head_json":{"title":"Team Showcase-Widget zur Blogger-Website hinzuf\u00fcgen (schnell und kostenlos)","description":"Es ist ein Kinderspiel, Ihr Team Showcase-Widget zu erstellen und es auf der Blogger-Webseite zu platzieren. Der Kundendienst von Elfsight ist schnell und kostenlos.","robots":{"index":"index","follow":"follow","max-snippet":"max-snippet:-1","max-image-preview":"max-image-preview:large","max-video-preview":"max-video-preview:-1"},"canonical":"https:\/\/elfsight.com\/de\/team-showcase-widget\/blogger\/","og_locale":"de_DE","og_type":"article","og_title":"Team Showcase-Widget zur Blogger-Website hinzuf\u00fcgen (schnell und kostenlos)","og_description":"Es ist ein Kinderspiel, Ihr Team Showcase-Widget zu erstellen und es auf der Blogger-Webseite zu platzieren. Der Kundendienst von Elfsight ist schnell und kostenlos.","og_url":"https:\/\/elfsight.com\/de\/team-showcase-widget\/blogger\/","og_site_name":"Elfsight DE","article_modified_time":"2025-02-24T17:44:31+00:00","twitter_card":"summary_large_image","twitter_misc":{"Gesch\u00e4tzte Lesezeit":"3\u00a0Minuten"},"schema":{"@context":"https:\/\/schema.org","@graph":[{"@type":"WebPage","@id":"https:\/\/elfsight.com\/de\/team-showcase-widget\/blogger\/","url":"https:\/\/elfsight.com\/de\/team-showcase-widget\/blogger\/","name":"Team Showcase-Widget zur Blogger-Website hinzuf\u00fcgen (schnell und kostenlos)","isPartOf":{"@id":"https:\/\/elfsight.com\/de\/#website"},"datePublished":"1970-01-01T00:00:00+00:00","dateModified":"2025-02-24T17:44:31+00:00","description":"Es ist ein Kinderspiel, Ihr Team Showcase-Widget zu erstellen und es auf der Blogger-Webseite zu platzieren. Der Kundendienst von Elfsight ist schnell und kostenlos.","breadcrumb":{"@id":"https:\/\/elfsight.com\/de\/team-showcase-widget\/blogger\/#breadcrumb"},"inLanguage":"de","potentialAction":[{"@type":"ReadAction","target":["https:\/\/elfsight.com\/de\/team-showcase-widget\/blogger\/"]}]},{"@type":"BreadcrumbList","@id":"https:\/\/elfsight.com\/de\/team-showcase-widget\/blogger\/#breadcrumb","itemListElement":[{"@type":"ListItem","position":1,"name":"Home","item":"https:\/\/elfsight.com\/de\/"},{"@type":"ListItem","position":2,"name":"Team Showcase","item":"https:\/\/elfsight.com\/de\/team-showcase-widget\/"},{"@type":"ListItem","position":3,"name":"Team Showcase &#8211; Blogger"}]},{"@type":"WebSite","@id":"https:\/\/elfsight.com\/de\/#website","url":"https:\/\/elfsight.com\/de\/","name":"Elfsight DE","description":"Just another Elfsight Sites site","potentialAction":[{"@type":"SearchAction","target":{"@type":"EntryPoint","urlTemplate":"https:\/\/elfsight.com\/de\/?s={search_term_string}"},"query-input":{"@type":"PropertyValueSpecification","valueRequired":true,"valueName":"search_term_string"}}],"inLanguage":"de"}]}},"meta_box":{"industry":"","seo_heading":"","heading":"","description":"","cta_heading":"","cta_description":"","application":"481","h1":"Blogger-Team-Showcase-Widget","h1_caption":"Stellen Sie Ihre Teammitglieder auf professionelle und optisch ansprechende Weise vor und bauen Sie m\u00fchelos Vertrauen und Verbindung zu Ihrem Publikum auf Ihrer Blogger-Website auf.","application_category":[],"applications_title":"","applications_request_title":"","applications_request_button_text":"","hero_text":"","hero_video":"","hero_video_schema_markup":"","selling_points_title":"","selling_points_caption":"","selling_points":[],"selling_points_cta_text":"","features_title":"","features":"","ed_cta_examples_text":"","ed_cta_examples_hidden":"","ed_cta_demo_text":"","ed_cta_demo_hidden":"","why_caption":"","why_editor_title":"","why_editor_text":"","why_team_title":"","why_team_text":"","why_service_title":"","why_service_text":"","template_catalog_visible":"0","template_catalog_title":"","template_catalog_text":"","template_catalog_categories_visible":"","demo_title":"Erstellen Sie Ihr Team Showcase-Widget","demo_caption":"Konfigurieren Sie Ihr Team Showcase und f\u00fcgen Sie es kostenlos Ihrer Blogger-Website hinzu!","default_faq_hidden":"","app_template_category":[],"platform":"262","template_public_id":"","codecanyon_url":"","codecanyon_item_id":"","codecanyon_price":"","pricing_caption":"","pricing_elfsight_apps_hide_column":"","pricing_elfsight_apps_url":"","pricing_codecanyon_price_caption":"","integration_category":[],"integration_request_title":"","integration_request_cta":"","integration_platform":"","integrations":[],"platform_category":[],"video_schema_markup":"","price":"ab 0 $ \/ Monat","trial":"","benefits":[{"text":"Kostenloser Installationsservice"},{"text":"Kompetenter Kundenservice"},{"text":"14-t\u00e4gige Geld-zur\u00fcck-Garantie"},{"text":"Regelm\u00e4\u00dfige Updates"}],"button_url":"#demo","button_target_blank":"0","button_nofollow":"0","attributes":[{"name":"Installiert","content":"10,000 - 100,000"},{"name":"Reaktionsfreudig","content":"Ja"},{"name":"Kompatible Browser","content":"Firefox, Safari, Opera, Chrome, Edge"}],"tags":[],"tags_disable_links":"0","hide_more_platforms":"0","video_object":"","demo_hide_cta":"0","demo_hide_cloud_options":"0","pricing_title":"","pricing":[{"pricing_icon":"platform","pricing_title":"Elfsight Apps","pricing_title_caption":"Multiplattform-Software, die auf jeder Website funktioniert","pricing_price":"ab 0 $ \/ Monat","pricing_price_caption":"Beginnen Sie mit einem kostenlosen Plan","pricing_benefits":[{"text":"Unbegrenzte Domains"},{"text":"Erstklassiger und p\u00fcnktlicher Support und gut dokumentiert"},{"text":"Kostenlose Installationshilfe"},{"text":"100 % anpassbar"}],"pricing_button_text":"Zur Website hinzuf\u00fcgen","pricing_button_url":"#demo"}],"related_apps_title":"","related_apps_hidden":"0","author":"","image":[],"title":"","job":"","social_networks":[]},"_links":{"self":[{"href":"https:\/\/elfsight.com\/de\/wp-json\/wp\/v2\/pages\/10474","targetHints":{"allow":["GET"]}}],"collection":[{"href":"https:\/\/elfsight.com\/de\/wp-json\/wp\/v2\/pages"}],"about":[{"href":"https:\/\/elfsight.com\/de\/wp-json\/wp\/v2\/types\/page"}],"author":[{"embeddable":true,"href":"https:\/\/elfsight.com\/de\/wp-json\/wp\/v2\/users\/9"}],"replies":[{"embeddable":true,"href":"https:\/\/elfsight.com\/de\/wp-json\/wp\/v2\/comments?post=10474"}],"version-history":[{"count":3,"href":"https:\/\/elfsight.com\/de\/wp-json\/wp\/v2\/pages\/10474\/revisions"}],"predecessor-version":[{"id":24862,"href":"https:\/\/elfsight.com\/de\/wp-json\/wp\/v2\/pages\/10474\/revisions\/24862"}],"up":[{"embeddable":true,"href":"https:\/\/elfsight.com\/de\/wp-json\/wp\/v2\/pages\/1952"}],"wp:attachment":[{"href":"https:\/\/elfsight.com\/de\/wp-json\/wp\/v2\/media?parent=10474"}],"curies":[{"name":"wp","href":"https:\/\/api.w.org\/{rel}","templated":true}]}}