{"id":10465,"date":"1970-01-01T00:00:00","date_gmt":"1970-01-01T00:00:00","guid":{"rendered":"https:\/\/elfsight.com\/de\/?page_id=10465"},"modified":"2025-02-24T17:57:22","modified_gmt":"2025-02-24T17:57:22","slug":"html","status":"publish","type":"page","link":"https:\/\/elfsight.com\/de\/team-showcase-widget\/html\/","title":{"rendered":"Team Showcase &#8211; HTML"},"content":{"rendered":"\n<div class=\"application-platform-content-item-description application-platform-content-item\" id=\"description\" data-nav-section=\"description\"> <h2>Beschreibung<\/h2> <p>Elfsight Team Showcase wird Ihr bestes Tool, um Ihr Team auf Ihrer Website vorzustellen. Unser Widget hilft dabei, Fotos und Hintergr\u00fcnde jeder Art von Team bereitzustellen: Gesch\u00e4ftskollegen, Sportvereinsmitglieder, Professoren, Firmenangestellte und alle anderen. Zeigen Sie ein Foto, f\u00fcgen Sie Kontaktdaten und einen individuellen Text zu jeder Person hinzu. Website-Besucher haben die M\u00f6glichkeit, \u00fcber Links oder Social-Media-Symbole sofort mit ihnen in Kontakt zu treten. Sie k\u00f6nnen Gruppen erstellen und das Format Ihres Unternehmens anzeigen, ein Layout, Farben und weitere Optionen ausw\u00e4hlen. St\u00e4rken Sie die Glaubw\u00fcrdigkeit Ihres Unternehmens, indem Sie sein menschliches Image zeigen! <\/p><div class=\"faq\" data-component=\"FAQ\"> <div class=\"faq-item\">\r\n\t\t\t\t\t<div class=\"faq-item-question\">\r\n\t\t\t\t\t\t<h3 class=\"faq-item-question-text\">Wo kann ich Team Showcase anzeigen?<\/h3>\r\n\r\n\t\t\t\t\t\t<div class=\"faq-item-question-icon\"><\/div>\r\n\t\t\t\t\t<\/div>\r\n\r\n\t\t\t\t\t<div class=\"faq-item-answer\">\r\n\t\t\t\t\t\t<div class=\"faq-item-answer-text\"> <p>Sie k\u00f6nnen das Widget zu jeder Seite Ihrer Website hinzuf\u00fcgen, wo Sie es ben\u00f6tigen. Es kann zu einem der Elemente der Inhaltszone werden oder eine ganze Seite ausf\u00fcllen. Auf diese Weise k\u00f6nnen Sie Ihre \u201e\u00dcber uns\u201c-Seite mithilfe des Widgets organisieren. <\/p><\/div>\r\n\t\t\t\t\t<\/div>\r\n\t\t\t\t<\/div> <div class=\"faq-item\">\r\n\t\t\t\t\t<div class=\"faq-item-question\">\r\n\t\t\t\t\t\t<h3 class=\"faq-item-question-text\">Wie profitiere ich von Team Showcase? <\/h3>\r\n\r\n\t\t\t\t\t\t<div class=\"faq-item-question-icon\"><\/div>\r\n\t\t\t\t\t<\/div>\r\n\r\n\t\t\t\t\t<div class=\"faq-item-answer\">\r\n\t\t\t\t\t\t<div class=\"faq-item-answer-text\"> <p>Die Vorstellung der echten Menschen, die im Unternehmen t\u00e4tig sind, erh\u00f6ht Ihre Transparenz und verbessert die wahrgenommene Vertrauensw\u00fcrdigkeit Ihres Unternehmens. Es \u00fcberzeugt Ihre Benutzer, dass Sie ein solider Partner sind und zu mehr Leads und neuen Kunden f\u00fchren kann. Dar\u00fcber hinaus kann Ihr Team \u00fcber die f\u00fcr jedes Mitglied angezeigten Details schneller kontaktiert werden. <\/p><\/div>\r\n\t\t\t\t\t<\/div>\r\n\t\t\t\t<\/div> <div class=\"faq-item\">\r\n\t\t\t\t\t<div class=\"faq-item-question\">\r\n\t\t\t\t\t\t<h3 class=\"faq-item-question-text\">Was brauche ich, um Team Showcase auf meiner HTML-Website zu erhalten? <\/h3>\r\n\r\n\t\t\t\t\t\t<div class=\"faq-item-question-icon\"><\/div>\r\n\t\t\t\t\t<\/div>\r\n\r\n\t\t\t\t\t<div class=\"faq-item-answer\">\r\n\t\t\t\t\t\t<div class=\"faq-item-answer-text\"> <p>Nur ein paar Minuten Ihrer Zeit. Das Hinzuf\u00fcgen des Widgets zu Ihrer Website ist wirklich schnell, kostenlos und erfordert keine Programmierung.<\/p> <ol> <li>Sie k\u00f6nnen Team Showcase direkt \u00fcber unseren Service in Ihre Website einbetten. Nutzen Sie einfach die Anleitung weiter unten auf dieser Seite. <\/li> <li>Elfsight Team Showcase kann \u00fcber unseren Service oder \u00fcber den Marktplatz auf Ihrer Website eingef\u00fchrt werden. Hier k\u00f6nnen Sie diese Optionen vergleichen und entscheiden, welche besser geeignet ist. <\/li> <\/ol> <\/div>\r\n\t\t\t\t\t<\/div>\r\n\t\t\t\t<\/div> <\/div> <\/div> <div class=\"application-platform-content-item-features application-platform-content-item\" id=\"features\" data-nav-section=\"features\"> <h2>Funktionen<\/h2> <p>Um ein vollst\u00e4ndiges Verst\u00e4ndnis des Widgets zu erlangen, Hier ist die Liste der wesentlichen Funktionen. Sie machen dieses Widget f\u00fcr Sie maximal effektiv: <\/p> <ul><li>Anklickbare Symbole f\u00fcr soziale Medien und Links zur Website und E-Mail-Adresse; <\/li><li> Standortadresse, die beim Klicken auf Google Maps angezeigt wird; <\/li><li>Popup zeigt alle Informationen eines Teammitglieds; <\/li><li>Zwei Optionen zum Organisieren von Kategorien: als allgemeine Liste oder gefiltert nach Men\u00fc; <\/li><li>Vier Layoutvarianten zur Auswahl: Raster, Karten, Galerie oder Liste. <\/li><\/ul><p>Entdecken Sie eine vollst\u00e4ndige Liste der Funktionen in der Demo <\/p> <\/div> <div class=\"application-platform-content-item-installation application-platform-content-item\" id=\"installation\" data-nav-section=\"installation\"> <h2>Erfahren Sie, wie Sie das Team Showcase-Widget in Ihren HTML-Code einbetten Seite. <\/h2> <div class=\"video-container\"><iframe width=\"560\" height=\"315\" src=\"https:\/\/www.youtube.com\/embed\/LXy-c7dsmkc?si=FbvVLS-WQNdG1g6J\" frameborder=\"0\" allow=\"accelerometer; autoplay; clipboard-write; encrypted-media; gyroscope; picture-in-picture; web-share\" allowfullscreen><\/iframe><\/div><p>F\u00fchren Sie die folgenden Schritte aus, um Ihr Widget zu erhalten. <\/p> <ol><li><b>Erstellen Sie Ihr individuelles Team Showcase-Plugin<\/b><br> Erstellen Sie mithilfe unserer kostenlosen Demo ein Plugin und w\u00e4hlen Sie Layout- und Funktionsoptionen aus. <\/li><li><b>Kopieren Sie den individuellen Code, um das Plugin zu integrieren<\/b><br> Nachdem Sie Ihr Widget konfiguriert haben, erhalten Sie Ihren Installationscode aus dem erscheinenden Fenster auf Elfsight Apps. Kopieren Sie den Code f\u00fcr die zuk\u00fcnftige Verwendung. <\/li> <li><b>Integrieren Sie das Plugin in Ihre HTML-Site<\/b><br> Suchen Sie den Bereich, in dem Sie das Plugin platzieren m\u00f6chten, und f\u00fcgen Sie dort den gespeicherten Code hinzu. Speichern Sie die Ergebnisse. <\/li> <li><b>Die Einbettung ist erfolgreich! <\/b><br> Betreten Sie Ihren Shop, um einen Blick auf Ihr Plugin zu werfen. <\/li> <\/ol><p>Immer noch nicht sicher? Oder Probleme haben? Richten Sie einfach eine Anfrage an unser Support-Team, um jedes Problem zu l\u00f6sen. <\/p> <\/div>\n","protected":false},"excerpt":{"rendered":"","protected":false},"author":9,"featured_media":0,"parent":1952,"menu_order":0,"comment_status":"closed","ping_status":"closed","template":"templates\/template-application-platform.php","meta":{"publish_to_discourse":"","publish_post_category":"","wpdc_auto_publish_overridden":"","wpdc_topic_tags":"","wpdc_pin_topic":"","wpdc_pin_until":"","discourse_post_id":"","discourse_permalink":"","wpdc_publishing_response":"","wpdc_publishing_error":"","footnotes":""},"class_list":["post-10465","page","type-page","status-publish","hentry"],"yoast_head":"<!-- This site is optimized with the Yoast SEO plugin v25.3.1 - https:\/\/yoast.com\/wordpress\/plugins\/seo\/ -->\n<title>Team Showcase-Widget zur HTML-Website hinzuf\u00fcgen (einfach und kostenlos)<\/title>\n<meta name=\"description\" content=\"Hier haben Sie die M\u00f6glichkeit, ein effizientes Team Showcase-Widget zu erstellen und es in Ihre HTML-Website zu integrieren. Erhalten Sie kostenlosen Kundenservice und andere Boni von Elfsight.\" \/>\n<meta name=\"robots\" content=\"index, follow, max-snippet:-1, max-image-preview:large, max-video-preview:-1\" \/>\n<link rel=\"canonical\" href=\"https:\/\/elfsight.com\/de\/team-showcase-widget\/html\/\" \/>\n<meta property=\"og:locale\" content=\"de_DE\" \/>\n<meta property=\"og:type\" content=\"article\" \/>\n<meta property=\"og:title\" content=\"Team Showcase-Widget zur HTML-Website hinzuf\u00fcgen (einfach und kostenlos)\" \/>\n<meta property=\"og:description\" content=\"Hier haben Sie die M\u00f6glichkeit, ein effizientes Team Showcase-Widget zu erstellen und es in Ihre HTML-Website zu integrieren. Erhalten Sie kostenlosen Kundenservice und andere Boni von Elfsight.\" \/>\n<meta property=\"og:url\" content=\"https:\/\/elfsight.com\/de\/team-showcase-widget\/html\/\" \/>\n<meta property=\"og:site_name\" content=\"Elfsight DE\" \/>\n<meta property=\"article:modified_time\" content=\"2025-02-24T17:57:22+00:00\" \/>\n<meta name=\"twitter:card\" content=\"summary_large_image\" \/>\n<meta name=\"twitter:label1\" content=\"Gesch\u00e4tzte Lesezeit\" \/>\n\t<meta name=\"twitter:data1\" content=\"3\u00a0Minuten\" \/>\n<!-- \/ Yoast SEO plugin. -->","yoast_head_json":{"title":"Team Showcase-Widget zur HTML-Website hinzuf\u00fcgen (einfach und kostenlos)","description":"Hier haben Sie die M\u00f6glichkeit, ein effizientes Team Showcase-Widget zu erstellen und es in Ihre HTML-Website zu integrieren. Erhalten Sie kostenlosen Kundenservice und andere Boni von Elfsight.","robots":{"index":"index","follow":"follow","max-snippet":"max-snippet:-1","max-image-preview":"max-image-preview:large","max-video-preview":"max-video-preview:-1"},"canonical":"https:\/\/elfsight.com\/de\/team-showcase-widget\/html\/","og_locale":"de_DE","og_type":"article","og_title":"Team Showcase-Widget zur HTML-Website hinzuf\u00fcgen (einfach und kostenlos)","og_description":"Hier haben Sie die M\u00f6glichkeit, ein effizientes Team Showcase-Widget zu erstellen und es in Ihre HTML-Website zu integrieren. Erhalten Sie kostenlosen Kundenservice und andere Boni von Elfsight.","og_url":"https:\/\/elfsight.com\/de\/team-showcase-widget\/html\/","og_site_name":"Elfsight DE","article_modified_time":"2025-02-24T17:57:22+00:00","twitter_card":"summary_large_image","twitter_misc":{"Gesch\u00e4tzte Lesezeit":"3\u00a0Minuten"},"schema":{"@context":"https:\/\/schema.org","@graph":[{"@type":"WebPage","@id":"https:\/\/elfsight.com\/de\/team-showcase-widget\/html\/","url":"https:\/\/elfsight.com\/de\/team-showcase-widget\/html\/","name":"Team Showcase-Widget zur HTML-Website hinzuf\u00fcgen (einfach und kostenlos)","isPartOf":{"@id":"https:\/\/elfsight.com\/de\/#website"},"datePublished":"1970-01-01T00:00:00+00:00","dateModified":"2025-02-24T17:57:22+00:00","description":"Hier haben Sie die M\u00f6glichkeit, ein effizientes Team Showcase-Widget zu erstellen und es in Ihre HTML-Website zu integrieren. Erhalten Sie kostenlosen Kundenservice und andere Boni von Elfsight.","breadcrumb":{"@id":"https:\/\/elfsight.com\/de\/team-showcase-widget\/html\/#breadcrumb"},"inLanguage":"de","potentialAction":[{"@type":"ReadAction","target":["https:\/\/elfsight.com\/de\/team-showcase-widget\/html\/"]}]},{"@type":"BreadcrumbList","@id":"https:\/\/elfsight.com\/de\/team-showcase-widget\/html\/#breadcrumb","itemListElement":[{"@type":"ListItem","position":1,"name":"Home","item":"https:\/\/elfsight.com\/de\/"},{"@type":"ListItem","position":2,"name":"Team Showcase","item":"https:\/\/elfsight.com\/de\/team-showcase-widget\/"},{"@type":"ListItem","position":3,"name":"Team Showcase &#8211; HTML"}]},{"@type":"WebSite","@id":"https:\/\/elfsight.com\/de\/#website","url":"https:\/\/elfsight.com\/de\/","name":"Elfsight DE","description":"Just another Elfsight Sites site","potentialAction":[{"@type":"SearchAction","target":{"@type":"EntryPoint","urlTemplate":"https:\/\/elfsight.com\/de\/?s={search_term_string}"},"query-input":{"@type":"PropertyValueSpecification","valueRequired":true,"valueName":"search_term_string"}}],"inLanguage":"de"}]}},"meta_box":{"industry":"","seo_heading":"","heading":"","description":"","cta_heading":"","cta_description":"","application":"481","h1":"HTML Team Showcase-Widget","h1_caption":"Stellen Sie Ihre Teammitglieder auf professionelle und optisch ansprechende Weise vor und bauen Sie m\u00fchelos Vertrauen und Verbindung zu Ihrem Publikum auf Ihrer HTML-Website auf.","application_category":[],"applications_title":"","applications_request_title":"","applications_request_button_text":"","hero_text":"","hero_video":"","hero_video_schema_markup":"","selling_points_title":"","selling_points_caption":"","selling_points":[],"selling_points_cta_text":"","features_title":"","features":"","ed_cta_examples_text":"","ed_cta_examples_hidden":"","ed_cta_demo_text":"","ed_cta_demo_hidden":"","why_caption":"","why_editor_title":"","why_editor_text":"","why_team_title":"","why_team_text":"","why_service_title":"","why_service_text":"","template_catalog_visible":"0","template_catalog_title":"","template_catalog_text":"","template_catalog_categories_visible":"","demo_title":"Erstellen Sie Ihr Team Showcase-Widget","demo_caption":"Konfigurieren Sie Ihr Team Showcase und f\u00fcgen Sie es kostenlos zu Ihrer HTML-Website hinzu!","default_faq_hidden":"","app_template_category":[],"platform":"260","template_public_id":"","codecanyon_url":"","codecanyon_item_id":"","codecanyon_price":"","pricing_caption":"","pricing_elfsight_apps_hide_column":"","pricing_elfsight_apps_url":"","pricing_codecanyon_price_caption":"","integration_category":[],"integration_request_title":"","integration_request_cta":"","integration_platform":"","integrations":[],"platform_category":[],"video_schema_markup":"","price":"ab 0 $ \/ Monat","trial":"","benefits":[{"text":"Kostenlose Installationsunterst\u00fctzung"},{"text":"Effektiver Kundenservice"},{"text":"14-t\u00e4gige R\u00fcckerstattungsgarantie"},{"text":"Kontinuierliche kostenlose Verbesserungen"}],"button_url":"#demo","button_target_blank":"0","button_nofollow":"0","attributes":[{"name":"Installiert","content":"10,000 - 100,000"},{"name":"Reaktionsfreudig","content":"Ja"},{"name":"Kompatible Browser","content":"Firefox, Safari, Opera, Chrome, Edge"}],"tags":[],"tags_disable_links":"0","hide_more_platforms":"0","video_object":"","demo_hide_cta":"0","demo_hide_cloud_options":"0","pricing_title":"","pricing":[{"pricing_icon":"platform","pricing_title":"Elfsight Apps","pricing_title_caption":"Plattformunabh\u00e4ngige Software, die f\u00fcr jede Website geeignet ist","pricing_price":"ab 0 $ \/ Monat","pricing_price_caption":"Beginnen Sie mit einem kostenlosen Plan","pricing_benefits":[{"text":"Unbegrenzte Websites"},{"text":"Engagierter Kundensupport und gut dokumentiert"},{"text":"Kostenloser Installationsservice"},{"text":"Sonderpreis f\u00fcr mehrere Apps"}],"pricing_button_text":"Zur Website hinzuf\u00fcgen","pricing_button_url":"#demo"}],"related_apps_title":"","related_apps_hidden":"0","author":"","image":[],"title":"","job":"","social_networks":[]},"_links":{"self":[{"href":"https:\/\/elfsight.com\/de\/wp-json\/wp\/v2\/pages\/10465","targetHints":{"allow":["GET"]}}],"collection":[{"href":"https:\/\/elfsight.com\/de\/wp-json\/wp\/v2\/pages"}],"about":[{"href":"https:\/\/elfsight.com\/de\/wp-json\/wp\/v2\/types\/page"}],"author":[{"embeddable":true,"href":"https:\/\/elfsight.com\/de\/wp-json\/wp\/v2\/users\/9"}],"replies":[{"embeddable":true,"href":"https:\/\/elfsight.com\/de\/wp-json\/wp\/v2\/comments?post=10465"}],"version-history":[{"count":3,"href":"https:\/\/elfsight.com\/de\/wp-json\/wp\/v2\/pages\/10465\/revisions"}],"predecessor-version":[{"id":24868,"href":"https:\/\/elfsight.com\/de\/wp-json\/wp\/v2\/pages\/10465\/revisions\/24868"}],"up":[{"embeddable":true,"href":"https:\/\/elfsight.com\/de\/wp-json\/wp\/v2\/pages\/1952"}],"wp:attachment":[{"href":"https:\/\/elfsight.com\/de\/wp-json\/wp\/v2\/media?parent=10465"}],"curies":[{"name":"wp","href":"https:\/\/api.w.org\/{rel}","templated":true}]}}