{"id":10459,"date":"1970-01-01T00:00:00","date_gmt":"1970-01-01T00:00:00","guid":{"rendered":"https:\/\/elfsight.com\/de\/?page_id=10459"},"modified":"2025-07-10T08:31:02","modified_gmt":"2025-07-10T08:31:02","slug":"opencart","status":"publish","type":"page","link":"https:\/\/elfsight.com\/de\/team-showcase-widget\/opencart\/","title":{"rendered":"Team Showcase &#8211; OpenCart"},"content":{"rendered":"<div class=\"application-platform-content-item-description application-platform-content-item\" id=\"description\" data-nav-section=\"description\"> <h2>Beschreibung<\/h2> <p>Unser Widget ist das praktischste Tool, um Ihr Team auf Ihrer Website anzuzeigen. Es hilft dabei, detaillierte Informationen \u00fcber jede Art von Team zu ver\u00f6ffentlichen: Gesch\u00e4ftskollegen, Sportlerteams, akademisches Personal, Firmenteamkollegen und mehr. F\u00fcgen Sie ein Bild, Kontaktinformationen und einen detaillierten Text zu jeder Person hinzu. Dank aktiver Links und sozialer Symbole haben Besucher die M\u00f6glichkeit, jeden von ihnen mit einem Klick zu kontaktieren. Sie k\u00f6nnen Gruppen bilden und die Struktur Ihres Teams anzeigen, ein Layout, Farben und andere Optionen ausw\u00e4hlen. Steigern Sie das Vertrauen in Ihr Unternehmen, indem Sie sein menschliches Image zeigen! <\/p><div class=\"faq\" data-component=\"FAQ\"> <div class=\"faq-item\">\r\n\t\t\t\t\t<div class=\"faq-item-question\">\r\n\t\t\t\t\t\t<h3 class=\"faq-item-question-text\">Wo kann ich dieses Plugin ver\u00f6ffentlichen<\/h3>\r\n\r\n\t\t\t\t\t\t<div class=\"faq-item-question-icon\"><\/div>\r\n\t\t\t\t\t<\/div>\r\n\r\n\t\t\t\t\t<div class=\"faq-item-answer\">\r\n\t\t\t\t\t\t<div class=\"faq-item-answer-text\"> <p>F\u00fcgen Sie die Galerie mit Ihrem Team auf jeder Seite der Website hinzu, wo Sie es f\u00fcr ausreichend halten. Es kann zu einem Teil des Inhaltsbereichs werden oder die gesamte Seite ausf\u00fcllen. So k\u00f6nnen Sie Ihre \u201e\u00dcber uns\u201c-Seite mit nur einem Widget erstellen. <\/p><\/div>\r\n\t\t\t\t\t<\/div>\r\n\t\t\t\t<\/div> <div class=\"faq-item\">\r\n\t\t\t\t\t<div class=\"faq-item-question\">\r\n\t\t\t\t\t\t<h3 class=\"faq-item-question-text\">Welche Vorteile kann es mir bringen? <\/h3>\r\n\r\n\t\t\t\t\t\t<div class=\"faq-item-question-icon\"><\/div>\r\n\t\t\t\t\t<\/div>\r\n\r\n\t\t\t\t\t<div class=\"faq-item-answer\">\r\n\t\t\t\t\t\t<div class=\"faq-item-answer-text\"> <p>Die Offenlegung der Menschen, die an Ihrem Unternehmen beteiligt sind, erh\u00f6ht Ihre Transparenz und steigert die wahrgenommene Vertrauensw\u00fcrdigkeit des Unternehmens. Es stellt sicher, dass Ihr Unternehmen ein ehrlicher Partner ist und zu mehr Leads und neuen Kunden f\u00fchren kann. Dar\u00fcber hinaus ist Ihr Team durch die f\u00fcr jede Person hinzugef\u00fcgten Kontaktdaten einfacher zu erreichen. <\/p><\/div>\r\n\t\t\t\t\t<\/div>\r\n\t\t\t\t<\/div> <div class=\"faq-item\">\r\n\t\t\t\t\t<div class=\"faq-item-question\">\r\n\t\t\t\t\t\t<h3 class=\"faq-item-question-text\">Was ben\u00f6tige ich, um Team Showcase auf meiner OpenCart-Website einzubetten?<\/h3>\r\n\r\n\t\t\t\t\t\t<div class=\"faq-item-question-icon\"><\/div>\r\n\t\t\t\t\t<\/div>\r\n\r\n\t\t\t\t\t<div class=\"faq-item-answer\">\r\n\t\t\t\t\t\t<div class=\"faq-item-answer-text\"> <p>Sie ben\u00f6tigen nur eine Minute Ihrer Zeit, um das Widget einzurichten. Die Einbettung erfolgt sehr schnell, kostenlos und ohne Programmieraufwand. <\/p> <ol> <li>Sie k\u00f6nnen Team Showcase direkt in unserem Service in Ihre Webseite einf\u00fcgen. Befolgen Sie dazu einfach die Schritte der Anleitung unten auf dieser Seite. <\/li> <li>Elfsight Team Showcase kann in unserem Service oder auf dem Marktplatz eingerichtet werden. Sie k\u00f6nnen alle Details zu beiden Optionen \u00fcberpr\u00fcfen und eine passendere ausw\u00e4hlen. <\/li> <\/ol> <\/div>\r\n\t\t\t\t\t<\/div>\r\n\t\t\t\t<\/div> <\/div> <\/div> <div class=\"application-platform-content-item-features application-platform-content-item\" id=\"features\" data-nav-section=\"features\"> <h2>Funktionen<\/h2> <p>Um ein klareres Verst\u00e4ndnis von Team Showcase zu erhalten, entdecken Sie die Liste seiner Hauptmerkmale. Sie machen das Widget f\u00fcr Sie wirklich n\u00fctzlich: <\/p> <ul><li>Aktive Symbole sozialer Medien und Links zur Website und E-Mail-Adresse; <\/li><li> Der Standort wird bei einem Klick auf Google Maps angezeigt. <\/li><li>Popup zeigt weitere Informationen zu einem Teammitglied; <\/li><li>Zwei Varianten zur Darstellung von Kategorien: als Gesamtliste oder mit Men\u00fc; <\/li><li>4 Layoutvarianten: Raster, Karten, Galerie oder Liste. <\/li><\/ul><p><a href=\"#demo\">Um alle Funktionen zu testen, sehen Sie sich unsere Demo an<\/a><\/p> <\/div> <div class=\"application-platform-content-item-installation application-platform-content-item\" id=\"installation\" data-nav-section=\"installation\"> <h2>Erfahren Sie, wie Sie das Team Showcase-Widget zu Ihrer OpenCart-Site hinzuf\u00fcgen<\/h2> <p>Befolgen Sie einfach die nachstehenden Anweisungen, um das Widget auf OpenCart zu aktivieren.<\/p> <ol><li><b>Nutzen Sie unser kostenloses Konfigurator und beginnen Sie mit der Erstellung Ihres ma\u00dfgeschneiderten Instruments. <\/b><br> Bestimmen Sie das bevorzugte Layout und die bevorzugten Aspekte des Team Showcase und speichern Sie die \u00c4nderungen. <\/li> <li><b>Sie erhalten den individuellen Code, der im speziellen Formular auf Elfsight Apps erscheint. <\/b><br> Wenn die Generierung Ihres Widgets abgeschlossen ist, kopieren Sie den einzelnen Code im angezeigten Popup und bewahren Sie ihn f\u00fcr die zuk\u00fcnftige Verwendung auf. <\/li> <li><b>Beginnen Sie mit der Verwendung des Tools auf Ihrer OpenCart-Website. <\/b><br> Betten Sie den zuvor kopierten Code in Ihre Website ein und speichern Sie die Verbesserungen. <\/li> <li><b>Fertig! Die Einrichtung ist erfolgreich abgeschlossen. <\/b><br> Besuchen Sie Ihre Seite, um zu pr\u00fcfen, wie das Tool funktioniert. <\/li><\/ol> <p>Sie k\u00f6nnen sich immer noch nicht entscheiden? Oder haben Sie Fragen? Senden Sie einfach eine Anfrage an unser Support-Team, wir kl\u00e4ren die Angelegenheit. <\/p> <\/div>","protected":false},"excerpt":{"rendered":"","protected":false},"author":9,"featured_media":0,"parent":1952,"menu_order":0,"comment_status":"closed","ping_status":"closed","template":"templates\/template-application-platform.php","meta":{"publish_to_discourse":"","publish_post_category":"","wpdc_auto_publish_overridden":"","wpdc_topic_tags":"","wpdc_pin_topic":"","wpdc_pin_until":"","discourse_post_id":"","discourse_permalink":"","wpdc_publishing_response":"","wpdc_publishing_error":"","footnotes":""},"class_list":["post-10459","page","type-page","status-publish","hentry"],"yoast_head":"<!-- This site is optimized with the Yoast SEO plugin v25.3.1 - https:\/\/yoast.com\/wordpress\/plugins\/seo\/ -->\n<title>Team Showcase-Erweiterung zur OpenCart-Website hinzuf\u00fcgen (2026)<\/title>\n<meta name=\"description\" content=\"Es ist absolut einfach, Ihre Team Showcase-Erweiterung zu erstellen und auf der OpenCart-Website anzuzeigen. Der Elfsight-Kundensupport ist kostenlos.\" \/>\n<meta name=\"robots\" content=\"index, follow, max-snippet:-1, max-image-preview:large, max-video-preview:-1\" \/>\n<link rel=\"canonical\" href=\"https:\/\/elfsight.com\/de\/team-showcase-widget\/opencart\/\" \/>\n<meta property=\"og:locale\" content=\"de_DE\" \/>\n<meta property=\"og:type\" content=\"article\" \/>\n<meta property=\"og:title\" content=\"Team Showcase-Erweiterung zur OpenCart-Website hinzuf\u00fcgen (2026)\" \/>\n<meta property=\"og:description\" content=\"Es ist absolut einfach, Ihre Team Showcase-Erweiterung zu erstellen und auf der OpenCart-Website anzuzeigen. Der Elfsight-Kundensupport ist kostenlos.\" \/>\n<meta property=\"og:url\" content=\"https:\/\/elfsight.com\/de\/team-showcase-widget\/opencart\/\" \/>\n<meta property=\"og:site_name\" content=\"Elfsight DE\" \/>\n<meta property=\"article:modified_time\" content=\"2025-07-10T08:31:02+00:00\" \/>\n<meta name=\"twitter:card\" content=\"summary_large_image\" \/>\n<meta name=\"twitter:label1\" content=\"Gesch\u00e4tzte Lesezeit\" \/>\n\t<meta name=\"twitter:data1\" content=\"3\u00a0Minuten\" \/>\n<!-- \/ Yoast SEO plugin. -->","yoast_head_json":{"title":"Team Showcase-Erweiterung zur OpenCart-Website hinzuf\u00fcgen (2026)","description":"Es ist absolut einfach, Ihre Team Showcase-Erweiterung zu erstellen und auf der OpenCart-Website anzuzeigen. Der Elfsight-Kundensupport ist kostenlos.","robots":{"index":"index","follow":"follow","max-snippet":"max-snippet:-1","max-image-preview":"max-image-preview:large","max-video-preview":"max-video-preview:-1"},"canonical":"https:\/\/elfsight.com\/de\/team-showcase-widget\/opencart\/","og_locale":"de_DE","og_type":"article","og_title":"Team Showcase-Erweiterung zur OpenCart-Website hinzuf\u00fcgen (2026)","og_description":"Es ist absolut einfach, Ihre Team Showcase-Erweiterung zu erstellen und auf der OpenCart-Website anzuzeigen. Der Elfsight-Kundensupport ist kostenlos.","og_url":"https:\/\/elfsight.com\/de\/team-showcase-widget\/opencart\/","og_site_name":"Elfsight DE","article_modified_time":"2025-07-10T08:31:02+00:00","twitter_card":"summary_large_image","twitter_misc":{"Gesch\u00e4tzte Lesezeit":"3\u00a0Minuten"},"schema":{"@context":"https:\/\/schema.org","@graph":[{"@type":"WebPage","@id":"https:\/\/elfsight.com\/de\/team-showcase-widget\/opencart\/","url":"https:\/\/elfsight.com\/de\/team-showcase-widget\/opencart\/","name":"Team Showcase-Erweiterung zur OpenCart-Website hinzuf\u00fcgen (2026)","isPartOf":{"@id":"https:\/\/elfsight.com\/de\/#website"},"datePublished":"1970-01-01T00:00:00+00:00","dateModified":"2025-07-10T08:31:02+00:00","description":"Es ist absolut einfach, Ihre Team Showcase-Erweiterung zu erstellen und auf der OpenCart-Website anzuzeigen. Der Elfsight-Kundensupport ist kostenlos.","breadcrumb":{"@id":"https:\/\/elfsight.com\/de\/team-showcase-widget\/opencart\/#breadcrumb"},"inLanguage":"de","potentialAction":[{"@type":"ReadAction","target":["https:\/\/elfsight.com\/de\/team-showcase-widget\/opencart\/"]}]},{"@type":"BreadcrumbList","@id":"https:\/\/elfsight.com\/de\/team-showcase-widget\/opencart\/#breadcrumb","itemListElement":[{"@type":"ListItem","position":1,"name":"Home","item":"https:\/\/elfsight.com\/de\/"},{"@type":"ListItem","position":2,"name":"Team Showcase","item":"https:\/\/elfsight.com\/de\/team-showcase-widget\/"},{"@type":"ListItem","position":3,"name":"Team Showcase &#8211; OpenCart"}]},{"@type":"WebSite","@id":"https:\/\/elfsight.com\/de\/#website","url":"https:\/\/elfsight.com\/de\/","name":"Elfsight DE","description":"Just another Elfsight Sites site","potentialAction":[{"@type":"SearchAction","target":{"@type":"EntryPoint","urlTemplate":"https:\/\/elfsight.com\/de\/?s={search_term_string}"},"query-input":{"@type":"PropertyValueSpecification","valueRequired":true,"valueName":"search_term_string"}}],"inLanguage":"de"}]}},"meta_box":{"industry":"","seo_heading":"","heading":"","description":"","cta_heading":"","cta_description":"","application":"481","h1":"OpenCart Team Showcase-Erweiterung","h1_caption":"Stellen Sie Ihre Teammitglieder auf professionelle und optisch ansprechende Weise vor und bauen Sie m\u00fchelos Vertrauen und Verbindung zu Ihrem Publikum auf Ihrer Opencart-Website auf.","application_category":[],"applications_title":"","applications_request_title":"","applications_request_button_text":"","hero_text":"","hero_video":"","hero_video_schema_markup":"","selling_points_title":"","selling_points_caption":"","selling_points":[],"selling_points_cta_text":"","features_title":"","features":"","ed_cta_examples_text":"","ed_cta_examples_hidden":"","ed_cta_demo_text":"","ed_cta_demo_hidden":"","why_caption":"","why_editor_title":"","why_editor_text":"","why_team_title":"","why_team_text":"","why_service_title":"","why_service_text":"","template_catalog_visible":"","template_catalog_title":"","template_catalog_text":"","template_catalog_categories_visible":"","demo_title":"Erstellen Sie Ihre Team Showcase-Erweiterung","demo_caption":"Konfigurieren Sie Ihr Team Showcase und f\u00fcgen Sie es kostenlos zu Ihrer OpenCart-Website hinzu!","default_faq_hidden":"","app_template_category":[],"platform":"254","template_public_id":"","codecanyon_url":"","codecanyon_item_id":"","codecanyon_price":"","pricing_caption":"","pricing_elfsight_apps_hide_column":"","pricing_elfsight_apps_url":"","pricing_codecanyon_price_caption":"","integration_category":[],"integration_request_title":"","integration_request_cta":"","integration_platform":"","integrations":[],"platform_category":[],"video_schema_markup":"","price":"ab 0 $ \/ Monat","trial":"","benefits":[{"text":"Kostenlose Installationshilfe"},{"text":"Premium-Support"},{"text":"14-t\u00e4gige Geld-zur\u00fcck-Garantie"},{"text":"St\u00e4ndige Aktualisierung"}],"button_url":"#demo","button_target_blank":"","button_nofollow":"","attributes":[{"name":"Installiert","content":"10,000 - 100,000"},{"name":"Reaktionsfreudig","content":"Ja"},{"name":"Kompatible Browser","content":"Opera, Firefox, Safari, Edge, Chrome"}],"tags":[],"tags_disable_links":"","hide_more_platforms":"","video_object":"","demo_hide_cta":"","demo_hide_cloud_options":"","pricing_title":"","pricing":[{"pricing_icon":"platform","pricing_title":"Elfsight Apps","pricing_title_caption":"Plattform\u00fcbergreifende L\u00f6sung, die auf jeder Website funktioniert","pricing_price":"ab 0 $ \/ Monat","pricing_price_caption":"Beginnen Sie mit einem kostenlosen Plan","pricing_benefits":[{"text":"Unbegrenzte Domains"},{"text":"Premium-Support"},{"text":"Kostenlose Installationsunterst\u00fctzung"},{"text":"Flexibles Design"}],"pricing_button_text":"Zur Website hinzuf\u00fcgen","pricing_button_url":"#demo"}],"related_apps_title":"","related_apps_hidden":"","author":"","image":[],"title":"","job":"","social_networks":[]},"_links":{"self":[{"href":"https:\/\/elfsight.com\/de\/wp-json\/wp\/v2\/pages\/10459","targetHints":{"allow":["GET"]}}],"collection":[{"href":"https:\/\/elfsight.com\/de\/wp-json\/wp\/v2\/pages"}],"about":[{"href":"https:\/\/elfsight.com\/de\/wp-json\/wp\/v2\/types\/page"}],"author":[{"embeddable":true,"href":"https:\/\/elfsight.com\/de\/wp-json\/wp\/v2\/users\/9"}],"replies":[{"embeddable":true,"href":"https:\/\/elfsight.com\/de\/wp-json\/wp\/v2\/comments?post=10459"}],"version-history":[{"count":1,"href":"https:\/\/elfsight.com\/de\/wp-json\/wp\/v2\/pages\/10459\/revisions"}],"predecessor-version":[{"id":10463,"href":"https:\/\/elfsight.com\/de\/wp-json\/wp\/v2\/pages\/10459\/revisions\/10463"}],"up":[{"embeddable":true,"href":"https:\/\/elfsight.com\/de\/wp-json\/wp\/v2\/pages\/1952"}],"wp:attachment":[{"href":"https:\/\/elfsight.com\/de\/wp-json\/wp\/v2\/media?parent=10459"}],"curies":[{"name":"wp","href":"https:\/\/api.w.org\/{rel}","templated":true}]}}