{"id":10457,"date":"1970-01-01T00:00:00","date_gmt":"1970-01-01T00:00:00","guid":{"rendered":"https:\/\/elfsight.com\/de\/?page_id=10457"},"modified":"2025-02-24T18:00:58","modified_gmt":"2025-02-24T18:00:58","slug":"squarespace","status":"publish","type":"page","link":"https:\/\/elfsight.com\/de\/team-showcase-widget\/squarespace\/","title":{"rendered":"Team Showcase &#8211; Squarespace"},"content":{"rendered":"\n<div class=\"application-platform-content-item-description application-platform-content-item\" id=\"description\" data-nav-section=\"description\"> <h2>Betten Sie Team Showcase auf Squarespace mit dem Elfsight-Widget ein<\/h2> <p>Das Widget wird zu Ihrer benutzerfreundlichsten M\u00f6glichkeit Zeigen Sie Ihre Teammitglieder auf Ihrer Website. Das Widget hilft dabei, Fotos und Erlebnisse aller Arten von Teams bereitzustellen: Gesch\u00e4ftspartner, Sportlerteams, akademisches Personal, Unternehmensmitarbeiter und mehr. F\u00fcgen Sie ein Bild, Kontaktinformationen und eine eindeutige Nachricht zu jedem Mitglied Ihres Teams hinzu. Website-Besucher haben die M\u00f6glichkeit, jeden einzelnen von ihnen in K\u00fcrze \u00fcber Links und soziale Symbole anzusprechen. Sie k\u00f6nnen Gruppen erstellen und das Format Ihres Unternehmens anzeigen, Layouts, Farben und andere Optionen ausw\u00e4hlen. Steigern Sie die Vertrauensw\u00fcrdigkeit Ihres Unternehmens, indem Sie sein menschliches Gesicht zeigen! <\/p><div class=\"faq\" data-component=\"FAQ\"> <div class=\"faq-item\">\r\n\t\t\t\t\t<div class=\"faq-item-question\">\r\n\t\t\t\t\t\t<h3 class=\"faq-item-question-text\">Wo kann ich es installieren<\/h3>\r\n\r\n\t\t\t\t\t\t<div class=\"faq-item-question-icon\"><\/div>\r\n\t\t\t\t\t<\/div>\r\n\r\n\t\t\t\t\t<div class=\"faq-item-answer\">\r\n\t\t\t\t\t\t<div class=\"faq-item-answer-text\"> <p>F\u00fcgen Sie Ihre Teampr\u00e4sentation auf jeder Seite Ihrer Website hinzu, wo sie erforderlich ist. Das Widget kann als eine der Komponenten der Inhaltszone fungieren oder die gesamte Seite einnehmen. Sie k\u00f6nnen es beispielsweise verwenden, um die Seite \u201e\u00dcber uns\u201c Ihrer Website zu konfigurieren. <\/p><\/div>\r\n\t\t\t\t\t<\/div>\r\n\t\t\t\t<\/div> <div class=\"faq-item\">\r\n\t\t\t\t\t<div class=\"faq-item-question\">\r\n\t\t\t\t\t\t<h3 class=\"faq-item-question-text\">Wie werde ich davon profitieren? <\/h3>\r\n\r\n\t\t\t\t\t\t<div class=\"faq-item-question-icon\"><\/div>\r\n\t\t\t\t\t<\/div>\r\n\r\n\t\t\t\t\t<div class=\"faq-item-answer\">\r\n\t\t\t\t\t\t<div class=\"faq-item-answer-text\"> <p>Wir stellen die echten Menschen vor, die dahinter stehen Das Unternehmen erh\u00f6ht die Transparenz und die wahrgenommene Vertrauensw\u00fcrdigkeit Ihres Unternehmens. Es \u00fcberzeugt Ihre \u00d6ffentlichkeit davon, dass Ihr Unternehmen ein zuverl\u00e4ssiger Partner ist und m\u00f6glicherweise mehr Leads und neue Verk\u00e4ufe generiert. Dar\u00fcber hinaus sind Ihre Teammitglieder dank der Kontaktinformationen im Widget schnell erreichbar. <\/p><\/div>\r\n\t\t\t\t\t<\/div>\r\n\t\t\t\t<\/div> <div class=\"faq-item\">\r\n\t\t\t\t\t<div class=\"faq-item-question\">\r\n\t\t\t\t\t\t<h3 class=\"faq-item-question-text\">Wie kann ich Team Showcase auf meiner Squarespace-Website hinzuf\u00fcgen? <\/h3>\r\n\r\n\t\t\t\t\t\t<div class=\"faq-item-question-icon\"><\/div>\r\n\t\t\t\t\t<\/div>\r\n\r\n\t\t\t\t\t<div class=\"faq-item-answer\">\r\n\t\t\t\t\t\t<div class=\"faq-item-answer-text\"> <p>Die Einrichtung wird zwei Minuten Ihrer Zeit in Anspruch nehmen. Der Prozess ist extrem schnell, kostenlos und ohne Programmierung. <\/p> <ol> <li>Sie k\u00f6nnen das Widget zur Website \u00fcber unseren Service einrichten. Schauen Sie sich einfach die kurze Beschreibung unten auf dieser Seite an. <\/li> <li>Das Widget kann \u00fcber unseren Service oder \u00fcber den Marktplatz hinzugef\u00fcgt werden. Hier k\u00f6nnen Sie weitere Details zu den beiden Varianten einsehen und entscheiden, welche besser geeignet ist. <\/li> <\/ol> <\/div>\r\n\t\t\t\t\t<\/div>\r\n\t\t\t\t<\/div> <\/div> <\/div> <div class=\"application-platform-content-item-features application-platform-content-item\" id=\"features\" data-nav-section=\"features\"> <h2>Hauptfunktionen des Team Showcase-Widgets<\/h2> <p>Um ein zu gestalten Um eine bessere Vorstellung von Team Showcase zu erhalten, schauen Sie sich die Liste der Hauptfunktionen an. Sie machen dieses Widget f\u00fcr Sie so n\u00fctzlich wie m\u00f6glich: <\/p> <ul><li>Anklickbare Symbole f\u00fcr soziale Medien und Links zur Website und E-Mail-Adresse; <\/li><li> Der Standort wird beim Klicken auf Google Maps ge\u00f6ffnet. <\/li><li>Das Popup zeigt alle Details zu einem Teammitglied an. <\/li><li>2 Varianten zum Organisieren von Gruppen: als allgemeine Liste oder mit Men\u00fc; <\/li><li>Vier Layoutvarianten: Raster, Karten, Galerie, Liste. <\/li><\/ul><p>Um alle Funktionen zu entdecken, sehen Sie sich die Demo an<\/p> <\/div> <div class=\"application-platform-content-item-installation application-platform-content-item\" id=\"installation\" data-nav-section=\"installation\"> <h2>Erfahren Sie, wie Sie das Team Showcase-Widget in Ihren Squarespace integrieren Webseite. <\/h2> <div class=\"video-container\"><iframe width=\"560\" height=\"315\" src=\"https:\/\/www.youtube.com\/embed\/whP3dtEJt9Y?si=jx-q9xhJdMHsV4DK\" frameborder=\"0\" allow=\"accelerometer; autoplay; clipboard-write; encrypted-media; gyroscope; picture-in-picture; web-share\" allowfullscreen><\/iframe><\/div><p> Ein paar einfache Aktionen sind das Einzige, was Sie ausf\u00fchren m\u00fcssen. <\/p> <ol><li><b>Entwerfen Sie Ihr individuelles Team Showcase-Plugin<\/b><br> Gestalten Sie mit unserem kostenlosen Editor ein Plugin mit den Schnittstellenfunktionen, die Sie ben\u00f6tigen. <\/li><li><b>Erhalten Sie den individuellen Code zum Ver\u00f6ffentlichen des Plugins<\/b><br> Nachdem Sie Ihr Widget erstellt haben, erhalten Sie Ihren pers\u00f6nlichen Code \u00fcber die Popup-Benachrichtigung auf Elfsight Apps. Kopieren Sie den Code zur weiteren Verwendung. <\/li> <li><b>Zeigen Sie das Plugin auf Ihrer Squarespace-Website an<\/b><br> Gehen Sie zu der Stelle, an der Sie das Plugin integrieren m\u00f6chten, und f\u00fcgen Sie dort den gespeicherten Code hinzu. Speichern Sie die \u00c4nderungen. <\/li> <li><b>Herzlichen Gl\u00fcckwunsch! Sie haben gerade das Widget hinzugef\u00fcgt! <\/b><br> Geben Sie Ihre Website ein, um Ihre Arbeit anzusehen. <\/li> <\/ol><p>Immer noch unruhig? Oder \u00fcber irgendetwas gestolpert? Senden Sie einfach eine Anfrage an unser Support-Team, das Ihnen bei jeder Frage weiterhilft. <\/p> <\/div>\n","protected":false},"excerpt":{"rendered":"","protected":false},"author":9,"featured_media":0,"parent":1952,"menu_order":0,"comment_status":"closed","ping_status":"closed","template":"templates\/template-application-platform.php","meta":{"publish_to_discourse":"","publish_post_category":"","wpdc_auto_publish_overridden":"","wpdc_topic_tags":"","wpdc_pin_topic":"","wpdc_pin_until":"","discourse_post_id":"","discourse_permalink":"","wpdc_publishing_response":"","wpdc_publishing_error":"","footnotes":""},"class_list":["post-10457","page","type-page","status-publish","hentry"],"yoast_head":"<!-- This site is optimized with the Yoast SEO plugin v25.3.1 - https:\/\/yoast.com\/wordpress\/plugins\/seo\/ -->\n<title>Team Showcase-Plugin zur Squarespace-Website hinzuf\u00fcgen (schnell und kostenlos)<\/title>\n<meta name=\"description\" content=\"Es ist ganz einfach, Ihr Team Showcase-Plugin zu entwerfen und auf der Squarespace-Website zu platzieren. Der Kundendienst von Elfsight ist kostenlos.\" \/>\n<meta name=\"robots\" content=\"index, follow, max-snippet:-1, max-image-preview:large, max-video-preview:-1\" \/>\n<link rel=\"canonical\" href=\"https:\/\/elfsight.com\/de\/team-showcase-widget\/squarespace\/\" \/>\n<meta property=\"og:locale\" content=\"de_DE\" \/>\n<meta property=\"og:type\" content=\"article\" \/>\n<meta property=\"og:title\" content=\"Team Showcase-Plugin zur Squarespace-Website hinzuf\u00fcgen (schnell und kostenlos)\" \/>\n<meta property=\"og:description\" content=\"Es ist ganz einfach, Ihr Team Showcase-Plugin zu entwerfen und auf der Squarespace-Website zu platzieren. Der Kundendienst von Elfsight ist kostenlos.\" \/>\n<meta property=\"og:url\" content=\"https:\/\/elfsight.com\/de\/team-showcase-widget\/squarespace\/\" \/>\n<meta property=\"og:site_name\" content=\"Elfsight DE\" \/>\n<meta property=\"article:modified_time\" content=\"2025-02-24T18:00:58+00:00\" \/>\n<meta name=\"twitter:card\" content=\"summary_large_image\" \/>\n<meta name=\"twitter:label1\" content=\"Gesch\u00e4tzte Lesezeit\" \/>\n\t<meta name=\"twitter:data1\" content=\"4\u00a0Minuten\" \/>\n<!-- \/ Yoast SEO plugin. -->","yoast_head_json":{"title":"Team Showcase-Plugin zur Squarespace-Website hinzuf\u00fcgen (schnell und kostenlos)","description":"Es ist ganz einfach, Ihr Team Showcase-Plugin zu entwerfen und auf der Squarespace-Website zu platzieren. Der Kundendienst von Elfsight ist kostenlos.","robots":{"index":"index","follow":"follow","max-snippet":"max-snippet:-1","max-image-preview":"max-image-preview:large","max-video-preview":"max-video-preview:-1"},"canonical":"https:\/\/elfsight.com\/de\/team-showcase-widget\/squarespace\/","og_locale":"de_DE","og_type":"article","og_title":"Team Showcase-Plugin zur Squarespace-Website hinzuf\u00fcgen (schnell und kostenlos)","og_description":"Es ist ganz einfach, Ihr Team Showcase-Plugin zu entwerfen und auf der Squarespace-Website zu platzieren. Der Kundendienst von Elfsight ist kostenlos.","og_url":"https:\/\/elfsight.com\/de\/team-showcase-widget\/squarespace\/","og_site_name":"Elfsight DE","article_modified_time":"2025-02-24T18:00:58+00:00","twitter_card":"summary_large_image","twitter_misc":{"Gesch\u00e4tzte Lesezeit":"4\u00a0Minuten"},"schema":{"@context":"https:\/\/schema.org","@graph":[{"@type":"WebPage","@id":"https:\/\/elfsight.com\/de\/team-showcase-widget\/squarespace\/","url":"https:\/\/elfsight.com\/de\/team-showcase-widget\/squarespace\/","name":"Team Showcase-Plugin zur Squarespace-Website hinzuf\u00fcgen (schnell und kostenlos)","isPartOf":{"@id":"https:\/\/elfsight.com\/de\/#website"},"datePublished":"1970-01-01T00:00:00+00:00","dateModified":"2025-02-24T18:00:58+00:00","description":"Es ist ganz einfach, Ihr Team Showcase-Plugin zu entwerfen und auf der Squarespace-Website zu platzieren. Der Kundendienst von Elfsight ist kostenlos.","breadcrumb":{"@id":"https:\/\/elfsight.com\/de\/team-showcase-widget\/squarespace\/#breadcrumb"},"inLanguage":"de","potentialAction":[{"@type":"ReadAction","target":["https:\/\/elfsight.com\/de\/team-showcase-widget\/squarespace\/"]}]},{"@type":"BreadcrumbList","@id":"https:\/\/elfsight.com\/de\/team-showcase-widget\/squarespace\/#breadcrumb","itemListElement":[{"@type":"ListItem","position":1,"name":"Home","item":"https:\/\/elfsight.com\/de\/"},{"@type":"ListItem","position":2,"name":"Team Showcase","item":"https:\/\/elfsight.com\/de\/team-showcase-widget\/"},{"@type":"ListItem","position":3,"name":"Team Showcase &#8211; Squarespace"}]},{"@type":"WebSite","@id":"https:\/\/elfsight.com\/de\/#website","url":"https:\/\/elfsight.com\/de\/","name":"Elfsight DE","description":"Just another Elfsight Sites site","potentialAction":[{"@type":"SearchAction","target":{"@type":"EntryPoint","urlTemplate":"https:\/\/elfsight.com\/de\/?s={search_term_string}"},"query-input":{"@type":"PropertyValueSpecification","valueRequired":true,"valueName":"search_term_string"}}],"inLanguage":"de"}]}},"meta_box":{"industry":"","seo_heading":"","heading":"","description":"","cta_heading":"","cta_description":"","application":"481","h1":"Squarespace Team Showcase-Plugin","h1_caption":"Stellen Sie Ihre Teammitglieder auf professionelle und optisch ansprechende Weise vor und bauen Sie m\u00fchelos Vertrauen und Verbindung zu Ihrem Publikum auf Ihrer Squarespace-Website auf.","application_category":[],"applications_title":"","applications_request_title":"","applications_request_button_text":"","hero_text":"","hero_video":"","hero_video_schema_markup":"","selling_points_title":"","selling_points_caption":"","selling_points":[],"selling_points_cta_text":"","features_title":"","features":"","ed_cta_examples_text":"","ed_cta_examples_hidden":"","ed_cta_demo_text":"","ed_cta_demo_hidden":"","why_caption":"","why_editor_title":"","why_editor_text":"","why_team_title":"","why_team_text":"","why_service_title":"","why_service_text":"","template_catalog_visible":"0","template_catalog_title":"","template_catalog_text":"","template_catalog_categories_visible":"","demo_title":"Erstellen Sie Ihr Team Showcase-Plugin","demo_caption":"Konfigurieren Sie Ihr Team Showcase und f\u00fcgen Sie es kostenlos Ihrer Squarespace-Website hinzu!","default_faq_hidden":"","app_template_category":[],"platform":"252","template_public_id":"","codecanyon_url":"","codecanyon_item_id":"","codecanyon_price":"","pricing_caption":"","pricing_elfsight_apps_hide_column":"","pricing_elfsight_apps_url":"","pricing_codecanyon_price_caption":"","integration_category":[],"integration_request_title":"","integration_request_cta":"","integration_platform":"","integrations":[],"platform_category":[],"video_schema_markup":"","price":"ab 0 $ \/ Monat","trial":"","benefits":[{"text":"Kostenlose Installationsunterst\u00fctzung"},{"text":"Professioneller Kundenservice"},{"text":"14-t\u00e4gige R\u00fcckerstattungsgarantie"},{"text":"Laufende kostenlose Verbesserungen"}],"button_url":"#demo","button_target_blank":"0","button_nofollow":"0","attributes":[{"name":"Installiert","content":"10,000 - 100,000"},{"name":"Reaktionsfreudig","content":"Ja"},{"name":"Kompatible Browser","content":" Firefox, Safari, Opera, Chrome, Edge"}],"tags":[],"tags_disable_links":"0","hide_more_platforms":"0","video_object":"","demo_hide_cta":"0","demo_hide_cloud_options":"0","pricing_title":"","pricing":[{"pricing_icon":"platform","pricing_title":"Elfsight Apps","pricing_title_caption":"Plattformunabh\u00e4ngige Software, die auf jeder Site funktioniert","pricing_price":"ab 0 $ \/ Monat","pricing_price_caption":"Beginnen Sie mit einem kostenlosen Plan","pricing_benefits":[{"text":"Unbegrenzte Domains"},{"text":"Schnelle Unternehmensunterst\u00fctzung"},{"text":"Kostenloser Installationsservice"},{"text":"Vollst\u00e4ndig anpassbar"}],"pricing_button_text":"Zur Website hinzuf\u00fcgen","pricing_button_url":"#demo"}],"related_apps_title":"","related_apps_hidden":"0","author":"","image":[],"title":"","job":"","social_networks":[]},"_links":{"self":[{"href":"https:\/\/elfsight.com\/de\/wp-json\/wp\/v2\/pages\/10457","targetHints":{"allow":["GET"]}}],"collection":[{"href":"https:\/\/elfsight.com\/de\/wp-json\/wp\/v2\/pages"}],"about":[{"href":"https:\/\/elfsight.com\/de\/wp-json\/wp\/v2\/types\/page"}],"author":[{"embeddable":true,"href":"https:\/\/elfsight.com\/de\/wp-json\/wp\/v2\/users\/9"}],"replies":[{"embeddable":true,"href":"https:\/\/elfsight.com\/de\/wp-json\/wp\/v2\/comments?post=10457"}],"version-history":[{"count":3,"href":"https:\/\/elfsight.com\/de\/wp-json\/wp\/v2\/pages\/10457\/revisions"}],"predecessor-version":[{"id":24870,"href":"https:\/\/elfsight.com\/de\/wp-json\/wp\/v2\/pages\/10457\/revisions\/24870"}],"up":[{"embeddable":true,"href":"https:\/\/elfsight.com\/de\/wp-json\/wp\/v2\/pages\/1952"}],"wp:attachment":[{"href":"https:\/\/elfsight.com\/de\/wp-json\/wp\/v2\/media?parent=10457"}],"curies":[{"name":"wp","href":"https:\/\/api.w.org\/{rel}","templated":true}]}}