{"id":10452,"date":"1970-01-01T00:00:00","date_gmt":"1970-01-01T00:00:00","guid":{"rendered":"https:\/\/elfsight.com\/de\/?page_id=10452"},"modified":"2025-02-24T18:02:36","modified_gmt":"2025-02-24T18:02:36","slug":"webflow","status":"publish","type":"page","link":"https:\/\/elfsight.com\/de\/team-showcase-widget\/webflow\/","title":{"rendered":"Team Showcase &#8211; Webflow"},"content":{"rendered":"\n<div class=\"application-platform-content-item-description application-platform-content-item\" id=\"description\" data-nav-section=\"description\"> <h2>Betten Sie Team Showcase in Webflow mit dem Elfsight-Widget ein<\/h2> <p>Unser Widget wird zum besten Tool, um Ihre Teammitglieder anzuzeigen Die Webseite. Dieses Widget hilft dabei, \u00fcber jede Art von Team zu berichten: Gesch\u00e4ftskollegen, Sportlerclub, Lehrpersonal, Firmenpersonal und alles andere. Laden Sie ein Foto hoch, ver\u00f6ffentlichen Sie Kontaktdaten und eine pers\u00f6nliche Nachricht zu jeder Person. Ihr Publikum erh\u00e4lt \u00fcber Links oder Social-Media-Symbole die M\u00f6glichkeit, sofort mit ihm in Kontakt zu treten. Sie k\u00f6nnen Gruppen bilden und den Rahmen Ihres Unternehmens demonstrieren, ein Layout, Farben und weitere Optionen ausw\u00e4hlen. Steigern Sie die Glaubw\u00fcrdigkeit Ihres Unternehmens, indem Sie sein menschliches Gesicht zeigen! <\/p><div class=\"faq\" data-component=\"FAQ\"> <div class=\"faq-item\">\r\n\t\t\t\t\t<div class=\"faq-item-question\">\r\n\t\t\t\t\t\t<h3 class=\"faq-item-question-text\">Wo kann ich es einbetten<\/h3>\r\n\r\n\t\t\t\t\t\t<div class=\"faq-item-question-icon\"><\/div>\r\n\t\t\t\t\t<\/div>\r\n\r\n\t\t\t\t\t<div class=\"faq-item-answer\">\r\n\t\t\t\t\t\t<div class=\"faq-item-answer-text\"> <p>F\u00fcgen Sie Ihr Teamportfolio zu jeder Seite Ihrer Website hinzu, wo es am meisten ben\u00f6tigt wird. Dies kann als eines der Elemente der Inhaltszone dienen, alternativ kann es die gesamte Seite ausf\u00fcllen. So k\u00f6nnen Sie mithilfe des Widgets Ihre Seite \u201e\u00dcber uns\u201c erstellen. <\/p><\/div>\r\n\t\t\t\t\t<\/div>\r\n\t\t\t\t<\/div> <div class=\"faq-item\">\r\n\t\t\t\t\t<div class=\"faq-item-question\">\r\n\t\t\t\t\t\t<h3 class=\"faq-item-question-text\">Wie w\u00fcrde ich von Team Showcase profitieren? <\/h3>\r\n\r\n\t\t\t\t\t\t<div class=\"faq-item-question-icon\"><\/div>\r\n\t\t\t\t\t<\/div>\r\n\r\n\t\t\t\t\t<div class=\"faq-item-answer\">\r\n\t\t\t\t\t\t<div class=\"faq-item-answer-text\"> <p>Das Zeigen der Menschen, die hinter dem Firmennamen stehen, erh\u00f6ht Ihre Transparenz und steigert die wahrgenommene Vertrauensw\u00fcrdigkeit des Unternehmens. Es stellt sicher, dass Ihr Unternehmen ein glaubw\u00fcrdiger Partner ist und zu mehr Leads und neuen Verk\u00e4ufen f\u00fchren kann. Dar\u00fcber hinaus sind Ihre Kollegen mithilfe der von Ihnen angezeigten Kontaktinformationen schnell erreichbar. <\/p><\/div>\r\n\t\t\t\t\t<\/div>\r\n\t\t\t\t<\/div> <div class=\"faq-item\">\r\n\t\t\t\t\t<div class=\"faq-item-question\">\r\n\t\t\t\t\t\t<h3 class=\"faq-item-question-text\">Wie kann ich Team Showcase auf meiner Webflow-Website installieren? <\/h3>\r\n\r\n\t\t\t\t\t\t<div class=\"faq-item-question-icon\"><\/div>\r\n\t\t\t\t\t<\/div>\r\n\r\n\t\t\t\t\t<div class=\"faq-item-answer\">\r\n\t\t\t\t\t\t<div class=\"faq-item-answer-text\"> <p>Es dauert nur eine Minute, um das Widget zum Laufen zu bringen. Es ist superschnell, kostenlos und ohne Programmierung. <\/p> <ol> <li>Sie k\u00f6nnen Team Showcase in die Webseite unseres Dienstes einf\u00fcgen. Befolgen Sie dazu die Anleitung unten auf dieser Seite. <\/li> <li>Elfsight Team Showcase kann direkt in unseren Service oder \u00fcber den Marktplatz integriert werden. Hier k\u00f6nnen Sie diese Varianten vergleichen und passendere ausw\u00e4hlen. <\/li> <\/ol> <\/div>\r\n\t\t\t\t\t<\/div>\r\n\t\t\t\t<\/div> <\/div> <\/div> <div class=\"application-platform-content-item-features application-platform-content-item\" id=\"features\" data-nav-section=\"features\"> <h2>Hauptfunktionen des Team Showcase-Widgets<\/h2> <p>Um ein zu gestalten Klare Kenntnisse \u00fcber Team Showcase, sehen Sie sich die Liste der Hauptmerkmale an. Sie machen unser Widget f\u00fcr Ihren Shop unglaublich n\u00fctzlich: <\/p> <ul><li>Anklickbare Symbole f\u00fcr soziale Konten und Links zur Website und E-Mail-Adresse; <\/li><li> Der Standort wird bei einem Klick auf Google Maps angezeigt. <\/li><li>Popup enth\u00fcllt vollst\u00e4ndige Informationen \u00fcber eine Person; <\/li><li>Zwei Optionen zum Anzeigen von Kategorien: als Gesamtliste oder gefiltert nach Men\u00fc; <\/li><li>4 Layoutoptionen: Raster, Karten, Galerie, Liste. <\/li><\/ul><p><a href=\"#demo\">Um alle Funktionen zu testen, sehen Sie sich unsere Live-Demo an<\/a><\/p> <\/div> <div class=\"application-platform-content-item-installation application-platform-content-item\" id=\"installation\" data-nav-section=\"installation\"> <h2>Sehen Sie, wie Sie das Team Showcase-Widget in Ihren Webflow integrieren Website. Es ist unglaublich einfach.<\/h2> <div class=\"video-container\"><iframe width=\"560\" height=\"315\" src=\"https:\/\/www.youtube.com\/embed\/-K2CsElXydY?si=a-ARZXw-mmRjKVVU\" frameborder=\"0\" allow=\"accelerometer; autoplay; clipboard-write; encrypted-media; gyroscope; picture-in-picture; web-share\" allowfullscreen><\/iframe><\/div><p>Diese mehreren Schritte sind das Einzige, was Sie tun m\u00fcssen. <\/p> <ol><li><b>Entwerfen Sie Ihr individuelles Team Showcase-Plugin<\/b><br> Erstellen Sie mit unserem kostenlosen Konfigurator ein Plugin mit einer bevorzugten Benutzeroberfl\u00e4che und Funktionalit\u00e4t. <\/li><li><b>Erhalten Sie den individuellen Code zur Installation des Plugins<\/b><br> Nachdem Sie Ihr Widget konfiguriert haben, erhalten Sie Ihren pers\u00f6nlichen Code \u00fcber die erscheinende Benachrichtigung auf Elfsight Apps. Kopiere diesen Code. <\/li> <li><b>Zeigen Sie das Plugin auf Ihrer Webflow-Site an<\/b><br> W\u00e4hlen Sie den Ort aus, an dem Sie das Plugin platzieren m\u00f6chten, und f\u00fcgen Sie den gespeicherten Code dort ein. Speichern Sie die Ergebnisse. <\/li> <li><b>Sie haben die Installation erfolgreich durchgef\u00fchrt<\/b><br> Gehen Sie zur Seite, um Ihr Team zu \u00fcberpr\u00fcfen. <\/li> <\/ol><p>Immer noch nicht entschieden? Oder haben Sie Probleme? Senden Sie einfach eine Anfrage an unseren Kundenservice, wir helfen Ihnen bei jedem Problem. <\/p> <\/div>\n","protected":false},"excerpt":{"rendered":"","protected":false},"author":9,"featured_media":0,"parent":1952,"menu_order":0,"comment_status":"closed","ping_status":"closed","template":"templates\/template-application-platform.php","meta":{"publish_to_discourse":"","publish_post_category":"","wpdc_auto_publish_overridden":"","wpdc_topic_tags":"","wpdc_pin_topic":"","wpdc_pin_until":"","discourse_post_id":"","discourse_permalink":"","wpdc_publishing_response":"","wpdc_publishing_error":"","footnotes":""},"class_list":["post-10452","page","type-page","status-publish","hentry"],"yoast_head":"<!-- This site is optimized with the Yoast SEO plugin v25.3.1 - https:\/\/yoast.com\/wordpress\/plugins\/seo\/ -->\n<title>Team Showcase-Widget zur Webflow-Website hinzuf\u00fcgen (2025)<\/title>\n<meta name=\"description\" content=\"Erstellen Sie mit Elfsight Ihr Team Showcase-Widget und f\u00fcgen Sie es schnell und einfach auf Ihrer Webflow-Website hinzu. Wir bieten kostenlosen Kundenservice und andere Boni.\" \/>\n<meta name=\"robots\" content=\"index, follow, max-snippet:-1, max-image-preview:large, max-video-preview:-1\" \/>\n<link rel=\"canonical\" href=\"https:\/\/elfsight.com\/de\/team-showcase-widget\/webflow\/\" \/>\n<meta property=\"og:locale\" content=\"de_DE\" \/>\n<meta property=\"og:type\" content=\"article\" \/>\n<meta property=\"og:title\" content=\"Team Showcase-Widget zur Webflow-Website hinzuf\u00fcgen (2025)\" \/>\n<meta property=\"og:description\" content=\"Erstellen Sie mit Elfsight Ihr Team Showcase-Widget und f\u00fcgen Sie es schnell und einfach auf Ihrer Webflow-Website hinzu. Wir bieten kostenlosen Kundenservice und andere Boni.\" \/>\n<meta property=\"og:url\" content=\"https:\/\/elfsight.com\/de\/team-showcase-widget\/webflow\/\" \/>\n<meta property=\"og:site_name\" content=\"Elfsight DE\" \/>\n<meta property=\"article:modified_time\" content=\"2025-02-24T18:02:36+00:00\" \/>\n<meta name=\"twitter:card\" content=\"summary_large_image\" \/>\n<meta name=\"twitter:label1\" content=\"Gesch\u00e4tzte Lesezeit\" \/>\n\t<meta name=\"twitter:data1\" content=\"3\u00a0Minuten\" \/>\n<!-- \/ Yoast SEO plugin. -->","yoast_head_json":{"title":"Team Showcase-Widget zur Webflow-Website hinzuf\u00fcgen (2025)","description":"Erstellen Sie mit Elfsight Ihr Team Showcase-Widget und f\u00fcgen Sie es schnell und einfach auf Ihrer Webflow-Website hinzu. Wir bieten kostenlosen Kundenservice und andere Boni.","robots":{"index":"index","follow":"follow","max-snippet":"max-snippet:-1","max-image-preview":"max-image-preview:large","max-video-preview":"max-video-preview:-1"},"canonical":"https:\/\/elfsight.com\/de\/team-showcase-widget\/webflow\/","og_locale":"de_DE","og_type":"article","og_title":"Team Showcase-Widget zur Webflow-Website hinzuf\u00fcgen (2025)","og_description":"Erstellen Sie mit Elfsight Ihr Team Showcase-Widget und f\u00fcgen Sie es schnell und einfach auf Ihrer Webflow-Website hinzu. Wir bieten kostenlosen Kundenservice und andere Boni.","og_url":"https:\/\/elfsight.com\/de\/team-showcase-widget\/webflow\/","og_site_name":"Elfsight DE","article_modified_time":"2025-02-24T18:02:36+00:00","twitter_card":"summary_large_image","twitter_misc":{"Gesch\u00e4tzte Lesezeit":"3\u00a0Minuten"},"schema":{"@context":"https:\/\/schema.org","@graph":[{"@type":"WebPage","@id":"https:\/\/elfsight.com\/de\/team-showcase-widget\/webflow\/","url":"https:\/\/elfsight.com\/de\/team-showcase-widget\/webflow\/","name":"Team Showcase-Widget zur Webflow-Website hinzuf\u00fcgen (2025)","isPartOf":{"@id":"https:\/\/elfsight.com\/de\/#website"},"datePublished":"1970-01-01T00:00:00+00:00","dateModified":"2025-02-24T18:02:36+00:00","description":"Erstellen Sie mit Elfsight Ihr Team Showcase-Widget und f\u00fcgen Sie es schnell und einfach auf Ihrer Webflow-Website hinzu. Wir bieten kostenlosen Kundenservice und andere Boni.","breadcrumb":{"@id":"https:\/\/elfsight.com\/de\/team-showcase-widget\/webflow\/#breadcrumb"},"inLanguage":"de","potentialAction":[{"@type":"ReadAction","target":["https:\/\/elfsight.com\/de\/team-showcase-widget\/webflow\/"]}]},{"@type":"BreadcrumbList","@id":"https:\/\/elfsight.com\/de\/team-showcase-widget\/webflow\/#breadcrumb","itemListElement":[{"@type":"ListItem","position":1,"name":"Home","item":"https:\/\/elfsight.com\/de\/"},{"@type":"ListItem","position":2,"name":"Team Showcase","item":"https:\/\/elfsight.com\/de\/team-showcase-widget\/"},{"@type":"ListItem","position":3,"name":"Team Showcase &#8211; Webflow"}]},{"@type":"WebSite","@id":"https:\/\/elfsight.com\/de\/#website","url":"https:\/\/elfsight.com\/de\/","name":"Elfsight DE","description":"Just another Elfsight Sites site","potentialAction":[{"@type":"SearchAction","target":{"@type":"EntryPoint","urlTemplate":"https:\/\/elfsight.com\/de\/?s={search_term_string}"},"query-input":{"@type":"PropertyValueSpecification","valueRequired":true,"valueName":"search_term_string"}}],"inLanguage":"de"}]}},"meta_box":{"industry":"","seo_heading":"","heading":"","description":"","cta_heading":"","cta_description":"","application":"481","h1":"Webflow Team Showcase-Widget","h1_caption":"Stellen Sie Ihre Teammitglieder auf professionelle und optisch ansprechende Weise vor und bauen Sie m\u00fchelos Vertrauen und Verbindung zu Ihrem Publikum auf Ihrer Webflow-Website auf.","application_category":[],"applications_title":"","applications_request_title":"","applications_request_button_text":"","hero_text":"","hero_video":"","hero_video_schema_markup":"","selling_points_title":"","selling_points_caption":"","selling_points":[],"selling_points_cta_text":"","features_title":"","features":"","ed_cta_examples_text":"","ed_cta_examples_hidden":"","ed_cta_demo_text":"","ed_cta_demo_hidden":"","why_caption":"","why_editor_title":"","why_editor_text":"","why_team_title":"","why_team_text":"","why_service_title":"","why_service_text":"","template_catalog_visible":"0","template_catalog_title":"","template_catalog_text":"","template_catalog_categories_visible":"","demo_title":"Erstellen Sie Ihr Team Showcase-Widget","demo_caption":"Konfigurieren Sie Ihr Team Showcase und f\u00fcgen Sie es kostenlos zu Ihrer Webflow-Website hinzu!","default_faq_hidden":"","app_template_category":[],"platform":"250","template_public_id":"","codecanyon_url":"","codecanyon_item_id":"","codecanyon_price":"","pricing_caption":"","pricing_elfsight_apps_hide_column":"","pricing_elfsight_apps_url":"","pricing_codecanyon_price_caption":"","integration_category":[],"integration_request_title":"","integration_request_cta":"","integration_platform":"","integrations":[],"platform_category":[],"video_schema_markup":"","price":"ab 0 $ \/ Monat","trial":"","benefits":[{"text":"Kostenlose Installationsunterst\u00fctzung"},{"text":"Au\u00dfergew\u00f6hnliche Unterst\u00fctzung"},{"text":"14-t\u00e4gige Geld-zur\u00fcck-Garantie"},{"text":"Regelm\u00e4\u00dfige kostenlose Updates"}],"button_url":"#demo","button_target_blank":"0","button_nofollow":"0","attributes":[{"name":"Installiert","content":"10,000 - 100,000"},{"name":"Reaktionsfreudig","content":"Ja"},{"name":"Kompatible Browser","content":"Safari, Firefox, Edge, Chrome, Opera"}],"tags":[],"tags_disable_links":"0","hide_more_platforms":"0","video_object":"","demo_hide_cta":"0","demo_hide_cloud_options":"0","pricing_title":"","pricing":[{"pricing_icon":"platform","pricing_title":"Elfsight Apps","pricing_title_caption":"Plattform\u00fcbergreifende Software, die zu jeder Website passt","pricing_price":"ab 0 $ \/ Monat","pricing_price_caption":"Beginnen Sie mit einem kostenlosen Plan","pricing_benefits":[{"text":"Unbegrenzte Anzahl an Domains"},{"text":"Erstklassiger und p\u00fcnktlicher Support"},{"text":"Kostenloser Installationsservice"},{"text":"Sonderpreis f\u00fcr mehrere Apps"}],"pricing_button_text":"Zur Website hinzuf\u00fcgen","pricing_button_url":"#demo"}],"related_apps_title":"","related_apps_hidden":"0","author":"","image":[],"title":"","job":"","social_networks":[]},"_links":{"self":[{"href":"https:\/\/elfsight.com\/de\/wp-json\/wp\/v2\/pages\/10452","targetHints":{"allow":["GET"]}}],"collection":[{"href":"https:\/\/elfsight.com\/de\/wp-json\/wp\/v2\/pages"}],"about":[{"href":"https:\/\/elfsight.com\/de\/wp-json\/wp\/v2\/types\/page"}],"author":[{"embeddable":true,"href":"https:\/\/elfsight.com\/de\/wp-json\/wp\/v2\/users\/9"}],"replies":[{"embeddable":true,"href":"https:\/\/elfsight.com\/de\/wp-json\/wp\/v2\/comments?post=10452"}],"version-history":[{"count":3,"href":"https:\/\/elfsight.com\/de\/wp-json\/wp\/v2\/pages\/10452\/revisions"}],"predecessor-version":[{"id":24871,"href":"https:\/\/elfsight.com\/de\/wp-json\/wp\/v2\/pages\/10452\/revisions\/24871"}],"up":[{"embeddable":true,"href":"https:\/\/elfsight.com\/de\/wp-json\/wp\/v2\/pages\/1952"}],"wp:attachment":[{"href":"https:\/\/elfsight.com\/de\/wp-json\/wp\/v2\/media?parent=10452"}],"curies":[{"name":"wp","href":"https:\/\/api.w.org\/{rel}","templated":true}]}}