{"id":10450,"date":"1970-01-01T00:00:00","date_gmt":"1970-01-01T00:00:00","guid":{"rendered":"https:\/\/elfsight.com\/de\/?page_id=10450"},"modified":"2025-02-24T18:05:35","modified_gmt":"2025-02-24T18:05:35","slug":"weebly","status":"publish","type":"page","link":"https:\/\/elfsight.com\/de\/team-showcase-widget\/weebly\/","title":{"rendered":"Team Showcase &#8211; Weebly"},"content":{"rendered":"\n<div class=\"application-platform-content-item-description application-platform-content-item\" id=\"description\" data-nav-section=\"description\"> <h2>Beschreibung<\/h2> <p>Elfsight Team Showcase ist die beste M\u00f6glichkeit, Ihr Team auf Ihrer Website zu pr\u00e4sentieren. Das Widget hilft dabei, jede Art von Team zu pr\u00e4sentieren: Gesch\u00e4ftskollegen, Sportvereine, Professoren, Firmenkollegen und mehr. F\u00fcgen Sie ein Foto, Kontaktdaten und eine detaillierte Nachricht zu jeder Person hinzu. Ihrem Publikum wird die M\u00f6glichkeit geboten, es \u00fcber Links und soziale Symbole sofort zu kontaktieren. Es steht Ihnen frei, Kategorien zu erstellen und den Rahmen Ihres Teams zu demonstrieren, ein Layout, Farben und weitere Optionen auszuw\u00e4hlen. St\u00e4rken Sie das Vertrauen in Ihr Unternehmen und zeigen Sie sein menschliches Gesicht! <\/p><div class=\"faq\" data-component=\"FAQ\"> <div class=\"faq-item\">\r\n\t\t\t\t\t<div class=\"faq-item-question\">\r\n\t\t\t\t\t\t<h3 class=\"faq-item-question-text\">Wo kann ich Team Showcase installieren?<\/h3>\r\n\r\n\t\t\t\t\t\t<div class=\"faq-item-question-icon\"><\/div>\r\n\t\t\t\t\t<\/div>\r\n\r\n\t\t\t\t\t<div class=\"faq-item-answer\">\r\n\t\t\t\t\t\t<div class=\"faq-item-answer-text\"> <p>Zeigen Sie Ihre Teamgalerie auf jeder Seite der Website an, wo es erforderlich ist. Das Widget kann eines der Elemente des Inhaltsbereichs sein oder die gesamte Seite ausf\u00fcllen. Sie k\u00f6nnen damit beispielsweise eine Seite \u201e\u00dcber uns\u201c erstellen. <\/p><\/div>\r\n\t\t\t\t\t<\/div>\r\n\t\t\t\t<\/div> <div class=\"faq-item\">\r\n\t\t\t\t\t<div class=\"faq-item-question\">\r\n\t\t\t\t\t\t<h3 class=\"faq-item-question-text\">Wie profitiere ich von Team Showcase? <\/h3>\r\n\r\n\t\t\t\t\t\t<div class=\"faq-item-question-icon\"><\/div>\r\n\t\t\t\t\t<\/div>\r\n\r\n\t\t\t\t\t<div class=\"faq-item-answer\">\r\n\t\t\t\t\t\t<div class=\"faq-item-answer-text\"> <p>Die Darstellung der realen Personen, die am Unternehmen beteiligt sind, erh\u00f6ht die Transparenz und verbessert die wahrgenommene Vertrauensw\u00fcrdigkeit Ihres Unternehmens. Dies gibt Benutzern die Gewissheit, dass Ihr Unternehmen ein glaubw\u00fcrdiger Partner ist, und kann dazu beitragen, mehr Leads und neue Verk\u00e4ufe zu erzielen. Dar\u00fcber hinaus wird es f\u00fcr Ihre Benutzer einfacher, mit Ihren Kollegen in Kontakt zu treten. <\/p><\/div>\r\n\t\t\t\t\t<\/div>\r\n\t\t\t\t<\/div> <div class=\"faq-item\">\r\n\t\t\t\t\t<div class=\"faq-item-question\">\r\n\t\t\t\t\t\t<h3 class=\"faq-item-question-text\">Wie f\u00fcge ich Team Showcase zu meiner Weebly-Website hinzu? <\/h3>\r\n\r\n\t\t\t\t\t\t<div class=\"faq-item-question-icon\"><\/div>\r\n\t\t\t\t\t<\/div>\r\n\r\n\t\t\t\t\t<div class=\"faq-item-answer\">\r\n\t\t\t\t\t\t<div class=\"faq-item-answer-text\"> <p>Es dauert nur eine Minute, bis Sie das Widget verwenden. Die Einbettung erfolgt extrem schnell, kostenlos und ohne Programmierung. <\/p> <ol> <li>Es besteht die M\u00f6glichkeit, das Widget direkt \u00fcber unseren Service in Ihre Website einzuf\u00fcgen. Nutzen Sie dazu die Anleitung weiter unten auf dieser Seite. <\/li> <li>Elfsight Team Showcase kann \u00fcber unseren Service oder \u00fcber den Marktplatz eingerichtet werden. Sie k\u00f6nnen beide Varianten vergleichen und sich f\u00fcr Ihre entscheiden. <\/li> <\/ol> <\/div>\r\n\t\t\t\t\t<\/div>\r\n\t\t\t\t<\/div> <\/div> <\/div> <div class=\"application-platform-content-item-features application-platform-content-item\" id=\"features\" data-nav-section=\"features\"> <h2>Funktionen<\/h2> <p>Um ein klareres Wissen \u00fcber Team Showcase zu erhalten, sehen Sie sich die an Liste seiner Hauptmerkmale. Sie machen dieses Widget f\u00fcr Sie unglaublich effektiv: <\/p> <ul><li>Aktive Symbole sozialer Konten und Links zur Website und E-Mail-Adresse; <\/li><li>Der Standort einer Person wird auf Google Maps ge\u00f6ffnet, wenn darauf geklickt wird. <\/li><li>Popup zeigt alle Informationen einer Person an; <\/li><li>2 M\u00f6glichkeiten, Kategorien anzuzeigen: als allgemeine Liste oder mit Men\u00fc; <\/li><li>4 Layoutoptionen zur Auswahl: Raster, Karten, Galerie oder Liste. <\/li><\/ul><p><a href=\"#demo\">Um alle Funktionen zu sehen, sehen Sie sich die Live-Demo an<\/a><\/p> <\/div> <div class=\"application-platform-content-item-installation application-platform-content-item\" id=\"installation\" data-nav-section=\"installation\"> <h2>Sehen wir uns an, wie Sie das Team Showcase-Widget in Ihr Weebly integrieren Seite. Es ist unglaublich einfach.<\/h2> <div class=\"video-container\"><iframe width=\"560\" height=\"315\" src=\"https:\/\/www.youtube.com\/embed\/3RG_ncysL1w?si=LOCZBzw2SCZ34QTM\" frameborder=\"0\" allow=\"accelerometer; autoplay; clipboard-write; encrypted-media; gyroscope; picture-in-picture; web-share\" allowfullscreen><\/iframe><\/div><p>Diese mehreren Schritte sind das Einzige, was Sie tun m\u00fcssen, um das Widget zu erhalten. <\/p> <ol><li><b>Verwalten Sie unseren kostenlosen Editor und beginnen Sie mit der Erstellung Ihrer individuellen App. <\/b><br> W\u00e4hlen Sie die ausgew\u00e4hlte Anordnung und Funktionen der App aus und speichern Sie alle Korrekturen. <\/li> <li><b>Holen Sie sich Ihren pers\u00f6nlichen Code, der im Fenster von Elfsight Apps angezeigt wird. <\/b><br> Sobald die Einrichtung Ihrer pers\u00f6nlichen App abgeschlossen ist, kopieren Sie Ihren Code im angezeigten Fenster und speichern Sie ihn zur sp\u00e4teren Verwendung. <\/li> <li><b>Initiieren Sie den Einsatz der App auf der Weebly-Website. <\/b><br> Integrieren Sie den k\u00fcrzlich gespeicherten Code in Ihre Website und speichern Sie die Verbesserungen. <\/li> <li><b>Du bist fertig! Die Einbettung ist vollst\u00e4ndig durchgef\u00fchrt. <\/b><br> \u00d6ffnen Sie Ihre Webseite, um die Funktionsweise der App in Aktion zu sehen. <\/li><\/ol><p>Sie k\u00f6nnen sich immer noch nicht entscheiden? Oder haben Sie Fragen? Senden Sie einfach eine Anfrage an unseren Kundenservice, wir helfen Ihnen bei allen Fragen weiter. <\/p> <\/div>\n","protected":false},"excerpt":{"rendered":"","protected":false},"author":9,"featured_media":0,"parent":1952,"menu_order":0,"comment_status":"closed","ping_status":"closed","template":"templates\/template-application-platform.php","meta":{"publish_to_discourse":"","publish_post_category":"","wpdc_auto_publish_overridden":"","wpdc_topic_tags":"","wpdc_pin_topic":"","wpdc_pin_until":"","discourse_post_id":"","discourse_permalink":"","wpdc_publishing_response":"","wpdc_publishing_error":"","footnotes":""},"class_list":["post-10450","page","type-page","status-publish","hentry"],"yoast_head":"<!-- This site is optimized with the Yoast SEO plugin v25.3.1 - https:\/\/yoast.com\/wordpress\/plugins\/seo\/ -->\n<title>Team Showcase-App zur Weebly-Website hinzuf\u00fcgen (schnell und kostenlos)<\/title>\n<meta name=\"description\" content=\"Gestalten Sie mit Elfsight Ihre Team Showcase-App und f\u00fcgen Sie sie auf der Weebly-Website ein. Wir bieten kostenlosen Kundenservice und andere Boni.\" \/>\n<meta name=\"robots\" content=\"index, follow, max-snippet:-1, max-image-preview:large, max-video-preview:-1\" \/>\n<link rel=\"canonical\" href=\"https:\/\/elfsight.com\/de\/team-showcase-widget\/weebly\/\" \/>\n<meta property=\"og:locale\" content=\"de_DE\" \/>\n<meta property=\"og:type\" content=\"article\" \/>\n<meta property=\"og:title\" content=\"Team Showcase-App zur Weebly-Website hinzuf\u00fcgen (schnell und kostenlos)\" \/>\n<meta property=\"og:description\" content=\"Gestalten Sie mit Elfsight Ihre Team Showcase-App und f\u00fcgen Sie sie auf der Weebly-Website ein. Wir bieten kostenlosen Kundenservice und andere Boni.\" \/>\n<meta property=\"og:url\" content=\"https:\/\/elfsight.com\/de\/team-showcase-widget\/weebly\/\" \/>\n<meta property=\"og:site_name\" content=\"Elfsight DE\" \/>\n<meta property=\"article:modified_time\" content=\"2025-02-24T18:05:35+00:00\" \/>\n<meta name=\"twitter:card\" content=\"summary_large_image\" \/>\n<meta name=\"twitter:label1\" content=\"Gesch\u00e4tzte Lesezeit\" \/>\n\t<meta name=\"twitter:data1\" content=\"4\u00a0Minuten\" \/>\n<!-- \/ Yoast SEO plugin. -->","yoast_head_json":{"title":"Team Showcase-App zur Weebly-Website hinzuf\u00fcgen (schnell und kostenlos)","description":"Gestalten Sie mit Elfsight Ihre Team Showcase-App und f\u00fcgen Sie sie auf der Weebly-Website ein. Wir bieten kostenlosen Kundenservice und andere Boni.","robots":{"index":"index","follow":"follow","max-snippet":"max-snippet:-1","max-image-preview":"max-image-preview:large","max-video-preview":"max-video-preview:-1"},"canonical":"https:\/\/elfsight.com\/de\/team-showcase-widget\/weebly\/","og_locale":"de_DE","og_type":"article","og_title":"Team Showcase-App zur Weebly-Website hinzuf\u00fcgen (schnell und kostenlos)","og_description":"Gestalten Sie mit Elfsight Ihre Team Showcase-App und f\u00fcgen Sie sie auf der Weebly-Website ein. Wir bieten kostenlosen Kundenservice und andere Boni.","og_url":"https:\/\/elfsight.com\/de\/team-showcase-widget\/weebly\/","og_site_name":"Elfsight DE","article_modified_time":"2025-02-24T18:05:35+00:00","twitter_card":"summary_large_image","twitter_misc":{"Gesch\u00e4tzte Lesezeit":"4\u00a0Minuten"},"schema":{"@context":"https:\/\/schema.org","@graph":[{"@type":"WebPage","@id":"https:\/\/elfsight.com\/de\/team-showcase-widget\/weebly\/","url":"https:\/\/elfsight.com\/de\/team-showcase-widget\/weebly\/","name":"Team Showcase-App zur Weebly-Website hinzuf\u00fcgen (schnell und kostenlos)","isPartOf":{"@id":"https:\/\/elfsight.com\/de\/#website"},"datePublished":"1970-01-01T00:00:00+00:00","dateModified":"2025-02-24T18:05:35+00:00","description":"Gestalten Sie mit Elfsight Ihre Team Showcase-App und f\u00fcgen Sie sie auf der Weebly-Website ein. Wir bieten kostenlosen Kundenservice und andere Boni.","breadcrumb":{"@id":"https:\/\/elfsight.com\/de\/team-showcase-widget\/weebly\/#breadcrumb"},"inLanguage":"de","potentialAction":[{"@type":"ReadAction","target":["https:\/\/elfsight.com\/de\/team-showcase-widget\/weebly\/"]}]},{"@type":"BreadcrumbList","@id":"https:\/\/elfsight.com\/de\/team-showcase-widget\/weebly\/#breadcrumb","itemListElement":[{"@type":"ListItem","position":1,"name":"Home","item":"https:\/\/elfsight.com\/de\/"},{"@type":"ListItem","position":2,"name":"Team Showcase","item":"https:\/\/elfsight.com\/de\/team-showcase-widget\/"},{"@type":"ListItem","position":3,"name":"Team Showcase &#8211; Weebly"}]},{"@type":"WebSite","@id":"https:\/\/elfsight.com\/de\/#website","url":"https:\/\/elfsight.com\/de\/","name":"Elfsight DE","description":"Just another Elfsight Sites site","potentialAction":[{"@type":"SearchAction","target":{"@type":"EntryPoint","urlTemplate":"https:\/\/elfsight.com\/de\/?s={search_term_string}"},"query-input":{"@type":"PropertyValueSpecification","valueRequired":true,"valueName":"search_term_string"}}],"inLanguage":"de"}]}},"meta_box":{"industry":"","seo_heading":"","heading":"","description":"","cta_heading":"","cta_description":"","application":"481","h1":"Weebly Team Showcase-App","h1_caption":"Stellen Sie Ihre Teammitglieder auf professionelle und optisch ansprechende Weise vor und bauen Sie m\u00fchelos Vertrauen und Verbindung zu Ihrem Publikum auf Ihrer Weebly-Website auf.","application_category":[],"applications_title":"","applications_request_title":"","applications_request_button_text":"","hero_text":"","hero_video":"","hero_video_schema_markup":"","selling_points_title":"","selling_points_caption":"","selling_points":[],"selling_points_cta_text":"","features_title":"","features":"","ed_cta_examples_text":"","ed_cta_examples_hidden":"","ed_cta_demo_text":"","ed_cta_demo_hidden":"","why_caption":"","why_editor_title":"","why_editor_text":"","why_team_title":"","why_team_text":"","why_service_title":"","why_service_text":"","template_catalog_visible":"0","template_catalog_title":"","template_catalog_text":"","template_catalog_categories_visible":"","demo_title":"Erstellen Sie Ihre Team Showcase-App","demo_caption":"Konfigurieren Sie Ihr Team Showcase und f\u00fcgen Sie es kostenlos Ihrer Weebly-Website hinzu!","default_faq_hidden":"","app_template_category":[],"platform":"249","template_public_id":"","codecanyon_url":"","codecanyon_item_id":"","codecanyon_price":"","pricing_caption":"","pricing_elfsight_apps_hide_column":"","pricing_elfsight_apps_url":"","pricing_codecanyon_price_caption":"","integration_category":[],"integration_request_title":"","integration_request_cta":"","integration_platform":"","integrations":[],"platform_category":[],"video_schema_markup":"","price":"ab 0 $ \/ Monat","trial":"","benefits":[{"text":"Kostenlose Installationshilfe"},{"text":"Erfahrener Kundensupport"},{"text":"14-t\u00e4gige R\u00fcckerstattungsgarantie"},{"text":"Kontinuierliche kostenlose Updates"}],"button_url":"#demo","button_target_blank":"0","button_nofollow":"0","attributes":[{"name":"Installiert","content":"10,000 - 100,000"},{"name":"Reaktionsfreudig","content":"Ja"},{"name":"Kompatible Browser","content":"Firefox, Safari, Opera, Chrome, Edge"}],"tags":[],"tags_disable_links":"0","hide_more_platforms":"0","video_object":"","demo_hide_cta":"0","demo_hide_cloud_options":"0","pricing_title":"","pricing":[{"pricing_icon":"platform","pricing_title":"Elfsight Apps","pricing_title_caption":"Multiplattform-Software, die f\u00fcr jede Website geeignet ist","pricing_price":"ab 0 $ \/ Monat","pricing_price_caption":"Beginnen Sie mit einem kostenlosen Plan","pricing_benefits":[{"text":"Unbegrenzte Websites"},{"text":"Engagierter und p\u00fcnktlicher Support und gut dokumentiert"},{"text":"Kostenloser Installationssupport"},{"text":"Vollst\u00e4ndig anpassbar"}],"pricing_button_text":"Zur Website hinzuf\u00fcgen","pricing_button_url":"#demo"}],"related_apps_title":"","related_apps_hidden":"0","author":"","image":[],"title":"","job":"","social_networks":[]},"_links":{"self":[{"href":"https:\/\/elfsight.com\/de\/wp-json\/wp\/v2\/pages\/10450","targetHints":{"allow":["GET"]}}],"collection":[{"href":"https:\/\/elfsight.com\/de\/wp-json\/wp\/v2\/pages"}],"about":[{"href":"https:\/\/elfsight.com\/de\/wp-json\/wp\/v2\/types\/page"}],"author":[{"embeddable":true,"href":"https:\/\/elfsight.com\/de\/wp-json\/wp\/v2\/users\/9"}],"replies":[{"embeddable":true,"href":"https:\/\/elfsight.com\/de\/wp-json\/wp\/v2\/comments?post=10450"}],"version-history":[{"count":3,"href":"https:\/\/elfsight.com\/de\/wp-json\/wp\/v2\/pages\/10450\/revisions"}],"predecessor-version":[{"id":24874,"href":"https:\/\/elfsight.com\/de\/wp-json\/wp\/v2\/pages\/10450\/revisions\/24874"}],"up":[{"embeddable":true,"href":"https:\/\/elfsight.com\/de\/wp-json\/wp\/v2\/pages\/1952"}],"wp:attachment":[{"href":"https:\/\/elfsight.com\/de\/wp-json\/wp\/v2\/media?parent=10450"}],"curies":[{"name":"wp","href":"https:\/\/api.w.org\/{rel}","templated":true}]}}