{"id":10444,"date":"1970-01-01T00:00:00","date_gmt":"1970-01-01T00:00:00","guid":{"rendered":"https:\/\/elfsight.com\/de\/?page_id=10444"},"modified":"2025-02-24T17:46:31","modified_gmt":"2025-02-24T17:46:31","slug":"elementor","status":"publish","type":"page","link":"https:\/\/elfsight.com\/de\/team-showcase-widget\/elementor\/","title":{"rendered":"Team Showcase &#8211; Elementor"},"content":{"rendered":"\n<div class=\"application-platform-content-item-description application-platform-content-item\" id=\"description\" data-nav-section=\"description\"> <h2>Team Showcase auf Elementor mit dem Elfsight-Widget einbetten<\/h2><p>Das Widget ist Ihre benutzerfreundlichste M\u00f6glichkeit Zeigen Sie Ihre Teammitglieder auf der Website an. Das Widget hilft dabei, Informationen \u00fcber jede Art von Team zu erhalten: Gesch\u00e4ftskollegen, Sportmannschaft, akademisches Personal, Firmenmitarbeiter und andere. Zeigen Sie ein Bild, ver\u00f6ffentlichen Sie Kontaktinformationen und einen benutzerdefinierten Text zu jeder Person. Website-Besucher haben die M\u00f6glichkeit, sie \u00fcber aktive Links und Social-Media-Symbole im Handumdrehen zu erreichen. Sie k\u00f6nnen Gruppen bilden und die Struktur Ihres Teams darstellen, Layouts, Farben und mehr ausw\u00e4hlen. Steigern Sie die Vertrauensw\u00fcrdigkeit Ihres Unternehmens und zeigen Sie sein menschliches Gesicht! <\/p><div class=\"faq\" data-component=\"FAQ\"><div class=\"faq-item\">\r\n\t\t\t\t\t<div class=\"faq-item-question\">\r\n\t\t\t\t\t\t<h3 class=\"faq-item-question-text\">Wie kann ich einen Team Showcase in meine Elementor-Site einbetten? <\/h3>\r\n\r\n\t\t\t\t\t\t<div class=\"faq-item-question-icon\"><\/div>\r\n\t\t\t\t\t<\/div>\r\n\r\n\t\t\t\t\t<div class=\"faq-item-answer\">\r\n\t\t\t\t\t\t<div class=\"faq-item-answer-text\"><p>Die Erstellung des Tools erfolgt innerhalb des Elfsight-Dienstes und Sie m\u00fcssen nicht lernen, wie man programmiert. Gehen Sie zur aktiven Demo, um Ihr eigenes Widget zu erstellen, den Code zu erwerben und ihn auf Ihrer Website zu implementieren. <\/p><\/div>\r\n\t\t\t\t\t<\/div>\r\n\t\t\t\t<\/div><div class=\"faq-item\">\r\n\t\t\t\t\t<div class=\"faq-item-question\">\r\n\t\t\t\t\t\t<h3 class=\"faq-item-question-text\">Die besten M\u00f6glichkeiten, die Integration von Teammitgliedern zu nutzen<\/h3>\r\n\r\n\t\t\t\t\t\t<div class=\"faq-item-question-icon\"><\/div>\r\n\t\t\t\t\t<\/div>\r\n\r\n\t\t\t\t\t<div class=\"faq-item-answer\">\r\n\t\t\t\t\t\t<div class=\"faq-item-answer-text\"><p>Wir haben viele Personalisierungsm\u00f6glichkeiten: Widgets in voller Gr\u00f6\u00dfe zum Einbetten in die Inhaltszone, schwebend Widgets f\u00fcr Scrolloptionen, Miniaturansichten f\u00fcr die Fu\u00dfzeile, den Kopfbereich und alle Arten von vertikalen Optionen f\u00fcr Seitenleisten und Men\u00fcs der Website. <\/p><\/div>\r\n\t\t\t\t\t<\/div>\r\n\t\t\t\t<\/div><div class=\"faq-item\">\r\n\t\t\t\t\t<div class=\"faq-item-question\">\r\n\t\t\t\t\t\t<h3 class=\"faq-item-question-text\">Wie erstelle ich mit Hilfe des Editors ein Musik- oder Lehrerteam-Showcase? <\/h3>\r\n\r\n\t\t\t\t\t\t<div class=\"faq-item-question-icon\"><\/div>\r\n\t\t\t\t\t<\/div>\r\n\r\n\t\t\t\t\t<div class=\"faq-item-answer\">\r\n\t\t\t\t\t\t<div class=\"faq-item-answer-text\"><p>Sie k\u00f6nnen gerne \u00c4nderungen an jedem Widget vornehmen. Im Editor stehen zahlreiche Layouts zur Verf\u00fcgung, die alle schnell an Ihre Bed\u00fcrfnisse angepasst werden k\u00f6nnen. <\/p><\/div>\r\n\t\t\t\t\t<\/div>\r\n\t\t\t\t<\/div><\/div><\/div><div class=\"application-platform-content-item-features application-platform-content-item\" id=\"features\" data-nav-section=\"features\"> <h2>Hauptfunktionen des Team Showcase-Widgets<\/h2> <p>Um eine klarere Vorstellung von Team Showcase zu erhalten, Sehen Sie sich die Liste seiner wesentlichen Merkmale an. Sie machen unser Widget f\u00fcr Ihr Gesch\u00e4ft wirklich effizient:<\/p> <ul><li>Aktive Symbole sozialer Konten und Links zur Website und E-Mail-Adresse;<\/li><li>Der Standort einer Person wird auf Google Maps per Klick angezeigt ;<\/li><li>Popup \u00f6ffnet alle Details eines Teammitglieds;<\/li><li>Zwei M\u00f6glichkeiten, Gruppen anzuzeigen: in einer Gesamtliste oder mit Men\u00fc;<\/li><li>4 Varianten des Layouts W\u00e4hlen Sie: Raster, Karten, Galerie, Liste.<\/li><\/ul><p><a href=\"#demo\">Lernen Sie alle Funktionen in unserer Demo<\/a><\/p> <\/div><div class=\"application-platform-content-item-installation application-platform-content-item\" id=\"installation\" data-nav-section=\"installation\"> <h2>So f\u00fcgen Sie den Team Showcase zu Ihrer Elementor-Website hinzu<\/h2> <div class=\"video-container\"><iframe width=\"560\" height=\"315\" src=\"https:\/\/www.youtube.com\/embed\/4Zhvy42wdd0?si=KAcA2vabbngPpbgq\" frameborder=\"0\" allow=\"accelerometer; autoplay; clipboard-write; encrypted-media; gyroscope; picture-in-picture; web-share\" allowfullscreen><\/iframe><\/div><p>Diese verschiedenen Aktionen sind das Einzige, was Sie hinzuf\u00fcgen m\u00fcssen.<\/p> <ul><li><b>Generieren Sie Ihr individuelles Team-Showcase<\/b><br>Erstellen Sie mit unserer kostenlosen Demo ein Plugin mit den notwendigen Vorlagen und Funktionen.<\/li> <li><b>Kopieren Sie einen Code f\u00fcr die Anzeige Plugin<\/b><br>Nach der Widget-Erstellung erhalten Sie einen Code f\u00fcr das Showcase-Plugin aus der angezeigten Benachrichtigung auf Elfsight Apps.<\/li><li><b>Zeigen Sie das Widget auf der Seite an<\/b><br>Starten Geben Sie den Seitencode im HTML-Editor ein, integrieren Sie das Widget an der erforderlichen Stelle (Inhalt, Fu\u00dfzeile, Seitenleiste usw.) und ver\u00f6ffentlichen Sie die Ergebnisse.<\/li><li><b>Die Installation ist abgeschlossen<\/b><br>Gehe zu Besuchen Sie die Elementor-Website, um Ihr Plugin zu sehen.<\/li><\/ul><p>Immer noch unsicher? Oder haben Sie Fragen? Eine einzige Anfrage an unsere Kundensupport-Abteilung hilft bei jeder Frage.<\/p> <\/div>\n","protected":false},"excerpt":{"rendered":"","protected":false},"author":9,"featured_media":0,"parent":1952,"menu_order":0,"comment_status":"closed","ping_status":"closed","template":"templates\/template-application-platform.php","meta":{"publish_to_discourse":"","publish_post_category":"","wpdc_auto_publish_overridden":"","wpdc_topic_tags":"","wpdc_pin_topic":"","wpdc_pin_until":"","discourse_post_id":"","discourse_permalink":"","wpdc_publishing_response":"","wpdc_publishing_error":"","footnotes":""},"class_list":["post-10444","page","type-page","status-publish","hentry"],"yoast_head":"<!-- This site is optimized with the Yoast SEO plugin v25.3.1 - https:\/\/yoast.com\/wordpress\/plugins\/seo\/ -->\n<title>Team Showcase-Widget f\u00fcr die Elementor-Website (schnell und kostenlos)<\/title>\n<meta name=\"description\" content=\"Es ist ganz einfach, Ihr Team Showcase-Widget zu gestalten und auf der Elementor-Website zu ver\u00f6ffentlichen. Der Elfsight-Kundensupport ist kostenlos.\" \/>\n<meta name=\"robots\" content=\"index, follow, max-snippet:-1, max-image-preview:large, max-video-preview:-1\" \/>\n<link rel=\"canonical\" href=\"https:\/\/elfsight.com\/de\/team-showcase-widget\/elementor\/\" \/>\n<meta property=\"og:locale\" content=\"de_DE\" \/>\n<meta property=\"og:type\" content=\"article\" \/>\n<meta property=\"og:title\" content=\"Team Showcase-Widget f\u00fcr die Elementor-Website (schnell und kostenlos)\" \/>\n<meta property=\"og:description\" content=\"Es ist ganz einfach, Ihr Team Showcase-Widget zu gestalten und auf der Elementor-Website zu ver\u00f6ffentlichen. Der Elfsight-Kundensupport ist kostenlos.\" \/>\n<meta property=\"og:url\" content=\"https:\/\/elfsight.com\/de\/team-showcase-widget\/elementor\/\" \/>\n<meta property=\"og:site_name\" content=\"Elfsight DE\" \/>\n<meta property=\"article:modified_time\" content=\"2025-02-24T17:46:31+00:00\" \/>\n<meta name=\"twitter:card\" content=\"summary_large_image\" \/>\n<meta name=\"twitter:label1\" content=\"Gesch\u00e4tzte Lesezeit\" \/>\n\t<meta name=\"twitter:data1\" content=\"3\u00a0Minuten\" \/>\n<!-- \/ Yoast SEO plugin. -->","yoast_head_json":{"title":"Team Showcase-Widget f\u00fcr die Elementor-Website (schnell und kostenlos)","description":"Es ist ganz einfach, Ihr Team Showcase-Widget zu gestalten und auf der Elementor-Website zu ver\u00f6ffentlichen. Der Elfsight-Kundensupport ist kostenlos.","robots":{"index":"index","follow":"follow","max-snippet":"max-snippet:-1","max-image-preview":"max-image-preview:large","max-video-preview":"max-video-preview:-1"},"canonical":"https:\/\/elfsight.com\/de\/team-showcase-widget\/elementor\/","og_locale":"de_DE","og_type":"article","og_title":"Team Showcase-Widget f\u00fcr die Elementor-Website (schnell und kostenlos)","og_description":"Es ist ganz einfach, Ihr Team Showcase-Widget zu gestalten und auf der Elementor-Website zu ver\u00f6ffentlichen. Der Elfsight-Kundensupport ist kostenlos.","og_url":"https:\/\/elfsight.com\/de\/team-showcase-widget\/elementor\/","og_site_name":"Elfsight DE","article_modified_time":"2025-02-24T17:46:31+00:00","twitter_card":"summary_large_image","twitter_misc":{"Gesch\u00e4tzte Lesezeit":"3\u00a0Minuten"},"schema":{"@context":"https:\/\/schema.org","@graph":[{"@type":"WebPage","@id":"https:\/\/elfsight.com\/de\/team-showcase-widget\/elementor\/","url":"https:\/\/elfsight.com\/de\/team-showcase-widget\/elementor\/","name":"Team Showcase-Widget f\u00fcr die Elementor-Website (schnell und kostenlos)","isPartOf":{"@id":"https:\/\/elfsight.com\/de\/#website"},"datePublished":"1970-01-01T00:00:00+00:00","dateModified":"2025-02-24T17:46:31+00:00","description":"Es ist ganz einfach, Ihr Team Showcase-Widget zu gestalten und auf der Elementor-Website zu ver\u00f6ffentlichen. Der Elfsight-Kundensupport ist kostenlos.","breadcrumb":{"@id":"https:\/\/elfsight.com\/de\/team-showcase-widget\/elementor\/#breadcrumb"},"inLanguage":"de","potentialAction":[{"@type":"ReadAction","target":["https:\/\/elfsight.com\/de\/team-showcase-widget\/elementor\/"]}]},{"@type":"BreadcrumbList","@id":"https:\/\/elfsight.com\/de\/team-showcase-widget\/elementor\/#breadcrumb","itemListElement":[{"@type":"ListItem","position":1,"name":"Home","item":"https:\/\/elfsight.com\/de\/"},{"@type":"ListItem","position":2,"name":"Team Showcase","item":"https:\/\/elfsight.com\/de\/team-showcase-widget\/"},{"@type":"ListItem","position":3,"name":"Team Showcase &#8211; Elementor"}]},{"@type":"WebSite","@id":"https:\/\/elfsight.com\/de\/#website","url":"https:\/\/elfsight.com\/de\/","name":"Elfsight DE","description":"Just another Elfsight Sites site","potentialAction":[{"@type":"SearchAction","target":{"@type":"EntryPoint","urlTemplate":"https:\/\/elfsight.com\/de\/?s={search_term_string}"},"query-input":{"@type":"PropertyValueSpecification","valueRequired":true,"valueName":"search_term_string"}}],"inLanguage":"de"}]}},"meta_box":{"industry":"","seo_heading":"","heading":"","description":"","cta_heading":"","cta_description":"","application":"481","h1":"Elementor Team Showcase-Widget","h1_caption":"Stellen Sie Ihre Teammitglieder auf professionelle und optisch ansprechende Weise vor und bauen Sie m\u00fchelos Vertrauen und Verbindung zu Ihrem Publikum auf Ihrer Elementor-Website auf.","application_category":[],"applications_title":"","applications_request_title":"","applications_request_button_text":"","hero_text":"","hero_video":"","hero_video_schema_markup":"","selling_points_title":"","selling_points_caption":"","selling_points":[],"selling_points_cta_text":"","features_title":"","features":"","ed_cta_examples_text":"","ed_cta_examples_hidden":"","ed_cta_demo_text":"","ed_cta_demo_hidden":"","why_caption":"","why_editor_title":"","why_editor_text":"","why_team_title":"","why_team_text":"","why_service_title":"","why_service_text":"","template_catalog_visible":"0","template_catalog_title":"","template_catalog_text":"","template_catalog_categories_visible":"","demo_title":"Erstellen Sie Ihr Team Showcase-Widget","demo_caption":"Konfigurieren Sie Ihr Team Showcase und f\u00fcgen Sie es kostenlos zu Ihrer Elementor-Website hinzu!","default_faq_hidden":"","app_template_category":[],"platform":"223","template_public_id":"","codecanyon_url":"","codecanyon_item_id":"","codecanyon_price":"","pricing_caption":"","pricing_elfsight_apps_hide_column":"","pricing_elfsight_apps_url":"","pricing_codecanyon_price_caption":"","integration_category":[],"integration_request_title":"","integration_request_cta":"","integration_platform":"","integrations":[],"platform_category":[],"video_schema_markup":"","price":"ab 0 $ \/ Monat","trial":"","benefits":[{"text":"Kostenlose Installationsunterst\u00fctzung"},{"text":"Effektiver Kundenservice"},{"text":"14-t\u00e4gige Geld-zur\u00fcck-Garantie"},{"text":"Laufende Verbesserungen"}],"button_url":"#demo","button_target_blank":"0","button_nofollow":"0","attributes":[{"name":"Installiert","content":"10,000 - 100,000"},{"name":"Reaktionsfreudig","content":"Ja"},{"name":"Kompatible Browser","content":"Firefox, Safari, Opera, Chrome, Edge"}],"tags":[],"tags_disable_links":"0","hide_more_platforms":"0","video_object":"","demo_hide_cta":"0","demo_hide_cloud_options":"0","pricing_title":"","pricing":[{"pricing_icon":"platform","pricing_title":"Elfsight Apps","pricing_title_caption":"Plattform\u00fcbergreifende digitale L\u00f6sung","pricing_price":"ab 0 $ \/ Monat","pricing_price_caption":"Beginnen Sie mit einem kostenlosen Plan","pricing_benefits":[{"text":"Unbegrenzte Domains"},{"text":"Schneller und p\u00fcnktlicher Support"},{"text":"Kostenlose Installationsunterst\u00fctzung"},{"text":"Preis f\u00fcr mehrere Apps"}],"pricing_button_text":"Zur Website hinzuf\u00fcgen","pricing_button_url":"#demo"}],"related_apps_title":"","related_apps_hidden":"0","author":"","image":[],"title":"","job":"","social_networks":[]},"_links":{"self":[{"href":"https:\/\/elfsight.com\/de\/wp-json\/wp\/v2\/pages\/10444","targetHints":{"allow":["GET"]}}],"collection":[{"href":"https:\/\/elfsight.com\/de\/wp-json\/wp\/v2\/pages"}],"about":[{"href":"https:\/\/elfsight.com\/de\/wp-json\/wp\/v2\/types\/page"}],"author":[{"embeddable":true,"href":"https:\/\/elfsight.com\/de\/wp-json\/wp\/v2\/users\/9"}],"replies":[{"embeddable":true,"href":"https:\/\/elfsight.com\/de\/wp-json\/wp\/v2\/comments?post=10444"}],"version-history":[{"count":3,"href":"https:\/\/elfsight.com\/de\/wp-json\/wp\/v2\/pages\/10444\/revisions"}],"predecessor-version":[{"id":24863,"href":"https:\/\/elfsight.com\/de\/wp-json\/wp\/v2\/pages\/10444\/revisions\/24863"}],"up":[{"embeddable":true,"href":"https:\/\/elfsight.com\/de\/wp-json\/wp\/v2\/pages\/1952"}],"wp:attachment":[{"href":"https:\/\/elfsight.com\/de\/wp-json\/wp\/v2\/media?parent=10444"}],"curies":[{"name":"wp","href":"https:\/\/api.w.org\/{rel}","templated":true}]}}