{"id":10443,"date":"1970-01-01T00:00:00","date_gmt":"1970-01-01T00:00:00","guid":{"rendered":"https:\/\/elfsight.com\/de\/?page_id=10443"},"modified":"2025-02-24T17:55:44","modified_gmt":"2025-02-24T17:55:44","slug":"iframe","status":"publish","type":"page","link":"https:\/\/elfsight.com\/de\/team-showcase-widget\/iframe\/","title":{"rendered":"Team Showcase &#8211; iFrame"},"content":{"rendered":"\n<div class=\"application-platform-content-item-description application-platform-content-item\" id=\"description\" data-nav-section=\"description\"><h2>Team Showcase mit dem Elfsight-Widget in iFrame einbetten<\/h2><p>Dieses Widget ist die perfekte M\u00f6glichkeit, Ihr Team auf dem zu pr\u00e4sentieren Webseite. Unser Widget hilft dabei, die Gesichter und Rollen jeder Art von Team darzustellen: Gesch\u00e4ftspartner, Sportvereine, Professoren, Firmenmitarbeiter und andere. Zeigen Sie ein Foto, f\u00fcgen Sie Kontaktinformationen und einen detaillierten Text zu jedem Teammitglied hinzu. Den Website-Besuchern wird die M\u00f6glichkeit geboten, sie \u00fcber aktive Links und Social Icons nahtlos anzusprechen. Sie k\u00f6nnen Kategorien erstellen und das Format Ihres Teams anzeigen, Layouts, Farben und mehr ausw\u00e4hlen. Steigern Sie das Vertrauen in Ihr Unternehmen, indem Sie sein menschliches Image zeigen!<\/p> <p><b>Steigern Sie das Vertrauen Ihrer Website mit Hilfe von Elfsight Team Showcase!<\/b><\/p> <\/div><div class=\"application-platform-content-item- Features application-platform-content-item\" id=\" Features\" data-nav-section=\" Features\"><h2>Hauptfunktionen des Team Showcase-Widgets<\/h2><p>Um mehr \u00fcber Team Showcase zu erfahren, k\u00f6nnen Sie einen Blick auf die Liste der wichtigsten Funktionen werfen. Sie machen unser Widget f\u00fcr Ihre Werbung unglaublich effektiv:<\/p> <ul><li>Anklickbare Symbole f\u00fcr soziale Medien und Links zur Website und E-Mail-Adresse;<\/li><li> Die Standortadresse wird beim Klicken auf Google Maps ge\u00f6ffnet;<\/li><li>Popup \u00f6ffnet weitere Details einer Person;<\/li><li>2 M\u00f6glichkeiten, Kategorien anzuzeigen: in einer allgemeinen Liste oder mit Men\u00fc;<\/li><li>Vier Layoutoptionen: Raster, Karten , Galerie, Liste.<\/li><\/ul><p><a href=\"#demo\">Sehen Sie sich alle verf\u00fcgbaren Funktionen in der Live-Demo an<\/a><\/p><\/div><div class=\"application-platform-content-item-Installation application-platform-content-item\" id=\"Installation\" data-nav-section=\"Installation\"><h2>So f\u00fcgen Sie Team Showcase zur iFrame-Website hinzu<\/h2><p>Folgen Sie diesen einfachen Schritten, um das Widget zu aktivieren. <\/p> <ol><li><b>Generieren Sie Ihr einzigartiges Team Showcase-Plugin<\/b><br> Erstellen Sie mithilfe unserer kostenlosen Demo ein Plugin mit einem ausgew\u00e4hlten Design und funktionalen Merkmalen. <\/li><li><b>Kopieren Sie den individuellen Code, um das Plugin zu integrieren<\/b><br> Nachdem Sie Ihr Widget eingerichtet haben, erhalten Sie den Installationscode aus dem Popup-Fenster von Elfsight Apps. Kopiere diesen Code. <\/li> <li><b>Ver\u00f6ffentlichen Sie das Plugin auf Ihrer iFrame-Site<\/b><br> Suchen Sie den Ort, an dem Sie das Plugin anzeigen m\u00f6chten, und f\u00fcgen Sie dort den kopierten Code ein. Wenden Sie die Ergebnisse an. <\/li> <li><b>Fertig! <\/b><br> Betreten Sie die Website, um Ihre Teammitglieder anzuzeigen. <\/li> <\/ol><p>Unser Kundensupport-Team hilft Ihnen gerne weiter, falls Sie Fragen haben!<\/p><div class=\"faq\" data-component=\"FAQ\"><div class=\"faq-item\">\r\n\t\t\t\t\t<div class=\"faq-item-question\">\r\n\t\t\t\t\t\t<h3 class=\"faq-item-question-text\">Gibt es eine Methode zum Hinzuf\u00fcgen von Team Showcase zu meiner iFrame-Website hinzuf\u00fcgen, ohne zu programmieren?<\/h3>\r\n\r\n\t\t\t\t\t\t<div class=\"faq-item-question-icon\"><\/div>\r\n\t\t\t\t\t<\/div>\r\n\r\n\t\t\t\t\t<div class=\"faq-item-answer\">\r\n\t\t\t\t\t\t<div class=\"faq-item-answer-text\"> Ihre iFrame-Website. Entscheiden Sie sich f\u00fcr eine unserer vorgefertigten Vorlagen und passen Sie die Team Showcase-Einstellungen an, aktualisieren Sie Ihre Inhalte, \u00e4ndern Sie das Layout und die Farben ganz ohne Programmierkenntnisse. Klicken Sie, um das Team Showcase zu speichern und den Code f\u00fcr die Installation zu kopieren, den Sie m\u00fchelos und kostenlos in Ihre iFrame-Webseite einbetten k\u00f6nnen. Mit unserem unkomplizierten Konfigurator kann jeder Internetnutzer online ein Team Showcase-Widget erstellen und es einfach zu jeder iFrame-Homepage hinzuf\u00fcgen. Sie m\u00fcssen weder bezahlen noch Ihre Kartendaten eingeben, um auf den Editor zuzugreifen. Wenn Sie auf Probleme jeglicher Art sto\u00dfen, wenden Sie sich bitte an unsere Mitarbeiter des technischen Supports.<\/p> <\/div>\r\n\t\t\t\t\t<\/div>\r\n\t\t\t\t<\/div> <\/div><\/div>\n","protected":false},"excerpt":{"rendered":"","protected":false},"author":9,"featured_media":0,"parent":1952,"menu_order":0,"comment_status":"closed","ping_status":"closed","template":"templates\/template-application-platform.php","meta":{"publish_to_discourse":"","publish_post_category":"","wpdc_auto_publish_overridden":"","wpdc_topic_tags":"","wpdc_pin_topic":"","wpdc_pin_until":"","discourse_post_id":"","discourse_permalink":"","wpdc_publishing_response":"","wpdc_publishing_error":"","footnotes":""},"class_list":["post-10443","page","type-page","status-publish","hentry"],"yoast_head":"<!-- This site is optimized with the Yoast SEO plugin v25.3.1 - https:\/\/yoast.com\/wordpress\/plugins\/seo\/ -->\n<title>iFrame Team Showcase-Plugin f\u00fcr Ihre Website (kostenlos und schnell)<\/title>\n<meta name=\"description\" content=\"Es ist wirklich einfach, Ihr Team Showcase-Widget zu erstellen und es auf Ihrer iFrame-Website hinzuzuf\u00fcgen. Der Kundendienst von Elfsight ist kostenlos und schnell.\" \/>\n<meta name=\"robots\" content=\"index, follow, max-snippet:-1, max-image-preview:large, max-video-preview:-1\" \/>\n<link rel=\"canonical\" href=\"https:\/\/elfsight.com\/de\/team-showcase-widget\/iframe\/\" \/>\n<meta property=\"og:locale\" content=\"de_DE\" \/>\n<meta property=\"og:type\" content=\"article\" \/>\n<meta property=\"og:title\" content=\"iFrame Team Showcase-Plugin f\u00fcr Ihre Website (kostenlos und schnell)\" \/>\n<meta property=\"og:description\" content=\"Es ist wirklich einfach, Ihr Team Showcase-Widget zu erstellen und es auf Ihrer iFrame-Website hinzuzuf\u00fcgen. Der Kundendienst von Elfsight ist kostenlos und schnell.\" \/>\n<meta property=\"og:url\" content=\"https:\/\/elfsight.com\/de\/team-showcase-widget\/iframe\/\" \/>\n<meta property=\"og:site_name\" content=\"Elfsight DE\" \/>\n<meta property=\"article:modified_time\" content=\"2025-02-24T17:55:44+00:00\" \/>\n<meta name=\"twitter:card\" content=\"summary_large_image\" \/>\n<meta name=\"twitter:label1\" content=\"Gesch\u00e4tzte Lesezeit\" \/>\n\t<meta name=\"twitter:data1\" content=\"3\u00a0Minuten\" \/>\n<!-- \/ Yoast SEO plugin. -->","yoast_head_json":{"title":"iFrame Team Showcase-Plugin f\u00fcr Ihre Website (kostenlos und schnell)","description":"Es ist wirklich einfach, Ihr Team Showcase-Widget zu erstellen und es auf Ihrer iFrame-Website hinzuzuf\u00fcgen. Der Kundendienst von Elfsight ist kostenlos und schnell.","robots":{"index":"index","follow":"follow","max-snippet":"max-snippet:-1","max-image-preview":"max-image-preview:large","max-video-preview":"max-video-preview:-1"},"canonical":"https:\/\/elfsight.com\/de\/team-showcase-widget\/iframe\/","og_locale":"de_DE","og_type":"article","og_title":"iFrame Team Showcase-Plugin f\u00fcr Ihre Website (kostenlos und schnell)","og_description":"Es ist wirklich einfach, Ihr Team Showcase-Widget zu erstellen und es auf Ihrer iFrame-Website hinzuzuf\u00fcgen. Der Kundendienst von Elfsight ist kostenlos und schnell.","og_url":"https:\/\/elfsight.com\/de\/team-showcase-widget\/iframe\/","og_site_name":"Elfsight DE","article_modified_time":"2025-02-24T17:55:44+00:00","twitter_card":"summary_large_image","twitter_misc":{"Gesch\u00e4tzte Lesezeit":"3\u00a0Minuten"},"schema":{"@context":"https:\/\/schema.org","@graph":[{"@type":"WebPage","@id":"https:\/\/elfsight.com\/de\/team-showcase-widget\/iframe\/","url":"https:\/\/elfsight.com\/de\/team-showcase-widget\/iframe\/","name":"iFrame Team Showcase-Plugin f\u00fcr Ihre Website (kostenlos und schnell)","isPartOf":{"@id":"https:\/\/elfsight.com\/de\/#website"},"datePublished":"1970-01-01T00:00:00+00:00","dateModified":"2025-02-24T17:55:44+00:00","description":"Es ist wirklich einfach, Ihr Team Showcase-Widget zu erstellen und es auf Ihrer iFrame-Website hinzuzuf\u00fcgen. Der Kundendienst von Elfsight ist kostenlos und schnell.","breadcrumb":{"@id":"https:\/\/elfsight.com\/de\/team-showcase-widget\/iframe\/#breadcrumb"},"inLanguage":"de","potentialAction":[{"@type":"ReadAction","target":["https:\/\/elfsight.com\/de\/team-showcase-widget\/iframe\/"]}]},{"@type":"BreadcrumbList","@id":"https:\/\/elfsight.com\/de\/team-showcase-widget\/iframe\/#breadcrumb","itemListElement":[{"@type":"ListItem","position":1,"name":"Home","item":"https:\/\/elfsight.com\/de\/"},{"@type":"ListItem","position":2,"name":"Team Showcase","item":"https:\/\/elfsight.com\/de\/team-showcase-widget\/"},{"@type":"ListItem","position":3,"name":"Team Showcase &#8211; iFrame"}]},{"@type":"WebSite","@id":"https:\/\/elfsight.com\/de\/#website","url":"https:\/\/elfsight.com\/de\/","name":"Elfsight DE","description":"Just another Elfsight Sites site","potentialAction":[{"@type":"SearchAction","target":{"@type":"EntryPoint","urlTemplate":"https:\/\/elfsight.com\/de\/?s={search_term_string}"},"query-input":{"@type":"PropertyValueSpecification","valueRequired":true,"valueName":"search_term_string"}}],"inLanguage":"de"}]}},"meta_box":{"industry":"","seo_heading":"","heading":"","description":"","cta_heading":"","cta_description":"","application":"481","h1":"iFrame-Team-Showcase","h1_caption":"Stellen Sie Ihre Teammitglieder auf professionelle und optisch ansprechende Weise vor und bauen Sie m\u00fchelos Vertrauen und Verbindung zu Ihrem Publikum auf Ihrer iFrame-Website auf.","application_category":[],"applications_title":"","applications_request_title":"","applications_request_button_text":"","hero_text":"","hero_video":"","hero_video_schema_markup":"","selling_points_title":"","selling_points_caption":"","selling_points":[],"selling_points_cta_text":"","features_title":"","features":"","ed_cta_examples_text":"","ed_cta_examples_hidden":"","ed_cta_demo_text":"","ed_cta_demo_hidden":"","why_caption":"","why_editor_title":"","why_editor_text":"","why_team_title":"","why_team_text":"","why_service_title":"","why_service_text":"","template_catalog_visible":"0","template_catalog_title":"","template_catalog_text":"","template_catalog_categories_visible":"","demo_title":"Erstellen Sie Ihr Team Showcase-Widget","demo_caption":"Konfigurieren Sie Ihr Team Showcase und f\u00fcgen Sie es kostenlos zu Ihrer iFrame-Website hinzu!","default_faq_hidden":"","app_template_category":[],"platform":"240","template_public_id":"","codecanyon_url":"","codecanyon_item_id":"","codecanyon_price":"","pricing_caption":"","pricing_elfsight_apps_hide_column":"","pricing_elfsight_apps_url":"","pricing_codecanyon_price_caption":"","integration_category":[],"integration_request_title":"","integration_request_cta":"","integration_platform":"","integrations":[],"platform_category":[],"video_schema_markup":"","price":"ab 0 $ \/ Monat","trial":"","benefits":[{"text":"Kostenlose Installationshilfe"},{"text":"Premium-Support"},{"text":"14-t\u00e4gige Geld-zur\u00fcck-Garantie"},{"text":"Zuk\u00fcnftige kostenlose Verbesserungen"}],"button_url":"#demo","button_target_blank":"0","button_nofollow":"0","attributes":[{"name":"Installiert","content":"10,000 - 100,000"},{"name":"Reaktionsfreudig","content":"Ja"},{"name":"Kompatible Browser","content":"Chrome, Edge, Opera, Firefox, Safari"}],"tags":[],"tags_disable_links":"0","hide_more_platforms":"0","video_object":"","demo_hide_cta":"0","demo_hide_cloud_options":"0","pricing_title":"","pricing":[{"pricing_icon":"platform","pricing_title":"Elfsight Apps","pricing_title_caption":"Multiplattform-L\u00f6sung, die auf jeder Website funktioniert","pricing_price":"ab 0 $ \/ Monat","pricing_price_caption":"Beginnen Sie mit einem kostenlosen Plan","pricing_benefits":[{"text":"Unbegrenzte Websites"},{"text":"Schnelle Unterst\u00fctzung"},{"text":"Kostenlose Installationsunterst\u00fctzung"},{"text":"Sonderpreis f\u00fcr mehrere Apps"}],"pricing_button_text":"Zur Website hinzuf\u00fcgen","pricing_button_url":"#demo"}],"related_apps_title":"","related_apps_hidden":"0","author":"","image":[],"title":"","job":"","social_networks":[]},"_links":{"self":[{"href":"https:\/\/elfsight.com\/de\/wp-json\/wp\/v2\/pages\/10443","targetHints":{"allow":["GET"]}}],"collection":[{"href":"https:\/\/elfsight.com\/de\/wp-json\/wp\/v2\/pages"}],"about":[{"href":"https:\/\/elfsight.com\/de\/wp-json\/wp\/v2\/types\/page"}],"author":[{"embeddable":true,"href":"https:\/\/elfsight.com\/de\/wp-json\/wp\/v2\/users\/9"}],"replies":[{"embeddable":true,"href":"https:\/\/elfsight.com\/de\/wp-json\/wp\/v2\/comments?post=10443"}],"version-history":[{"count":3,"href":"https:\/\/elfsight.com\/de\/wp-json\/wp\/v2\/pages\/10443\/revisions"}],"predecessor-version":[{"id":24867,"href":"https:\/\/elfsight.com\/de\/wp-json\/wp\/v2\/pages\/10443\/revisions\/24867"}],"up":[{"embeddable":true,"href":"https:\/\/elfsight.com\/de\/wp-json\/wp\/v2\/pages\/1952"}],"wp:attachment":[{"href":"https:\/\/elfsight.com\/de\/wp-json\/wp\/v2\/media?parent=10443"}],"curies":[{"name":"wp","href":"https:\/\/api.w.org\/{rel}","templated":true}]}}