{"id":10441,"date":"1970-01-01T00:00:00","date_gmt":"1970-01-01T00:00:00","guid":{"rendered":"https:\/\/elfsight.com\/de\/?page_id=10441"},"modified":"2025-07-10T08:31:14","modified_gmt":"2025-07-10T08:31:14","slug":"woocommerce","status":"publish","type":"page","link":"https:\/\/elfsight.com\/de\/team-showcase-widget\/woocommerce\/","title":{"rendered":"Team Showcase &#8211; WooCommerce"},"content":{"rendered":"<div class=\"application-platform-content-item-description application-platform-content-item\" id=\"description\" data-nav-section=\"description\"><h2>Beschreibung<\/h2><p>Dieses Widget ist das benutzerfreundlichste Tool, um Ihre Crewmitglieder auf Ihrer Website zu pr\u00e4sentieren. Das Tool hilft Ihnen, die Fotos und Erfahrungen jeder Art von Team zu ver\u00f6ffentlichen: Gesch\u00e4ftspartner, Sportlerverein, Lehrpersonal, Firmenpersonal und alle anderen. Laden Sie ein Foto hoch, ver\u00f6ffentlichen Sie Kontaktdaten und eine individuelle Nachricht zu jeder Person. Benutzer haben die M\u00f6glichkeit, \u00fcber Links und Social-Media-Symbole sofort mit ihnen in Kontakt zu treten. Es steht Ihnen frei, Kategorien zu erstellen und das Format Ihres Teams anzuzeigen, ein Layout, Farben und weitere Merkmale auszuw\u00e4hlen. St\u00e4rken Sie das Vertrauen in Ihr Unternehmen, indem Sie sein menschliches Gesicht zeigen!<\/p><p><b>Holen Sie sich das Beste von Team Showcase, um Ihre Gesch\u00e4ftsziele schneller zu erreichen!<\/b><\/p><\/div> <div class=\"faq\" data-component=\"FAQ\"><div class=\"faq-item\">\r\n\t\t\t\t\t<div class=\"faq-item-question\">\r\n\t\t\t\t\t\t<h3 class=\"faq-item-question-text\">Wie kann ich einen Team Showcase zu meiner WooCommerce-Website hinzuf\u00fcgen? <\/h3>\r\n\r\n\t\t\t\t\t\t<div class=\"faq-item-question-icon\"><\/div>\r\n\t\t\t\t\t<\/div>\r\n\r\n\t\t\t\t\t<div class=\"faq-item-answer\">\r\n\t\t\t\t\t\t<div class=\"faq-item-answer-text\"><p>Die Erstellung des Widgets erfolgt innerhalb der Elfsight-Website und Sie m\u00fcssen nicht programmieren . Besuchen Sie die Online-Demo, um Ihr Widget zu entwerfen, den Code zu erhalten und ihn in Ihre Website zu integrieren. <\/p><\/div>\r\n\t\t\t\t\t<\/div>\r\n\t\t\t\t<\/div><div class=\"faq-item\">\r\n\t\t\t\t\t<div class=\"faq-item-question\">\r\n\t\t\t\t\t\t<h3 class=\"faq-item-question-text\">Die besten M\u00f6glichkeiten, die Teammitglieder-Integration zu nutzen<\/h3>\r\n\r\n\t\t\t\t\t\t<div class=\"faq-item-question-icon\"><\/div>\r\n\t\t\t\t\t<\/div>\r\n\r\n\t\t\t\t\t<div class=\"faq-item-answer\">\r\n\t\t\t\t\t\t<div class=\"faq-item-answer-text\"><p>Wir bieten Ihnen zahlreiche Anpassungsm\u00f6glichkeiten: Widgets in Originalgr\u00f6\u00dfe zum Einf\u00fcgen in den Inhaltsbereich , schwebende Widgets mit Scrollfunktion, Miniaturansichten f\u00fcr die Fu\u00dfzeile, die Kopfzeile und alle Variationen vertikaler Optionen f\u00fcr Seitenleisten und Men\u00fcs. <\/p><\/div>\r\n\t\t\t\t\t<\/div>\r\n\t\t\t\t<\/div><div class=\"faq-item\">\r\n\t\t\t\t\t<div class=\"faq-item-question\">\r\n\t\t\t\t\t\t<h3 class=\"faq-item-question-text\">Darf ich mit Hilfe des Editors ein Team-Showcase f\u00fcr \u00c4rzte oder Lehrer erstellen? <\/h3>\r\n\r\n\t\t\t\t\t\t<div class=\"faq-item-question-icon\"><\/div>\r\n\t\t\t\t\t<\/div>\r\n\r\n\t\t\t\t\t<div class=\"faq-item-answer\">\r\n\t\t\t\t\t\t<div class=\"faq-item-answer-text\"><p>Sie k\u00f6nnen gerne \u00c4nderungen an allen Widgets vornehmen. Im Editor stehen unz\u00e4hlige Layouts zur Verf\u00fcgung, die alle ganz einfach an Ihre Bed\u00fcrfnisse angepasst werden k\u00f6nnen. <\/p><\/div>\r\n\t\t\t\t\t<\/div>\r\n\t\t\t\t<\/div><\/div><div class=\"application-platform-content-item-features application-platform-content-item\" id=\"features\" data-nav-section=\"features\"><h2>Dies sind nur einige der leistungsstarken Widget-Funktionen:<\/h2><ul><li>Anklickbare Symbole f\u00fcr soziale Medien und Links zur Website und E-Mail-Adresse;<\/li><li>Standortadresse wird in Google Maps ge\u00f6ffnet, wenn Sie darauf klicken;<\/li><li>Popup zeigt weitere Details einer Person an;<\/li><li>Zwei Optionen zum Organisieren Gruppen: als Gesamtliste oder mit Men\u00fc;<\/li><li>4 Layoutoptionen: Raster, Karten, Galerie, Liste.<\/li><\/ul><p><a href=\"#demo\"> Sie k\u00f6nnen entscheiden, ob das Widget f\u00fcr Sie geeignet ist, nachdem Sie die Demo verwendet haben<\/a><\/p><\/div><div class=\"application-platform-content-item-installation application-platform-content-item\" id=\"installation\" data-nav-section=\"installation\"><h2>Wie bette ich Team Showcase in meine WooCommerce-Website ein?<\/h2> <p>Befolgen Sie einfach die unten aufgef\u00fchrten Schritte, um mit der Arbeit mit dem Widget zu beginnen.<\/p><ol><li><b>Verwalten Sie unseren kostenlosen Editor und beginnen Sie mit der Erstellung Ihres eigenen Plugins.<\/b><br>Geben Sie das passende Design an und Funktionen des Tools und wenden Sie die \u00c4nderungen an.<\/li><li><b>Erhalten Sie den eindeutigen Code, der in der Box von Elfsight Apps angezeigt wird.<\/b><br>Kopieren Sie ihn direkt nach Abschluss der Anpassung Ihres Tools F\u00fcgen Sie den einzelnen Code im angezeigten Popup ein und speichern Sie ihn f\u00fcr sp\u00e4ter.<\/li><li><b>Beginnen Sie mit der Verwendung des Plugins auf der WooCommerce-Website.<\/b><br>F\u00fcgen Sie den Code, den Sie zuvor gespeichert haben, in Ihre Website ein und \u00fcbernehmen Sie die \u00c4nderungen.<\/li><li><b>Das Setup wurde erfolgreich durchgef\u00fchrt.<\/b><br>Gehen Sie zu Ihrer Website, um zu \u00fcberpr\u00fcfen, wie das Widget funktioniert.<\/li><\/ol><p> Wenn Sie Fragen haben oder auf Komplikationen sto\u00dfen, wenden Sie sich bitte an unser Support-Team. Unsere Spezialisten sind bestrebt, alle Probleme zu l\u00f6sen, die Sie m\u00f6glicherweise mit dem Produkt haben.<\/p><\/div>","protected":false},"excerpt":{"rendered":"","protected":false},"author":9,"featured_media":0,"parent":1952,"menu_order":0,"comment_status":"closed","ping_status":"closed","template":"templates\/template-application-platform.php","meta":{"publish_to_discourse":"","publish_post_category":"","wpdc_auto_publish_overridden":"","wpdc_topic_tags":"","wpdc_pin_topic":"","wpdc_pin_until":"","discourse_post_id":"","discourse_permalink":"","wpdc_publishing_response":"","wpdc_publishing_error":"","footnotes":""},"class_list":["post-10441","page","type-page","status-publish","hentry"],"yoast_head":"<!-- This site is optimized with the Yoast SEO plugin v25.3.1 - https:\/\/yoast.com\/wordpress\/plugins\/seo\/ -->\n<title>WooCommerce Team Showcase-Plugin f\u00fcr Ihre Website (2025)<\/title>\n<meta name=\"description\" content=\"Sie k\u00f6nnen das responsive Team Showcase-Plugin im Editor anpassen und direkt \u00fcber die Demo in Ihre WooCommerce-Website einf\u00fchren.\" \/>\n<meta name=\"robots\" content=\"index, follow, max-snippet:-1, max-image-preview:large, max-video-preview:-1\" \/>\n<link rel=\"canonical\" href=\"https:\/\/elfsight.com\/de\/team-showcase-widget\/woocommerce\/\" \/>\n<meta property=\"og:locale\" content=\"de_DE\" \/>\n<meta property=\"og:type\" content=\"article\" \/>\n<meta property=\"og:title\" content=\"WooCommerce Team Showcase-Plugin f\u00fcr Ihre Website (2025)\" \/>\n<meta property=\"og:description\" content=\"Sie k\u00f6nnen das responsive Team Showcase-Plugin im Editor anpassen und direkt \u00fcber die Demo in Ihre WooCommerce-Website einf\u00fchren.\" \/>\n<meta property=\"og:url\" content=\"https:\/\/elfsight.com\/de\/team-showcase-widget\/woocommerce\/\" \/>\n<meta property=\"og:site_name\" content=\"Elfsight DE\" \/>\n<meta property=\"article:modified_time\" content=\"2025-07-10T08:31:14+00:00\" \/>\n<meta name=\"twitter:card\" content=\"summary_large_image\" \/>\n<meta name=\"twitter:label1\" content=\"Gesch\u00e4tzte Lesezeit\" \/>\n\t<meta name=\"twitter:data1\" content=\"3\u00a0Minuten\" \/>\n<!-- \/ Yoast SEO plugin. -->","yoast_head_json":{"title":"WooCommerce Team Showcase-Plugin f\u00fcr Ihre Website (2025)","description":"Sie k\u00f6nnen das responsive Team Showcase-Plugin im Editor anpassen und direkt \u00fcber die Demo in Ihre WooCommerce-Website einf\u00fchren.","robots":{"index":"index","follow":"follow","max-snippet":"max-snippet:-1","max-image-preview":"max-image-preview:large","max-video-preview":"max-video-preview:-1"},"canonical":"https:\/\/elfsight.com\/de\/team-showcase-widget\/woocommerce\/","og_locale":"de_DE","og_type":"article","og_title":"WooCommerce Team Showcase-Plugin f\u00fcr Ihre Website (2025)","og_description":"Sie k\u00f6nnen das responsive Team Showcase-Plugin im Editor anpassen und direkt \u00fcber die Demo in Ihre WooCommerce-Website einf\u00fchren.","og_url":"https:\/\/elfsight.com\/de\/team-showcase-widget\/woocommerce\/","og_site_name":"Elfsight DE","article_modified_time":"2025-07-10T08:31:14+00:00","twitter_card":"summary_large_image","twitter_misc":{"Gesch\u00e4tzte Lesezeit":"3\u00a0Minuten"},"schema":{"@context":"https:\/\/schema.org","@graph":[{"@type":"WebPage","@id":"https:\/\/elfsight.com\/de\/team-showcase-widget\/woocommerce\/","url":"https:\/\/elfsight.com\/de\/team-showcase-widget\/woocommerce\/","name":"WooCommerce Team Showcase-Plugin f\u00fcr Ihre Website (2025)","isPartOf":{"@id":"https:\/\/elfsight.com\/de\/#website"},"datePublished":"1970-01-01T00:00:00+00:00","dateModified":"2025-07-10T08:31:14+00:00","description":"Sie k\u00f6nnen das responsive Team Showcase-Plugin im Editor anpassen und direkt \u00fcber die Demo in Ihre WooCommerce-Website einf\u00fchren.","breadcrumb":{"@id":"https:\/\/elfsight.com\/de\/team-showcase-widget\/woocommerce\/#breadcrumb"},"inLanguage":"de","potentialAction":[{"@type":"ReadAction","target":["https:\/\/elfsight.com\/de\/team-showcase-widget\/woocommerce\/"]}]},{"@type":"BreadcrumbList","@id":"https:\/\/elfsight.com\/de\/team-showcase-widget\/woocommerce\/#breadcrumb","itemListElement":[{"@type":"ListItem","position":1,"name":"Home","item":"https:\/\/elfsight.com\/de\/"},{"@type":"ListItem","position":2,"name":"Team Showcase","item":"https:\/\/elfsight.com\/de\/team-showcase-widget\/"},{"@type":"ListItem","position":3,"name":"Team Showcase &#8211; WooCommerce"}]},{"@type":"WebSite","@id":"https:\/\/elfsight.com\/de\/#website","url":"https:\/\/elfsight.com\/de\/","name":"Elfsight DE","description":"Just another Elfsight Sites site","potentialAction":[{"@type":"SearchAction","target":{"@type":"EntryPoint","urlTemplate":"https:\/\/elfsight.com\/de\/?s={search_term_string}"},"query-input":{"@type":"PropertyValueSpecification","valueRequired":true,"valueName":"search_term_string"}}],"inLanguage":"de"}]}},"meta_box":{"industry":"","seo_heading":"","heading":"","description":"","cta_heading":"","cta_description":"","application":"481","h1":"WooCommerce Team Showcase-Plugin","h1_caption":"Pr\u00e4sentieren Sie Ihrer Crew wichtige Details \u00fcber eine flexible Galerie.","application_category":[],"applications_title":"","applications_request_title":"","applications_request_button_text":"","hero_text":"","hero_video":"","hero_video_schema_markup":"","selling_points_title":"","selling_points_caption":"","selling_points":[],"selling_points_cta_text":"","features_title":"","features":"","ed_cta_examples_text":"","ed_cta_examples_hidden":"","ed_cta_demo_text":"","ed_cta_demo_hidden":"","why_caption":"","why_editor_title":"","why_editor_text":"","why_team_title":"","why_team_text":"","why_service_title":"","why_service_text":"","template_catalog_visible":"","template_catalog_title":"","template_catalog_text":"","template_catalog_categories_visible":"","demo_title":"Erstellen Sie Ihre Team Showcase-App","demo_caption":"Konfigurieren Sie Ihr Team Showcase und f\u00fcgen Sie es kostenlos Ihrer WooCommerce-Website hinzu!","default_faq_hidden":"","app_template_category":[],"platform":"200","template_public_id":"","codecanyon_url":"","codecanyon_item_id":"","codecanyon_price":"","pricing_caption":"","pricing_elfsight_apps_hide_column":"","pricing_elfsight_apps_url":"","pricing_codecanyon_price_caption":"","integration_category":[],"integration_request_title":"","integration_request_cta":"","integration_platform":"","integrations":[],"platform_category":[],"video_schema_markup":"","price":"ab 0 $ \/ Monat","trial":"","benefits":[{"text":"Kostenlose Installationshilfe"},{"text":"Premium-Support"},{"text":"14-t\u00e4gige R\u00fcckerstattungsgarantie"},{"text":"Laufende kostenlose Verbesserungen"}],"button_url":"#demo","button_target_blank":"","button_nofollow":"","attributes":[{"name":"Installiert","content":"10,000 - 100,000"},{"name":"Reaktionsfreudig","content":"Ja"},{"name":"Kompatible Browser","content":"Firefox, Safari, Opera, Chrome, Edge"}],"tags":[],"tags_disable_links":"","hide_more_platforms":"","video_object":"","demo_hide_cta":"","demo_hide_cloud_options":"","pricing_title":"","pricing":[{"pricing_icon":"platform","pricing_title":"Elfsight Apps","pricing_title_caption":"Plattform\u00fcbergreifende Version, die auf jeder Site funktioniert","pricing_price":"ab 0 $ \/ Monat","pricing_price_caption":"Beginnen Sie mit einem kostenlosen Plan","pricing_benefits":[{"text":"Unbegrenzte Domains"},{"text":"Unternehmenssupport rund um die Uhr und gut dokumentiert"},{"text":"Kostenlose Installationsunterst\u00fctzung"},{"text":"100 % anpassbar"}],"pricing_button_text":"Zur Website hinzuf\u00fcgen","pricing_button_url":"#demo"}],"related_apps_title":"","related_apps_hidden":"","author":"","image":[],"title":"","job":"","social_networks":[]},"_links":{"self":[{"href":"https:\/\/elfsight.com\/de\/wp-json\/wp\/v2\/pages\/10441","targetHints":{"allow":["GET"]}}],"collection":[{"href":"https:\/\/elfsight.com\/de\/wp-json\/wp\/v2\/pages"}],"about":[{"href":"https:\/\/elfsight.com\/de\/wp-json\/wp\/v2\/types\/page"}],"author":[{"embeddable":true,"href":"https:\/\/elfsight.com\/de\/wp-json\/wp\/v2\/users\/9"}],"replies":[{"embeddable":true,"href":"https:\/\/elfsight.com\/de\/wp-json\/wp\/v2\/comments?post=10441"}],"version-history":[{"count":2,"href":"https:\/\/elfsight.com\/de\/wp-json\/wp\/v2\/pages\/10441\/revisions"}],"predecessor-version":[{"id":21999,"href":"https:\/\/elfsight.com\/de\/wp-json\/wp\/v2\/pages\/10441\/revisions\/21999"}],"up":[{"embeddable":true,"href":"https:\/\/elfsight.com\/de\/wp-json\/wp\/v2\/pages\/1952"}],"wp:attachment":[{"href":"https:\/\/elfsight.com\/de\/wp-json\/wp\/v2\/media?parent=10441"}],"curies":[{"name":"wp","href":"https:\/\/api.w.org\/{rel}","templated":true}]}}