{"id":10434,"date":"1970-01-01T00:00:00","date_gmt":"1970-01-01T00:00:00","guid":{"rendered":"https:\/\/elfsight.com\/de\/?page_id=10434"},"modified":"2025-07-10T08:30:24","modified_gmt":"2025-07-10T08:30:24","slug":"godaddy","status":"publish","type":"page","link":"https:\/\/elfsight.com\/de\/team-showcase-widget\/godaddy\/","title":{"rendered":"Team Showcase &#8211; GoDaddy"},"content":{"rendered":"<div class=\"application-platform-content-item-description application-platform-content-item\" id=\"description\" data-nav-section=\"description\"> <h2>Betten Sie Team Showcase auf GoDaddy mit dem Elfsight-Widget ein<\/h2> <p>Mit unserem Team Showcase-Plugin k\u00f6nnen Sie Ihr Team pr\u00e4sentieren Ihre GoDaddy-Website. Unser Plugin hilft dabei, die Gesichter und Rollen jeder Art von Team darzustellen: Gesch\u00e4ftspartner, Sportvereine, Professoren, Firmenmitarbeiter und andere. Zeigen Sie ein Foto, f\u00fcgen Sie Kontaktinformationen und einen detaillierten Text zu jedem Teammitglied hinzu. Den Website-Besuchern wird die M\u00f6glichkeit geboten, sie \u00fcber aktive Links und Social Icons nahtlos anzusprechen. Sie k\u00f6nnen Kategorien erstellen und das Format Ihres Teams anzeigen, Layouts, Farben und mehr ausw\u00e4hlen. Steigern Sie das Vertrauen in Ihr Unternehmen, indem Sie dessen menschliches Image zeigen! <\/p> <p><b><\/b><\/p> <\/div> <div class=\"application-platform-content-item-features application-platform-content-item\" id=\"features\" data-nav-section=\"features\"> <h2>Im Folgenden sind die wichtigsten Funktionen des Plugins aufgef\u00fchrt: <\/h2> <ul><li>Anklickbare Symbole sozialer Medien und Links zur Website und E-Mail-Adresse; <\/li><li> Die Standortadresse wird beim Klicken auf Google Maps ge\u00f6ffnet. <\/li><li>Popup \u00f6ffnet weitere Details einer Person; <\/li><li>2 M\u00f6glichkeiten, Kategorien anzuzeigen: in einer allgemeinen Liste oder mit Men\u00fc; <\/li><li>Vier Layoutoptionen: Raster, Karten, Galerie, Liste. <\/li><\/ul><p><a href=\"#demo\">Probieren Sie einfach diese Demo aus, um zu sehen, was das Plugin wert ist<\/a><\/p> <\/div> <div class=\"application-platform-content-item-installation  application-platform-content-item\" id=\"installation \" data-nav-section=\"installation \"> <h2>Wie kann ich Team Showcase auf meiner GoDaddy-Website hinzuf\u00fcgen? <\/h2> <p>Befolgen Sie einfach die unten aufgef\u00fchrten Schritte, um das Plugin zu integrieren. <\/p> <ol><li><b>F\u00fchren Sie unseren kostenlosen Editor aus und beginnen Sie mit der Gestaltung Ihres individuellen Plugins. <\/b><br> W\u00e4hlen Sie das benutzerdefinierte Layout und die Funktionsmerkmale des Plugins und \u00fcbernehmen Sie die \u00c4nderungen. <\/li> <li><b>Erhalten Sie den pers\u00f6nlichen Code, der im speziellen Formular auf Elfsight Apps erscheint. <\/b><br> Kopieren Sie direkt nach Abschluss der Einrichtung Ihres pers\u00f6nlichen Tools den pers\u00f6nlichen Code aus dem angezeigten Popup und speichern Sie ihn zur sp\u00e4teren Verwendung. <\/li> <li><b>Beginnen Sie mit der Verwendung des Plugins auf Ihrer GoDaddy-Homepage. <\/b><br> Geben Sie den Code ein, den Sie zuvor auf Ihrer Website gespeichert haben, und \u00fcbernehmen Sie die Korrekturen. <\/li> <li><b>Fertig! Die Integration wurde erfolgreich durchgef\u00fchrt. <\/b><br> Besuchen Sie Ihre Website, um die Funktionsweise des Tools in Aktion zu sehen. <\/li><\/ol> <p>Wenn Sie Fragen haben oder auf Komplikationen sto\u00dfen, wenden Sie sich bitte an unsere Kundendienstmitarbeiter. Unsere Mitarbeiter sind bestrebt, alle Schwierigkeiten zu l\u00f6sen, die Sie m\u00f6glicherweise mit dem Plugin haben. <\/p> <div class=\"faq\" data-component=\"FAQ\"><div class=\"faq-item\">\r\n\t\t\t\t\t<div class=\"faq-item-question\">\r\n\t\t\t\t\t\t<h3 class=\"faq-item-question-text\">Gibt es eine Methode, Team Showcase ohne Codierung in meine GoDaddy-Webseite einzubetten?<\/h3>\r\n\r\n\t\t\t\t\t\t<div class=\"faq-item-question-icon\"><\/div>\r\n\t\t\t\t\t<\/div>\r\n\r\n\t\t\t\t\t<div class=\"faq-item-answer\">\r\n\t\t\t\t\t\t<div class=\"faq-item-answer-text\"> <p>Elfsight bietet eine L\u00f6sung, mit der Benutzer selbst ein Team Showcase-Plugin erstellen k\u00f6nnen. \u00dcberpr\u00fcfen Sie die unkomplizierte Anleitung: Erstellen Sie direkt im Live-Editor ein Team Showcase-Widget, das auf Ihrer GoDaddy-Website angezeigt werden soll. Entscheiden Sie sich f\u00fcr eine unserer vorgefertigten Vorlagen und passen Sie die Team Showcase-Einstellungen an, aktualisieren Sie Ihre Inhalte, \u00e4ndern Sie das Layout und die Farbe der Elemente ohne Programmierkenntnisse. Klicken Sie, um das Team Showcase zu speichern und einen Widget-Code zur Installation zu erhalten, den Sie m\u00fchelos und kostenlos zu jeder GoDaddy-Webseite hinzuf\u00fcgen k\u00f6nnen. Mit Hilfe des intuitiven Konfigurators kann jeder Internetnutzer den Team Showcase-Bereich online erstellen und ihn m\u00fchelos auf der GoDaddy-Homepage einf\u00fcgen. Sie m\u00fcssen keinen kostenpflichtigen Tarif abschlie\u00dfen oder Ihre Kartendaten eingeben, um den Service nutzen zu k\u00f6nnen. Wenn Sie auf Probleme jeglicher Art sto\u00dfen, wenden Sie sich bitte an unseren Kundensupport.<\/p> <\/div>\r\n\t\t\t\t\t<\/div>\r\n\t\t\t\t<\/div> <\/div><\/div>","protected":false},"excerpt":{"rendered":"","protected":false},"author":9,"featured_media":0,"parent":1952,"menu_order":0,"comment_status":"closed","ping_status":"closed","template":"templates\/template-application-platform.php","meta":{"publish_to_discourse":"","publish_post_category":"","wpdc_auto_publish_overridden":"","wpdc_topic_tags":"","wpdc_pin_topic":"","wpdc_pin_until":"","discourse_post_id":"","discourse_permalink":"","wpdc_publishing_response":"","wpdc_publishing_error":"","footnotes":""},"class_list":["post-10434","page","type-page","status-publish","hentry"],"yoast_head":"<!-- This site is optimized with the Yoast SEO plugin v25.3.1 - https:\/\/yoast.com\/wordpress\/plugins\/seo\/ -->\n<title>Team Showcase \u2013 F\u00fcgen Sie das Team Showcase-Plugin zur GoDaddy-Website hinzu!<\/title>\n<meta name=\"description\" content=\"Pr\u00e4sentieren Sie Ihre Teammitglieder auf repr\u00e4sentativste Weise mit dem neuen Elfsight Team Showcase-Plugin f\u00fcr GoDaddy!\" \/>\n<meta name=\"robots\" content=\"index, follow, max-snippet:-1, max-image-preview:large, max-video-preview:-1\" \/>\n<link rel=\"canonical\" href=\"https:\/\/elfsight.com\/de\/team-showcase-widget\/godaddy\/\" \/>\n<meta property=\"og:locale\" content=\"de_DE\" \/>\n<meta property=\"og:type\" content=\"article\" \/>\n<meta property=\"og:title\" content=\"Team Showcase \u2013 F\u00fcgen Sie das Team Showcase-Plugin zur GoDaddy-Website hinzu!\" \/>\n<meta property=\"og:description\" content=\"Pr\u00e4sentieren Sie Ihre Teammitglieder auf repr\u00e4sentativste Weise mit dem neuen Elfsight Team Showcase-Plugin f\u00fcr GoDaddy!\" \/>\n<meta property=\"og:url\" content=\"https:\/\/elfsight.com\/de\/team-showcase-widget\/godaddy\/\" \/>\n<meta property=\"og:site_name\" content=\"Elfsight DE\" \/>\n<meta property=\"article:modified_time\" content=\"2025-07-10T08:30:24+00:00\" \/>\n<meta name=\"twitter:card\" content=\"summary_large_image\" \/>\n<meta name=\"twitter:label1\" content=\"Gesch\u00e4tzte Lesezeit\" \/>\n\t<meta name=\"twitter:data1\" content=\"3\u00a0Minuten\" \/>\n<!-- \/ Yoast SEO plugin. -->","yoast_head_json":{"title":"Team Showcase \u2013 F\u00fcgen Sie das Team Showcase-Plugin zur GoDaddy-Website hinzu!","description":"Pr\u00e4sentieren Sie Ihre Teammitglieder auf repr\u00e4sentativste Weise mit dem neuen Elfsight Team Showcase-Plugin f\u00fcr GoDaddy!","robots":{"index":"index","follow":"follow","max-snippet":"max-snippet:-1","max-image-preview":"max-image-preview:large","max-video-preview":"max-video-preview:-1"},"canonical":"https:\/\/elfsight.com\/de\/team-showcase-widget\/godaddy\/","og_locale":"de_DE","og_type":"article","og_title":"Team Showcase \u2013 F\u00fcgen Sie das Team Showcase-Plugin zur GoDaddy-Website hinzu!","og_description":"Pr\u00e4sentieren Sie Ihre Teammitglieder auf repr\u00e4sentativste Weise mit dem neuen Elfsight Team Showcase-Plugin f\u00fcr GoDaddy!","og_url":"https:\/\/elfsight.com\/de\/team-showcase-widget\/godaddy\/","og_site_name":"Elfsight DE","article_modified_time":"2025-07-10T08:30:24+00:00","twitter_card":"summary_large_image","twitter_misc":{"Gesch\u00e4tzte Lesezeit":"3\u00a0Minuten"},"schema":{"@context":"https:\/\/schema.org","@graph":[{"@type":"WebPage","@id":"https:\/\/elfsight.com\/de\/team-showcase-widget\/godaddy\/","url":"https:\/\/elfsight.com\/de\/team-showcase-widget\/godaddy\/","name":"Team Showcase \u2013 F\u00fcgen Sie das Team Showcase-Plugin zur GoDaddy-Website hinzu!","isPartOf":{"@id":"https:\/\/elfsight.com\/de\/#website"},"datePublished":"1970-01-01T00:00:00+00:00","dateModified":"2025-07-10T08:30:24+00:00","description":"Pr\u00e4sentieren Sie Ihre Teammitglieder auf repr\u00e4sentativste Weise mit dem neuen Elfsight Team Showcase-Plugin f\u00fcr GoDaddy!","breadcrumb":{"@id":"https:\/\/elfsight.com\/de\/team-showcase-widget\/godaddy\/#breadcrumb"},"inLanguage":"de","potentialAction":[{"@type":"ReadAction","target":["https:\/\/elfsight.com\/de\/team-showcase-widget\/godaddy\/"]}]},{"@type":"BreadcrumbList","@id":"https:\/\/elfsight.com\/de\/team-showcase-widget\/godaddy\/#breadcrumb","itemListElement":[{"@type":"ListItem","position":1,"name":"Home","item":"https:\/\/elfsight.com\/de\/"},{"@type":"ListItem","position":2,"name":"Team Showcase","item":"https:\/\/elfsight.com\/de\/team-showcase-widget\/"},{"@type":"ListItem","position":3,"name":"Team Showcase &#8211; GoDaddy"}]},{"@type":"WebSite","@id":"https:\/\/elfsight.com\/de\/#website","url":"https:\/\/elfsight.com\/de\/","name":"Elfsight DE","description":"Just another Elfsight Sites site","potentialAction":[{"@type":"SearchAction","target":{"@type":"EntryPoint","urlTemplate":"https:\/\/elfsight.com\/de\/?s={search_term_string}"},"query-input":{"@type":"PropertyValueSpecification","valueRequired":true,"valueName":"search_term_string"}}],"inLanguage":"de"}]}},"meta_box":{"industry":"","seo_heading":"","heading":"","description":"","cta_heading":"","cta_description":"","application":"481","h1":"GoDaddy Team Showcase-Plugin","h1_caption":"Stellen Sie Ihre Teammitglieder auf professionelle und optisch ansprechende Weise vor und bauen Sie m\u00fchelos Vertrauen und Verbindung zu Ihrem Publikum auf Ihrer GoDaddy-Website auf.","application_category":[],"applications_title":"","applications_request_title":"","applications_request_button_text":"","hero_text":"","hero_video":"","hero_video_schema_markup":"","selling_points_title":"","selling_points_caption":"","selling_points":[],"selling_points_cta_text":"","features_title":"","features":"","ed_cta_examples_text":"","ed_cta_examples_hidden":"","ed_cta_demo_text":"","ed_cta_demo_hidden":"","why_caption":"","why_editor_title":"","why_editor_text":"","why_team_title":"","why_team_text":"","why_service_title":"","why_service_text":"","template_catalog_visible":"","template_catalog_title":"","template_catalog_text":"","template_catalog_categories_visible":"","demo_title":"Erstellen Sie Ihr Team Showcase-Plugin","demo_caption":"Konfigurieren Sie Ihr Team Showcase und f\u00fcgen Sie es kostenlos Ihrer GoDaddy-Website hinzu!","default_faq_hidden":"","app_template_category":[],"platform":"241","template_public_id":"","codecanyon_url":"","codecanyon_item_id":"","codecanyon_price":"","pricing_caption":"","pricing_elfsight_apps_hide_column":"","pricing_elfsight_apps_url":"","pricing_codecanyon_price_caption":"","integration_category":[],"integration_request_title":"","integration_request_cta":"","integration_platform":"","integrations":[],"platform_category":[],"video_schema_markup":"","price":"ab 0 $ \/ Monat","trial":"","benefits":[{"text":"Kostenlose Installationshilfe"},{"text":"Effektiver Kundenservice"},{"text":"14-t\u00e4gige Geld-zur\u00fcck-Garantie"},{"text":"St\u00e4ndige Aktualisierung"}],"button_url":"#demo","button_target_blank":"","button_nofollow":"","attributes":[{"name":"Installiert","content":"10,000 - 100,000"},{"name":"Reaktionsfreudig","content":"Ja"},{"name":"Kompatible Browser","content":"IE11, Firefox, Safari, Opera, Chrome, Edge"}],"tags":[],"tags_disable_links":"","hide_more_platforms":"","video_object":"","demo_hide_cta":"","demo_hide_cloud_options":"","pricing_title":"","pricing":[{"pricing_icon":"platform","pricing_title":"Elfsight Apps","pricing_title_caption":"Multiplattform-Version","pricing_price":"ab 0 $ \/ Monat","pricing_price_caption":"Beginnen Sie mit einem kostenlosen Plan","pricing_benefits":[{"text":"Unbegrenzte Domains"},{"text":"Unternehmenssupport rund um die Uhr und gut dokumentiert"},{"text":"Kostenlose Installationsunterst\u00fctzung"},{"text":"Vollst\u00e4ndig anpassbar"}],"pricing_button_text":"Zur Website hinzuf\u00fcgen","pricing_button_url":"#demo"}],"related_apps_title":"","related_apps_hidden":"","author":"","image":[],"title":"","job":"","social_networks":[]},"_links":{"self":[{"href":"https:\/\/elfsight.com\/de\/wp-json\/wp\/v2\/pages\/10434","targetHints":{"allow":["GET"]}}],"collection":[{"href":"https:\/\/elfsight.com\/de\/wp-json\/wp\/v2\/pages"}],"about":[{"href":"https:\/\/elfsight.com\/de\/wp-json\/wp\/v2\/types\/page"}],"author":[{"embeddable":true,"href":"https:\/\/elfsight.com\/de\/wp-json\/wp\/v2\/users\/9"}],"replies":[{"embeddable":true,"href":"https:\/\/elfsight.com\/de\/wp-json\/wp\/v2\/comments?post=10434"}],"version-history":[{"count":1,"href":"https:\/\/elfsight.com\/de\/wp-json\/wp\/v2\/pages\/10434\/revisions"}],"predecessor-version":[{"id":10438,"href":"https:\/\/elfsight.com\/de\/wp-json\/wp\/v2\/pages\/10434\/revisions\/10438"}],"up":[{"embeddable":true,"href":"https:\/\/elfsight.com\/de\/wp-json\/wp\/v2\/pages\/1952"}],"wp:attachment":[{"href":"https:\/\/elfsight.com\/de\/wp-json\/wp\/v2\/media?parent=10434"}],"curies":[{"name":"wp","href":"https:\/\/api.w.org\/{rel}","templated":true}]}}