{"id":10433,"date":"1970-01-01T00:00:00","date_gmt":"1970-01-01T00:00:00","guid":{"rendered":"https:\/\/elfsight.com\/de\/?page_id=10433"},"modified":"2025-07-10T08:31:07","modified_gmt":"2025-07-10T08:31:07","slug":"prestashop","status":"publish","type":"page","link":"https:\/\/elfsight.com\/de\/team-showcase-widget\/prestashop\/","title":{"rendered":"Team Showcase &#8211; PrestaShop"},"content":{"rendered":"<div class=\"application-platform-content-item-description application-platform-content-item\" id=\"description\" data-nav-section=\"description\"> <h2>Beschreibung<\/h2> <p>Team Showcase wird zum bequemsten Tool, um Ihre Teammitglieder auf Ihrer Website anzuzeigen. Unser Widget hilft bei der Ver\u00f6ffentlichung der Fotos und Rollen jeder Art von Team: Gesch\u00e4ftspartner, Sportvereinsmitglieder, Lehrpersonal, Unternehmensstruktur und mehr. Zeigen Sie ein Bild, f\u00fcgen Sie Kontaktdaten und eine eindrucksvolle Nachricht zu jedem Teammitglied hinzu. Besucher haben die M\u00f6glichkeit, mithilfe aktiver Links und sozialer Symbole sofort mit jedem einzelnen von ihnen in Kontakt zu treten. Sie k\u00f6nnen Kategorien erstellen und das Format Ihres Unternehmens anzeigen sowie Layouts, Farben und andere Merkmale ausw\u00e4hlen. Steigern Sie das Vertrauen in Ihr Unternehmen, indem Sie dessen menschliches Image zeigen! <\/p><p><b>F\u00fcgen Sie Team Showcase hinzu, um Ihre Gesch\u00e4ftsziele zu erreichen! <\/b><\/p> <\/div> <div class=\"application-platform-content-item-features application-platform-content-item\" id=\"features\" data-nav-section=\"features\"> <h2>Die wertvollsten Widget-Funktionen umfassen<\/h2> <ul><li>Verwenden Sie CTA-Schaltfl\u00e4chen, um Ihr Publikum zur Conversion zu f\u00fchren. <\/li><li>\u00c4ndern Sie die Dauer des Folienwechsels. <\/li><li>W\u00e4hlen Sie zwischen zahlreichen Varianten. <\/li><li>Platzieren Sie Ihren Text mithilfe der erweiterten Position an einer beliebigen Stelle auf der Seite. <\/li><li>Passen Sie 5 Inhaltsoptionen an. <\/li><\/ul><p><a href=\"#demo\">Sie k\u00f6nnen \u00fcberpr\u00fcfen, ob das Widget f\u00fcr Sie geeignet ist, indem Sie die Demo ausprobieren<\/a><\/p> <\/div> <div class=\"application-platform-content-item- Installation application-platform-content-item\" id=\" Installation\" data-nav-section=\" Installation\"> <h2>Wie f\u00fcge ich Team Showcase zu meiner PrestaShop-Website hinzu? <\/h2> <p>Befolgen Sie einfach die nachstehenden Anweisungen, um das Tool einzubetten. <\/p> <ol><li><b>Starten Sie unseren kostenlosen Konfigurator und beginnen Sie mit der Erstellung Ihres ma\u00dfgeschneiderten Widgets. <\/b><br> W\u00e4hlen Sie das passende Aussehen und die passenden Funktionsmerkmale des Werkzeugs und nehmen Sie die Korrekturen vor. <\/li> <li><b>Erhalten Sie Ihren individuellen Code, der im Feld von Elfsight Apps angezeigt wird. <\/b><br> Nachdem die Konfiguration Ihres Add-ons abgeschlossen ist, kopieren Sie den einzelnen Code aus der entstandenen Box und speichern Sie ihn zur weiteren Verwendung. <\/li> <li><b>Beginnen Sie mit der Anwendung des Tools auf der PrestaShop-Webseite. <\/b><br> F\u00fcgen Sie den k\u00fcrzlich kopierten Code auf Ihrer Seite hinzu und \u00fcbernehmen Sie die Anpassungen. <\/li> <li><b>Das Setup wurde erfolgreich durchgef\u00fchrt. <\/b><br> Gehen Sie auf Ihre Website, um die Funktion des Add-ons zu \u00fcberpr\u00fcfen. <\/li><\/ol> <p>Wenn Sie Fragen haben oder auf Komplikationen sto\u00dfen, z\u00f6gern Sie nicht, sich an unser Support-Team zu wenden. Unsere Berater beantworten gerne alle Fragen, die Sie zum Add-on haben. <\/p> <div class=\"faq\" data-component=\"FAQ\"><div class=\"faq-item\">\r\n\t\t\t\t\t<div class=\"faq-item-question\">\r\n\t\t\t\t\t\t<h3 class=\"faq-item-question-text\">Gibt es eine M\u00f6glichkeit, Team Showcase ohne Codierung in meine PrestaShop-Homepage einzubetten?<\/h3>\r\n\r\n\t\t\t\t\t\t<div class=\"faq-item-question-icon\"><\/div>\r\n\t\t\t\t\t<\/div>\r\n\r\n\t\t\t\t\t<div class=\"faq-item-answer\">\r\n\t\t\t\t\t\t<div class=\"faq-item-answer-text\"> <p>Elfsight stellt eine L\u00f6sung vor, die es Benutzern erm\u00f6glicht, selbst ein Team Showcase-Plugin zu erstellen. Sehen Sie sich das ganz einfach an Anleitung: Gehen Sie zur Online-Demo, um ein Team Showcase-Plugin zu erstellen, das Sie gerne auf Ihrer PrestaShop-Site sehen w\u00fcrden. W\u00e4hlen Sie eine unserer vorgefertigten Vorlagen aus und \u00e4ndern Sie die Team Showcase-Einstellungen, f\u00fcgen Sie Ihre Inhalte hinzu, \u00e4ndern Sie das Layout und die Farben ohne Programmieraufwand. Speichern Sie den Team Showcase und erhalten Sie den Installationscode des Widgets, der im Rahmen eines kostenlosen Plans problemlos in Ihre PrestaShop-Site eingef\u00fcgt werden kann. Mit dem benutzerfreundlichen Editor kann jeder Webbenutzer Team Showcase online erstellen und es m\u00fchelos in jede PrestaShop-Website einbetten. Sie m\u00fcssen weder bezahlen noch Ihre Kartendaten \u00fcbermitteln, um auf den Elfsight Editor zuzugreifen. Sollten bei irgendeinem Schritt Probleme auftreten, wenden Sie sich bitte an unseren Kundensupport.<\/p> <\/div>\r\n\t\t\t\t\t<\/div>\r\n\t\t\t\t<\/div> <\/div><\/div>","protected":false},"excerpt":{"rendered":"","protected":false},"author":9,"featured_media":0,"parent":1952,"menu_order":0,"comment_status":"closed","ping_status":"closed","template":"templates\/template-application-platform.php","meta":{"publish_to_discourse":"","publish_post_category":"","wpdc_auto_publish_overridden":"","wpdc_topic_tags":"","wpdc_pin_topic":"","wpdc_pin_until":"","discourse_post_id":"","discourse_permalink":"","wpdc_publishing_response":"","wpdc_publishing_error":"","footnotes":""},"class_list":["post-10433","page","type-page","status-publish","hentry"],"yoast_head":"<!-- This site is optimized with the Yoast SEO plugin v25.3.1 - https:\/\/yoast.com\/wordpress\/plugins\/seo\/ -->\n<title>F\u00fcgen Sie das Team Showcase-Addon zur PrestaShop-Website hinzu (schnell und kostenlos)<\/title>\n<meta name=\"description\" content=\"Es ist ganz einfach, Ihr Team Showcase-Add-on zu entwerfen und auf der PrestaShop-Website zu platzieren. Der Kundendienst von Elfsight ist kostenlos.\" \/>\n<meta name=\"robots\" content=\"index, follow, max-snippet:-1, max-image-preview:large, max-video-preview:-1\" \/>\n<link rel=\"canonical\" href=\"https:\/\/elfsight.com\/de\/team-showcase-widget\/prestashop\/\" \/>\n<meta property=\"og:locale\" content=\"de_DE\" \/>\n<meta property=\"og:type\" content=\"article\" \/>\n<meta property=\"og:title\" content=\"F\u00fcgen Sie das Team Showcase-Addon zur PrestaShop-Website hinzu (schnell und kostenlos)\" \/>\n<meta property=\"og:description\" content=\"Es ist ganz einfach, Ihr Team Showcase-Add-on zu entwerfen und auf der PrestaShop-Website zu platzieren. Der Kundendienst von Elfsight ist kostenlos.\" \/>\n<meta property=\"og:url\" content=\"https:\/\/elfsight.com\/de\/team-showcase-widget\/prestashop\/\" \/>\n<meta property=\"og:site_name\" content=\"Elfsight DE\" \/>\n<meta property=\"article:modified_time\" content=\"2025-07-10T08:31:07+00:00\" \/>\n<meta name=\"twitter:card\" content=\"summary_large_image\" \/>\n<meta name=\"twitter:label1\" content=\"Gesch\u00e4tzte Lesezeit\" \/>\n\t<meta name=\"twitter:data1\" content=\"3\u00a0Minuten\" \/>\n<!-- \/ Yoast SEO plugin. -->","yoast_head_json":{"title":"F\u00fcgen Sie das Team Showcase-Addon zur PrestaShop-Website hinzu (schnell und kostenlos)","description":"Es ist ganz einfach, Ihr Team Showcase-Add-on zu entwerfen und auf der PrestaShop-Website zu platzieren. Der Kundendienst von Elfsight ist kostenlos.","robots":{"index":"index","follow":"follow","max-snippet":"max-snippet:-1","max-image-preview":"max-image-preview:large","max-video-preview":"max-video-preview:-1"},"canonical":"https:\/\/elfsight.com\/de\/team-showcase-widget\/prestashop\/","og_locale":"de_DE","og_type":"article","og_title":"F\u00fcgen Sie das Team Showcase-Addon zur PrestaShop-Website hinzu (schnell und kostenlos)","og_description":"Es ist ganz einfach, Ihr Team Showcase-Add-on zu entwerfen und auf der PrestaShop-Website zu platzieren. Der Kundendienst von Elfsight ist kostenlos.","og_url":"https:\/\/elfsight.com\/de\/team-showcase-widget\/prestashop\/","og_site_name":"Elfsight DE","article_modified_time":"2025-07-10T08:31:07+00:00","twitter_card":"summary_large_image","twitter_misc":{"Gesch\u00e4tzte Lesezeit":"3\u00a0Minuten"},"schema":{"@context":"https:\/\/schema.org","@graph":[{"@type":"WebPage","@id":"https:\/\/elfsight.com\/de\/team-showcase-widget\/prestashop\/","url":"https:\/\/elfsight.com\/de\/team-showcase-widget\/prestashop\/","name":"F\u00fcgen Sie das Team Showcase-Addon zur PrestaShop-Website hinzu (schnell und kostenlos)","isPartOf":{"@id":"https:\/\/elfsight.com\/de\/#website"},"datePublished":"1970-01-01T00:00:00+00:00","dateModified":"2025-07-10T08:31:07+00:00","description":"Es ist ganz einfach, Ihr Team Showcase-Add-on zu entwerfen und auf der PrestaShop-Website zu platzieren. Der Kundendienst von Elfsight ist kostenlos.","breadcrumb":{"@id":"https:\/\/elfsight.com\/de\/team-showcase-widget\/prestashop\/#breadcrumb"},"inLanguage":"de","potentialAction":[{"@type":"ReadAction","target":["https:\/\/elfsight.com\/de\/team-showcase-widget\/prestashop\/"]}]},{"@type":"BreadcrumbList","@id":"https:\/\/elfsight.com\/de\/team-showcase-widget\/prestashop\/#breadcrumb","itemListElement":[{"@type":"ListItem","position":1,"name":"Home","item":"https:\/\/elfsight.com\/de\/"},{"@type":"ListItem","position":2,"name":"Team Showcase","item":"https:\/\/elfsight.com\/de\/team-showcase-widget\/"},{"@type":"ListItem","position":3,"name":"Team Showcase &#8211; PrestaShop"}]},{"@type":"WebSite","@id":"https:\/\/elfsight.com\/de\/#website","url":"https:\/\/elfsight.com\/de\/","name":"Elfsight DE","description":"Just another Elfsight Sites site","potentialAction":[{"@type":"SearchAction","target":{"@type":"EntryPoint","urlTemplate":"https:\/\/elfsight.com\/de\/?s={search_term_string}"},"query-input":{"@type":"PropertyValueSpecification","valueRequired":true,"valueName":"search_term_string"}}],"inLanguage":"de"}]}},"meta_box":{"industry":"","seo_heading":"","heading":"","description":"","cta_heading":"","cta_description":"","application":"481","h1":"PrestaShop Team Showcase-Add-on","h1_caption":"Stellen Sie Ihre Teammitglieder auf professionelle und optisch ansprechende Weise vor und bauen Sie m\u00fchelos Vertrauen und Verbindung zu Ihrem Publikum auf Ihrer Prestashop-Website auf.","application_category":[],"applications_title":"","applications_request_title":"","applications_request_button_text":"","hero_text":"","hero_video":"","hero_video_schema_markup":"","selling_points_title":"","selling_points_caption":"","selling_points":[],"selling_points_cta_text":"","features_title":"","features":"","ed_cta_examples_text":"","ed_cta_examples_hidden":"","ed_cta_demo_text":"","ed_cta_demo_hidden":"","why_caption":"","why_editor_title":"","why_editor_text":"","why_team_title":"","why_team_text":"","why_service_title":"","why_service_text":"","template_catalog_visible":"","template_catalog_title":"","template_catalog_text":"","template_catalog_categories_visible":"","demo_title":"Erstellen Sie Ihr Team Showcase-Addon","demo_caption":"Konfigurieren Sie Ihr Team Showcase und f\u00fcgen Sie es kostenlos Ihrer PrestaShop-Website hinzu!","default_faq_hidden":"","app_template_category":[],"platform":"3811","template_public_id":"","codecanyon_url":"","codecanyon_item_id":"","codecanyon_price":"","pricing_caption":"","pricing_elfsight_apps_hide_column":"","pricing_elfsight_apps_url":"","pricing_codecanyon_price_caption":"","integration_category":[],"integration_request_title":"","integration_request_cta":"","integration_platform":"","integrations":[],"platform_category":[],"video_schema_markup":"","price":"ab 0 $ \/ Monat","trial":"","benefits":[{"text":"Kostenloser Installationsservice"},{"text":"Erfahrener Kundensupport"},{"text":"14-t\u00e4gige R\u00fcckerstattungsgarantie"},{"text":"Laufende kostenlose Verbesserungen"}],"button_url":"#demo","button_target_blank":"","button_nofollow":"","attributes":[{"name":"Installiert","content":"10,000 - 100,000"},{"name":"Reaktionsfreudig","content":"Ja"},{"name":"Kompatible Browser","content":" Firefox, Safari, Opera, Chrome, Edge"}],"tags":[],"tags_disable_links":"","hide_more_platforms":"","video_object":"","demo_hide_cta":"","demo_hide_cloud_options":"","pricing_title":"","pricing":[{"pricing_icon":"platform","pricing_title":"Elfsight Apps","pricing_title_caption":"Multiplattform-L\u00f6sung","pricing_price":"ab 0 $ \/ Monat","pricing_price_caption":"Beginnen Sie mit einem kostenlosen Plan","pricing_benefits":[{"text":"Unbegrenzte Domains"},{"text":"Schneller Kundensupport"},{"text":"Kostenloser Installationsservice"},{"text":"Vollst\u00e4ndig anpassbar"}],"pricing_button_text":"Zur Website hinzuf\u00fcgen","pricing_button_url":"#demo"}],"related_apps_title":"","related_apps_hidden":"","author":"","image":[],"title":"","job":"","social_networks":[]},"_links":{"self":[{"href":"https:\/\/elfsight.com\/de\/wp-json\/wp\/v2\/pages\/10433","targetHints":{"allow":["GET"]}}],"collection":[{"href":"https:\/\/elfsight.com\/de\/wp-json\/wp\/v2\/pages"}],"about":[{"href":"https:\/\/elfsight.com\/de\/wp-json\/wp\/v2\/types\/page"}],"author":[{"embeddable":true,"href":"https:\/\/elfsight.com\/de\/wp-json\/wp\/v2\/users\/9"}],"replies":[{"embeddable":true,"href":"https:\/\/elfsight.com\/de\/wp-json\/wp\/v2\/comments?post=10433"}],"version-history":[{"count":2,"href":"https:\/\/elfsight.com\/de\/wp-json\/wp\/v2\/pages\/10433\/revisions"}],"predecessor-version":[{"id":21996,"href":"https:\/\/elfsight.com\/de\/wp-json\/wp\/v2\/pages\/10433\/revisions\/21996"}],"up":[{"embeddable":true,"href":"https:\/\/elfsight.com\/de\/wp-json\/wp\/v2\/pages\/1952"}],"wp:attachment":[{"href":"https:\/\/elfsight.com\/de\/wp-json\/wp\/v2\/media?parent=10433"}],"curies":[{"name":"wp","href":"https:\/\/api.w.org\/{rel}","templated":true}]}}