{"id":10428,"date":"1970-01-01T00:00:00","date_gmt":"1970-01-01T00:00:00","guid":{"rendered":"https:\/\/elfsight.com\/de\/?page_id=10428"},"modified":"2025-07-10T08:30:36","modified_gmt":"2025-07-10T08:30:36","slug":"jimdo","status":"publish","type":"page","link":"https:\/\/elfsight.com\/de\/team-showcase-widget\/jimdo\/","title":{"rendered":"Team Showcase &#8211; Jimdo"},"content":{"rendered":"<div class=\"application-platform-content-item-description application-platform-content-item\" id=\"description\" data-nav-section=\"description\"><h2>Beschreibung<\/h2> <p>Dieses Widget wird Ihre benutzerfreundlichste M\u00f6glichkeit sein, Ihr Team auf Ihrer Website anzuzeigen. Unser Widget hilft dabei, die Fotos und Rollen jeder Art von Team zu pr\u00e4sentieren: Gesch\u00e4ftspartner, Sportmannschaftsmitglieder, Lehrpersonal, Firmenangestellte und alle anderen. Zeigen Sie ein Foto, f\u00fcgen Sie Kontaktdaten und einen eindrucksvollen Text zu jeder Person hinzu. Benutzer erhalten die M\u00f6glichkeit, \u00fcber aktive Links oder Social-Media-Symbole in K\u00fcrze mit ihnen in Kontakt zu treten. Es steht Ihnen frei, Kategorien festzulegen und den Rahmen Ihres Teams darzustellen, ein Layout, Farben und mehr auszuw\u00e4hlen. Steigern Sie die Glaubw\u00fcrdigkeit Ihres Unternehmens, indem Sie sein menschliches Gesicht zeigen! <\/p> <p><b>Machen Sie Ihre Website mit Team Showcase effektiver f\u00fcr E-Commerce-Ziele.<\/b><\/p> <\/div> <div class=\"application-platform-content-item-features application-platform-content-item\" id=\"features\" data-nav-section=\"features\"> <h2>Das Schl\u00fcssel-Widget Zu den Funktionen geh\u00f6ren<\/h2> <ul><li>Jedes Teammitglied mit Kontaktinformationen, detailliertem Text, Position und Foto anzeigen<\/li><li>Option zum Hinzuf\u00fcgen unbegrenzter Teammitglieder<\/li><li>Anklickbare Symbole von sozialen Medien, um zum Profil einer Person zu gelangen<\/li><li>Anklickbare E-Mail-Adresse und Website-Link<\/li><li>Standortadresse wird bei Klick auf Google Maps ge\u00f6ffnet<\/li><li>Popup wird bei Klick mit Vollbild ge\u00f6ffnet Details zu einer Person<\/li><li>Option zum Hinzuf\u00fcgen eines Zitats f\u00fcr jede Person \u00fcber ein Textfeld mit Formatierungsoptionen<\/li><li>Hochladen eines Fotos in allen g\u00e4ngigen Formaten<\/li><\/ul><p><a href=\"#demo\">Schauen Sie sich einfach diese Demo an, um die Funktionalit\u00e4t des Widgets zu verstehen<\/a><\/p> <\/div> <div class=\"application-platform-content-item-installation application-platform-content-item\" id=\"installation\" data-nav-section=\"installation\"> <h2>Wie kann ich Team Showcase einbetten? auf meiner Jimdo-Website? <\/h2> <p>F\u00fchren Sie einfach die folgenden Schritte aus, um das Widget zu aktivieren. <\/p> <ol><li><b>\u00d6ffnen Sie unseren kostenlosen Editor und beginnen Sie mit der Gestaltung Ihres personalisierten Widgets. <\/b><br> Geben Sie das benutzerdefinierte Design und die Parameter des Widgets an und speichern Sie die \u00c4nderungen. <\/li> <li><b>Kopieren Sie Ihren eindeutigen Code, der in der Box auf Elfsight Apps angezeigt wird. <\/b><br> Kopieren Sie direkt nach Abschluss der Generierung Ihres pers\u00f6nlichen Widgets den exklusiven Code im Fenster und speichern Sie ihn f\u00fcr die weitere Verwendung. <\/li> <li><b>Erste Schritte mit der Verwendung des Tools auf Ihrer Jimdo-Website. <\/b><br> F\u00fcgen Sie den Code, den Sie k\u00fcrzlich kopiert haben, in Ihre Webseite ein und speichern Sie die Verbesserungen. <\/li> <li><b>Das Setup ist vollst\u00e4ndig durchgef\u00fchrt. <\/b><br> Besuchen Sie Ihre Website, um die Funktionsweise des Widgets zu \u00fcberpr\u00fcfen. <\/li><\/ol> <p>Wenn Sie Fragen haben oder auf Hindernisse sto\u00dfen, z\u00f6gern Sie nicht, sich an unsere Kundendienstmitarbeiter zu wenden. Unsere Berater helfen Ihnen gerne bei allen Fragen rund um das Widget weiter. <\/p> <div class=\"faq\" data-component=\"FAQ\"><div class=\"faq-item\">\r\n\t\t\t\t\t<div class=\"faq-item-question\">\r\n\t\t\t\t\t\t<h3 class=\"faq-item-question-text\">Wie kann ich Team Showcase ohne Programmierkenntnisse zu meiner Jimdo-Webseite hinzuf\u00fcgen?<\/h3>\r\n\r\n\t\t\t\t\t\t<div class=\"faq-item-question-icon\"><\/div>\r\n\t\t\t\t\t<\/div>\r\n\r\n\t\t\t\t\t<div class=\"faq-item-answer\">\r\n\t\t\t\t\t\t<div class=\"faq-item-answer-text\"> <p>Das Unternehmen Elfsight bietet eine SaaS-L\u00f6sung, mit der Benutzer selbst eine Team Showcase-App erstellen k\u00f6nnen. Pr\u00fcfen Sie, wie einfach der Vorgang ist: Erstellen Sie im Online-Editor einen Team-Showcase-Bereich, den Sie auf der Jimdo-Homepage integrieren m\u00f6chten. Klicken Sie auf eine unserer vorgefertigten Vorlagen und \u00e4ndern Sie die Team Showcase-Einstellungen, f\u00fcgen Sie Ihre Inhalte hinzu, \u00e4ndern Sie das Layout und die Farben, ohne Programmiererfahrung zu haben. Klicken Sie hier, um das Team Showcase zu speichern und den Installationscode zu erhalten, den Sie ganz einfach zu jeder Jimdo-Webseite hinzuf\u00fcgen k\u00f6nnen, ohne einen kostenpflichtigen Plan kaufen zu m\u00fcssen. Mit Hilfe des benutzerfreundlichen Konfigurators kann jeder Webbenutzer online eine Team Showcase-App erstellen und diese problemlos zur Jimdo-Website hinzuf\u00fcgen. Es ist nicht erforderlich, zu bezahlen oder Ihre Kartendaten einzureichen, um auf unseren Editor zuzugreifen. Sollten bei irgendeinem Schritt Probleme auftreten, z\u00f6gern Sie bitte nicht, sich an unseren Kundensupport zu wenden.<\/p> <\/div>\r\n\t\t\t\t\t<\/div>\r\n\t\t\t\t<\/div> <\/div><\/div>","protected":false},"excerpt":{"rendered":"","protected":false},"author":9,"featured_media":0,"parent":1952,"menu_order":0,"comment_status":"closed","ping_status":"closed","template":"templates\/template-application-platform.php","meta":{"publish_to_discourse":"","publish_post_category":"","wpdc_auto_publish_overridden":"","wpdc_topic_tags":"","wpdc_pin_topic":"","wpdc_pin_until":"","discourse_post_id":"","discourse_permalink":"","wpdc_publishing_response":"","wpdc_publishing_error":"","footnotes":""},"class_list":["post-10428","page","type-page","status-publish","hentry"],"yoast_head":"<!-- This site is optimized with the Yoast SEO plugin v25.3.1 - https:\/\/yoast.com\/wordpress\/plugins\/seo\/ -->\n<title>Team Showcase-Widget zur Jimdo-Website hinzuf\u00fcgen (schnell und kostenlos)<\/title>\n<meta name=\"description\" content=\"Es ist ganz einfach, Ihr Team Showcase-Widget zu entwerfen und auf der Jimdo-Website zu platzieren. Der Kundendienst von Elfsight ist kostenlos.\" \/>\n<meta name=\"robots\" content=\"index, follow, max-snippet:-1, max-image-preview:large, max-video-preview:-1\" \/>\n<link rel=\"canonical\" href=\"https:\/\/elfsight.com\/de\/team-showcase-widget\/jimdo\/\" \/>\n<meta property=\"og:locale\" content=\"de_DE\" \/>\n<meta property=\"og:type\" content=\"article\" \/>\n<meta property=\"og:title\" content=\"Team Showcase-Widget zur Jimdo-Website hinzuf\u00fcgen (schnell und kostenlos)\" \/>\n<meta property=\"og:description\" content=\"Es ist ganz einfach, Ihr Team Showcase-Widget zu entwerfen und auf der Jimdo-Website zu platzieren. Der Kundendienst von Elfsight ist kostenlos.\" \/>\n<meta property=\"og:url\" content=\"https:\/\/elfsight.com\/de\/team-showcase-widget\/jimdo\/\" \/>\n<meta property=\"og:site_name\" content=\"Elfsight DE\" \/>\n<meta property=\"article:modified_time\" content=\"2025-07-10T08:30:36+00:00\" \/>\n<meta name=\"twitter:card\" content=\"summary_large_image\" \/>\n<meta name=\"twitter:label1\" content=\"Gesch\u00e4tzte Lesezeit\" \/>\n\t<meta name=\"twitter:data1\" content=\"3\u00a0Minuten\" \/>\n<!-- \/ Yoast SEO plugin. -->","yoast_head_json":{"title":"Team Showcase-Widget zur Jimdo-Website hinzuf\u00fcgen (schnell und kostenlos)","description":"Es ist ganz einfach, Ihr Team Showcase-Widget zu entwerfen und auf der Jimdo-Website zu platzieren. Der Kundendienst von Elfsight ist kostenlos.","robots":{"index":"index","follow":"follow","max-snippet":"max-snippet:-1","max-image-preview":"max-image-preview:large","max-video-preview":"max-video-preview:-1"},"canonical":"https:\/\/elfsight.com\/de\/team-showcase-widget\/jimdo\/","og_locale":"de_DE","og_type":"article","og_title":"Team Showcase-Widget zur Jimdo-Website hinzuf\u00fcgen (schnell und kostenlos)","og_description":"Es ist ganz einfach, Ihr Team Showcase-Widget zu entwerfen und auf der Jimdo-Website zu platzieren. Der Kundendienst von Elfsight ist kostenlos.","og_url":"https:\/\/elfsight.com\/de\/team-showcase-widget\/jimdo\/","og_site_name":"Elfsight DE","article_modified_time":"2025-07-10T08:30:36+00:00","twitter_card":"summary_large_image","twitter_misc":{"Gesch\u00e4tzte Lesezeit":"3\u00a0Minuten"},"schema":{"@context":"https:\/\/schema.org","@graph":[{"@type":"WebPage","@id":"https:\/\/elfsight.com\/de\/team-showcase-widget\/jimdo\/","url":"https:\/\/elfsight.com\/de\/team-showcase-widget\/jimdo\/","name":"Team Showcase-Widget zur Jimdo-Website hinzuf\u00fcgen (schnell und kostenlos)","isPartOf":{"@id":"https:\/\/elfsight.com\/de\/#website"},"datePublished":"1970-01-01T00:00:00+00:00","dateModified":"2025-07-10T08:30:36+00:00","description":"Es ist ganz einfach, Ihr Team Showcase-Widget zu entwerfen und auf der Jimdo-Website zu platzieren. Der Kundendienst von Elfsight ist kostenlos.","breadcrumb":{"@id":"https:\/\/elfsight.com\/de\/team-showcase-widget\/jimdo\/#breadcrumb"},"inLanguage":"de","potentialAction":[{"@type":"ReadAction","target":["https:\/\/elfsight.com\/de\/team-showcase-widget\/jimdo\/"]}]},{"@type":"BreadcrumbList","@id":"https:\/\/elfsight.com\/de\/team-showcase-widget\/jimdo\/#breadcrumb","itemListElement":[{"@type":"ListItem","position":1,"name":"Home","item":"https:\/\/elfsight.com\/de\/"},{"@type":"ListItem","position":2,"name":"Team Showcase","item":"https:\/\/elfsight.com\/de\/team-showcase-widget\/"},{"@type":"ListItem","position":3,"name":"Team Showcase &#8211; Jimdo"}]},{"@type":"WebSite","@id":"https:\/\/elfsight.com\/de\/#website","url":"https:\/\/elfsight.com\/de\/","name":"Elfsight DE","description":"Just another Elfsight Sites site","potentialAction":[{"@type":"SearchAction","target":{"@type":"EntryPoint","urlTemplate":"https:\/\/elfsight.com\/de\/?s={search_term_string}"},"query-input":{"@type":"PropertyValueSpecification","valueRequired":true,"valueName":"search_term_string"}}],"inLanguage":"de"}]}},"meta_box":{"industry":"","seo_heading":"","heading":"","description":"","cta_heading":"","cta_description":"","application":"481","h1":"Jimdo Team Showcase-Widget","h1_caption":"Stellen Sie Ihre Teammitglieder auf professionelle und optisch ansprechende Weise vor und bauen Sie m\u00fchelos Vertrauen und Verbindung zu Ihrem Publikum auf Ihrer Jimdo-Website auf.","application_category":[],"applications_title":"","applications_request_title":"","applications_request_button_text":"","hero_text":"","hero_video":"","hero_video_schema_markup":"","selling_points_title":"","selling_points_caption":"","selling_points":[],"selling_points_cta_text":"","features_title":"","features":"","ed_cta_examples_text":"","ed_cta_examples_hidden":"","ed_cta_demo_text":"","ed_cta_demo_hidden":"","why_caption":"","why_editor_title":"","why_editor_text":"","why_team_title":"","why_team_text":"","why_service_title":"","why_service_text":"","template_catalog_visible":"","template_catalog_title":"","template_catalog_text":"","template_catalog_categories_visible":"","demo_title":"Erstellen Sie Ihr Team Showcase-Widget","demo_caption":"Konfiguriere deinen Team Showcase und f\u00fcge ihn kostenlos zu deiner Jimdo-Website hinzu!","default_faq_hidden":"","app_template_category":[],"platform":"239","template_public_id":"","codecanyon_url":"","codecanyon_item_id":"","codecanyon_price":"","pricing_caption":"","pricing_elfsight_apps_hide_column":"","pricing_elfsight_apps_url":"","pricing_codecanyon_price_caption":"","integration_category":[],"integration_request_title":"","integration_request_cta":"","integration_platform":"","integrations":[],"platform_category":[],"video_schema_markup":"","price":"ab 0 $ \/ Monat","trial":"","benefits":[{"text":"Kostenlose Installationshilfe"},{"text":"Au\u00dfergew\u00f6hnliche Unterst\u00fctzung"},{"text":"14-t\u00e4gige R\u00fcckerstattungsgarantie"},{"text":"Zuk\u00fcnftige kostenlose Verbesserungen"}],"button_url":"#demo","button_target_blank":"","button_nofollow":"","attributes":[{"name":"Installiert","content":"10,000 - 100,000"},{"name":"Reaktionsfreudig","content":"Ja"},{"name":"Kompatible Browser","content":" Firefox, Safari, Opera, Chrome, Edge"}],"tags":[],"tags_disable_links":"","hide_more_platforms":"","video_object":"","demo_hide_cta":"","demo_hide_cloud_options":"","pricing_title":"","pricing":[{"pricing_icon":"platform","pricing_title":"Elfsight Apps","pricing_title_caption":"Plattformunabh\u00e4ngige L\u00f6sung","pricing_price":"ab 0 $ \/ Monat","pricing_price_caption":"Beginnen Sie mit einem kostenlosen Plan","pricing_benefits":[{"text":"Unbegrenzte Websites"},{"text":"Kostenloser Support"},{"text":"Kostenloser Installationsservice"},{"text":"V\u00f6llig anpassbar"}],"pricing_button_text":"Zur Website hinzuf\u00fcgen","pricing_button_url":"#demo"}],"related_apps_title":"","related_apps_hidden":"","author":"","image":[],"title":"","job":"","social_networks":[]},"_links":{"self":[{"href":"https:\/\/elfsight.com\/de\/wp-json\/wp\/v2\/pages\/10428","targetHints":{"allow":["GET"]}}],"collection":[{"href":"https:\/\/elfsight.com\/de\/wp-json\/wp\/v2\/pages"}],"about":[{"href":"https:\/\/elfsight.com\/de\/wp-json\/wp\/v2\/types\/page"}],"author":[{"embeddable":true,"href":"https:\/\/elfsight.com\/de\/wp-json\/wp\/v2\/users\/9"}],"replies":[{"embeddable":true,"href":"https:\/\/elfsight.com\/de\/wp-json\/wp\/v2\/comments?post=10428"}],"version-history":[{"count":2,"href":"https:\/\/elfsight.com\/de\/wp-json\/wp\/v2\/pages\/10428\/revisions"}],"predecessor-version":[{"id":21995,"href":"https:\/\/elfsight.com\/de\/wp-json\/wp\/v2\/pages\/10428\/revisions\/21995"}],"up":[{"embeddable":true,"href":"https:\/\/elfsight.com\/de\/wp-json\/wp\/v2\/pages\/1952"}],"wp:attachment":[{"href":"https:\/\/elfsight.com\/de\/wp-json\/wp\/v2\/media?parent=10428"}],"curies":[{"name":"wp","href":"https:\/\/api.w.org\/{rel}","templated":true}]}}