{"id":10420,"date":"1970-01-01T00:00:00","date_gmt":"1970-01-01T00:00:00","guid":{"rendered":"https:\/\/elfsight.com\/de\/?page_id=10420"},"modified":"2025-02-19T12:45:55","modified_gmt":"2025-02-19T12:45:55","slug":"drupal","status":"publish","type":"page","link":"https:\/\/elfsight.com\/de\/subscription-form-widget\/drupal\/","title":{"rendered":"Subscription Form &#8211; Drupal"},"content":{"rendered":"<div class=\"application-platform-content-item-description application-platform-content-item\" id=\"description\" data-nav-section=\"description\"> <h2>Beschreibung<\/h2> <p>Das Elfsight-Abonnementformular f\u00fcr Drupal ist ein n\u00fctzliches Modul, das Ihnen die M\u00f6glichkeit gibt, E-Mails zu erhalten. Die App bietet Ihnen nicht nur die M\u00f6glichkeit, Ihre E-Mail-Liste zu erstellen, sondern dies auch effizient zu tun \u2013 es steht Ihnen frei, den Kopfabschnitt mit Beschriftung zum Formular hinzuzuf\u00fcgen, die E-Mail mit dem Vornamen anzufordern oder es einfach zu machen und dort nur ein E-Mail-Feld zu belassen F\u00fcgen Sie eine erl\u00e4uternde Beschriftung und einen Platzhalter hinzu. Sie haben au\u00dferdem die M\u00f6glichkeit, Ihr Abonnementformular-Widget mit dem Mailchimp-Dienst zu verkn\u00fcpfen. Und indem Sie eine von vier gebrauchsfertigen Layoutvorlagen verwenden, k\u00f6nnen Sie das Tool so gestalten, dass es genau Ihren Anforderungen entspricht. <\/p> <p><b>Pr\u00e4sentieren Sie Ihre Newsletter-Anmeldeformulare der Zielgruppe auf den richtigen Seiten Ihrer Website und verhindern Sie, dass sie Ihre Website verl\u00e4sst! <\/b><\/p> <\/div> <div class=\"application-platform-content-item-features application-platform-content-item\" id=\"features\" data-nav-section=\"features\"> <h2>Liste der wichtigsten Funktionen anzeigen: <\/h2> <ul><li>F\u00fcgen Sie eine Kopfzeile mit einer informativen Beschriftung hinzu. <\/li><li>Integrieren Sie Ihr Abonnementformular mit dem Mailchimp-Dienst<\/li><li>Beziehen Sie Ihre E-Mail-Datenbank im CSV-Format. <\/li><li>Anpassbare Formularfelder. <\/li><li>4 Layouts zur Auswahl: Popup, Bereich, Eingebettet, Side-in,. <\/li><\/ul><p><a href=\"#demo\">Sie k\u00f6nnen die gesamten Funktionen des Moduls in der Demo erkunden <\/a><\/p> <\/div> <div class=\"application-platform-content-item-installation  application-platform-content-item\" id=\"installation \" data-nav-section=\"installation \"> <h2>Wie f\u00fcge ich ein Abonnementformular auf meiner Drupal-Website hinzu? <\/h2> <p>Befolgen Sie einfach die unten aufgef\u00fchrten Schritte, um das Modul zu aktivieren. <\/p> <ol><li><b>Nutzen Sie unsere kostenlose Demo und beginnen Sie mit der Gestaltung Ihres ma\u00dfgeschneiderten Moduls. <\/b><br> Finden Sie das bevorzugte Design und die Funktionalit\u00e4t des Tools und speichern Sie die Korrekturen. <\/li> <li><b>Holen Sie sich Ihren einzigartigen Code, der im Fenster von Elfsight Apps angezeigt wird. <\/b><br> Nachdem die Anpassung Ihres pers\u00f6nlichen Moduls abgeschlossen ist, kopieren Sie den exklusiven Code im angezeigten Popup und bewahren Sie ihn f\u00fcr einen sp\u00e4teren Anlass auf. <\/li> <li><b>Beginnen Sie mit der Verwendung des Widgets auf Ihrer Drupal-Website. <\/b><br> F\u00fcgen Sie den zuvor gespeicherten Code in Ihre Website ein und \u00fcbernehmen Sie die Korrekturen. <\/li> <li><b>Du bist fertig! Die Integration ist vollst\u00e4ndig abgeschlossen. <\/b><br> Gehen Sie zu Ihrer Seite, um die Funktionsweise des Moduls anzuzeigen. <\/li><\/ol> <p>Sollten bei Ihnen Komplikationen auftreten, wenden Sie sich bitte an unser Support-Team. Unsere Mitarbeiter helfen Ihnen gerne bei allen Schwierigkeiten, die Sie mit dem Plugin haben k\u00f6nnten. <\/p> <div class=\"faq\" data-component=\"FAQ\"> <div class=\"faq-item\">\r\n\t\t\t\t\t<div class=\"faq-item-question\">\r\n\t\t\t\t\t\t<h3 class=\"faq-item-question-text\">Wie kann ich Form Builder ohne Programmierkenntnisse zu meiner Drupal-Website hinzuf\u00fcgen?<\/h3>\r\n\r\n\t\t\t\t\t\t<div class=\"faq-item-question-icon\"><\/div>\r\n\t\t\t\t\t<\/div>\r\n\r\n\t\t\t\t\t<div class=\"faq-item-answer\">\r\n\t\t\t\t\t\t<div class=\"faq-item-answer-text\"> <p>Elfsight bietet eine SaaS-L\u00f6sung, mit der Sie selbst ein Form Builder-Widget erstellen k\u00f6nnen. Sehen Sie, wie einfach das ist Der Prozess ist: Arbeiten Sie direkt im Online-Editor, um ein Form Builder-Widget zu erstellen, das Sie auf Ihrer Drupal-Website sehen m\u00f6chten. W\u00e4hlen Sie eine der vorgefertigten Vorlagen aus und passen Sie die Form Builder-Einstellungen an, f\u00fcgen Sie Ihre Inhalte hinzu, \u00e4ndern Sie das Layout und das Farbschema ohne Programmierkenntnisse. Speichern Sie den Form Builder und kopieren Sie seinen Installationscode, den Sie in Ihre Drupal-Website einbinden k\u00f6nnen, ohne eine kostenpflichtige Version kaufen zu m\u00fcssen. Mit unserem intuitiven Editor kann jeder Internetnutzer online ein Form Builder-Widget erstellen und es einfach in seine Drupal-Website einbetten. Sie m\u00fcssen weder bezahlen noch Ihre Kartendaten eingeben, um auf den Service zuzugreifen. Sollten bei irgendeinem Schritt Probleme auftreten, wenden Sie sich bitte an unser technisches Support-Team.<\/p> <\/div>\r\n\t\t\t\t\t<\/div>\r\n\t\t\t\t<\/div> <div class=\"faq-item\">\r\n\t\t\t\t\t<div class=\"faq-item-question\">\r\n\t\t\t\t\t\t<h3 class=\"faq-item-question-text\">Haben Sie vorgefertigte Abonnementformularvorlagen f\u00fcr die Drupal-Website?<\/h3>\r\n\r\n\t\t\t\t\t\t<div class=\"faq-item-question-icon\"><\/div>\r\n\t\t\t\t\t<\/div>\r\n\r\n\t\t\t\t\t<div class=\"faq-item-answer\">\r\n\t\t\t\t\t\t<div class=\"faq-item-answer-text\"><p>Ja, Elfsight bietet eine riesige Bibliothek mit \u00fcber 300 Vorlagen f\u00fcr jeden Fall. Scrollen Sie durch die <a href=\"https:\/\/elfsight.com\/online-form-builder\/templates\/subscription-forms\/\">Vorlagen f\u00fcr Abonnementformulare<\/a> und entscheiden Sie, welche f\u00fcr Sie am besten geeignet ist.<\/p> <\/div>\r\n\t\t\t\t\t<\/div>\r\n\t\t\t\t<\/div><\/div> <\/div>","protected":false},"excerpt":{"rendered":"","protected":false},"author":9,"featured_media":0,"parent":3941,"menu_order":0,"comment_status":"closed","ping_status":"closed","template":"templates\/template-application-platform.php","meta":{"publish_to_discourse":"","publish_post_category":"","wpdc_auto_publish_overridden":"","wpdc_topic_tags":"","wpdc_pin_topic":"","wpdc_pin_until":"","discourse_post_id":"","discourse_permalink":"","wpdc_publishing_response":"","wpdc_publishing_error":"","footnotes":""},"class_list":["post-10420","page","type-page","status-publish","hentry"],"yoast_head":"<!-- This site is optimized with the Yoast SEO plugin v25.3.1 - https:\/\/yoast.com\/wordpress\/plugins\/seo\/ -->\n<title>Abonnementformular-Modul zur Drupal-Website hinzuf\u00fcgen (schnell und kostenlos)<\/title>\n<meta name=\"description\" content=\"Integrieren Sie ein responsives Drupal-Abonnementformularmodul in Ihre Website. Passen Sie alle Felder an, w\u00e4hlen Sie eines von vier vorgefertigten Layouts und vieles mehr.\" \/>\n<meta name=\"robots\" content=\"index, follow, max-snippet:-1, max-image-preview:large, max-video-preview:-1\" \/>\n<link rel=\"canonical\" href=\"https:\/\/elfsight.com\/de\/subscription-form-widget\/drupal\/\" \/>\n<meta property=\"og:locale\" content=\"de_DE\" \/>\n<meta property=\"og:type\" content=\"article\" \/>\n<meta property=\"og:title\" content=\"Abonnementformular-Modul zur Drupal-Website hinzuf\u00fcgen (schnell und kostenlos)\" \/>\n<meta property=\"og:description\" content=\"Integrieren Sie ein responsives Drupal-Abonnementformularmodul in Ihre Website. Passen Sie alle Felder an, w\u00e4hlen Sie eines von vier vorgefertigten Layouts und vieles mehr.\" \/>\n<meta property=\"og:url\" content=\"https:\/\/elfsight.com\/de\/subscription-form-widget\/drupal\/\" \/>\n<meta property=\"og:site_name\" content=\"Elfsight DE\" \/>\n<meta property=\"article:modified_time\" content=\"2025-02-19T12:45:55+00:00\" \/>\n<meta name=\"twitter:card\" content=\"summary_large_image\" \/>\n<meta name=\"twitter:label1\" content=\"Gesch\u00e4tzte Lesezeit\" \/>\n\t<meta name=\"twitter:data1\" content=\"3\u00a0Minuten\" \/>\n<!-- \/ Yoast SEO plugin. -->","yoast_head_json":{"title":"Abonnementformular-Modul zur Drupal-Website hinzuf\u00fcgen (schnell und kostenlos)","description":"Integrieren Sie ein responsives Drupal-Abonnementformularmodul in Ihre Website. Passen Sie alle Felder an, w\u00e4hlen Sie eines von vier vorgefertigten Layouts und vieles mehr.","robots":{"index":"index","follow":"follow","max-snippet":"max-snippet:-1","max-image-preview":"max-image-preview:large","max-video-preview":"max-video-preview:-1"},"canonical":"https:\/\/elfsight.com\/de\/subscription-form-widget\/drupal\/","og_locale":"de_DE","og_type":"article","og_title":"Abonnementformular-Modul zur Drupal-Website hinzuf\u00fcgen (schnell und kostenlos)","og_description":"Integrieren Sie ein responsives Drupal-Abonnementformularmodul in Ihre Website. Passen Sie alle Felder an, w\u00e4hlen Sie eines von vier vorgefertigten Layouts und vieles mehr.","og_url":"https:\/\/elfsight.com\/de\/subscription-form-widget\/drupal\/","og_site_name":"Elfsight DE","article_modified_time":"2025-02-19T12:45:55+00:00","twitter_card":"summary_large_image","twitter_misc":{"Gesch\u00e4tzte Lesezeit":"3\u00a0Minuten"},"schema":{"@context":"https:\/\/schema.org","@graph":[{"@type":"WebPage","@id":"https:\/\/elfsight.com\/de\/subscription-form-widget\/drupal\/","url":"https:\/\/elfsight.com\/de\/subscription-form-widget\/drupal\/","name":"Abonnementformular-Modul zur Drupal-Website hinzuf\u00fcgen (schnell und kostenlos)","isPartOf":{"@id":"https:\/\/elfsight.com\/de\/#website"},"datePublished":"1970-01-01T00:00:00+00:00","dateModified":"2025-02-19T12:45:55+00:00","description":"Integrieren Sie ein responsives Drupal-Abonnementformularmodul in Ihre Website. Passen Sie alle Felder an, w\u00e4hlen Sie eines von vier vorgefertigten Layouts und vieles mehr.","breadcrumb":{"@id":"https:\/\/elfsight.com\/de\/subscription-form-widget\/drupal\/#breadcrumb"},"inLanguage":"de","potentialAction":[{"@type":"ReadAction","target":["https:\/\/elfsight.com\/de\/subscription-form-widget\/drupal\/"]}]},{"@type":"BreadcrumbList","@id":"https:\/\/elfsight.com\/de\/subscription-form-widget\/drupal\/#breadcrumb","itemListElement":[{"@type":"ListItem","position":1,"name":"Home","item":"https:\/\/elfsight.com\/de\/"},{"@type":"ListItem","position":2,"name":"Subscription Form","item":"https:\/\/elfsight.com\/de\/subscription-form-widget\/"},{"@type":"ListItem","position":3,"name":"Subscription Form &#8211; Drupal"}]},{"@type":"WebSite","@id":"https:\/\/elfsight.com\/de\/#website","url":"https:\/\/elfsight.com\/de\/","name":"Elfsight DE","description":"Just another Elfsight Sites site","potentialAction":[{"@type":"SearchAction","target":{"@type":"EntryPoint","urlTemplate":"https:\/\/elfsight.com\/de\/?s={search_term_string}"},"query-input":{"@type":"PropertyValueSpecification","valueRequired":true,"valueName":"search_term_string"}}],"inLanguage":"de"}]}},"meta_box":{"industry":"","seo_heading":"","heading":"","description":"","cta_heading":"","cta_description":"","application":"3940","h1":"Modul \u201eDrupal-Abonnementformular\u201c","h1_caption":"Betten Sie ein Abonnementformular ein, um E-Mails zu sammeln und Ihre Mailingliste m\u00fchelos in Ihre Drupal-Website zu erweitern.","application_category":[],"applications_title":"","applications_request_title":"","applications_request_button_text":"","hero_text":"","hero_video":"","hero_video_schema_markup":"","selling_points_title":"","selling_points_caption":"","selling_points":[],"selling_points_cta_text":"","features_title":"","features":"","ed_cta_examples_text":"","ed_cta_examples_hidden":"","ed_cta_demo_text":"","ed_cta_demo_hidden":"","why_caption":"","why_editor_title":"","why_editor_text":"","why_team_title":"","why_team_text":"","why_service_title":"","why_service_text":"","template_catalog_visible":"0","template_catalog_title":"","template_catalog_text":"","template_catalog_categories_visible":"","demo_title":"Erstellen Sie Ihr Abonnementformularmodul","demo_caption":"Konfigurieren Sie Ihr Abonnementformular und f\u00fcgen Sie es kostenlos zu Ihrer Drupal-Website hinzu!","default_faq_hidden":"","app_template_category":[],"platform":"261","template_public_id":"","codecanyon_url":"","codecanyon_item_id":"","codecanyon_price":"","pricing_caption":"","pricing_elfsight_apps_hide_column":"","pricing_elfsight_apps_url":"","pricing_codecanyon_price_caption":"","integration_category":[],"integration_request_title":"","integration_request_cta":"","integration_platform":"","integrations":[],"platform_category":[],"video_schema_markup":"","price":"ab 0 $ \/ Monat","trial":"","benefits":[{"text":"Kostenlose Installationsunterst\u00fctzung"},{"text":"Premium-Support"},{"text":"14-t\u00e4gige Geld-zur\u00fcck-Garantie"},{"text":"Fortlaufende Entwicklung"}],"button_url":"#demo","button_target_blank":"0","button_nofollow":"0","attributes":[{"name":"Installiert","content":"10,000 - 100,000"},{"name":"Reaktionsfreudig","content":"Ja"},{"name":"Kompatible Browser","content":"Firefox, Safari, Opera, Chrome, Edge"}],"tags":[],"tags_disable_links":"0","hide_more_platforms":"0","video_object":"","demo_hide_cta":"0","demo_hide_cloud_options":"0","pricing_title":"","pricing":[{"pricing_icon":"platform","pricing_title":"Elfsight Apps","pricing_title_caption":"Plattformunabh\u00e4ngige L\u00f6sung, die auf jeder Website funktioniert","pricing_price":"ab 0 $ \/ Monat","pricing_price_caption":"Beginnen Sie mit einem kostenlosen Plan","pricing_benefits":[{"text":"Unbegrenzte Domains"},{"text":"Kostenloser Support"},{"text":"Kostenloser Installationssupport"},{"text":"100 % anpassbar"}],"pricing_button_text":"Zur Website hinzuf\u00fcgen","pricing_button_url":"#demo"}],"related_apps_title":"","related_apps_hidden":"0","author":"","image":[],"title":"","job":"","social_networks":[]},"_links":{"self":[{"href":"https:\/\/elfsight.com\/de\/wp-json\/wp\/v2\/pages\/10420","targetHints":{"allow":["GET"]}}],"collection":[{"href":"https:\/\/elfsight.com\/de\/wp-json\/wp\/v2\/pages"}],"about":[{"href":"https:\/\/elfsight.com\/de\/wp-json\/wp\/v2\/types\/page"}],"author":[{"embeddable":true,"href":"https:\/\/elfsight.com\/de\/wp-json\/wp\/v2\/users\/9"}],"replies":[{"embeddable":true,"href":"https:\/\/elfsight.com\/de\/wp-json\/wp\/v2\/comments?post=10420"}],"version-history":[{"count":2,"href":"https:\/\/elfsight.com\/de\/wp-json\/wp\/v2\/pages\/10420\/revisions"}],"predecessor-version":[{"id":21992,"href":"https:\/\/elfsight.com\/de\/wp-json\/wp\/v2\/pages\/10420\/revisions\/21992"}],"up":[{"embeddable":true,"href":"https:\/\/elfsight.com\/de\/wp-json\/wp\/v2\/pages\/3941"}],"wp:attachment":[{"href":"https:\/\/elfsight.com\/de\/wp-json\/wp\/v2\/media?parent=10420"}],"curies":[{"name":"wp","href":"https:\/\/api.w.org\/{rel}","templated":true}]}}