{"id":10419,"date":"1970-01-01T00:00:00","date_gmt":"1970-01-01T00:00:00","guid":{"rendered":"https:\/\/elfsight.com\/de\/?page_id=10419"},"modified":"2025-07-10T08:28:33","modified_gmt":"2025-07-10T08:28:33","slug":"facebook","status":"publish","type":"page","link":"https:\/\/elfsight.com\/de\/subscription-form-widget\/facebook\/","title":{"rendered":"Subscription Form &#8211; Facebook Page"},"content":{"rendered":"<div class=\"application-platform-content-item-description application-platform-content-item\" id=\"description\" data-nav-section=\"description\"> <h2>Beschreibung<\/h2> <p>Das Elfsight-Abonnementformular f\u00fcr die Facebook-Seite ist ein leistungsstarkes Widget, das Ihnen die M\u00f6glichkeit gibt, E-Mails auf Ihrer Website zu sammeln. Unser Tool bietet Ihnen nicht nur die M\u00f6glichkeit, Ihre E-Mail-Liste zu erweitern, sondern es ist auch ganz einfach: Sie k\u00f6nnen dem Formular die Kopfzeile mit einer informativen \u00dcberschrift hinzuf\u00fcgen, nach der Vornamen-E-Mail-Adresse fragen oder es einfach machen und nur eine eingeben Geben Sie dort das E-Mail-Feld ein und f\u00fcgen Sie eine informative Beschriftung und einen Platzhalter hinzu. Sie haben au\u00dferdem die M\u00f6glichkeit, Ihr Abonnementformular-Plugin mit Mailchimp zu verbinden. Und indem Sie eines von vier gebrauchsfertigen Layouts verwenden, k\u00f6nnen Sie das Tool zusammenstellen, das genau so funktioniert, wie Sie es ben\u00f6tigen. <\/p> <p><b>Pr\u00e4sentieren Sie Ihr Abonnementformular den richtigen Leuten auf den richtigen Seiten Ihrer Website und verhindern Sie, dass sie abspringen! <\/b><\/p> <\/div> <div class=\"application-platform-content-item-features application-platform-content-item\" id=\"features\" data-nav-section=\"features\"> <h2>Die grundlegenden Widget-Funktionen enthalten<\/h2> <ul><li>Anschlie\u00dfen einer Kopfzeile eine informative Beschriftung. <\/li><li>Verbinden Sie das Formular mit dem Mailchimp-Dienst<\/li><li>Erhalten Sie Ihre E-Mail-Liste im CSV-Format. <\/li><li>Anpassbare Formularfelder. <\/li><li>4 Layoutvorlagen zur Auswahl: Pane, Popup, Embedded, Side-in. <\/li><\/ul><p><a href=\"#demo\">Sie k\u00f6nnen die volle Funktionalit\u00e4t des Widgets in der Demo auf dieser Seite entdecken<\/a><\/p> <\/div> <div class=\"application-platform-content-item-installation application-platform-content-item\" id=\"installation\" data-nav-section=\"installation\"> <h2>Wie f\u00fcge ich ein Abonnementformular zu meiner Facebook-Seiten-Website hinzu? <\/h2> <p>Befolgen Sie einfach die folgenden Schritte, um das Widget zu integrieren. <\/p> <ol><li><b>Nutzen Sie unseren kostenlosen Editor und beginnen Sie mit der Gestaltung Ihres ma\u00dfgeschneiderten Widgets. <\/b><br> Finden Sie das gew\u00fcnschte Layout und die gew\u00fcnschten Funktionsmerkmale des Tools und speichern Sie die \u00c4nderungen. <\/li> <li><b>Lassen Sie sich Ihren individuellen Code im speziellen Formular auf Elfsight Apps anzeigen. <\/b><br> Sobald die Einrichtung Ihres pers\u00f6nlichen Widgets abgeschlossen ist, kopieren Sie den exklusiven Code in das entstandene Feld und bewahren Sie ihn f\u00fcr zuk\u00fcnftige Gelegenheiten auf. <\/li> <li><b>Beginnen Sie mit der Nutzung des Tools auf der Startseite der Facebook-Seite. <\/b><br> Geben Sie den zuvor kopierten Code in Ihre Website ein und speichern Sie die Anpassungen. <\/li> <li><b>Fertig! Die Einbettung ist vollst\u00e4ndig beendet. <\/b><br> Besuchen Sie Ihre Website, um die Leistung des Widgets zu \u00fcberpr\u00fcfen. <\/li><\/ol> <p>Wenn Sie auf Schwierigkeiten sto\u00dfen, wenden Sie sich bitte an unsere Kundendienstmitarbeiter. Unsere Spezialisten l\u00f6sen gerne alle Probleme, die Sie mit dem Werkzeug haben. <\/p> <div class=\"faq\" data-component=\"FAQ\"> <div class=\"faq-item\">\r\n\t\t\t\t\t<div class=\"faq-item-question\">\r\n\t\t\t\t\t\t<h3 class=\"faq-item-question-text\">Wie kann ich Form Builder ohne Programmierkenntnisse zu meiner Facebook-Seiten-Website hinzuf\u00fcgen?<\/h3>\r\n\r\n\t\t\t\t\t\t<div class=\"faq-item-question-icon\"><\/div>\r\n\t\t\t\t\t<\/div>\r\n\r\n\t\t\t\t\t<div class=\"faq-item-answer\">\r\n\t\t\t\t\t\t<div class=\"faq-item-answer-text\"> <p>Elfsight bietet eine SaaS-L\u00f6sung, mit der Sie selbst ein Form Builder-Widget erstellen k\u00f6nnen. Sehen Sie, wie einfach es ist Der Prozess ist: Arbeiten Sie direkt im Online-Editor, um ein Form Builder-Widget zu erstellen, das Sie auf Ihrer Facebook-Seiten-Website sehen m\u00f6chten. W\u00e4hlen Sie eine der vorgefertigten Vorlagen aus und passen Sie die Form Builder-Einstellungen an, f\u00fcgen Sie Ihre Inhalte hinzu, \u00e4ndern Sie das Layout und die Farben ohne Programmierkenntnisse. Speichern Sie den Form Builder und kopieren Sie seinen Installationscode, damit Sie Ihre Facebook-Seite m\u00fchelos hinzuf\u00fcgen k\u00f6nnen, ohne einen kostenpflichtigen Plan kaufen zu m\u00fcssen. Mit unserem intuitiven Editor kann jeder Internetnutzer online ein Form Builder-Widget erstellen und es ganz einfach in seine Facebook-Seite einbetten. Sie m\u00fcssen weder bezahlen noch Ihre Kartendaten eingeben, um auf den Service zuzugreifen. Wenn Sie bei irgendeinem Schritt auf Probleme sto\u00dfen, wenden Sie sich bitte an unser technisches Support-Team.<\/p> <\/div>\r\n\t\t\t\t\t<\/div>\r\n\t\t\t\t<\/div><div class=\"faq-item\">\r\n\t\t\t\t\t<div class=\"faq-item-question\">\r\n\t\t\t\t\t\t<h3 class=\"faq-item-question-text\">Stellen Sie Abonnementformularvorlagen f\u00fcr die Facebook-Seiten-Website bereit?<\/h3>\r\n\r\n\t\t\t\t\t\t<div class=\"faq-item-question-icon\"><\/div>\r\n\t\t\t\t\t<\/div>\r\n\r\n\t\t\t\t\t<div class=\"faq-item-answer\">\r\n\t\t\t\t\t\t<div class=\"faq-item-answer-text\"><p>Ja stehen mehr als 300 gebrauchsfertige Vorlagen zur Auswahl. Probieren Sie die <a href=\"https:\/\/elfsight.com\/online-form-builder\/templates\/subscription-forms\/\">Vorlagen f\u00fcr Abonnementformulare<\/a> aus und teilen Sie uns mit, welche Ihnen am besten gef\u00e4llt.<\/p><\/div>\r\n\t\t\t\t\t<\/div>\r\n\t\t\t\t<\/div> <\/div> <\/div>","protected":false},"excerpt":{"rendered":"","protected":false},"author":9,"featured_media":0,"parent":3941,"menu_order":0,"comment_status":"closed","ping_status":"closed","template":"templates\/template-application-platform.php","meta":{"publish_to_discourse":"","publish_post_category":"","wpdc_auto_publish_overridden":"","wpdc_topic_tags":"","wpdc_pin_topic":"","wpdc_pin_until":"","discourse_post_id":"","discourse_permalink":"","wpdc_publishing_response":"","wpdc_publishing_error":"","footnotes":""},"class_list":["post-10419","page","type-page","status-publish","hentry"],"yoast_head":"<!-- This site is optimized with the Yoast SEO plugin v25.3.1 - https:\/\/yoast.com\/wordpress\/plugins\/seo\/ -->\n<title>Abonnementformular-Widget zur Facebook-Seiten-Website hinzuf\u00fcgen (schnell und kostenlos)<\/title>\n<meta name=\"description\" content=\"Betten Sie ein responsives Facebook-Seiten-Abonnementformular-Widget in Ihre Website ein. Passen Sie alle Felder an, w\u00e4hlen Sie eines von 4 vorgefertigten Layouts und vieles mehr!\" \/>\n<meta name=\"robots\" content=\"index, follow, max-snippet:-1, max-image-preview:large, max-video-preview:-1\" \/>\n<link rel=\"canonical\" href=\"https:\/\/elfsight.com\/de\/subscription-form-widget\/facebook\/\" \/>\n<meta property=\"og:locale\" content=\"de_DE\" \/>\n<meta property=\"og:type\" content=\"article\" \/>\n<meta property=\"og:title\" content=\"Abonnementformular-Widget zur Facebook-Seiten-Website hinzuf\u00fcgen (schnell und kostenlos)\" \/>\n<meta property=\"og:description\" content=\"Betten Sie ein responsives Facebook-Seiten-Abonnementformular-Widget in Ihre Website ein. Passen Sie alle Felder an, w\u00e4hlen Sie eines von 4 vorgefertigten Layouts und vieles mehr!\" \/>\n<meta property=\"og:url\" content=\"https:\/\/elfsight.com\/de\/subscription-form-widget\/facebook\/\" \/>\n<meta property=\"og:site_name\" content=\"Elfsight DE\" \/>\n<meta property=\"article:modified_time\" content=\"2025-07-10T08:28:33+00:00\" \/>\n<meta name=\"twitter:card\" content=\"summary_large_image\" \/>\n<meta name=\"twitter:label1\" content=\"Gesch\u00e4tzte Lesezeit\" \/>\n\t<meta name=\"twitter:data1\" content=\"3\u00a0Minuten\" \/>\n<!-- \/ Yoast SEO plugin. -->","yoast_head_json":{"title":"Abonnementformular-Widget zur Facebook-Seiten-Website hinzuf\u00fcgen (schnell und kostenlos)","description":"Betten Sie ein responsives Facebook-Seiten-Abonnementformular-Widget in Ihre Website ein. Passen Sie alle Felder an, w\u00e4hlen Sie eines von 4 vorgefertigten Layouts und vieles mehr!","robots":{"index":"index","follow":"follow","max-snippet":"max-snippet:-1","max-image-preview":"max-image-preview:large","max-video-preview":"max-video-preview:-1"},"canonical":"https:\/\/elfsight.com\/de\/subscription-form-widget\/facebook\/","og_locale":"de_DE","og_type":"article","og_title":"Abonnementformular-Widget zur Facebook-Seiten-Website hinzuf\u00fcgen (schnell und kostenlos)","og_description":"Betten Sie ein responsives Facebook-Seiten-Abonnementformular-Widget in Ihre Website ein. Passen Sie alle Felder an, w\u00e4hlen Sie eines von 4 vorgefertigten Layouts und vieles mehr!","og_url":"https:\/\/elfsight.com\/de\/subscription-form-widget\/facebook\/","og_site_name":"Elfsight DE","article_modified_time":"2025-07-10T08:28:33+00:00","twitter_card":"summary_large_image","twitter_misc":{"Gesch\u00e4tzte Lesezeit":"3\u00a0Minuten"},"schema":{"@context":"https:\/\/schema.org","@graph":[{"@type":"WebPage","@id":"https:\/\/elfsight.com\/de\/subscription-form-widget\/facebook\/","url":"https:\/\/elfsight.com\/de\/subscription-form-widget\/facebook\/","name":"Abonnementformular-Widget zur Facebook-Seiten-Website hinzuf\u00fcgen (schnell und kostenlos)","isPartOf":{"@id":"https:\/\/elfsight.com\/de\/#website"},"datePublished":"1970-01-01T00:00:00+00:00","dateModified":"2025-07-10T08:28:33+00:00","description":"Betten Sie ein responsives Facebook-Seiten-Abonnementformular-Widget in Ihre Website ein. Passen Sie alle Felder an, w\u00e4hlen Sie eines von 4 vorgefertigten Layouts und vieles mehr!","breadcrumb":{"@id":"https:\/\/elfsight.com\/de\/subscription-form-widget\/facebook\/#breadcrumb"},"inLanguage":"de","potentialAction":[{"@type":"ReadAction","target":["https:\/\/elfsight.com\/de\/subscription-form-widget\/facebook\/"]}]},{"@type":"BreadcrumbList","@id":"https:\/\/elfsight.com\/de\/subscription-form-widget\/facebook\/#breadcrumb","itemListElement":[{"@type":"ListItem","position":1,"name":"Home","item":"https:\/\/elfsight.com\/de\/"},{"@type":"ListItem","position":2,"name":"Subscription Form","item":"https:\/\/elfsight.com\/de\/subscription-form-widget\/"},{"@type":"ListItem","position":3,"name":"Subscription Form &#8211; Facebook Page"}]},{"@type":"WebSite","@id":"https:\/\/elfsight.com\/de\/#website","url":"https:\/\/elfsight.com\/de\/","name":"Elfsight DE","description":"Just another Elfsight Sites site","potentialAction":[{"@type":"SearchAction","target":{"@type":"EntryPoint","urlTemplate":"https:\/\/elfsight.com\/de\/?s={search_term_string}"},"query-input":{"@type":"PropertyValueSpecification","valueRequired":true,"valueName":"search_term_string"}}],"inLanguage":"de"}]}},"meta_box":{"industry":"","seo_heading":"","heading":"","description":"","cta_heading":"","cta_description":"","application":"3940","h1":"Widget f\u00fcr das Facebook-Seiten-Abonnementformular","h1_caption":"Betten Sie ein Abonnementformular ein, um E-Mails zu sammeln und Ihre Mailingliste m\u00fchelos in Ihre Facebook-Seiten-Website zu erweitern.","application_category":[],"applications_title":"","applications_request_title":"","applications_request_button_text":"","hero_text":"","hero_video":"","hero_video_schema_markup":"","selling_points_title":"","selling_points_caption":"","selling_points":[],"selling_points_cta_text":"","features_title":"","features":"","ed_cta_examples_text":"","ed_cta_examples_hidden":"","ed_cta_demo_text":"","ed_cta_demo_hidden":"","why_caption":"","why_editor_title":"","why_editor_text":"","why_team_title":"","why_team_text":"","why_service_title":"","why_service_text":"","template_catalog_visible":"","template_catalog_title":"","template_catalog_text":"","template_catalog_categories_visible":"","demo_title":"Erstellen Sie Ihr Abonnementformular-Widget","demo_caption":"Konfigurieren Sie Ihr Abonnementformular und f\u00fcgen Sie es kostenlos Ihrer Facebook-Seite hinzu!","default_faq_hidden":"","app_template_category":[],"platform":"216","template_public_id":"","codecanyon_url":"","codecanyon_item_id":"","codecanyon_price":"","pricing_caption":"","pricing_elfsight_apps_hide_column":"","pricing_elfsight_apps_url":"","pricing_codecanyon_price_caption":"","integration_category":[],"integration_request_title":"","integration_request_cta":"","integration_platform":"","integrations":[],"platform_category":[],"video_schema_markup":"","price":"ab 0 $ \/ Monat","trial":"","benefits":[{"text":"Kostenlose Installationshilfe"},{"text":"Effektiver Kundenservice"},{"text":"14-t\u00e4gige R\u00fcckerstattungsgarantie"},{"text":"St\u00e4ndige Aktualisierung"}],"button_url":"#demo","button_target_blank":"","button_nofollow":"","attributes":[{"name":"Installiert","content":"10,000 - 100,000"},{"name":"Reaktionsfreudig","content":"Ja"},{"name":"Kompatible Browser","content":"Firefox, Safari, Opera, Chrome, Edge"}],"tags":[],"tags_disable_links":"","hide_more_platforms":"","video_object":"","demo_hide_cta":"","demo_hide_cloud_options":"","pricing_title":"","pricing":[{"pricing_icon":"platform","pricing_title":"Elfsight Apps","pricing_title_caption":"Plattformunabh\u00e4ngige L\u00f6sung, die auf jeder Site funktioniert","pricing_price":"ab 0 $ \/ Monat","pricing_price_caption":"Beginnen Sie mit einem kostenlosen Plan","pricing_benefits":[{"text":"Unbegrenzte Domains"},{"text":"Kostenloser und p\u00fcnktlicher Support"},{"text":"Kostenloser Installationsservice"},{"text":"Vollst\u00e4ndig anpassbar"}],"pricing_button_text":"Zur Website hinzuf\u00fcgen","pricing_button_url":"#demo"}],"related_apps_title":"","related_apps_hidden":"","author":"","image":[],"title":"","job":"","social_networks":[]},"_links":{"self":[{"href":"https:\/\/elfsight.com\/de\/wp-json\/wp\/v2\/pages\/10419","targetHints":{"allow":["GET"]}}],"collection":[{"href":"https:\/\/elfsight.com\/de\/wp-json\/wp\/v2\/pages"}],"about":[{"href":"https:\/\/elfsight.com\/de\/wp-json\/wp\/v2\/types\/page"}],"author":[{"embeddable":true,"href":"https:\/\/elfsight.com\/de\/wp-json\/wp\/v2\/users\/9"}],"replies":[{"embeddable":true,"href":"https:\/\/elfsight.com\/de\/wp-json\/wp\/v2\/comments?post=10419"}],"version-history":[{"count":2,"href":"https:\/\/elfsight.com\/de\/wp-json\/wp\/v2\/pages\/10419\/revisions"}],"predecessor-version":[{"id":21991,"href":"https:\/\/elfsight.com\/de\/wp-json\/wp\/v2\/pages\/10419\/revisions\/21991"}],"up":[{"embeddable":true,"href":"https:\/\/elfsight.com\/de\/wp-json\/wp\/v2\/pages\/3941"}],"wp:attachment":[{"href":"https:\/\/elfsight.com\/de\/wp-json\/wp\/v2\/media?parent=10419"}],"curies":[{"name":"wp","href":"https:\/\/api.w.org\/{rel}","templated":true}]}}