{"id":10402,"date":"1970-01-01T00:00:00","date_gmt":"1970-01-01T00:00:00","guid":{"rendered":"https:\/\/elfsight.com\/de\/?page_id=10402"},"modified":"2025-07-10T08:29:26","modified_gmt":"2025-07-10T08:29:26","slug":"opencart","status":"publish","type":"page","link":"https:\/\/elfsight.com\/de\/subscription-form-widget\/opencart\/","title":{"rendered":"Subscription Form &#8211; OpenCart"},"content":{"rendered":"<div class=\"application-platform-content-item-description application-platform-content-item\" id=\"description\" data-nav-section=\"description\"> <h2>Beschreibung<\/h2> <p>Das Elfsight-Abonnementformular f\u00fcr OpenCart ist eine n\u00fctzliche Erweiterung, mit der Sie E-Mails erhalten k\u00f6nnen. Das Tool bietet Ihnen nicht nur die M\u00f6glichkeit, Ihre E-Mail-Liste zu erweitern, sondern dies auch reibungslos zu tun \u2013 Sie k\u00f6nnen dem Formular den Kopfabschnitt mit der \u00dcberschrift hinzuf\u00fcgen, nach der E-Mail-Adresse des Vornamens fragen oder es einfach halten und nur ein E-Mail-Feld einf\u00fcgen dort eintragen und mit einer erl\u00e4uternden Beschriftung und einem Platzhalter versehen. Ihnen wird auch die M\u00f6glichkeit geboten, Ihre Abonnementformular-App mit Mailchimp zu verbinden. Und indem Sie eine der vier angebotenen vorgefertigten Layoutvorlagen anwenden, entwerfen Sie das Tool, das genau zu Ihnen passt. <\/p> <p><b>Pr\u00e4sentieren Sie Ihr Newsletter-Anmeldeformular der Zielgruppe auf den passenden Seiten Ihrer Website und verhindern Sie, dass diese Ihre Website verl\u00e4sst! <\/b><\/p> <\/div> <div class=\"application-platform-content-item-features application-platform-content-item\" id=\"features\" data-nav-section=\"features\"> <h2>Wir bieten n\u00fctzliche und einfache Funktionen, sehen Sie sich einige davon an: <\/h2> <ul><li>Schlie\u00dfen Sie einen Kopfabschnitt an mit eine informative Bildunterschrift. <\/li><li>Verkn\u00fcpfen Sie Ihr Abonnementformular mit dem Mailchimp-Dienst<\/li><li>Erhalten Sie Ihre E-Mail-Datenbank im CSV-Format. <\/li><li>Anpassbare Formularfelder. <\/li><li>Vier Layouts zur Auswahl: Bereich, Side-in, Eingebettet, Popup. <\/li><\/ul><p><a href=\"#demo\">Testen Sie alle Einstellungen in einer voll funktionsf\u00e4higen Demo<\/a><\/p> <\/div> <div class=\"application-platform-content-item-installation application-platform-content-item\" id=\"installation\" data-nav-section=\"installation\"> <h2>Wie kann ich das Abonnementformular in meine OpenCart-Website einbetten? <\/h2> <p>Erf\u00fcllen Sie einfach die folgenden Richtlinien, um mit der Erweiterung zu arbeiten. <\/p> <ol><li><b>Nutzen Sie unsere kostenlose Demo und beginnen Sie mit der Gestaltung Ihres einzigartigen Plugins. <\/b><br> Finden Sie das bevorzugte Layout und die Spezifikationen des Widgets und \u00fcbernehmen Sie die \u00c4nderungen. <\/li> <li><b>Ihr einzigartiger Code erscheint im Feld von Elfsight Apps. <\/b><br> Nachdem die Generierung Ihres pers\u00f6nlichen Widgets abgeschlossen ist, kopieren Sie den individuellen Code im angezeigten Popup und speichern Sie ihn zur sp\u00e4teren Verwendung. <\/li> <li><b>Geben Sie die Verwendung der Erweiterung auf Ihrer OpenCart-Website ein. <\/b><br> Implementieren Sie den k\u00fcrzlich kopierten Code in Ihre Website und speichern Sie die Verbesserungen. <\/li> <li><b>Du bist fertig! Die Integration ist vollst\u00e4ndig durchgef\u00fchrt. <\/b><br> Besuchen Sie Ihre Website, um zu pr\u00fcfen, wie das Widget funktioniert. <\/li><\/ol> <p>Wenn Sie Probleme haben, z\u00f6gern Sie nicht, sich an unsere Kundendienstmitarbeiter zu wenden. Unsere Mitarbeiter beantworten gerne alle Fragen, die Sie zum Plugin haben. <\/p> <div class=\"faq\" data-component=\"FAQ\"> <div class=\"faq-item\">\r\n\t\t\t\t\t<div class=\"faq-item-question\">\r\n\t\t\t\t\t\t<h3 class=\"faq-item-question-text\">Wie f\u00fcge ich Form Builder ohne Programmierkenntnisse zu meiner OpenCart-Website hinzu?<\/h3>\r\n\r\n\t\t\t\t\t\t<div class=\"faq-item-question-icon\"><\/div>\r\n\t\t\t\t\t<\/div>\r\n\r\n\t\t\t\t\t<div class=\"faq-item-answer\">\r\n\t\t\t\t\t\t<div class=\"faq-item-answer-text\"> <p>Elfsight bietet eine SaaS-L\u00f6sung, mit der Sie selbst ein Form Builder-Widget erstellen k\u00f6nnen. Sehen Sie, wie einfach der Vorgang ist ist: Arbeiten Sie direkt im Online-Editor, um ein Form Builder-Widget zu erstellen, das Sie gerne auf Ihrer OpenCart-Website sehen w\u00fcrden. W\u00e4hlen Sie eine der vorgefertigten Vorlagen aus und passen Sie die Form Builder-Einstellungen an, f\u00fcgen Sie Ihre Inhalte hinzu, \u00e4ndern Sie das Layout und das Farbschema ohne Programmierkenntnisse. Speichern Sie den Form Builder und kopieren Sie seinen Installationscode, den Sie m\u00fchelos in Ihre OpenCart-Website einf\u00fcgen k\u00f6nnen, ohne ein kostenpflichtiges Abonnement kaufen zu m\u00fcssen. Mit unserem intuitiven Editor kann jeder Internetnutzer online ein Form Builder-Widget erstellen und es einfach in seine OpenCart-Website einbetten. Sie m\u00fcssen weder bezahlen noch Ihre Kartendaten eingeben, um auf den Service zuzugreifen. Wenn Sie bei irgendeinem Schritt auf Probleme sto\u00dfen, wenden Sie sich bitte an unser technisches Support-Team.<\/p> <\/div>\r\n\t\t\t\t\t<\/div>\r\n\t\t\t\t<\/div><div class=\"faq-item\">\r\n\t\t\t\t\t<div class=\"faq-item-question\">\r\n\t\t\t\t\t\t<h3 class=\"faq-item-question-text\">Stellen Sie Abonnementformularvorlagen f\u00fcr die OpenCart-Website bereit?<\/h3>\r\n\r\n\t\t\t\t\t\t<div class=\"faq-item-question-icon\"><\/div>\r\n\t\t\t\t\t<\/div>\r\n\r\n\t\t\t\t\t<div class=\"faq-item-answer\">\r\n\t\t\t\t\t\t<div class=\"faq-item-answer-text\"><p>Ja, Es stehen mehr als 300 gebrauchsfertige Vorlagen zur Auswahl. Probieren Sie die <a href=\"https:\/\/elfsight.com\/online-form-builder\/templates\/subscription-forms\/\">Vorlagen f\u00fcr Abonnementformulare<\/a> aus und teilen Sie uns mit, welche Ihnen am besten gef\u00e4llt.<\/p><\/div>\r\n\t\t\t\t\t<\/div>\r\n\t\t\t\t<\/div> <\/div> <\/div>","protected":false},"excerpt":{"rendered":"","protected":false},"author":9,"featured_media":0,"parent":3941,"menu_order":0,"comment_status":"closed","ping_status":"closed","template":"templates\/template-application-platform.php","meta":{"publish_to_discourse":"","publish_post_category":"","wpdc_auto_publish_overridden":"","wpdc_topic_tags":"","wpdc_pin_topic":"","wpdc_pin_until":"","discourse_post_id":"","discourse_permalink":"","wpdc_publishing_response":"","wpdc_publishing_error":"","footnotes":""},"class_list":["post-10402","page","type-page","status-publish","hentry"],"yoast_head":"<!-- This site is optimized with the Yoast SEO plugin v25.3.1 - https:\/\/yoast.com\/wordpress\/plugins\/seo\/ -->\n<title>Integrieren Sie das Abonnementformular-Widget in die OpenCart-Website (kostenlos, ohne Programmierung).<\/title>\n<meta name=\"description\" content=\"Implementieren Sie die OpenCart-Abonnementformularerweiterung auf Ihrer Website. Gestalten Sie alle Felder, w\u00e4hlen Sie eine von vier Layoutvorlagen aus und vieles mehr.\" \/>\n<meta name=\"robots\" content=\"index, follow, max-snippet:-1, max-image-preview:large, max-video-preview:-1\" \/>\n<link rel=\"canonical\" href=\"https:\/\/elfsight.com\/de\/subscription-form-widget\/opencart\/\" \/>\n<meta property=\"og:locale\" content=\"de_DE\" \/>\n<meta property=\"og:type\" content=\"article\" \/>\n<meta property=\"og:title\" content=\"Integrieren Sie das Abonnementformular-Widget in die OpenCart-Website (kostenlos, ohne Programmierung).\" \/>\n<meta property=\"og:description\" content=\"Implementieren Sie die OpenCart-Abonnementformularerweiterung auf Ihrer Website. Gestalten Sie alle Felder, w\u00e4hlen Sie eine von vier Layoutvorlagen aus und vieles mehr.\" \/>\n<meta property=\"og:url\" content=\"https:\/\/elfsight.com\/de\/subscription-form-widget\/opencart\/\" \/>\n<meta property=\"og:site_name\" content=\"Elfsight DE\" \/>\n<meta property=\"article:modified_time\" content=\"2025-07-10T08:29:26+00:00\" \/>\n<meta name=\"twitter:card\" content=\"summary_large_image\" \/>\n<meta name=\"twitter:label1\" content=\"Gesch\u00e4tzte Lesezeit\" \/>\n\t<meta name=\"twitter:data1\" content=\"3\u00a0Minuten\" \/>\n<!-- \/ Yoast SEO plugin. -->","yoast_head_json":{"title":"Integrieren Sie das Abonnementformular-Widget in die OpenCart-Website (kostenlos, ohne Programmierung).","description":"Implementieren Sie die OpenCart-Abonnementformularerweiterung auf Ihrer Website. Gestalten Sie alle Felder, w\u00e4hlen Sie eine von vier Layoutvorlagen aus und vieles mehr.","robots":{"index":"index","follow":"follow","max-snippet":"max-snippet:-1","max-image-preview":"max-image-preview:large","max-video-preview":"max-video-preview:-1"},"canonical":"https:\/\/elfsight.com\/de\/subscription-form-widget\/opencart\/","og_locale":"de_DE","og_type":"article","og_title":"Integrieren Sie das Abonnementformular-Widget in die OpenCart-Website (kostenlos, ohne Programmierung).","og_description":"Implementieren Sie die OpenCart-Abonnementformularerweiterung auf Ihrer Website. Gestalten Sie alle Felder, w\u00e4hlen Sie eine von vier Layoutvorlagen aus und vieles mehr.","og_url":"https:\/\/elfsight.com\/de\/subscription-form-widget\/opencart\/","og_site_name":"Elfsight DE","article_modified_time":"2025-07-10T08:29:26+00:00","twitter_card":"summary_large_image","twitter_misc":{"Gesch\u00e4tzte Lesezeit":"3\u00a0Minuten"},"schema":{"@context":"https:\/\/schema.org","@graph":[{"@type":"WebPage","@id":"https:\/\/elfsight.com\/de\/subscription-form-widget\/opencart\/","url":"https:\/\/elfsight.com\/de\/subscription-form-widget\/opencart\/","name":"Integrieren Sie das Abonnementformular-Widget in die OpenCart-Website (kostenlos, ohne Programmierung).","isPartOf":{"@id":"https:\/\/elfsight.com\/de\/#website"},"datePublished":"1970-01-01T00:00:00+00:00","dateModified":"2025-07-10T08:29:26+00:00","description":"Implementieren Sie die OpenCart-Abonnementformularerweiterung auf Ihrer Website. Gestalten Sie alle Felder, w\u00e4hlen Sie eine von vier Layoutvorlagen aus und vieles mehr.","breadcrumb":{"@id":"https:\/\/elfsight.com\/de\/subscription-form-widget\/opencart\/#breadcrumb"},"inLanguage":"de","potentialAction":[{"@type":"ReadAction","target":["https:\/\/elfsight.com\/de\/subscription-form-widget\/opencart\/"]}]},{"@type":"BreadcrumbList","@id":"https:\/\/elfsight.com\/de\/subscription-form-widget\/opencart\/#breadcrumb","itemListElement":[{"@type":"ListItem","position":1,"name":"Home","item":"https:\/\/elfsight.com\/de\/"},{"@type":"ListItem","position":2,"name":"Subscription Form","item":"https:\/\/elfsight.com\/de\/subscription-form-widget\/"},{"@type":"ListItem","position":3,"name":"Subscription Form &#8211; OpenCart"}]},{"@type":"WebSite","@id":"https:\/\/elfsight.com\/de\/#website","url":"https:\/\/elfsight.com\/de\/","name":"Elfsight DE","description":"Just another Elfsight Sites site","potentialAction":[{"@type":"SearchAction","target":{"@type":"EntryPoint","urlTemplate":"https:\/\/elfsight.com\/de\/?s={search_term_string}"},"query-input":{"@type":"PropertyValueSpecification","valueRequired":true,"valueName":"search_term_string"}}],"inLanguage":"de"}]}},"meta_box":{"industry":"","seo_heading":"","heading":"","description":"","cta_heading":"","cta_description":"","application":"3940","h1":"Erweiterung des OpenCart-Abonnementformulars","h1_caption":"Betten Sie ein Abonnementformular ein, um E-Mails zu sammeln und Ihre Mailingliste m\u00fchelos in Ihre Opencart-Website zu erweitern.","application_category":[],"applications_title":"","applications_request_title":"","applications_request_button_text":"","hero_text":"","hero_video":"","hero_video_schema_markup":"","selling_points_title":"","selling_points_caption":"","selling_points":[],"selling_points_cta_text":"","features_title":"","features":"","ed_cta_examples_text":"","ed_cta_examples_hidden":"","ed_cta_demo_text":"","ed_cta_demo_hidden":"","why_caption":"","why_editor_title":"","why_editor_text":"","why_team_title":"","why_team_text":"","why_service_title":"","why_service_text":"","template_catalog_visible":"","template_catalog_title":"","template_catalog_text":"","template_catalog_categories_visible":"","demo_title":"Erstellen Sie Ihre Abonnementformular-Erweiterung","demo_caption":"Konfigurieren Sie Ihr Abonnementformular und f\u00fcgen Sie es kostenlos zu Ihrer OpenCart-Website hinzu!","default_faq_hidden":"","app_template_category":[],"platform":"254","template_public_id":"","codecanyon_url":"","codecanyon_item_id":"","codecanyon_price":"","pricing_caption":"","pricing_elfsight_apps_hide_column":"","pricing_elfsight_apps_url":"","pricing_codecanyon_price_caption":"","integration_category":[],"integration_request_title":"","integration_request_cta":"","integration_platform":"","integrations":[],"platform_category":[],"video_schema_markup":"","price":"ab 0 $ \/ Monat","trial":"","benefits":[{"text":"Kostenloser Installationsservice"},{"text":"Kompetente Kundenbetreuung"},{"text":"14-t\u00e4gige R\u00fcckerstattungsgarantie"},{"text":"Fortlaufende Entwicklung"}],"button_url":"#demo","button_target_blank":"","button_nofollow":"","attributes":[{"name":"Installiert","content":"10,000 - 100,000"},{"name":"Reaktionsfreudig","content":"Ja"},{"name":"Kompatible Browser","content":"Firefox, Safari, Opera, Chrome, Edge"}],"tags":[],"tags_disable_links":"","hide_more_platforms":"","video_object":"","demo_hide_cta":"","demo_hide_cloud_options":"","pricing_title":"","pricing":[{"pricing_icon":"platform","pricing_title":"Elfsight Apps","pricing_title_caption":"Multiplattform-Version, die f\u00fcr jede Site geeignet ist","pricing_price":"ab 0 $ \/ Monat","pricing_price_caption":"Beginnen Sie mit einem kostenlosen Plan","pricing_benefits":[{"text":"Unbegrenzte Websites"},{"text":"Kostenloser und p\u00fcnktlicher Support und gut dokumentiert"},{"text":"Kostenloser Installationsservice"},{"text":"Vollst\u00e4ndig anpassbar"}],"pricing_button_text":"Zur Website hinzuf\u00fcgen","pricing_button_url":"#demo"}],"related_apps_title":"","related_apps_hidden":"","author":"","image":[],"title":"","job":"","social_networks":[]},"_links":{"self":[{"href":"https:\/\/elfsight.com\/de\/wp-json\/wp\/v2\/pages\/10402","targetHints":{"allow":["GET"]}}],"collection":[{"href":"https:\/\/elfsight.com\/de\/wp-json\/wp\/v2\/pages"}],"about":[{"href":"https:\/\/elfsight.com\/de\/wp-json\/wp\/v2\/types\/page"}],"author":[{"embeddable":true,"href":"https:\/\/elfsight.com\/de\/wp-json\/wp\/v2\/users\/9"}],"replies":[{"embeddable":true,"href":"https:\/\/elfsight.com\/de\/wp-json\/wp\/v2\/comments?post=10402"}],"version-history":[{"count":2,"href":"https:\/\/elfsight.com\/de\/wp-json\/wp\/v2\/pages\/10402\/revisions"}],"predecessor-version":[{"id":21983,"href":"https:\/\/elfsight.com\/de\/wp-json\/wp\/v2\/pages\/10402\/revisions\/21983"}],"up":[{"embeddable":true,"href":"https:\/\/elfsight.com\/de\/wp-json\/wp\/v2\/pages\/3941"}],"wp:attachment":[{"href":"https:\/\/elfsight.com\/de\/wp-json\/wp\/v2\/media?parent=10402"}],"curies":[{"name":"wp","href":"https:\/\/api.w.org\/{rel}","templated":true}]}}