{"id":10394,"date":"1970-01-01T00:00:00","date_gmt":"1970-01-01T00:00:00","guid":{"rendered":"https:\/\/elfsight.com\/de\/?page_id=10394"},"modified":"2025-07-10T08:29:47","modified_gmt":"2025-07-10T08:29:47","slug":"webnode","status":"publish","type":"page","link":"https:\/\/elfsight.com\/de\/subscription-form-widget\/webnode\/","title":{"rendered":"Subscription Form &#8211; Webnode"},"content":{"rendered":"<div class=\"application-platform-content-item-description application-platform-content-item\" id=\"description\" data-nav-section=\"description\"> <h2>Beschreibung<\/h2> <p>Das Elfsight-Abonnementformular f\u00fcr Webnode ist ein praktisches Widget, mit dem Sie E-Mails sammeln k\u00f6nnen. Das Widget bietet Ihnen nicht nur die M\u00f6glichkeit, Ihre E-Mail-Liste zu erweitern, sondern dies auch erfolgreich zu tun \u2013 Sie k\u00f6nnen die Kopfzeile mit einer informativen Beschriftung an das Formular anschlie\u00dfen, den Vornamen, Nachnamen oder die E-Mail-Adresse angeben oder es einfach und nur auf den Ort beschr\u00e4nken F\u00fcgen Sie dort ein E-Mail-Feld hinzu und f\u00fcgen Sie eine informative Beschriftung und einen Platzhalter hinzu. Sie haben au\u00dferdem die M\u00f6glichkeit, Ihr Abonnementformular-Plugin mit dem Mailchimp-Dienst zu verbinden. Und mithilfe einer von vier gebrauchsfertigen Layoutvorlagen erstellen Sie das Tool, das genau so funktioniert, wie Sie es ben\u00f6tigen. <\/p> <p><b>Pr\u00e4sentieren Sie Ihre Abonnementformulare den richtigen Leuten auf den richtigen Seiten Ihrer Website und verhindern Sie, dass sie wegspringen! <\/b><\/p> <\/div> <div class=\"application-platform-content-item-features application-platform-content-item\" id=\"features\" data-nav-section=\"features\"> <h2>Wir bieten wertvolle und schnelle Funktionen, hier sind einige davon: <\/h2> <ul><li>F\u00fcgen Sie einen Header mit hinzu eine informative Bildunterschrift. <\/li><li>Verkn\u00fcpfen Sie Ihr Formular mit Mailchimp. <\/li><li>Beziehen Sie Ihre E-Mail-Datenbank im CSV-Format. <\/li><li>Anpassbare Formularfelder. <\/li><li>Vier Layouts zur Auswahl: Pane, Embedded, Side-in, Popup,. <\/li><\/ul><p><a href=\"#demo\">Probieren Sie alle Personalisierungsfunktionen in einer Demo mit vollem Funktionsumfang aus<\/a><\/p> <\/div> <div class=\"application-platform-content-item-installation application-platform-content-item\" id=\"installation\" data-nav-section=\"installation\"> <h2>Wie f\u00fcge ich ein Abonnementformular zu meiner Webnode-Site hinzu? <\/h2> <p>Befolgen Sie einfach die nachstehenden Anweisungen, um das Tool zu aktivieren. <\/p> <ol><li><b>Nutzen Sie unseren kostenlosen Konfigurator und beginnen Sie mit der Erstellung Ihres individuellen Widgets. <\/b><br> W\u00e4hlen Sie das gew\u00fcnschte Aussehen und die gew\u00fcnschten Spezifikationen des Widgets und \u00fcbernehmen Sie die \u00c4nderungen. <\/li> <li><b>Kopieren Sie Ihren individuellen Code, der in der Box auf Elfsight Apps angezeigt wird. <\/b><br> Sobald die Einrichtung Ihres Widgets abgeschlossen ist, kopieren Sie den einzelnen Code im angezeigten Popup und speichern Sie ihn zur weiteren Verwendung. <\/li> <li><b>Erste Schritte mit der Verwendung des Tools auf der Webnode-Website. <\/b><br> F\u00fcgen Sie den k\u00fcrzlich kopierten Code in Ihre Website ein und speichern Sie die Verbesserungen. <\/li> <li><b>Fertig! Die Einbettung ist vollst\u00e4ndig durchgef\u00fchrt. <\/b><br> Besuchen Sie Ihre Website, um die Arbeit des Widgets zu beobachten. <\/li><\/ol> <p>Wenn Sie mit einigen H\u00fcrden zu k\u00e4mpfen haben, z\u00f6gern Sie nicht, sich bei unserem Support-Personal zu bewerben. Unsere Mitarbeiter helfen Ihnen gerne bei allen Fragen rund um das Tool weiter. <\/p><div class=\"faq\" data-component=\"FAQ\"> <div class=\"faq-item\">\r\n\t\t\t\t\t<div class=\"faq-item-question\">\r\n\t\t\t\t\t\t<h3 class=\"faq-item-question-text\">Wie f\u00fcge ich Form Builder ohne Programmierkenntnisse zu meiner Webnode-Website hinzu?<\/h3>\r\n\r\n\t\t\t\t\t\t<div class=\"faq-item-question-icon\"><\/div>\r\n\t\t\t\t\t<\/div>\r\n\r\n\t\t\t\t\t<div class=\"faq-item-answer\">\r\n\t\t\t\t\t\t<div class=\"faq-item-answer-text\"> <p>Elfsight bietet eine SaaS-L\u00f6sung, mit der Sie selbst ein Form Builder-Widget erstellen k\u00f6nnen. Sehen Sie, wie einfach der Vorgang ist ist: Arbeiten Sie direkt im Online-Editor, um ein Form Builder-Widget zu erstellen, das Sie gerne auf Ihrer Webnode-Website sehen w\u00fcrden. W\u00e4hlen Sie eine der vorgefertigten Vorlagen aus und passen Sie die Form Builder-Einstellungen an, f\u00fcgen Sie Ihre Inhalte hinzu, \u00e4ndern Sie das Layout und die Farben ohne Programmierkenntnisse. Speichern Sie den Form Builder und kopieren Sie seinen Installationscode, den Sie in Ihre Webnode-Website einbinden k\u00f6nnen, ohne ein kostenpflichtiges Abonnement kaufen zu m\u00fcssen. Mit unserem intuitiven Editor kann jeder Internetnutzer online ein Form Builder-Widget erstellen und es einfach in seine Webnode-Website einbetten. Sie m\u00fcssen weder bezahlen noch Ihre Kartendaten eingeben, um auf den Service zuzugreifen. Sollten Sie bei irgendeinem Schritt auf Probleme sto\u00dfen, wenden Sie sich bitte an unser technisches Support-Team.<\/p> <\/div>\r\n\t\t\t\t\t<\/div>\r\n\t\t\t\t<\/div><div class=\"faq-item\">\r\n\t\t\t\t\t<div class=\"faq-item-question\">\r\n\t\t\t\t\t\t<h3 class=\"faq-item-question-text\">Stellen Sie Abonnementformularvorlagen f\u00fcr die Webnode-Website bereit?<\/h3>\r\n\r\n\t\t\t\t\t\t<div class=\"faq-item-question-icon\"><\/div>\r\n\t\t\t\t\t<\/div>\r\n\r\n\t\t\t\t\t<div class=\"faq-item-answer\">\r\n\t\t\t\t\t\t<div class=\"faq-item-answer-text\"><p>Ja, Es stehen mehr als 300 gebrauchsfertige Vorlagen zur Auswahl. Probieren Sie die <a href=\"https:\/\/elfsight.com\/online-form-builder\/templates\/subscription-forms\/\">Vorlagen f\u00fcr Abonnementformulare<\/a> aus und teilen Sie uns mit, welche Ihnen am besten gef\u00e4llt.<\/p><\/div>\r\n\t\t\t\t\t<\/div>\r\n\t\t\t\t<\/div> <\/div> <\/div>","protected":false},"excerpt":{"rendered":"","protected":false},"author":9,"featured_media":0,"parent":3941,"menu_order":0,"comment_status":"closed","ping_status":"closed","template":"templates\/template-application-platform.php","meta":{"publish_to_discourse":"","publish_post_category":"","wpdc_auto_publish_overridden":"","wpdc_topic_tags":"","wpdc_pin_topic":"","wpdc_pin_until":"","discourse_post_id":"","discourse_permalink":"","wpdc_publishing_response":"","wpdc_publishing_error":"","footnotes":""},"class_list":["post-10394","page","type-page","status-publish","hentry"],"yoast_head":"<!-- This site is optimized with the Yoast SEO plugin v25.3.1 - https:\/\/yoast.com\/wordpress\/plugins\/seo\/ -->\n<title>Abonnementformular-Widget zur Webnode-Website hinzuf\u00fcgen (schnell und kostenlos)<\/title>\n<meta name=\"description\" content=\"F\u00fcgen Sie ein responsives Webnode-Abonnementformular-Widget in Ihre Website ein. Gestalten Sie alle Felder, w\u00e4hlen Sie eines von vier vorgefertigten Layouts und mehr.\" \/>\n<meta name=\"robots\" content=\"index, follow, max-snippet:-1, max-image-preview:large, max-video-preview:-1\" \/>\n<link rel=\"canonical\" href=\"https:\/\/elfsight.com\/de\/subscription-form-widget\/webnode\/\" \/>\n<meta property=\"og:locale\" content=\"de_DE\" \/>\n<meta property=\"og:type\" content=\"article\" \/>\n<meta property=\"og:title\" content=\"Abonnementformular-Widget zur Webnode-Website hinzuf\u00fcgen (schnell und kostenlos)\" \/>\n<meta property=\"og:description\" content=\"F\u00fcgen Sie ein responsives Webnode-Abonnementformular-Widget in Ihre Website ein. Gestalten Sie alle Felder, w\u00e4hlen Sie eines von vier vorgefertigten Layouts und mehr.\" \/>\n<meta property=\"og:url\" content=\"https:\/\/elfsight.com\/de\/subscription-form-widget\/webnode\/\" \/>\n<meta property=\"og:site_name\" content=\"Elfsight DE\" \/>\n<meta property=\"article:modified_time\" content=\"2025-07-10T08:29:47+00:00\" \/>\n<meta name=\"twitter:card\" content=\"summary_large_image\" \/>\n<meta name=\"twitter:label1\" content=\"Gesch\u00e4tzte Lesezeit\" \/>\n\t<meta name=\"twitter:data1\" content=\"3\u00a0Minuten\" \/>\n<!-- \/ Yoast SEO plugin. -->","yoast_head_json":{"title":"Abonnementformular-Widget zur Webnode-Website hinzuf\u00fcgen (schnell und kostenlos)","description":"F\u00fcgen Sie ein responsives Webnode-Abonnementformular-Widget in Ihre Website ein. Gestalten Sie alle Felder, w\u00e4hlen Sie eines von vier vorgefertigten Layouts und mehr.","robots":{"index":"index","follow":"follow","max-snippet":"max-snippet:-1","max-image-preview":"max-image-preview:large","max-video-preview":"max-video-preview:-1"},"canonical":"https:\/\/elfsight.com\/de\/subscription-form-widget\/webnode\/","og_locale":"de_DE","og_type":"article","og_title":"Abonnementformular-Widget zur Webnode-Website hinzuf\u00fcgen (schnell und kostenlos)","og_description":"F\u00fcgen Sie ein responsives Webnode-Abonnementformular-Widget in Ihre Website ein. Gestalten Sie alle Felder, w\u00e4hlen Sie eines von vier vorgefertigten Layouts und mehr.","og_url":"https:\/\/elfsight.com\/de\/subscription-form-widget\/webnode\/","og_site_name":"Elfsight DE","article_modified_time":"2025-07-10T08:29:47+00:00","twitter_card":"summary_large_image","twitter_misc":{"Gesch\u00e4tzte Lesezeit":"3\u00a0Minuten"},"schema":{"@context":"https:\/\/schema.org","@graph":[{"@type":"WebPage","@id":"https:\/\/elfsight.com\/de\/subscription-form-widget\/webnode\/","url":"https:\/\/elfsight.com\/de\/subscription-form-widget\/webnode\/","name":"Abonnementformular-Widget zur Webnode-Website hinzuf\u00fcgen (schnell und kostenlos)","isPartOf":{"@id":"https:\/\/elfsight.com\/de\/#website"},"datePublished":"1970-01-01T00:00:00+00:00","dateModified":"2025-07-10T08:29:47+00:00","description":"F\u00fcgen Sie ein responsives Webnode-Abonnementformular-Widget in Ihre Website ein. Gestalten Sie alle Felder, w\u00e4hlen Sie eines von vier vorgefertigten Layouts und mehr.","breadcrumb":{"@id":"https:\/\/elfsight.com\/de\/subscription-form-widget\/webnode\/#breadcrumb"},"inLanguage":"de","potentialAction":[{"@type":"ReadAction","target":["https:\/\/elfsight.com\/de\/subscription-form-widget\/webnode\/"]}]},{"@type":"BreadcrumbList","@id":"https:\/\/elfsight.com\/de\/subscription-form-widget\/webnode\/#breadcrumb","itemListElement":[{"@type":"ListItem","position":1,"name":"Home","item":"https:\/\/elfsight.com\/de\/"},{"@type":"ListItem","position":2,"name":"Subscription Form","item":"https:\/\/elfsight.com\/de\/subscription-form-widget\/"},{"@type":"ListItem","position":3,"name":"Subscription Form &#8211; Webnode"}]},{"@type":"WebSite","@id":"https:\/\/elfsight.com\/de\/#website","url":"https:\/\/elfsight.com\/de\/","name":"Elfsight DE","description":"Just another Elfsight Sites site","potentialAction":[{"@type":"SearchAction","target":{"@type":"EntryPoint","urlTemplate":"https:\/\/elfsight.com\/de\/?s={search_term_string}"},"query-input":{"@type":"PropertyValueSpecification","valueRequired":true,"valueName":"search_term_string"}}],"inLanguage":"de"}]}},"meta_box":{"industry":"","seo_heading":"","heading":"","description":"","cta_heading":"","cta_description":"","application":"3940","h1":"Webnode-Abonnementformular-Widget","h1_caption":"Betten Sie ein Abonnementformular ein, um E-Mails zu sammeln und Ihre Mailingliste m\u00fchelos in Ihre Webnode-Website zu erweitern.","application_category":[],"applications_title":"","applications_request_title":"","applications_request_button_text":"","hero_text":"","hero_video":"","hero_video_schema_markup":"","selling_points_title":"","selling_points_caption":"","selling_points":[],"selling_points_cta_text":"","features_title":"","features":"","ed_cta_examples_text":"","ed_cta_examples_hidden":"","ed_cta_demo_text":"","ed_cta_demo_hidden":"","why_caption":"","why_editor_title":"","why_editor_text":"","why_team_title":"","why_team_text":"","why_service_title":"","why_service_text":"","template_catalog_visible":"","template_catalog_title":"","template_catalog_text":"","template_catalog_categories_visible":"","demo_title":"Erstellen Sie Ihr Abonnementformular-Widget","demo_caption":"Konfigurieren Sie Ihr Abonnementformular und f\u00fcgen Sie es kostenlos zu Ihrer Webnode-Website hinzu!","default_faq_hidden":"","app_template_category":[],"platform":"248","template_public_id":"","codecanyon_url":"","codecanyon_item_id":"","codecanyon_price":"","pricing_caption":"","pricing_elfsight_apps_hide_column":"","pricing_elfsight_apps_url":"","pricing_codecanyon_price_caption":"","integration_category":[],"integration_request_title":"","integration_request_cta":"","integration_platform":"","integrations":[],"platform_category":[],"video_schema_markup":"","price":"ab 0 $ \/ Monat","trial":"","benefits":[{"text":"Kostenloser Installationsservice"},{"text":"Premium-Support"},{"text":"14-t\u00e4gige R\u00fcckerstattungsgarantie"},{"text":"Lebenslange Updates"}],"button_url":"#demo","button_target_blank":"","button_nofollow":"","attributes":[{"name":"Installiert","content":"10,000 - 100,000"},{"name":"Reaktionsfreudig","content":"Ja"},{"name":"Kompatible Browser","content":"Firefox, Safari, Opera, Chrome, Edge"}],"tags":[],"tags_disable_links":"","hide_more_platforms":"","video_object":"","demo_hide_cta":"","demo_hide_cloud_options":"","pricing_title":"","pricing":[{"pricing_icon":"platform","pricing_title":"Elfsight Apps","pricing_title_caption":"Multiplattform-Software, die auf jeder Site funktioniert","pricing_price":"ab 0 $ \/ Monat","pricing_price_caption":"Beginnen Sie mit einem kostenlosen Plan","pricing_benefits":[{"text":"Unbegrenzte Websites"},{"text":"Kostenloser und p\u00fcnktlicher Support"},{"text":"Kostenlose Installationsunterst\u00fctzung"},{"text":"100 % anpassbar"}],"pricing_button_text":"Zur Website hinzuf\u00fcgen","pricing_button_url":"#demo"}],"related_apps_title":"","related_apps_hidden":"","author":"","image":[],"title":"","job":"","social_networks":[]},"_links":{"self":[{"href":"https:\/\/elfsight.com\/de\/wp-json\/wp\/v2\/pages\/10394","targetHints":{"allow":["GET"]}}],"collection":[{"href":"https:\/\/elfsight.com\/de\/wp-json\/wp\/v2\/pages"}],"about":[{"href":"https:\/\/elfsight.com\/de\/wp-json\/wp\/v2\/types\/page"}],"author":[{"embeddable":true,"href":"https:\/\/elfsight.com\/de\/wp-json\/wp\/v2\/users\/9"}],"replies":[{"embeddable":true,"href":"https:\/\/elfsight.com\/de\/wp-json\/wp\/v2\/comments?post=10394"}],"version-history":[{"count":2,"href":"https:\/\/elfsight.com\/de\/wp-json\/wp\/v2\/pages\/10394\/revisions"}],"predecessor-version":[{"id":21979,"href":"https:\/\/elfsight.com\/de\/wp-json\/wp\/v2\/pages\/10394\/revisions\/21979"}],"up":[{"embeddable":true,"href":"https:\/\/elfsight.com\/de\/wp-json\/wp\/v2\/pages\/3941"}],"wp:attachment":[{"href":"https:\/\/elfsight.com\/de\/wp-json\/wp\/v2\/media?parent=10394"}],"curies":[{"name":"wp","href":"https:\/\/api.w.org\/{rel}","templated":true}]}}