{"id":10385,"date":"1970-01-01T00:00:00","date_gmt":"1970-01-01T00:00:00","guid":{"rendered":"https:\/\/elfsight.com\/de\/?page_id=10385"},"modified":"2025-07-10T08:28:44","modified_gmt":"2025-07-10T08:28:44","slug":"google-sites","status":"publish","type":"page","link":"https:\/\/elfsight.com\/de\/subscription-form-widget\/google-sites\/","title":{"rendered":"Subscription Form &#8211; Google Sites"},"content":{"rendered":"<div class=\"application-platform-content-item-description application-platform-content-item\" id=\"description\" data-nav-section=\"description\"> <h2>Einbetten des Abonnementformulars in Google Sites mit dem Elfsight-Widget<\/h2> <p>Das Abonnementformular f\u00fcr Google Sites ist ein effizientes Plugin eine M\u00f6glichkeit, E-Mails zu erhalten. Unser Widget bietet Ihnen nicht nur die M\u00f6glichkeit, Ihre E-Mail-Liste zu erweitern, sondern dies auch effizient zu tun \u2013 Sie k\u00f6nnen den Kopfbereich mit einer informativen \u00dcberschrift an das Formular anschlie\u00dfen, den Vornamen, Nachnamen und die E-Mail-Adresse anfordern oder es einfach halten Behalten Sie nur ein E-Mail-Feld bei und erg\u00e4nzen Sie es mit einer erl\u00e4uternden Beschriftung und einem Platzhalter. Ihnen wird auch die M\u00f6glichkeit geboten, Ihre Abonnementformular-App mit Mailchimp zu verkn\u00fcpfen. Und indem Sie eines der vier angebotenen gebrauchsfertigen Layouts anwenden, erstellen Sie das Tool, das genau so funktioniert, wie Sie es ben\u00f6tigen. <\/p> <p><b>Pr\u00e4sentieren Sie Ihr Abonnementformular der Zielgruppe auf den entsprechenden Seiten Ihrer Website und verhindern Sie, dass sie abspringt! <\/b><\/p> <\/div> <div class=\"application-platform-content-item-features application-platform-content-item\" id=\"features\" data-nav-section=\"features\"> <h2>Dies sind nur einige der leistungsstarken Plugin-Funktionen: <\/h2> <ul><li>F\u00fcgen Sie einen Kopfabschnitt mit einem ansprechenden hinzu Untertitel. <\/li><li>Verkn\u00fcpfen Sie Ihr Formular mit dem Mailchimp-Dienst<\/li><li>Beziehen Sie Ihre E-Mail-Datenbank im CSV-Format. <\/li><li>\u00dcberschaubare Formteile. <\/li><li>4 Layouts zur Auswahl: Bereich, Eingebettet, Side-in, Popup. <\/li><\/ul><p><a href=\"#demo\">Untersuchen Sie alle Einstellungen in der Demo mit vollem Funktionsumfang<\/a><\/p> <\/div> <div class=\"application-platform-content-item-installation application-platform-content-item\" id=\"installation\" data-nav-section=\"installation\"> <h2>Wie f\u00fcge ich ein Abonnementformular zu meiner Google Sites-Website hinzu? <\/h2> <p>Befolgen Sie einfach die folgenden Richtlinien, um mit der Verwendung des Plugins zu beginnen. <\/p> <ol><li><b>\u00d6ffnen Sie unsere kostenlose Demo und beginnen Sie mit der Entwicklung Ihres eigenen Plugins. <\/b><br> Geben Sie das gew\u00fcnschte Layout und die gew\u00fcnschten Spezifikationen des Tools an und wenden Sie die \u00c4nderungen an. <\/li> <li><b>Kopieren Sie den eindeutigen Code, der im Fenster von Elfsight Apps angezeigt wird. <\/b><br> Sobald die Konfiguration Ihres Tools abgeschlossen ist, kopieren Sie den exklusiven Code im angezeigten Fenster und speichern Sie ihn f\u00fcr eine sp\u00e4tere Gelegenheit. <\/li> <li><b>Initiieren Sie den Einsatz des Plugins auf der Google Sites-Startseite. <\/b><br> Platzieren Sie den zuvor kopierten Code auf Ihrer Seite und speichern Sie die Verbesserungen. <\/li> <li><b>Das Setup wurde erfolgreich beendet. <\/b><br> Gehen Sie auf Ihre Seite, um die Arbeit des Plugins zu sehen. <\/li><\/ol> <div class=\"tip-yellow tip\"><b>Aufgrund der Besonderheiten der Google Sites-Funktion sieht das Widget m\u00f6glicherweise anders aus als die Online-Demo. Wir entschuldigen uns f\u00fcr etwaige Unannehmlichkeiten.<\/b><\/div><p>Wenn Sie Fragen oder Komplikationen haben, z\u00f6gern Sie nicht, sich an unser Kundendienstteam zu wenden. Unsere Berater helfen Ihnen gerne bei allen Fragen rund um das Tool weiter. <\/p> <div class=\"faq\" data-component=\"FAQ\"> <div class=\"faq-item\">\r\n\t\t\t\t\t<div class=\"faq-item-question\">\r\n\t\t\t\t\t\t<h3 class=\"faq-item-question-text\">Wie f\u00fcge ich Form Builder ohne Programmierkenntnisse zu meiner Google Sites-Website hinzu?<\/h3>\r\n\r\n\t\t\t\t\t\t<div class=\"faq-item-question-icon\"><\/div>\r\n\t\t\t\t\t<\/div>\r\n\r\n\t\t\t\t\t<div class=\"faq-item-answer\">\r\n\t\t\t\t\t\t<div class=\"faq-item-answer-text\"> <p>Elfsight bietet eine SaaS-L\u00f6sung, mit der Sie selbst ein Form Builder-Widget erstellen k\u00f6nnen. Sehen Sie, wie einfach das ist Der Prozess ist: Arbeiten Sie direkt im Online-Editor, um ein Form Builder-Widget zu erstellen, das Sie auf Ihrer Google Sites-Website sehen m\u00f6chten. W\u00e4hlen Sie eine der vorgefertigten Vorlagen aus und passen Sie die Form Builder-Einstellungen an, f\u00fcgen Sie Ihre Inhalte hinzu, \u00e4ndern Sie das Layout und die Farben ohne Programmierkenntnisse. Speichern Sie den Form Builder und kopieren Sie seinen Installationscode, den Sie ganz einfach in Ihre Google Sites-Website einbinden k\u00f6nnen, ohne einen kostenpflichtigen Plan zu kaufen. Mit unserem intuitiven Editor kann jeder Internetnutzer online ein Form Builder-Widget erstellen und es einfach in seine Google Sites-Website einbetten. Sie m\u00fcssen weder bezahlen noch Ihre Kartendaten eingeben, um auf den Service zuzugreifen. Sollten bei irgendeinem Schritt Probleme auftreten, wenden Sie sich bitte an unser technisches Support-Team.<\/p> <\/div>\r\n\t\t\t\t\t<\/div>\r\n\t\t\t\t<\/div><div class=\"faq-item\">\r\n\t\t\t\t\t<div class=\"faq-item-question\">\r\n\t\t\t\t\t\t<h3 class=\"faq-item-question-text\">Haben Sie vorgefertigte Abonnementformularvorlagen f\u00fcr die Google Sites-Website?<\/h3>\r\n\r\n\t\t\t\t\t\t<div class=\"faq-item-question-icon\"><\/div>\r\n\t\t\t\t\t<\/div>\r\n\r\n\t\t\t\t\t<div class=\"faq-item-answer\">\r\n\t\t\t\t\t\t<div class=\"faq-item-answer-text\"> <p>Ja, Elfsight bietet eine riesige Bibliothek mit \u00fcber 300 Vorlagen f\u00fcr jeden Fall. Scrollen Sie durch die <a href=\"https:\/\/elfsight.com\/online-form-builder\/templates\/subscription-forms\/\">Vorlagen f\u00fcr Abonnementformulare<\/a> und entscheiden Sie, welche f\u00fcr Sie am besten geeignet ist.<\/p> <\/div>\r\n\t\t\t\t\t<\/div>\r\n\t\t\t\t<\/div> <\/div> <\/div>","protected":false},"excerpt":{"rendered":"","protected":false},"author":9,"featured_media":0,"parent":3941,"menu_order":0,"comment_status":"closed","ping_status":"closed","template":"templates\/template-application-platform.php","meta":{"publish_to_discourse":"","publish_post_category":"","wpdc_auto_publish_overridden":"","wpdc_topic_tags":"","wpdc_pin_topic":"","wpdc_pin_until":"","discourse_post_id":"","discourse_permalink":"","wpdc_publishing_response":"","wpdc_publishing_error":"","footnotes":""},"class_list":["post-10385","page","type-page","status-publish","hentry"],"yoast_head":"<!-- This site is optimized with the Yoast SEO plugin v25.3.1 - https:\/\/yoast.com\/wordpress\/plugins\/seo\/ -->\n<title>Abonnementformular-Plugin zur Google Sites-Website hinzuf\u00fcgen (schnell und kostenlos)<\/title>\n<meta name=\"description\" content=\"F\u00fcgen Sie ein responsives Google Sites-Abonnementformular-Plugin in Ihre Website ein. Passen Sie alle Felder an, w\u00e4hlen Sie eine von 4 Layoutvorlagen aus und mehr.\" \/>\n<meta name=\"robots\" content=\"index, follow, max-snippet:-1, max-image-preview:large, max-video-preview:-1\" \/>\n<link rel=\"canonical\" href=\"https:\/\/elfsight.com\/de\/subscription-form-widget\/google-sites\/\" \/>\n<meta property=\"og:locale\" content=\"de_DE\" \/>\n<meta property=\"og:type\" content=\"article\" \/>\n<meta property=\"og:title\" content=\"Abonnementformular-Plugin zur Google Sites-Website hinzuf\u00fcgen (schnell und kostenlos)\" \/>\n<meta property=\"og:description\" content=\"F\u00fcgen Sie ein responsives Google Sites-Abonnementformular-Plugin in Ihre Website ein. Passen Sie alle Felder an, w\u00e4hlen Sie eine von 4 Layoutvorlagen aus und mehr.\" \/>\n<meta property=\"og:url\" content=\"https:\/\/elfsight.com\/de\/subscription-form-widget\/google-sites\/\" \/>\n<meta property=\"og:site_name\" content=\"Elfsight DE\" \/>\n<meta property=\"article:modified_time\" content=\"2025-07-10T08:28:44+00:00\" \/>\n<meta name=\"twitter:card\" content=\"summary_large_image\" \/>\n<meta name=\"twitter:label1\" content=\"Gesch\u00e4tzte Lesezeit\" \/>\n\t<meta name=\"twitter:data1\" content=\"3\u00a0Minuten\" \/>\n<!-- \/ Yoast SEO plugin. -->","yoast_head_json":{"title":"Abonnementformular-Plugin zur Google Sites-Website hinzuf\u00fcgen (schnell und kostenlos)","description":"F\u00fcgen Sie ein responsives Google Sites-Abonnementformular-Plugin in Ihre Website ein. Passen Sie alle Felder an, w\u00e4hlen Sie eine von 4 Layoutvorlagen aus und mehr.","robots":{"index":"index","follow":"follow","max-snippet":"max-snippet:-1","max-image-preview":"max-image-preview:large","max-video-preview":"max-video-preview:-1"},"canonical":"https:\/\/elfsight.com\/de\/subscription-form-widget\/google-sites\/","og_locale":"de_DE","og_type":"article","og_title":"Abonnementformular-Plugin zur Google Sites-Website hinzuf\u00fcgen (schnell und kostenlos)","og_description":"F\u00fcgen Sie ein responsives Google Sites-Abonnementformular-Plugin in Ihre Website ein. Passen Sie alle Felder an, w\u00e4hlen Sie eine von 4 Layoutvorlagen aus und mehr.","og_url":"https:\/\/elfsight.com\/de\/subscription-form-widget\/google-sites\/","og_site_name":"Elfsight DE","article_modified_time":"2025-07-10T08:28:44+00:00","twitter_card":"summary_large_image","twitter_misc":{"Gesch\u00e4tzte Lesezeit":"3\u00a0Minuten"},"schema":{"@context":"https:\/\/schema.org","@graph":[{"@type":"WebPage","@id":"https:\/\/elfsight.com\/de\/subscription-form-widget\/google-sites\/","url":"https:\/\/elfsight.com\/de\/subscription-form-widget\/google-sites\/","name":"Abonnementformular-Plugin zur Google Sites-Website hinzuf\u00fcgen (schnell und kostenlos)","isPartOf":{"@id":"https:\/\/elfsight.com\/de\/#website"},"datePublished":"1970-01-01T00:00:00+00:00","dateModified":"2025-07-10T08:28:44+00:00","description":"F\u00fcgen Sie ein responsives Google Sites-Abonnementformular-Plugin in Ihre Website ein. Passen Sie alle Felder an, w\u00e4hlen Sie eine von 4 Layoutvorlagen aus und mehr.","breadcrumb":{"@id":"https:\/\/elfsight.com\/de\/subscription-form-widget\/google-sites\/#breadcrumb"},"inLanguage":"de","potentialAction":[{"@type":"ReadAction","target":["https:\/\/elfsight.com\/de\/subscription-form-widget\/google-sites\/"]}]},{"@type":"BreadcrumbList","@id":"https:\/\/elfsight.com\/de\/subscription-form-widget\/google-sites\/#breadcrumb","itemListElement":[{"@type":"ListItem","position":1,"name":"Home","item":"https:\/\/elfsight.com\/de\/"},{"@type":"ListItem","position":2,"name":"Subscription Form","item":"https:\/\/elfsight.com\/de\/subscription-form-widget\/"},{"@type":"ListItem","position":3,"name":"Subscription Form &#8211; Google Sites"}]},{"@type":"WebSite","@id":"https:\/\/elfsight.com\/de\/#website","url":"https:\/\/elfsight.com\/de\/","name":"Elfsight DE","description":"Just another Elfsight Sites site","potentialAction":[{"@type":"SearchAction","target":{"@type":"EntryPoint","urlTemplate":"https:\/\/elfsight.com\/de\/?s={search_term_string}"},"query-input":{"@type":"PropertyValueSpecification","valueRequired":true,"valueName":"search_term_string"}}],"inLanguage":"de"}]}},"meta_box":{"industry":"","seo_heading":"","heading":"","description":"","cta_heading":"","cta_description":"","application":"3940","h1":"Plugin f\u00fcr das Google Sites-Abonnementformular","h1_caption":"Betten Sie ein Abonnementformular ein, um E-Mails zu sammeln und Ihre Mailingliste m\u00fchelos in Ihre Google Sites zu erweitern.","application_category":[],"applications_title":"","applications_request_title":"","applications_request_button_text":"","hero_text":"","hero_video":"","hero_video_schema_markup":"","selling_points_title":"","selling_points_caption":"","selling_points":[],"selling_points_cta_text":"","features_title":"","features":"","ed_cta_examples_text":"","ed_cta_examples_hidden":"","ed_cta_demo_text":"","ed_cta_demo_hidden":"","why_caption":"","why_editor_title":"","why_editor_text":"","why_team_title":"","why_team_text":"","why_service_title":"","why_service_text":"","template_catalog_visible":"","template_catalog_title":"","template_catalog_text":"","template_catalog_categories_visible":"","demo_title":"Erstellen Sie Ihr Abonnementformular-Widget","demo_caption":"Konfigurieren Sie Ihr Abonnementformular und f\u00fcgen Sie es kostenlos zu Ihrer Google Sites-Website hinzu!","default_faq_hidden":"","app_template_category":[],"platform":"3000","template_public_id":"","codecanyon_url":"","codecanyon_item_id":"","codecanyon_price":"","pricing_caption":"","pricing_elfsight_apps_hide_column":"","pricing_elfsight_apps_url":"","pricing_codecanyon_price_caption":"","integration_category":[],"integration_request_title":"","integration_request_cta":"","integration_platform":"","integrations":[],"platform_category":[],"video_schema_markup":"","price":"ab 0 $ \/ Monat","trial":"","benefits":[{"text":"Kostenlose Installationsunterst\u00fctzung"},{"text":"Premium-Support"},{"text":"14-t\u00e4gige R\u00fcckerstattungsgarantie"},{"text":"Laufende kostenlose Verbesserungen"}],"button_url":"#demo","button_target_blank":"","button_nofollow":"","attributes":[{"name":"Installiert","content":"10,000 - 100,000"},{"name":"Reaktionsfreudig","content":"Ja"},{"name":"Kompatible Browser","content":"Firefox, Safari, Opera, Chrome, Edge"}],"tags":[],"tags_disable_links":"","hide_more_platforms":"","video_object":"","demo_hide_cta":"","demo_hide_cloud_options":"","pricing_title":"","pricing":[{"pricing_icon":"platform","pricing_title":"Elfsight Apps","pricing_title_caption":"Plattformunabh\u00e4ngige Software","pricing_price":"ab 0 $ \/ Monat","pricing_price_caption":"Beginnen Sie mit einem kostenlosen Plan","pricing_benefits":[{"text":"Unbegrenzte Websites"},{"text":"Kundensupport rund um die Uhr"},{"text":"Kostenlose Installationshilfe"},{"text":"Flexibles Design"}],"pricing_button_text":"Zur Website hinzuf\u00fcgen","pricing_button_url":"#demo"}],"related_apps_title":"","related_apps_hidden":"","author":"","image":[],"title":"","job":"","social_networks":[]},"_links":{"self":[{"href":"https:\/\/elfsight.com\/de\/wp-json\/wp\/v2\/pages\/10385","targetHints":{"allow":["GET"]}}],"collection":[{"href":"https:\/\/elfsight.com\/de\/wp-json\/wp\/v2\/pages"}],"about":[{"href":"https:\/\/elfsight.com\/de\/wp-json\/wp\/v2\/types\/page"}],"author":[{"embeddable":true,"href":"https:\/\/elfsight.com\/de\/wp-json\/wp\/v2\/users\/9"}],"replies":[{"embeddable":true,"href":"https:\/\/elfsight.com\/de\/wp-json\/wp\/v2\/comments?post=10385"}],"version-history":[{"count":2,"href":"https:\/\/elfsight.com\/de\/wp-json\/wp\/v2\/pages\/10385\/revisions"}],"predecessor-version":[{"id":21975,"href":"https:\/\/elfsight.com\/de\/wp-json\/wp\/v2\/pages\/10385\/revisions\/21975"}],"up":[{"embeddable":true,"href":"https:\/\/elfsight.com\/de\/wp-json\/wp\/v2\/pages\/3941"}],"wp:attachment":[{"href":"https:\/\/elfsight.com\/de\/wp-json\/wp\/v2\/media?parent=10385"}],"curies":[{"name":"wp","href":"https:\/\/api.w.org\/{rel}","templated":true}]}}