{"id":10379,"date":"1970-01-01T00:00:00","date_gmt":"1970-01-01T00:00:00","guid":{"rendered":"https:\/\/elfsight.com\/de\/?page_id=10379"},"modified":"2025-07-10T08:29:31","modified_gmt":"2025-07-10T08:29:31","slug":"prestashop","status":"publish","type":"page","link":"https:\/\/elfsight.com\/de\/subscription-form-widget\/prestashop\/","title":{"rendered":"Subscription Form &#8211; PrestaShop"},"content":{"rendered":"<div class=\"application-platform-content-item-description application-platform-content-item\" id=\"description\" data-nav-section=\"description\"> <h2>Beschreibung<\/h2> <p>Das Elfsight-Abonnementformular ist ein praktisches Tool, mit dem Sie E-Mails sammeln k\u00f6nnen. Das Plugin bietet Ihnen nicht nur die M\u00f6glichkeit, Ihre E-Mail-Liste zu erstellen, sondern dies auch effizient zu tun \u2013 es steht Ihnen frei, die Kopfzeile mit Beschriftung zum Formular hinzuzuf\u00fcgen, nach der E-Mail-Adresse des Vornamens zu fragen oder es einfach zu halten und nur ein E-Mail-Feld einzuf\u00fcgen F\u00fcgen Sie ihm eine erl\u00e4uternde Beschriftung und einen Platzhalter bei. Es besteht auch die M\u00f6glichkeit, Ihr Abonnementformular-Widget mit Mailchimp zu verbinden. Und indem Sie eine der vier angebotenen vorgefertigten Layoutvorlagen anwenden, k\u00f6nnen Sie das Tool entwerfen, das genau zu Ihnen passt. <\/p><p><b>Pr\u00e4sentieren Sie Ihr Abonnementformular den richtigen Personen auf den richtigen Seiten Ihrer Website und verhindern Sie, dass sie abspringen!<\/b><\/p><\/div> <div class=\"application-platform-content-item-features  application-platform-content-item\" id=\"features \" data-nav-section=\"features \"> <h2>Hier sind die zentralen Funktionen des Widgets: <\/h2> <ul><li>F\u00fcgen Sie einen Kopfbereich mit einer ansprechenden Beschriftung hinzu. <\/li><li>Verkn\u00fcpfen Sie Ihr Abonnementformular mit Mailchimp. <\/li><li>Beziehen Sie Ihre E-Mail-Datenbank im CSV-Format. <\/li><li>Personalisierbare Formularfelder. <\/li><li>Vier Layouts zur Auswahl: Side-in, Pane, Embedded, Popup. <\/li><\/ul><p><a href=\"#demo\">Probieren Sie alle Einstellungen in der Demo mit vollem Funktionsumfang aus<\/a><\/p> <\/div> <div class=\"application-platform-content-item-installation application-platform-content-item\" id=\"installation\" data-nav-section=\"installation\"> <h2>Wie bette ich das Abonnementformular in meine PrestaShop-Website ein? <\/h2> <p>F\u00fchren Sie einfach die folgenden Richtlinien aus, um das Widget hinzuzuf\u00fcgen. <\/p> <ol><li><b>Nutzen Sie unseren kostenlosen Konfigurator und beginnen Sie mit der Erstellung Ihres individuellen Instruments.<\/b><br> Finden Sie das gew\u00fcnschte Aussehen und die gew\u00fcnschte Funktionalit\u00e4t des Widgets und speichern Sie die \u00c4nderungen.<\/li> <li><b>Sie erhalten Ihren individuellen Code, der im Feld auf Elfsight Apps angezeigt wird.<\/b><br> Sobald die Anpassung Ihres Widgets abgeschlossen ist, kopieren Sie den individuellen Code im angezeigten Feld und speichern Sie ihn f\u00fcr die Zukunft Bedarf.<\/li> <li><b>Initiieren Sie die Nutzung des Add-ons auf der PrestaShop-Homepage.<\/b><br> F\u00fcgen Sie den Code, den Sie zuvor kopiert haben, in Ihre Website ein und wenden Sie die Korrekturen an.<\/li> <li><b>Fertig! Die Integration ist vollst\u00e4ndig abgeschlossen.<\/b><br> Besuchen Sie Ihre Website, um zu sehen, wie das Tool ausgef\u00fchrt wird. <\/li><\/ol> <p>Wenn Sie Fragen haben oder es zu Komplikationen kommt, scheuen Sie sich nicht, sich an unser Support-Team zu wenden. Unsere Spezialisten helfen Ihnen gerne bei allen Schwierigkeiten, die Sie mit dem Produkt haben. <\/p> <div class=\"faq\" data-component=\"FAQ\"> <div class=\"faq-item\">\r\n\t\t\t\t\t<div class=\"faq-item-question\">\r\n\t\t\t\t\t\t<h3 class=\"faq-item-question-text\">Wie kann ich Form Builder ohne Programmierkenntnisse zu meiner PrestaShop-Website hinzuf\u00fcgen?<\/h3>\r\n\r\n\t\t\t\t\t\t<div class=\"faq-item-question-icon\"><\/div>\r\n\t\t\t\t\t<\/div>\r\n\r\n\t\t\t\t\t<div class=\"faq-item-answer\">\r\n\t\t\t\t\t\t<div class=\"faq-item-answer-text\"> <p>Elfsight bietet eine SaaS-L\u00f6sung, mit der Sie selbst ein Form Builder-Widget erstellen k\u00f6nnen. Sehen Sie, wie einfach das ist Der Prozess ist: Arbeiten Sie direkt im Online-Editor, um ein Form Builder-Widget zu erstellen, das Sie auf Ihrer PrestaShop-Website sehen m\u00f6chten. W\u00e4hlen Sie eine der vorgefertigten Vorlagen aus und passen Sie die Form Builder-Einstellungen an, f\u00fcgen Sie Ihre Inhalte hinzu, \u00e4ndern Sie das Layout und das Farbschema ohne Programmierkenntnisse. Speichern Sie den Form Builder und kopieren Sie seinen Installationscode, damit Sie ihn m\u00fchelos in Ihre PrestaShop-Website einf\u00fcgen k\u00f6nnen, ohne eine kostenpflichtige Version kaufen zu m\u00fcssen. Mit unserem intuitiven Editor kann jeder Internetnutzer online ein Form Builder-Widget erstellen und es einfach in seine PrestaShop-Website einbetten. Sie m\u00fcssen weder bezahlen noch Ihre Kartendaten eingeben, um auf den Service zuzugreifen. Sollten bei irgendeinem Schritt Probleme auftreten, wenden Sie sich bitte an unser technisches Support-Team.<\/p> <\/div>\r\n\t\t\t\t\t<\/div>\r\n\t\t\t\t<\/div><div class=\"faq-item\">\r\n\t\t\t\t\t<div class=\"faq-item-question\">\r\n\t\t\t\t\t\t<h3 class=\"faq-item-question-text\">Haben Sie vorgefertigte Abonnementformularvorlagen f\u00fcr die PrestaShop-Website?<\/h3>\r\n\r\n\t\t\t\t\t\t<div class=\"faq-item-question-icon\"><\/div>\r\n\t\t\t\t\t<\/div>\r\n\r\n\t\t\t\t\t<div class=\"faq-item-answer\">\r\n\t\t\t\t\t\t<div class=\"faq-item-answer-text\"><p>Ja, Elfsight bietet eine riesige Bibliothek mit \u00fcber 300 Vorlagen f\u00fcr jeden Fall. Scrollen Sie durch die <a href=\"https:\/\/elfsight.com\/online-form-builder\/templates\/subscription-forms\/\">Vorlagen f\u00fcr Abonnementformulare<\/a> und entscheiden Sie, welche f\u00fcr Sie am besten geeignet ist.<\/p> <\/div>\r\n\t\t\t\t\t<\/div>\r\n\t\t\t\t<\/div> <\/div> <\/div>","protected":false},"excerpt":{"rendered":"","protected":false},"author":9,"featured_media":0,"parent":3941,"menu_order":0,"comment_status":"closed","ping_status":"closed","template":"templates\/template-application-platform.php","meta":{"publish_to_discourse":"","publish_post_category":"","wpdc_auto_publish_overridden":"","wpdc_topic_tags":"","wpdc_pin_topic":"","wpdc_pin_until":"","discourse_post_id":"","discourse_permalink":"","wpdc_publishing_response":"","wpdc_publishing_error":"","footnotes":""},"class_list":["post-10379","page","type-page","status-publish","hentry"],"yoast_head":"<!-- This site is optimized with the Yoast SEO plugin v25.3.1 - https:\/\/yoast.com\/wordpress\/plugins\/seo\/ -->\n<title>Abonnementformular-Plugin zur PrestaShop-Website hinzuf\u00fcgen (schnell und kostenlos)<\/title>\n<meta name=\"description\" content=\"Integrieren Sie ein PrestaShop-Abonnementformular-Add-on in Ihre Website. Passen Sie alle Felder an, w\u00e4hlen Sie eine von 4 Layoutvorlagen und mehr.\" \/>\n<meta name=\"robots\" content=\"index, follow, max-snippet:-1, max-image-preview:large, max-video-preview:-1\" \/>\n<link rel=\"canonical\" href=\"https:\/\/elfsight.com\/de\/subscription-form-widget\/prestashop\/\" \/>\n<meta property=\"og:locale\" content=\"de_DE\" \/>\n<meta property=\"og:type\" content=\"article\" \/>\n<meta property=\"og:title\" content=\"Abonnementformular-Plugin zur PrestaShop-Website hinzuf\u00fcgen (schnell und kostenlos)\" \/>\n<meta property=\"og:description\" content=\"Integrieren Sie ein PrestaShop-Abonnementformular-Add-on in Ihre Website. Passen Sie alle Felder an, w\u00e4hlen Sie eine von 4 Layoutvorlagen und mehr.\" \/>\n<meta property=\"og:url\" content=\"https:\/\/elfsight.com\/de\/subscription-form-widget\/prestashop\/\" \/>\n<meta property=\"og:site_name\" content=\"Elfsight DE\" \/>\n<meta property=\"article:modified_time\" content=\"2025-07-10T08:29:31+00:00\" \/>\n<meta name=\"twitter:card\" content=\"summary_large_image\" \/>\n<meta name=\"twitter:label1\" content=\"Gesch\u00e4tzte Lesezeit\" \/>\n\t<meta name=\"twitter:data1\" content=\"3\u00a0Minuten\" \/>\n<!-- \/ Yoast SEO plugin. -->","yoast_head_json":{"title":"Abonnementformular-Plugin zur PrestaShop-Website hinzuf\u00fcgen (schnell und kostenlos)","description":"Integrieren Sie ein PrestaShop-Abonnementformular-Add-on in Ihre Website. Passen Sie alle Felder an, w\u00e4hlen Sie eine von 4 Layoutvorlagen und mehr.","robots":{"index":"index","follow":"follow","max-snippet":"max-snippet:-1","max-image-preview":"max-image-preview:large","max-video-preview":"max-video-preview:-1"},"canonical":"https:\/\/elfsight.com\/de\/subscription-form-widget\/prestashop\/","og_locale":"de_DE","og_type":"article","og_title":"Abonnementformular-Plugin zur PrestaShop-Website hinzuf\u00fcgen (schnell und kostenlos)","og_description":"Integrieren Sie ein PrestaShop-Abonnementformular-Add-on in Ihre Website. Passen Sie alle Felder an, w\u00e4hlen Sie eine von 4 Layoutvorlagen und mehr.","og_url":"https:\/\/elfsight.com\/de\/subscription-form-widget\/prestashop\/","og_site_name":"Elfsight DE","article_modified_time":"2025-07-10T08:29:31+00:00","twitter_card":"summary_large_image","twitter_misc":{"Gesch\u00e4tzte Lesezeit":"3\u00a0Minuten"},"schema":{"@context":"https:\/\/schema.org","@graph":[{"@type":"WebPage","@id":"https:\/\/elfsight.com\/de\/subscription-form-widget\/prestashop\/","url":"https:\/\/elfsight.com\/de\/subscription-form-widget\/prestashop\/","name":"Abonnementformular-Plugin zur PrestaShop-Website hinzuf\u00fcgen (schnell und kostenlos)","isPartOf":{"@id":"https:\/\/elfsight.com\/de\/#website"},"datePublished":"1970-01-01T00:00:00+00:00","dateModified":"2025-07-10T08:29:31+00:00","description":"Integrieren Sie ein PrestaShop-Abonnementformular-Add-on in Ihre Website. Passen Sie alle Felder an, w\u00e4hlen Sie eine von 4 Layoutvorlagen und mehr.","breadcrumb":{"@id":"https:\/\/elfsight.com\/de\/subscription-form-widget\/prestashop\/#breadcrumb"},"inLanguage":"de","potentialAction":[{"@type":"ReadAction","target":["https:\/\/elfsight.com\/de\/subscription-form-widget\/prestashop\/"]}]},{"@type":"BreadcrumbList","@id":"https:\/\/elfsight.com\/de\/subscription-form-widget\/prestashop\/#breadcrumb","itemListElement":[{"@type":"ListItem","position":1,"name":"Home","item":"https:\/\/elfsight.com\/de\/"},{"@type":"ListItem","position":2,"name":"Subscription Form","item":"https:\/\/elfsight.com\/de\/subscription-form-widget\/"},{"@type":"ListItem","position":3,"name":"Subscription Form &#8211; PrestaShop"}]},{"@type":"WebSite","@id":"https:\/\/elfsight.com\/de\/#website","url":"https:\/\/elfsight.com\/de\/","name":"Elfsight DE","description":"Just another Elfsight Sites site","potentialAction":[{"@type":"SearchAction","target":{"@type":"EntryPoint","urlTemplate":"https:\/\/elfsight.com\/de\/?s={search_term_string}"},"query-input":{"@type":"PropertyValueSpecification","valueRequired":true,"valueName":"search_term_string"}}],"inLanguage":"de"}]}},"meta_box":{"industry":"","seo_heading":"","heading":"","description":"","cta_heading":"","cta_description":"","application":"3940","h1":"PrestaShop-Abonnementformular-Add-on","h1_caption":"Betten Sie ein Abonnementformular ein, um E-Mails zu sammeln und Ihre Mailingliste m\u00fchelos in Ihre Prestashop-Website zu erweitern.","application_category":[],"applications_title":"","applications_request_title":"","applications_request_button_text":"","hero_text":"","hero_video":"","hero_video_schema_markup":"","selling_points_title":"","selling_points_caption":"","selling_points":[],"selling_points_cta_text":"","features_title":"","features":"","ed_cta_examples_text":"","ed_cta_examples_hidden":"","ed_cta_demo_text":"","ed_cta_demo_hidden":"","why_caption":"","why_editor_title":"","why_editor_text":"","why_team_title":"","why_team_text":"","why_service_title":"","why_service_text":"","template_catalog_visible":"","template_catalog_title":"","template_catalog_text":"","template_catalog_categories_visible":"","demo_title":"Erstellen Sie Ihr Abonnementformular-Add-on","demo_caption":"Konfigurieren Sie Ihr Abonnementformular und f\u00fcgen Sie es kostenlos zu Ihrer PrestaShop-Website hinzu!","default_faq_hidden":"","app_template_category":[],"platform":"3811","template_public_id":"","codecanyon_url":"","codecanyon_item_id":"","codecanyon_price":"","pricing_caption":"","pricing_elfsight_apps_hide_column":"","pricing_elfsight_apps_url":"","pricing_codecanyon_price_caption":"","integration_category":[],"integration_request_title":"","integration_request_cta":"","integration_platform":"","integrations":[],"platform_category":[],"video_schema_markup":"","price":"ab 0 $ \/ Monat","trial":"","benefits":[{"text":"Kostenloser Installationsservice"},{"text":"Au\u00dfergew\u00f6hnliche Unterst\u00fctzung"},{"text":"14-t\u00e4gige Geld-zur\u00fcck-Garantie"},{"text":"St\u00e4ndige Aktualisierung"}],"button_url":"#demo","button_target_blank":"","button_nofollow":"","attributes":[{"name":"Installiert","content":"10,000 - 100,000"},{"name":"Reaktionsfreudig","content":"Ja"},{"name":"Kompatible Browser","content":"Firefox, Safari, Opera, Chrome, Edge"}],"tags":[],"tags_disable_links":"","hide_more_platforms":"","video_object":"","demo_hide_cta":"","demo_hide_cloud_options":"","pricing_title":"","pricing":[{"pricing_icon":"platform","pricing_title":"Elfsight Apps","pricing_title_caption":"Multiplattform-L\u00f6sung","pricing_price":"ab 0 $ \/ Monat","pricing_price_caption":"Beginnen Sie mit einem kostenlosen Plan","pricing_benefits":[{"text":"Unbegrenzte Domains"},{"text":"Premium-Kundensupport"},{"text":"Kostenloser Installationssupport"},{"text":"Flexibles Design"}],"pricing_button_text":"Zur Website hinzuf\u00fcgen","pricing_button_url":"#demo"}],"related_apps_title":"","related_apps_hidden":"","author":"","image":[],"title":"","job":"","social_networks":[]},"_links":{"self":[{"href":"https:\/\/elfsight.com\/de\/wp-json\/wp\/v2\/pages\/10379","targetHints":{"allow":["GET"]}}],"collection":[{"href":"https:\/\/elfsight.com\/de\/wp-json\/wp\/v2\/pages"}],"about":[{"href":"https:\/\/elfsight.com\/de\/wp-json\/wp\/v2\/types\/page"}],"author":[{"embeddable":true,"href":"https:\/\/elfsight.com\/de\/wp-json\/wp\/v2\/users\/9"}],"replies":[{"embeddable":true,"href":"https:\/\/elfsight.com\/de\/wp-json\/wp\/v2\/comments?post=10379"}],"version-history":[{"count":2,"href":"https:\/\/elfsight.com\/de\/wp-json\/wp\/v2\/pages\/10379\/revisions"}],"predecessor-version":[{"id":21973,"href":"https:\/\/elfsight.com\/de\/wp-json\/wp\/v2\/pages\/10379\/revisions\/21973"}],"up":[{"embeddable":true,"href":"https:\/\/elfsight.com\/de\/wp-json\/wp\/v2\/pages\/3941"}],"wp:attachment":[{"href":"https:\/\/elfsight.com\/de\/wp-json\/wp\/v2\/media?parent=10379"}],"curies":[{"name":"wp","href":"https:\/\/api.w.org\/{rel}","templated":true}]}}