{"id":10377,"date":"1970-01-01T00:00:00","date_gmt":"1970-01-01T00:00:00","guid":{"rendered":"https:\/\/elfsight.com\/de\/?page_id=10377"},"modified":"2025-07-10T08:27:12","modified_gmt":"2025-07-10T08:27:12","slug":"squarespace","status":"publish","type":"page","link":"https:\/\/elfsight.com\/de\/store-locator-widget\/squarespace\/","title":{"rendered":"Store Locator &#8211; Squarespace"},"content":{"rendered":"<div class=\"application-platform-content-item-description application-platform-content-item\" id=\"description\" data-nav-section=\"description\"> <h2>Betten Sie den Store Locator mit einem Elfsight-Plugin in Squarespace ein<\/h2> <p>Der Elfsight Store Locator f\u00fcr Squarespace ist ein leistungsstarkes und anpassbares Widget um die Benutzerfreundlichkeit und Kundenzufriedenheit Ihrer Website zu verbessern, indem Sie Ihren Kunden den Besuch Ihrer Gesch\u00e4ftsadresse einfacher denn je machen. Mit einer Reihe leistungsstarker Funktionen, die auf Vielseitigkeit und Leistung zugeschnitten sind, ist dieses Widget Ihre perfekte L\u00f6sung f\u00fcr die interaktive und benutzerfreundliche Darstellung Ihrer physischen Gesch\u00e4ftsstandorte. Betten Sie es gleich jetzt ein und erleben Sie, wie es Ihre Website in einen benutzerorientierten Storefinder verwandelt! <\/p> <p>Durch die Einbettung des Widgets erh\u00f6hen Sie Ihre Glaubw\u00fcrdigkeit bei Ihren Kunden, indem Sie detaillierte Informationen zu den physischen Standorten Ihres Unternehmens bereitstellen und ihnen so die Gewissheit geben, dass Sie pr\u00e4sent sind. Dies kann zu einer schnelleren Entscheidungsfindung und einem verbesserten Kauferlebnis bei den Besuchern f\u00fchren. <\/p><p><b>Probieren Sie den au\u00dfergew\u00f6hnlichen Filialfinder aus, um Ihren Standort und wichtige Gesch\u00e4ftsdetails anzuzeigen. Geben Sie Ihre echte Adresse und relevante Informationen an, um zus\u00e4tzliche Kunden im Gesch\u00e4ft zu gewinnen.<\/b><\/p><\/div> <div class=\"application-platform-content-item-features application-platform-content-item\" id=\"features\" data-nav-section=\"features\"> <h2>Lernen Sie die Liste der n\u00fctzlichsten Funktionen kennen:<\/h2> <ul><li>M\u00fchelose Standortauswahl<\/li><li>Intuitive Kartenfunktionen<\/li><li>Standort-CTA-Schaltfl\u00e4chen mit Integrationen <\/li><li>Einfache Standortkarte bei Markierungsauswahl<\/li> <li>Standort Arbeitszeit &amp; Aktivit\u00e4tsstatus<\/li><\/ul><p><a href=\"#demo\">Mit Hilfe der Demo k\u00f6nnen Sie entdecken, was das Widget bietet<\/a><\/p><\/div> <div class=\"application-platform-content-item-installation application-platform-content-item\" id=\"installation\" data-nav-section=\"installation\"> <h2>Wie kann ich Store Locator in meine Squarespace-Webseite integrieren?<\/h2> <p>Erf\u00fcllen Sie einfach die folgenden Richtlinien, um das Tool zu integrieren.<\/p> <ol><li><b> Nutzen Sie unseren kostenlosen Konfigurator und beginnen Sie mit der Gestaltung Ihres einzigartigen Widgets. <\/b><br> Bestimmen Sie die benutzerdefinierte Schnittstelle und die Spezifikationen des Widgets und speichern Sie die \u00c4nderungen. <\/li> <li><b>Erhalten Sie Ihren pers\u00f6nlichen Code, der in der Box von Elfsight Apps angezeigt wird. <\/b><br> Wenn die Erstellung Ihres pers\u00f6nlichen Werkzeugs abgeschlossen ist, kopieren Sie den pers\u00f6nlichen Code in das entstandene Feld und bewahren Sie ihn f\u00fcr eine sp\u00e4tere Gelegenheit auf. <\/li> <li><b>Beginnen Sie mit der Nutzung des Tools auf der Squarespace-Webseite. <\/b><br> Implementieren Sie den Code, den Sie zuvor kopiert haben, auf Ihrer Seite und speichern Sie die Anpassungen. <\/li> <li><b>Die Installation ist vollst\u00e4ndig abgeschlossen. <\/b><br> Besuchen Sie Ihre Website, um die Funktion des Widgets zu \u00fcberpr\u00fcfen. <\/li><\/ol> <p>Bei Anfragen oder Problemen wenden Sie sich bitte an unseren Support. Unsere Berater sind bestrebt, alle Fragen zu beantworten, die Sie m\u00f6glicherweise mit dem Tool haben. <\/p><\/div>","protected":false},"excerpt":{"rendered":"","protected":false},"author":9,"featured_media":0,"parent":7440,"menu_order":0,"comment_status":"closed","ping_status":"closed","template":"templates\/template-application-platform.php","meta":{"publish_to_discourse":"","publish_post_category":"","wpdc_auto_publish_overridden":"","wpdc_topic_tags":"","wpdc_pin_topic":"","wpdc_pin_until":"","discourse_post_id":"","discourse_permalink":"","wpdc_publishing_response":"","wpdc_publishing_error":"","footnotes":""},"class_list":["post-10377","page","type-page","status-publish","hentry"],"yoast_head":"<!-- This site is optimized with the Yoast SEO plugin v25.3.1 - https:\/\/yoast.com\/wordpress\/plugins\/seo\/ -->\n<title>Store Locator zu Squarespace hinzuf\u00fcgen \u2013 Karte mit Standort einbetten<\/title>\n<meta name=\"description\" content=\"F\u00fcgen Sie den Store Locator zu Ihrer Squarespace-Website hinzu, um mehr Vertrauen zu gewinnen. Probieren Sie eine praktische Demo von Elfsight aus, um das Widget in wenigen Minuten zu erstellen.\" \/>\n<meta name=\"robots\" content=\"index, follow, max-snippet:-1, max-image-preview:large, max-video-preview:-1\" \/>\n<link rel=\"canonical\" href=\"https:\/\/elfsight.com\/de\/store-locator-widget\/squarespace\/\" \/>\n<meta property=\"og:locale\" content=\"de_DE\" \/>\n<meta property=\"og:type\" content=\"article\" \/>\n<meta property=\"og:title\" content=\"Store Locator zu Squarespace hinzuf\u00fcgen \u2013 Karte mit Standort einbetten\" \/>\n<meta property=\"og:description\" content=\"F\u00fcgen Sie den Store Locator zu Ihrer Squarespace-Website hinzu, um mehr Vertrauen zu gewinnen. Probieren Sie eine praktische Demo von Elfsight aus, um das Widget in wenigen Minuten zu erstellen.\" \/>\n<meta property=\"og:url\" content=\"https:\/\/elfsight.com\/de\/store-locator-widget\/squarespace\/\" \/>\n<meta property=\"og:site_name\" content=\"Elfsight DE\" \/>\n<meta property=\"article:modified_time\" content=\"2025-07-10T08:27:12+00:00\" \/>\n<meta name=\"twitter:card\" content=\"summary_large_image\" \/>\n<meta name=\"twitter:label1\" content=\"Gesch\u00e4tzte Lesezeit\" \/>\n\t<meta name=\"twitter:data1\" content=\"2\u00a0Minuten\" \/>\n<!-- \/ Yoast SEO plugin. -->","yoast_head_json":{"title":"Store Locator zu Squarespace hinzuf\u00fcgen \u2013 Karte mit Standort einbetten","description":"F\u00fcgen Sie den Store Locator zu Ihrer Squarespace-Website hinzu, um mehr Vertrauen zu gewinnen. Probieren Sie eine praktische Demo von Elfsight aus, um das Widget in wenigen Minuten zu erstellen.","robots":{"index":"index","follow":"follow","max-snippet":"max-snippet:-1","max-image-preview":"max-image-preview:large","max-video-preview":"max-video-preview:-1"},"canonical":"https:\/\/elfsight.com\/de\/store-locator-widget\/squarespace\/","og_locale":"de_DE","og_type":"article","og_title":"Store Locator zu Squarespace hinzuf\u00fcgen \u2013 Karte mit Standort einbetten","og_description":"F\u00fcgen Sie den Store Locator zu Ihrer Squarespace-Website hinzu, um mehr Vertrauen zu gewinnen. Probieren Sie eine praktische Demo von Elfsight aus, um das Widget in wenigen Minuten zu erstellen.","og_url":"https:\/\/elfsight.com\/de\/store-locator-widget\/squarespace\/","og_site_name":"Elfsight DE","article_modified_time":"2025-07-10T08:27:12+00:00","twitter_card":"summary_large_image","twitter_misc":{"Gesch\u00e4tzte Lesezeit":"2\u00a0Minuten"},"schema":{"@context":"https:\/\/schema.org","@graph":[{"@type":"WebPage","@id":"https:\/\/elfsight.com\/de\/store-locator-widget\/squarespace\/","url":"https:\/\/elfsight.com\/de\/store-locator-widget\/squarespace\/","name":"Store Locator zu Squarespace hinzuf\u00fcgen \u2013 Karte mit Standort einbetten","isPartOf":{"@id":"https:\/\/elfsight.com\/de\/#website"},"datePublished":"1970-01-01T00:00:00+00:00","dateModified":"2025-07-10T08:27:12+00:00","description":"F\u00fcgen Sie den Store Locator zu Ihrer Squarespace-Website hinzu, um mehr Vertrauen zu gewinnen. Probieren Sie eine praktische Demo von Elfsight aus, um das Widget in wenigen Minuten zu erstellen.","breadcrumb":{"@id":"https:\/\/elfsight.com\/de\/store-locator-widget\/squarespace\/#breadcrumb"},"inLanguage":"de","potentialAction":[{"@type":"ReadAction","target":["https:\/\/elfsight.com\/de\/store-locator-widget\/squarespace\/"]}]},{"@type":"BreadcrumbList","@id":"https:\/\/elfsight.com\/de\/store-locator-widget\/squarespace\/#breadcrumb","itemListElement":[{"@type":"ListItem","position":1,"name":"Home","item":"https:\/\/elfsight.com\/de\/"},{"@type":"ListItem","position":2,"name":"Store Locator","item":"https:\/\/elfsight.com\/de\/store-locator-widget\/"},{"@type":"ListItem","position":3,"name":"Store Locator &#8211; Squarespace"}]},{"@type":"WebSite","@id":"https:\/\/elfsight.com\/de\/#website","url":"https:\/\/elfsight.com\/de\/","name":"Elfsight DE","description":"Just another Elfsight Sites site","potentialAction":[{"@type":"SearchAction","target":{"@type":"EntryPoint","urlTemplate":"https:\/\/elfsight.com\/de\/?s={search_term_string}"},"query-input":{"@type":"PropertyValueSpecification","valueRequired":true,"valueName":"search_term_string"}}],"inLanguage":"de"}]}},"meta_box":{"industry":"","seo_heading":"","heading":"","description":"","cta_heading":"","cta_description":"","application":"7436","h1":"Squarespace Store Locator-Plugin","h1_caption":"Zeigen Sie auf Ihrer Squarespace-Website eine Karte mit mehreren Filialstandorten an, damit Ihre Kunden m\u00fchelos den n\u00e4chstgelegenen Standort finden k\u00f6nnen.","application_category":[],"applications_title":"","applications_request_title":"","applications_request_button_text":"","hero_text":"","hero_video":"","hero_video_schema_markup":"","selling_points_title":"","selling_points_caption":"","selling_points":[],"selling_points_cta_text":"","features_title":"","features":"","ed_cta_examples_text":"","ed_cta_examples_hidden":"","ed_cta_demo_text":"","ed_cta_demo_hidden":"","why_caption":"","why_editor_title":"","why_editor_text":"","why_team_title":"","why_team_text":"","why_service_title":"","why_service_text":"","template_catalog_visible":"","template_catalog_title":"","template_catalog_text":"","template_catalog_categories_visible":"","demo_title":"Erstellen Sie Ihr Store Locator-Plugin","demo_caption":"Konfigurieren Sie Ihren Store Locator und f\u00fcgen Sie ihn kostenlos zu Ihrer Squarespace-Website hinzu!","default_faq_hidden":"","app_template_category":[],"platform":"252","template_public_id":"","codecanyon_url":"","codecanyon_item_id":"","codecanyon_price":"","pricing_caption":"","pricing_elfsight_apps_hide_column":"","pricing_elfsight_apps_url":"","pricing_codecanyon_price_caption":"","integration_category":[],"integration_request_title":"","integration_request_cta":"","integration_platform":"","integrations":[],"platform_category":[],"video_schema_markup":"","price":"ab 0 $ \/ Monat","trial":"","benefits":[{"text":"Kostenloser Installationsservice"},{"text":"Kompetenter Kundenservice"},{"text":"14-t\u00e4gige R\u00fcckerstattungsgarantie"},{"text":"Kontinuierliche kostenlose Updates"}],"button_url":"#demo","button_target_blank":"","button_nofollow":"","attributes":[{"name":"Installiert","content":"10,000 - 100,000"},{"name":"Reaktionsfreudig","content":"Ja"},{"name":"Kompatible Browser","content":"Firefox, Safari, Opera, Chrome, Edge"}],"tags":[],"tags_disable_links":"","hide_more_platforms":"","video_object":"","demo_hide_cta":"","demo_hide_cloud_options":"","pricing_title":"","pricing":[{"pricing_icon":"platform","pricing_title":"Elfsight Apps","pricing_title_caption":"Plattformunabh\u00e4ngige digitale L\u00f6sung","pricing_price":"ab 0 $ \/ Monat","pricing_price_caption":"Beginnen Sie mit einem kostenlosen Plan","pricing_benefits":[{"text":"Unbegrenzte Websites"},{"text":"Kostenloser und p\u00fcnktlicher Support und gut dokumentiert"},{"text":"Kostenlose Installationsunterst\u00fctzung"},{"text":"Vollst\u00e4ndig anpassbar"}],"pricing_button_text":"Zur Website hinzuf\u00fcgen","pricing_button_url":"#demo"}],"related_apps_title":"","related_apps_hidden":"","author":"","image":[],"title":"","job":"","social_networks":[]},"_links":{"self":[{"href":"https:\/\/elfsight.com\/de\/wp-json\/wp\/v2\/pages\/10377","targetHints":{"allow":["GET"]}}],"collection":[{"href":"https:\/\/elfsight.com\/de\/wp-json\/wp\/v2\/pages"}],"about":[{"href":"https:\/\/elfsight.com\/de\/wp-json\/wp\/v2\/types\/page"}],"author":[{"embeddable":true,"href":"https:\/\/elfsight.com\/de\/wp-json\/wp\/v2\/users\/9"}],"replies":[{"embeddable":true,"href":"https:\/\/elfsight.com\/de\/wp-json\/wp\/v2\/comments?post=10377"}],"version-history":[{"count":1,"href":"https:\/\/elfsight.com\/de\/wp-json\/wp\/v2\/pages\/10377\/revisions"}],"predecessor-version":[{"id":10381,"href":"https:\/\/elfsight.com\/de\/wp-json\/wp\/v2\/pages\/10377\/revisions\/10381"}],"up":[{"embeddable":true,"href":"https:\/\/elfsight.com\/de\/wp-json\/wp\/v2\/pages\/7440"}],"wp:attachment":[{"href":"https:\/\/elfsight.com\/de\/wp-json\/wp\/v2\/media?parent=10377"}],"curies":[{"name":"wp","href":"https:\/\/api.w.org\/{rel}","templated":true}]}}