{"id":10372,"date":"1970-01-01T00:00:00","date_gmt":"1970-01-01T00:00:00","guid":{"rendered":"https:\/\/elfsight.com\/de\/?page_id=10372"},"modified":"2025-07-10T08:25:43","modified_gmt":"2025-07-10T08:25:43","slug":"blogger","status":"publish","type":"page","link":"https:\/\/elfsight.com\/de\/store-locator-widget\/blogger\/","title":{"rendered":"Store Locator &#8211; Blogger"},"content":{"rendered":"<div class=\"application-platform-content-item-description application-platform-content-item\" id=\"description\" data-nav-section=\"description\"> <h2>Store Locator mit einem Elfsight-Widget in Blogger einbetten<\/h2> <p>Der Elfsight Store Locator f\u00fcr Blogger ist ein leistungsstarkes und anpassbares Widget um die Benutzerfreundlichkeit und Kundenzufriedenheit Ihrer Website zu steigern, indem Sie Ihren Kunden den Weg zu Ihren Gesch\u00e4ften einfacher denn je machen. Mit einer Reihe hilfreicher Funktionen, die auf Effizienz und Leistung zugeschnitten sind, ist dieses Widget Ihre perfekte L\u00f6sung, um Ihre physischen Ladenstandorte verst\u00e4ndlich und bequem darzustellen. F\u00fcgen Sie es jetzt hinzu und bemerken Sie, wie es Ihre Website in einen n\u00fctzlichen Filialfinder verwandelt!<\/p> <p>Durch die Einbindung des Widgets erh\u00f6hen Sie Ihre Vertrauensw\u00fcrdigkeit bei Ihren Kunden, indem Sie detaillierte Informationen \u00fcber die physischen Standorte Ihres Unternehmens weitergeben und ihnen so die Gewissheit geben, dass Sie etabliert sind Gegenwart. Dies k\u00f6nnte zu einer schnelleren Entscheidungsfindung und einem soliden Kauferlebnis bei den Kunden f\u00fchren. <\/p><p><b>Verwenden Sie den au\u00dfergew\u00f6hnlichen Filialfinder, um Ihren Standort und hilfreiche Betriebsdetails mitzuteilen. Zeigen Sie Ihre aktuelle Adresse und die erforderlichen Informationen an, um neue Besucher im Gesch\u00e4ft zu empfangen. <\/b><\/p> <\/div> <div class=\"application-platform-content-item-features application-platform-content-item\" id=\"features\" data-nav-section=\"features\"> <h2>Wir bieten leistungsstarke und einfache Funktionen, sehen Sie sich einige davon an:<\/h2> <ul><li>Eindeutige Adressanzeige<\/li><li>Interaktive Karteneigenschaften<\/li><li>Standort-CTA-Schaltfl\u00e4chen mit Integrationen <\/li><li>Einfaches Standort-Popup beim Klicken auf eine Markierung<\/li><li>Standort-Arbeitszeit &amp; aktueller Status<\/li><\/ul><p><a href=\"#demo\">Probieren Sie einfach diese Demo aus, um zu sehen, wie es funktioniert<\/a><\/p> <\/div> <div class=\"application-platform-content-item-installation application-platform-content-item\" id=\"installation\" data-nav-section=\"installation\"> <h2>Wie integriere ich Store Locator in meine Blogger-Website?<\/h2> <p>Befolgen Sie einfach die folgenden Richtlinien, um das Tool einzuf\u00fcgen. <\/p> <ol><li><b>\u00d6ffnen Sie unseren kostenlosen Editor und beginnen Sie mit der Erstellung Ihres benutzerdefinierten Plugins. <\/b><br> Suchen Sie die benutzerdefinierte Benutzeroberfl\u00e4che und die Spezifikationen des Widgets und wenden Sie die \u00c4nderungen an. <\/li> <li><b>Kopieren Sie Ihren eindeutigen Code, der im Fenster von Elfsight Apps angezeigt wird. <\/b><br> Wenn die Anpassung Ihres pers\u00f6nlichen Tools abgeschlossen ist, kopieren Sie den exklusiven Code im angezeigten Popup und bewahren Sie ihn f\u00fcr den weiteren Bedarf auf. <\/li> <li><b>Beginnen Sie mit der Anwendung des Tools auf Ihrer Blogger-Site. <\/b><br> F\u00fcgen Sie den Code, den Sie k\u00fcrzlich kopiert haben, in Ihre Website ein und wenden Sie die Verbesserungen an. <\/li> <li><b>Fertig! Die Einbettung wurde erfolgreich durchgef\u00fchrt. <\/b><br> Besuchen Sie Ihre Seite, um zu sehen, wie das Tool funktioniert. <\/li><\/ol> <p>Wenn Sie Fragen haben oder auf Hindernisse sto\u00dfen, wenden Sie sich bitte an unser Support-Team. Unsere Spezialisten sind bestrebt, alle Schwierigkeiten zu l\u00f6sen, die Sie m\u00f6glicherweise mit dem Plugin haben. <\/p><\/div>","protected":false},"excerpt":{"rendered":"","protected":false},"author":9,"featured_media":0,"parent":7440,"menu_order":0,"comment_status":"closed","ping_status":"closed","template":"templates\/template-application-platform.php","meta":{"publish_to_discourse":"","publish_post_category":"","wpdc_auto_publish_overridden":"","wpdc_topic_tags":"","wpdc_pin_topic":"","wpdc_pin_until":"","discourse_post_id":"","discourse_permalink":"","wpdc_publishing_response":"","wpdc_publishing_error":"","footnotes":""},"class_list":["post-10372","page","type-page","status-publish","hentry"],"yoast_head":"<!-- This site is optimized with the Yoast SEO plugin v25.3.1 - https:\/\/yoast.com\/wordpress\/plugins\/seo\/ -->\n<title>Integrieren Sie den Blogger Store Locator, um Ihren Standort auf der Karte anzuzeigen<\/title>\n<meta name=\"description\" content=\"Integrieren Sie den Store Locator in die Blogger-Website f\u00fcr ein besseres Einkaufserlebnis. Entdecken Sie die \u00fcbersichtliche Demo von Elfsight, um das leistungsstarke Widget zu erstellen.\" \/>\n<meta name=\"robots\" content=\"index, follow, max-snippet:-1, max-image-preview:large, max-video-preview:-1\" \/>\n<link rel=\"canonical\" href=\"https:\/\/elfsight.com\/de\/store-locator-widget\/blogger\/\" \/>\n<meta property=\"og:locale\" content=\"de_DE\" \/>\n<meta property=\"og:type\" content=\"article\" \/>\n<meta property=\"og:title\" content=\"Integrieren Sie den Blogger Store Locator, um Ihren Standort auf der Karte anzuzeigen\" \/>\n<meta property=\"og:description\" content=\"Integrieren Sie den Store Locator in die Blogger-Website f\u00fcr ein besseres Einkaufserlebnis. Entdecken Sie die \u00fcbersichtliche Demo von Elfsight, um das leistungsstarke Widget zu erstellen.\" \/>\n<meta property=\"og:url\" content=\"https:\/\/elfsight.com\/de\/store-locator-widget\/blogger\/\" \/>\n<meta property=\"og:site_name\" content=\"Elfsight DE\" \/>\n<meta property=\"article:modified_time\" content=\"2025-07-10T08:25:43+00:00\" \/>\n<meta name=\"twitter:card\" content=\"summary_large_image\" \/>\n<meta name=\"twitter:label1\" content=\"Gesch\u00e4tzte Lesezeit\" \/>\n\t<meta name=\"twitter:data1\" content=\"2\u00a0Minuten\" \/>\n<!-- \/ Yoast SEO plugin. -->","yoast_head_json":{"title":"Integrieren Sie den Blogger Store Locator, um Ihren Standort auf der Karte anzuzeigen","description":"Integrieren Sie den Store Locator in die Blogger-Website f\u00fcr ein besseres Einkaufserlebnis. Entdecken Sie die \u00fcbersichtliche Demo von Elfsight, um das leistungsstarke Widget zu erstellen.","robots":{"index":"index","follow":"follow","max-snippet":"max-snippet:-1","max-image-preview":"max-image-preview:large","max-video-preview":"max-video-preview:-1"},"canonical":"https:\/\/elfsight.com\/de\/store-locator-widget\/blogger\/","og_locale":"de_DE","og_type":"article","og_title":"Integrieren Sie den Blogger Store Locator, um Ihren Standort auf der Karte anzuzeigen","og_description":"Integrieren Sie den Store Locator in die Blogger-Website f\u00fcr ein besseres Einkaufserlebnis. Entdecken Sie die \u00fcbersichtliche Demo von Elfsight, um das leistungsstarke Widget zu erstellen.","og_url":"https:\/\/elfsight.com\/de\/store-locator-widget\/blogger\/","og_site_name":"Elfsight DE","article_modified_time":"2025-07-10T08:25:43+00:00","twitter_card":"summary_large_image","twitter_misc":{"Gesch\u00e4tzte Lesezeit":"2\u00a0Minuten"},"schema":{"@context":"https:\/\/schema.org","@graph":[{"@type":"WebPage","@id":"https:\/\/elfsight.com\/de\/store-locator-widget\/blogger\/","url":"https:\/\/elfsight.com\/de\/store-locator-widget\/blogger\/","name":"Integrieren Sie den Blogger Store Locator, um Ihren Standort auf der Karte anzuzeigen","isPartOf":{"@id":"https:\/\/elfsight.com\/de\/#website"},"datePublished":"1970-01-01T00:00:00+00:00","dateModified":"2025-07-10T08:25:43+00:00","description":"Integrieren Sie den Store Locator in die Blogger-Website f\u00fcr ein besseres Einkaufserlebnis. Entdecken Sie die \u00fcbersichtliche Demo von Elfsight, um das leistungsstarke Widget zu erstellen.","breadcrumb":{"@id":"https:\/\/elfsight.com\/de\/store-locator-widget\/blogger\/#breadcrumb"},"inLanguage":"de","potentialAction":[{"@type":"ReadAction","target":["https:\/\/elfsight.com\/de\/store-locator-widget\/blogger\/"]}]},{"@type":"BreadcrumbList","@id":"https:\/\/elfsight.com\/de\/store-locator-widget\/blogger\/#breadcrumb","itemListElement":[{"@type":"ListItem","position":1,"name":"Home","item":"https:\/\/elfsight.com\/de\/"},{"@type":"ListItem","position":2,"name":"Store Locator","item":"https:\/\/elfsight.com\/de\/store-locator-widget\/"},{"@type":"ListItem","position":3,"name":"Store Locator &#8211; Blogger"}]},{"@type":"WebSite","@id":"https:\/\/elfsight.com\/de\/#website","url":"https:\/\/elfsight.com\/de\/","name":"Elfsight DE","description":"Just another Elfsight Sites site","potentialAction":[{"@type":"SearchAction","target":{"@type":"EntryPoint","urlTemplate":"https:\/\/elfsight.com\/de\/?s={search_term_string}"},"query-input":{"@type":"PropertyValueSpecification","valueRequired":true,"valueName":"search_term_string"}}],"inLanguage":"de"}]}},"meta_box":{"industry":"","seo_heading":"","heading":"","description":"","cta_heading":"","cta_description":"","application":"7436","h1":"BigCommerce Store Locator-Widget","h1_caption":"Zeigen Sie eine Karte mit mehreren Filialstandorten an, damit Ihre Kunden auf Ihrer Blogger-Website m\u00fchelos den n\u00e4chstgelegenen Standort finden k\u00f6nnen.","application_category":[],"applications_title":"","applications_request_title":"","applications_request_button_text":"","hero_text":"","hero_video":"","hero_video_schema_markup":"","selling_points_title":"","selling_points_caption":"","selling_points":[],"selling_points_cta_text":"","features_title":"","features":"","ed_cta_examples_text":"","ed_cta_examples_hidden":"","ed_cta_demo_text":"","ed_cta_demo_hidden":"","why_caption":"","why_editor_title":"","why_editor_text":"","why_team_title":"","why_team_text":"","why_service_title":"","why_service_text":"","template_catalog_visible":"","template_catalog_title":"","template_catalog_text":"","template_catalog_categories_visible":"","demo_title":"Erstellen Sie Ihr Store Locator-Widget","demo_caption":"Konfigurieren Sie Ihren Store Locator und f\u00fcgen Sie ihn kostenlos zu Ihrer Blogger-Website hinzu!","default_faq_hidden":"","app_template_category":[],"platform":"262","template_public_id":"","codecanyon_url":"","codecanyon_item_id":"","codecanyon_price":"","pricing_caption":"","pricing_elfsight_apps_hide_column":"","pricing_elfsight_apps_url":"","pricing_codecanyon_price_caption":"","integration_category":[],"integration_request_title":"","integration_request_cta":"","integration_platform":"","integrations":[],"platform_category":[],"video_schema_markup":"","price":"ab 0 $ \/ Monat","trial":"","benefits":[{"text":"Unbegrenzte Websites"},{"text":"Engagierter Kundensupport"},{"text":"Kostenloser Installationsservice"},{"text":"Flexibles Design"}],"button_url":"#demo","button_target_blank":"","button_nofollow":"","attributes":[{"name":"Installiert","content":"10,000 - 100,000"},{"name":"Reaktionsfreudig","content":"Ja"},{"name":"Kompatible Browser","content":"Firefox, Safari, Opera, Chrome, Edge"}],"tags":[],"tags_disable_links":"","hide_more_platforms":"","video_object":"","demo_hide_cta":"","demo_hide_cloud_options":"","pricing_title":"","pricing":[{"pricing_icon":"platform","pricing_title":"Elfsight Apps","pricing_title_caption":"Plattform\u00fcbergreifende digitale L\u00f6sung","pricing_price":"ab 0 $ \/ Monat","pricing_price_caption":"Beginnen Sie mit einem kostenlosen Plan","pricing_benefits":[{"text":"Unbegrenzte Websites"},{"text":"Engagierter Kundensupport"},{"text":"Kostenloser Installationsservice"},{"text":"Flexibles Design"}],"pricing_button_text":"Zur Website hinzuf\u00fcgen","pricing_button_url":"#demo"}],"related_apps_title":"","related_apps_hidden":"","author":"","image":[],"title":"","job":"","social_networks":[]},"_links":{"self":[{"href":"https:\/\/elfsight.com\/de\/wp-json\/wp\/v2\/pages\/10372","targetHints":{"allow":["GET"]}}],"collection":[{"href":"https:\/\/elfsight.com\/de\/wp-json\/wp\/v2\/pages"}],"about":[{"href":"https:\/\/elfsight.com\/de\/wp-json\/wp\/v2\/types\/page"}],"author":[{"embeddable":true,"href":"https:\/\/elfsight.com\/de\/wp-json\/wp\/v2\/users\/9"}],"replies":[{"embeddable":true,"href":"https:\/\/elfsight.com\/de\/wp-json\/wp\/v2\/comments?post=10372"}],"version-history":[{"count":1,"href":"https:\/\/elfsight.com\/de\/wp-json\/wp\/v2\/pages\/10372\/revisions"}],"predecessor-version":[{"id":10376,"href":"https:\/\/elfsight.com\/de\/wp-json\/wp\/v2\/pages\/10372\/revisions\/10376"}],"up":[{"embeddable":true,"href":"https:\/\/elfsight.com\/de\/wp-json\/wp\/v2\/pages\/7440"}],"wp:attachment":[{"href":"https:\/\/elfsight.com\/de\/wp-json\/wp\/v2\/media?parent=10372"}],"curies":[{"name":"wp","href":"https:\/\/api.w.org\/{rel}","templated":true}]}}