{"id":10370,"date":"1970-01-01T00:00:00","date_gmt":"1970-01-01T00:00:00","guid":{"rendered":"https:\/\/elfsight.com\/de\/?page_id=10370"},"modified":"2025-07-10T08:25:38","modified_gmt":"2025-07-10T08:25:38","slug":"bigcommerce","status":"publish","type":"page","link":"https:\/\/elfsight.com\/de\/store-locator-widget\/bigcommerce\/","title":{"rendered":"Store Locator &#8211; BigCommerce"},"content":{"rendered":"<div class=\"application-platform-content-item-description application-platform-content-item\" id=\"description\" data-nav-section=\"description\"> <h2>Einbetten des Store Locator in BigCommerce mit einer Elfsight-App<\/h2> <p>Der Elfsight Store Locator f\u00fcr BigCommerce ist ein leistungsstarkes und flexibles Widget um die Benutzerfreundlichkeit und Kundenbindung Ihrer Website zu verbessern, indem Sie es Ihren Kunden einfacher denn je machen, den Weg zu Ihrer Gesch\u00e4ftsadresse zu finden. Mit einer Reihe hilfreicher Funktionen, die auf Zweckm\u00e4\u00dfigkeit und Leistung ausgelegt sind, ist dieses Widget Ihre beste L\u00f6sung, um Ihre physischen Ladenstandorte klar und bequem darzustellen. F\u00fcgen Sie es jetzt hinzu und bemerken Sie, wie es Ihre Website in einen wunderbaren Filialfinder verwandelt!<\/p> <p>Durch die Einbettung des Widgets erh\u00f6hen Sie Ihre Glaubw\u00fcrdigkeit bei Ihren Kunden, indem Sie detaillierte Informationen \u00fcber die physischen Standorte Ihres Unternehmens bereitstellen und so jeden Ihrer Kunden beruhigen solide Pr\u00e4senz. Dies k\u00f6nnte zu einer schnelleren Entscheidungsfindung und einem verbesserten Kauferlebnis bei den Besuchern f\u00fchren. <\/p><p><b>Profitieren Sie von dem hervorragenden Filialfinder zur Darstellung Ihres Standorts und aussagekr\u00e4ftiger Unternehmensdaten. Zeigen Sie Ihre physische Adresse und die erforderlichen Informationen an, um mehr Besucher im Gesch\u00e4ft anzulocken. <\/b><\/p><\/div> <div class=\"application-platform-content-item-features application-platform-content-item\" id=\"features\" data-nav-section=\"features\"> <h2>Hier sind zentrale Funktionen des Widgets:<\/h2> <ul><li>M\u00fchelose Adressauswahl<\/li><li>Interaktive Karteneigenschaften<\/li><li>Standort-CTA-Schaltfl\u00e4chen mit Integrationen aktiviert<\/li><li>Detailliertes Standort-Popup beim Klicken auf die Markierung<\/li><li>Standort-Bedienzeit &amp; aktueller Stand<\/li><\/ul><p><a href=\"#demo\">Hier k\u00f6nnen Sie in der Demo den vollen Funktionsumfang des Widgets testen<\/a><\/p><\/div> <div class=\"application-platform-content-item-installation application-platform-content-item\" id=\"installation\" data-nav-section=\"installation\"> <h2>Wie kann ich Store Locator in meine BigCommerce-Seiten einbetten?<\/h2> <p>Befolgen Sie einfach die nachstehenden Anweisungen, um das Plugin einzuf\u00fcgen. <\/p> <ol><li><b>Starten Sie unseren kostenlosen Konfigurator und beginnen Sie mit der Gestaltung Ihres individuellen Widgets. <\/b><br> W\u00e4hlen Sie die bevorzugte Form und Aspekte des Widgets und wenden Sie die Korrekturen an. <\/li> <li><b>Sie erhalten den eindeutigen Code, der im Feld von Elfsight Apps angezeigt wird. <\/b><br> Kopieren Sie direkt nach der Erstellung Ihres pers\u00f6nlichen Widgets den pers\u00f6nlichen Code aus dem erscheinenden Popup und speichern Sie ihn zur sp\u00e4teren Verwendung. <\/li> <li><b>Beginnen Sie mit der Verwendung des Plugins auf der BigCommerce-Website. <\/b><br> F\u00fcgen Sie den Code, den Sie k\u00fcrzlich kopiert haben, in Ihre Website ein und \u00fcbernehmen Sie die Anpassungen. <\/li> <li><b>Das Setup wurde erfolgreich durchgef\u00fchrt. <\/b><br> Gehen Sie auf Ihre Webseite, um die Funktionsweise des Plugins zu \u00fcberpr\u00fcfen. <\/li><\/ol> <p>Wenn Sie auf Schwierigkeiten sto\u00dfen, z\u00f6gern Sie nicht, sich an unser Kundendienstteam zu wenden. Unsere Mitarbeiter sind bestrebt, alle Fragen zu beantworten, die Sie m\u00f6glicherweise zu dem Produkt haben. <\/p> <\/div>","protected":false},"excerpt":{"rendered":"","protected":false},"author":9,"featured_media":0,"parent":7440,"menu_order":0,"comment_status":"closed","ping_status":"closed","template":"templates\/template-application-platform.php","meta":{"publish_to_discourse":"","publish_post_category":"","wpdc_auto_publish_overridden":"","wpdc_topic_tags":"","wpdc_pin_topic":"","wpdc_pin_until":"","discourse_post_id":"","discourse_permalink":"","wpdc_publishing_response":"","wpdc_publishing_error":"","footnotes":""},"class_list":["post-10370","page","type-page","status-publish","hentry"],"yoast_head":"<!-- This site is optimized with the Yoast SEO plugin v25.3.1 - https:\/\/yoast.com\/wordpress\/plugins\/seo\/ -->\n<title>BigCommerce Store Locator hinzuf\u00fcgen \u2013 No-Code-Shop-Indikator einbetten<\/title>\n<meta name=\"description\" content=\"Integrieren Sie den benutzerfreundlichen Store Locator in die BigCommerce-Website, um die Glaubw\u00fcrdigkeit zu steigern. Entdecken Sie die praktische Demo von Elfsight, um schnell Widgets zu erstellen.\" \/>\n<meta name=\"robots\" content=\"index, follow, max-snippet:-1, max-image-preview:large, max-video-preview:-1\" \/>\n<link rel=\"canonical\" href=\"https:\/\/elfsight.com\/de\/store-locator-widget\/bigcommerce\/\" \/>\n<meta property=\"og:locale\" content=\"de_DE\" \/>\n<meta property=\"og:type\" content=\"article\" \/>\n<meta property=\"og:title\" content=\"BigCommerce Store Locator hinzuf\u00fcgen \u2013 No-Code-Shop-Indikator einbetten\" \/>\n<meta property=\"og:description\" content=\"Integrieren Sie den benutzerfreundlichen Store Locator in die BigCommerce-Website, um die Glaubw\u00fcrdigkeit zu steigern. Entdecken Sie die praktische Demo von Elfsight, um schnell Widgets zu erstellen.\" \/>\n<meta property=\"og:url\" content=\"https:\/\/elfsight.com\/de\/store-locator-widget\/bigcommerce\/\" \/>\n<meta property=\"og:site_name\" content=\"Elfsight DE\" \/>\n<meta property=\"article:modified_time\" content=\"2025-07-10T08:25:38+00:00\" \/>\n<meta name=\"twitter:card\" content=\"summary_large_image\" \/>\n<meta name=\"twitter:label1\" content=\"Gesch\u00e4tzte Lesezeit\" \/>\n\t<meta name=\"twitter:data1\" content=\"2\u00a0Minuten\" \/>\n<!-- \/ Yoast SEO plugin. -->","yoast_head_json":{"title":"BigCommerce Store Locator hinzuf\u00fcgen \u2013 No-Code-Shop-Indikator einbetten","description":"Integrieren Sie den benutzerfreundlichen Store Locator in die BigCommerce-Website, um die Glaubw\u00fcrdigkeit zu steigern. Entdecken Sie die praktische Demo von Elfsight, um schnell Widgets zu erstellen.","robots":{"index":"index","follow":"follow","max-snippet":"max-snippet:-1","max-image-preview":"max-image-preview:large","max-video-preview":"max-video-preview:-1"},"canonical":"https:\/\/elfsight.com\/de\/store-locator-widget\/bigcommerce\/","og_locale":"de_DE","og_type":"article","og_title":"BigCommerce Store Locator hinzuf\u00fcgen \u2013 No-Code-Shop-Indikator einbetten","og_description":"Integrieren Sie den benutzerfreundlichen Store Locator in die BigCommerce-Website, um die Glaubw\u00fcrdigkeit zu steigern. Entdecken Sie die praktische Demo von Elfsight, um schnell Widgets zu erstellen.","og_url":"https:\/\/elfsight.com\/de\/store-locator-widget\/bigcommerce\/","og_site_name":"Elfsight DE","article_modified_time":"2025-07-10T08:25:38+00:00","twitter_card":"summary_large_image","twitter_misc":{"Gesch\u00e4tzte Lesezeit":"2\u00a0Minuten"},"schema":{"@context":"https:\/\/schema.org","@graph":[{"@type":"WebPage","@id":"https:\/\/elfsight.com\/de\/store-locator-widget\/bigcommerce\/","url":"https:\/\/elfsight.com\/de\/store-locator-widget\/bigcommerce\/","name":"BigCommerce Store Locator hinzuf\u00fcgen \u2013 No-Code-Shop-Indikator einbetten","isPartOf":{"@id":"https:\/\/elfsight.com\/de\/#website"},"datePublished":"1970-01-01T00:00:00+00:00","dateModified":"2025-07-10T08:25:38+00:00","description":"Integrieren Sie den benutzerfreundlichen Store Locator in die BigCommerce-Website, um die Glaubw\u00fcrdigkeit zu steigern. Entdecken Sie die praktische Demo von Elfsight, um schnell Widgets zu erstellen.","breadcrumb":{"@id":"https:\/\/elfsight.com\/de\/store-locator-widget\/bigcommerce\/#breadcrumb"},"inLanguage":"de","potentialAction":[{"@type":"ReadAction","target":["https:\/\/elfsight.com\/de\/store-locator-widget\/bigcommerce\/"]}]},{"@type":"BreadcrumbList","@id":"https:\/\/elfsight.com\/de\/store-locator-widget\/bigcommerce\/#breadcrumb","itemListElement":[{"@type":"ListItem","position":1,"name":"Home","item":"https:\/\/elfsight.com\/de\/"},{"@type":"ListItem","position":2,"name":"Store Locator","item":"https:\/\/elfsight.com\/de\/store-locator-widget\/"},{"@type":"ListItem","position":3,"name":"Store Locator &#8211; BigCommerce"}]},{"@type":"WebSite","@id":"https:\/\/elfsight.com\/de\/#website","url":"https:\/\/elfsight.com\/de\/","name":"Elfsight DE","description":"Just another Elfsight Sites site","potentialAction":[{"@type":"SearchAction","target":{"@type":"EntryPoint","urlTemplate":"https:\/\/elfsight.com\/de\/?s={search_term_string}"},"query-input":{"@type":"PropertyValueSpecification","valueRequired":true,"valueName":"search_term_string"}}],"inLanguage":"de"}]}},"meta_box":{"industry":"","seo_heading":"","heading":"","description":"","cta_heading":"","cta_description":"","application":"7436","h1":"BigCommerce Store Locator-App","h1_caption":"Zeigen Sie eine Karte mit mehreren Filialstandorten an, damit Ihre Kunden auf Ihrer BigCommerce-Website m\u00fchelos den n\u00e4chstgelegenen Standort finden k\u00f6nnen.","application_category":[],"applications_title":"","applications_request_title":"","applications_request_button_text":"","hero_text":"","hero_video":"","hero_video_schema_markup":"","selling_points_title":"","selling_points_caption":"","selling_points":[],"selling_points_cta_text":"","features_title":"","features":"","ed_cta_examples_text":"","ed_cta_examples_hidden":"","ed_cta_demo_text":"","ed_cta_demo_hidden":"","why_caption":"","why_editor_title":"","why_editor_text":"","why_team_title":"","why_team_text":"","why_service_title":"","why_service_text":"","template_catalog_visible":"","template_catalog_title":"","template_catalog_text":"","template_catalog_categories_visible":"","demo_title":"Erstellen Sie Ihre Store Locator-App","demo_caption":"Konfigurieren Sie Ihren Store Locator und f\u00fcgen Sie ihn kostenlos zu Ihrer BigCommerce-Website hinzu!","default_faq_hidden":"","app_template_category":[],"platform":"268","template_public_id":"","codecanyon_url":"","codecanyon_item_id":"","codecanyon_price":"","pricing_caption":"","pricing_elfsight_apps_hide_column":"","pricing_elfsight_apps_url":"","pricing_codecanyon_price_caption":"","integration_category":[],"integration_request_title":"","integration_request_cta":"","integration_platform":"","integrations":[],"platform_category":[],"video_schema_markup":"","price":"ab 0 $ \/ Monat","trial":"","benefits":[{"text":"Kostenlose Installationsunterst\u00fctzung"},{"text":"Premium-Support"},{"text":"14-t\u00e4gige Geld-zur\u00fcck-Garantie"},{"text":"Lebenslange Updates"}],"button_url":"#demo","button_target_blank":"","button_nofollow":"","attributes":[{"name":"Installiert","content":"10,000 - 100,000"},{"name":"Reaktionsfreudig","content":"Ja"},{"name":"Kompatible Browser","content":"Firefox, Safari, Opera, Chrome, Edge"}],"tags":[],"tags_disable_links":"","hide_more_platforms":"","video_object":"","demo_hide_cta":"","demo_hide_cloud_options":"","pricing_title":"","pricing":[{"pricing_icon":"platform","pricing_title":"Elfsight Apps","pricing_title_caption":"Multiplattform-Version, die auf jeder Website funktioniert","pricing_price":"ab 0 $ \/ Monat","pricing_price_caption":"Beginnen Sie mit einem kostenlosen Plan","pricing_benefits":[{"text":"Unbegrenzte Websites"},{"text":"Erstklassiger und p\u00fcnktlicher Support"},{"text":"Kostenlose Installationshilfe"},{"text":"Flexibles Design"}],"pricing_button_text":"Zur Website hinzuf\u00fcgen","pricing_button_url":"#demo"}],"related_apps_title":"","related_apps_hidden":"","author":"","image":[],"title":"","job":"","social_networks":[]},"_links":{"self":[{"href":"https:\/\/elfsight.com\/de\/wp-json\/wp\/v2\/pages\/10370","targetHints":{"allow":["GET"]}}],"collection":[{"href":"https:\/\/elfsight.com\/de\/wp-json\/wp\/v2\/pages"}],"about":[{"href":"https:\/\/elfsight.com\/de\/wp-json\/wp\/v2\/types\/page"}],"author":[{"embeddable":true,"href":"https:\/\/elfsight.com\/de\/wp-json\/wp\/v2\/users\/9"}],"replies":[{"embeddable":true,"href":"https:\/\/elfsight.com\/de\/wp-json\/wp\/v2\/comments?post=10370"}],"version-history":[{"count":1,"href":"https:\/\/elfsight.com\/de\/wp-json\/wp\/v2\/pages\/10370\/revisions"}],"predecessor-version":[{"id":10374,"href":"https:\/\/elfsight.com\/de\/wp-json\/wp\/v2\/pages\/10370\/revisions\/10374"}],"up":[{"embeddable":true,"href":"https:\/\/elfsight.com\/de\/wp-json\/wp\/v2\/pages\/7440"}],"wp:attachment":[{"href":"https:\/\/elfsight.com\/de\/wp-json\/wp\/v2\/media?parent=10370"}],"curies":[{"name":"wp","href":"https:\/\/api.w.org\/{rel}","templated":true}]}}