{"id":10364,"date":"1970-01-01T00:00:00","date_gmt":"1970-01-01T00:00:00","guid":{"rendered":"https:\/\/elfsight.com\/de\/?page_id=10364"},"modified":"2025-07-10T08:25:54","modified_gmt":"2025-07-10T08:25:54","slug":"elementor","status":"publish","type":"page","link":"https:\/\/elfsight.com\/de\/store-locator-widget\/elementor\/","title":{"rendered":"Store Locator &#8211; Elementor"},"content":{"rendered":"<div class=\"application-platform-content-item-description application-platform-content-item\" id=\"description\" data-nav-section=\"description\"> <h2>Store Locator mit einem Elfsight-Widget in Elementor einbetten<\/h2> <p>Der Elfsight Store Locator f\u00fcr Elementor ist ein lebendiges und flexibles Widget um den Nutzen Ihrer Website und die Kundenbindung zu steigern, indem Sie Ihren Kunden das Auffinden Ihrer Gesch\u00e4fte einfacher denn je machen. Mit einer Reihe gro\u00dfartiger Funktionen, die auf Nutzen und Leistung zugeschnitten sind, ist dieses Widget Ihre beste L\u00f6sung, um die Standorte Ihrer physischen Gesch\u00e4fte auf verst\u00e4ndliche und benutzerfreundliche Weise anzuzeigen. Probieren Sie es jetzt aus und bemerken Sie, wie es Ihre Website in einen n\u00fctzlichen Filialfinder verwandelt!<\/p> <p>Durch das Hinzuf\u00fcgen des Widgets erh\u00f6hen Sie Ihre Vertrauensw\u00fcrdigkeit bei den Besuchern, indem Sie detaillierte Informationen zu den physischen Standorten Ihres Unternehmens bereitstellen und so alle Ihre Filialen beruhigen Gegenwart. Dies f\u00fchrt zu einer schnelleren Entscheidungsfindung und einem soliden Kauferlebnis bei den Besuchern. <\/p><p><b>F\u00fcgen Sie den brillanten Filialfinder hinzu, um Ihren Standort und hilfreiche Unternehmensdaten anzuzeigen. Heben Sie Ihre physische Adresse und relevante Informationen hervor, um zus\u00e4tzliche Kunden im Gesch\u00e4ft zu gewinnen. <\/b><\/p><\/div> <div class=\"application-platform-content-item-features application-platform-content-item\" id=\"features\" data-nav-section=\"features\"> <h2>Hier finden Sie die zentralen Funktionen des Widgets:<\/h2> <ul><li>Dynamische Adressauswahl<\/li><li>Hilfreiche Karteneigenschaften<\/li><li>Standort-Aktionsschaltfl\u00e4chen mit Integrationen <\/li><li>Detailliertes Standort-Popup bei Markierungsauswahl<\/li><li>Standort-Gesch\u00e4ftszeit &amp; Offener Status<\/li><\/ul><p><a href=\"#demo\">Sie k\u00f6nnen anhand der Demo \u00fcberpr\u00fcfen, was das Widget wert ist<\/a><\/p><\/div> <div class=\"application-platform-content-item- Installation application-platform-content-item\" id=\" Installation\" data-nav-section=\" Installation\"> <h2>Wie bette ich Store Locator in meine Elementor-Webseite ein?<\/h2> <p>Befolgen Sie einfach die folgenden Richtlinien, um das Plugin zu integrieren. <\/p> <ol><li><b>Starten Sie unsere kostenlose Demo und beginnen Sie mit der Entwicklung Ihres eigenen Instruments. <\/b><br> Legen Sie die passende Form und Optionen des Tools fest und nehmen Sie die Korrekturen vor. <\/li> <li><b>Holen Sie sich Ihren individuellen Code, der im Fenster von Elfsight Apps angezeigt wird. <\/b><br> Sobald die Einrichtung Ihres pers\u00f6nlichen Widgets abgeschlossen ist, kopieren Sie den exklusiven Code im erscheinenden Fenster und speichern Sie ihn f\u00fcr die zuk\u00fcnftige Verwendung. <\/li> <li><b>Geben Sie die Verwendung des Tools auf Ihrer Elementor-Site ein. <\/b><br> F\u00fcgen Sie den zuvor kopierten Code auf Ihrer Seite hinzu und speichern Sie die \u00c4nderungen. <\/li> <li><b>Du bist fertig! Die Einbettung ist erfolgreich abgeschlossen. <\/b><br> Gehen Sie zu Ihrer Seite, um die Leistung des Widgets zu \u00fcberpr\u00fcfen. <\/li><\/ol> <p>Wenn Sie Fragen haben oder auf Komplikationen sto\u00dfen, wenden Sie sich bitte an unseren Kundendienst. Unsere Berater werden sich freuen, alle Probleme zu l\u00f6sen, die Sie mit dem Produkt haben k\u00f6nnten. <\/p><\/div>","protected":false},"excerpt":{"rendered":"","protected":false},"author":9,"featured_media":0,"parent":7440,"menu_order":0,"comment_status":"closed","ping_status":"closed","template":"templates\/template-application-platform.php","meta":{"publish_to_discourse":"","publish_post_category":"","wpdc_auto_publish_overridden":"","wpdc_topic_tags":"","wpdc_pin_topic":"","wpdc_pin_until":"","discourse_post_id":"","discourse_permalink":"","wpdc_publishing_response":"","wpdc_publishing_error":"","footnotes":""},"class_list":["post-10364","page","type-page","status-publish","hentry"],"yoast_head":"<!-- This site is optimized with the Yoast SEO plugin v25.3.1 - https:\/\/yoast.com\/wordpress\/plugins\/seo\/ -->\n<title>F\u00fcgen Sie Store Locator zu Elementor hinzu \u2013 binden Sie mehr Kunden im Gesch\u00e4ft ein<\/title>\n<meta name=\"description\" content=\"Integrieren Sie den n\u00fctzlichen Store Locator in Ihre Elementor-Website. Profitieren Sie von der unkomplizierten Demo von Elfsight, um das leistungsstarke Widget zu erstellen.\" \/>\n<meta name=\"robots\" content=\"index, follow, max-snippet:-1, max-image-preview:large, max-video-preview:-1\" \/>\n<link rel=\"canonical\" href=\"https:\/\/elfsight.com\/de\/store-locator-widget\/elementor\/\" \/>\n<meta property=\"og:locale\" content=\"de_DE\" \/>\n<meta property=\"og:type\" content=\"article\" \/>\n<meta property=\"og:title\" content=\"F\u00fcgen Sie Store Locator zu Elementor hinzu \u2013 binden Sie mehr Kunden im Gesch\u00e4ft ein\" \/>\n<meta property=\"og:description\" content=\"Integrieren Sie den n\u00fctzlichen Store Locator in Ihre Elementor-Website. Profitieren Sie von der unkomplizierten Demo von Elfsight, um das leistungsstarke Widget zu erstellen.\" \/>\n<meta property=\"og:url\" content=\"https:\/\/elfsight.com\/de\/store-locator-widget\/elementor\/\" \/>\n<meta property=\"og:site_name\" content=\"Elfsight DE\" \/>\n<meta property=\"article:modified_time\" content=\"2025-07-10T08:25:54+00:00\" \/>\n<meta name=\"twitter:card\" content=\"summary_large_image\" \/>\n<meta name=\"twitter:label1\" content=\"Gesch\u00e4tzte Lesezeit\" \/>\n\t<meta name=\"twitter:data1\" content=\"2\u00a0Minuten\" \/>\n<!-- \/ Yoast SEO plugin. -->","yoast_head_json":{"title":"F\u00fcgen Sie Store Locator zu Elementor hinzu \u2013 binden Sie mehr Kunden im Gesch\u00e4ft ein","description":"Integrieren Sie den n\u00fctzlichen Store Locator in Ihre Elementor-Website. Profitieren Sie von der unkomplizierten Demo von Elfsight, um das leistungsstarke Widget zu erstellen.","robots":{"index":"index","follow":"follow","max-snippet":"max-snippet:-1","max-image-preview":"max-image-preview:large","max-video-preview":"max-video-preview:-1"},"canonical":"https:\/\/elfsight.com\/de\/store-locator-widget\/elementor\/","og_locale":"de_DE","og_type":"article","og_title":"F\u00fcgen Sie Store Locator zu Elementor hinzu \u2013 binden Sie mehr Kunden im Gesch\u00e4ft ein","og_description":"Integrieren Sie den n\u00fctzlichen Store Locator in Ihre Elementor-Website. Profitieren Sie von der unkomplizierten Demo von Elfsight, um das leistungsstarke Widget zu erstellen.","og_url":"https:\/\/elfsight.com\/de\/store-locator-widget\/elementor\/","og_site_name":"Elfsight DE","article_modified_time":"2025-07-10T08:25:54+00:00","twitter_card":"summary_large_image","twitter_misc":{"Gesch\u00e4tzte Lesezeit":"2\u00a0Minuten"},"schema":{"@context":"https:\/\/schema.org","@graph":[{"@type":"WebPage","@id":"https:\/\/elfsight.com\/de\/store-locator-widget\/elementor\/","url":"https:\/\/elfsight.com\/de\/store-locator-widget\/elementor\/","name":"F\u00fcgen Sie Store Locator zu Elementor hinzu \u2013 binden Sie mehr Kunden im Gesch\u00e4ft ein","isPartOf":{"@id":"https:\/\/elfsight.com\/de\/#website"},"datePublished":"1970-01-01T00:00:00+00:00","dateModified":"2025-07-10T08:25:54+00:00","description":"Integrieren Sie den n\u00fctzlichen Store Locator in Ihre Elementor-Website. Profitieren Sie von der unkomplizierten Demo von Elfsight, um das leistungsstarke Widget zu erstellen.","breadcrumb":{"@id":"https:\/\/elfsight.com\/de\/store-locator-widget\/elementor\/#breadcrumb"},"inLanguage":"de","potentialAction":[{"@type":"ReadAction","target":["https:\/\/elfsight.com\/de\/store-locator-widget\/elementor\/"]}]},{"@type":"BreadcrumbList","@id":"https:\/\/elfsight.com\/de\/store-locator-widget\/elementor\/#breadcrumb","itemListElement":[{"@type":"ListItem","position":1,"name":"Home","item":"https:\/\/elfsight.com\/de\/"},{"@type":"ListItem","position":2,"name":"Store Locator","item":"https:\/\/elfsight.com\/de\/store-locator-widget\/"},{"@type":"ListItem","position":3,"name":"Store Locator &#8211; Elementor"}]},{"@type":"WebSite","@id":"https:\/\/elfsight.com\/de\/#website","url":"https:\/\/elfsight.com\/de\/","name":"Elfsight DE","description":"Just another Elfsight Sites site","potentialAction":[{"@type":"SearchAction","target":{"@type":"EntryPoint","urlTemplate":"https:\/\/elfsight.com\/de\/?s={search_term_string}"},"query-input":{"@type":"PropertyValueSpecification","valueRequired":true,"valueName":"search_term_string"}}],"inLanguage":"de"}]}},"meta_box":{"industry":"","seo_heading":"","heading":"","description":"","cta_heading":"","cta_description":"","application":"7436","h1":"Elementor Store Locator-Widget","h1_caption":"Zeigen Sie eine Karte mit mehreren Filialstandorten an, damit Ihre Kunden m\u00fchelos den n\u00e4chstgelegenen Standort auf Ihrer Elementor-Website finden k\u00f6nnen.","application_category":[],"applications_title":"","applications_request_title":"","applications_request_button_text":"","hero_text":"","hero_video":"","hero_video_schema_markup":"","selling_points_title":"","selling_points_caption":"","selling_points":[],"selling_points_cta_text":"","features_title":"","features":"","ed_cta_examples_text":"","ed_cta_examples_hidden":"","ed_cta_demo_text":"","ed_cta_demo_hidden":"","why_caption":"","why_editor_title":"","why_editor_text":"","why_team_title":"","why_team_text":"","why_service_title":"","why_service_text":"","template_catalog_visible":"","template_catalog_title":"","template_catalog_text":"","template_catalog_categories_visible":"","demo_title":"Erstellen Sie Ihr Store Locator-Widget","demo_caption":"Konfigurieren Sie Ihren Store Locator und f\u00fcgen Sie ihn kostenlos zu Ihrer Elementor-Website hinzu!","default_faq_hidden":"","app_template_category":[],"platform":"223","template_public_id":"","codecanyon_url":"","codecanyon_item_id":"","codecanyon_price":"","pricing_caption":"","pricing_elfsight_apps_hide_column":"","pricing_elfsight_apps_url":"","pricing_codecanyon_price_caption":"","integration_category":[],"integration_request_title":"","integration_request_cta":"","integration_platform":"","integrations":[],"platform_category":[],"video_schema_markup":"","price":"ab 0 $ \/ Monat","trial":"","benefits":[{"text":"Kostenlose Installationsunterst\u00fctzung"},{"text":"Effektiver Kundenservice"},{"text":"14-t\u00e4gige Geld-zur\u00fcck-Garantie"},{"text":"Kontinuierliche Updates"}],"button_url":"#demo","button_target_blank":"","button_nofollow":"","attributes":[{"name":"Installiert","content":"10,000 - 100,000"},{"name":"Reaktionsfreudig","content":"Ja"},{"name":"Kompatible Browser","content":"Firefox, Safari, Opera, Chrome, Edge"}],"tags":[],"tags_disable_links":"","hide_more_platforms":"","video_object":"","demo_hide_cta":"","demo_hide_cloud_options":"","pricing_title":"","pricing":[{"pricing_icon":"platform","pricing_title":"Elfsight Apps","pricing_title_caption":"Plattform\u00fcbergreifende L\u00f6sung","pricing_price":"ab 0 $ \/ Monat","pricing_price_caption":"Beginnen Sie mit einem kostenlosen Plan","pricing_benefits":[{"text":"Unbegrenzte Nutzung \u00fcber mehrere Domains hinweg"},{"text":"Kostenloser 24\/7-Support"},{"text":"Kostenlose Installations- und Einrichtungsunterst\u00fctzung"},{"text":"Vollst\u00e4ndig anpassbar an Ihre Bed\u00fcrfnisse"}],"pricing_button_text":"Zur Website hinzuf\u00fcgen","pricing_button_url":"#demo"}],"related_apps_title":"","related_apps_hidden":"","author":"","image":[],"title":"","job":"","social_networks":[]},"_links":{"self":[{"href":"https:\/\/elfsight.com\/de\/wp-json\/wp\/v2\/pages\/10364","targetHints":{"allow":["GET"]}}],"collection":[{"href":"https:\/\/elfsight.com\/de\/wp-json\/wp\/v2\/pages"}],"about":[{"href":"https:\/\/elfsight.com\/de\/wp-json\/wp\/v2\/types\/page"}],"author":[{"embeddable":true,"href":"https:\/\/elfsight.com\/de\/wp-json\/wp\/v2\/users\/9"}],"replies":[{"embeddable":true,"href":"https:\/\/elfsight.com\/de\/wp-json\/wp\/v2\/comments?post=10364"}],"version-history":[{"count":1,"href":"https:\/\/elfsight.com\/de\/wp-json\/wp\/v2\/pages\/10364\/revisions"}],"predecessor-version":[{"id":10368,"href":"https:\/\/elfsight.com\/de\/wp-json\/wp\/v2\/pages\/10364\/revisions\/10368"}],"up":[{"embeddable":true,"href":"https:\/\/elfsight.com\/de\/wp-json\/wp\/v2\/pages\/7440"}],"wp:attachment":[{"href":"https:\/\/elfsight.com\/de\/wp-json\/wp\/v2\/media?parent=10364"}],"curies":[{"name":"wp","href":"https:\/\/api.w.org\/{rel}","templated":true}]}}