{"id":10363,"date":"1970-01-01T00:00:00","date_gmt":"1970-01-01T00:00:00","guid":{"rendered":"https:\/\/elfsight.com\/de\/?page_id=10363"},"modified":"2024-11-07T15:01:00","modified_gmt":"2024-11-07T15:01:00","slug":"facebook-page","status":"publish","type":"page","link":"https:\/\/elfsight.com\/de\/store-locator-widget\/facebook-page\/","title":{"rendered":"Store Locator &#8211; Facebook Page"},"content":{"rendered":"<div class=\"application-platform-content-item-description application-platform-content-item\" id=\"description\" data-nav-section=\"description\"> <h2>Store Locator mit einem Elfsight-Widget in Facebook-Seite einbetten<\/h2> <p>Der Elfsight Store Locator f\u00fcr Facebook-Seite ist lebendig und anpassbar Widget, das entwickelt wurde, um den Nutzen Ihrer Website und die Kundenbindung zu steigern, indem es Ihren Kunden den Besuch Ihres Standorts einfacher denn je macht. Mit einer Reihe hilfreicher Funktionen f\u00fcr Nutzen und Leistung ist dieses Widget Ihre perfekte L\u00f6sung f\u00fcr die interaktive und bequeme Bekanntgabe Ihrer physischen Ladenstandorte. F\u00fcgen Sie es jetzt hinzu und erleben Sie, wie es Ihre Website in einen n\u00fctzlichen Store-Finder verwandelt! <\/p> <p>Durch die Integration des Widgets steigern Sie Ihre Glaubw\u00fcrdigkeit bei Ihren Kunden, indem Sie detaillierte Informationen \u00fcber die physischen Standorte Ihres Unternehmens weitergeben und ihnen so die Gewissheit geben, dass Sie tats\u00e4chlich pr\u00e4sent sind. Dies k\u00f6nnte zu einer schnelleren Entscheidungsfindung und einem soliden Kauferlebnis bei den Kunden f\u00fchren. <\/p><p><b>Profitieren Sie vom hervorragenden Filialfinder, der Ihren Standort und hilfreiche Unternehmensdetails anzeigt. Geben Sie Ihre echte Adresse und relevante Informationen an, um zus\u00e4tzliche Besucher im Gesch\u00e4ft zu gewinnen. <\/b><\/p><\/div> <div class=\"application-platform-content-item-features application-platform-content-item\" id=\"features\" data-nav-section=\"features\"> <h2>Liste der n\u00fctzlichsten Funktionen anzeigen:<\/h2> <ul><li>Standortauswahl l\u00f6schen<\/li><li>Benutzerorientierte Karteneigenschaften<\/li><li>Standort-Interaktionsschaltfl\u00e4chen mit Integrationen <\/li><li>Detailliertes Standort-Popup bei Klick auf die Markierung<\/li><li>Standort-Betriebszeiten &amp; Aktivit\u00e4tsstatus<\/li><\/ul><p><a href=\"#demo\">Untersuchen Sie alle Einstellungen in der Demo mit vollem Funktionsumfang<\/a><\/p> <\/div> <div class=\"application-platform-content-item-installation application-platform-content-item\" id=\"installation\" data-nav-section=\"installation\"> <h2>Wie kann ich Store Locator in meine Facebook-Seite integrieren?<\/h2> <p>Erf\u00fcllen Sie einfach die folgenden Richtlinien, um mit der Verwendung des Plugins zu beginnen. <\/p> <ol><li><b>\u00d6ffnen Sie unseren kostenlosen Konfigurator und beginnen Sie mit der Gestaltung Ihres pers\u00f6nlichen Instruments. <\/b><br> Geben Sie das benutzerdefinierte Layout und die Optionen des Widgets an und wenden Sie die Korrekturen an. <\/li> <li><b>Kopieren Sie den pers\u00f6nlichen Code, der im Feld von Elfsight Apps angezeigt wird. <\/b><br> Wenn die Generierung Ihres Plugins abgeschlossen ist, kopieren Sie den pers\u00f6nlichen Code im angezeigten Fenster und bewahren Sie ihn f\u00fcr die sp\u00e4tere Verwendung auf. <\/li> <li><b>Beginnen Sie mit der Anwendung des Tools auf Ihrer Facebook-Seite. <\/b><br> F\u00fcgen Sie den Code, den Sie zuvor kopiert haben, in Ihre Homepage ein und \u00fcbernehmen Sie die Anpassungen. <\/li> <li><b>Du bist fertig! Die Einbettung ist vollst\u00e4ndig durchgef\u00fchrt. <\/b><br> Gehen Sie zu Ihrer Seite, um die Leistung des Widgets zu sehen. <\/li><\/ol> <p>Bei Fragen oder Problemen wenden Sie sich bitte an unseren Kundenservice. Unsere Berater werden sich freuen, alle Probleme zu l\u00f6sen, die Sie mit dem Tool haben k\u00f6nnten. <\/p> <\/div>","protected":false},"excerpt":{"rendered":"","protected":false},"author":9,"featured_media":0,"parent":7440,"menu_order":0,"comment_status":"closed","ping_status":"closed","template":"templates\/template-application-platform.php","meta":{"publish_to_discourse":"","publish_post_category":"","wpdc_auto_publish_overridden":"","wpdc_topic_tags":"","wpdc_pin_topic":"","wpdc_pin_until":"","discourse_post_id":"","discourse_permalink":"","wpdc_publishing_response":"","wpdc_publishing_error":"","footnotes":""},"class_list":["post-10363","page","type-page","status-publish","hentry"],"yoast_head":"<!-- This site is optimized with the Yoast SEO plugin v25.3.1 - https:\/\/yoast.com\/wordpress\/plugins\/seo\/ -->\n<title>F\u00fcgen Sie den Filialfinder zur Facebook-Seite hinzu, um Ihren Standort anzuzeigen<\/title>\n<meta name=\"description\" content=\"Integrieren Sie den Store Locator in Ihre Facebook-Seite, um die Kundenzufriedenheit zu steigern. Entdecken Sie die Demo von Elfsight, um das Widget in wenigen Minuten zu erstellen.\" \/>\n<meta name=\"robots\" content=\"index, follow, max-snippet:-1, max-image-preview:large, max-video-preview:-1\" \/>\n<link rel=\"canonical\" href=\"https:\/\/elfsight.com\/de\/store-locator-widget\/facebook-page\/\" \/>\n<meta property=\"og:locale\" content=\"de_DE\" \/>\n<meta property=\"og:type\" content=\"article\" \/>\n<meta property=\"og:title\" content=\"F\u00fcgen Sie den Filialfinder zur Facebook-Seite hinzu, um Ihren Standort anzuzeigen\" \/>\n<meta property=\"og:description\" content=\"Integrieren Sie den Store Locator in Ihre Facebook-Seite, um die Kundenzufriedenheit zu steigern. Entdecken Sie die Demo von Elfsight, um das Widget in wenigen Minuten zu erstellen.\" \/>\n<meta property=\"og:url\" content=\"https:\/\/elfsight.com\/de\/store-locator-widget\/facebook-page\/\" \/>\n<meta property=\"og:site_name\" content=\"Elfsight DE\" \/>\n<meta property=\"article:modified_time\" content=\"2024-11-07T15:01:00+00:00\" \/>\n<meta name=\"twitter:card\" content=\"summary_large_image\" \/>\n<meta name=\"twitter:label1\" content=\"Gesch\u00e4tzte Lesezeit\" \/>\n\t<meta name=\"twitter:data1\" content=\"2\u00a0Minuten\" \/>\n<!-- \/ Yoast SEO plugin. -->","yoast_head_json":{"title":"F\u00fcgen Sie den Filialfinder zur Facebook-Seite hinzu, um Ihren Standort anzuzeigen","description":"Integrieren Sie den Store Locator in Ihre Facebook-Seite, um die Kundenzufriedenheit zu steigern. Entdecken Sie die Demo von Elfsight, um das Widget in wenigen Minuten zu erstellen.","robots":{"index":"index","follow":"follow","max-snippet":"max-snippet:-1","max-image-preview":"max-image-preview:large","max-video-preview":"max-video-preview:-1"},"canonical":"https:\/\/elfsight.com\/de\/store-locator-widget\/facebook-page\/","og_locale":"de_DE","og_type":"article","og_title":"F\u00fcgen Sie den Filialfinder zur Facebook-Seite hinzu, um Ihren Standort anzuzeigen","og_description":"Integrieren Sie den Store Locator in Ihre Facebook-Seite, um die Kundenzufriedenheit zu steigern. Entdecken Sie die Demo von Elfsight, um das Widget in wenigen Minuten zu erstellen.","og_url":"https:\/\/elfsight.com\/de\/store-locator-widget\/facebook-page\/","og_site_name":"Elfsight DE","article_modified_time":"2024-11-07T15:01:00+00:00","twitter_card":"summary_large_image","twitter_misc":{"Gesch\u00e4tzte Lesezeit":"2\u00a0Minuten"},"schema":{"@context":"https:\/\/schema.org","@graph":[{"@type":"WebPage","@id":"https:\/\/elfsight.com\/de\/store-locator-widget\/facebook-page\/","url":"https:\/\/elfsight.com\/de\/store-locator-widget\/facebook-page\/","name":"F\u00fcgen Sie den Filialfinder zur Facebook-Seite hinzu, um Ihren Standort anzuzeigen","isPartOf":{"@id":"https:\/\/elfsight.com\/de\/#website"},"datePublished":"1970-01-01T00:00:00+00:00","dateModified":"2024-11-07T15:01:00+00:00","description":"Integrieren Sie den Store Locator in Ihre Facebook-Seite, um die Kundenzufriedenheit zu steigern. Entdecken Sie die Demo von Elfsight, um das Widget in wenigen Minuten zu erstellen.","breadcrumb":{"@id":"https:\/\/elfsight.com\/de\/store-locator-widget\/facebook-page\/#breadcrumb"},"inLanguage":"de","potentialAction":[{"@type":"ReadAction","target":["https:\/\/elfsight.com\/de\/store-locator-widget\/facebook-page\/"]}]},{"@type":"BreadcrumbList","@id":"https:\/\/elfsight.com\/de\/store-locator-widget\/facebook-page\/#breadcrumb","itemListElement":[{"@type":"ListItem","position":1,"name":"Home","item":"https:\/\/elfsight.com\/de\/"},{"@type":"ListItem","position":2,"name":"Store Locator","item":"https:\/\/elfsight.com\/de\/store-locator-widget\/"},{"@type":"ListItem","position":3,"name":"Store Locator &#8211; Facebook Page"}]},{"@type":"WebSite","@id":"https:\/\/elfsight.com\/de\/#website","url":"https:\/\/elfsight.com\/de\/","name":"Elfsight DE","description":"Just another Elfsight Sites site","potentialAction":[{"@type":"SearchAction","target":{"@type":"EntryPoint","urlTemplate":"https:\/\/elfsight.com\/de\/?s={search_term_string}"},"query-input":{"@type":"PropertyValueSpecification","valueRequired":true,"valueName":"search_term_string"}}],"inLanguage":"de"}]}},"meta_box":{"industry":"","seo_heading":"","heading":"","description":"","cta_heading":"","cta_description":"","application":"7436","h1":"Facebook-Seiten-Store-Locator-Widget","h1_caption":"Zeigen Sie auf Ihrer Facebook-Seite eine Karte mit mehreren Filialstandorten an, damit Ihre Kunden m\u00fchelos den n\u00e4chstgelegenen Standort finden k\u00f6nnen.","application_category":[],"applications_title":"","applications_request_title":"","applications_request_button_text":"","hero_text":"","hero_video":"","hero_video_schema_markup":"","selling_points_title":"","selling_points_caption":"","selling_points":[],"selling_points_cta_text":"","features_title":"","features":"","ed_cta_examples_text":"","ed_cta_examples_hidden":"","ed_cta_demo_text":"","ed_cta_demo_hidden":"","why_caption":"","why_editor_title":"","why_editor_text":"","why_team_title":"","why_team_text":"","why_service_title":"","why_service_text":"","template_catalog_visible":"","template_catalog_title":"","template_catalog_text":"","template_catalog_categories_visible":"","demo_title":"Erstellen Sie Ihr Store Locator-Widget","demo_caption":"Konfigurieren Sie Ihren Store Locator und f\u00fcgen Sie ihn kostenlos zu Ihrer Facebook-Seite hinzu!","default_faq_hidden":"","app_template_category":[],"platform":"216","template_public_id":"","codecanyon_url":"","codecanyon_item_id":"","codecanyon_price":"","pricing_caption":"","pricing_elfsight_apps_hide_column":"","pricing_elfsight_apps_url":"","pricing_codecanyon_price_caption":"","integration_category":[],"integration_request_title":"","integration_request_cta":"","integration_platform":"","integrations":[],"platform_category":[],"video_schema_markup":"","price":"ab 0 $ \/ Monat","trial":"","benefits":[{"text":"Kostenlose Installationshilfe"},{"text":"Effektiver Kundenservice"},{"text":"14-t\u00e4gige R\u00fcckerstattungsgarantie"},{"text":"Lebenslange Verbesserungen"}],"button_url":"#demo","button_target_blank":"","button_nofollow":"","attributes":[{"name":"Installiert","content":"10,000 - 100,000"},{"name":"Reaktionsfreudig","content":"Ja"},{"name":"Kompatible Browser","content":"Firefox, Safari, Opera, Chrome, Edge"}],"tags":[],"tags_disable_links":"","hide_more_platforms":"","video_object":"","demo_hide_cta":"","demo_hide_cloud_options":"","pricing_title":"","pricing":[{"pricing_icon":"platform","pricing_title":"Elfsight Apps","pricing_title_caption":"Multiplattform-Version, die auf jeder Site funktioniert","pricing_price":"ab 0 $ \/ Monat","pricing_price_caption":"Beginnen Sie mit einem kostenlosen Plan","pricing_benefits":[{"text":"Unbegrenzte Websites"},{"text":"Schneller Support und gut dokumentiert"},{"text":"Kostenlose Installationsunterst\u00fctzung"},{"text":"Flexibles Design"}],"pricing_button_text":"Zur Website hinzuf\u00fcgen","pricing_button_url":"#demo"}],"related_apps_title":"","related_apps_hidden":"","author":"","image":[],"title":"","job":"","social_networks":[]},"_links":{"self":[{"href":"https:\/\/elfsight.com\/de\/wp-json\/wp\/v2\/pages\/10363","targetHints":{"allow":["GET"]}}],"collection":[{"href":"https:\/\/elfsight.com\/de\/wp-json\/wp\/v2\/pages"}],"about":[{"href":"https:\/\/elfsight.com\/de\/wp-json\/wp\/v2\/types\/page"}],"author":[{"embeddable":true,"href":"https:\/\/elfsight.com\/de\/wp-json\/wp\/v2\/users\/9"}],"replies":[{"embeddable":true,"href":"https:\/\/elfsight.com\/de\/wp-json\/wp\/v2\/comments?post=10363"}],"version-history":[{"count":1,"href":"https:\/\/elfsight.com\/de\/wp-json\/wp\/v2\/pages\/10363\/revisions"}],"predecessor-version":[{"id":10367,"href":"https:\/\/elfsight.com\/de\/wp-json\/wp\/v2\/pages\/10363\/revisions\/10367"}],"up":[{"embeddable":true,"href":"https:\/\/elfsight.com\/de\/wp-json\/wp\/v2\/pages\/7440"}],"wp:attachment":[{"href":"https:\/\/elfsight.com\/de\/wp-json\/wp\/v2\/media?parent=10363"}],"curies":[{"name":"wp","href":"https:\/\/api.w.org\/{rel}","templated":true}]}}