{"id":10361,"date":"1970-01-01T00:00:00","date_gmt":"1970-01-01T00:00:00","guid":{"rendered":"https:\/\/elfsight.com\/de\/?page_id=10361"},"modified":"2025-07-10T08:26:18","modified_gmt":"2025-07-10T08:26:18","slug":"google-sites","status":"publish","type":"page","link":"https:\/\/elfsight.com\/de\/store-locator-widget\/google-sites\/","title":{"rendered":"Store Locator &#8211; Google Sites"},"content":{"rendered":"<div class=\"application-platform-content-item-description application-platform-content-item\" id=\"description\" data-nav-section=\"description\"> <h2>Einbetten des Store Locator in Google Sites mit einem Elfsight-Plugin<\/h2> <p>Der Elfsight Store Locator f\u00fcr Google Sites ist lebendig und flexibel Widget, das entwickelt wurde, um den Nutzen Ihrer Website und die Kundenbindung zu steigern, indem es Ihren Kunden einfacher denn je macht, den Weg zu Ihrem Standort zu finden. Mit einer Reihe leistungsstarker Funktionen, die auf Nutzen und Leistung zugeschnitten sind, ist dieses Widget Ihre perfekte L\u00f6sung, um Ihre physischen Gesch\u00e4ftsstandorte klar und bequem anzuzeigen. Probieren Sie es jetzt aus und bemerken Sie, wie es Ihre Website in einen wunderbaren Filialfinder verwandelt!<\/p> <p>Durch die Verwendung des Widgets steigern Sie Ihre Vertrauensw\u00fcrdigkeit bei Ihren Kunden, indem Sie detaillierte Informationen zu den physischen Standorten Ihres Unternehmens bereitstellen und ihnen so die Gewissheit geben, dass Sie etabliert sind Gegenwart. Dies k\u00f6nnte zu einer schnelleren Entscheidungsfindung und einem verbesserten Kauferlebnis bei den Besuchern f\u00fchren. <\/p><p><b>Probieren Sie den unglaublichen Filialfinder aus, um Ihren Standort und hilfreiche Gesch\u00e4ftsdaten zu teilen. Geben Sie Ihre aktuelle Adresse und relevante Informationen an, um neue Besucher im Gesch\u00e4ft anzulocken. <\/b><\/p> <\/div> <div class=\"application-platform-content-item-features application-platform-content-item\" id=\"features\" data-nav-section=\"features\"> <h2>Wir bieten wertvolle und schnelle Funktionen, sehen Sie sich einige davon an:<\/h2> <ul><li>Dynamische Standortauswahl<\/li><li>Interaktive Kartenoptionen<\/li><li>Standort-Aktionsschaltfl\u00e4chen zur Unterst\u00fctzung von Integrationen <\/li><li>Detaillierte Standortkarte bei Markierungsklick<\/li><li>Standortoperationszeit &amp; Aktivit\u00e4tsstatus<\/li><\/ul><p><a href=\"#demo\">Probieren Sie einfach diese Demo aus, um zu sehen, wie es funktioniert<\/a><\/p><\/div> <div class=\"application-platform-content-item-installation  application-platform-content-item\" id=\"installation \" data-nav-section=\"installation \"> <h2>Wie integriere ich Store Locator in meine Google Sites-Webseite?<\/h2> <p>Befolgen Sie einfach die nachstehenden Anweisungen, um das Plugin einzuf\u00fcgen. <\/p> <ol><li><b>Starten Sie unseren kostenlosen Editor und beginnen Sie mit der Erstellung Ihres personalisierten Widgets. <\/b><br> Bestimmen Sie das benutzerdefinierte Design und die Parameter des Plugins und speichern Sie die \u00c4nderungen. <\/li> <li><b>Erhalten Sie Ihren individuellen Code, der im Feld auf Elfsight Apps angezeigt wird. <\/b><br> Nachdem die Anpassung Ihres pers\u00f6nlichen Plugins abgeschlossen ist, kopieren Sie den exklusiven Code im erscheinenden Fenster und bewahren Sie ihn f\u00fcr einen sp\u00e4teren Bedarf auf. <\/li> <li><b>Beginnen Sie mit der Verwendung des Tools auf der Google Sites-Webseite. <\/b><br> F\u00fcgen Sie den zuvor gespeicherten Code in Ihre Webseite ein und speichern Sie die \u00c4nderungen. <\/li> <li><b>Fertig! Das Setup wurde erfolgreich beendet. <\/b><br> Besuchen Sie Ihre Webseite, um die Funktionsweise des Tools zu \u00fcberpr\u00fcfen. <\/li><\/ol> <p>Bei Fragen oder Problemen wenden Sie sich bitte an unser Support-Team. Unsere Mitarbeiter sind bestrebt, alle Probleme zu l\u00f6sen, die Sie m\u00f6glicherweise mit dem Produkt haben. <\/p> <\/div>","protected":false},"excerpt":{"rendered":"","protected":false},"author":9,"featured_media":0,"parent":7440,"menu_order":0,"comment_status":"closed","ping_status":"closed","template":"templates\/template-application-platform.php","meta":{"publish_to_discourse":"","publish_post_category":"","wpdc_auto_publish_overridden":"","wpdc_topic_tags":"","wpdc_pin_topic":"","wpdc_pin_until":"","discourse_post_id":"","discourse_permalink":"","wpdc_publishing_response":"","wpdc_publishing_error":"","footnotes":""},"class_list":["post-10361","page","type-page","status-publish","hentry"],"yoast_head":"<!-- This site is optimized with the Yoast SEO plugin v25.3.1 - https:\/\/yoast.com\/wordpress\/plugins\/seo\/ -->\n<title>F\u00fcgen Sie Store Locator zu Google Sites hinzu, um Ihre physischen Gesch\u00e4fte zu pr\u00e4sentieren<\/title>\n<meta name=\"description\" content=\"Integrieren Sie Store Locator in die Google Sites-Website, um die Kundenzufriedenheit zu steigern. Verwenden Sie die unkomplizierte Demo von Elfsight, um ein ansprechendes Widget zu erstellen.\" \/>\n<meta name=\"robots\" content=\"index, follow, max-snippet:-1, max-image-preview:large, max-video-preview:-1\" \/>\n<link rel=\"canonical\" href=\"https:\/\/elfsight.com\/de\/store-locator-widget\/google-sites\/\" \/>\n<meta property=\"og:locale\" content=\"de_DE\" \/>\n<meta property=\"og:type\" content=\"article\" \/>\n<meta property=\"og:title\" content=\"F\u00fcgen Sie Store Locator zu Google Sites hinzu, um Ihre physischen Gesch\u00e4fte zu pr\u00e4sentieren\" \/>\n<meta property=\"og:description\" content=\"Integrieren Sie Store Locator in die Google Sites-Website, um die Kundenzufriedenheit zu steigern. Verwenden Sie die unkomplizierte Demo von Elfsight, um ein ansprechendes Widget zu erstellen.\" \/>\n<meta property=\"og:url\" content=\"https:\/\/elfsight.com\/de\/store-locator-widget\/google-sites\/\" \/>\n<meta property=\"og:site_name\" content=\"Elfsight DE\" \/>\n<meta property=\"article:modified_time\" content=\"2025-07-10T08:26:18+00:00\" \/>\n<meta name=\"twitter:card\" content=\"summary_large_image\" \/>\n<meta name=\"twitter:label1\" content=\"Gesch\u00e4tzte Lesezeit\" \/>\n\t<meta name=\"twitter:data1\" content=\"2\u00a0Minuten\" \/>\n<!-- \/ Yoast SEO plugin. -->","yoast_head_json":{"title":"F\u00fcgen Sie Store Locator zu Google Sites hinzu, um Ihre physischen Gesch\u00e4fte zu pr\u00e4sentieren","description":"Integrieren Sie Store Locator in die Google Sites-Website, um die Kundenzufriedenheit zu steigern. Verwenden Sie die unkomplizierte Demo von Elfsight, um ein ansprechendes Widget zu erstellen.","robots":{"index":"index","follow":"follow","max-snippet":"max-snippet:-1","max-image-preview":"max-image-preview:large","max-video-preview":"max-video-preview:-1"},"canonical":"https:\/\/elfsight.com\/de\/store-locator-widget\/google-sites\/","og_locale":"de_DE","og_type":"article","og_title":"F\u00fcgen Sie Store Locator zu Google Sites hinzu, um Ihre physischen Gesch\u00e4fte zu pr\u00e4sentieren","og_description":"Integrieren Sie Store Locator in die Google Sites-Website, um die Kundenzufriedenheit zu steigern. Verwenden Sie die unkomplizierte Demo von Elfsight, um ein ansprechendes Widget zu erstellen.","og_url":"https:\/\/elfsight.com\/de\/store-locator-widget\/google-sites\/","og_site_name":"Elfsight DE","article_modified_time":"2025-07-10T08:26:18+00:00","twitter_card":"summary_large_image","twitter_misc":{"Gesch\u00e4tzte Lesezeit":"2\u00a0Minuten"},"schema":{"@context":"https:\/\/schema.org","@graph":[{"@type":"WebPage","@id":"https:\/\/elfsight.com\/de\/store-locator-widget\/google-sites\/","url":"https:\/\/elfsight.com\/de\/store-locator-widget\/google-sites\/","name":"F\u00fcgen Sie Store Locator zu Google Sites hinzu, um Ihre physischen Gesch\u00e4fte zu pr\u00e4sentieren","isPartOf":{"@id":"https:\/\/elfsight.com\/de\/#website"},"datePublished":"1970-01-01T00:00:00+00:00","dateModified":"2025-07-10T08:26:18+00:00","description":"Integrieren Sie Store Locator in die Google Sites-Website, um die Kundenzufriedenheit zu steigern. Verwenden Sie die unkomplizierte Demo von Elfsight, um ein ansprechendes Widget zu erstellen.","breadcrumb":{"@id":"https:\/\/elfsight.com\/de\/store-locator-widget\/google-sites\/#breadcrumb"},"inLanguage":"de","potentialAction":[{"@type":"ReadAction","target":["https:\/\/elfsight.com\/de\/store-locator-widget\/google-sites\/"]}]},{"@type":"BreadcrumbList","@id":"https:\/\/elfsight.com\/de\/store-locator-widget\/google-sites\/#breadcrumb","itemListElement":[{"@type":"ListItem","position":1,"name":"Home","item":"https:\/\/elfsight.com\/de\/"},{"@type":"ListItem","position":2,"name":"Store Locator","item":"https:\/\/elfsight.com\/de\/store-locator-widget\/"},{"@type":"ListItem","position":3,"name":"Store Locator &#8211; Google Sites"}]},{"@type":"WebSite","@id":"https:\/\/elfsight.com\/de\/#website","url":"https:\/\/elfsight.com\/de\/","name":"Elfsight DE","description":"Just another Elfsight Sites site","potentialAction":[{"@type":"SearchAction","target":{"@type":"EntryPoint","urlTemplate":"https:\/\/elfsight.com\/de\/?s={search_term_string}"},"query-input":{"@type":"PropertyValueSpecification","valueRequired":true,"valueName":"search_term_string"}}],"inLanguage":"de"}]}},"meta_box":{"industry":"","seo_heading":"","heading":"","description":"","cta_heading":"","cta_description":"","application":"7436","h1":"Google Sites Store Locator-Plugin","h1_caption":"Zeigen Sie eine Karte mit mehreren Filialstandorten an, damit Ihre Kunden in Ihren Google Sites m\u00fchelos den n\u00e4chstgelegenen Standort finden k\u00f6nnen.","application_category":[],"applications_title":"","applications_request_title":"","applications_request_button_text":"","hero_text":"","hero_video":"","hero_video_schema_markup":"","selling_points_title":"","selling_points_caption":"","selling_points":[],"selling_points_cta_text":"","features_title":"","features":"","ed_cta_examples_text":"","ed_cta_examples_hidden":"","ed_cta_demo_text":"","ed_cta_demo_hidden":"","why_caption":"","why_editor_title":"","why_editor_text":"","why_team_title":"","why_team_text":"","why_service_title":"","why_service_text":"","template_catalog_visible":"","template_catalog_title":"","template_catalog_text":"","template_catalog_categories_visible":"","demo_title":"Erstellen Sie Ihr Store Locator-Widget","demo_caption":"Konfigurieren Sie Ihren Store Locator und f\u00fcgen Sie ihn kostenlos zu Ihrer Google Sites-Website hinzu!","default_faq_hidden":"","app_template_category":[],"platform":"3000","template_public_id":"","codecanyon_url":"","codecanyon_item_id":"","codecanyon_price":"","pricing_caption":"","pricing_elfsight_apps_hide_column":"","pricing_elfsight_apps_url":"","pricing_codecanyon_price_caption":"","integration_category":[],"integration_request_title":"","integration_request_cta":"","integration_platform":"","integrations":[],"platform_category":[],"video_schema_markup":"","price":"ab 0 $ \/ Monat","trial":"","benefits":[{"text":"Kostenloser Installationsservice"},{"text":"Kompetenter Kundenservice"},{"text":"14-t\u00e4gige R\u00fcckerstattungsgarantie"},{"text":"Fortlaufende Entwicklung"}],"button_url":"#demo","button_target_blank":"","button_nofollow":"","attributes":[{"name":"Installiert","content":"10,000 - 100,000"},{"name":"Reaktionsfreudig","content":"Ja"},{"name":"Kompatible Browser","content":"Firefox, Safari, Opera, Chrome, Edge"}],"tags":[],"tags_disable_links":"","hide_more_platforms":"","video_object":"","demo_hide_cta":"","demo_hide_cloud_options":"","pricing_title":"","pricing":[{"pricing_icon":"platform","pricing_title":"Elfsight Apps","pricing_title_caption":"Plattform\u00fcbergreifende digitale L\u00f6sung, die f\u00fcr jeden Standort geeignet ist","pricing_price":"ab 0 $ \/ Monat","pricing_price_caption":"Beginnen Sie mit einem kostenlosen Plan","pricing_benefits":[{"text":"Unbegrenzte Domains"},{"text":"Schneller Support und gut dokumentiert"},{"text":"Kostenlose Installationsunterst\u00fctzung"},{"text":"Vollst\u00e4ndig anpassbar"}],"pricing_button_text":"Zur Website hinzuf\u00fcgen","pricing_button_url":"#demo"}],"related_apps_title":"","related_apps_hidden":"","author":"","image":[],"title":"","job":"","social_networks":[]},"_links":{"self":[{"href":"https:\/\/elfsight.com\/de\/wp-json\/wp\/v2\/pages\/10361","targetHints":{"allow":["GET"]}}],"collection":[{"href":"https:\/\/elfsight.com\/de\/wp-json\/wp\/v2\/pages"}],"about":[{"href":"https:\/\/elfsight.com\/de\/wp-json\/wp\/v2\/types\/page"}],"author":[{"embeddable":true,"href":"https:\/\/elfsight.com\/de\/wp-json\/wp\/v2\/users\/9"}],"replies":[{"embeddable":true,"href":"https:\/\/elfsight.com\/de\/wp-json\/wp\/v2\/comments?post=10361"}],"version-history":[{"count":1,"href":"https:\/\/elfsight.com\/de\/wp-json\/wp\/v2\/pages\/10361\/revisions"}],"predecessor-version":[{"id":10365,"href":"https:\/\/elfsight.com\/de\/wp-json\/wp\/v2\/pages\/10361\/revisions\/10365"}],"up":[{"embeddable":true,"href":"https:\/\/elfsight.com\/de\/wp-json\/wp\/v2\/pages\/7440"}],"wp:attachment":[{"href":"https:\/\/elfsight.com\/de\/wp-json\/wp\/v2\/media?parent=10361"}],"curies":[{"name":"wp","href":"https:\/\/api.w.org\/{rel}","templated":true}]}}