{"id":10356,"date":"1970-01-01T00:00:00","date_gmt":"1970-01-01T00:00:00","guid":{"rendered":"https:\/\/elfsight.com\/de\/?page_id=10356"},"modified":"2025-07-10T08:26:23","modified_gmt":"2025-07-10T08:26:23","slug":"html","status":"publish","type":"page","link":"https:\/\/elfsight.com\/de\/store-locator-widget\/html\/","title":{"rendered":"Store Locator &#8211; HTML"},"content":{"rendered":"<div class=\"application-platform-content-item-description application-platform-content-item\" id=\"description\" data-nav-section=\"description\"> <h2>Store Locator mit einem Elfsight-Widget in HTML einbetten<\/h2> <p>Der Elfsight Store Locator f\u00fcr HTML ist ein leistungsstarkes und flexibles Widget um den Komfort und die Kundenbindung Ihrer Website zu steigern, indem Sie es Ihren Kunden einfacher denn je machen, den Weg zu Ihren Gesch\u00e4ften zu finden. Mit einer Reihe leistungsstarker Funktionen f\u00fcr Effizienz und Leistung ist dieses Widget Ihre L\u00f6sung der Wahl, um Ihre physischen Gesch\u00e4ftsstandorte klar und bequem anzuzeigen. F\u00fcgen Sie es gleich jetzt hinzu und sehen Sie, wie es Ihre Website in einen wunderbaren Filialfinder verwandelt!<\/p> <p>Durch die Integration des Widgets erh\u00f6hen Sie Ihre Vertrauensw\u00fcrdigkeit bei Besuchern, indem Sie detaillierte Informationen zu den physischen Standorten Ihres Unternehmens bereitstellen und diese so von Ihrem Gesch\u00e4ft \u00fcberzeugen solide Pr\u00e4senz. Dies wird zu einer besseren Entscheidungsfindung und einem verbesserten Kauferlebnis bei den Kunden f\u00fchren. <\/p><p><b>Betten Sie den au\u00dfergew\u00f6hnlichen Filialfinder ein, um Ihren Standort und wichtige Unternehmensdaten zu teilen. Heben Sie Ihre aktuelle Adresse und n\u00fctzliche Informationen hervor, um zus\u00e4tzliche Kunden im Gesch\u00e4ft zu gewinnen. <\/b><\/p><\/div> <div class=\"application-platform-content-item-features application-platform-content-item\" id=\"features\" data-nav-section=\"features\"> <h2>Im Folgenden sind wesentliche Funktionen des Widgets aufgef\u00fchrt:<\/h2> <ul><li>M\u00fchelose Adressauswahl<\/li><li>Interaktive Karteneigenschaften<\/li><li>Standortaktionsschaltfl\u00e4chen mit Integrationen aktiviert<\/li><li>Einfache Standortkarte beim Klicken auf eine Markierung<\/li><li>Standort-Gesch\u00e4ftszeiten &amp; offener Status<\/li><\/ul><p><a href=\"#demo\">Sie k\u00f6nnen die volle Funktionalit\u00e4t des Widgets in der Demo ausprobieren <\/a><\/p> <\/div> <div class=\"application-platform-content-item-Installation application-platform-content-item\" id=\"Installation\" data-nav-section=\"Installation\"> <h2>Wie kann ich Store Locator in meine HTML-Webseite einbetten?<\/h2> <p>Befolgen Sie einfach die folgenden Richtlinien, um das Widget einzubetten. <\/p> <ol><li><b>Nutzen Sie unseren kostenlosen Editor und beginnen Sie mit der Gestaltung Ihres einzigartigen Instruments. <\/b><br> Suchen Sie das ausgew\u00e4hlte Design und die ausgew\u00e4hlten Aspekte des Widgets und wenden Sie die \u00c4nderungen an. <\/li> <li><b>Kopieren Sie Ihren individuellen Code, der im Fenster von Elfsight Apps angezeigt wird. <\/b><br> Sobald die Erstellung Ihres pers\u00f6nlichen Tools abgeschlossen ist, kopieren Sie den individuellen Code im erscheinenden Fenster und bewahren Sie ihn f\u00fcr einen sp\u00e4teren Bedarf auf. <\/li> <li><b>Erste Schritte mit der Verwendung des Widgets auf Ihrer HTML-Website. <\/b><br> Betten Sie den zuvor kopierten Code in Ihre Homepage ein und speichern Sie die \u00c4nderungen. <\/li> <li><b>Das Setup ist vollst\u00e4ndig beendet. <\/b><br> Gehen Sie auf Ihre Website, um die Funktion des Plugins zu \u00fcberpr\u00fcfen. <\/li><\/ol> <p>Sollten Sie auf Komplikationen sto\u00dfen, z\u00f6gern Sie nicht, sich an unser Kundendienstteam zu wenden. Unsere Spezialisten helfen Ihnen gerne bei allen Fragen rund um das Produkt weiter. <\/p><\/div>","protected":false},"excerpt":{"rendered":"","protected":false},"author":9,"featured_media":0,"parent":7440,"menu_order":0,"comment_status":"closed","ping_status":"closed","template":"templates\/template-application-platform.php","meta":{"publish_to_discourse":"","publish_post_category":"","wpdc_auto_publish_overridden":"","wpdc_topic_tags":"","wpdc_pin_topic":"","wpdc_pin_until":"","discourse_post_id":"","discourse_permalink":"","wpdc_publishing_response":"","wpdc_publishing_error":"","footnotes":""},"class_list":["post-10356","page","type-page","status-publish","hentry"],"yoast_head":"<!-- This site is optimized with the Yoast SEO plugin v25.3.1 - https:\/\/yoast.com\/wordpress\/plugins\/seo\/ -->\n<title>Integrieren Sie den Store Locator, um mehr Kunden im Gesch\u00e4ft anzulocken<\/title>\n<meta name=\"description\" content=\"F\u00fcgen Sie HTML-Websites einen anpassbaren Store Locator hinzu, um die Glaubw\u00fcrdigkeit zu erh\u00f6hen. Nutzen Sie eine praktische Demo von Elfsight, um das ansprechende Widget zu erstellen.\" \/>\n<meta name=\"robots\" content=\"index, follow, max-snippet:-1, max-image-preview:large, max-video-preview:-1\" \/>\n<link rel=\"canonical\" href=\"https:\/\/elfsight.com\/de\/store-locator-widget\/html\/\" \/>\n<meta property=\"og:locale\" content=\"de_DE\" \/>\n<meta property=\"og:type\" content=\"article\" \/>\n<meta property=\"og:title\" content=\"Integrieren Sie den Store Locator, um mehr Kunden im Gesch\u00e4ft anzulocken\" \/>\n<meta property=\"og:description\" content=\"F\u00fcgen Sie HTML-Websites einen anpassbaren Store Locator hinzu, um die Glaubw\u00fcrdigkeit zu erh\u00f6hen. Nutzen Sie eine praktische Demo von Elfsight, um das ansprechende Widget zu erstellen.\" \/>\n<meta property=\"og:url\" content=\"https:\/\/elfsight.com\/de\/store-locator-widget\/html\/\" \/>\n<meta property=\"og:site_name\" content=\"Elfsight DE\" \/>\n<meta property=\"article:modified_time\" content=\"2025-07-10T08:26:23+00:00\" \/>\n<meta name=\"twitter:card\" content=\"summary_large_image\" \/>\n<meta name=\"twitter:label1\" content=\"Gesch\u00e4tzte Lesezeit\" \/>\n\t<meta name=\"twitter:data1\" content=\"2\u00a0Minuten\" \/>\n<!-- \/ Yoast SEO plugin. -->","yoast_head_json":{"title":"Integrieren Sie den Store Locator, um mehr Kunden im Gesch\u00e4ft anzulocken","description":"F\u00fcgen Sie HTML-Websites einen anpassbaren Store Locator hinzu, um die Glaubw\u00fcrdigkeit zu erh\u00f6hen. Nutzen Sie eine praktische Demo von Elfsight, um das ansprechende Widget zu erstellen.","robots":{"index":"index","follow":"follow","max-snippet":"max-snippet:-1","max-image-preview":"max-image-preview:large","max-video-preview":"max-video-preview:-1"},"canonical":"https:\/\/elfsight.com\/de\/store-locator-widget\/html\/","og_locale":"de_DE","og_type":"article","og_title":"Integrieren Sie den Store Locator, um mehr Kunden im Gesch\u00e4ft anzulocken","og_description":"F\u00fcgen Sie HTML-Websites einen anpassbaren Store Locator hinzu, um die Glaubw\u00fcrdigkeit zu erh\u00f6hen. Nutzen Sie eine praktische Demo von Elfsight, um das ansprechende Widget zu erstellen.","og_url":"https:\/\/elfsight.com\/de\/store-locator-widget\/html\/","og_site_name":"Elfsight DE","article_modified_time":"2025-07-10T08:26:23+00:00","twitter_card":"summary_large_image","twitter_misc":{"Gesch\u00e4tzte Lesezeit":"2\u00a0Minuten"},"schema":{"@context":"https:\/\/schema.org","@graph":[{"@type":"WebPage","@id":"https:\/\/elfsight.com\/de\/store-locator-widget\/html\/","url":"https:\/\/elfsight.com\/de\/store-locator-widget\/html\/","name":"Integrieren Sie den Store Locator, um mehr Kunden im Gesch\u00e4ft anzulocken","isPartOf":{"@id":"https:\/\/elfsight.com\/de\/#website"},"datePublished":"1970-01-01T00:00:00+00:00","dateModified":"2025-07-10T08:26:23+00:00","description":"F\u00fcgen Sie HTML-Websites einen anpassbaren Store Locator hinzu, um die Glaubw\u00fcrdigkeit zu erh\u00f6hen. Nutzen Sie eine praktische Demo von Elfsight, um das ansprechende Widget zu erstellen.","breadcrumb":{"@id":"https:\/\/elfsight.com\/de\/store-locator-widget\/html\/#breadcrumb"},"inLanguage":"de","potentialAction":[{"@type":"ReadAction","target":["https:\/\/elfsight.com\/de\/store-locator-widget\/html\/"]}]},{"@type":"BreadcrumbList","@id":"https:\/\/elfsight.com\/de\/store-locator-widget\/html\/#breadcrumb","itemListElement":[{"@type":"ListItem","position":1,"name":"Home","item":"https:\/\/elfsight.com\/de\/"},{"@type":"ListItem","position":2,"name":"Store Locator","item":"https:\/\/elfsight.com\/de\/store-locator-widget\/"},{"@type":"ListItem","position":3,"name":"Store Locator &#8211; HTML"}]},{"@type":"WebSite","@id":"https:\/\/elfsight.com\/de\/#website","url":"https:\/\/elfsight.com\/de\/","name":"Elfsight DE","description":"Just another Elfsight Sites site","potentialAction":[{"@type":"SearchAction","target":{"@type":"EntryPoint","urlTemplate":"https:\/\/elfsight.com\/de\/?s={search_term_string}"},"query-input":{"@type":"PropertyValueSpecification","valueRequired":true,"valueName":"search_term_string"}}],"inLanguage":"de"}]}},"meta_box":{"industry":"","seo_heading":"","heading":"","description":"","cta_heading":"","cta_description":"","application":"7436","h1":"HTML Store Locator-Widget","h1_caption":"Zeigen Sie eine Karte mit mehreren Filialstandorten an, damit Ihre Kunden m\u00fchelos den n\u00e4chstgelegenen Standort auf Ihrer HTML-Website finden k\u00f6nnen.","application_category":[],"applications_title":"","applications_request_title":"","applications_request_button_text":"","hero_text":"","hero_video":"","hero_video_schema_markup":"","selling_points_title":"","selling_points_caption":"","selling_points":[],"selling_points_cta_text":"","features_title":"","features":"","ed_cta_examples_text":"","ed_cta_examples_hidden":"","ed_cta_demo_text":"","ed_cta_demo_hidden":"","why_caption":"","why_editor_title":"","why_editor_text":"","why_team_title":"","why_team_text":"","why_service_title":"","why_service_text":"","template_catalog_visible":"","template_catalog_title":"","template_catalog_text":"","template_catalog_categories_visible":"","demo_title":"Erstellen Sie Ihr Store Locator-Widget","demo_caption":"Konfigurieren Sie Ihren Store Locator und f\u00fcgen Sie ihn kostenlos zu Ihrer HTML-Website hinzu!","default_faq_hidden":"","app_template_category":[],"platform":"260","template_public_id":"","codecanyon_url":"","codecanyon_item_id":"","codecanyon_price":"","pricing_caption":"","pricing_elfsight_apps_hide_column":"","pricing_elfsight_apps_url":"","pricing_codecanyon_price_caption":"","integration_category":[],"integration_request_title":"","integration_request_cta":"","integration_platform":"","integrations":[],"platform_category":[],"video_schema_markup":"","price":"ab 0 $ \/ Monat","trial":"","benefits":[{"text":"Kostenlose Installationsunterst\u00fctzung"},{"text":"Kompetenter Kundenservice"},{"text":"14-t\u00e4gige Geld-zur\u00fcck-Garantie"},{"text":"Fortlaufende Entwicklung"}],"button_url":"#demo","button_target_blank":"","button_nofollow":"","attributes":[{"name":"Installiert","content":"10,000 - 100,000"},{"name":"Reaktionsfreudig","content":"Ja"},{"name":"Kompatible Browser","content":"Firefox, Safari, Opera, Chrome, Edge"}],"tags":[],"tags_disable_links":"","hide_more_platforms":"","video_object":"","demo_hide_cta":"","demo_hide_cloud_options":"","pricing_title":"","pricing":[{"pricing_icon":"platform","pricing_title":"Elfsight Apps","pricing_title_caption":"Plattformunabh\u00e4ngige Version, die auf jeder Site funktioniert","pricing_price":"ab 0 $ \/ Monat","pricing_price_caption":"Beginnen Sie mit einem kostenlosen Plan","pricing_benefits":[{"text":"Unbegrenzte Websites"},{"text":"Schnelle Unternehmensunterst\u00fctzung und gut dokumentiert"},{"text":"Kostenloser Installationssupport"},{"text":"Vollst\u00e4ndig anpassbar"}],"pricing_button_text":"Zur Website hinzuf\u00fcgen","pricing_button_url":"#demo"}],"related_apps_title":"","related_apps_hidden":"","author":"","image":[],"title":"","job":"","social_networks":[]},"_links":{"self":[{"href":"https:\/\/elfsight.com\/de\/wp-json\/wp\/v2\/pages\/10356","targetHints":{"allow":["GET"]}}],"collection":[{"href":"https:\/\/elfsight.com\/de\/wp-json\/wp\/v2\/pages"}],"about":[{"href":"https:\/\/elfsight.com\/de\/wp-json\/wp\/v2\/types\/page"}],"author":[{"embeddable":true,"href":"https:\/\/elfsight.com\/de\/wp-json\/wp\/v2\/users\/9"}],"replies":[{"embeddable":true,"href":"https:\/\/elfsight.com\/de\/wp-json\/wp\/v2\/comments?post=10356"}],"version-history":[{"count":1,"href":"https:\/\/elfsight.com\/de\/wp-json\/wp\/v2\/pages\/10356\/revisions"}],"predecessor-version":[{"id":10360,"href":"https:\/\/elfsight.com\/de\/wp-json\/wp\/v2\/pages\/10356\/revisions\/10360"}],"up":[{"embeddable":true,"href":"https:\/\/elfsight.com\/de\/wp-json\/wp\/v2\/pages\/7440"}],"wp:attachment":[{"href":"https:\/\/elfsight.com\/de\/wp-json\/wp\/v2\/media?parent=10356"}],"curies":[{"name":"wp","href":"https:\/\/api.w.org\/{rel}","templated":true}]}}